{"id":340039,"date":"2022-06-21T04:26:16","date_gmt":"2022-06-21T11:26:16","guid":{"rendered":"https:\/\/www.santamonica.com\/?page_id=340039"},"modified":"2025-09-08T07:26:10","modified_gmt":"2025-09-08T14:26:10","slug":"por-que-santa-monica","status":"publish","type":"page","link":"https:\/\/www.santamonica.com\/pt\/travel-trade\/why-santa-monica\/","title":{"rendered":"Por que Santa M\u00f4nica"},"content":{"rendered":"<section class=\"sun-title sm-block --theme6 sm-block\">\n            <h2 class=\"sun-title__headline\">Como experimentar de verdade a praia de Santa M\u00f4nica<\/h2>    \n            <div class=\"sun-title__body  wysiwyg\">\n                    <p>Empoleirada no Oceano Pac\u00edfico e situada ao longo de tr\u00eas milhas e meia de litoral reluzente, a cidade de Santa Monica, \u00e0 beira-mar, apresenta infinitas oportunidades para que seus clientes realmente adotem o estilo de vida de Santa Monica e a grande variedade de atividades \u00e0 beira-mar que o acompanham. Quando combinada com o clima ameno e agrad\u00e1vel de Santa Monica durante todo o ano e com mais de 280 dias de sol por ano, n\u00e3o \u00e9 surpresa que a National Geographic tenha listado Santa Monica como uma das \u201cDez principais cidades de praia do mundo\u201d e que esse lugar tenha algumas das\u00a0<a title=\"Visitando a praia de Santa M\u00f4nica\" href=\"https:\/\/www.santamonica.com\/pt\/coisas-para-fazer\/praia-de-santa-monica\/\">As melhores atividades na praia<\/a>\u00a0dispon\u00edvel para aqueles que pisam em sua costa.\u00a0<a href=\"https:\/\/www.santamonica.com\/pt\/coisas-para-fazer\/video-360-uma-visita-a-santa-monica\/\">Explore Santa Monica por meio da realidade virtual (VR).<\/a><\/p>\n                        <\/div>\n    <\/section>\n\n\n\n<section class=\"image-section-break sm-block\">\n    <div class=\"image-section-break__image-wrapper\">\n                    <picture>\n                    <source\n                        media=\"(min-width: 768px)\"\n                        srcset=\"https:\/\/www.santamonica.com\/wp-content\/uploads\/2022\/06\/the-penthouse-santa-monica-scaled.jpg\"\n                    >\n                    <img decoding=\"async\" src=\"https:\/\/www.santamonica.com\/wp-content\/uploads\/2022\/06\/the-penthouse-santa-monica-scaled.jpg\" class=\"image-section-break__image\" alt=\"The Penthouse Santa Monica\" title=\"\">\n            <\/picture>\n                \n\n            <a href=\"https:\/\/www.santamonica.com\/pt\/restaurantes\/a-cobertura\/\"  class=\"img-lctn-tag --right\">\n            <div class=\"img-lctn-tag-inside-link image-section-break__image-caption right\">A cobertura<\/div>\n        <\/a>\n        <\/div>\n    <div class=\"image-section-break__text-content\">\n        <div class=\"image-section-break__first-content --theme3\">\n                                        <h2 class=\"image-section-break__title\">Um gostinho das experi\u00eancias culin\u00e1rias de Santa M\u00f4nica<\/h2>\n                                        <div class=\"image-section-break__body-copy wysiwyg\"><p>Santa Monica \u00e9 um destino culin\u00e1rio internacional e permanece no topo do ranking da gastronomia americana gra\u00e7as a seus muitos chefs famosos e aos novos inovadores culin\u00e1rios que continuam a revigorar a regi\u00e3o.\u00a0<a title=\"Alimentos e bebidas\" href=\"https:\/\/www.santamonica.com\/pt\/restaurantes\/\">cena gastron\u00f4mica da cidade<\/a>.<\/p>\n<\/div>\n                                <\/div>\n        <div class=\"image-section-break__second-content\">\n                            <div class=\"image-section-break__body-copy wysiwyg\"><p>Santa Monica estava na vanguarda do movimento de alimentos locais muito antes de ele se tornar popular, e o uso de ingredientes sustent\u00e1veis e org\u00e2nicos \u00e9 fundamental para a abordagem culin\u00e1ria dos principais chefs da cidade. <a href=\"https:\/\/www.santamonica.com\/pt\/reunioes-convencoes\/jantar-em-grupo\/\">Explore as op\u00e7\u00f5es de refei\u00e7\u00f5es em grupo.<\/a><\/p>\n<\/div>\n                                <\/div>\n    <\/div>\n<\/section>\n\n\n\n<section class=\"two-images container-max sm-block  sm-block\">\n    <div class=\"two-images__container\">\n\n        <div class=\"two-images__column\">\n            <div class=\"two-images__content\">\n                <div class=\"two-images__content-header-container\">\n                                            <h2 class=\"two-images__content-header\">Ref\u00fagio na praia com um pouco de hist\u00f3ria<\/h2>                                    <\/div>\n                                    <div class=\"two-images__content-body wysiwyg\">\n                        <p>Santa Monica vem conquistando seu lugar na hist\u00f3ria como um dos destinos de praia mais queridos do mundo desde sua cria\u00e7\u00e3o em 1875, quando o fundador de Santa Monica, John P. Jones, comprou e planejou as 8,3 milhas quadradas da cidade. Desde a inaugura\u00e7\u00e3o do primeiro p\u00eder de recreio no Oeste em 1909, passando por se tornar um playground para os astros de Hollywood e lar da mania internacional de fitness na d\u00e9cada de 1920, at\u00e9 o nascimento de uma lend\u00e1ria cole\u00e7\u00e3o de hot\u00e9is na d\u00e9cada de 1980, a rica hist\u00f3ria de Santa Monica continua a influenciar a charmosa cidade litor\u00e2nea que se tornou um destino de viagem favorito para pessoas de todo o mundo.<\/p>\n                    <\/div>\n                                            <\/div>\n        <\/div>\n\n        <div class=\"two-images__column\">\n                            <div class=\"two-images__image-container\">\n                    <img decoding=\"async\" width=\"424\" height=\"504\" src=\"https:\/\/www.santamonica.com\/wp-content\/uploads\/2022\/08\/shutters-on-the-beach424x504.jpg\" class=\"two-images__image\" alt=\"Olhando para baixo da sala de jantar do hotel para abrir as portas duplas; duas cadeiras de pel\u00facia colocadas no deck externo com mesa e rosas; praia ao fundo; jantar ao p\u00f4r do sol\" loading=\"lazy\" srcset=\"https:\/\/www.santamonica.com\/wp-content\/uploads\/2022\/08\/shutters-on-the-beach424x504.jpg 424w, https:\/\/www.santamonica.com\/wp-content\/uploads\/2022\/08\/shutters-on-the-beach424x504-252x300.jpg 252w, https:\/\/www.santamonica.com\/wp-content\/uploads\/2022\/08\/shutters-on-the-beach424x504-126x150.jpg 126w\" sizes=\"auto, (max-width: 424px) 100vw, 424px\" title=\"\">                    \n\n                <\/div>\n                    <\/div>\n\n        <div class=\"two-images__column\">\n                            <div class=\"two-images__image-container\">\n                    <img decoding=\"async\" width=\"600\" height=\"464\" src=\"https:\/\/www.santamonica.com\/wp-content\/uploads\/2022\/07\/Beach600x464.jpg\" class=\"two-images__image\" alt=\"Praia de Santa M\u00f4nica\" loading=\"lazy\" srcset=\"https:\/\/www.santamonica.com\/wp-content\/uploads\/2022\/07\/Beach600x464.jpg 600w, https:\/\/www.santamonica.com\/wp-content\/uploads\/2022\/07\/Beach600x464-300x232.jpg 300w, https:\/\/www.santamonica.com\/wp-content\/uploads\/2022\/07\/Beach600x464-194x150.jpg 194w\" sizes=\"auto, (max-width: 600px) 100vw, 600px\" title=\"\">                    \n\n                <\/div>\n                    <\/div>\n\n    <\/div>\n<\/section>\n\n\n\n<section class=\"two-images container-max sm-block --flip sm-block\">\n    <div class=\"two-images__container --flip\">\n\n        <div class=\"two-images__column\">\n            <div class=\"two-images__content\">\n                <div class=\"two-images__content-header-container\">\n                                            <h2 class=\"two-images__content-header\">Incentivo de Santa Monica no seu melhor<\/h2>                                    <\/div>\n                                    <div class=\"two-images__content-body wysiwyg\">\n                        <section class=\"content-block\">\n<div class=\"width-restrict --content\">\n<article class=\"post-content \/ subpage-intro\">\n<div class=\"subpage-intro__content wizzywig\">\n<p>A mistura de beleza natural de Santa Monica, restaurantes premiados e op\u00e7\u00f5es incompar\u00e1veis de hot\u00e9is e lojas criam o destino perfeito para grupos se deleitarem no colo do luxo. Seja no luxo de um dos\u00a0<a title=\"Hot\u00e9is\" href=\"https:\/\/www.santamonica.com\/pt\/hoteis\/\">propriedades hoteleiras premium da cidade<\/a>, Seja jogando golfe em um dos campos pr\u00f3ximos ou passando um dia sendo mimado em um luxuoso spa, esse trecho ic\u00f4nico da costa da Calif\u00f3rnia \u00e9 o local ideal para que seus participantes vivenciem o melhor do sul da Calif\u00f3rnia.<\/p>\n<\/div>\n<\/article>\n<\/div>\n<\/section>\n                    <\/div>\n                                            <\/div>\n        <\/div>\n\n        <div class=\"two-images__column\">\n                            <div class=\"two-images__image-container\">\n                    <img decoding=\"async\" width=\"937\" height=\"700\" src=\"https:\/\/www.santamonica.com\/wp-content\/uploads\/2022\/06\/the-ambrose-hotel-premium-hotels.jpg\" class=\"two-images__image\" alt=\"The Ambrose Hotel Hot\u00e9is Premium\" loading=\"lazy\" srcset=\"https:\/\/www.santamonica.com\/wp-content\/uploads\/2022\/06\/the-ambrose-hotel-premium-hotels.jpg 937w, https:\/\/www.santamonica.com\/wp-content\/uploads\/2022\/06\/the-ambrose-hotel-premium-hotels-300x224.jpg 300w, https:\/\/www.santamonica.com\/wp-content\/uploads\/2022\/06\/the-ambrose-hotel-premium-hotels-201x150.jpg 201w, https:\/\/www.santamonica.com\/wp-content\/uploads\/2022\/06\/the-ambrose-hotel-premium-hotels-768x574.jpg 768w\" sizes=\"auto, (max-width: 937px) 100vw, 937px\" title=\"\">                    \n\n                <\/div>\n                    <\/div>\n\n        <div class=\"two-images__column\">\n                            <div class=\"two-images__image-container\">\n                    <img decoding=\"async\" width=\"650\" height=\"866\" src=\"https:\/\/www.santamonica.com\/wp-content\/uploads\/2022\/06\/ocean-santa-monica-hotels-premium-expereince.jpg\" class=\"two-images__image\" alt=\"Experi\u00eancia Premium do Oceana Hotel\" loading=\"lazy\" srcset=\"https:\/\/www.santamonica.com\/wp-content\/uploads\/2022\/06\/ocean-santa-monica-hotels-premium-expereince.jpg 650w, https:\/\/www.santamonica.com\/wp-content\/uploads\/2022\/06\/ocean-santa-monica-hotels-premium-expereince-225x300.jpg 225w, https:\/\/www.santamonica.com\/wp-content\/uploads\/2022\/06\/ocean-santa-monica-hotels-premium-expereince-113x150.jpg 113w\" sizes=\"auto, (max-width: 650px) 100vw, 650px\" title=\"\">                    \n\n                <\/div>\n                    <\/div>\n\n    <\/div>\n<\/section>\n\n\n\n<div class=\"wp-block-columns is-layout-flex wp-container-core-columns-is-layout-28f84493 wp-block-columns-is-layout-flex base-block\">\n<div class=\"wp-block-column is-layout-flow wp-block-column-is-layout-flow base-block\">\n<figure class=\"wp-block-image size-full base-block\"><img decoding=\"async\" width=\"200\" height=\"140\" src=\"https:\/\/www.santamonica.com\/wp-content\/uploads\/2022\/06\/Travel_USA_.png\" alt=\"Viagem Vist USA\" class=\"wp-image-340158\" title=\"\"><\/figure>\n\n\n<\/figure><\/div>\n\n\n\n<div class=\"wp-block-column is-layout-flow wp-block-column-is-layout-flow base-block\">\n<figure class=\"wp-block-image size-large is-resized base-block\"><img decoding=\"async\" width=\"1024\" height=\"321\" src=\"https:\/\/www.santamonica.com\/wp-content\/uploads\/2022\/06\/Visit-California-Travel-Logo-1024x321.png\" alt=\"\" class=\"wp-image-340161\" style=\"width:292px;height:92px\" title=\"\" srcset=\"https:\/\/www.santamonica.com\/wp-content\/uploads\/2022\/06\/Visit-California-Travel-Logo-1024x321.png 1024w, https:\/\/www.santamonica.com\/wp-content\/uploads\/2022\/06\/Visit-California-Travel-Logo-300x94.png 300w, https:\/\/www.santamonica.com\/wp-content\/uploads\/2022\/06\/Visit-California-Travel-Logo-270x85.png 270w, https:\/\/www.santamonica.com\/wp-content\/uploads\/2022\/06\/Visit-California-Travel-Logo-768x241.png 768w, https:\/\/www.santamonica.com\/wp-content\/uploads\/2022\/06\/Visit-California-Travel-Logo-1536x481.png 1536w, https:\/\/www.santamonica.com\/wp-content\/uploads\/2022\/06\/Visit-California-Travel-Logo-2048x642.png 2048w\" sizes=\"(max-width: 1024px) 100vw, 1024px\" \/><\/figure>\n\n\n<\/figure><\/div>\n<\/div>\n\n\n<section class=\"meetings-contact-us sm-block\">\n    <div class=\"meetings-contact-us__inner\">\n        <div class=\"meetings-contact-us__image-wrap\">\n            <img decoding=\"async\" width=\"1024\" height=\"304\" src=\"https:\/\/www.santamonica.com\/wp-content\/uploads\/2022\/07\/Help1280x380-1024x304.jpg\" class=\"attachment-large size-large\" alt=\"Imagem do pr\u00e9dio do centro de visitantes; pr\u00e9dio cinza com placa de informa\u00e7\u00f5es acima\" srcset=\"https:\/\/www.santamonica.com\/wp-content\/uploads\/2022\/07\/Help1280x380-1024x304.jpg 1024w, https:\/\/www.santamonica.com\/wp-content\/uploads\/2022\/07\/Help1280x380-300x89.jpg 300w, https:\/\/www.santamonica.com\/wp-content\/uploads\/2022\/07\/Help1280x380-270x80.jpg 270w, https:\/\/www.santamonica.com\/wp-content\/uploads\/2022\/07\/Help1280x380-768x228.jpg 768w, https:\/\/www.santamonica.com\/wp-content\/uploads\/2022\/07\/Help1280x380.jpg 1280w\" sizes=\"(max-width: 1024px) 100vw, 1024px\" title=\"\">        <\/div>\n        <div class=\"meetings-contact-us__body\">\n            <h1 class=\"meetings-contact-us__heading\">\n                Tem d\u00favidas?            <\/h1>\n            <p class=\"meetings-contact-us__intro\">\n                Sinta-se apoiado ao entrar em contato com a equipe de especialistas da Santa Monica Travel &amp; Tourism hoje mesmo!            <\/p>\n            <div class=\"meetings-contact-us__phone-numbers wysiwyg\">\n                                                            <\/div>\n            <div class=\"meetings-contact-us__ctas\">\n                                            <a class=\"meetings-contact-us__primary-cta\" href=\"https:\/\/www.santamonica.com\/pt\/comercio-de-viagens\/contato-com-vendas\/\">Entre em contato conosco<\/a>\n                                                    <\/div>\n        <\/div>\n    <\/div>\n\n<\/section>","protected":false},"excerpt":{"rendered":"","protected":false},"author":1450,"featured_media":343993,"parent":0,"menu_order":0,"comment_status":"closed","ping_status":"closed","template":"template-meetings-editorial-detail.php","meta":{"_acf_changed":false,"inline_featured_image":false,"footnotes":""},"silos":[3908],"class_list":["post-340039","page","type-page","status-publish","has-post-thumbnail","hentry"],"acf":[],"_links":{"self":[{"href":"https:\/\/www.santamonica.com\/pt\/wp-json\/wp\/v2\/pages\/340039","targetHints":{"allow":["GET"]}}],"collection":[{"href":"https:\/\/www.santamonica.com\/pt\/wp-json\/wp\/v2\/pages"}],"about":[{"href":"https:\/\/www.santamonica.com\/pt\/wp-json\/wp\/v2\/types\/page"}],"author":[{"embeddable":true,"href":"https:\/\/www.santamonica.com\/pt\/wp-json\/wp\/v2\/users\/1450"}],"replies":[{"embeddable":true,"href":"https:\/\/www.santamonica.com\/pt\/wp-json\/wp\/v2\/comments?post=340039"}],"version-history":[{"count":65,"href":"https:\/\/www.santamonica.com\/pt\/wp-json\/wp\/v2\/pages\/340039\/revisions"}],"predecessor-version":[{"id":772339,"href":"https:\/\/www.santamonica.com\/pt\/wp-json\/wp\/v2\/pages\/340039\/revisions\/772339"}],"wp:featuredmedia":[{"embeddable":true,"href":"https:\/\/www.santamonica.com\/pt\/wp-json\/wp\/v2\/media\/343993"}],"wp:attachment":[{"href":"https:\/\/www.santamonica.com\/pt\/wp-json\/wp\/v2\/media?parent=340039"}],"wp:term":[{"taxonomy":"silos","embeddable":true,"href":"https:\/\/www.santamonica.com\/pt\/wp-json\/wp\/v2\/silos?post=340039"}],"curies":[{"name":"wp","href":"https:\/\/api.w.org\/{rel}","templated":true}]}}