{"id":340025,"date":"2022-06-21T04:11:23","date_gmt":"2022-06-21T11:11:23","guid":{"rendered":"https:\/\/www.santamonica.com\/?page_id=340025"},"modified":"2026-03-19T12:12:57","modified_gmt":"2026-03-19T19:12:57","slug":"diretorias-e-comites","status":"publish","type":"page","link":"https:\/\/www.santamonica.com\/pt\/about\/boards-and-committees\/","title":{"rendered":"Conselhos e comit\u00eas"},"content":{"rendered":"<section class=\"sun-title sm-block --theme6 sm-block\">\n            <h2 class=\"sun-title__headline\">Conhe\u00e7a nossa diretoria da SMTT 2026\/2027<\/h2>    \n    <\/section>\n\n\n\n<p class=\"base-block\"><br><br><strong>Charlie Lopez-Quintana<\/strong>&nbsp;- Cadeira<em><br>Vice-presidente e diretor administrativo, ETC Hotels<\/em><\/p>\n\n\n\n<p class=\"base-block\"><strong>Jeff Klocke<\/strong>&nbsp;- Vice-presidente<br><em>Diretor executivo, Pacific Park<\/em><\/p>\n\n\n\n<p class=\"base-block\"><strong>Simon Fricker<\/strong>&nbsp;- Tesoureiro<br><em>Gerente geral, Fairmont Miramar Hotel &amp; Bungalows<\/em><\/p>\n\n\n\n<p class=\"base-block\"><strong>Karen Ginsberg<\/strong>&nbsp;- Secret\u00e1rio<br><em>Residente<\/em><\/p>\n\n\n\n<p class=\"base-block\"><strong>Neil Carrey<\/strong>&nbsp;- Membro<br><em>Residente<\/em><\/p>\n\n\n\n<p class=\"base-block\"><strong>Darlene Evans<\/strong>&nbsp;- Membro<br><em>Residente<\/em><\/p>\n\n\n\n<p class=\"base-block\"><strong>Tim Defuria<\/strong>&nbsp;- Membro<br><em>Residente<\/em><\/p>\n\n\n\n<p class=\"base-block\"><strong>Lauralee Asch<\/strong>&nbsp;- Membro<br><em>Residente<\/em><\/p>\n\n\n\n<p class=\"base-block\"><strong>Jan Williamson<\/strong>&nbsp;- Membro<br><em>Diretor executivo, 18th Street Arts Cente<\/em>r<\/p>\n\n\n\n<p class=\"base-block\"><strong>Jessica Rincon<\/strong>&nbsp;- Membro<br><em>Diretor administrativo,<\/em> <em>Sandbourne Santa Monica<\/em><\/p>\n\n\n\n<p class=\"base-block\"><strong>Oliver Chi<\/strong>&nbsp;- Membro<br><em>Gerente da Cidade, Cidade de Santa M\u00f4nica<\/em><\/p>\n\n\n\n<p class=\"base-block\"><strong>Judy Kruger<\/strong>&nbsp;- Contato com a C\u00e2mara<br><em>Presidente e CEO da C\u00e2mara de Com\u00e9rcio de Santa M\u00f4nica<\/em><\/p>\n\n\n<section class=\"sun-title sm-block --theme6 sm-block\">\n            <h2 class=\"sun-title__headline\">Conhe\u00e7a nosso Comit\u00ea TMD 2026<\/h2>    \n    <\/section>\n\n\n\n<p class=\"base-block\"><br><br><\/p>\n\n\n\n<p class=\"base-block\"><strong>Aileen Carreon<\/strong> - Cadeira<br><em>Vice-presidente, vice-presidente de vendas e marketing, ETC Hotels<\/em><\/p>\n\n\n\n<p class=\"base-block\"><strong>Juan Viramontes<\/strong> - Vice-presidente<br><em>Gerente Geral, The Gateway Hotel Santa Monica<\/em><\/p>\n\n\n\n<p class=\"base-block\"><strong>Armando Campos<\/strong> - Secret\u00e1rio\/Tesoureiro<br><em>Diretor administrativo,<\/em> <em>Santa Monica Proper Hotel<\/em><\/p>\n\n\n\n<p class=\"base-block\"><strong>Simon Fricker<\/strong> - Membro<br><em>Gerente geral, Fairmont Miramar Hotel &amp; Bungalows<\/em><\/p>\n\n\n\n<p class=\"base-block\"><strong><strong>S\u00f4nia Metz<\/strong><\/strong> - Membro<br><em>Ger\u00eancia, Sea Shore Motel<\/em><\/p>\n\n\n\n<p class=\"base-block\"><strong><strong>Karina Sedigh<\/strong><\/strong> - Membro<br><em>Gerente geral, The Pierside Hotel<\/em><\/p>\n\n\n\n<p class=\"base-block\"><strong>Shahid Kayani<\/strong> - Membro<br><em>Diretor Regional de Opera\u00e7\u00f5es,<\/em> <em>Hilton Santa Monica Hotel &amp; Suites<\/em><\/p>\n\n\n\n<p class=\"base-block\"><strong>Kenneth Clark<\/strong> - Membro<br><em>Gerente geral do complexo,<\/em> <em>Hampton Inn &amp; Suites Santa Monica<\/em><\/p>\n\n\n\n<p class=\"base-block\"><strong>Inessa Udovchenko<\/strong> - Membro<br><em>Gerente geral,<\/em> <em>Hotel Shore<\/em><\/p>\n\n\n<section class=\"sun-title sm-block --theme6 sm-block\">\n            <h2 class=\"sun-title__headline\">Arquivo da agenda e das atas das reuni\u00f5es do Comit\u00ea de TMD<\/h2>    \n            <div class=\"sun-title__body  wysiwyg\">\n                    <p>&nbsp;<\/p>\n<p>&nbsp;<\/p>\n                        <\/div>\n    <\/section>\n\n\n\n<div class=\"wp-block-columns is-layout-flex wp-container-core-columns-is-layout-28f84493 wp-block-columns-is-layout-flex base-block\">\n<div class=\"wp-block-column is-layout-flow wp-block-column-is-layout-flow base-block\">\n<p class=\"base-block\">17 de mar\u00e7o de 2026 - <a href=\"https:\/\/www.santamonica.com\/wp-content\/uploads\/2026\/03\/1.-3.17.26-Special-Tourism-Marketing-District-Agenda.pdf\" target=\"_blank\" rel=\"noreferrer noopener\">Agenda<\/a> <br><br>12 de novembro de 2025 - <a href=\"https:\/\/www.santamonica.com\/wp-content\/uploads\/2025\/11\/11.12-Special-Tourism-Marketing-District-Agenda-2.pdf\" target=\"_blank\" rel=\"noreferrer noopener\">Agenda<\/a> | <a href=\"https:\/\/www.santamonica.com\/wp-content\/uploads\/2026\/03\/11.12.25-Special-TMD-Meeting-Minutes.pdf\" data-type=\"link\" data-id=\"https:\/\/www.santamonica.com\/wp-content\/uploads\/2026\/03\/11.12.25-Special-TMD-Meeting-Minutes.pdf\">Minutos<\/a><br><br>16 de setembro de 2025 - <a href=\"https:\/\/www.santamonica.com\/wp-content\/uploads\/2025\/09\/9.16-Special-Tourism-Marketing-District-Agenda-.pdf\">Agenda<\/a> | <a href=\"https:\/\/www.santamonica.com\/wp-content\/uploads\/2025\/11\/2.-9.16-Special-TMD-Meeting-Minutes.pdf\" target=\"_blank\" rel=\"noreferrer noopener\">Minutos<\/a><br><br>4 de junho de 2025 - <a href=\"https:\/\/www.santamonica.com\/wp-content\/uploads\/2025\/08\/6.4.25-Annual-Joint-BOD-and-TMD-Meeting-Agenda-copy.pdf\" target=\"_blank\" rel=\"noreferrer noopener\">Agenda<\/a> | <a href=\"https:\/\/www.santamonica.com\/wp-content\/uploads\/2026\/01\/2.-Annual-Joint-Board-of-Directors-TMD-Meeting-Minutes_6.4.25-.pdf\" target=\"_blank\" rel=\"noreferrer noopener\">Minutos<\/a><br><br>8 de abril de 2025 - <a href=\"https:\/\/www.santamonica.com\/wp-content\/uploads\/2025\/08\/4.8.25-Regular-Tourism-Marketing-District-Agenda.pdf\" target=\"_blank\" rel=\"noreferrer noopener\">Agenda<\/a> | <a href=\"https:\/\/www.santamonica.com\/wp-content\/uploads\/2025\/08\/4.8.25-TMD-Meeting-Minutes.pdf\" target=\"_blank\" rel=\"noreferrer noopener\">Minutos<\/a><br><br>6 de mar\u00e7o de 2025 - <a href=\"https:\/\/www.santamonica.com\/wp-content\/uploads\/2025\/08\/3.6.25-Special-TOURISM-MARKETING-DISTRICT-COMMITTEE-MEETING-AGENDA-copy.pdf\" target=\"_blank\" rel=\"noreferrer noopener\">Agenda<\/a> | <a href=\"https:\/\/www.santamonica.com\/wp-content\/uploads\/2025\/08\/3.6.25-Special-TMD-Meeting-Minutes-.pdf\" target=\"_blank\" rel=\"noreferrer noopener\">Minutos<\/a><br><br>11 de fevereiro de 2025 - <a href=\"https:\/\/www.santamonica.com\/wp-content\/uploads\/2025\/02\/1.-REGULAR-TOURISM-MARKETING-DISTRICT-COMMITTEE-MEETING-AGENDA-2-11-251.pdf\" target=\"_blank\" rel=\"noreferrer noopener\">Agenda<\/a> | <a href=\"https:\/\/www.santamonica.com\/wp-content\/uploads\/2025\/08\/2.11.25-TMD-MEETING-MINUTES.pdf\" target=\"_blank\" rel=\"noreferrer noopener\">Minutos<\/a><br><br>12 de novembro de 2024 - <a href=\"https:\/\/www.santamonica.com\/wp-content\/uploads\/2025\/01\/4.-REGULAR-TOURISM-MARKETING-DISTRICT-COMMITTEE-MEETING-AGENDA-11-12-241-1.pdf\" target=\"_blank\" rel=\"noreferrer noopener\">Agenda<\/a> | <a href=\"https:\/\/www.santamonica.com\/wp-content\/uploads\/2025\/02\/TMD-Meeting-Minutes-11.12.24.pdf\">Minutos<\/a><br><br>2 de outubro de 2024 - <a href=\"https:\/\/www.santamonica.com\/wp-content\/uploads\/2024\/09\/1.-TMD-Agenda-Oct-2-20241.pdf\">Agenda<\/a> | <a href=\"https:\/\/www.santamonica.com\/wp-content\/uploads\/2025\/01\/5.-Special-TMD-Meeting-Minutes-Oct-2-2024.pdf\" target=\"_blank\" rel=\"noreferrer noopener\">Minutos<\/a><br><br><\/p>\n<\/div>\n\n\n\n<div class=\"wp-block-column is-layout-flow wp-block-column-is-layout-flow base-block\">\n<p class=\"base-block\">29 de maio de 2024 - <a href=\"https:\/\/www.santamonica.com\/wp-content\/uploads\/2024\/07\/1.-May-29-2024-Joint-Board-of-Directors-and-TMD-Committee-Meeting-Agenda.pdf\" target=\"_blank\" rel=\"noreferrer noopener\">Agenda<\/a> | <a href=\"https:\/\/www.santamonica.com\/wp-content\/uploads\/2024\/07\/2.-APPROVED-Meeting-Minutes-Joint-BOD-TMD-May-29-2024.pdf\" target=\"_blank\" rel=\"noreferrer noopener\">Minutos<\/a><br><br>6 de mar\u00e7o de 2024 - <a href=\"https:\/\/www.santamonica.com\/wp-content\/uploads\/2024\/03\/1.-March-6-2024-TMD-Committee-Meeting-Agenda.pdf\" target=\"_blank\" rel=\"noreferrer noopener\">Agenda<\/a> | <a href=\"https:\/\/www.santamonica.com\/wp-content\/uploads\/2024\/07\/2.-Mar-6-Special-TMD-Committee-Meeting-Minutes.pdf\" target=\"_blank\" rel=\"noreferrer noopener\">Minutos<\/a><br><br>10 de maio de 2023 - <a href=\"https:\/\/www.santamonica.com\/wp-content\/uploads\/2023\/05\/1.-May-10-2023-Joint-Board-of-Directors-and-TMD-Committee-Meeting-Agenda1.pdf\" target=\"_blank\" rel=\"noreferrer noopener\">Agenda<\/a> | <a href=\"https:\/\/www.santamonica.com\/wp-content\/uploads\/2024\/03\/2.-May-10-2023-Special-Annual-Joint-Board-of-Directors-TMD-Committee-Meeting-Minutes-.pdf\" target=\"_blank\" rel=\"noreferrer noopener\">Minutos<\/a><br><br>18 de abril de 2023 - <a href=\"https:\/\/www.santamonica.com\/wp-content\/uploads\/2023\/05\/1.-April-18-2023-TMD-Committee-Meeting-Agenda.pdf\" target=\"_blank\" rel=\"noreferrer noopener\">Agenda<\/a> | <a href=\"https:\/\/www.santamonica.com\/wp-content\/uploads\/2023\/05\/2.-TMD-Meeting-Minutes-April-18-2023.pdf\" target=\"_blank\" rel=\"noreferrer noopener\">Minutos<\/a><br><br>14 de fevereiro de 2023 - <a href=\"https:\/\/www.santamonica.com\/wp-content\/uploads\/2023\/02\/1.-February-14-2023-TMD-Committee-Meeting-Agenda.pdf\" target=\"_blank\" rel=\"noreferrer noopener\">Agenda<\/a> | <a href=\"https:\/\/www.santamonica.com\/wp-content\/uploads\/2023\/04\/2.February-14-2023-TMD-Meeting-Minutes.pdf\" target=\"_blank\" rel=\"noreferrer noopener\">Minutos<\/a><br><br>8 de novembro de 2022 - <a href=\"https:\/\/www.santamonica.com\/wp-content\/uploads\/2022\/11\/1.-November-8-2022-TMD-Commitee-Meeting-Agenda.pdf\">Agenda<\/a> | <a href=\"https:\/\/www.santamonica.com\/wp-content\/uploads\/2023\/02\/2.-November-8-2022-TMD-Meeting-Minutes.pdf\" target=\"_blank\" rel=\"noreferrer noopener\">Minutos<\/a><br><br>13 de setembro de 2022 - <a href=\"https:\/\/www.santamonica.com\/wp-content\/uploads\/2022\/09\/1.-September-13-2022-TMD-Agenda.pdf\">Agenda<\/a> | <a href=\"https:\/\/www.santamonica.com\/wp-content\/uploads\/2022\/11\/2.-TMD-Minutes-September-13-2022.pdf\" target=\"_blank\" rel=\"noreferrer noopener\">Minutos<\/a><br><br>21 de junho de 2022 -&nbsp;<a href=\"https:\/\/www.santamonica.com\/wp-content\/uploads\/2022\/08\/June-21-2022-Joint-BODTMD-Agenda.pdf\" target=\"_blank\" rel=\"noreferrer noopener\">Agenda<\/a> | <a href=\"https:\/\/www.santamonica.com\/wp-content\/uploads\/2022\/09\/Approved-June-21-2022-Joint-Board-TMD-Meeting-Minutes.pdf\" target=\"_blank\" rel=\"noreferrer noopener\">Minutos<\/a><br><br>8 de fevereiro de 2022 -&nbsp;<a href=\"https:\/\/www.santamonica.com\/wp-content\/uploads\/2022\/08\/February-8-2022-TMD-Agenda.pdf\" target=\"_blank\" rel=\"noreferrer noopener\">Agenda<\/a>&nbsp;| <a href=\"https:\/\/www.santamonica.com\/wp-content\/uploads\/2022\/08\/February-8-2022-TMD-Minutes.pdf\" target=\"_blank\" rel=\"noreferrer noopener\">Minutos<\/a><\/p>\n<\/div>\n<\/div>\n\n\n<section class=\"sun-title sm-block --theme6 sm-block\">\n            <h2 class=\"sun-title__headline\">Arquivo da agenda e das atas das reuni\u00f5es da diretoria<\/h2>    \n    <\/section>\n\n\n\n<div class=\"wp-block-columns is-layout-flex wp-container-core-columns-is-layout-28f84493 wp-block-columns-is-layout-flex base-block\">\n<div class=\"wp-block-column is-layout-flow wp-block-column-is-layout-flow base-block\">\n<p class=\"base-block\">18 de mar\u00e7o de 2026 - <a href=\"https:\/\/www.santamonica.com\/wp-content\/uploads\/2026\/03\/3.18.26-SPECIAL-BOARD-OF-DIRECTORS-MEETING-AGENDA.pdf\" target=\"_blank\" rel=\"noreferrer noopener\">Agenda<\/a><br><br>14 de janeiro de 2026 - <a href=\"https:\/\/www.santamonica.com\/wp-content\/uploads\/2026\/01\/1.14.26-REGULAR-BOARD-OF-DIRECTORS-MEETING-AGENDA.pdf\" target=\"_blank\" rel=\"noreferrer noopener\">Agenda<\/a> | <a href=\"https:\/\/www.santamonica.com\/wp-content\/uploads\/2026\/03\/SMTT-BOD_1.14.26-Meeting-Minutes.pdf\" data-type=\"link\" data-id=\"https:\/\/www.santamonica.com\/wp-content\/uploads\/2026\/03\/SMTT-BOD_1.14.26-Meeting-Minutes.pdf\">Minutos<\/a><br><br>12 de novembro de 2025 - <a href=\"https:\/\/www.santamonica.com\/wp-content\/uploads\/2025\/11\/11.12-REGULAR-BOARD-OF-DIRECTORS-MEETING-AGENDA-2.pdf\" target=\"_blank\" rel=\"noreferrer noopener\">Agenda<\/a> | <a href=\"https:\/\/www.santamonica.com\/wp-content\/uploads\/2026\/03\/2.-11.12.25-Regular-BOD-Meeting-Minutes.pdf\" target=\"_blank\" rel=\"noreferrer noopener\">Minutos<\/a><br><br>10 de setembro de 2025 - <a href=\"https:\/\/www.santamonica.com\/wp-content\/uploads\/2025\/10\/REGULAR-BOARD-OF-DIRECTORS-MEETING-AGENDA.pdf\">Agenda<\/a> | <a href=\"https:\/\/www.santamonica.com\/wp-content\/uploads\/2025\/11\/9.10-BOD-Meeting-Minutes-Updated.pdf\" target=\"_blank\" rel=\"noreferrer noopener\">Minutos<\/a><br><br>9 de julho de 2025 - <a href=\"https:\/\/www.santamonica.com\/wp-content\/uploads\/2025\/07\/BOARD-OF-DIRECTORS-MEETING-AGENDA-7.9.25.pdf\">Agenda<\/a> | <a href=\"https:\/\/www.santamonica.com\/wp-content\/uploads\/2025\/09\/7.9-BOD-Meeting-Minutes-Edits1.pdf\" target=\"_blank\" rel=\"noreferrer noopener\">Minutos<\/a><br><br>4 de junho de 2025 - <a href=\"https:\/\/www.santamonica.com\/wp-content\/uploads\/2025\/06\/1.-Annual-Joint-BOD-and-TMD-Meeting-Agenda-6.4.25.pdf\" target=\"_blank\" rel=\"noreferrer noopener\">Agenda<\/a> | <a href=\"https:\/\/www.santamonica.com\/wp-content\/uploads\/2025\/07\/1.-Annual-Joint-BOD-and-TMD-Meeting-Agenda-6.4.25.pdf\">Minutos<\/a><br><br>5 de fevereiro de 2025 - <a href=\"https:\/\/www.santamonica.com\/wp-content\/uploads\/2025\/02\/1.-Regular-Board-of-Directors-Meeting-Agenda-2-5-25.pdf\" target=\"_blank\" rel=\"noreferrer noopener\">Agenda<\/a> | <a href=\"https:\/\/www.santamonica.com\/wp-content\/uploads\/2025\/03\/2.-BOD-Meeting-Minutes-2.5.25-.pdf\">Minutos<\/a><br><br>13 de novembro de 2024 - <a href=\"https:\/\/www.santamonica.com\/wp-content\/uploads\/2025\/01\/3.-REGULAR-BOARD-OF-DIRECTORS-MEETING-AGENDA-11-13-241.pdf\" target=\"_blank\" rel=\"noreferrer noopener\">Agenda<\/a> | <a href=\"https:\/\/www.santamonica.com\/wp-content\/uploads\/2025\/01\/2.-Regular-Board-of-Directors-Meeting-Minutes-11.13.24-1.pdf\" target=\"_blank\" rel=\"noreferrer noopener\">Minutos<\/a><br><br>18 de setembro de 2024 - <a href=\"https:\/\/www.santamonica.com\/wp-content\/uploads\/2024\/09\/1.-BOD-Agenda-Sept-18-2024.pdf\" target=\"_blank\" rel=\"noreferrer noopener\">Agenda<\/a> | <a href=\"https:\/\/www.santamonica.com\/wp-content\/uploads\/2025\/01\/2.-BOD-Minutes-Sept-18-2024-11.pdf\" target=\"_blank\" rel=\"noreferrer noopener\">Minutos<\/a><br><br>17 de julho de 2024 - <a href=\"https:\/\/www.santamonica.com\/wp-content\/uploads\/2024\/07\/7.17-BOD-Meeting-Agenda-approved.pdf\" target=\"_blank\" rel=\"noreferrer noopener\">Agenda<\/a> | <a href=\"https:\/\/www.santamonica.com\/wp-content\/uploads\/2024\/09\/2.-BOD-Minutes-July-17-2024.pdf\" target=\"_blank\" rel=\"noreferrer noopener\">Minutos<\/a><br><br>29 de maio de 2024 - <a href=\"https:\/\/www.santamonica.com\/wp-content\/uploads\/2024\/07\/1.-May-29-2024-Joint-Board-of-Directors-and-TMD-Committee-Meeting-Agenda.pdf\" target=\"_blank\" rel=\"noreferrer noopener\">Agenda<\/a> | <a href=\"https:\/\/www.santamonica.com\/wp-content\/uploads\/2024\/07\/2.-APPROVED-Meeting-Minutes-Joint-BOD-TMD-May-29-2024.pdf\" target=\"_blank\" rel=\"noreferrer noopener\">Minutos<\/a><br><br>20 de mar\u00e7o de 2024 - <a href=\"https:\/\/www.santamonica.com\/wp-content\/uploads\/2024\/03\/1.-March-20-2024-Board-of-Directors-Meeting-Agenda.pdf\" target=\"_blank\" rel=\"noreferrer noopener\">Agenda<\/a> | <a href=\"https:\/\/www.santamonica.com\/wp-content\/uploads\/2024\/07\/4.-BOD-Minutes-March-20-2024.pdf\" target=\"_blank\" rel=\"noreferrer noopener\">Minutos<\/a><br><br>10 de janeiro de 2024 - <a href=\"https:\/\/www.santamonica.com\/wp-content\/uploads\/2024\/03\/1.-January-10-2024-Board-of-Directors-Meeting-Agenda.pdf\" target=\"_blank\" rel=\"noreferrer noopener\">Agenda<\/a> | <a href=\"https:\/\/www.santamonica.com\/wp-content\/uploads\/2024\/03\/4.-Jan-10-2024-Board-of-Directors-Meeting-Minutes.pdf\" target=\"_blank\" rel=\"noreferrer noopener\">Minutos<\/a><br><\/p>\n<\/div>\n\n\n\n<div class=\"wp-block-column is-layout-flow wp-block-column-is-layout-flow base-block\">\n<p class=\"base-block\">8 de novembro de 2023 - <a href=\"https:\/\/www.santamonica.com\/wp-content\/uploads\/2024\/03\/1.-November-8-2023-Board-of-Directors-Meeting-Agenda.pdf\" target=\"_blank\" rel=\"noreferrer noopener\">Agenda<\/a> | <a href=\"https:\/\/www.santamonica.com\/wp-content\/uploads\/2024\/03\/2.-Nov-8-2023-Board-of-Directors-Meeting-Minutes.pdf\" target=\"_blank\" rel=\"noreferrer noopener\">Minutos<\/a><br><br>13 de setembro de 2023 - <a href=\"https:\/\/www.santamonica.com\/wp-content\/uploads\/2024\/03\/1.-September-13-2023-Board-of-Directors-Meeting-Agenda.pdf\" target=\"_blank\" rel=\"noreferrer noopener\">Agenda<\/a> | <a href=\"https:\/\/www.santamonica.com\/wp-content\/uploads\/2024\/03\/2.-Sept-13-2023-Minutes.pdf\" target=\"_blank\" rel=\"noreferrer noopener\">Minutos<\/a><br><br>12 de julho de 2023 - <a href=\"https:\/\/www.santamonica.com\/wp-content\/uploads\/2023\/07\/1.-July-12-2023-Board-of-Directors-Meeting-Agenda.pdf\" target=\"_blank\" rel=\"noreferrer noopener\">Agenda<\/a> | <a href=\"https:\/\/www.santamonica.com\/wp-content\/uploads\/2024\/03\/2.-July-12-2023-Board-of-Directors-Meeting-Minutes.pdf\" target=\"_blank\" rel=\"noreferrer noopener\">Minutos<\/a><br><br>10 de maio de 2023 - <a href=\"https:\/\/www.santamonica.com\/wp-content\/uploads\/2023\/05\/1.-May-10-2023-Joint-Board-of-Directors-and-TMD-Committee-Meeting-Agenda1.pdf\" target=\"_blank\" rel=\"noreferrer noopener\">Agenda<\/a> | <a href=\"https:\/\/www.santamonica.com\/wp-content\/uploads\/2023\/07\/2.-May-10-2023-Special-Annual-Joint-Board-of-Directors-TMD-Committee-Meeting-Minutes-.pdf\" target=\"_blank\" rel=\"noreferrer noopener\">Minutos<\/a><br><br>8 de mar\u00e7o de 2023 - <a href=\"https:\/\/www.santamonica.com\/wp-content\/uploads\/2023\/03\/1.-March-8-2023-Board-of-Directors-Agenda1.pdf\" target=\"_blank\" rel=\"noreferrer noopener\">Agenda<\/a> | <a href=\"https:\/\/www.santamonica.com\/wp-content\/uploads\/2023\/05\/4.-Board-of-Directors-Meeting-Minutes-March-8-2023-.pdf\" target=\"_blank\" rel=\"noreferrer noopener\">Minutos<\/a><br><br>11 de janeiro de 2023 - <a href=\"https:\/\/www.santamonica.com\/wp-content\/uploads\/2023\/01\/1.-January-11-2023-Board-of-Directors-Agenda.pdf\" target=\"_blank\" rel=\"noreferrer noopener\">Agenda<\/a> | <a href=\"https:\/\/www.santamonica.com\/wp-content\/uploads\/2023\/03\/2.January-11-2023-Board-of-Directors-Meeting-Minutes.pdf\" target=\"_blank\" rel=\"noreferrer noopener\">Minutos<\/a><br><br>9 de novembro de 2022 - <a href=\"https:\/\/www.santamonica.com\/wp-content\/uploads\/2022\/11\/1.-November-9-2022-Board-of-Directors-Agenda.pdf\" target=\"_blank\" rel=\"noreferrer noopener\">Agenda<\/a> | <a href=\"https:\/\/www.santamonica.com\/wp-content\/uploads\/2023\/01\/2.-November-9-2022-Board-of-Directors-Meeting-Minutes.pdf\" target=\"_blank\" rel=\"noreferrer noopener\">Minutos<\/a><br><br>14 de setembro de 2022 - <a href=\"https:\/\/www.santamonica.com\/wp-content\/uploads\/2022\/09\/1.-September-14-2022-Board-of-Directors-Agenda.pdf\">Agenda<\/a> | <a href=\"https:\/\/www.santamonica.com\/wp-content\/uploads\/2022\/11\/2.-September-14-2022-Board-of-Directors-Meeting-Minutes.pdf\" target=\"_blank\" rel=\"noreferrer noopener\">Minutos<\/a><br><br>21 de junho de 2022 -&nbsp;<a href=\"https:\/\/www.santamonica.com\/wp-content\/uploads\/2022\/08\/June-21-2022-Joint-BODTMD-Agenda.pdf\" target=\"_blank\" rel=\"noreferrer noopener\">Agenda<\/a> | <a href=\"https:\/\/www.santamonica.com\/wp-content\/uploads\/2022\/09\/Approved-June-21-2022-Joint-Board-TMD-Meeting-Minutes.pdf\" target=\"_blank\" rel=\"noreferrer noopener\">Minutos<\/a><br><br>9 de mar\u00e7o de 2022 - <a href=\"https:\/\/www.santamonica.com\/wp-content\/uploads\/2022\/08\/March-9-2022-Board-Agenda.pdf\" target=\"_blank\" rel=\"noreferrer noopener\">Agenda<\/a> | <a href=\"https:\/\/www.santamonica.com\/wp-content\/uploads\/2022\/08\/March-9-2022-Board-Minutes.pdf\" target=\"_blank\" rel=\"noreferrer noopener\">Minutos<\/a><br><br>12 de janeiro de 2022 -&nbsp;<a href=\"https:\/\/www.santamonica.com\/wp-content\/uploads\/2022\/08\/January-12-2022-Board-Agenda.pdf\" target=\"_blank\" rel=\"noreferrer noopener\">Agenda<\/a> | <a href=\"https:\/\/www.santamonica.com\/wp-content\/uploads\/2022\/08\/January-12-2022-Board-Minutes.pdf\" target=\"_blank\" rel=\"noreferrer noopener\">Minutos<\/a><\/p>\n<\/div>\n<\/div>\n\n\n\n<p class=\"base-block\">Para solicitar agendas e\/ou atas anteriores, entre em contato com Haylee Miller, Assistente Executiva da SMTT, enviando um e-mail para <a href=\"mailto:hmiller@santamonica.com\">hmiller@santamonica.com<\/a>.<\/p>\n\n\n\n<p class=\"base-block\"><\/p>","protected":false},"excerpt":{"rendered":"<p>Younes Atallah \u2013 ChairGeneral Manager, Regent Santa Monica Beach Hotel Charlie Lopez-Quintana \u2013 Vice ChairVP &#038; Managing Director, ETC Hotels Karen Ginsberg \u2013 TreasurerResident Lauralee Asch \u2013\u00a0SecretaryResident Neil Carrey \u2013 MemberResident Darlene Evans \u2013 MemberResident Tim Defuria \u2013 MemberResident Simon Fricker \u2013 MemberGeneral Manager, Fairmont Miramar Hotel &#038; Bungalows Jeff Klocke \u2013 MemberVice President &#038; General Manager, Pacific Park Jan Williamson \u2013 MemberExecutive Director, 18th Street Arts Center Judy Kruger \u2013 Chamber LiaisonPresident &#038; CEO, Santa Monica Chamber of Commerce Younes Atallah \u2013 ChairGeneral Manager, Regent Santa Monica Beach Aileen Carreon \u2013 Vice ChairVP of Sales and Marketing, ETC Hotels [\u2026]<\/p>\n","protected":false},"author":1450,"featured_media":343000,"parent":0,"menu_order":0,"comment_status":"closed","ping_status":"closed","template":"template-editorial.php","meta":{"_acf_changed":false,"inline_featured_image":false,"footnotes":""},"silos":[3909],"class_list":["post-340025","page","type-page","status-publish","has-post-thumbnail","hentry"],"acf":[],"_links":{"self":[{"href":"https:\/\/www.santamonica.com\/pt\/wp-json\/wp\/v2\/pages\/340025","targetHints":{"allow":["GET"]}}],"collection":[{"href":"https:\/\/www.santamonica.com\/pt\/wp-json\/wp\/v2\/pages"}],"about":[{"href":"https:\/\/www.santamonica.com\/pt\/wp-json\/wp\/v2\/types\/page"}],"author":[{"embeddable":true,"href":"https:\/\/www.santamonica.com\/pt\/wp-json\/wp\/v2\/users\/1450"}],"replies":[{"embeddable":true,"href":"https:\/\/www.santamonica.com\/pt\/wp-json\/wp\/v2\/comments?post=340025"}],"version-history":[{"count":243,"href":"https:\/\/www.santamonica.com\/pt\/wp-json\/wp\/v2\/pages\/340025\/revisions"}],"predecessor-version":[{"id":791515,"href":"https:\/\/www.santamonica.com\/pt\/wp-json\/wp\/v2\/pages\/340025\/revisions\/791515"}],"wp:featuredmedia":[{"embeddable":true,"href":"https:\/\/www.santamonica.com\/pt\/wp-json\/wp\/v2\/media\/343000"}],"wp:attachment":[{"href":"https:\/\/www.santamonica.com\/pt\/wp-json\/wp\/v2\/media?parent=340025"}],"wp:term":[{"taxonomy":"silos","embeddable":true,"href":"https:\/\/www.santamonica.com\/pt\/wp-json\/wp\/v2\/silos?post=340025"}],"curies":[{"name":"wp","href":"https:\/\/api.w.org\/{rel}","templated":true}]}}