{"id":339968,"date":"2022-06-23T12:21:24","date_gmt":"2022-06-23T19:21:24","guid":{"rendered":"https:\/\/www.santamonica.com\/?page_id=339968"},"modified":"2025-08-21T16:23:54","modified_gmt":"2025-08-21T23:23:54","slug":"promover-sua-empresa","status":"publish","type":"page","link":"https:\/\/www.santamonica.com\/pt\/partners\/promote-your-business\/","title":{"rendered":"Promova seu neg\u00f3cio"},"content":{"rendered":"<section class=\"image-section-break sm-block\">\n    <div class=\"image-section-break__image-wrapper\">\n                    <picture>\n                    <source\n                        media=\"(min-width: 768px)\"\n                        srcset=\"https:\/\/www.santamonica.com\/wp-content\/uploads\/2025\/06\/MainStreetVIC-hor.jpg\"\n                    >\n                    <img decoding=\"async\" src=\"https:\/\/www.santamonica.com\/wp-content\/uploads\/2025\/06\/MainStreetVIC-650x866-1.jpg\" class=\"image-section-break__image\" alt=\"\" title=\"\">\n            <\/picture>\n                \n\n    <\/div>\n    <div class=\"image-section-break__text-content\">\n        <div class=\"image-section-break__first-content --theme3\">\n                                        <h2 class=\"image-section-break__title\">Marketing<\/h2>\n                                        <div class=\"image-section-break__body-copy wysiwyg\"><p><span style=\"font-weight: 400;\">H\u00e1 v\u00e1rias maneiras de comercializar com a Santa Monica Travel &amp; Tourism:<\/span><\/p>\n<p><span style=\"font-weight: 400;\"><strong>Site oficial<\/strong><\/span><\/p>\n<p><span style=\"font-weight: 400;\"><a href=\"https:\/\/www.santamonica.com\/pt\/\">SantaMonica.com<\/a> fornece informa\u00e7\u00f5es sobre acomoda\u00e7\u00f5es, restaurantes, compras, coisas para fazer e muito mais. Com mais de 100 mil visitas mensais ao site, ele \u00e9 a principal fonte de visitantes on-line que planejam suas f\u00e9rias em Los Angeles e na praia. Aproveite essas oportunidades gratuitas e amplamente promovidas para apresentar sua empresa em nosso site.<\/span><\/p>\n<\/div>\n                                <\/div>\n        <div class=\"image-section-break__second-content\">\n                            <div class=\"image-section-break__body-copy wysiwyg\"><p><span style=\"font-weight: 400;\"><strong>*P\u00e1ginas de listagem de empresas<\/strong><\/span><\/p>\n<p><span style=\"font-weight: 400;\">Crie uma p\u00e1gina de listagem dedicada no santamonica.com por meio de nosso <a href=\"https:\/\/www.santamonica.com\/pt\/parceiros\/portal-do-parceiro\/\">Portal do parceiro<\/a>. Est\u00e1 dispon\u00edvel para empresas de turismo com uma licen\u00e7a comercial da cidade de Santa Monica. As empresas podem compartilhar informa\u00e7\u00f5es operacionais, conte\u00fado de v\u00eddeo e fotos. Para obter mais informa\u00e7\u00f5es, envie um e-mail para <a href=\"mailto:partnerportal@santamonica.com\">partnerportal@santamonica.com<\/a> ou ligue para 310-319-6263.<\/span><\/p>\n<p><span style=\"font-weight: 400;\"><strong>Publicidade<\/strong><\/span><\/p>\n<p><span style=\"font-weight: 400;\">Para obter informa\u00e7\u00f5es sobre oportunidades de publicidade no Guia e Mapa Oficial do Visitante de Santa Monica, no site santamonica.com, nas m\u00eddias sociais e em outras oportunidades diretas para o visitante, entre em contato com <a href=\"mailto:marketing@santamonica.com\">marketing@santamonica.com<\/a>.<\/span><\/p>\n<\/div>\n                                <\/div>\n    <\/div>\n<\/section>\n\n\n\n<div class=\"wp-block-columns is-layout-flex wp-container-core-columns-is-layout-28f84493 wp-block-columns-is-layout-flex base-block\">\n<div class=\"wp-block-column is-layout-flow wp-block-column-is-layout-flow base-block\">\n<p class=\"base-block\"><strong>*Compartilhar ofertas<\/strong><\/p>\n\n\n\n<p class=\"base-block\">Estamos constantemente coletando promo\u00e7\u00f5es e ofertas para os visitantes para ajudar a divulgar as ofertas comerciais atuais. Por favor, preencha este <a href=\"https:\/\/www.santamonica.com\/pt\/formulario-de-envio-de-promocoes-comerciais\/\">formul\u00e1rio on-line<\/a> para que possamos ajudar a promover suas ofertas especiais em nossas p\u00e1ginas de destino dedicadas e canais de m\u00eddia social. Se houver altera\u00e7\u00f5es em sua oferta ap\u00f3s o envio, envie um e-mail para <a href=\"mailto:marketing@santamonica.com\">marketing@santamonica.com<\/a>.<\/p>\n<\/div>\n\n\n\n<div class=\"wp-block-column is-layout-flow wp-block-column-is-layout-flow base-block\">\n<p class=\"base-block\"><strong>*Promo\u00e7\u00e3o de eventos<\/strong><\/p>\n\n\n\n<p class=\"base-block\">O Calend\u00e1rio de Eventos \u00e9 uma das p\u00e1ginas mais visitadas do SantaMonica.com. As empresas s\u00e3o convidadas a enviar eventos para inclus\u00e3o no Calend\u00e1rio. Observa\u00e7\u00e3o: algumas exclus\u00f5es podem se aplicar. Consulte os requisitos do evento na parte inferior do formul\u00e1rio de envio. <a href=\"https:\/\/www.santamonica.com\/pt\/events-listing\/comunidade\/adicionar\/\">Envie um evento.<\/a><\/p>\n<\/div>\n\n\n\n<div class=\"wp-block-column is-layout-flow wp-block-column-is-layout-flow base-block\">\n<p class=\"base-block\"><strong>*Planejador de viagens<\/strong><\/p>\n\n\n\n<p class=\"base-block\">Os visitantes on-line podem participar de um planejador interativo que os ajudar\u00e1 a planejar uma viagem a Santa Monica, recomendando restaurantes, compras e coisas para fazer com base em seus interesses. Para ser inclu\u00eddo nessa ferramenta, atualize sua listagem no site da SMTT e atualize sua p\u00e1gina com as informa\u00e7\u00f5es, promo\u00e7\u00f5es, fotos e conte\u00fado de v\u00eddeo mais recentes.<\/p>\n<\/div>\n<\/div>\n\n\n\n<div class=\"wp-block-columns is-layout-flex wp-container-core-columns-is-layout-28f84493 wp-block-columns-is-layout-flex base-block\">\n<div class=\"wp-block-column is-layout-flow wp-block-column-is-layout-flow base-block\">\n<p class=\"base-block\">*<strong>Passeios virtuais de 360<\/strong><\/p>\n\n\n\n<p class=\"base-block\">A SMTT fez uma parceria com a Threshold 360 para capturar um tour virtual de sua empresa de servi\u00e7os tur\u00edsticos sem nenhum custo para voc\u00ea. As imagens s\u00e3o exibidas na p\u00e1gina de sua empresa em nosso site, na p\u00e1gina de sua empresa no Google e nas apresenta\u00e7\u00f5es da SMTT. <a href=\"https:\/\/www.threshold360.com\/schedule\" target=\"_blank\" rel=\"noreferrer noopener\">Agende agora.<\/a> Em caso de d\u00favidas, envie um e-mail para <a href=\"mailto:marketing@santamonica.com\">marketing@santamonica.com<\/a>.<\/p>\n<\/div>\n\n\n\n<div class=\"wp-block-column is-layout-flow wp-block-column-is-layout-flow base-block\">\n<p class=\"base-block\"><strong>*M\u00eddia social<\/strong><\/p>\n\n\n\n<p class=\"base-block\">A SMTT tem o prazer de aproveitar nossas plataformas de m\u00eddia social para destacar eventos e\/ou a cobertura da m\u00eddia que sua empresa recebe. Publique, marque ou envie por e-mail <a href=\"mailto:media@santamonica.com\">media@santamonica.com<\/a> seus eventos e cobertura para oportunidades promocionais por meio de nossa presen\u00e7a no destino em <a href=\"https:\/\/www.instagram.com\/seesantamonica\/\" target=\"_blank\" rel=\"noreferrer noopener\">Instagram<\/a>, <a href=\"https:\/\/www.facebook.com\/visitsantamonica\" target=\"_blank\" rel=\"noreferrer noopener\">Facebook<\/a>, <a href=\"https:\/\/twitter.com\/GoSantaMonica\" target=\"_blank\" rel=\"noopener\">X<\/a> (anteriormente conhecido como Twitter) e <a href=\"https:\/\/www.youtube.com\/user\/TravelSantaMonica\" target=\"_blank\" rel=\"noreferrer noopener\">YouTube<\/a>.<\/p>\n<\/div>\n\n\n\n<div class=\"wp-block-column is-layout-flow wp-block-column-is-layout-flow base-block\">\n<p class=\"base-block\"><strong>*Conte\u00fado gerado pelo usu\u00e1rio<\/strong><\/p>\n\n\n\n<p class=\"base-block\">A SMTT convida nossos parceiros locais a enviar fotos de seus neg\u00f3cios para poss\u00edvel publica\u00e7\u00e3o nas contas de m\u00eddia social da SMTT e\/ou no site SantaMonica.com. As fotos devem: ser de alta resolu\u00e7\u00e3o; estar no formato original (ou seja, sem filtros); parecer sinceras e aut\u00eanticas - como se pudessem ser outro conte\u00fado gerado pelo usu\u00e1rio (UGC). <a href=\"https:\/\/upload.crowdriff.com\/santa-monica-ugc\" target=\"_blank\" rel=\"noreferrer noopener\">Envie fotos aqui.<\/a><\/p>\n<\/div>\n<\/div>\n\n\n\n<section class=\"image-section-break sm-block\">\n    <div class=\"image-section-break__image-wrapper\">\n                    <picture>\n                    <source\n                        media=\"(min-width: 768px)\"\n                        srcset=\"https:\/\/www.santamonica.com\/wp-content\/uploads\/2022\/07\/Santa-Monica-Viceroy-Sugar-Palm_1656x574.png\"\n                    >\n                    <img decoding=\"async\" src=\"https:\/\/www.santamonica.com\/wp-content\/uploads\/2022\/07\/Santa-Monica-Viceroy-Sugar-Palm_650x866.png\" class=\"image-section-break__image\" alt=\"Jantar em grupo ao ar livre em um dia ensolarado no Sugar Palm, no Viceroy Hotel, em Santa Monica.\" title=\"\">\n            <\/picture>\n                \n\n            <div class=\"img-lctn-tag --no-link image-section-break__image-caption --right\">Palmeira de a\u00e7\u00facar<\/div>\n        <\/div>\n    <div class=\"image-section-break__text-content\">\n        <div class=\"image-section-break__first-content --theme3\">\n                                        <h2 class=\"image-section-break__title\">Rela\u00e7\u00f5es p\u00fablicas<\/h2>\n                                        <div class=\"image-section-break__body-copy wysiwyg\"><p><span style=\"font-weight: 400;\"><strong>Passeios de familiariza\u00e7\u00e3o (FAMs) e visitas \u00e0 m\u00eddia<\/strong><\/span><\/p>\n<p><span style=\"font-weight: 400;\">Aumente suas men\u00e7\u00f5es na m\u00eddia hospedando a m\u00eddia qualificada para que ela conhe\u00e7a sua empresa. A SMTT tamb\u00e9m est\u00e1 oferecendo maneiras de participar de tours FAM \u201cvirtuais\u201d de sua propriedade ou empresa.<\/span><\/p>\n<p><span style=\"font-weight: 400;\"><strong>*Cobertura da m\u00eddia<\/strong><\/span><\/p>\n<p><span style=\"font-weight: 400;\">A equipe de Rela\u00e7\u00f5es P\u00fablicas da SMTT trabalha para garantir <a href=\"https:\/\/www.santamonica.com\/pt\/midia\/artigo-de-imprensa\/\">cobertura da imprensa<\/a> no destino por meio de uma variedade de estrat\u00e9gias.\u00a0<\/span><\/p>\n<\/div>\n                                <\/div>\n        <div class=\"image-section-break__second-content\">\n                            <div class=\"image-section-break__body-copy wysiwyg\"><p><span style=\"font-weight: 400;\"><strong>*Comunicados \u00e0 imprensa e apresenta\u00e7\u00f5es<\/strong><\/span><\/p>\n<p><span style=\"font-weight: 400;\">Envie informa\u00e7\u00f5es, fotos e comunicados de imprensa atuais ou not\u00edcias sobre a sua empresa para serem inclu\u00eddos em novos lan\u00e7amentos e hist\u00f3rias em evolu\u00e7\u00e3o que a SMTT utiliza para gerar interesse da m\u00eddia em Santa Monica como um destino de viagem de primeira linha.\u00a0<\/span><\/p>\n<p><span style=\"font-weight: 400;\">Para obter mais informa\u00e7\u00f5es ou para se informar sobre oportunidades de Rela\u00e7\u00f5es P\u00fablicas, envie um e-mail para <\/span><a href=\"mailto:media@santamonica.com\"><strong>media@santamonica.com<\/strong><\/a><span style=\"font-weight: 400;\">.<\/span><\/p>\n<\/div>\n                                <\/div>\n    <\/div>\n<\/section>\n\n\n\n<section class=\"image-section-break sm-block\">\n    <div class=\"image-section-break__image-wrapper\">\n                    <picture>\n                    <source\n                        media=\"(min-width: 768px)\"\n                        srcset=\"https:\/\/www.santamonica.com\/wp-content\/uploads\/2022\/07\/Santa-Monica-IPW-Booth-2022-1656x574-1.png\"\n                    >\n                    <img decoding=\"async\" src=\"https:\/\/www.santamonica.com\/wp-content\/uploads\/2022\/07\/Santa-Monica-IPW-Booth-2022-650x866-1.png\" class=\"image-section-break__image\" alt=\"Estande de Santa Monica na IPW em 2022.\" title=\"\">\n            <\/picture>\n                \n\n    <\/div>\n    <div class=\"image-section-break__text-content\">\n        <div class=\"image-section-break__first-content --theme3\">\n                                        <h2 class=\"image-section-break__title\">Vendas<\/h2>\n                                        <div class=\"image-section-break__body-copy wysiwyg\"><p><span style=\"font-weight: 400;\">A equipe de vendas oferece v\u00e1rias maneiras de promover sua empresa para um p\u00fablico mais amplo:<\/span><\/p>\n<p><span style=\"font-weight: 400;\"><strong>*Oportunidades de neg\u00f3cios e oportunidades do setor<\/strong><\/span><\/p>\n<p><span style=\"font-weight: 400;\">Receba leads qualificados para di\u00e1rias de quartos para grupos, espa\u00e7o para eventos, refei\u00e7\u00f5es para grupos e atividades fora do local. Receba acesso direto a reuni\u00f5es, confer\u00eancias e oportunidades de atividades em grupo. Para fazer perguntas ou obter mais informa\u00e7\u00f5es, envie um e-mail para <a href=\"mailto:meet@santamonica.com\">meet@santamonica.com<\/a>.<\/span><\/p>\n<p><span style=\"font-weight: 400;\"><strong>Miss\u00f5es de vendas e feiras de neg\u00f3cios<\/strong><\/span><\/p>\n<p><span style=\"font-weight: 400;\">Trabalhamos com operadores de turismo, agentes de viagem e profissionais de reuni\u00f5es e incentivos nacionais e internacionais para vender Santa Monica como um destino de neg\u00f3cios e lazer de primeira linha. A SMTT oferece \u00e0s empresas locais a oportunidade de participar de miss\u00f5es e shows. <a href=\"https:\/\/www.santamonica.com\/pt\/parceiros\/formulario-de-oportunidades-de-parceria\/\">Veja as pr\u00f3ximas oportunidades.<\/a><\/span><\/p>\n<\/div>\n                                <\/div>\n        <div class=\"image-section-break__second-content\">\n                            <div class=\"image-section-break__body-copy wysiwyg\"><p><span style=\"font-weight: 400;\"><strong>Passeios de familiariza\u00e7\u00e3o (FAMs)<\/strong><\/span><\/p>\n<p><span class=\"s1\">A SMTT tem o orgulho de fazer parcerias com empresas de Santa Monica que prestam servi\u00e7os de turismo por meio de passeios de familiariza\u00e7\u00e3o (FAMs). Um FAM \u00e9 projetado para que os participantes, desde agentes de viagem at\u00e9 jornalistas e influenciadores, experimentem em primeira m\u00e3o o que Santa Monica tem a oferecer, permitindo que eles promovam e vendam melhor a cidade para seus clientes, leitores de publica\u00e7\u00f5es, seguidores de m\u00eddia social e muito mais. A SMTT organiza o FAM tour do in\u00edcio ao fim e trabalha com empresas locais em experi\u00eancias gratuitas ou com desconto para os participantes durante sua estadia na cidade. Os FAM tours oferecem \u00e0s empresas participantes oportunidades n\u00e3o apenas de exposi\u00e7\u00e3o e constru\u00e7\u00e3o de relacionamentos, mas tamb\u00e9m de apresenta\u00e7\u00e3o de produtos, experi\u00eancias e muito mais.\u00a0<\/span><span style=\"font-weight: 400;\">Para perguntas ou mais informa\u00e7\u00f5es, envie um e-mail para <a title=\"mailto:clientservices@santamonica.com\" contenteditable=\"false\" href=\"mailto:clientservices@santamonica.com\">clientservices@santamonica.com<\/a>.<\/span><\/p>\n<\/div>\n                                <\/div>\n    <\/div>\n<\/section>\n\n\n\n<section class=\"image-section-break sm-block\">\n    <div class=\"image-section-break__image-wrapper\">\n                    <picture>\n                    <source\n                        media=\"(min-width: 768px)\"\n                        srcset=\"https:\/\/www.santamonica.com\/wp-content\/uploads\/2022\/07\/Santa-Monica-Pier-Aerial-1656x574-1.png\"\n                    >\n                    <img decoding=\"async\" src=\"https:\/\/www.santamonica.com\/wp-content\/uploads\/2022\/07\/Santa-Monica-Pier-Aerial-650x866-1.png\" class=\"image-section-break__image\" alt=\"Vista a\u00e9rea do P\u00eder de Santa M\u00f4nica e do Pacific Park.\" title=\"\">\n            <\/picture>\n                \n\n            <div class=\"img-lctn-tag --no-link image-section-break__image-caption --right\">P\u00eder de Santa M\u00f4nica<\/div>\n        <\/div>\n    <div class=\"image-section-break__text-content\">\n        <div class=\"image-section-break__first-content --theme3\">\n                                        <h2 class=\"image-section-break__title\">Servi\u00e7os<\/h2>\n                                        <div class=\"image-section-break__body-copy wysiwyg\"><p><span style=\"font-weight: 400;\">*<strong>Eu sou Santa M\u00f4nica<\/strong><\/span><\/p>\n<p><span style=\"font-weight: 400;\">Um workshop para os interessados em aprender mais sobre a cidade em que trabalham e vivem. <a href=\"https:\/\/www.santamonica.com\/pt\/eu-sou-santa-monica\/\">Saiba mais<\/a> sobre como se tornar um Embaixador de Informa\u00e7\u00f5es Oficiais.<\/span><\/p>\n<p><span style=\"font-weight: 400;\">*<strong>Workshops e eventos educacionais<\/strong><\/span><\/p>\n<p><span style=\"font-weight: 400;\">Sess\u00f5es de mesa redonda para instruir as empresas locais sobre como maximizar suas atividades de turismo e neg\u00f3cios em grupo. Al\u00e9m disso, a SMTT realiza diversos eventos ao longo do ano que permitem que voc\u00ea se relacione com profissionais do setor local. Para fazer perguntas ou obter mais informa\u00e7\u00f5es, envie um e-mail para <a href=\"mailto:clientservices@santamonica.com\">clientservices@santamonica.com<\/a>.<\/span><\/p>\n<\/div>\n                                <\/div>\n        <div class=\"image-section-break__second-content\">\n                            <div class=\"image-section-break__body-copy wysiwyg\"><p><span style=\"font-weight: 400;\">*<strong>Pr\u00eamio Thelma Parks de Esp\u00edrito Tur\u00edstico<\/strong><\/span><\/p>\n<p><span style=\"font-weight: 400;\">Indique um funcion\u00e1rio para o pr\u00eamio Santa Monica's <a href=\"https:\/\/www.santamonica.com\/pt\/premio-spirit\/\">Pr\u00eamio Thelma Parks de Esp\u00edrito Tur\u00edstico<\/a> para reconhecimento em nosso evento anual <a href=\"https:\/\/www.santamonica.com\/pt\/cupula-de-turismo-de-viagem\/\">C\u00fapula de Turismo<\/a>.<\/span><\/p>\n<p><span style=\"font-weight: 400;\">*<strong>Guias e mapas oficiais para visitantes de Santa M\u00f4nica<\/strong><\/span><\/p>\n<p><span style=\"font-weight: 400;\">Para oferecer nossos guias e mapas para visitantes gratuitamente como um servi\u00e7o para seus clientes, envie um e-mail para <a href=\"mailto:marketing@santamonica.com\">marketing@santamonica.com<\/a> ou ligue para 310-319-6263. Tamb\u00e9m est\u00e3o dispon\u00edveis suportes de bancada com a marca para exibir os mapas gratuitamente. <a href=\"https:\/\/www.santamonica.com\/pt\/solicitar-o-guia-do-visitante-de-santa-monica\/\">Baixar ou visualizar<\/a> o Guia do Visitante e o Mapa.<\/span><\/p>\n<\/div>\n                                <\/div>\n    <\/div>\n<\/section>","protected":false},"excerpt":{"rendered":"<p>*Share Offers We are constantly collecting specials and deals for visitors to help spread the word about current business offerings. Please fill out this online form so we can help [&hellip;]<\/p>\n","protected":false},"author":1421,"featured_media":336928,"parent":0,"menu_order":0,"comment_status":"closed","ping_status":"closed","template":"template-editorial.php","meta":{"_acf_changed":false,"inline_featured_image":false,"footnotes":""},"silos":[3910],"class_list":["post-339968","page","type-page","status-publish","has-post-thumbnail","hentry"],"acf":[],"_links":{"self":[{"href":"https:\/\/www.santamonica.com\/pt\/wp-json\/wp\/v2\/pages\/339968","targetHints":{"allow":["GET"]}}],"collection":[{"href":"https:\/\/www.santamonica.com\/pt\/wp-json\/wp\/v2\/pages"}],"about":[{"href":"https:\/\/www.santamonica.com\/pt\/wp-json\/wp\/v2\/types\/page"}],"author":[{"embeddable":true,"href":"https:\/\/www.santamonica.com\/pt\/wp-json\/wp\/v2\/users\/1421"}],"replies":[{"embeddable":true,"href":"https:\/\/www.santamonica.com\/pt\/wp-json\/wp\/v2\/comments?post=339968"}],"version-history":[{"count":127,"href":"https:\/\/www.santamonica.com\/pt\/wp-json\/wp\/v2\/pages\/339968\/revisions"}],"predecessor-version":[{"id":771374,"href":"https:\/\/www.santamonica.com\/pt\/wp-json\/wp\/v2\/pages\/339968\/revisions\/771374"}],"wp:featuredmedia":[{"embeddable":true,"href":"https:\/\/www.santamonica.com\/pt\/wp-json\/wp\/v2\/media\/336928"}],"wp:attachment":[{"href":"https:\/\/www.santamonica.com\/pt\/wp-json\/wp\/v2\/media?parent=339968"}],"wp:term":[{"taxonomy":"silos","embeddable":true,"href":"https:\/\/www.santamonica.com\/pt\/wp-json\/wp\/v2\/silos?post=339968"}],"curies":[{"name":"wp","href":"https:\/\/api.w.org\/{rel}","templated":true}]}}