{"id":339951,"date":"2022-06-17T12:06:45","date_gmt":"2022-06-17T19:06:45","guid":{"rendered":"https:\/\/www.santamonica.com\/?page_id=339951"},"modified":"2022-06-17T12:06:47","modified_gmt":"2022-06-17T19:06:47","slug":"guia-de-refeicoes-2","status":"publish","type":"page","link":"https:\/\/www.santamonica.com\/pt\/dining-guide-2\/","title":{"rendered":"Guia de refei\u00e7\u00f5es"},"content":{"rendered":"<section class=\"travel-tips --theme7 sm-block base-block\">\n    <div class=\"travel-tips__inner\">\n        <div class=\"travel-tips__body-col\">\n                            <img decoding=\"async\" src=\"https:\/\/www.santamonica.com\/wp-content\/uploads\/2022\/06\/responsible-badge-1.svg\" alt=\"Viaje para Santa Monica com responsabilidade\" title=\"\">\n                                        <p class=\"travel-tips__intro\">Viaje de forma segura e sustent\u00e1vel para ajudar a manter a beleza de Santa Monica e, ao mesmo tempo, permanecer saud\u00e1vel com estas dicas.<\/p>\n                    <\/div>\n        <div class=\"travel-tips__links-col\">\n                        <div class=\"travel-tips__link-row\">\n                                    <img decoding=\"async\" src=\"https:\/\/www.santamonica.com\/wp-content\/uploads\/2022\/06\/Parking-Information.svg\" alt=\"Estacionamento em Santa Monica\" title=\"\">\n                                                    <a class=\"travel-tips__link\" href=\"https:\/\/www.santamonica.com\/pt\/transporte\/estacionamento\/\">\n                        Informa\u00e7\u00f5es sobre o estacionamento                    <\/a>\n                            <\/div>\n                        <div class=\"travel-tips__link-row\">\n                                    <img decoding=\"async\" src=\"https:\/\/www.santamonica.com\/wp-content\/uploads\/2022\/06\/What-to-Pack.svg\" alt=\"Como fazer as malas para uma viagem a Santa M\u00f4nica\" title=\"\">\n                                                    <a class=\"travel-tips__link\" href=\"https:\/\/www.santamonica.com\/pt\/experiencia-em-santa-monica\/o-que-levar-na-mala\/\">\n                        O que levar na mala                    <\/a>\n                            <\/div>\n                        <div class=\"travel-tips__link-row\">\n                                    <img decoding=\"async\" src=\"https:\/\/www.santamonica.com\/wp-content\/uploads\/2022\/06\/Health-and-Safety.svg\" alt=\"Dicas de seguran\u00e7a de viagem em Santa M\u00f4nica\" title=\"\">\n                                                    <a class=\"travel-tips__link\" href=\"https:\/\/www.santamonica.com\/pt\/experiencia-em-santa-monica\/seguranca\/\">\n                        Sa\u00fade e seguran\u00e7a                    <\/a>\n                            <\/div>\n                        <div class=\"travel-tips__link-row\">\n                                    <img decoding=\"async\" src=\"https:\/\/www.santamonica.com\/wp-content\/uploads\/2022\/06\/The-Essentials.svg\" alt=\"Itens essenciais para uma viagem a Santa M\u00f4nica\" title=\"\">\n                                                    <a class=\"travel-tips__link\" href=\"https:\/\/www.santamonica.com\/pt\/experiencia-em-santa-monica\/essenciais\/\">\n                        O essencial                    <\/a>\n                            <\/div>\n                    <\/div>\n\n    <\/div>\n<\/section>\n\n\n<section class=\"sun-title sm-block --theme6 sm-block\">\n            <h2 class=\"sun-title__headline\">Onde comer u0026 beber <\/h2>    \n            <div class=\"sun-title__body  wysiwyg\">\n                    <p>Coma, beba e divirta-se em Santa M\u00f4nica. N\u00e3o importa onde voc\u00ea se hospede ou passeie, voc\u00ea se ver\u00e1 cercado por restaurantes exclusivos, bares descolados e as barracas de praia mais bem guardadas e secretas. Explore mais lugares e descubra os melhores pratos que temos a oferecer.<\/p>\n                        <\/div>\n    <\/section>\n\n\n\n    \n    <section class=\"subpage-links container-max sm-block\">\n        <div class=\"subpage-links__diamonds\"><\/div>\n                <div class=\"subpage-links__content\">\n            <div class=\"subpage-links__card\">\n                <div class=\"subpage-links__card-wrapper\">\n                    <a href=\"https:\/\/www.santamonica.com\/pt\/hoteis\/\" class=\"subpage-links__card-link\" aria-label=\"Hot\u00e9is\">\n                                                    <img decoding=\"async\" width=\"550\" height=\"785\" src=\"https:\/\/www.santamonica.com\/wp-content\/uploads\/2022\/06\/hotels.jpg\" class=\"subpage-links__card-image\" alt=\"hot\u00e9is\" loading=\"lazy\" srcset=\"https:\/\/www.santamonica.com\/wp-content\/uploads\/2022\/06\/hotels.jpg 550w, https:\/\/www.santamonica.com\/wp-content\/uploads\/2022\/06\/hotels-210x300.jpg 210w, https:\/\/www.santamonica.com\/wp-content\/uploads\/2022\/06\/hotels-105x150.jpg 105w\" sizes=\"auto, (max-width: 550px) 100vw, 550px\" title=\"\">                                                                            <div class=\"subpage-links__card-description\">\n                                <span class=\"subpage-links__card-title\">Hot\u00e9is<\/span>\n                                <div class=\"subpage-links__card-button card-arrow\">Explorar<\/div>\n                            <\/div>\n                                            <\/a>\n                <\/div>\n            <\/div>\n            <div class=\"subpage-links__card\">\n                <div class=\"subpage-links__card-wrapper\">\n                    <a href=\"https:\/\/www.santamonica.com\/pt\/coisas-para-fazer\/\" class=\"subpage-links__card-link\" aria-label=\"Coisas para fazer\">\n                                                    <img decoding=\"async\" width=\"550\" height=\"785\" src=\"https:\/\/www.santamonica.com\/wp-content\/uploads\/2022\/06\/things-to-do.jpg\" class=\"subpage-links__card-image\" alt=\"coisas para fazer\" loading=\"lazy\" srcset=\"https:\/\/www.santamonica.com\/wp-content\/uploads\/2022\/06\/things-to-do.jpg 550w, https:\/\/www.santamonica.com\/wp-content\/uploads\/2022\/06\/things-to-do-210x300.jpg 210w, https:\/\/www.santamonica.com\/wp-content\/uploads\/2022\/06\/things-to-do-105x150.jpg 105w\" sizes=\"auto, (max-width: 550px) 100vw, 550px\" title=\"\">                                                                            <div class=\"subpage-links__card-description\">\n                                <div class=\"subpage-links__card-title\">Coisas para fazer<\/div>\n                                <div class=\"subpage-links__card-button card-arrow\">Explorar<\/div>\n                            <\/div>\n                                            <\/a>\n                <\/div>\n            <\/div>\n            <div class=\"subpage-links__card\">\n                <div class=\"subpage-links__card-wrapper\">\n                    <a href=\"https:\/\/www.santamonica.com\/pt\/experiencia-em-santa-monica\/\" class=\"subpage-links__card-link\" aria-label=\"As experi\u00eancias\">\n                                                    <img decoding=\"async\" width=\"550\" height=\"785\" src=\"https:\/\/www.santamonica.com\/wp-content\/uploads\/2022\/06\/santa-monica-experiences.jpg\" class=\"subpage-links__card-image\" alt=\"experi\u00eancias em santa m\u00f4nica\" loading=\"lazy\" srcset=\"https:\/\/www.santamonica.com\/wp-content\/uploads\/2022\/06\/santa-monica-experiences.jpg 550w, https:\/\/www.santamonica.com\/wp-content\/uploads\/2022\/06\/santa-monica-experiences-210x300.jpg 210w, https:\/\/www.santamonica.com\/wp-content\/uploads\/2022\/06\/santa-monica-experiences-105x150.jpg 105w\" sizes=\"auto, (max-width: 550px) 100vw, 550px\" title=\"\">                                                                            <div class=\"subpage-links__card-description\">\n                                <div class=\"subpage-links__card-title\">As experi\u00eancias<\/div>\n                                <div class=\"subpage-links__card-button card-arrow\">Explorar<\/div>\n                            <\/div>\n                                            <\/a>\n                <\/div>\n            <\/div>\n        <\/div>\n            <\/section>\n\n\n<section class=\"links-grid --theme3 sm-block\">\n    <div class=\"links-grid__wrapper\">\n                                                    <a href=\"https:\/\/www.santamonica.com\/pt\/experience-santa-monica\/neighborhoods\/downtown-santa-monica-3rd-street-promenade\/\" class=\"links-grid__card-link\" aria-label=\"Centro da cidade \/ Third Street Promenade\" >\n                    <div class=\"links-grid__card\">\n                                                    <div class=\"links-grid__card-image-wrapper\">\n                                <img decoding=\"async\" width=\"400\" height=\"400\" src=\"https:\/\/www.santamonica.com\/wp-content\/uploads\/2022\/06\/shopping-by-neighborhood-400x400.jpg\" class=\"links-grid__card-image\" alt=\"Explore a Third Street Promenade em Santa Monica\" loading=\"lazy\" title=\"\">                            <\/div>\n                                                <div class=\"links-grid__card-text\">\n                                                            <div class=\"links-grid__card-title\">Centro da cidade \/ Third Street Promenade<\/div>\n                                                                                        <div class=\"links-grid__card-description\">Restaurantes, lojas e entretenimento - oh, meu Deus!<\/div>\n                                                    <\/div>\n                    <\/div>\n                <\/a>\n                                            <a href=\"\" class=\"links-grid__card-link\" aria-label=\"\" >\n                    <div class=\"links-grid__card\">\n                                                <div class=\"links-grid__card-text\">\n                                                                                        <div class=\"links-grid__card-description\">Pegue um sandu\u00edche ou uma x\u00edcara de caf\u00e9 enquanto explora.<\/div>\n                                                    <\/div>\n                    <\/div>\n                <\/a>\n                                            <a href=\"\" class=\"links-grid__card-link\" aria-label=\"\" >\n                    <div class=\"links-grid__card\">\n                                                <div class=\"links-grid__card-text\">\n                                                                                        <div class=\"links-grid__card-description\">Comida local praiana, incluindo poke bowls u0026 SoCal Mexican.<\/div>\n                                                    <\/div>\n                    <\/div>\n                <\/a>\n                                            <a href=\"\" class=\"links-grid__card-link\" aria-label=\"\" >\n                    <div class=\"links-grid__card\">\n                                                <div class=\"links-grid__card-text\">\n                                                                                        <div class=\"links-grid__card-description\">Bistr\u00f4s, caf\u00e9s e padarias s\u00e3o abundantes nessa parte doce da cidade.<\/div>\n                                                    <\/div>\n                    <\/div>\n                <\/a>\n                                            <a href=\"\" class=\"links-grid__card-link\" aria-label=\"\" >\n                    <div class=\"links-grid__card\">\n                                                <div class=\"links-grid__card-text\">\n                                                                                        <div class=\"links-grid__card-description\">Descubra pratos italianos, japoneses e do Oriente M\u00e9dio.<\/div>\n                                                    <\/div>\n                    <\/div>\n                <\/a>\n                                            <a href=\"\" class=\"links-grid__card-link\" aria-label=\"\" >\n                    <div class=\"links-grid__card\">\n                                                <div class=\"links-grid__card-text\">\n                                                                                        <div class=\"links-grid__card-description\">Experimente o melhor dos melhores restaurantes de Santa M\u00f4nica.<\/div>\n                                                    <\/div>\n                    <\/div>\n                <\/a>\n                                            <a href=\"\" class=\"links-grid__card-link\" aria-label=\"\" >\n                    <div class=\"links-grid__card\">\n                                                <div class=\"links-grid__card-text\">\n                                                                                        <div class=\"links-grid__card-description\">Mergulhe nos frutos do mar locais e nas sobremesas cl\u00e1ssicas. <\/div>\n                                                    <\/div>\n                    <\/div>\n                <\/a>\n                                            <a href=\"\" class=\"links-grid__card-link\" aria-label=\"\" >\n                    <div class=\"links-grid__card\">\n                                                <div class=\"links-grid__card-text\">\n                                                                                        <div class=\"links-grid__card-description\">Aqui, o saud\u00e1vel encontra o natural (al\u00e9m de um pouco de indulg\u00eancia).<\/div>\n                                                    <\/div>\n                    <\/div>\n                <\/a>\n                        <\/div>\n<\/section>\n\n\n\n\n<div class=\"wp-block-columns is-layout-flex wp-container-core-columns-is-layout-28f84493 wp-block-columns-is-layout-flex base-block\">\n<div class=\"wp-block-column is-layout-flow wp-block-column-is-layout-flow base-block\">\n<h4 class=\"wp-block-heading base-block\"><strong>Fus\u00e3o de Cali<\/strong><\/h4>\n\n\n\n<p class=\"base-block\">Santa Monica n\u00e3o \u00e9 apenas uma cidade boa para comer - \u00e9 um destino gastron\u00f4mico internacional e o ber\u00e7o da culin\u00e1ria \u201ccaliforniana\u201d e \u201cfusion\u201d, marcada por uma mistura art\u00edstica de estilos culin\u00e1rios e pelos ingredientes org\u00e2nicos mais frescos.<\/p>\n<\/div>\n\n\n\n<div class=\"wp-block-column is-layout-flow wp-block-column-is-layout-flow base-block\">\n<h4 class=\"wp-block-heading base-block\">Da fazenda para a mesa<\/h4>\n\n\n\n<p class=\"base-block\">Santa Monica estava na vanguarda do movimento de alimentos locais muito antes de ele se tornar popular. O uso de ingredientes sustent\u00e1veis e org\u00e2nicos \u00e9 fundamental para as abordagens culin\u00e1rias dos principais chefs da cidade.<\/p>\n<\/div>\n\n\n\n<div class=\"wp-block-column is-layout-flow wp-block-column-is-layout-flow base-block\">\n<h4 class=\"wp-block-heading base-block\">Alimenta\u00e7\u00e3o saud\u00e1vel<\/h4>\n\n\n\n<p class=\"base-block\">Em toda Santa Monica, voc\u00ea encontrar\u00e1 restaurantes inovadores que usam ingredientes org\u00e2nicos de origem local em pratos vegetarianos e veganos. Essa \u00e9 mais uma prova de que o que \u00e9 bom para voc\u00ea tamb\u00e9m pode ser gostoso!<\/p>\n<\/div>\n<\/div>\n\n\n\n<section class=\"two-images container-max sm-block  sm-block\">\n    <div class=\"two-images__container\">\n\n        <div class=\"two-images__column\">\n            <div class=\"two-images__content\">\n                <div class=\"two-images__content-header-container\">\n                                            <h2 class=\"two-images__content-header\">Mercados de produtores rurais de Santa M\u00f4nica<\/h2>                                    <\/div>\n                                    <div class=\"two-images__content-body wysiwyg\">\n                        <p>Nomeado pela Travel + Leisure como o melhor mercado de agricultores do condado, os quatro mercados semanais de agricultores de Santa Monica atraem os moradores da cidade e os chefs locais com produtos frescos, flores, carnes, queijos, nozes, peixes e muito mais.rnrnVoc\u00ea pode n\u00e3o comer ou mesmo visitar o u003ca href=u0022https:\/\/www.santamonica.com\/farmers-markets\/u0022u003eSanta Monica Farmers Marketu003c\/au003e, mas o seu chef (provavelmente) o far\u00e1.<\/p>\n                    <\/div>\n                                            <\/div>\n        <\/div>\n\n        <div class=\"two-images__column\">\n                            <div class=\"two-images__image-container\">\n                    <img decoding=\"async\" width=\"425\" height=\"505\" src=\"https:\/\/www.santamonica.com\/wp-content\/uploads\/2022\/06\/farmers-market-dining.jpg\" class=\"two-images__image\" alt=\"refei\u00e7\u00f5es no mercado dos fazendeiros\" loading=\"lazy\" srcset=\"https:\/\/www.santamonica.com\/wp-content\/uploads\/2022\/06\/farmers-market-dining.jpg 425w, https:\/\/www.santamonica.com\/wp-content\/uploads\/2022\/06\/farmers-market-dining-252x300.jpg 252w, https:\/\/www.santamonica.com\/wp-content\/uploads\/2022\/06\/farmers-market-dining-126x150.jpg 126w\" sizes=\"auto, (max-width: 425px) 100vw, 425px\" title=\"\">                    \n\n                <\/div>\n                    <\/div>\n\n        <div class=\"two-images__column\">\n                            <div class=\"two-images__image-container\">\n                    <img decoding=\"async\" width=\"600\" height=\"565\" src=\"https:\/\/www.santamonica.com\/wp-content\/uploads\/2022\/06\/food-drink-farmers-market.jpg\" class=\"two-images__image\" alt=\"Mercado de produtores rurais no centro de Santa M\u00f4nica\" loading=\"lazy\" srcset=\"https:\/\/www.santamonica.com\/wp-content\/uploads\/2022\/06\/food-drink-farmers-market.jpg 600w, https:\/\/www.santamonica.com\/wp-content\/uploads\/2022\/06\/food-drink-farmers-market-300x283.jpg 300w, https:\/\/www.santamonica.com\/wp-content\/uploads\/2022\/06\/food-drink-farmers-market-159x150.jpg 159w\" sizes=\"auto, (max-width: 600px) 100vw, 600px\" title=\"\">                    \n\n            <div class=\"img-lctn-tag --no-link two-images__image-caption --right\">Mercado de produtores rurais no centro de Santa M\u00f4nica<\/div>\n                    <\/div>\n                    <\/div>\n\n    <\/div>\n<\/section>\n\n\n<section class=\"crowdriff-stories --theme6  sm-block\" >\n    <div class=\"crowdriff-stories__content\">\n                    <h1 class=\"crowdriff-stories__headline\">Hist\u00f3rias visuais<\/h1>        \n        <!-- Begin amp.travel gallery code -->\n                    <script>\n                (function(u, w, d, a, q, e) {\n                    if (w.amptravel) return;\n                    q = [];\n                    a = w.amptravel = function(a, p) {\n                        w.amptravel.q.push({\n                            a: a,\n                            p: p\n                        });\n                    };\n                    a.q = q;\n                    a.v = \"2\";\n                    e = d.createElement(\"script\");\n                    e.setAttribute(\"src\", u + \"\/v\" + a.v + \"\/js\");\n                    d.head.appendChild(e);\n                })(\n                    \"https:\/\/g.amp.travel\",\n                    window,\n                    document\n                );\n            <\/script>\n            <div data-amp-travel-gallery-id=\"f6a6909f-a821-4445-ae20-d9801a7b4ee2\" data-amp-travel=\"gallery-container\"><\/div>\n            <!-- End amp.travel gallery code -->\n            <\/div>\n<\/section>\n\n\n<section class=\"blog-feed --theme8 sm-block\">\n    <div class=\"blog-feed__content\">\n        <div class=\"blog-feed__intro\">\n                            <div class=\"blog-feed__eyebrow eyebrow\">Blogs<\/div>                                        <h3 class=\"blog-feed__headline\">Quer mais?<\/h3>                                        <div class=\"blog-feed__body\"><p>Confira as \u00faltimas descobertas locais no cen\u00e1rio gastron\u00f4mico de Santa Monica.<\/p>\n<\/div>\n                                        <a class=\"blog-feed__cta\" href=\"https:\/\/www.santamonica.com\/pt\/postagens-de-blog\/\">Ver todos os blogs<\/a>\n                    <\/div>\n\n        <ul class=\"blog-feed__list\">\n                                                <li class=\"blog-feed__item\">\n                        <a href=\"https:\/\/www.santamonica.com\/pt\/restaurants\/allergy-friendly-dining-options-in-santa-monica\/\" class=\"blog-feed__item-link\">\n                            <div class=\"blog-feed__image-ratio\">\n                                <img decoding=\"async\" class=\"blog-feed__image\" src=\"https:\/\/www.santamonica.com\/wp-content\/uploads\/2021\/04\/FlowerchildBowl_Featured-400x400.jpg\" alt=\"Op\u00e7\u00f5es de restaurantes antial\u00e9rgicos em Santa Monica\" title=\"\">\n                            <\/div>\n                            <div class=\"blog-feed__card-title\">Op\u00e7\u00f5es de restaurantes antial\u00e9rgicos em Santa Monica<\/div>\n                        <\/a>\n                    <\/li>\n                                                                <li class=\"blog-feed__item\">\n                        <a href=\"https:\/\/www.santamonica.com\/pt\/experience-santa-monica\/take-a-trip-around-the-world-santa-monica-style\/\" class=\"blog-feed__item-link\">\n                            <div class=\"blog-feed__image-ratio\">\n                                <img decoding=\"async\" class=\"blog-feed__image\" src=\"https:\/\/www.santamonica.com\/wp-content\/uploads\/2020\/10\/Travel-The-World-in-Santa-Monica-blog-post-featured-400x400.jpg\" alt=\"Fa\u00e7a uma viagem ao redor do mundo, no estilo de Santa M\u00f4nica\" title=\"\">\n                            <\/div>\n                            <div class=\"blog-feed__card-title\">Fa\u00e7a uma viagem ao redor do mundo, no estilo de Santa M\u00f4nica<\/div>\n                        <\/a>\n                    <\/li>\n                                                                <li class=\"blog-feed__item\">\n                        <a href=\"https:\/\/www.santamonica.com\/pt\/restaurants\/santa-monicas-new-restaurants-in-2021\/\" class=\"blog-feed__item-link\">\n                            <div class=\"blog-feed__image-ratio\">\n                                <img decoding=\"async\" class=\"blog-feed__image\" src=\"https:\/\/www.santamonica.com\/wp-content\/uploads\/2021\/03\/NewRestaurantsFeatured-1-400x400.jpg\" alt=\"Novos restaurantes de Santa M\u00f4nica em 2024\" title=\"\">\n                            <\/div>\n                            <div class=\"blog-feed__card-title\">Novos restaurantes de Santa M\u00f4nica em 2024<\/div>\n                        <\/a>\n                    <\/li>\n                                    <\/ul>\n    <\/div>\n<\/section>","protected":false},"excerpt":{"rendered":"<p>Cali fusion Santa Monica isn&#8217;t just a good eating town\u2013it&#8217;s an international dining destination and reputed birthplace of \u201cCalifornia\u201d and \u201cfusion\u201d cuisine, marked by an artistic blending of culinary styles [&hellip;]<\/p>\n","protected":false},"author":1450,"featured_media":338301,"parent":0,"menu_order":0,"comment_status":"closed","ping_status":"closed","template":"template-things-to-do.php","meta":{"_acf_changed":false,"inline_featured_image":false,"footnotes":""},"silos":[],"class_list":["post-339951","page","type-page","status-publish","has-post-thumbnail","hentry"],"acf":[],"_links":{"self":[{"href":"https:\/\/www.santamonica.com\/pt\/wp-json\/wp\/v2\/pages\/339951","targetHints":{"allow":["GET"]}}],"collection":[{"href":"https:\/\/www.santamonica.com\/pt\/wp-json\/wp\/v2\/pages"}],"about":[{"href":"https:\/\/www.santamonica.com\/pt\/wp-json\/wp\/v2\/types\/page"}],"author":[{"embeddable":true,"href":"https:\/\/www.santamonica.com\/pt\/wp-json\/wp\/v2\/users\/1450"}],"replies":[{"embeddable":true,"href":"https:\/\/www.santamonica.com\/pt\/wp-json\/wp\/v2\/comments?post=339951"}],"version-history":[{"count":1,"href":"https:\/\/www.santamonica.com\/pt\/wp-json\/wp\/v2\/pages\/339951\/revisions"}],"predecessor-version":[{"id":339952,"href":"https:\/\/www.santamonica.com\/pt\/wp-json\/wp\/v2\/pages\/339951\/revisions\/339952"}],"wp:featuredmedia":[{"embeddable":true,"href":"https:\/\/www.santamonica.com\/pt\/wp-json\/wp\/v2\/media\/338301"}],"wp:attachment":[{"href":"https:\/\/www.santamonica.com\/pt\/wp-json\/wp\/v2\/media?parent=339951"}],"wp:term":[{"taxonomy":"silos","embeddable":true,"href":"https:\/\/www.santamonica.com\/pt\/wp-json\/wp\/v2\/silos?post=339951"}],"curies":[{"name":"wp","href":"https:\/\/api.w.org\/{rel}","templated":true}]}}