{"id":339940,"date":"2022-06-20T21:02:10","date_gmt":"2022-06-21T04:02:10","guid":{"rendered":"https:\/\/www.santamonica.com\/?page_id=339940"},"modified":"2025-06-11T19:31:17","modified_gmt":"2025-06-12T02:31:17","slug":"cupula-de-turismo-de-viagem","status":"publish","type":"page","link":"https:\/\/www.santamonica.com\/pt\/travel-tourism-summit\/","title":{"rendered":"16\u00aa C\u00fapula Anual de Turismo"},"content":{"rendered":"<section class=\"sun-title sm-block --theme6 --2col sm-block\">\n            <h3 class=\"sun-title__headline\">Detalhes do evento<\/h3>    \n            <div class=\"sun-title__body  --2col wysiwyg\">\n                    <div class=\"column-1\">\n                <h5><strong>Quando<\/strong><\/h5>\n<p>Quinta-feira, 12 de junho de 2025<br \/>\n2:00 p.m. - 5:00 p.m.<\/p>\n<h5>Onde<\/h5>\n<p>Clube de praia Jonathan<br \/>\n850 Palisades Beach Rd.<br \/>\nSanta M\u00f4nica, CA 90403<\/p>\n<h5>Trajes<\/h5>\n<p>Roupa de resort<\/p>\n                            <\/div>\n            <div class=\"column-2\">\n                <h5>Destaques do programa<\/h5>\n<div class=\"column-1\">\n<ul>\n<li>Oradora principal Caroline Beteta, Presidente e CEO da Visit California.<\/li>\n<li>Previs\u00f5es de viagens e atualiza\u00e7\u00f5es econ\u00f4micas.<\/li>\n<li>Atualiza\u00e7\u00f5es do mercado internacional com representantes da SMTT da Austr\u00e1lia\/Nova Zel\u00e2ndia, Canad\u00e1, Fran\u00e7a, Alemanha e Reino Unido\/Irlanda.<\/li>\n<li>Atualiza\u00e7\u00f5es de Geoff Freeman, presidente e CEO da U.S. Travel Association.<\/li>\n<li>Atualiza\u00e7\u00f5es de Erin Francis-Cummings, Presidente e CEO da Future Partners.<\/li>\n<li>Painel de especialistas do setor de turismo com a participa\u00e7\u00e3o de:\n<ul>\n<li>Rachel Michelin, Presidente\/CEO, Associa\u00e7\u00e3o de Varejistas da Calif\u00f3rnia<\/li>\n<li>Jot Condie, Presidente\/CEO, Associa\u00e7\u00e3o de Restaurantes da Calif\u00f3rnia<\/li>\n<li>Lynn Mohrfeld, presidente e CEO da California Hotel &amp; Lodging Association<\/li>\n<\/ul>\n<\/li>\n<\/ul>\n<\/div>\n                            <\/div>\n            <\/div>\n    <\/section>\n\n\n\n<section class=\"two-images container-max sm-block --flip sm-block\">\n    <div class=\"two-images__container --flip\">\n\n        <div class=\"two-images__column\">\n            <div class=\"two-images__content\">\n                <div class=\"two-images__content-header-container\">\n                                            <h1 class=\"two-images__content-header\">Indique o vencedor do Pr\u00eamio Thelma Parks Tourism Spirit deste ano<\/h1>                                    <\/div>\n                                    <div class=\"two-images__content-body wysiwyg\">\n                        <p data-start=\"32\" data-end=\"181\"><strong>*As inscri\u00e7\u00f5es foram encerradas na segunda-feira, 1\u00ba de junho<\/strong><\/p>\n<p class=\"\" data-start=\"32\" data-end=\"181\">Conhece algu\u00e9m que torna Santa Monica inesquec\u00edvel para os visitantes? Reconhe\u00e7a seus servi\u00e7os excepcionais com o pr\u00eamio <strong data-start=\"141\" data-end=\"179\"><a href=\"https:\/\/www.santamonica.com\/pt\/cupula-de-turismo-2025-rsvp\/\">Pr\u00eamio Thelma Parks de Esp\u00edrito Tur\u00edstico<\/a><\/strong>! Esse pr\u00eamio homenageia profissionais de hospitalidade excepcionais - gerentes ou n\u00e3o - indicados por empresas, colegas e visitantes.<\/p>\n<p class=\"\" data-start=\"326\" data-end=\"489\">Nomeado em homenagem a Thelma Parks, uma querida funcion\u00e1ria de 23 anos da Santa Monica Travel &amp; Tourism, esse pr\u00eamio celebra a excel\u00eancia, a inova\u00e7\u00e3o e o compromisso em nosso setor. Um comit\u00ea de l\u00edderes do setor selecionar\u00e1 os vencedores, que ser\u00e3o homenageados em <strong data-start=\"567\" data-end=\"619\">12 de junho na 16\u00aa C\u00fapula Anual de Turismo de 2025<\/strong>, em parceria com a C\u00e2mara de Com\u00e9rcio de Santa M\u00f4nica.<\/p>\n                    <\/div>\n                                            <\/div>\n        <\/div>\n\n        <div class=\"two-images__column\">\n                            <div class=\"two-images__image-container\">\n                    <img decoding=\"async\" width=\"424\" height=\"504\" src=\"https:\/\/www.santamonica.com\/wp-content\/uploads\/2024\/05\/2024-Santa-Monica-Thelma-Parks-Tourism-Spirit-Award-Winner-Ramon-Jimenez-Bravo.png\" class=\"two-images__image\" alt=\"\" loading=\"lazy\" srcset=\"https:\/\/www.santamonica.com\/wp-content\/uploads\/2024\/05\/2024-Santa-Monica-Thelma-Parks-Tourism-Spirit-Award-Winner-Ramon-Jimenez-Bravo.png 424w, https:\/\/www.santamonica.com\/wp-content\/uploads\/2024\/05\/2024-Santa-Monica-Thelma-Parks-Tourism-Spirit-Award-Winner-Ramon-Jimenez-Bravo-252x300.png 252w, https:\/\/www.santamonica.com\/wp-content\/uploads\/2024\/05\/2024-Santa-Monica-Thelma-Parks-Tourism-Spirit-Award-Winner-Ramon-Jimenez-Bravo-126x150.png 126w\" sizes=\"auto, (max-width: 424px) 100vw, 424px\" title=\"\">                    \n\n                <\/div>\n                    <\/div>\n\n        <div class=\"two-images__column\">\n                            <div class=\"two-images__image-container\">\n                    <img decoding=\"async\" width=\"600\" height=\"564\" src=\"https:\/\/www.santamonica.com\/wp-content\/uploads\/2024\/05\/Untitled-design-52.jpg\" class=\"two-images__image\" alt=\"\" loading=\"lazy\" srcset=\"https:\/\/www.santamonica.com\/wp-content\/uploads\/2024\/05\/Untitled-design-52.jpg 600w, https:\/\/www.santamonica.com\/wp-content\/uploads\/2024\/05\/Untitled-design-52-300x282.jpg 300w, https:\/\/www.santamonica.com\/wp-content\/uploads\/2024\/05\/Untitled-design-52-160x150.jpg 160w\" sizes=\"auto, (max-width: 600px) 100vw, 600px\" title=\"\">                    \n\n                <\/div>\n                    <\/div>\n\n    <\/div>\n<\/section>\n\n\n<section class=\"sun-title sm-block --theme6 --2col sm-block\" id=\"directions\">\n            <h2 class=\"sun-title__headline\">Dire\u00e7\u00f5es<\/h2>    \n            <div class=\"sun-title__body  --2col wysiwyg\">\n                    <div class=\"column-1\">\n                <p style=\"font-weight: 400;\"><strong>Do Aeroporto Internacional de Los Angeles (LAX)<br \/>\n<\/strong>Pegue a rodovia I-405 N em dire\u00e7\u00e3o a Santa Monica<br \/>\nPegue a I-10 W em dire\u00e7\u00e3o a Santa Monica<br \/>\nContinue na CA-1 N<br \/>\nVire \u00e0 esquerda para o clube<\/p>\n<p style=\"font-weight: 400;\"><strong>Do norte de Santa M\u00f4nica<br \/>\n<\/strong>Pegue a rodovia US-101 S<br \/>\nPegue a I-405 S em dire\u00e7\u00e3o a Santa Monica<br \/>\nPegue a I-10 W em dire\u00e7\u00e3o a Santa Monica<br \/>\nContinue na CA-1 N<br \/>\nVire \u00e0 esquerda para o clube<\/p>\n                            <\/div>\n            <div class=\"column-2\">\n                <p><strong>Do sul de Santa M\u00f4nica<br \/>\n<\/strong>Pegue a rodovia I-405 N em dire\u00e7\u00e3o a Santa Monica<br \/>\nPegue a I-10 W em dire\u00e7\u00e3o a Santa Monica<br \/>\nContinue na CA-1 N<br \/>\nVire \u00e0 esquerda para o clube<\/p>\n<p style=\"font-weight: 400;\"><strong>Do leste de Santa M\u00f4nica<br \/>\n<\/strong>Pegue a I-10 W em dire\u00e7\u00e3o a Santa Monica<br \/>\nContinue na CA-1 N<br \/>\nVire \u00e0 esquerda para o clube<\/p>\n                            <\/div>\n            <\/div>\n    <\/section>\n\n\n<section class=\"sun-title sm-block --theme6 sm-block\" id=\"directions\">\n            <h2 class=\"sun-title__headline\">Estacionamento<\/h2>    \n            <div class=\"sun-title__body  wysiwyg\">\n                    <p>O estacionamento est\u00e1 dispon\u00edvel no North Lot 8 em 772-798 Pacific Coast Hwy, Santa Monica, CA 90403.<br \/>\nN\u00e3o se esque\u00e7a de informar ao atendente que voc\u00ea est\u00e1 participando do Santa Monica Tourism Summit ao chegar.<\/p>\n                        <\/div>\n    <\/section>\n\n\n\n<section class=\"image-section-break sm-block\">\n    <div class=\"image-section-break__image-wrapper\">\n                    <picture>\n                    <source\n                        media=\"(min-width: 768px)\"\n                        srcset=\"https:\/\/www.santamonica.com\/wp-content\/uploads\/2022\/06\/santa-monica-speaker-scaled.jpg\"\n                    >\n                    <img decoding=\"async\" src=\"https:\/\/www.santamonica.com\/wp-content\/uploads\/2022\/06\/Santa-monica-speaker-at-event.jpg\" class=\"image-section-break__image\" alt=\"\" title=\"\">\n            <\/picture>\n                \n\n    <\/div>\n    <div class=\"image-section-break__text-content\">\n        <div class=\"image-section-break__first-content --theme3\">\n                                        <h2 class=\"image-section-break__title\">Orador principal<\/h2>\n                                            <\/div>\n        <div class=\"image-section-break__second-content\">\n                                <\/div>\n    <\/div>\n<\/section>\n\n\n<section class=\"sun-title sm-block --theme1 --2col sm-block\" id=\"caroline\">\n            <h5 class=\"sun-title__headline\">Caroline Beteta, Visit California<\/h5>    \n            <div class=\"sun-title__body  --2col wysiwyg\">\n                    <div class=\"column-1\">\n                <p>Caroline Beteta atua como Presidente e CEO da Visit California, uma organiza\u00e7\u00e3o sem fins lucrativos criada para promover a Calif\u00f3rnia como um destino de viagem de primeira linha e aumentar a participa\u00e7\u00e3o do estado nas receitas relacionadas ao turismo. Ao mesmo tempo, ela atua como consultora estrat\u00e9gica do Gabinete de Desenvolvimento Econ\u00f4mico e Empresarial do Governador (GO-Biz). Beteta \u00e9 respons\u00e1vel pela implementa\u00e7\u00e3o do programa de marketing global do Visit California em nome dos 21.000 investidores da organiza\u00e7\u00e3o e atua como a principal porta-voz do setor de viagens da Calif\u00f3rnia. Em seu mandato, ela supervisionou uma d\u00e9cada de crescimento do setor de viagens da Calif\u00f3rnia, atingindo o pico em 2019 com um recorde de $144,9 bilh\u00f5es em benef\u00edcios econ\u00f4micos para o estado. Ela conduziu o crescimento do Visit California at\u00e9 se tornar uma franquia de marketing global e ajudou a restaurar as viagens e o turismo ap\u00f3s in\u00fameras crises naturais e econ\u00f4micas.<\/p>\n<p>Caroline recebeu v\u00e1rios pr\u00eamios por seu trabalho criativo e lideran\u00e7a no setor de viagens, incluindo a inclus\u00e3o no Hall of Leaders da U.S. Travel Association.<\/p>\n<p>Caroline \u00e9 bacharel em Rela\u00e7\u00f5es Internacionais pela Universidade da Calif\u00f3rnia, em Los Angeles, e tem mestrado em Administra\u00e7\u00e3o P\u00fablica\/Assuntos Intergovernamentais pela Universidade do Sul da Calif\u00f3rnia. Ela tamb\u00e9m concluiu o Programa de Gerenciamento Executivo de Marketing da Stanford Graduate School of Business.<\/p>\n                            <\/div>\n            <div class=\"column-2\">\n                <p><img decoding=\"async\" class=\"aligncenter wp-image-380254 size-full\" src=\"https:\/\/www.santamonica.com\/wp-content\/uploads\/2023\/05\/Caroline-Beteta-Web.jpg\" alt=\"\" width=\"300\" height=\"350\" srcset=\"https:\/\/www.santamonica.com\/wp-content\/uploads\/2023\/05\/Caroline-Beteta-Web.jpg 300w, https:\/\/www.santamonica.com\/wp-content\/uploads\/2023\/05\/Caroline-Beteta-Web-257x300.jpg 257w, https:\/\/www.santamonica.com\/wp-content\/uploads\/2023\/05\/Caroline-Beteta-Web-129x150.jpg 129w\" sizes=\"(max-width: 300px) 100vw, 300px\" title=\"\"><\/p>\n                            <\/div>\n            <\/div>\n    <\/section>","protected":false},"excerpt":{"rendered":"","protected":false},"author":1450,"featured_media":765699,"parent":0,"menu_order":0,"comment_status":"closed","ping_status":"closed","template":"template-editorial.php","meta":{"_acf_changed":false,"inline_featured_image":false,"footnotes":""},"silos":[],"class_list":["post-339940","page","type-page","status-publish","has-post-thumbnail","hentry"],"acf":[],"_links":{"self":[{"href":"https:\/\/www.santamonica.com\/pt\/wp-json\/wp\/v2\/pages\/339940","targetHints":{"allow":["GET"]}}],"collection":[{"href":"https:\/\/www.santamonica.com\/pt\/wp-json\/wp\/v2\/pages"}],"about":[{"href":"https:\/\/www.santamonica.com\/pt\/wp-json\/wp\/v2\/types\/page"}],"author":[{"embeddable":true,"href":"https:\/\/www.santamonica.com\/pt\/wp-json\/wp\/v2\/users\/1450"}],"replies":[{"embeddable":true,"href":"https:\/\/www.santamonica.com\/pt\/wp-json\/wp\/v2\/comments?post=339940"}],"version-history":[{"count":272,"href":"https:\/\/www.santamonica.com\/pt\/wp-json\/wp\/v2\/pages\/339940\/revisions"}],"predecessor-version":[{"id":778156,"href":"https:\/\/www.santamonica.com\/pt\/wp-json\/wp\/v2\/pages\/339940\/revisions\/778156"}],"wp:featuredmedia":[{"embeddable":true,"href":"https:\/\/www.santamonica.com\/pt\/wp-json\/wp\/v2\/media\/765699"}],"wp:attachment":[{"href":"https:\/\/www.santamonica.com\/pt\/wp-json\/wp\/v2\/media?parent=339940"}],"wp:term":[{"taxonomy":"silos","embeddable":true,"href":"https:\/\/www.santamonica.com\/pt\/wp-json\/wp\/v2\/silos?post=339940"}],"curies":[{"name":"wp","href":"https:\/\/api.w.org\/{rel}","templated":true}]}}