{"id":339851,"date":"2022-06-17T10:05:48","date_gmt":"2022-06-17T17:05:48","guid":{"rendered":"https:\/\/www.santamonica.com\/?page_id=339851"},"modified":"2025-05-07T16:48:44","modified_gmt":"2025-05-07T23:48:44","slug":"cabanas-de-piscina","status":"publish","type":"page","link":"https:\/\/www.santamonica.com\/pt\/hotels\/pool-cabanas\/","title":{"rendered":"Piscinas e cabanas"},"content":{"rendered":"<section class=\"two-images container-max sm-block --flip sm-block\">\n    <div class=\"two-images__container --flip\">\n\n        <div class=\"two-images__column\">\n            <div class=\"two-images__content\">\n                <div class=\"two-images__content-header-container\">\n                                            <h2 class=\"two-images__content-header\">Aluguel de cabanas em Santa M\u00f4nica<\/h2>                                    <\/div>\n                                    <div class=\"two-images__content-body wysiwyg\">\n                        <p>Procurando um lugar onde voc\u00ea possa sair pela porta e estar a uma curta dist\u00e2ncia da areia? N\u00e3o precisa procurar mais. H\u00e1 v\u00e1rios alugu\u00e9is de cabanas \u00e0 beira-mar em Santa Monica, ent\u00e3o voc\u00ea n\u00e3o precisa ir muito longe para encontrar o aluguel de f\u00e9rias perfeito para sua viagem \u00e0 costa da Calif\u00f3rnia. Confira alguns de nossos favoritos e lembre-se de reservar com anteced\u00eancia, pois essas comodidades impressionantes se esgotam rapidamente!<\/p>\n                    <\/div>\n                                            <\/div>\n        <\/div>\n\n        <div class=\"two-images__column\">\n                            <div class=\"two-images__image-container\">\n                    <img decoding=\"async\" width=\"425\" height=\"505\" src=\"https:\/\/www.santamonica.com\/wp-content\/uploads\/2022\/06\/santa-monica-day-beachfront-pool.jpg\" class=\"two-images__image\" alt=\"Piscina do Shore Hotel Santa Monica\" loading=\"lazy\" srcset=\"https:\/\/www.santamonica.com\/wp-content\/uploads\/2022\/06\/santa-monica-day-beachfront-pool.jpg 425w, https:\/\/www.santamonica.com\/wp-content\/uploads\/2022\/06\/santa-monica-day-beachfront-pool-252x300.jpg 252w, https:\/\/www.santamonica.com\/wp-content\/uploads\/2022\/06\/santa-monica-day-beachfront-pool-126x150.jpg 126w\" sizes=\"auto, (max-width: 425px) 100vw, 425px\" title=\"\">                    \n\n                <\/div>\n                    <\/div>\n\n        <div class=\"two-images__column\">\n                            <div class=\"two-images__image-container\">\n                    <img decoding=\"async\" width=\"1024\" height=\"765\" src=\"https:\/\/www.santamonica.com\/wp-content\/uploads\/2022\/06\/los-angeles-area-poolside-cabanas-1024x765.jpg\" class=\"two-images__image\" alt=\"\" loading=\"lazy\" srcset=\"https:\/\/www.santamonica.com\/wp-content\/uploads\/2022\/06\/los-angeles-area-poolside-cabanas-1024x765.jpg 1024w, https:\/\/www.santamonica.com\/wp-content\/uploads\/2022\/06\/los-angeles-area-poolside-cabanas-300x224.jpg 300w, https:\/\/www.santamonica.com\/wp-content\/uploads\/2022\/06\/los-angeles-area-poolside-cabanas-201x150.jpg 201w, https:\/\/www.santamonica.com\/wp-content\/uploads\/2022\/06\/los-angeles-area-poolside-cabanas-768x574.jpg 768w, https:\/\/www.santamonica.com\/wp-content\/uploads\/2022\/06\/los-angeles-area-poolside-cabanas.jpg 1339w\" sizes=\"auto, (max-width: 1024px) 100vw, 1024px\" title=\"\">                    \n\n                <\/div>\n                    <\/div>\n\n    <\/div>\n<\/section>\n\n\n<section class=\"sun-title sm-block --theme6 sm-block\">\n            <h3 class=\"sun-title__headline\">Viceroy Santa M\u00f4nica<\/h3>    \n            <div class=\"sun-title__body  wysiwyg\">\n                    <p>A<a href=\"https:\/\/www.santamonica.com\/pt\/hoteis\/viceroy-santa-monica\/\">\u00a0Viceroy Santa M\u00f4nica<\/a>\u00a0O aluguel de cabanas do Viceroy oferece a chance de experimentar cabanas luxuosas e com design criativo, pr\u00f3ximas \u00e0 Praia de Santa Monica e aos melhores restaurantes e lojas da cidade. Com v\u00e1rias unidades, muitas cabanas de aluguel do Viceroy s\u00e3o ao ar livre (para que voc\u00ea possa aproveitar a brisa do mar) e oferecem vistas amplas do oceano. Al\u00e9m disso, o Viceroy Santa Monica o convida a desfrutar da melhor experi\u00eancia de relaxamento com uma piscina externa impec\u00e1vel, espregui\u00e7adeiras de cortesia e um restaurante interno e externo. Cabanas e acesso \u00e0 piscina est\u00e3o dispon\u00edveis por meio de passes di\u00e1rios para n\u00e3o h\u00f3spedes do hotel.<\/p>\n                        <\/div>\n    <\/section>\n\n\n<section class=\"sun-title sm-block --theme6 sm-block\">\n            <h3 class=\"sun-title__headline\">Sandbourne Santa Monica<\/h3>    \n            <div class=\"sun-title__body  wysiwyg\">\n                    <p class=\"p1\">Localizado na 1740 Ocean Avenue, <a href=\"https:\/\/www.santamonica.com\/pt\/hoteis\/le-merigot-santa-monica\/\">Sandbourne Santa Monica<\/a> apresenta 175 quartos e su\u00edtes meticulosamente projetados. A piscina de luxo, adornada com cabanas, complementa o cen\u00e1rio ic\u00f4nico da Praia de Santa Monica. Nossa academia de gin\u00e1stica interna\/externa de \u00faltima gera\u00e7\u00e3o atende aos entusiastas do bem-estar, enquanto um parque para c\u00e3es e uma colmeia de abelhas no local refor\u00e7am nosso compromisso com uma experi\u00eancia diversificada e sustent\u00e1vel para os h\u00f3spedes.<\/p>\n                        <\/div>\n    <\/section>\n\n\n<section class=\"sun-title sm-block --theme6 sm-block\">\n            <h3 class=\"sun-title__headline\">The Pierside Hotel<\/h3>    \n            <div class=\"sun-title__body  wysiwyg\">\n                    <p>Relaxe na \u00e1gua depois de um dia de passeios tur\u00edsticos em <a href=\"https:\/\/www.santamonica.com\/pt\/hoteis\/the-pierside-hotel-santa-monica\/\">The Pierside Hotel<\/a>\u2019piscina aquecida do Pierside Hotel. Um destino dos sonhos para um mergulho e um ref\u00fagio \u00e0 sombra do sol de Santa Monica, o The Pierside Hotel oferece aluguel de sof\u00e1s e cadeiras para acompanhar bebidas e lanches \u00e0 beira da piscina. <a href=\"https:\/\/www.santamonica.com\/pt\/restaurantes\/a-raposa-surfista\/\">A Raposa Surfista<\/a>. O aluguel de m\u00f3veis e o acesso \u00e0 piscina est\u00e3o dispon\u00edveis por meio de passes di\u00e1rios para n\u00e3o h\u00f3spedes do hotel.<\/p>\n                        <\/div>\n    <\/section>\n\n\n\n<section class=\"two-images container-max sm-block  sm-block\">\n    <div class=\"two-images__container\">\n\n        <div class=\"two-images__column\">\n            <div class=\"two-images__content\">\n                <div class=\"two-images__content-header-container\">\n                                            <h2 class=\"two-images__content-header\">Encontre um aluguel de cabana para piscina perto de Los Angeles<\/h2>                                    <\/div>\n                                    <div class=\"two-images__content-body wysiwyg\">\n                        <p>Vamos esclarecer as coisas. H\u00e1 muitos alugu\u00e9is de cabanas em Santa Monica. S\u00e3o apenas 24 quil\u00f4metros de carro de Santa Monica at\u00e9 o centro de Los Angeles! Se voc\u00ea quiser fugir da agita\u00e7\u00e3o da metr\u00f3pole, mas ainda assim quiser ter acesso f\u00e1cil a todas as ofertas urbanas, um aluguel de cabana em Santa Monica oferece o cen\u00e1rio perfeito. Aqui est\u00e3o alguns dos melhores alugu\u00e9is de cabanas em Santa Monica com piscinas externas aquecidas.<\/p>\n                    <\/div>\n                                            <\/div>\n        <\/div>\n\n        <div class=\"two-images__column\">\n                            <div class=\"two-images__image-container\">\n                    <img decoding=\"async\" width=\"425\" height=\"505\" src=\"https:\/\/www.santamonica.com\/wp-content\/uploads\/2022\/06\/downtown-hotels-with-pool.jpg\" class=\"two-images__image\" alt=\"Hot\u00e9is com piscina no centro de Santa M\u00f4nica\" loading=\"lazy\" srcset=\"https:\/\/www.santamonica.com\/wp-content\/uploads\/2022\/06\/downtown-hotels-with-pool.jpg 425w, https:\/\/www.santamonica.com\/wp-content\/uploads\/2022\/06\/downtown-hotels-with-pool-252x300.jpg 252w, https:\/\/www.santamonica.com\/wp-content\/uploads\/2022\/06\/downtown-hotels-with-pool-126x150.jpg 126w\" sizes=\"auto, (max-width: 425px) 100vw, 425px\" title=\"\">                    \n\n                <\/div>\n                    <\/div>\n\n        <div class=\"two-images__column\">\n                            <div class=\"two-images__image-container\">\n                    <img decoding=\"async\" width=\"1024\" height=\"765\" src=\"https:\/\/www.santamonica.com\/wp-content\/uploads\/2022\/06\/downtown-santa-monica-hotel-with-pool-1024x765.jpg\" class=\"two-images__image\" alt=\"\" loading=\"lazy\" srcset=\"https:\/\/www.santamonica.com\/wp-content\/uploads\/2022\/06\/downtown-santa-monica-hotel-with-pool-1024x765.jpg 1024w, https:\/\/www.santamonica.com\/wp-content\/uploads\/2022\/06\/downtown-santa-monica-hotel-with-pool-300x224.jpg 300w, https:\/\/www.santamonica.com\/wp-content\/uploads\/2022\/06\/downtown-santa-monica-hotel-with-pool-201x150.jpg 201w, https:\/\/www.santamonica.com\/wp-content\/uploads\/2022\/06\/downtown-santa-monica-hotel-with-pool-768x574.jpg 768w, https:\/\/www.santamonica.com\/wp-content\/uploads\/2022\/06\/downtown-santa-monica-hotel-with-pool.jpg 1339w\" sizes=\"auto, (max-width: 1024px) 100vw, 1024px\" title=\"\">                    \n\n                <\/div>\n                    <\/div>\n\n    <\/div>\n<\/section>\n\n\n<section class=\"sun-title sm-block --theme6 sm-block\">\n            <h3 class=\"sun-title__headline\">Santa Monica Proper Hotel<\/h3>    \n            <div class=\"sun-title__body  wysiwyg\">\n                    <p>O moderno<a href=\"https:\/\/www.santamonica.com\/pt\/hoteis\/hotel-santa-monica-proper\/\">\u00a0Santa Monica Proper Hotel<\/a>\u00a0oferece aluguel de cabanas definido pela opul\u00eancia org\u00e2nica. O hotel aproveitou a luz natural da cidade e a brisa do mar para oferecer cabanas privativas com quartos lindamente mobiliados e muita luz. Com um deck de piscina na cobertura, um restaurante e bar e o Surya Spa, que oferece programas voltados para a sa\u00fade espiritual, mental e emocional, reserve sua estadia com anteced\u00eancia, pois os alugu\u00e9is de cabanas do Santa Monica Proper Hotel est\u00e3o em alta demanda!<\/p>\n                        <\/div>\n    <\/section>\n\n\n<section class=\"sun-title sm-block --theme6 sm-block\">\n            <h3 class=\"sun-title__headline\">Courtyard By Marriott Santa Monica<\/h3>    \n            <div class=\"sun-title__body  wysiwyg\">\n                    <p>Localizado no cora\u00e7\u00e3o do centro de Santa Monica, a uma curta dist\u00e2ncia do p\u00eder e da praia, o<a href=\"https:\/\/www.santamonica.com\/pt\/hoteis\/courtyard-by-marriott-santa-monica\/\"> Courtyard by Marriott Santa Monica<\/a>\u00a0\u00e9 conhecido por suas comodidades modernas e roupas de cama luxuosas. No deque da piscina, o Courtyard Hotel oferece cabanas privativas que n\u00e3o precisam ser reservadas com anteced\u00eancia! Desfrute de comidas e bebidas excelentes no centro da cidade, caminhe at\u00e9 a Santa Monica Beach para ver o p\u00f4r do sol ou simplesmente relaxe \u00e0 beira da piscina aquecida. A escolha \u00e9 sua quando voc\u00ea se hospeda no Courtyard by Marriott!<\/p>\n                        <\/div>\n    <\/section>\n\n\n<section class=\"sun-title sm-block --theme6 sm-block\">\n            <h3 class=\"sun-title__headline\">Hilton Santa Monica Hotel &amp; Suites<\/h3>    \n            <div class=\"sun-title__body  wysiwyg\">\n                    <p>Convenientemente localizado a uma curta caminhada da praia na 4th Street, o<a href=\"https:\/\/www.santamonica.com\/pt\/hoteis\/hilton-santa-monica-hotel-and-suites\/\"> Hilton Santa Monica Hotel &amp; Suites<\/a>\u00a0inaugurou instala\u00e7\u00f5es totalmente novas em abril de 2021, incluindo uma piscina para h\u00f3spedes e belas cabanas privativas. Confira este deck de piscina para toda a fam\u00edlia e desfrute de um dia de relaxamento.\u00a0\u00a0<b>\u00a0<\/b><\/p>\n                        <\/div>\n    <\/section>\n\n\n\n<section class=\"two-images container-max sm-block --flip sm-block\">\n    <div class=\"two-images__container --flip\">\n\n        <div class=\"two-images__column\">\n            <div class=\"two-images__content\">\n                <div class=\"two-images__content-header-container\">\n                                            <h2 class=\"two-images__content-header\">Mais op\u00e7\u00f5es de cabanas de luxo em Santa M\u00f4nica<\/h2>                                    <\/div>\n                                    <div class=\"two-images__content-body wysiwyg\">\n                        <p>Ainda est\u00e1 procurando o ref\u00fagio perfeito? H\u00e1 muitos hot\u00e9is de luxo ao longo da costa de Santa Monica que oferecem su\u00edtes com v\u00e1rios quartos para fam\u00edlias ou amigos. Se quiser se divertir em uma piscina na cobertura ou relaxar na praia, voc\u00ea encontrar\u00e1 as melhores acomoda\u00e7\u00f5es de luxo aqui.<\/p>\n                    <\/div>\n                                            <\/div>\n        <\/div>\n\n        <div class=\"two-images__column\">\n                            <div class=\"two-images__image-container\">\n                    <img decoding=\"async\" width=\"425\" height=\"505\" src=\"https:\/\/www.santamonica.com\/wp-content\/uploads\/2022\/06\/poolside-santa-monica-downtown.jpg\" class=\"two-images__image\" alt=\"\" loading=\"lazy\" srcset=\"https:\/\/www.santamonica.com\/wp-content\/uploads\/2022\/06\/poolside-santa-monica-downtown.jpg 425w, https:\/\/www.santamonica.com\/wp-content\/uploads\/2022\/06\/poolside-santa-monica-downtown-252x300.jpg 252w, https:\/\/www.santamonica.com\/wp-content\/uploads\/2022\/06\/poolside-santa-monica-downtown-126x150.jpg 126w\" sizes=\"auto, (max-width: 425px) 100vw, 425px\" title=\"\">                    \n\n                <\/div>\n                    <\/div>\n\n        <div class=\"two-images__column\">\n                            <div class=\"two-images__image-container\">\n                    <img decoding=\"async\" width=\"1024\" height=\"765\" src=\"https:\/\/www.santamonica.com\/wp-content\/uploads\/2022\/06\/luxury-hotel-pools-la-1024x765.jpg\" class=\"two-images__image\" alt=\"\" loading=\"lazy\" srcset=\"https:\/\/www.santamonica.com\/wp-content\/uploads\/2022\/06\/luxury-hotel-pools-la-1024x765.jpg 1024w, https:\/\/www.santamonica.com\/wp-content\/uploads\/2022\/06\/luxury-hotel-pools-la-300x224.jpg 300w, https:\/\/www.santamonica.com\/wp-content\/uploads\/2022\/06\/luxury-hotel-pools-la-201x150.jpg 201w, https:\/\/www.santamonica.com\/wp-content\/uploads\/2022\/06\/luxury-hotel-pools-la-768x574.jpg 768w, https:\/\/www.santamonica.com\/wp-content\/uploads\/2022\/06\/luxury-hotel-pools-la.jpg 1339w\" sizes=\"auto, (max-width: 1024px) 100vw, 1024px\" title=\"\">                    \n\n                <\/div>\n                    <\/div>\n\n    <\/div>\n<\/section>\n\n\n<section class=\"sun-title sm-block --theme6 sm-block\">\n            <h3 class=\"sun-title__headline\">Persianas na praia<\/h3>    \n            <div class=\"sun-title__body  wysiwyg\">\n                    <p>Com quil\u00f4metros de felicidade \u00e0 beira-mar,<a href=\"https:\/\/www.santamonica.com\/pt\/hoteis\/persianas-na-praia\/\">\u00a0Persianas na praia<\/a>\u00a0em Santa Monica \u00e9 a sua casa \u00e0 beira-mar longe de casa. Confort\u00e1vel e luxuoso, o Shutters on the Beach Hotel oferece quartos e su\u00edtes espa\u00e7osos com vista para o mar e uma decora\u00e7\u00e3o de bom gosto, de casa de praia. Al\u00e9m disso, esse ref\u00fagio elegante oferece restaurantes finos com culin\u00e1ria litor\u00e2nea e servi\u00e7os de concierge no local. Uma das poucas piscinas de hot\u00e9is em Santa Monica com vista para a praia, o Shutters on the Beach tamb\u00e9m oferece op\u00e7\u00f5es de cadeiras de praia e guarda-s\u00f3is na areia para os h\u00f3spedes.<\/p>\n                        <\/div>\n    <\/section>\n\n\n<section class=\"sun-title sm-block --theme6 sm-block\">\n            <h3 class=\"sun-title__headline\">Hotel Casa Del Mar<\/h3>    \n            <div class=\"sun-title__body  wysiwyg\">\n                    <p><a href=\"https:\/\/www.santamonica.com\/pt\/hoteis\/hotel-casa-del-mar\/\">Hotel Casa Del Mar<\/a>\u00a0oferece uma op\u00e7\u00e3o de \u201cmini cabana\u201d com cadeira de praia e guarda-sol na areia da Santa Monica State Beach para que seus h\u00f3spedes aproveitem as ondas com luxo.<\/p>\n                        <\/div>\n    <\/section>\n\n\n<section class=\"sun-title sm-block --theme6 sm-block\">\n            <h3 class=\"sun-title__headline\">HYATT CENTRIC DELFINA SANTA MONICA<\/h3>    \n            <div class=\"sun-title__body  wysiwyg\">\n                    <section class=\"content-block\">\n<div class=\"width-restrict --content\">\n<article class=\"post-content \/ subpage-intro\">\n<div class=\"subpage-intro__content wizzywig\">\n<p>Desfrute de vistas da cidade e do Oceano Pac\u00edfico quando voc\u00ea se hospedar no <a href=\"https:\/\/www.santamonica.com\/pt\/hoteis\/hyatt-centric-delfina-santa-monica\/\">Hyatt Centric Delfina Santa Monica<\/a>. Este hotel contempor\u00e2neo fica a uma curta dist\u00e2ncia do P\u00eder de Santa Monica e oferece aluguel gratuito de bicicletas para os h\u00f3spedes, bem como estacionamento com manobrista e champanhe gratuitos. Os quartos e su\u00edtes oferecem vista para o mar, varandas privativas e m\u00f3veis modernos.<\/p>\n<\/div>\n<\/article>\n<\/div>\n<\/section>\n                        <\/div>\n    <\/section>","protected":false},"excerpt":{"rendered":"","protected":false},"author":1450,"featured_media":340926,"parent":0,"menu_order":0,"comment_status":"closed","ping_status":"closed","template":"template-editorial.php","meta":{"_acf_changed":false,"inline_featured_image":false,"footnotes":""},"silos":[3890],"class_list":["post-339851","page","type-page","status-publish","has-post-thumbnail","hentry"],"acf":[],"_links":{"self":[{"href":"https:\/\/www.santamonica.com\/pt\/wp-json\/wp\/v2\/pages\/339851","targetHints":{"allow":["GET"]}}],"collection":[{"href":"https:\/\/www.santamonica.com\/pt\/wp-json\/wp\/v2\/pages"}],"about":[{"href":"https:\/\/www.santamonica.com\/pt\/wp-json\/wp\/v2\/types\/page"}],"author":[{"embeddable":true,"href":"https:\/\/www.santamonica.com\/pt\/wp-json\/wp\/v2\/users\/1450"}],"replies":[{"embeddable":true,"href":"https:\/\/www.santamonica.com\/pt\/wp-json\/wp\/v2\/comments?post=339851"}],"version-history":[{"count":106,"href":"https:\/\/www.santamonica.com\/pt\/wp-json\/wp\/v2\/pages\/339851\/revisions"}],"predecessor-version":[{"id":766078,"href":"https:\/\/www.santamonica.com\/pt\/wp-json\/wp\/v2\/pages\/339851\/revisions\/766078"}],"wp:featuredmedia":[{"embeddable":true,"href":"https:\/\/www.santamonica.com\/pt\/wp-json\/wp\/v2\/media\/340926"}],"wp:attachment":[{"href":"https:\/\/www.santamonica.com\/pt\/wp-json\/wp\/v2\/media?parent=339851"}],"wp:term":[{"taxonomy":"silos","embeddable":true,"href":"https:\/\/www.santamonica.com\/pt\/wp-json\/wp\/v2\/silos?post=339851"}],"curies":[{"name":"wp","href":"https:\/\/api.w.org\/{rel}","templated":true}]}}