{"id":338406,"date":"2022-06-21T13:08:16","date_gmt":"2022-06-21T20:08:16","guid":{"rendered":"https:\/\/www.santamonica.com\/?page_id=338406"},"modified":"2025-12-09T08:38:24","modified_gmt":"2025-12-09T16:38:24","slug":"informacoes-de-seguranca-para-se-locomover-em-santa-monica","status":"publish","type":"page","link":"https:\/\/www.santamonica.com\/pt\/transportation\/safety-information-getting-around-santa-monica\/","title":{"rendered":"Como se locomover com seguran\u00e7a"},"content":{"rendered":"<section class=\"image-section-break sm-block\" id=\"Walking\">\n    <div class=\"image-section-break__image-wrapper\">\n                    <picture>\n                    <source\n                        media=\"(min-width: 768px)\"\n                        srcset=\"https:\/\/www.santamonica.com\/wp-content\/uploads\/2022\/07\/Santa-Monica-Crosswalk-Pedestrians.png\"\n                    >\n                    <img decoding=\"async\" src=\"https:\/\/www.santamonica.com\/wp-content\/uploads\/2022\/07\/Santa-Monica-Crosswalk-Pedestrians-mobile.png\" class=\"image-section-break__image\" alt=\"Travessia de Santa M\u00f4nica com pedestres\" title=\"\">\n            <\/picture>\n                \n\n    <\/div>\n    <div class=\"image-section-break__text-content\">\n        <div class=\"image-section-break__first-content --theme3\">\n                            <div class=\"image-section-break__eyebrow-text\">Dicas de seguran\u00e7a<\/div>\n                                        <h2 class=\"image-section-break__title\">Caminhada<\/h2>\n                                        <div class=\"image-section-break__body-copy wysiwyg\"><ul>\n<li><span style=\"font-weight: 400;\">Embora os pedestres tenham o direito de passagem nas faixas de pedestres, tenha cuidado e fa\u00e7a contato visual com os motoristas para ter certeza de que eles o viram e est\u00e3o parando o ve\u00edculo.<\/span><\/li>\n<li><span style=\"font-weight: 400;\">Enviar mensagens de texto ou usar fones de ouvido e ouvir m\u00fasica enquanto caminha atrapalha sua audi\u00e7\u00e3o e pode distra\u00ed-lo.<\/span><\/li>\n<li><span style=\"font-weight: 400;\">Os pedestres s\u00f3 podem atravessar em faixas de pedestres sinalizadas. Atravessar fora de uma faixa de pedestres demarcada - jaywalking - \u00e9 uma infra\u00e7\u00e3o que pode resultar em uma multa policial por viola\u00e7\u00e3o.<\/span><\/li>\n<\/ul>\n<\/div>\n                                <\/div>\n        <div class=\"image-section-break__second-content\">\n                            <div class=\"image-section-break__body-copy wysiwyg\"><ul>\n<li><span style=\"font-weight: 400;\">Atravesse somente com o sinal verde ou quando o sinal \u201cwalk\u201d estiver ativado. Os cruzamentos para pedestres est\u00e3o em opera\u00e7\u00e3o em todo o centro de Santa M\u00f4nica. Nesses cruzamentos, uma fase exclusiva para pedestres \u00e9 inclu\u00edda no ciclo do sem\u00e1foro, permitindo que as pessoas a p\u00e9 e de bicicleta atravessem em todas as dire\u00e7\u00f5es, inclusive na diagonal, ao mesmo tempo.<\/span><\/li>\n<li><span style=\"font-weight: 400;\">Tenha cuidado redobrado ao atravessar com crian\u00e7as. Lembre-se de que os motoristas podem n\u00e3o ver os pequenos; segure-os pelas m\u00e3os ao atravessar.<\/span><\/li>\n<li><span style=\"font-weight: 400;\">N\u00e3o reivindique o direito de passagem com um ve\u00edculo em movimento r\u00e1pido. D\u00ea aos ve\u00edculos tempo suficiente para parar.<\/span><\/li>\n<\/ul>\n<\/div>\n                                <\/div>\n    <\/div>\n<\/section>\n\n\n\n<section class=\"image-section-break sm-block\" id=\"Biking\">\n    <div class=\"image-section-break__image-wrapper\">\n                    <picture>\n                    <source\n                        media=\"(min-width: 768px)\"\n                        srcset=\"https:\/\/www.santamonica.com\/wp-content\/uploads\/2022\/07\/Santa-Monica-Bike-Path-1.png\"\n                    >\n                    <img decoding=\"async\" src=\"https:\/\/www.santamonica.com\/wp-content\/uploads\/2022\/07\/Santa-Monica-Bike-Path-Mobile-1.png\" class=\"image-section-break__image\" alt=\"Ciclovia de Santa M\u00f4nica\" title=\"\">\n            <\/picture>\n                \n\n    <\/div>\n    <div class=\"image-section-break__text-content\">\n        <div class=\"image-section-break__first-content --theme3\">\n                            <div class=\"image-section-break__eyebrow-text\">Rodando com seguran\u00e7a<\/div>\n                                        <h2 class=\"image-section-break__title\">Ciclismo<\/h2>\n                                        <div class=\"image-section-break__body-copy wysiwyg\"><ul>\n<li style=\"font-weight: 400;\" aria-level=\"1\"><span style=\"font-weight: 400;\">Preste aten\u00e7\u00e3o e fique alerta.<\/span><\/li>\n<li style=\"font-weight: 400;\" aria-level=\"1\"><span style=\"font-weight: 400;\">Use sempre um capacete. (Os motociclistas menores de 18 anos devem usar capacete por lei).\u00a0<a href=\"https:\/\/www.santamonica.com\/pt\/sobre\/centros-de-visitantes\/\">Centros de informa\u00e7\u00f5es para visitantes<\/a> oferecem capacetes \u201ctamanho \u00fanico\u201d gratuitos, al\u00e9m de reciclagem gratuita de capacetes.<\/span><\/li>\n<li><span style=\"font-weight: 400;\">Obede\u00e7a a todas as leis e sinais de tr\u00e2nsito. Pare nos sinais de parada e nos sinais vermelhos.<\/span><\/li>\n<\/ul>\n<\/div>\n                                <\/div>\n        <div class=\"image-section-break__second-content\">\n                            <div class=\"image-section-break__body-copy wysiwyg\"><ul>\n<li><span style=\"font-weight: 400;\">Andar contra o tr\u00e1fego \u00e9 ilegal e perigoso. Pedale no lado direito da via, com o tr\u00e1fego, e use a ciclovia quando dispon\u00edvel.<\/span><\/li>\n<li style=\"font-weight: 400;\" aria-level=\"1\"><span style=\"font-weight: 400;\">Use sinais com as m\u00e3os e contato visual para se comunicar com motoristas, outros ciclistas e pedestres.<\/span><\/li>\n<li style=\"font-weight: 400;\" aria-level=\"1\"><span style=\"font-weight: 400;\">Torne-se vis\u00edvel para os motoristas, especialmente \u00e0 noite. Use luzes e refletores e vista roupas claras.<\/span><\/li>\n<li style=\"font-weight: 400;\" aria-level=\"1\"><span style=\"font-weight: 400;\">Nos cruzamentos para pedestres, atravesse quando o sinal de tr\u00e2nsito espec\u00edfico para bicicletas acender com um s\u00edmbolo verde de bicicleta.<\/span><\/li>\n<\/ul>\n<\/div>\n                                <\/div>\n    <\/div>\n<\/section>\n\n\n\n<section class=\"image-section-break sm-block\" id=\"Driving\">\n    <div class=\"image-section-break__image-wrapper\">\n                \n\n    <\/div>\n    <div class=\"image-section-break__text-content\">\n        <div class=\"image-section-break__first-content --theme3\">\n                            <div class=\"image-section-break__eyebrow-text\">Como se locomover com seguran\u00e7a<\/div>\n                                        <h2 class=\"image-section-break__title\">Dirigir<\/h2>\n                                        <div class=\"image-section-break__body-copy wysiwyg\"><ul>\n<li><span style=\"font-weight: 400;\">Santa Monica \u00e9 uma cidade ativa. Mantenha-se concentrado na estrada o tempo todo.<\/span><\/li>\n<li><span style=\"font-weight: 400;\">Os motoristas e passageiros devem sempre usar cintos de seguran\u00e7a. Crian\u00e7as com menos de 8 anos de idade e com menos de 4 p\u00e9s e 9 polegadas devem usar um assento de seguran\u00e7a.<\/span><\/li>\n<li><span style=\"font-weight: 400;\">Os pedestres t\u00eam o direito de passagem nas faixas de pedestres. Luzes vermelhas piscantes indicam que os motoristas devem parar. Sempre espere que os pedestres atravessem com seguran\u00e7a.<\/span><\/li>\n<li><span style=\"font-weight: 400;\">Ao estacionar, mantenha seus objetos de valor fora da vista ou leve-os com voc\u00ea.<\/span><\/li>\n<\/ul>\n<\/div>\n                                <\/div>\n        <div class=\"image-section-break__second-content\">\n                            <div class=\"image-section-break__body-copy wysiwyg\"><ul>\n<li><span style=\"font-weight: 400;\">Exceto nas faixas de pedestres, quando o sem\u00e1foro de \u201cpedestre\u201d estiver aceso ou quando estiver sinalizado, os motoristas podem virar \u00e0 direita em um sinal vermelho depois de parar completamente, desde que o tr\u00e1fego esteja livre.\u00a0<\/span><\/li>\n<li><span style=\"font-weight: 400;\">Os carros n\u00e3o podem entrar nas faixas de \u00f4nibus, exceto para fazer curvas \u00e0 direita, que s\u00e3o restritas durante os per\u00edodos de pico.<\/span><\/li>\n<li><span style=\"font-weight: 400;\">Obede\u00e7a aos limites de velocidade indicados.<\/span><\/li>\n<li><span style=\"font-weight: 400;\">Os motoristas s\u00e3o obrigados a encostar em ve\u00edculos policiais e de emerg\u00eancia com luzes e sirenes ligadas.<\/span><\/li>\n<li><span style=\"font-weight: 400;\">N\u00e3o envie mensagens de texto nem manuseie o telefone enquanto estiver dirigindo - isso \u00e9 contra a lei e aumenta a probabilidade de uma colis\u00e3o 23,2 vezes em rela\u00e7\u00e3o \u00e0 dire\u00e7\u00e3o sem problemas.<\/span><\/li>\n<\/ul>\n<\/div>\n                                <\/div>\n    <\/div>\n<\/section>\n\n\n\n<section class=\"image-section-break sm-block\" id=\"Riding\">\n    <div class=\"image-section-break__image-wrapper\">\n                    <picture>\n                    <source\n                        media=\"(min-width: 768px)\"\n                        srcset=\"https:\/\/www.santamonica.com\/wp-content\/uploads\/2022\/07\/Santa-Monica-Metro-2.png\"\n                    >\n                    <img decoding=\"async\" src=\"https:\/\/www.santamonica.com\/wp-content\/uploads\/2022\/07\/Santa-Monica-Metro-Mobile-2.png\" class=\"image-section-break__image\" alt=\"Esta\u00e7\u00e3o de metr\u00f4 Santa Monica\" title=\"\">\n            <\/picture>\n                \n\n    <\/div>\n    <div class=\"image-section-break__text-content\">\n        <div class=\"image-section-break__first-content --theme3\">\n                            <div class=\"image-section-break__eyebrow-text\">Dicas do metr\u00f4<\/div>\n                                        <h2 class=\"image-section-break__title\">Montando o trilho<\/h2>\n                                        <div class=\"image-section-break__body-copy wysiwyg\"><ul>\n<li style=\"font-weight: 400;\" aria-level=\"1\"><span style=\"font-weight: 400;\">Sempre mantenha dist\u00e2ncia de um trem em movimento. Fique longe da borda da plataforma, nunca corra atr\u00e1s ou ao lado de um trem em movimento e espere o trem parar completamente antes de se aproximar.<\/span><\/li>\n<li style=\"font-weight: 400;\" aria-level=\"1\"><span style=\"font-weight: 400;\">Segure seus filhos quando um trem se aproximar para evitar que eles se aproximem demais dos trilhos.<\/span><\/li>\n<li style=\"font-weight: 400;\" aria-level=\"1\"><span style=\"font-weight: 400;\">N\u00e3o ande de skate nem de bicicleta na plataforma, escadas ou escadas rolantes.<\/span><\/li>\n<\/ul>\n<\/div>\n                                <\/div>\n        <div class=\"image-section-break__second-content\">\n                            <div class=\"image-section-break__body-copy wysiwyg\"><ul>\n<li><span style=\"font-weight: 400;\">Ao embarcar, tenha cuidado ao atravessar o v\u00e3o entre a plataforma e o trem.<\/span><\/li>\n<li style=\"font-weight: 400;\" aria-level=\"1\"><span style=\"font-weight: 400;\">Fique longe das portas do trem; toc\u00e1-las ou apoiar-se nelas pode obstruir seu movimento.<\/span><\/li>\n<li style=\"font-weight: 400;\" aria-level=\"1\"><span style=\"font-weight: 400;\">Nunca suba em ve\u00edculos ferrovi\u00e1rios ou caminhe sobre os trilhos.<\/span><\/li>\n<li style=\"font-weight: 400;\" aria-level=\"1\"><span style=\"font-weight: 400;\">Fique atento aos port\u00f5es de cruzamento rebaixados. Nunca tente ultrapassar o trem contornando as cancelas. Em vez disso, espere que elas se levantem depois que o trem passar.<\/span><\/li>\n<li style=\"font-weight: 400;\" aria-level=\"1\"><span style=\"font-weight: 400;\">Como pedestre, observe e ou\u00e7a os trens em todas as dire\u00e7\u00f5es.<\/span><\/li>\n<\/ul>\n<\/div>\n                                <\/div>\n    <\/div>\n<\/section>\n\n\n\n<section class=\"image-section-break sm-block\" id=\"Scootering\">\n    <div class=\"image-section-break__image-wrapper\">\n                    <picture>\n                    <source\n                        media=\"(min-width: 768px)\"\n                        srcset=\"https:\/\/www.santamonica.com\/wp-content\/uploads\/2023\/08\/Veo-scooter-Santa-Monica-1656x574-1.jpg\"\n                    >\n                    <img decoding=\"async\" src=\"https:\/\/www.santamonica.com\/wp-content\/uploads\/2023\/08\/Veo-scooter-Santa-Monica-650x866-1.jpg\" class=\"image-section-break__image\" alt=\"\" title=\"\">\n            <\/picture>\n                \n\n    <\/div>\n    <div class=\"image-section-break__text-content\">\n        <div class=\"image-section-break__first-content --theme3\">\n                            <div class=\"image-section-break__eyebrow-text\">Dirija com seguran\u00e7a<\/div>\n                                        <h2 class=\"image-section-break__title\">Andar de patinete<\/h2>\n                                        <div class=\"image-section-break__body-copy wysiwyg\"><ul>\n<li style=\"font-weight: 400;\" aria-level=\"1\"><span style=\"font-weight: 400;\">Os capacetes s\u00e3o <\/span><span style=\"font-weight: 400;\">necess\u00e1rio para <\/span><span style=\"font-weight: 400;\">pilotos com menos de 18 anos de idade. Os tr\u00eas pontos da Santa Monica Travel &amp; Tourism <a href=\"https:\/\/www.santamonica.com\/pt\/sobre\/centros-de-visitantes\/\">Centros de informa\u00e7\u00f5es para visitantes<\/a> oferecem capacetes \u201ctamanho \u00fanico\u201d gratuitos, al\u00e9m de reciclagem gratuita de capacetes.<\/span><\/li>\n<li style=\"font-weight: 400;\" aria-level=\"1\"><span style=\"font-weight: 400;\">\u00c9 proibido andar com mais de um passageiro na scooter.<\/span><\/li>\n<\/ul>\n<\/div>\n                                <\/div>\n        <div class=\"image-section-break__second-content\">\n                            <div class=\"image-section-break__body-copy wysiwyg\"><ul>\n<li><span style=\"font-weight: 400;\">As scooters motorizadas devem ser conduzidas na rua, nunca na cal\u00e7ada, e n\u00e3o podem ser estacionadas na cal\u00e7ada no caminho do tr\u00e1fego de pedestres. Os motociclistas devem seguir as regras de tr\u00e2nsito.<\/span><\/li>\n<li style=\"font-weight: 400;\" aria-level=\"1\"><span style=\"font-weight: 400;\">Os patinetes motorizados n\u00e3o s\u00e3o permitidos nas ciclovias da praia, no P\u00eder de Santa Monica, na Third Street Promenade ou nos parques municipais, incluindo o Palisades Park.<\/span><\/li>\n<li style=\"font-weight: 400;\" aria-level=\"1\"><span style=\"font-weight: 400;\">O uso noturno de scooters motorizados sem equipamento de ilumina\u00e7\u00e3o adequado \u00e9 ilegal.<\/span><\/li>\n<\/ul>\n<\/div>\n                                <\/div>\n    <\/div>\n<\/section>\n\n\n<section class=\"travel-tips --theme7 sm-block base-block\">\n    <div class=\"travel-tips__inner\">\n        <div class=\"travel-tips__body-col\">\n                            <img decoding=\"async\" src=\"https:\/\/www.santamonica.com\/wp-content\/uploads\/2022\/06\/responsible-badge-1.svg\" alt=\"Viaje para Santa Monica com responsabilidade\" title=\"\">\n                                        <p class=\"travel-tips__intro\">Viaje de forma segura e sustent\u00e1vel para ajudar a manter a beleza de Santa Monica e, ao mesmo tempo, permanecer saud\u00e1vel com estas dicas.<\/p>\n                    <\/div>\n        <div class=\"travel-tips__links-col\">\n                        <div class=\"travel-tips__link-row\">\n                                    <img decoding=\"async\" src=\"https:\/\/www.santamonica.com\/wp-content\/uploads\/2022\/06\/Parking-Information.svg\" alt=\"Estacionamento em Santa Monica\" title=\"\">\n                                                    <a class=\"travel-tips__link\" href=\"https:\/\/www.santamonica.com\/pt\/transporte\/estacionamento\/\">\n                        Informa\u00e7\u00f5es sobre o estacionamento                    <\/a>\n                            <\/div>\n                        <div class=\"travel-tips__link-row\">\n                                    <img decoding=\"async\" src=\"https:\/\/www.santamonica.com\/wp-content\/uploads\/2022\/06\/What-to-Pack.svg\" alt=\"Como fazer as malas para uma viagem a Santa M\u00f4nica\" title=\"\">\n                                                    <a class=\"travel-tips__link\" href=\"https:\/\/www.santamonica.com\/pt\/experiencia-em-santa-monica\/o-que-levar-na-mala\/\">\n                        O que levar na mala                    <\/a>\n                            <\/div>\n                        <div class=\"travel-tips__link-row\">\n                                    <img decoding=\"async\" src=\"https:\/\/www.santamonica.com\/wp-content\/uploads\/2022\/06\/Health-and-Safety.svg\" alt=\"Dicas de seguran\u00e7a de viagem em Santa M\u00f4nica\" title=\"\">\n                                                    <a class=\"travel-tips__link\" href=\"https:\/\/www.santamonica.com\/pt\/experiencia-em-santa-monica\/seguranca\/\">\n                        Sa\u00fade e seguran\u00e7a                    <\/a>\n                            <\/div>\n                        <div class=\"travel-tips__link-row\">\n                                    <img decoding=\"async\" src=\"https:\/\/www.santamonica.com\/wp-content\/uploads\/2022\/06\/The-Essentials.svg\" alt=\"Itens essenciais para uma viagem a Santa M\u00f4nica\" title=\"\">\n                                                    <a class=\"travel-tips__link\" href=\"https:\/\/www.santamonica.com\/pt\/experiencia-em-santa-monica\/essenciais\/\">\n                        O essencial                    <\/a>\n                            <\/div>\n                    <\/div>\n\n    <\/div>\n<\/section>\n\n\n<section class=\"blog-feed --theme8 sm-block\">\n    <div class=\"blog-feed__content\">\n        <div class=\"blog-feed__intro\">\n                            <div class=\"blog-feed__eyebrow eyebrow\">Blogs<\/div>                                        <h1 class=\"blog-feed__headline\">Descubra Santa M\u00f4nica<\/h1>                                        <div class=\"blog-feed__body\"><p>Explore itiner\u00e1rios, dicas locais, pontos de interesse e aventuras selecionadas para garantir que voc\u00ea aproveite ao m\u00e1ximo sua experi\u00eancia em Santa Monica.<\/p>\n<\/div>\n                                        <a class=\"blog-feed__cta\" href=\"https:\/\/www.santamonica.com\/pt\/postagens-de-blog\/\">Ver todos os blogs<\/a>\n                    <\/div>\n\n        <ul class=\"blog-feed__list\">\n                                                <li class=\"blog-feed__item\">\n                        <a href=\"https:\/\/www.santamonica.com\/pt\/things-to-do\/outdoors\/\" class=\"blog-feed__item-link\">\n                            <div class=\"blog-feed__image-ratio\">\n                                <img decoding=\"async\" class=\"blog-feed__image\" src=\"https:\/\/www.santamonica.com\/wp-content\/uploads\/2020\/04\/Santa-Monica-Virtual-Beach-blog-post-featured-400x400.jpg\" alt=\"Saia ao ar livre e aproveite o ar fresco e a brisa do mar em Santa Monica\" title=\"\">\n                            <\/div>\n                            <div class=\"blog-feed__card-title\">Saia ao ar livre e aproveite o ar fresco e a brisa do mar em Santa Monica<\/div>\n                        <\/a>\n                    <\/li>\n                                                                <li class=\"blog-feed__item\">\n                        <a href=\"https:\/\/www.santamonica.com\/pt\/things-to-do\/coastal-chronicles-the-history-of-santa-monicas-libraries\/\" class=\"blog-feed__item-link\">\n                            <div class=\"blog-feed__image-ratio\">\n                                <img decoding=\"async\" class=\"blog-feed__image\" src=\"https:\/\/www.santamonica.com\/wp-content\/uploads\/2024\/04\/Untitled-design-34-400x400.jpg\" alt=\"Cr\u00f4nicas Costeiras: A hist\u00f3ria das bibliotecas de Santa M\u00f4nica\" title=\"\">\n                            <\/div>\n                            <div class=\"blog-feed__card-title\">Cr\u00f4nicas Costeiras: A hist\u00f3ria das bibliotecas de Santa M\u00f4nica<\/div>\n                        <\/a>\n                    <\/li>\n                                                                <li class=\"blog-feed__item\">\n                        <a href=\"https:\/\/www.santamonica.com\/pt\/experience-santa-monica\/15-movies-to-satiate-your-santa-monica-wanderlust\/\" class=\"blog-feed__item-link\">\n                            <div class=\"blog-feed__image-ratio\">\n                                <img decoding=\"async\" class=\"blog-feed__image\" src=\"https:\/\/www.santamonica.com\/wp-content\/uploads\/2020\/03\/Movies-Filmed-in-Santa-Monica-blog-post-featured-400x400.jpg\" alt=\"Filmes e programas de TV para saciar seu desejo de viajar em Santa Monica\" title=\"\">\n                            <\/div>\n                            <div class=\"blog-feed__card-title\">Filmes e programas de TV para saciar seu desejo de viajar em Santa Monica<\/div>\n                        <\/a>\n                    <\/li>\n                                    <\/ul>\n    <\/div>\n<\/section>","protected":false},"excerpt":{"rendered":"","protected":false},"author":1421,"featured_media":350184,"parent":0,"menu_order":0,"comment_status":"closed","ping_status":"closed","template":"template-editorial.php","meta":{"_acf_changed":false,"inline_featured_image":false,"footnotes":""},"silos":[3906],"class_list":["post-338406","page","type-page","status-publish","has-post-thumbnail","hentry"],"acf":[],"_links":{"self":[{"href":"https:\/\/www.santamonica.com\/pt\/wp-json\/wp\/v2\/pages\/338406","targetHints":{"allow":["GET"]}}],"collection":[{"href":"https:\/\/www.santamonica.com\/pt\/wp-json\/wp\/v2\/pages"}],"about":[{"href":"https:\/\/www.santamonica.com\/pt\/wp-json\/wp\/v2\/types\/page"}],"author":[{"embeddable":true,"href":"https:\/\/www.santamonica.com\/pt\/wp-json\/wp\/v2\/users\/1421"}],"replies":[{"embeddable":true,"href":"https:\/\/www.santamonica.com\/pt\/wp-json\/wp\/v2\/comments?post=338406"}],"version-history":[{"count":140,"href":"https:\/\/www.santamonica.com\/pt\/wp-json\/wp\/v2\/pages\/338406\/revisions"}],"predecessor-version":[{"id":387365,"href":"https:\/\/www.santamonica.com\/pt\/wp-json\/wp\/v2\/pages\/338406\/revisions\/387365"}],"wp:featuredmedia":[{"embeddable":true,"href":"https:\/\/www.santamonica.com\/pt\/wp-json\/wp\/v2\/media\/350184"}],"wp:attachment":[{"href":"https:\/\/www.santamonica.com\/pt\/wp-json\/wp\/v2\/media?parent=338406"}],"wp:term":[{"taxonomy":"silos","embeddable":true,"href":"https:\/\/www.santamonica.com\/pt\/wp-json\/wp\/v2\/silos?post=338406"}],"curies":[{"name":"wp","href":"https:\/\/api.w.org\/{rel}","templated":true}]}}