{"id":338356,"date":"2022-06-10T16:55:00","date_gmt":"2022-06-10T23:55:00","guid":{"rendered":"https:\/\/www.santamonica.com\/?page_id=338356"},"modified":"2026-03-19T15:25:36","modified_gmt":"2026-03-19T22:25:36","slug":"premio-spirit","status":"publish","type":"page","link":"https:\/\/www.santamonica.com\/pt\/spirit-award\/","title":{"rendered":"Pr\u00eamio Thelma Parks de Esp\u00edrito Tur\u00edstico"},"content":{"rendered":"<section class=\"sun-title sm-block --theme6 --2col sm-block\">\n            <h2 class=\"sun-title__headline\">Indique o vencedor do Pr\u00eamio Thelma Parks Tourism Spirit deste ano!<\/h2>    \n            <div class=\"sun-title__body  --2col wysiwyg\">\n                    <div class=\"column-1\">\n                <h5>Descri\u00e7\u00e3o:<\/h5>\n<p>Algu\u00e9m fez seu dia feliz? O vibrante setor de turismo e hospitalidade de Santa Monica gera mais de $1 bilh\u00e3o anualmente, gra\u00e7as aos indiv\u00edduos dedicados que fazem dela um destino de classe mundial. Para homenagear o servi\u00e7o excepcional, a Santa Monica Travel &amp; Tourism (SMTT) criou o pr\u00eamio <strong data-start=\"273\" data-end=\"310\">Pr\u00eamio Thelma Parks de Esp\u00edrito Tur\u00edstico<\/strong>, O nome da empresa foi dado em homenagem a uma querida funcion\u00e1ria de 23 anos da SMTT que exemplificou a dedica\u00e7\u00e3o e a hospitalidade antes de falecer em 2011.<\/p>\n<p class=\"\" data-start=\"430\" data-end=\"752\">Esse pr\u00eamio anual, apresentado em maio na Santa Monica Travel &amp; Tourism Summit em parceria com a Santa Monica Chamber of Commerce, reconhece aqueles que se destacam no setor. As indica\u00e7\u00f5es est\u00e3o abertas a empresas, residentes e visitantes, e os vencedores s\u00e3o selecionados por um painel de colegas e l\u00edderes do setor.<\/p>\n<h5 data-start=\"430\" data-end=\"752\">Prazo final para indica\u00e7\u00e3o:<\/h5>\n<p data-start=\"430\" data-end=\"752\">1\u00ba de junho de 2026<\/p>\n                                <a href=\"https:\/\/www.santamonica.com\/pt\/eu-sou-santa-monica\/formulario-de-indicacao-para-o-premio-spirit\/\" class=\"sun-title__cta-col1 button --primary-teal-button\" >Indique aqui<\/a>                            <\/div>\n            <div class=\"column-2\">\n                <h5>Regras de indica\u00e7\u00e3o:<\/h5>\n<ul>\n<li>A empresa deve estar em situa\u00e7\u00e3o regular com a cidade de Santa Monica e a SMTT.<\/li>\n<li>Possuir todas as autoriza\u00e7\u00f5es e licen\u00e7as exigidas por lei.<\/li>\n<li>Todas as inscri\u00e7\u00f5es enviadas tornam-se propriedade da SMTT e, ao enviar uma inscri\u00e7\u00e3o, voc\u00ea concede irrevogavelmente \u00e0 SMTT o direito de editar, reproduzir, publicar, transmitir e exibir a reda\u00e7\u00e3o e quaisquer materiais relacionados enviados por voc\u00ea. Ao enviar uma inscri\u00e7\u00e3o, voc\u00ea tamb\u00e9m declara que a inscri\u00e7\u00e3o n\u00e3o viola nenhum direito autoral ou direito de publicidade ou privacidade, e concorda em defender e indenizar a SMTT por quaisquer reivindica\u00e7\u00f5es feitas contra ela.<\/li>\n<li>Os indicados devem ser formados no workshop I Am Santa Monica.<\/li>\n<li>Todos os finalistas\/vencedores escolhidos ter\u00e3o direito a um assento para participar da C\u00fapula de Viagens e Turismo de Santa Monica em maio e devem concordar com o nome e a imagem em promo\u00e7\u00f5es.<\/li>\n<li>Um (1) vencedor receber\u00e1 o Pr\u00eamio Thelma Parks Tourism Spirit e o ganhador ser\u00e1 anunciado no Travel &amp; Tourism Summit em maio.<\/li>\n<li>As indica\u00e7\u00f5es devem ser enviadas usando o formul\u00e1rio abaixo.<\/li>\n<\/ul>\n                            <\/div>\n            <\/div>\n    <\/section>\n\n\n\n<div class=\"wp-block-columns is-layout-flex wp-container-core-columns-is-layout-28f84493 wp-block-columns-is-layout-flex base-block\">\n<div class=\"wp-block-column is-layout-flow wp-block-column-is-layout-flow base-block\">\n<h2 class=\"wp-block-heading base-block\">Os vencedores anteriores incluem:<\/h2>\n\n\n\n<ul class=\"wp-block-list base-block\">\n<li class=\"base-block\">Chef Vittorio Lucariello, Chef Executivo do Shutters on the Beach<\/li>\n\n\n\n<li class=\"base-block\">Ramon Jimenez-Bravo, supervisor da recep\u00e7\u00e3o do Shore Hotel<\/li>\n\n\n\n<li class=\"base-block\">Modesta Melchor, Fairmont Miramar Hotel &amp; Bungalows<\/li>\n\n\n\n<li class=\"base-block\">Darius Smiley, Hyatt Centric Delfina Santa Monica<\/li>\n\n\n\n<li class=\"base-block\">Manju Raman, Huntley Santa Monica Beach<\/li>\n\n\n\n<li class=\"base-block\">Barbara Moss, Fairmont Miramar Hotel &amp; Bungalows<\/li>\n\n\n\n<li class=\"base-block\">Kat Wells, Circuit Santa Monica<\/li>\n\n\n\n<li class=\"base-block\">Melanie Lawson, Hilton Santa Monica Hotel &amp; Suites<\/li>\n\n\n\n<li class=\"base-block\">Derek Davis, Embaixador do Centro de Santa M\u00f4nica<\/li>\n\n\n\n<li class=\"base-block\">Jessica Mahone, gerente de recep\u00e7\u00e3o do Sandbourne Santa Monica<\/li>\n\n\n\n<li class=\"base-block\">Mickey Barnes, servidor do The Lobster<\/li>\n\n\n\n<li class=\"base-block\">Elizabeth Wilsonhoyles, Diretora de Servi\u00e7os aos H\u00f3spedes do Huntley Santa Monica Beach<\/li>\n<\/ul>\n<\/div>\n<\/div>\n\n\n\n<section class=\"image-section-break sm-block\">\n    <div class=\"image-section-break__image-wrapper\">\n                    <picture>\n                    <source\n                        media=\"(min-width: 768px)\"\n                        srcset=\"https:\/\/www.santamonica.com\/wp-content\/uploads\/2022\/07\/Santa-Monica-The-Bungalow-Employee-1656x574-1.png\"\n                    >\n                    <img decoding=\"async\" src=\"https:\/\/www.santamonica.com\/wp-content\/uploads\/2022\/07\/Santa-Monica-The-Bungalow-Employee-650x866-1.png\" class=\"image-section-break__image\" alt=\"Funcion\u00e1rio atr\u00e1s do bar no The Bungalow em Santa Monica.\" title=\"\">\n            <\/picture>\n                \n\n            <div class=\"img-lctn-tag --no-link image-section-break__image-caption --right\">O Bungalow<\/div>\n        <\/div>\n    <div class=\"image-section-break__text-content\">\n        <div class=\"image-section-break__first-content --theme3\">\n                                        <h2 class=\"image-section-break__title\">Algu\u00e9m fez seu dia feliz?<\/h2>\n                                        <div class=\"image-section-break__body-copy wysiwyg\"><p>Santa Monica \u00e9 um local vibrante e desej\u00e1vel para se viver e trabalhar. Grande parte de seu sucesso \u00e9 creditada \u00e0s pessoas que est\u00e3o por tr\u00e1s do bilh\u00e3o de d\u00f3lares gerados anualmente pelas receitas e impostos sobre turismo e hospitalidade.<\/p>\n<p>A Santa Monica Travel &amp; Tourism (SMTT) teve a sorte de ter uma incr\u00edvel funcion\u00e1ria de 23 anos, Thelma Parks, que faleceu em janeiro de 2011. Em sua homenagem, lan\u00e7amos o pr\u00eamio \u201cThelma Parks Tourism Spirit Award\u201d para reconhecer os servi\u00e7os excepcionais no setor.<\/p>\n<\/div>\n                                <\/div>\n        <div class=\"image-section-break__second-content\">\n                            <div class=\"image-section-break__body-copy wysiwyg\"><p>O pr\u00eamio desempenha um papel fundamental no incentivo e recompensa da excel\u00eancia, inova\u00e7\u00e3o e comprometimento no setor de turismo e hospitalidade. Empresas, resid\u00eancias e visitantes podem indicar outras pessoas, que ser\u00e3o analisadas e selecionadas por um comit\u00ea de colegas, especialistas e l\u00edderes do setor.<\/p>\n<p>Os vencedores ser\u00e3o selecionados e homenageados anualmente, em parceria com a C\u00e2mara de Com\u00e9rcio de Santa Monica. O Pr\u00eamio Thelma Parks Tourism Spirit Award \u00e9 concedido todo m\u00eas de maio durante o Santa Monica Travel &amp; Tourism Summit anual.<\/p>\n<\/div>\n                                <\/div>\n    <\/div>\n<\/section>\n\n\n\n<section class=\"image-section-break sm-block\">\n    <div class=\"image-section-break__image-wrapper\">\n                    <picture>\n                    <source\n                        media=\"(min-width: 768px)\"\n                        srcset=\"https:\/\/www.santamonica.com\/wp-content\/uploads\/2022\/07\/Santa-Monica-Pier-Aerial-1656x574-1.png\"\n                    >\n                    <img decoding=\"async\" src=\"https:\/\/www.santamonica.com\/wp-content\/uploads\/2022\/07\/Santa-Monica-Pier-Aerial-650x866-1.png\" class=\"image-section-break__image\" alt=\"Vista a\u00e9rea do P\u00eder de Santa M\u00f4nica e do Pacific Park.\" title=\"\">\n            <\/picture>\n                \n\n            <div class=\"img-lctn-tag --no-link image-section-break__image-caption --right\">P\u00eder de Santa M\u00f4nica<\/div>\n        <\/div>\n    <div class=\"image-section-break__text-content\">\n        <div class=\"image-section-break__first-content --theme3\">\n                                        <h2 class=\"image-section-break__title\">Como participar: <\/h2>\n                                        <div class=\"image-section-break__body-copy wysiwyg\"><h4><span style=\"font-weight: 400;\">REGRAS PARA INDICA\u00c7\u00d5ES:<\/span><\/h4>\n<ul>\n<li style=\"font-weight: 400;\" aria-level=\"1\"><span style=\"font-weight: 400;\">A empresa deve estar em situa\u00e7\u00e3o regular com a cidade de Santa Monica e a SMTT.<\/span><\/li>\n<li style=\"font-weight: 400;\" aria-level=\"1\"><span style=\"font-weight: 400;\">Possuir todas as autoriza\u00e7\u00f5es e licen\u00e7as exigidas por lei.<\/span><\/li>\n<li style=\"font-weight: 400;\" aria-level=\"1\"><span style=\"font-weight: 400;\">Todas as inscri\u00e7\u00f5es enviadas tornam-se propriedade da SMTT e, ao enviar uma inscri\u00e7\u00e3o, voc\u00ea concede irrevogavelmente \u00e0 SMTT o direito de editar, reproduzir, publicar, transmitir e exibir a reda\u00e7\u00e3o e quaisquer materiais relacionados enviados por voc\u00ea. Ao enviar uma inscri\u00e7\u00e3o, voc\u00ea tamb\u00e9m declara que a inscri\u00e7\u00e3o n\u00e3o viola nenhum direito autoral ou direito de publicidade ou privacidade, e concorda em defender e indenizar a SMTT por quaisquer reivindica\u00e7\u00f5es feitas contra ela.<\/span><\/li>\n<\/ul>\n<\/div>\n                                <\/div>\n        <div class=\"image-section-break__second-content\">\n                            <div class=\"image-section-break__body-copy wysiwyg\"><ul>\n<li style=\"font-weight: 400;\" aria-level=\"1\"><span style=\"font-weight: 400;\">Os indicados devem ser graduados na <\/span><a href=\"https:\/\/www.santamonica.com\/pt\/eu-sou-santa-monica\/\"><span style=\"font-weight: 400;\"><strong>Eu sou Santa M\u00f4nica<\/strong><\/span><\/a>\u00a0<span style=\"font-weight: 400;\">oficina.<\/span><\/li>\n<li style=\"font-weight: 400;\" aria-level=\"1\"><span style=\"font-weight: 400;\">Todos os finalistas\/vencedores escolhidos ter\u00e3o direito a um assento para participar da C\u00fapula de Viagens e Turismo de Santa Monica em maio e devem concordar com o nome e a imagem em promo\u00e7\u00f5es.<\/span><\/li>\n<li style=\"font-weight: 400;\" aria-level=\"1\"><span style=\"font-weight: 400;\">Um (1) vencedor receber\u00e1 o Pr\u00eamio Thelma Parks Tourism Spirit e o ganhador ser\u00e1 anunciado no Travel &amp; Tourism Summit em maio.<\/span><\/li>\n<li style=\"font-weight: 400;\" aria-level=\"1\"><span style=\"font-weight: 400;\">As indica\u00e7\u00f5es devem ser enviadas por meio de <strong><a href=\"https:\/\/www.santamonica.com\/pt\/eu-sou-santa-monica\/formulario-de-indicacao-para-o-premio-spirit\/\">este formul\u00e1rio<\/a><\/strong>.<\/span><\/li>\n<\/ul>\n<p><span style=\"font-weight: 400;\">Obrigado por nos ajudar a celebrar os funcion\u00e1rios que criam experi\u00eancias inesquec\u00edveis para nossos visitantes em Santa Monica! Se tiver alguma d\u00favida sobre o Pr\u00eamio Esp\u00edrito Tur\u00edstico Thelma Parks, entre em contato com <\/span><a href=\"mailto:clientservices@santamonica.com\"><span style=\"font-weight: 400;\"><strong>clientservices@santamonica.com<\/strong><\/span><\/a><span style=\"font-weight: 400;\"> ou ligue para 310-319-6263.<\/span><\/p>\n<\/div>\n                                <\/div>\n    <\/div>\n<\/section>","protected":false},"excerpt":{"rendered":"<p>Os vencedores anteriores incluem:<\/p>","protected":false},"author":1421,"featured_media":348388,"parent":0,"menu_order":0,"comment_status":"closed","ping_status":"closed","template":"template-editorial.php","meta":{"_acf_changed":false,"inline_featured_image":false,"footnotes":""},"silos":[],"class_list":["post-338356","page","type-page","status-publish","has-post-thumbnail","hentry"],"acf":[],"_links":{"self":[{"href":"https:\/\/www.santamonica.com\/pt\/wp-json\/wp\/v2\/pages\/338356","targetHints":{"allow":["GET"]}}],"collection":[{"href":"https:\/\/www.santamonica.com\/pt\/wp-json\/wp\/v2\/pages"}],"about":[{"href":"https:\/\/www.santamonica.com\/pt\/wp-json\/wp\/v2\/types\/page"}],"author":[{"embeddable":true,"href":"https:\/\/www.santamonica.com\/pt\/wp-json\/wp\/v2\/users\/1421"}],"replies":[{"embeddable":true,"href":"https:\/\/www.santamonica.com\/pt\/wp-json\/wp\/v2\/comments?post=338356"}],"version-history":[{"count":83,"href":"https:\/\/www.santamonica.com\/pt\/wp-json\/wp\/v2\/pages\/338356\/revisions"}],"predecessor-version":[{"id":791546,"href":"https:\/\/www.santamonica.com\/pt\/wp-json\/wp\/v2\/pages\/338356\/revisions\/791546"}],"wp:featuredmedia":[{"embeddable":true,"href":"https:\/\/www.santamonica.com\/pt\/wp-json\/wp\/v2\/media\/348388"}],"wp:attachment":[{"href":"https:\/\/www.santamonica.com\/pt\/wp-json\/wp\/v2\/media?parent=338356"}],"wp:term":[{"taxonomy":"silos","embeddable":true,"href":"https:\/\/www.santamonica.com\/pt\/wp-json\/wp\/v2\/silos?post=338356"}],"curies":[{"name":"wp","href":"https:\/\/api.w.org\/{rel}","templated":true}]}}