{"id":337201,"date":"2022-06-06T16:02:43","date_gmt":"2022-06-06T23:02:43","guid":{"rendered":"https:\/\/www.santamonica.com\/?page_id=337201"},"modified":"2025-12-09T08:29:27","modified_gmt":"2025-12-09T16:29:27","slug":"por-que-fazer-compras-em-santa-monica","status":"publish","type":"page","link":"https:\/\/www.santamonica.com\/pt\/shopping\/why-shop-in-santa-monica\/","title":{"rendered":"Por que comprar em Santa Monica"},"content":{"rendered":"<section class=\"stakeholder-feed sm-block js-stk-root sm-block\">\n    <div class=\"stakeholder-feed__top\">\n        <div class=\"stakeholder-feed__intro\">\n                            <h2 class=\"stakeholder-feed__headline\">Encontre o presente perfeito<\/h2>                                        <div class=\"stakeholder-feed__intro-body wysiwyg\">\n                    <p>Comece no centro da cidade em <a href=\"https:\/\/www.santamonica.com\/pt\/compras\/santa-monica-place\/\">Santa Monica Place<\/a>. Essa \u00e1rea de compras de luxo abriga lojas-\u00e2ncora de renome mundial, como <a href=\"https:\/\/www.santamonica.com\/pt\/compras\/louis-vuitton\/\">Louis Vuitton<\/a>, <a href=\"https:\/\/www.santamonica.com\/pt\/compras\/nike\/\">Nike<\/a> e <a href=\"https:\/\/www.santamonica.com\/pt\/compras\/tiffany-co\/\">Tiffany &amp; Co<\/a>. Al\u00e9m disso, com o servi\u00e7o de entrega no mesmo dia do Santa Monica Place, voc\u00ea pode comprar o quanto quiser.<em>sem<\/em> preocupando-se em como transport\u00e1-lo de volta ao hotel.<\/p>\n                <\/div>\n                    <\/div>\n        <div class=\"stakeholder-feed__nav-section\">\n                            <h3 class=\"stakeholder-feed__feed-title\">Ver todas as lojas<\/h3>                                        <a href=\"https:\/\/www.santamonica.com\/pt\/compras\/\" class=\"stakeholder-feed__feed-cta button --primary-teal-button\" >Ver tudo<\/a>            \n                        <div class=\"stakeholder-feed__pagination xxx--desktop-hide\">\n                <div class=\"swiper-button-prev stakeholder-feed__pagination-prev\"><\/div>\n                <div class=\"swiper-button-next stakeholder-feed__pagination-next\"><\/div>\n            <\/div>\n        <\/div>\n    <\/div>\n    <div class=\"stakeholder-feed__bottom\">\n        <div class=\"stakeholder-feed__feed-list-wrapper swiper js-stk-swiper\">\n            <ul class=\"stakeholder-feed__feed-list swiper-wrapper js-stk-wrapper\">\n                    <li class=\"swiper-slide stakeholder-card --theme3\">\n        <a class=\"stakeholder-card__link\" href=\"https:\/\/www.santamonica.com\/pt\/shopping\/santa-monica-walk-in-visitor-information-center\/\">\n            <div class=\"stakeholder-card__image\">\n                <img decoding=\"async\" src=\"https:\/\/assets.simpleviewinc.com\/simpleview\/image\/upload\/crm\/santamonica\/MainStreetVIC_9342F425-BD10-ECCA-E79210CDC1A8B4C4-9342e744acd1f9a_9342feb4-e95d-d61b-51497e4313931db9.jpg\" alt=\"Centro de Informa\u00e7\u00f5es ao Visitante de Santa M\u00f4nica\" title=\"\">\n            <\/div>\n            <div class=\"stakeholder-card__stk-info\">\n                <div class=\"stakeholder-card__stk-name\">Centro de Informa\u00e7\u00f5es ao Visitante de Santa M\u00f4nica<\/div>\n                <div class=\"stakeholder-card__stk-cat\">Compras<\/div>\n            <\/div>\n        <\/a>\n    <\/li>\n        <li class=\"swiper-slide stakeholder-card --theme3\">\n        <a class=\"stakeholder-card__link\" href=\"https:\/\/www.santamonica.com\/pt\/shopping\/printland\/\">\n            <div class=\"stakeholder-card__image\">\n                <img decoding=\"async\" src=\"https:\/\/www.santamonica.com\/wp-content\/uploads\/2024\/05\/placeholder_style-400x400.jpg\" alt=\"Printland\" title=\"\">\n            <\/div>\n            <div class=\"stakeholder-card__stk-info\">\n                <div class=\"stakeholder-card__stk-name\">Printland<\/div>\n                <div class=\"stakeholder-card__stk-cat\">Compras<\/div>\n            <\/div>\n        <\/a>\n    <\/li>\n        <li class=\"swiper-slide stakeholder-card --theme3\">\n        <a class=\"stakeholder-card__link\" href=\"https:\/\/www.santamonica.com\/pt\/shopping\/divine-vintage\/\">\n            <div class=\"stakeholder-card__image\">\n                <img decoding=\"async\" src=\"https:\/\/assets.simpleviewinc.com\/simpleview\/image\/upload\/crm\/santamonica\/Divine-Vintage-Interior_3BA46FB8-06FC-05C8-17C36BC8FE7BD8C5-3ba46b43017f060_3ba47834-decf-0f28-2d7beefa23cba6f0.png\" alt=\"Vintage Divino\" title=\"\">\n            <\/div>\n            <div class=\"stakeholder-card__stk-info\">\n                <div class=\"stakeholder-card__stk-name\">Vintage Divino<\/div>\n                <div class=\"stakeholder-card__stk-cat\">Joias\/Bolsas\/Acess\u00f3rios<\/div>\n            <\/div>\n        <\/a>\n    <\/li>\n        <li class=\"swiper-slide stakeholder-card --theme3\">\n        <a class=\"stakeholder-card__link\" href=\"https:\/\/www.santamonica.com\/pt\/shopping\/bevmo\/\">\n            <div class=\"stakeholder-card__image\">\n                <img decoding=\"async\" src=\"https:\/\/assets.simpleviewinc.com\/simpleview\/image\/upload\/crm\/santamonica\/Screenshot-2024-10-22-at-3.20.39-PM_1F26D5FB-C8F3-DA36-433FD01E8C0B4676-1f26d20eee4a281_1f26eb22-023a-938b-fe49b8af93a28ca4.png\" alt=\"BevMo!\" title=\"\">\n            <\/div>\n            <div class=\"stakeholder-card__stk-info\">\n                <div class=\"stakeholder-card__stk-name\">BevMo!<\/div>\n                <div class=\"stakeholder-card__stk-cat\">Compras<\/div>\n            <\/div>\n        <\/a>\n    <\/li>\n                <\/ul>\n        <\/div>\n    <\/div>\n<\/section>\n\n\n\n<div class=\"wp-block-columns is-layout-flex wp-container-core-columns-is-layout-28f84493 wp-block-columns-is-layout-flex base-block\">\n<div class=\"wp-block-column is-layout-flow wp-block-column-is-layout-flow base-block\">\n<h4 class=\"wp-block-heading base-block\">Estilos exclusivos<\/h4>\n\n\n\n<p class=\"base-block\">Encontre presentes legais e vestidos bonitos na <a href=\"https:\/\/www.santamonica.com\/pt\/compras\/loja-de-brat\/\">Loja de Brat<\/a>, al\u00e9m de roupas e acess\u00f3rios com um toque internacional em <a href=\"https:\/\/www.santamonica.com\/pt\/compras\/boutique-em-katmandu\/\">Boutique Kathmandu<\/a>.<\/p>\n<\/div>\n\n\n\n<div class=\"wp-block-column is-layout-flow wp-block-column-is-layout-flow base-block\">\n<h4 class=\"wp-block-heading base-block\">Produtos verdes<\/h4>\n\n\n\n<p class=\"base-block\">Ao sul do Pico Boulevard, perto da praia, a Main Street abriga v\u00e1rias lojas independentes e ecol\u00f3gicas - possivelmente inspiradas pela cultura ao ar livre de Santa Monica.<\/p>\n<\/div>\n\n\n\n<div class=\"wp-block-column is-layout-flow wp-block-column-is-layout-flow base-block\">\n<h4 class=\"wp-block-heading base-block\">M\u00eddia Vintage<\/h4>\n\n\n\n<p class=\"base-block\">Gosta de m\u00eddia vintage? Os leitores de livros e os nerds do vinil devem visitar <a href=\"https:\/\/www.santamonica.com\/pt\/compras\/livros-de-angel-city\/\">Livros de Angel City<\/a> para uma sele\u00e7\u00e3o ecl\u00e9tica e com curadoria de discos de vinil e livros usados.<\/p>\n<\/div>\n<\/div>\n\n\n\n<section class=\"image-section-break sm-block\">\n    <div class=\"image-section-break__image-wrapper\">\n                    <picture>\n                    <source\n                        media=\"(min-width: 768px)\"\n                        srcset=\"https:\/\/www.santamonica.com\/wp-content\/uploads\/2022\/07\/Promenade1656x574.jpg\"\n                    >\n                    <img decoding=\"async\" src=\"https:\/\/www.santamonica.com\/wp-content\/uploads\/2022\/07\/Promenade650x866.jpg\" class=\"image-section-break__image\" alt=\"Pessoas caminhando no cal\u00e7ad\u00e3o durante o dia; Third Street Promenade\" title=\"\">\n            <\/picture>\n                \n\n    <\/div>\n    <div class=\"image-section-break__text-content\">\n        <div class=\"image-section-break__first-content --theme3\">\n                            <div class=\"image-section-break__eyebrow-text\">Pontos de compras famosos<\/div>\n                                        <h2 class=\"image-section-break__title\">Lojas conhecidas<\/h2>\n                                        <div class=\"image-section-break__body-copy wysiwyg\"><p>A apenas uma quadra ao norte de Santa Monica Place, no cora\u00e7\u00e3o do centro de Santa Monica, est\u00e1 o <a href=\"https:\/\/www.santamonica.com\/pt\/experiencia-em-santa-monica\/bairros\/centro-de-santa-monica-3rd-street-promenade\/\">Passeio pela Third Street<\/a>\u00a0que vai de Wilshire at\u00e9 a Broadway. Ela foi fechada para carros em 1965, criando um para\u00edso de compras para os pedestres. Embora sua maior parte esteja repleta de lojas de roupas mais comuns, como <a href=\"https:\/\/www.santamonica.com\/pt\/compras\/gap-babygap-gapkids\/\">Lacuna<\/a>, <a href=\"https:\/\/www.santamonica.com\/pt\/compras\/antropologia\/\">Anthropologie<\/a>, <a href=\"https:\/\/www.santamonica.com\/pt\/compras\/tenis-adidas\/\">Adidas<\/a> e <a href=\"https:\/\/www.santamonica.com\/pt\/compras\/sephora\/\">Sephora<\/a>, O hotel \u00e9 um dos mais bonitos do mundo, mas mant\u00e9m uma vibra\u00e7\u00e3o distinta do sul da Calif\u00f3rnia.<\/p>\n<\/div>\n                                <\/div>\n        <div class=\"image-section-break__second-content\">\n                            <div class=\"image-section-break__body-copy wysiwyg\"><p>Enquanto relaxa em um banco cercado por palmeiras e belas flores plantadas, voc\u00ea pode apreciar o talento de v\u00e1rios artistas de rua que se re\u00fanem no trecho de tr\u00eas quarteir\u00f5es. Se voc\u00ea desviar da Promenade para a Second ou Fourth Street, encontrar\u00e1 lojas menores de Santa Monica, de propriedade individual, para comprar presentes exclusivos.<\/p>\n<p>Entre no <a href=\"https:\/\/www.santamonica.com\/pt\/compras\/vans\/\">Vans<\/a> em frente \u00e0 loja Santa Monica Place, um dos primeiros locais de varejo da empresa, para conferir as \u00faltimas edi\u00e7\u00f5es dos t\u00eanis de conv\u00e9s exclusivos da marca, que se tornaram populares entre os skatistas do sul da Calif\u00f3rnia no final da d\u00e9cada de 1960.<\/p>\n<\/div>\n                                <\/div>\n    <\/div>\n<\/section>\n\n\n\n<section class=\"two-images container-max sm-block  sm-block\">\n    <div class=\"two-images__container\">\n\n        <div class=\"two-images__column\">\n            <div class=\"two-images__content\">\n                <div class=\"two-images__content-header-container\">\n                                            <h2 class=\"two-images__content-header\">Somente em Santa M\u00f4nica<\/h2>                                    <\/div>\n                                    <div class=\"two-images__content-body wysiwyg\">\n                        <p>Da Lincoln \u00e0 17th Street, a Montana Avenue \u00e9 pontilhada por lojas de luxo de Santa Monica e butiques de roupas femininas de marcas normalmente encontradas apenas em lojas maiores.<\/p>\n<p>Etiquetas como <a href=\"https:\/\/www.santamonica.com\/pt\/compras\/esplendido\/\">Espl\u00eandido<\/a>, <a href=\"https:\/\/www.santamonica.com\/pt\/compras\/jill-roberts\/\">Jill Roberts<\/a> e <a href=\"https:\/\/www.santamonica.com\/pt\/compras\/margaret-oleary\/\">Margaret O'Leary<\/a> t\u00eam seus pr\u00f3prios espa\u00e7os dedicados aqui, oferecendo sele\u00e7\u00f5es maiores e mais variadas.<\/p>\n<p>N\u00e3o deixe de reservar um tempo para visitar lojas exclusivas da Calif\u00f3rnia, como <a href=\"https:\/\/www.santamonica.com\/pt\/compras\/design-de-joias-com-detalhes\/\">Design de joias Accents<\/a>, uma butique de acess\u00f3rios dedicada a designers locais.<\/p>\n                    <\/div>\n                                            <\/div>\n        <\/div>\n\n        <div class=\"two-images__column\">\n                            <div class=\"two-images__image-container\">\n                    <img decoding=\"async\" width=\"425\" height=\"505\" src=\"https:\/\/www.santamonica.com\/wp-content\/uploads\/2022\/06\/only-in-santa-monica-shopping.jpg\" class=\"two-images__image\" alt=\"somente em santa monica shopping\" loading=\"lazy\" srcset=\"https:\/\/www.santamonica.com\/wp-content\/uploads\/2022\/06\/only-in-santa-monica-shopping.jpg 425w, https:\/\/www.santamonica.com\/wp-content\/uploads\/2022\/06\/only-in-santa-monica-shopping-252x300.jpg 252w, https:\/\/www.santamonica.com\/wp-content\/uploads\/2022\/06\/only-in-santa-monica-shopping-126x150.jpg 126w\" sizes=\"auto, (max-width: 425px) 100vw, 425px\" title=\"\">                    \n\n            <div class=\"img-lctn-tag --no-link two-images__image-caption --right\">Design de joias Accents<\/div>\n                    <\/div>\n                    <\/div>\n\n        <div class=\"two-images__column\">\n                            <div class=\"two-images__image-container\">\n                    <img decoding=\"async\" width=\"600\" height=\"464\" src=\"https:\/\/www.santamonica.com\/wp-content\/uploads\/2022\/07\/Shop600x464.jpg\" class=\"two-images__image\" alt=\"Caixa sorrindo e entregando a sacola ao cliente; chap\u00e9us localizados na parede atr\u00e1s\" loading=\"lazy\" srcset=\"https:\/\/www.santamonica.com\/wp-content\/uploads\/2022\/07\/Shop600x464.jpg 600w, https:\/\/www.santamonica.com\/wp-content\/uploads\/2022\/07\/Shop600x464-300x232.jpg 300w, https:\/\/www.santamonica.com\/wp-content\/uploads\/2022\/07\/Shop600x464-194x150.jpg 194w\" sizes=\"auto, (max-width: 600px) 100vw, 600px\" title=\"\">                    \n\n            <div class=\"img-lctn-tag --no-link two-images__image-caption --right\">Textura: Uma loja de su\u00e9teres<\/div>\n                    <\/div>\n                    <\/div>\n\n    <\/div>\n<\/section>\n\n\n<section class=\"blog-feed --theme8 sm-block\">\n    <div class=\"blog-feed__content\">\n        <div class=\"blog-feed__intro\">\n                            <div class=\"blog-feed__eyebrow eyebrow\">Blogs<\/div>                                        <h2 class=\"blog-feed__headline\">Compre, n\u00e3o deixe cair <\/h2>                                        <div class=\"blog-feed__body\"><p>Com um amplo sistema de transporte p\u00fablico e muitas ciclovias exclusivas, \u00e9 incrivelmente f\u00e1cil se locomover - e fazer compras - em Santa Monica.<\/p>\n<\/div>\n                                        <a class=\"blog-feed__cta\" href=\"https:\/\/www.santamonica.com\/pt\/postagens-de-blog\/\">Ver todos os blogs<\/a>\n                    <\/div>\n\n        <ul class=\"blog-feed__list\">\n                                                <li class=\"blog-feed__item\">\n                        <a href=\"https:\/\/www.santamonica.com\/pt\/trip-planner\/santa-monica-travel-hacks\/\" class=\"blog-feed__item-link\">\n                            <div class=\"blog-feed__image-ratio\">\n                                <img decoding=\"async\" class=\"blog-feed__image\" src=\"https:\/\/www.santamonica.com\/wp-content\/uploads\/2021\/05\/Santa-Monica-Travel-Hacks-Featured-400x400.jpg\" alt=\"Dicas de viagem para f\u00e9rias incr\u00edveis em Santa M\u00f4nica\" title=\"\">\n                            <\/div>\n                            <div class=\"blog-feed__card-title\">Dicas de viagem para f\u00e9rias incr\u00edveis em Santa M\u00f4nica<\/div>\n                        <\/a>\n                    <\/li>\n                                                                <li class=\"blog-feed__item\">\n                        <a href=\"https:\/\/www.santamonica.com\/pt\/shopping\/santa-monica-shopping-splurge-save\/\" class=\"blog-feed__item-link\">\n                            <div class=\"blog-feed__image-ratio\">\n                                <img decoding=\"async\" class=\"blog-feed__image\" src=\"https:\/\/www.santamonica.com\/wp-content\/uploads\/2019\/10\/shopping-400x400.jpg\" alt=\"Compras em Santa M\u00f4nica: Fazer alarde ou economizar\" title=\"\">\n                            <\/div>\n                            <div class=\"blog-feed__card-title\">Compras em Santa M\u00f4nica: Fazer alarde ou economizar<\/div>\n                        <\/a>\n                    <\/li>\n                                    <\/ul>\n    <\/div>\n<\/section>\n\n\n\n<p class=\"base-block\"><\/p>","protected":false},"excerpt":{"rendered":"<p>Unique Styles Find cool gifts and cute dresses at the Brat Store, plus clothing and accessories with an international flair at Kathmandu Boutique. Green Products South of Pico Boulevard near the beach, Main Street is home to several indie, eco-friendly stores\u2013possibly inspired by Santa Monica\u2019s outdoor culture. Vintage Media Love vintage media? Bookworms and vinyl nerds should hit up Angel City Books for a curated and eclectic selection of vinyl records and used books.<\/p>","protected":false},"author":1450,"featured_media":337218,"parent":0,"menu_order":0,"comment_status":"closed","ping_status":"closed","template":"template-editorial.php","meta":{"_acf_changed":false,"inline_featured_image":false,"footnotes":""},"silos":[3898],"class_list":["post-337201","page","type-page","status-publish","has-post-thumbnail","hentry"],"acf":[],"_links":{"self":[{"href":"https:\/\/www.santamonica.com\/pt\/wp-json\/wp\/v2\/pages\/337201","targetHints":{"allow":["GET"]}}],"collection":[{"href":"https:\/\/www.santamonica.com\/pt\/wp-json\/wp\/v2\/pages"}],"about":[{"href":"https:\/\/www.santamonica.com\/pt\/wp-json\/wp\/v2\/types\/page"}],"author":[{"embeddable":true,"href":"https:\/\/www.santamonica.com\/pt\/wp-json\/wp\/v2\/users\/1450"}],"replies":[{"embeddable":true,"href":"https:\/\/www.santamonica.com\/pt\/wp-json\/wp\/v2\/comments?post=337201"}],"version-history":[{"count":48,"href":"https:\/\/www.santamonica.com\/pt\/wp-json\/wp\/v2\/pages\/337201\/revisions"}],"predecessor-version":[{"id":778660,"href":"https:\/\/www.santamonica.com\/pt\/wp-json\/wp\/v2\/pages\/337201\/revisions\/778660"}],"wp:featuredmedia":[{"embeddable":true,"href":"https:\/\/www.santamonica.com\/pt\/wp-json\/wp\/v2\/media\/337218"}],"wp:attachment":[{"href":"https:\/\/www.santamonica.com\/pt\/wp-json\/wp\/v2\/media?parent=337201"}],"wp:term":[{"taxonomy":"silos","embeddable":true,"href":"https:\/\/www.santamonica.com\/pt\/wp-json\/wp\/v2\/silos?post=337201"}],"curies":[{"name":"wp","href":"https:\/\/api.w.org\/{rel}","templated":true}]}}