{"id":336866,"date":"2022-06-02T14:27:35","date_gmt":"2022-06-02T21:27:35","guid":{"rendered":"https:\/\/www.santamonica.com\/?page_id=336866"},"modified":"2026-01-13T13:33:06","modified_gmt":"2026-01-13T21:33:06","slug":"eventos","status":"publish","type":"page","link":"https:\/\/www.santamonica.com\/pt\/events\/","title":{"rendered":"Eventos"},"content":{"rendered":"<section class=\"two-images container-max sm-block  sm-block\">\n    <div class=\"two-images__container\">\n\n        <div class=\"two-images__column\">\n            <div class=\"two-images__content\">\n                <div class=\"two-images__content-header-container\">\n                                            <h2 class=\"two-images__content-header\">Descubra os eventos de Santa M\u00f4nica<\/h2>                                    <\/div>\n                                    <div class=\"two-images__content-body wysiwyg\">\n                        <p>Santa Monica \u00e9 um \u00f3timo lugar para participar de um evento gra\u00e7as ao clima ameno durante todo o ano, \u00e0 proximidade de Los Angeles e aos locais exclusivos para eventos. Caminhe, ande de bicicleta ou pegue a linha E do metr\u00f4 e aproveite os in\u00fameros eventos de Santa Monica! Esse ref\u00fagio \u00e0 beira-mar oferece entretenimento exclusivo durante todo o ano - muitos deles s\u00e3o gratuitos e acontecem ao ar livre! Leve a fam\u00edlia para conhecer o ic\u00f4nico Pacific Park ou planeje o passeio de s\u00e1bado perfeito ao descobrir os pr\u00f3ximos eventos em Santa Monica.<\/p>\n                    <\/div>\n                                                    <div class=\"two-images__content-cta\">\n                        <a class=\"two-images__cta\" href=\"https:\/\/www.santamonica.com\/pt\/eventos\/eventos-anuais\/\" target=\"\">Exibir eventos anuais<\/a>\n                    <\/div>\n                            <\/div>\n        <\/div>\n\n        <div class=\"two-images__column\">\n                            <div class=\"two-images__image-container\">\n                    <img decoding=\"async\" width=\"425\" height=\"505\" src=\"https:\/\/www.santamonica.com\/wp-content\/uploads\/2022\/06\/events-santa-monica.jpg\" class=\"two-images__image\" alt=\"eventos santa monica\" loading=\"lazy\" srcset=\"https:\/\/www.santamonica.com\/wp-content\/uploads\/2022\/06\/events-santa-monica.jpg 425w, https:\/\/www.santamonica.com\/wp-content\/uploads\/2022\/06\/events-santa-monica-252x300.jpg 252w, https:\/\/www.santamonica.com\/wp-content\/uploads\/2022\/06\/events-santa-monica-126x150.jpg 126w\" sizes=\"auto, (max-width: 425px) 100vw, 425px\" title=\"\">                    \n\n                <\/div>\n                    <\/div>\n\n        <div class=\"two-images__column\">\n                            <div class=\"two-images__image-container\">\n                    <img decoding=\"async\" width=\"600\" height=\"565\" src=\"https:\/\/www.santamonica.com\/wp-content\/uploads\/2022\/06\/fall-events-santa-monica.jpg\" class=\"two-images__image\" alt=\"eventos de outono em santa m\u00f4nica\" loading=\"lazy\" srcset=\"https:\/\/www.santamonica.com\/wp-content\/uploads\/2022\/06\/fall-events-santa-monica.jpg 600w, https:\/\/www.santamonica.com\/wp-content\/uploads\/2022\/06\/fall-events-santa-monica-300x283.jpg 300w, https:\/\/www.santamonica.com\/wp-content\/uploads\/2022\/06\/fall-events-santa-monica-159x150.jpg 159w\" sizes=\"auto, (max-width: 600px) 100vw, 600px\" title=\"\">                    \n\n                <\/div>\n                    <\/div>\n\n    <\/div>\n<\/section>\n\n\n<section class=\"blog-feed --theme8 sm-block\">\n    <div class=\"blog-feed__content\">\n        <div class=\"blog-feed__intro\">\n                            <div class=\"blog-feed__eyebrow eyebrow\">Blogs<\/div>                                        <h2 class=\"blog-feed__headline\">Descubra Santa M\u00f4nica<\/h2>                                        <div class=\"blog-feed__body\"><p>Explore itiner\u00e1rios, dicas locais, pontos de interesse e aventuras selecionadas para garantir que voc\u00ea aproveite ao m\u00e1ximo sua experi\u00eancia em Santa Monica.<\/p>\n<\/div>\n                                        <a class=\"blog-feed__cta\" href=\"https:\/\/www.santamonica.com\/pt\/postagens-de-blog\/\">Ver todos os blogs<\/a>\n                    <\/div>\n\n        <ul class=\"blog-feed__list\">\n                                                <li class=\"blog-feed__item\">\n                        <a href=\"https:\/\/www.santamonica.com\/pt\/mother-road-modern-meetings-route-66-meeting-spaces-set-to-shine-for-centennial-in-santa-monica\/\" class=\"blog-feed__item-link\">\n                            <div class=\"blog-feed__image-ratio\">\n                                <img decoding=\"async\" class=\"blog-feed__image\" src=\"https:\/\/www.santamonica.com\/wp-content\/uploads\/2025\/12\/untitledJuly20162C2020180010-182-2-400x400.jpg\" alt=\"ESTRADA M\u00c3E, REUNI\u00d5ES MODERNAS: ESPA\u00c7OS PARA REUNI\u00d5ES DA ROTA 66 PREPARADOS PARA BRILHAR NO CENTEN\u00c1RIO EM SANTA M\u00d4NICA\" title=\"\">\n                            <\/div>\n                            <div class=\"blog-feed__card-title\">ESTRADA M\u00c3E, REUNI\u00d5ES MODERNAS: ESPA\u00c7OS PARA REUNI\u00d5ES DA ROTA 66 PREPARADOS PARA BRILHAR NO CENTEN\u00c1RIO EM SANTA M\u00d4NICA<\/div>\n                        <\/a>\n                    <\/li>\n                                                                <li class=\"blog-feed__item\">\n                        <a href=\"https:\/\/www.santamonica.com\/pt\/media\/news-release\/santa-monica-announces-song-contest-in-celebration-of-route-66-centennial\/\" class=\"blog-feed__item-link\">\n                            <div class=\"blog-feed__image-ratio\">\n                                <img decoding=\"async\" class=\"blog-feed__image\" src=\"https:\/\/www.santamonica.com\/wp-content\/uploads\/2025\/11\/DSC01084-400x400.jpg\" alt=\"SANTA MONICA ANUNCIA CONCURSO DE M\u00daSICA EM COMEMORA\u00c7\u00c3O AO CENTEN\u00c1RIO DA ROTA 66\" title=\"\">\n                            <\/div>\n                            <div class=\"blog-feed__card-title\">SANTA MONICA ANUNCIA CONCURSO DE M\u00daSICA EM COMEMORA\u00c7\u00c3O AO CENTEN\u00c1RIO DA ROTA 66<\/div>\n                        <\/a>\n                    <\/li>\n                                                                <li class=\"blog-feed__item\">\n                        <a href=\"https:\/\/www.santamonica.com\/pt\/media\/news-release\/where-to-watch-the-world-series-in-santa-monica\/\" class=\"blog-feed__item-link\">\n                            <div class=\"blog-feed__image-ratio\">\n                                <img decoding=\"async\" class=\"blog-feed__image\" src=\"https:\/\/www.santamonica.com\/wp-content\/uploads\/2025\/10\/dodgers-logo-1-400x400.jpg\" alt=\"ONDE ASSISTIR \u00c0 S\u00c9RIE MUNDIAL EM SANTA MONICA\" title=\"\">\n                            <\/div>\n                            <div class=\"blog-feed__card-title\">ONDE ASSISTIR \u00c0 S\u00c9RIE MUNDIAL EM SANTA MONICA<\/div>\n                        <\/a>\n                    <\/li>\n                                    <\/ul>\n    <\/div>\n<\/section>","protected":false},"excerpt":{"rendered":"","protected":false},"author":1450,"featured_media":350317,"parent":0,"menu_order":0,"comment_status":"closed","ping_status":"closed","template":"template-events-listing.php","meta":{"_acf_changed":false,"inline_featured_image":false,"footnotes":""},"silos":[],"class_list":["post-336866","page","type-page","status-publish","has-post-thumbnail","hentry"],"acf":[],"_links":{"self":[{"href":"https:\/\/www.santamonica.com\/pt\/wp-json\/wp\/v2\/pages\/336866","targetHints":{"allow":["GET"]}}],"collection":[{"href":"https:\/\/www.santamonica.com\/pt\/wp-json\/wp\/v2\/pages"}],"about":[{"href":"https:\/\/www.santamonica.com\/pt\/wp-json\/wp\/v2\/types\/page"}],"author":[{"embeddable":true,"href":"https:\/\/www.santamonica.com\/pt\/wp-json\/wp\/v2\/users\/1450"}],"replies":[{"embeddable":true,"href":"https:\/\/www.santamonica.com\/pt\/wp-json\/wp\/v2\/comments?post=336866"}],"version-history":[{"count":38,"href":"https:\/\/www.santamonica.com\/pt\/wp-json\/wp\/v2\/pages\/336866\/revisions"}],"predecessor-version":[{"id":427718,"href":"https:\/\/www.santamonica.com\/pt\/wp-json\/wp\/v2\/pages\/336866\/revisions\/427718"}],"wp:featuredmedia":[{"embeddable":true,"href":"https:\/\/www.santamonica.com\/pt\/wp-json\/wp\/v2\/media\/350317"}],"wp:attachment":[{"href":"https:\/\/www.santamonica.com\/pt\/wp-json\/wp\/v2\/media?parent=336866"}],"wp:term":[{"taxonomy":"silos","embeddable":true,"href":"https:\/\/www.santamonica.com\/pt\/wp-json\/wp\/v2\/silos?post=336866"}],"curies":[{"name":"wp","href":"https:\/\/api.w.org\/{rel}","templated":true}]}}