{"id":336491,"date":"2022-05-27T16:36:34","date_gmt":"2022-05-27T23:36:34","guid":{"rendered":"https:\/\/www.santamonica.com\/?page_id=336491"},"modified":"2025-11-10T07:54:43","modified_gmt":"2025-11-10T15:54:43","slug":"melhor-epoca-para-visitar","status":"publish","type":"page","link":"https:\/\/www.santamonica.com\/pt\/experience-santa-monica\/best-time-to-visit\/","title":{"rendered":"Melhor \u00e9poca para visitar"},"content":{"rendered":"<section class=\"sun-title sm-block --theme6 sm-block\">\n            <h2 class=\"sun-title__headline\">Visite Santa M\u00f4nica no ver\u00e3o<\/h2>    \n            <div class=\"sun-title__body  wysiwyg\">\n                    <p>O ver\u00e3o em Santa Monica \u00e9 a \u00e9poca ideal para ir \u00e0 praia: sol quente, eventos quentes e, infelizmente, pre\u00e7os quentes. As ofertas (como a chuva) s\u00e3o raras nesta \u00e9poca do ano, mas n\u00e3o deixe que isso o impe\u00e7a de perder as atividades sazonais ic\u00f4nicas. Aqui est\u00e1 o detalhamento dos eventos m\u00eas a m\u00eas para ajud\u00e1-lo a planejar.<\/p>\n<p>Em <strong>Junho<\/strong>, Em um dia de festa, cumprimentamos o LA Pride e o in\u00edcio das f\u00e9rias de ver\u00e3o. O tempo est\u00e1 ensolarado, com uma m\u00e9dia de 66\u00b0 de temperatura m\u00e1xima e 59\u00b0 de temperatura m\u00ednima.<\/p>\n<p>Em <strong>Julho<\/strong>, Santa M\u00f4nica comemora o Dia da Independ\u00eancia no verdadeiro estilo californiano. O clima \u00e9 ensolarado, com uma m\u00e9dia de 69\u00b0 de temperatura m\u00e1xima e 62\u00b0 de temperatura m\u00ednima.<\/p>\n<p>Em <strong>Agosto<\/strong>, Na cidade de Nova York, os habitantes locais e os turistas continuam aproveitando o sol com o fim das f\u00e9rias de ver\u00e3o. O clima \u00e9 ensolarado, com uma m\u00e9dia de m\u00e1xima de 70\u00b0 e m\u00ednima de 63\u00b0.<\/p>\n                        <\/div>\n    <\/section>\n\n\n\n<section class=\"two-images container-max sm-block  sm-block\">\n    <div class=\"two-images__container\">\n\n        <div class=\"two-images__column\">\n            <div class=\"two-images__content\">\n                <div class=\"two-images__content-header-container\">\n                                            <h2 class=\"two-images__content-header\">Outono em Santa M\u00f4nica<\/h2>                                    <\/div>\n                                    <div class=\"two-images__content-body wysiwyg\">\n                        <p>O outono \u00e9 a \u00e9poca perfeita para visitar Santa Monica: o clima (e os pre\u00e7os) esfria e h\u00e1 muitas ofertas.<\/p>\n<p>Em <strong>Setembro<\/strong>, Quando o ver\u00e3o chega, o p\u00fablico volta para casa. O clima \u00e9 ensolarado, com uma m\u00e9dia de 71\u00b0 de temperatura m\u00e1xima e 63\u00b0 de temperatura m\u00ednima.<\/p>\n<p>Em <strong>Outubro<\/strong>, Em um dia de festa, o Abbot Kinney Festival atrai uma multid\u00e3o. O clima \u00e9 ensolarado, com uma m\u00e9dia de m\u00e1xima de 70\u00b0 e m\u00ednima de 59\u00b0.<\/p>\n<p>Em <strong>Novembro<\/strong>, Em um ano, os convidados globais se re\u00fanem no American Film Market. O clima \u00e9 ensolarado, com uma m\u00e9dia de 67\u00b0 de temperatura m\u00e1xima e 54\u00b0 de temperatura m\u00ednima.<\/p>\n                    <\/div>\n                                            <\/div>\n        <\/div>\n\n        <div class=\"two-images__column\">\n                            <div class=\"two-images__image-container\">\n                    <img decoding=\"async\" width=\"425\" height=\"505\" src=\"https:\/\/www.santamonica.com\/wp-content\/uploads\/2022\/05\/santa-monica-weather.jpg\" class=\"two-images__image\" alt=\"clima em santa m\u00f4nica\" loading=\"lazy\" srcset=\"https:\/\/www.santamonica.com\/wp-content\/uploads\/2022\/05\/santa-monica-weather.jpg 425w, https:\/\/www.santamonica.com\/wp-content\/uploads\/2022\/05\/santa-monica-weather-252x300.jpg 252w, https:\/\/www.santamonica.com\/wp-content\/uploads\/2022\/05\/santa-monica-weather-126x150.jpg 126w\" sizes=\"auto, (max-width: 425px) 100vw, 425px\" title=\"\">                    \n\n                <\/div>\n                    <\/div>\n\n        <div class=\"two-images__column\">\n                            <div class=\"two-images__image-container\">\n                    <img decoding=\"async\" width=\"600\" height=\"565\" src=\"https:\/\/www.santamonica.com\/wp-content\/uploads\/2022\/05\/when-visit-santa-monica.jpg\" class=\"two-images__image\" alt=\"quando visitar santa m\u00f4nica\" loading=\"lazy\" srcset=\"https:\/\/www.santamonica.com\/wp-content\/uploads\/2022\/05\/when-visit-santa-monica.jpg 600w, https:\/\/www.santamonica.com\/wp-content\/uploads\/2022\/05\/when-visit-santa-monica-300x283.jpg 300w, https:\/\/www.santamonica.com\/wp-content\/uploads\/2022\/05\/when-visit-santa-monica-159x150.jpg 159w\" sizes=\"auto, (max-width: 600px) 100vw, 600px\" title=\"\">                    \n\n            <div class=\"img-lctn-tag --no-link two-images__image-caption --right\">Parque Palisades<\/div>\n                    <\/div>\n                    <\/div>\n\n    <\/div>\n<\/section>\n\n\n<section class=\"image-slider --theme1 sm-block\" >\n    <div class=\"image-slider__wrapper\">\n                    <div class=\"image-slider__copy wysiwyg\"><h2>Inverno em Santa M\u00f4nica<\/h2>\n<p>O inverno \u00e9 a \u00e9poca do ano mais econ\u00f4mica para visitar Santa Monica, com muitas ofertas e eventos interessantes.<\/p>\n<p>Em <strong>Dezembro<\/strong>, Em dezembro, voltamos para o recesso de Natal e para a v\u00e9spera de Ano Novo. O tempo est\u00e1 parcialmente ensolarado, com uma m\u00e9dia de 65\u00b0 de m\u00e1xima e 51\u00b0 de m\u00ednima.<\/p>\n<p>Em <strong>Janeiro<\/strong>, Em setembro, comemos com o Santa Monica e o Dine LA's Restaurant Weeks. O tempo est\u00e1 parcialmente ensolarado, com uma m\u00e9dia de 64\u00b0 de temperatura m\u00e1xima e 50\u00b0 de temperatura m\u00ednima.<\/p>\n<p>Em <strong>Fevereiro<\/strong>, \u00c9 hora do Oscar. O tempo est\u00e1 parcialmente ensolarado, com uma m\u00e9dia de 63\u00b0 de m\u00e1xima e 51\u00b0 de m\u00ednima.<\/p>\n<\/div>\n                <div class=\"image-slider__slider right\">\n                            <!-- Slider main container -->\n                <div class=\"swiper\">\n                    <!-- Additional required wrapper -->\n                    <div class=\"swiper-wrapper\">\n                        <!-- Slides -->\n                                                    <div class=\"swiper-slide\">\n                                <img decoding=\"async\" width=\"1024\" height=\"576\" src=\"https:\/\/www.santamonica.com\/wp-content\/uploads\/2022\/05\/winter-santa-monica.jpg\" class=\"swiper-slide__image\" alt=\"inverno em santa m\u00f4nica\" loading=\"lazy\" srcset=\"https:\/\/www.santamonica.com\/wp-content\/uploads\/2022\/05\/winter-santa-monica.jpg 1024w, https:\/\/www.santamonica.com\/wp-content\/uploads\/2022\/05\/winter-santa-monica-300x169.jpg 300w, https:\/\/www.santamonica.com\/wp-content\/uploads\/2022\/05\/winter-santa-monica-267x150.jpg 267w, https:\/\/www.santamonica.com\/wp-content\/uploads\/2022\/05\/winter-santa-monica-768x432.jpg 768w\" sizes=\"auto, (max-width: 1024px) 100vw, 1024px\" title=\"\">                                \n\n            <a href=\"https:\/\/www.santamonica.com\/pt\/coisas-para-fazer\/parque-palisades\/\"  class=\"img-lctn-tag --right\">\n            <div class=\"img-lctn-tag-inside-link image-slider__image-caption right\">Parque Palisades<\/div>\n        <\/a>\n                                <\/div>\n                                            <\/div>\n                                    <\/div>\n                    <\/div>\n    <\/div>\n<\/section>\n\n\n\n<div class=\"wp-block-columns is-layout-flex wp-container-core-columns-is-layout-28f84493 wp-block-columns-is-layout-flex base-block\">\n<div class=\"wp-block-column is-layout-flow wp-block-column-is-layout-flow base-block\">\n<h4 class=\"wp-block-heading base-block\">Mar\u00e7o<\/h4>\n\n\n\n<p class=\"base-block\">Quando a primavera - bem, a primavera - os pre\u00e7os come\u00e7am a esquentar, assim como o clima: parcialmente ensolarado, com uma m\u00e9dia de 62\u00b0 e 52\u00b0 de temperatura m\u00ednima. Os veranistas v\u00e3o para as bel\u00edssimas praias de Santa Monica e os aficionados por corrida correm para a Maratona de Los Angeles anual.<\/p>\n<\/div>\n\n\n\n<div class=\"wp-block-column is-layout-flow wp-block-column-is-layout-flow base-block\">\n<h4 class=\"wp-block-heading base-block\">Abril<\/h4>\n\n\n\n<p class=\"base-block\">A festa n\u00e3o termina aqui: os viajantes das f\u00e9rias de primavera continuam a aproveitar as temperaturas amenas de Santa Monica durante o m\u00eas de abril. Felizmente, os pre\u00e7os baixaram, mas s\u00f3 por um tempo. O clima \u00e9 ensolarado, com uma m\u00e9dia de 63\u00b0 de temperatura m\u00e1xima e 54\u00b0 de temperatura m\u00ednima.<\/p>\n<\/div>\n\n\n\n<div class=\"wp-block-column is-layout-flow wp-block-column-is-layout-flow base-block\">\n<h4 class=\"wp-block-heading base-block\">Maio<\/h4>\n\n\n\n<p class=\"base-block\">Em maio, os moradores de Santa Monica est\u00e3o se preparando para o ver\u00e3o - e os visitantes tamb\u00e9m. Agora \u00e9 o momento perfeito para visitar e aproveitar as temperaturas perfeitas a pre\u00e7os perfeitos. Esteja avisado: \u00e9 dif\u00edcil encontrar ofertas. O clima \u00e9 ensolarado, com uma m\u00e9dia de 64\u00b0 de temperatura m\u00e1xima e 56\u00b0 de temperatura m\u00ednima.<\/p>\n<\/div>\n<\/div>\n\n\n<section class=\"stakeholder-feed sm-block js-stk-root sm-block\">\n    <div class=\"stakeholder-feed__top\">\n        <div class=\"stakeholder-feed__intro\">\n                            <h2 class=\"stakeholder-feed__headline\">Reserve seu hotel <\/h2>                                        <div class=\"stakeholder-feed__intro-body wysiwyg\">\n                    <p>Inverno, primavera, ver\u00e3o ou outono, \u00e9 sempre uma \u00f3tima \u00e9poca para visitar Santa Monica. Por qu\u00ea? Porque sempre h\u00e1 algo incr\u00edvel para fazer aqui. Reserve sua hospedagem hoje mesmo e encontre a estadia perfeita para sua viagem!<\/p>\n                <\/div>\n                    <\/div>\n        <div class=\"stakeholder-feed__nav-section\">\n                            <h3 class=\"stakeholder-feed__feed-title\">Hot\u00e9is em Santa M\u00f4nica<\/h3>                                        <a href=\"https:\/\/www.santamonica.com\/pt\/hoteis\/\" class=\"stakeholder-feed__feed-cta button --primary-teal-button\" >Ver tudo<\/a>            \n                        <div class=\"stakeholder-feed__pagination xxx--desktop-hide\">\n                <div class=\"swiper-button-prev stakeholder-feed__pagination-prev\"><\/div>\n                <div class=\"swiper-button-next stakeholder-feed__pagination-next\"><\/div>\n            <\/div>\n        <\/div>\n    <\/div>\n    <div class=\"stakeholder-feed__bottom\">\n        <div class=\"stakeholder-feed__feed-list-wrapper swiper js-stk-swiper\">\n            <ul class=\"stakeholder-feed__feed-list swiper-wrapper js-stk-wrapper\">\n                    <li class=\"swiper-slide stakeholder-card --theme3\">\n        <a class=\"stakeholder-card__link\" href=\"https:\/\/www.santamonica.com\/pt\/hotels\/shore-hotel\/\">\n            <div class=\"stakeholder-card__image\">\n                <img decoding=\"async\" src=\"https:\/\/assets.simpleviewinc.com\/simpleview\/image\/upload\/crm\/santamonica\/Shore-Hotel_c03e4672-5056-b365-abb9adcea4348630.jpg\" alt=\"Hotel Shore\" title=\"\">\n            <\/div>\n            <div class=\"stakeholder-card__stk-info\">\n                <div class=\"stakeholder-card__stk-name\">Hotel Shore<\/div>\n                <div class=\"stakeholder-card__stk-cat\">Hotel boutique<\/div>\n            <\/div>\n        <\/a>\n    <\/li>\n        <li class=\"swiper-slide stakeholder-card --theme3\">\n        <a class=\"stakeholder-card__link\" href=\"https:\/\/www.santamonica.com\/pt\/hotels\/hilton-santa-monica-hotel-and-suites\/\">\n            <div class=\"stakeholder-card__image\">\n                <img decoding=\"async\" src=\"https:\/\/assets.simpleviewinc.com\/simpleview\/image\/upload\/crm\/santamonica\/Hilton-Santa-Monica_264-9-_87E1D050-1633-4364-AE65DAE05A64C89E_74783c9e-f0d6-4f2d-87fdaeea9fd9f26e.jpg\" alt=\"Hilton Santa Monica Hotel &amp; Suites\" title=\"\">\n            <\/div>\n            <div class=\"stakeholder-card__stk-info\">\n                <div class=\"stakeholder-card__stk-name\">Hilton Santa Monica Hotel &amp; Suites<\/div>\n                <div class=\"stakeholder-card__stk-cat\">Hotel<\/div>\n            <\/div>\n        <\/a>\n    <\/li>\n        <li class=\"swiper-slide stakeholder-card --theme3\">\n        <a class=\"stakeholder-card__link\" href=\"https:\/\/www.santamonica.com\/pt\/hotels\/comfort-inn-santa-monica-west-los-angeles\/\">\n            <div class=\"stakeholder-card__image\">\n                <img decoding=\"async\" src=\"https:\/\/assets.simpleviewinc.com\/simpleview\/image\/upload\/crm\/santamonica\/Comfort-Inn-Exterior-Front_372C76E2-B8C1-4F7C-A4686B77A0901527-372c7233acd0563_372c9949-fcc4-7583-c7cdb3cd7175d694.jpg\" alt=\"Comfort Inn Santa M\u00f4nica-Oeste de Los Angeles\" title=\"\">\n            <\/div>\n            <div class=\"stakeholder-card__stk-info\">\n                <div class=\"stakeholder-card__stk-name\">Comfort Inn Santa M\u00f4nica-Oeste de Los Angeles<\/div>\n                <div class=\"stakeholder-card__stk-cat\">Hotel<\/div>\n            <\/div>\n        <\/a>\n    <\/li>\n        <li class=\"swiper-slide stakeholder-card --theme3\">\n        <a class=\"stakeholder-card__link\" href=\"https:\/\/www.santamonica.com\/pt\/stakeholder\/sovereign-hotel\/\">\n            <div class=\"stakeholder-card__image\">\n                <img decoding=\"async\" src=\"https:\/\/assets.simpleviewinc.com\/simpleview\/image\/upload\/crm\/santamonica\/SOVEREIGN_DAY_EXT-19-_E63497BE-BD8F-01F8-CF566FA04B0CB2CE-e634664e0339e42_e635085d-c5d5-f1b9-f4c358451b9a5974.jpg\" alt=\"The Sovereign Hotel\" title=\"\">\n            <\/div>\n            <div class=\"stakeholder-card__stk-info\">\n                <div class=\"stakeholder-card__stk-name\">The Sovereign Hotel<\/div>\n                <div class=\"stakeholder-card__stk-cat\">Acomoda\u00e7\u00e3o<\/div>\n            <\/div>\n        <\/a>\n    <\/li>\n                <\/ul>\n        <\/div>\n    <\/div>\n<\/section>\n\n\n    <section class=\"booking-cta --theme5 sm-block\">\n    <div id=\"widget-container-2070\"><\/div>\n<script type=\"text\/javascript\">\n  (function() {\n    var script = document.createElement('script');\n    script.type = 'text\/javascript';\n    script.async = 'true';\n    script.src = \"https:\/\/admin.bookdirect.net\/hs4\/widgets\/2070.js?widget_element=widget-container-2070\";\n    document.body.appendChild(script);\n  })();\n<\/script>\n    <\/section>\n\n\n\n<section class=\"blog-feed --theme8 sm-block\">\n    <div class=\"blog-feed__content\">\n        <div class=\"blog-feed__intro\">\n                            <div class=\"blog-feed__eyebrow eyebrow\">Blogs<\/div>                                        <h2 class=\"blog-feed__headline\">Descubra Santa M\u00f4nica<\/h2>                                        <div class=\"blog-feed__body\"><p>Explore itiner\u00e1rios, dicas locais, pontos de interesse e aventuras selecionadas para garantir que voc\u00ea aproveite ao m\u00e1ximo sua experi\u00eancia em Santa Monica.<\/p>\n<\/div>\n                                        <a class=\"blog-feed__cta\" href=\"https:\/\/www.santamonica.com\/pt\/postagens-de-blog\/\">Ver todos os blogs<\/a>\n                    <\/div>\n\n        <ul class=\"blog-feed__list\">\n                                                <li class=\"blog-feed__item\">\n                        <a href=\"https:\/\/www.santamonica.com\/pt\/mother-road-modern-meetings-route-66-meeting-spaces-set-to-shine-for-centennial-in-santa-monica\/\" class=\"blog-feed__item-link\">\n                            <div class=\"blog-feed__image-ratio\">\n                                <img decoding=\"async\" class=\"blog-feed__image\" src=\"https:\/\/www.santamonica.com\/wp-content\/uploads\/2025\/12\/untitledJuly20162C2020180010-182-2-400x400.jpg\" alt=\"ESTRADA M\u00c3E, REUNI\u00d5ES MODERNAS: ESPA\u00c7OS PARA REUNI\u00d5ES DA ROTA 66 PREPARADOS PARA BRILHAR NO CENTEN\u00c1RIO EM SANTA M\u00d4NICA\" title=\"\">\n                            <\/div>\n                            <div class=\"blog-feed__card-title\">ESTRADA M\u00c3E, REUNI\u00d5ES MODERNAS: ESPA\u00c7OS PARA REUNI\u00d5ES DA ROTA 66 PREPARADOS PARA BRILHAR NO CENTEN\u00c1RIO EM SANTA M\u00d4NICA<\/div>\n                        <\/a>\n                    <\/li>\n                                                                <li class=\"blog-feed__item\">\n                        <a href=\"https:\/\/www.santamonica.com\/pt\/media\/news-release\/santa-monica-announces-song-contest-in-celebration-of-route-66-centennial\/\" class=\"blog-feed__item-link\">\n                            <div class=\"blog-feed__image-ratio\">\n                                <img decoding=\"async\" class=\"blog-feed__image\" src=\"https:\/\/www.santamonica.com\/wp-content\/uploads\/2025\/11\/DSC01084-400x400.jpg\" alt=\"SANTA MONICA ANUNCIA CONCURSO DE M\u00daSICA EM COMEMORA\u00c7\u00c3O AO CENTEN\u00c1RIO DA ROTA 66\" title=\"\">\n                            <\/div>\n                            <div class=\"blog-feed__card-title\">SANTA MONICA ANUNCIA CONCURSO DE M\u00daSICA EM COMEMORA\u00c7\u00c3O AO CENTEN\u00c1RIO DA ROTA 66<\/div>\n                        <\/a>\n                    <\/li>\n                                                                <li class=\"blog-feed__item\">\n                        <a href=\"https:\/\/www.santamonica.com\/pt\/media\/news-release\/where-to-watch-the-world-series-in-santa-monica\/\" class=\"blog-feed__item-link\">\n                            <div class=\"blog-feed__image-ratio\">\n                                <img decoding=\"async\" class=\"blog-feed__image\" src=\"https:\/\/www.santamonica.com\/wp-content\/uploads\/2025\/10\/dodgers-logo-1-400x400.jpg\" alt=\"ONDE ASSISTIR \u00c0 S\u00c9RIE MUNDIAL EM SANTA MONICA\" title=\"\">\n                            <\/div>\n                            <div class=\"blog-feed__card-title\">ONDE ASSISTIR \u00c0 S\u00c9RIE MUNDIAL EM SANTA MONICA<\/div>\n                        <\/a>\n                    <\/li>\n                                    <\/ul>\n    <\/div>\n<\/section>","protected":false},"excerpt":{"rendered":"<p>March When spring\u2013well, springs\u2013prices start to warm up, just like the weather: partly sunny with an average high of 62\u00b0 and low of 52\u00b0. Spring breakers head to Santa Monica\u2019s gorgeous beaches, and jogging aficionados make a sprint for the annual LA Marathon. April The party doesn\u2019t end here: spring break travelers continue to bask in the mild Santa Monica temperatures during April. Prices, thankfully, come down\u2013just for a little while, though. The weather is sunny with an average high of 63\u00b0 and low of 54\u00b0. May In May, Santa Monica locals are preparing for summer\u2013and so are visitors. Now [\u2026]<\/p>\n","protected":false},"author":1450,"featured_media":336508,"parent":0,"menu_order":0,"comment_status":"closed","ping_status":"closed","template":"template-editorial.php","meta":{"_acf_changed":false,"inline_featured_image":false,"footnotes":""},"silos":[3887],"class_list":["post-336491","page","type-page","status-publish","has-post-thumbnail","hentry"],"acf":[],"_links":{"self":[{"href":"https:\/\/www.santamonica.com\/pt\/wp-json\/wp\/v2\/pages\/336491","targetHints":{"allow":["GET"]}}],"collection":[{"href":"https:\/\/www.santamonica.com\/pt\/wp-json\/wp\/v2\/pages"}],"about":[{"href":"https:\/\/www.santamonica.com\/pt\/wp-json\/wp\/v2\/types\/page"}],"author":[{"embeddable":true,"href":"https:\/\/www.santamonica.com\/pt\/wp-json\/wp\/v2\/users\/1450"}],"replies":[{"embeddable":true,"href":"https:\/\/www.santamonica.com\/pt\/wp-json\/wp\/v2\/comments?post=336491"}],"version-history":[{"count":39,"href":"https:\/\/www.santamonica.com\/pt\/wp-json\/wp\/v2\/pages\/336491\/revisions"}],"predecessor-version":[{"id":775604,"href":"https:\/\/www.santamonica.com\/pt\/wp-json\/wp\/v2\/pages\/336491\/revisions\/775604"}],"wp:featuredmedia":[{"embeddable":true,"href":"https:\/\/www.santamonica.com\/pt\/wp-json\/wp\/v2\/media\/336508"}],"wp:attachment":[{"href":"https:\/\/www.santamonica.com\/pt\/wp-json\/wp\/v2\/media?parent=336491"}],"wp:term":[{"taxonomy":"silos","embeddable":true,"href":"https:\/\/www.santamonica.com\/pt\/wp-json\/wp\/v2\/silos?post=336491"}],"curies":[{"name":"wp","href":"https:\/\/api.w.org\/{rel}","templated":true}]}}