{"id":336295,"date":"2022-06-15T14:43:51","date_gmt":"2022-06-15T21:43:51","guid":{"rendered":"https:\/\/www.santamonica.com\/?page_id=336295"},"modified":"2024-11-14T17:01:58","modified_gmt":"2024-11-15T01:01:58","slug":"lojas-locais","status":"publish","type":"page","link":"https:\/\/www.santamonica.com\/pt\/shopping\/local-shops\/","title":{"rendered":"Lojas locais"},"content":{"rendered":"<section class=\"two-images container-max sm-block --flip sm-block\">\n    <div class=\"two-images__container --flip\">\n\n        <div class=\"two-images__column\">\n            <div class=\"two-images__content\">\n                <div class=\"two-images__content-header-container\">\n                                            <h2 class=\"two-images__content-header\">Rua principal<\/h2>                                    <\/div>\n                                    <div class=\"two-images__content-body wysiwyg\">\n                        <p>Santa Monica's <a href=\"https:\/\/www.santamonica.com\/pt\/experiencia-em-santa-monica\/bairros\/rua-principal\/\"><strong>Rua principal<\/strong><\/a> h\u00e1 muito tempo tem uma vibe de surfista local e isso continua com suas ofertas de compras. N\u00e3o deixe de fazer uma parada em <a href=\"https:\/\/www.santamonica.com\/pt\/compras\/livros-de-angel-city\/\">Livraria Angel City<\/a> que apresenta uma impressionante cole\u00e7\u00e3o de livros e vinis vintage e raros. Embora muitas pessoas conhe\u00e7am o Downtown Santa Monica <a href=\"https:\/\/www.santamonica.com\/pt\/experiencia-em-santa-monica\/mercados-de-agricultores\/\">mercado de produtores<\/a>, A Main Street tem seu pr\u00f3prio mercado de agricultores, mais \u00edntimo, todo domingo de manh\u00e3.<\/p>\n                    <\/div>\n                                            <\/div>\n        <\/div>\n\n        <div class=\"two-images__column\">\n                            <div class=\"two-images__image-container\">\n                    <img decoding=\"async\" width=\"425\" height=\"505\" src=\"https:\/\/www.santamonica.com\/wp-content\/uploads\/2022\/06\/farmers-market-dining.jpg\" class=\"two-images__image\" alt=\"refei\u00e7\u00f5es no mercado dos fazendeiros\" loading=\"lazy\" srcset=\"https:\/\/www.santamonica.com\/wp-content\/uploads\/2022\/06\/farmers-market-dining.jpg 425w, https:\/\/www.santamonica.com\/wp-content\/uploads\/2022\/06\/farmers-market-dining-252x300.jpg 252w, https:\/\/www.santamonica.com\/wp-content\/uploads\/2022\/06\/farmers-market-dining-126x150.jpg 126w\" sizes=\"auto, (max-width: 425px) 100vw, 425px\" title=\"\">                    \n\n                <\/div>\n                    <\/div>\n\n        <div class=\"two-images__column\">\n                            <div class=\"two-images__image-container\">\n                    <img decoding=\"async\" width=\"600\" height=\"565\" src=\"https:\/\/www.santamonica.com\/wp-content\/uploads\/2022\/06\/biking-downtown-santa-monica.jpg\" class=\"two-images__image\" alt=\"ciclismo no centro de santa m\u00f4nica\" loading=\"lazy\" srcset=\"https:\/\/www.santamonica.com\/wp-content\/uploads\/2022\/06\/biking-downtown-santa-monica.jpg 600w, https:\/\/www.santamonica.com\/wp-content\/uploads\/2022\/06\/biking-downtown-santa-monica-300x283.jpg 300w, https:\/\/www.santamonica.com\/wp-content\/uploads\/2022\/06\/biking-downtown-santa-monica-159x150.jpg 159w\" sizes=\"auto, (max-width: 600px) 100vw, 600px\" title=\"\">                    \n\n                <\/div>\n                    <\/div>\n\n    <\/div>\n<\/section>\n\n\n<section class=\"image-slider --theme1 sm-block\" >\n    <div class=\"image-slider__wrapper\">\n                    <div class=\"image-slider__copy wysiwyg\"><h2>Avenida Montana<\/h2>\n<p>Um local ideal para fazer compras sem pressa em Santa Monica \u00e9 a Montana Avenue, o cora\u00e7\u00e3o de um vibrante bairro residencial pr\u00f3ximo \u00e0 Ocean Avenue. As lojas e caf\u00e9s come\u00e7am na 7th Street e continuam por 10 quadras at\u00e9 a 17th Street. Ao passear pela rua arborizada, confira as butiques de moda e as lojas especializadas, como <a href=\"https:\/\/www.santamonica.com\/pt\/compras\/esplendido\/\">Espl\u00eandido<\/a>, <a href=\"https:\/\/www.santamonica.com\/pt\/compras\/kiehls-desde-1851\/\">Kiehl's desde 1851<\/a>, <a href=\"https:\/\/www.santamonica.com\/pt\/compras\/rachel-ashwell-shabby-chic-couture\/\">Rachel Ashwell Shabby Chic Couture<\/a> e <a href=\"https:\/\/www.santamonica.com\/pt\/compras\/cosmeticos-benefit\/\">Cosm\u00e9ticos Benefit<\/a>. Abra seu apetite com algo doce da <a href=\"https:\/\/www.santamonica.com\/pt\/restaurantes\/john-kelly-chocolates\/\">Chocolates John Kelly,<\/a> que oferece deliciosos chocolates artesanais elaborados com precis\u00e3o e sabores requintados, encantando moradores e visitantes.<\/p>\n<\/div>\n                <div class=\"image-slider__slider left\">\n                            <!-- Slider main container -->\n                <div class=\"swiper js-image-slider\">\n                    <!-- Additional required wrapper -->\n                    <div class=\"swiper-wrapper\">\n                        <!-- Slides -->\n                                                    <div class=\"swiper-slide\">\n                                <img decoding=\"async\" width=\"764\" height=\"597\" src=\"https:\/\/www.santamonica.com\/wp-content\/uploads\/2022\/07\/spfstudios_montana_ave_sm-5.png\" class=\"swiper-slide__image\" alt=\"Art&#039;s-Table-Montana-Ave\" loading=\"lazy\" srcset=\"https:\/\/www.santamonica.com\/wp-content\/uploads\/2022\/07\/spfstudios_montana_ave_sm-5.png 764w, https:\/\/www.santamonica.com\/wp-content\/uploads\/2022\/07\/spfstudios_montana_ave_sm-5-300x234.png 300w, https:\/\/www.santamonica.com\/wp-content\/uploads\/2022\/07\/spfstudios_montana_ave_sm-5-192x150.png 192w\" sizes=\"auto, (max-width: 764px) 100vw, 764px\" title=\"\">                                \n\n            <a href=\"https:\/\/www.santamonica.com\/pt\/restaurantes\/mesa-de-artes\/\"  class=\"img-lctn-tag --right\">\n            <div class=\"img-lctn-tag-inside-link image-slider__image-caption right\">Mesa do Art<\/div>\n        <\/a>\n                                <\/div>\n                                                    <div class=\"swiper-slide\">\n                                <img decoding=\"async\" width=\"1024\" height=\"576\" src=\"https:\/\/www.santamonica.com\/wp-content\/uploads\/2022\/06\/sweet-lady-jane.jpg\" class=\"swiper-slide__image\" alt=\"Padaria Sweet Lady Jane\" loading=\"lazy\" srcset=\"https:\/\/www.santamonica.com\/wp-content\/uploads\/2022\/06\/sweet-lady-jane.jpg 1024w, https:\/\/www.santamonica.com\/wp-content\/uploads\/2022\/06\/sweet-lady-jane-300x169.jpg 300w, https:\/\/www.santamonica.com\/wp-content\/uploads\/2022\/06\/sweet-lady-jane-267x150.jpg 267w, https:\/\/www.santamonica.com\/wp-content\/uploads\/2022\/06\/sweet-lady-jane-768x432.jpg 768w\" sizes=\"auto, (max-width: 1024px) 100vw, 1024px\" title=\"\">                                \n\n            <a href=\"https:\/\/www.santamonica.com\/pt\/restaurantes\/padaria-sweet-lady-jane\/\"  class=\"img-lctn-tag --right\">\n            <div class=\"img-lctn-tag-inside-link image-slider__image-caption right\">Padaria Sweet Lady Jane<\/div>\n        <\/a>\n                                <\/div>\n                                            <\/div>\n                                            <div class=\"image-slider__swiper-controls-wrapper-relocator\">\n                            <div class=\"image-slider__swiper-controls-wrapper\">\n                                <div class=\"swiper-pagination\"><\/div>\n                                <div class=\"swiper-button-prev-custom\">\n                                    <div class=\"arrow-button-left\"><\/div>\n                                <\/div>\n                                <div class=\"swiper-button-next-custom\">\n                                    <div class=\"arrow-button-right\"><\/div>\n                                <\/div>\n                            <\/div>\n                        <\/div>\n                                    <\/div>\n                    <\/div>\n    <\/div>\n<\/section>\n\n\n<section class=\"sun-title sm-block --theme6 sm-block\">\n            <h2 class=\"sun-title__headline\">Pico Boulevard<\/h2>    \n            <div class=\"sun-title__body  wysiwyg\">\n                    <p>Estendendo-se do oceano at\u00e9 o centro da cidade e al\u00e9m, o Pico Boulevard abriga v\u00e1rias lojas ic\u00f4nicas de Santa Monica. Um local hist\u00f3rico mais a leste do Pico \u00e9 o <a href=\"https:\/\/www.santamonica.com\/pt\/compras\/loja-de-violoes-mccabes\/\">McCabe's Guitar Shop<\/a>, A McCabe's \u00e9 uma loja de instrumentos musicais, que est\u00e1 no mercado desde 1958. Al\u00e9m de vender e alugar instrumentos musicais e oferecer aulas de v\u00e1rios instrumentos, a McCabe's tamb\u00e9m promove noites de m\u00fasica ao vivo. Ao longo dos anos, muitos artistas populares famosos se apresentaram l\u00e1, incluindo Joni Mitchell, Beck e Tom Waits.<\/p>\n                        <\/div>\n    <\/section>\n\n\n\n<section class=\"two-images container-max sm-block  sm-block\">\n    <div class=\"two-images__container\">\n\n        <div class=\"two-images__column\">\n            <div class=\"two-images__content\">\n                <div class=\"two-images__content-header-container\">\n                                            <h2 class=\"two-images__content-header\">Wilshire Boulevard<\/h2>                                    <\/div>\n                                    <div class=\"two-images__content-body wysiwyg\">\n                        <p><a href=\"https:\/\/www.santamonica.com\/pt\/compras\/otimos-rotulos\/\">\u00d3timos r\u00f3tulos<\/a>, uma loja de consigna\u00e7\u00e3o de luxo para quem se preocupa com o or\u00e7amento, \u00e9 o para\u00edso da alta costura, com 3.000 pe\u00e7as de roupas de alta qualidade, 250 pares de sapatos de grife e mais de 100 bolsas. Todos os itens s\u00e3o escolhidos a dedo, alguns de celebridades de Hollywood. Os designers incluem Chanel, Jimmy Choo, Prada, Gucci e Manolo Blahnik. Os compradores podem \u201cgirar a roda\u201d para obter descontos adicionais.<\/p>\n                    <\/div>\n                                            <\/div>\n        <\/div>\n\n        <div class=\"two-images__column\">\n                            <div class=\"two-images__image-container\">\n                    <img decoding=\"async\" width=\"425\" height=\"505\" src=\"https:\/\/www.santamonica.com\/wp-content\/uploads\/2022\/06\/wilshire-shops.jpg\" class=\"two-images__image\" alt=\"lojas wilshire\" loading=\"lazy\" srcset=\"https:\/\/www.santamonica.com\/wp-content\/uploads\/2022\/06\/wilshire-shops.jpg 425w, https:\/\/www.santamonica.com\/wp-content\/uploads\/2022\/06\/wilshire-shops-252x300.jpg 252w, https:\/\/www.santamonica.com\/wp-content\/uploads\/2022\/06\/wilshire-shops-126x150.jpg 126w\" sizes=\"auto, (max-width: 425px) 100vw, 425px\" title=\"\">                    \n\n                <\/div>\n                    <\/div>\n\n        <div class=\"two-images__column\">\n                            <div class=\"two-images__image-container\">\n                    <img decoding=\"async\" width=\"600\" height=\"565\" src=\"https:\/\/www.santamonica.com\/wp-content\/uploads\/2022\/06\/wilshire-boulevard-shops.jpg\" class=\"two-images__image\" alt=\"lojas da wilshire boulevard\" loading=\"lazy\" srcset=\"https:\/\/www.santamonica.com\/wp-content\/uploads\/2022\/06\/wilshire-boulevard-shops.jpg 600w, https:\/\/www.santamonica.com\/wp-content\/uploads\/2022\/06\/wilshire-boulevard-shops-300x283.jpg 300w, https:\/\/www.santamonica.com\/wp-content\/uploads\/2022\/06\/wilshire-boulevard-shops-159x150.jpg 159w\" sizes=\"auto, (max-width: 600px) 100vw, 600px\" title=\"\">                    \n\n            <a href=\"https:\/\/www.santamonica.com\/pt\/experiencia-em-santa-monica\/bairros\/wilshire-boulevard\/\"  class=\"img-lctn-tag --right\">\n            <div class=\"img-lctn-tag-inside-link two-images__image-caption right\">Wilshire Boulevard<\/div>\n        <\/a>\n                    <\/div>\n                    <\/div>\n\n    <\/div>\n<\/section>\n\n\n<section class=\"links-grid --theme3 sm-block base-block\">\n    <div class=\"links-grid__wrapper\">\n                                                    <a href=\"https:\/\/www.santamonica.com\/pt\/shopping\/why-shop-in-santa-monica\/\" class=\"links-grid__card-link\" aria-label=\"Por que comprar em Santa Monica\" >\n                    <div class=\"links-grid__card\">\n                                                    <div class=\"links-grid__card-image-wrapper\">\n                                <img decoding=\"async\" width=\"400\" height=\"400\" src=\"https:\/\/www.santamonica.com\/wp-content\/uploads\/2022\/06\/santa-monica-shopping-guide-400x400.jpg\" class=\"links-grid__card-image\" alt=\"Compras em Santa M\u00f4nica\" loading=\"lazy\" title=\"\">                            <\/div>\n                                                <div class=\"links-grid__card-text\">\n                                                            <div class=\"links-grid__card-title\">Por que comprar em Santa Monica<\/div>\n                                                                                <\/div>\n                    <\/div>\n                <\/a>\n                                            <a href=\"https:\/\/www.santamonica.com\/pt\/shopping\/shops-by-neighborhood\/\" class=\"links-grid__card-link\" aria-label=\"Lojas por bairro\" >\n                    <div class=\"links-grid__card\">\n                                                    <div class=\"links-grid__card-image-wrapper\">\n                                <img decoding=\"async\" width=\"400\" height=\"400\" src=\"https:\/\/www.santamonica.com\/wp-content\/uploads\/2023\/06\/third-street-promenade-400x400.jpg\" class=\"links-grid__card-image\" alt=\"cal\u00e7ad\u00e3o da Third Street\" loading=\"lazy\" title=\"\">                            <\/div>\n                                                <div class=\"links-grid__card-text\">\n                                                            <div class=\"links-grid__card-title\">Lojas por bairro<\/div>\n                                                                                <\/div>\n                    <\/div>\n                <\/a>\n                                            <a href=\"https:\/\/www.santamonica.com\/pt\/shopping\/unique-shops\/\" class=\"links-grid__card-link\" aria-label=\"Lojas exclusivas\" >\n                    <div class=\"links-grid__card\">\n                                                    <div class=\"links-grid__card-image-wrapper\">\n                                <img decoding=\"async\" width=\"400\" height=\"400\" src=\"https:\/\/www.santamonica.com\/wp-content\/uploads\/2022\/06\/santa-monica-unique-shops-400x400.jpg\" class=\"links-grid__card-image\" alt=\"lojas exclusivas de santa monica\" loading=\"lazy\" title=\"\">                            <\/div>\n                                                <div class=\"links-grid__card-text\">\n                                                            <div class=\"links-grid__card-title\">Lojas exclusivas<\/div>\n                                                                                <\/div>\n                    <\/div>\n                <\/a>\n                                            <a href=\"https:\/\/www.santamonica.com\/pt\/shopping\/\" class=\"links-grid__card-link\" aria-label=\"Compras\" >\n                    <div class=\"links-grid__card\">\n                                                    <div class=\"links-grid__card-image-wrapper\">\n                                <img decoding=\"async\" width=\"400\" height=\"400\" src=\"https:\/\/www.santamonica.com\/wp-content\/uploads\/2022\/06\/santa-monica-shopping-2-400x400.jpg\" class=\"links-grid__card-image\" alt=\"compras em santa monica\" loading=\"lazy\" title=\"\">                            <\/div>\n                                                <div class=\"links-grid__card-text\">\n                                                            <div class=\"links-grid__card-title\">Compras<\/div>\n                                                                                <\/div>\n                    <\/div>\n                <\/a>\n                        <\/div>\n<\/section>\n\n\n\n<section class=\"blog-feed --theme8 sm-block\">\n    <div class=\"blog-feed__content\">\n        <div class=\"blog-feed__intro\">\n                            <div class=\"blog-feed__eyebrow eyebrow\">Blogs<\/div>                                        <h2 class=\"blog-feed__headline\">Descubra Santa M\u00f4nica<\/h2>                                        <div class=\"blog-feed__body\"><p>Explore itiner\u00e1rios, dicas locais, pontos de interesse e aventuras selecionadas para garantir que voc\u00ea aproveite ao m\u00e1ximo sua experi\u00eancia em Santa Monica.<\/p>\n<\/div>\n                                        <a class=\"blog-feed__cta\" href=\"https:\/\/www.santamonica.com\/pt\/postagens-de-blog\/\">Ver todos os blogs<\/a>\n                    <\/div>\n\n        <ul class=\"blog-feed__list\">\n                                                <li class=\"blog-feed__item\">\n                        <a href=\"https:\/\/www.santamonica.com\/pt\/shopping\/most-loved-ways-to-buy-local\/\" class=\"blog-feed__item-link\">\n                            <div class=\"blog-feed__image-ratio\">\n                                <img decoding=\"async\" class=\"blog-feed__image\" src=\"https:\/\/www.santamonica.com\/wp-content\/uploads\/2021\/06\/ShoppingFeature520x546-400x400.jpg\" alt=\"As maneiras mais adoradas de comprar localmente em Santa Monica\" title=\"\">\n                            <\/div>\n                            <div class=\"blog-feed__card-title\">As maneiras mais adoradas de comprar localmente em Santa Monica<\/div>\n                        <\/a>\n                    <\/li>\n                                                                <li class=\"blog-feed__item\">\n                        <a href=\"https:\/\/www.santamonica.com\/pt\/shopping\/clothing-essentials\/\" class=\"blog-feed__item-link\">\n                            <div class=\"blog-feed__image-ratio\">\n                                <img decoding=\"async\" class=\"blog-feed__image\" src=\"https:\/\/www.santamonica.com\/wp-content\/uploads\/2021\/06\/Santa-Monica-Third-Street-Promenade-Shopping-Featured-400x400.jpg\" alt=\"Roupas essenciais e onde encontr\u00e1-las em Santa Monica\" title=\"\">\n                            <\/div>\n                            <div class=\"blog-feed__card-title\">Roupas essenciais e onde encontr\u00e1-las em Santa Monica<\/div>\n                        <\/a>\n                    <\/li>\n                                                                <li class=\"blog-feed__item\">\n                        <a href=\"https:\/\/www.santamonica.com\/pt\/trip-planner\/santa-monica-travel-hacks\/\" class=\"blog-feed__item-link\">\n                            <div class=\"blog-feed__image-ratio\">\n                                <img decoding=\"async\" class=\"blog-feed__image\" src=\"https:\/\/www.santamonica.com\/wp-content\/uploads\/2021\/05\/Santa-Monica-Travel-Hacks-Featured-400x400.jpg\" alt=\"Dicas de viagem para f\u00e9rias incr\u00edveis em Santa M\u00f4nica\" title=\"\">\n                            <\/div>\n                            <div class=\"blog-feed__card-title\">Dicas de viagem para f\u00e9rias incr\u00edveis em Santa M\u00f4nica<\/div>\n                        <\/a>\n                    <\/li>\n                                    <\/ul>\n    <\/div>\n<\/section>","protected":false},"excerpt":{"rendered":"","protected":false},"author":1450,"featured_media":346449,"parent":0,"menu_order":0,"comment_status":"closed","ping_status":"closed","template":"template-editorial.php","meta":{"_acf_changed":false,"inline_featured_image":false,"footnotes":""},"silos":[3898],"class_list":["post-336295","page","type-page","status-publish","has-post-thumbnail","hentry"],"acf":[],"_links":{"self":[{"href":"https:\/\/www.santamonica.com\/pt\/wp-json\/wp\/v2\/pages\/336295","targetHints":{"allow":["GET"]}}],"collection":[{"href":"https:\/\/www.santamonica.com\/pt\/wp-json\/wp\/v2\/pages"}],"about":[{"href":"https:\/\/www.santamonica.com\/pt\/wp-json\/wp\/v2\/types\/page"}],"author":[{"embeddable":true,"href":"https:\/\/www.santamonica.com\/pt\/wp-json\/wp\/v2\/users\/1450"}],"replies":[{"embeddable":true,"href":"https:\/\/www.santamonica.com\/pt\/wp-json\/wp\/v2\/comments?post=336295"}],"version-history":[{"count":84,"href":"https:\/\/www.santamonica.com\/pt\/wp-json\/wp\/v2\/pages\/336295\/revisions"}],"predecessor-version":[{"id":434239,"href":"https:\/\/www.santamonica.com\/pt\/wp-json\/wp\/v2\/pages\/336295\/revisions\/434239"}],"wp:featuredmedia":[{"embeddable":true,"href":"https:\/\/www.santamonica.com\/pt\/wp-json\/wp\/v2\/media\/346449"}],"wp:attachment":[{"href":"https:\/\/www.santamonica.com\/pt\/wp-json\/wp\/v2\/media?parent=336295"}],"wp:term":[{"taxonomy":"silos","embeddable":true,"href":"https:\/\/www.santamonica.com\/pt\/wp-json\/wp\/v2\/silos?post=336295"}],"curies":[{"name":"wp","href":"https:\/\/api.w.org\/{rel}","templated":true}]}}