{"id":335407,"date":"2022-05-13T17:18:34","date_gmt":"2022-05-14T00:18:34","guid":{"rendered":"https:\/\/www.santamonica.com\/?page_id=335407"},"modified":"2026-02-12T15:23:22","modified_gmt":"2026-02-12T23:23:22","slug":"politica-de-privacidade","status":"publish","type":"page","link":"https:\/\/www.santamonica.com\/pt\/privacy-policy\/","title":{"rendered":"Pol\u00edtica de privacidade"},"content":{"rendered":"<div class=\"wp-block-columns is-layout-flex wp-container-core-columns-is-layout-28f84493 wp-block-columns-is-layout-flex base-block\">\n<div class=\"wp-block-column is-layout-flow wp-block-column-is-layout-flow base-block\">\n<h2 class=\"wp-block-heading base-block\">Informa\u00e7\u00f5es pessoais<\/h2>\n\n\n\n<p class=\"base-block\">A Santa Monica Travel &amp; Tourism n\u00e3o vender\u00e1 nem compartilhar\u00e1 nenhuma informa\u00e7\u00e3o solicitada em nosso site com nenhuma outra organiza\u00e7\u00e3o, a menos que o informemos claramente antes de fornecer as informa\u00e7\u00f5es. Essas informa\u00e7\u00f5es s\u00e3o solicitadas voluntariamente e n\u00e3o s\u00e3o obrigat\u00f3rias para o uso <a href=\"https:\/\/www.santamonica.com\/pt\/\">santamonica.com<\/a>.<\/p>\n\n\n\n<p class=\"base-block\">Podemos solicitar a coleta das seguintes informa\u00e7\u00f5es usando nossos formul\u00e1rios de contato: nome, sobrenome, endere\u00e7o, n\u00famero de telefone, endere\u00e7o de e-mail, cidade, estado, CEP e pa\u00eds.<\/p>\n<\/div>\n\n\n\n<div class=\"wp-block-column is-layout-flow wp-block-column-is-layout-flow base-block\">\n<p class=\"base-block\">Essas informa\u00e7\u00f5es podem ser usadas das seguintes maneiras:<\/p>\n\n\n\n<ul class=\"wp-block-list base-block\">\n<li class=\"base-block\">Registro de boletim informativo: Quando voc\u00ea se cadastra para receber nosso boletim informativo, as informa\u00e7\u00f5es coletadas s\u00e3o usadas para enviar boletins informativos eletr\u00f4nicos direcionados e opcionais. Tamb\u00e9m podemos coletar informa\u00e7\u00f5es sobre seu gosto pessoal para que possamos adaptar melhor nossos boletins informativos a voc\u00ea e a seus interesses.<\/li>\n\n\n\n<li class=\"base-block\">RSVP para eventos: Quando voc\u00ea envia um formul\u00e1rio de confirma\u00e7\u00e3o de presen\u00e7a em um evento, as informa\u00e7\u00f5es podem ser usadas para nos comunicarmos com voc\u00ea sobre o evento.<\/li>\n\n\n\n<li class=\"base-block\">Concursos: Quando voc\u00ea envia um formul\u00e1rio para participar de um concurso, as informa\u00e7\u00f5es podem ser usadas para nos comunicarmos com voc\u00ea sobre o concurso.<\/li>\n\n\n\n<li class=\"base-block\">Outras informa\u00e7\u00f5es: Valorizamos seus coment\u00e1rios. Tamb\u00e9m podemos coletar informa\u00e7\u00f5es suas quando voc\u00ea nos liga ou envia um e-mail, usa nossas plataformas de m\u00eddia social ou se comunica conosco de outra forma.<\/li>\n<\/ul>\n<\/div>\n<\/div>\n\n\n\n<div class=\"wp-block-columns is-layout-flex wp-container-core-columns-is-layout-28f84493 wp-block-columns-is-layout-flex base-block\">\n<div class=\"wp-block-column is-layout-flow wp-block-column-is-layout-flow base-block\">\n<h2 class=\"wp-block-heading base-block\">An\u00e1lise e rastreamento<\/h2>\n\n\n\n<p class=\"base-block\"><a href=\"https:\/\/www.santamonica.com\/pt\/\">santamonica.com<\/a> usa rastreamento e cookies de terceiros para registrar dados an\u00f4nimos e gerar estat\u00edsticas e relat\u00f3rios sobre o site para torn\u00e1-lo mais \u00fatil aos visitantes e melhorar nossos servi\u00e7os e acessibilidade.<\/p>\n\n\n\n<p class=\"base-block\">Coletamos as seguintes informa\u00e7\u00f5es usando rastreamento: cookies e dados de uso.<\/p>\n<\/div>\n\n\n\n<div class=\"wp-block-column is-layout-flow wp-block-column-is-layout-flow base-block\">\n<h2 class=\"wp-block-heading base-block\">Links<\/h2>\n\n\n\n<p class=\"base-block\"><a href=\"https:\/\/www.santamonica.com\/pt\/\">santamonica.com<\/a> pode conter links para outros sites, inclusive os de nossos parceiros comerciais. Embora tentemos criar links apenas para sites que compartilham nossos padr\u00f5es e respeito pela privacidade, n\u00e3o somos respons\u00e1veis pelas pr\u00e1ticas de privacidade empregadas por outros sites e esses sites n\u00e3o concordaram com nossa pol\u00edtica de privacidade. Visite esses sites para obter informa\u00e7\u00f5es sobre sua pol\u00edtica de privacidade antes de fornecer informa\u00e7\u00f5es pessoais.<\/p>\n\n\n\n<p class=\"base-block\">Os links que fornecemos em&nbsp;<a href=\"https:\/\/www.santamonica.com\/pt\/\">santamonica.com<\/a>&nbsp;est\u00e3o l\u00e1 para sua refer\u00eancia e conveni\u00eancia. N\u00e3o controlamos nenhum desses sites, nem somos respons\u00e1veis por seu conte\u00fado. A inclus\u00e3o desses links n\u00e3o implica qualquer endosso do material contido nesses sites ou qualquer associa\u00e7\u00e3o com seus operadores. Se decidir acessar qualquer um desses sites, voc\u00ea o far\u00e1 inteiramente por sua conta e risco.<\/p>\n<\/div>\n<\/div>\n\n\n\n<div class=\"wp-block-columns is-layout-flex wp-container-core-columns-is-layout-28f84493 wp-block-columns-is-layout-flex base-block\">\n<div class=\"wp-block-column is-layout-flow wp-block-column-is-layout-flow base-block\">\n<h2 class=\"wp-block-heading base-block\">Mudan\u00e7as na pol\u00edtica<\/h2>\n\n\n\n<p class=\"base-block\">Reservamo-nos o direito, a seu crit\u00e9rio exclusivo, de alterar, modificar, adicionar ou remover qualquer parte deste Contrato, no todo ou em parte, a qualquer momento. A modifica\u00e7\u00e3o de altera\u00e7\u00f5es no Contrato ser\u00e1 publicada no site. Ao usar este site, voc\u00ea concorda em estar vinculado a essas revis\u00f5es e, portanto, deve visitar periodicamente a p\u00e1gina para determinar os termos de uso atuais aos quais voc\u00ea est\u00e1 vinculado.<\/p>\n<\/div>\n\n\n\n<div class=\"wp-block-column is-layout-flow wp-block-column-is-layout-flow base-block\">\n<h2 class=\"wp-block-heading base-block\">Seguran\u00e7a de dados pessoais<\/h2>\n\n\n\n<p class=\"base-block\">Tomaremos as devidas precau\u00e7\u00f5es t\u00e9cnicas e organizacionais para proteger todos os dados pessoais que coletamos e evitar a perda, o uso indevido ou a altera\u00e7\u00e3o desses dados.<\/p>\n\n\n\n<p class=\"base-block\">Todos os dados pessoais ser\u00e3o criptografados e armazenados em servidores seguros sob nosso controle.<\/p>\n<\/div>\n<\/div>\n\n\n\n<div class=\"wp-block-columns is-layout-flex wp-container-core-columns-is-layout-28f84493 wp-block-columns-is-layout-flex base-block\">\n<div class=\"wp-block-column is-layout-flow wp-block-column-is-layout-flow base-block\">\n<h2 class=\"wp-block-heading base-block\">Reten\u00e7\u00e3o de dados pessoais<\/h2>\n\n\n\n<p class=\"base-block\">Os dados pessoais que coletamos e processamos para qualquer finalidade ou finalidades n\u00e3o devem ser mantidos por mais tempo do que o necess\u00e1rio para essa finalidade ou finalidades.<\/p>\n\n\n\n<p class=\"base-block\">Reteremos os dados pessoais por um per\u00edodo n\u00e3o superior a 26 meses, a menos que a reten\u00e7\u00e3o seja necess\u00e1ria para o cumprimento de uma obriga\u00e7\u00e3o legal \u00e0 qual estamos sujeitos ou para proteger seus interesses vitais ou os interesses vitais de outra pessoa f\u00edsica.<\/p>\n<\/div>\n\n\n\n<div class=\"wp-block-column is-layout-flow wp-block-column-is-layout-flow base-block\">\n<h2 class=\"wp-block-heading base-block\">Desativa\u00e7\u00e3o da coleta de dados pessoais<\/h2>\n\n\n\n<p class=\"base-block\">Voc\u00ea pode optar por n\u00e3o participar de nenhum dos m\u00e9todos de coleta de dados mencionados acima. Se voc\u00ea receber um e-mail nosso e preferir n\u00e3o receber essas comunica\u00e7\u00f5es no futuro, poder\u00e1 cancelar a assinatura usando as instru\u00e7\u00f5es contidas no e-mail. Al\u00e9m disso, a qualquer momento, voc\u00ea pode optar por cancelar a assinatura (opt-out) enviando um e-mail para <a href=\"mailto:marketing@santamonica.com\">marketing@santamonica.com<\/a> ou envie-nos uma correspond\u00eancia por escrito para: Attention Marketing, 2427 Main Street, Santa Monica, CA 90405, indicando que gostaria de cancelar a assinatura de futuros e-mails.<\/p>\n\n\n\n<p class=\"base-block\">Al\u00e9m disso, seu navegador pode permitir que voc\u00ea controle os cookies ou outras ferramentas de rastreamento. A maneira de fazer isso depende do tipo de ferramenta. Os navegadores incluem a capacidade de limpar o cache, os cookies armazenados e o hist\u00f3rico. Para obter instru\u00e7\u00f5es sobre como controlar o cache, os cookies armazenados e o hist\u00f3rico, acesse <a href=\"https:\/\/kb.iu.edu\/d\/ahic\" target=\"_blank\" rel=\"noreferrer noopener\">https:\/\/kb.iu.edu\/d\/ahic<\/a>. Alguns navegadores podem ser configurados para rejeitar cookies do navegador. Para saber mais sobre flash cookies, que podemos usar em determinados sites de tempos em tempos, acesse <a href=\"http:\/\/www.aboutads.info\/choices\/\" target=\"_blank\" rel=\"noreferrer noopener\">http:\/\/www.aboutads.info\/choices\/<\/a>.<\/p>\n<\/div>\n<\/div>\n\n\n\n<div class=\"wp-block-columns is-layout-flex wp-container-core-columns-is-layout-28f84493 wp-block-columns-is-layout-flex base-block\">\n<div class=\"wp-block-column is-layout-flow wp-block-column-is-layout-flow base-block\">\n<h2 class=\"wp-block-heading base-block\">Propriet\u00e1rio dos dados<\/h2>\n\n\n\n<p class=\"base-block\">O propriet\u00e1rio dos dados das informa\u00e7\u00f5es que coletamos \u00e9 a Santa Monica Travel &amp; Tourism.<\/p>\n<\/div>\n\n\n\n<div class=\"wp-block-column is-layout-flow wp-block-column-is-layout-flow base-block\">\n<p class=\"base-block\">Se tiver d\u00favidas sobre nossa pol\u00edtica de privacidade e m\u00e9todos de reten\u00e7\u00e3o de dados, entre em contato conosco:<\/p>\n\n\n\n<p class=\"base-block\">2427 Main Street, Santa M\u00f4nica, CA 90405<br>1 (800) 544-5319 ou (310) 319-6263<br><a href=\"mailto:marketing@santamonica.com\">marketing@santamonica.com<\/a><\/p>\n<\/div>\n<\/div>\n\n\n\n<div class=\"wp-block-columns is-layout-flex wp-container-core-columns-is-layout-28f84493 wp-block-columns-is-layout-flex base-block\">\n<div class=\"wp-block-column is-layout-flow wp-block-column-is-layout-flow base-block\">\n<h2 class=\"wp-block-heading base-block\">Termos e condi\u00e7\u00f5es de envio de fotografias<\/h2>\n\n\n\n<p class=\"base-block\">Ao enviar imagens, a parte que as envia concede \u00e0 Santa Monica Travel &amp; Tourism uma licen\u00e7a n\u00e3o exclusiva, perp\u00e9tua, mundial e isenta de royalties para usar, reproduzir, adaptar e distribuir as imagens em todas as m\u00eddias para fins de publicidade, marketing e promo\u00e7\u00e3o relacionados \u00e0 SMTT, incluindo o uso por terceiros autorizados. A parte que envia a imagem representa e garante que todos os direitos e libera\u00e7\u00f5es necess\u00e1rios foram obtidos e concorda em indenizar e isentar a Santa Monica Travel &amp; Tourism de quaisquer reivindica\u00e7\u00f5es decorrentes do uso das imagens. Se a parte que est\u00e1 enviando a imagem n\u00e3o concordar com esses termos, ela n\u00e3o dever\u00e1 enviar a imagem e o e-mail <a href=\"mailto:marketing@santamonica.com\">marketing@santamonica.com<\/a> com perguntas.<br><br><a href=\"https:\/\/www.santamonica.com\/wp-content\/uploads\/2026\/02\/Photograph-Submission-Terms-and-Conditions_2026.pdf\">Veja a \u00edntegra dos Termos e Condi\u00e7\u00f5es de Envio de Fotografias<\/a><\/p>\n<\/div>\n\n\n\n<div class=\"wp-block-column is-layout-flow wp-block-column-is-layout-flow base-block\">\n<p class=\"base-block\"><\/p>\n\n\n\n<p class=\"base-block\"><\/p>\n<\/div>\n<\/div>\n\n\n\n<p class=\"base-block\"><\/p>","protected":false},"excerpt":{"rendered":"<p>Personal Information Santa Monica Travel &#038; Tourism will not sell or share any information requested within our site with any other organizations unless we clearly tell you before providing the information. This information is requested voluntarily and is not required to use santamonica.com. We may ask to collect the following information using our contact forms: first name, last name, address, phone number, email address, city, state, zip code and country. This information may be used in the following ways: Newsletter Registration: When you register to receive our newsletter, the information collected is used to send you targeted, opt-in eNewsletters. We [\u2026]<\/p>\n","protected":false},"author":1450,"featured_media":343993,"parent":0,"menu_order":0,"comment_status":"closed","ping_status":"closed","template":"template-editorial.php","meta":{"_acf_changed":false,"inline_featured_image":false,"footnotes":""},"silos":[],"class_list":["post-335407","page","type-page","status-publish","has-post-thumbnail","hentry"],"acf":[],"_links":{"self":[{"href":"https:\/\/www.santamonica.com\/pt\/wp-json\/wp\/v2\/pages\/335407","targetHints":{"allow":["GET"]}}],"collection":[{"href":"https:\/\/www.santamonica.com\/pt\/wp-json\/wp\/v2\/pages"}],"about":[{"href":"https:\/\/www.santamonica.com\/pt\/wp-json\/wp\/v2\/types\/page"}],"author":[{"embeddable":true,"href":"https:\/\/www.santamonica.com\/pt\/wp-json\/wp\/v2\/users\/1450"}],"replies":[{"embeddable":true,"href":"https:\/\/www.santamonica.com\/pt\/wp-json\/wp\/v2\/comments?post=335407"}],"version-history":[{"count":22,"href":"https:\/\/www.santamonica.com\/pt\/wp-json\/wp\/v2\/pages\/335407\/revisions"}],"predecessor-version":[{"id":785660,"href":"https:\/\/www.santamonica.com\/pt\/wp-json\/wp\/v2\/pages\/335407\/revisions\/785660"}],"wp:featuredmedia":[{"embeddable":true,"href":"https:\/\/www.santamonica.com\/pt\/wp-json\/wp\/v2\/media\/343993"}],"wp:attachment":[{"href":"https:\/\/www.santamonica.com\/pt\/wp-json\/wp\/v2\/media?parent=335407"}],"wp:term":[{"taxonomy":"silos","embeddable":true,"href":"https:\/\/www.santamonica.com\/pt\/wp-json\/wp\/v2\/silos?post=335407"}],"curies":[{"name":"wp","href":"https:\/\/api.w.org\/{rel}","templated":true}]}}