{"id":335401,"date":"2022-05-13T17:18:01","date_gmt":"2022-05-14T00:18:01","guid":{"rendered":"https:\/\/www.santamonica.com\/?page_id=335401"},"modified":"2022-08-30T17:37:08","modified_gmt":"2022-08-31T00:37:08","slug":"entre-em-contato-conosco","status":"publish","type":"page","link":"https:\/\/www.santamonica.com\/pt\/about\/contact-us\/","title":{"rendered":"Entre em contato conosco"},"content":{"rendered":"<div class=\"wp-block-columns is-layout-flex wp-container-core-columns-is-layout-28f84493 wp-block-columns-is-layout-flex base-block\">\n<div class=\"wp-block-column is-layout-flow wp-block-column-is-layout-flow base-block\">\n<h2 class=\"wp-block-heading base-block\" style=\"font-size:2rem\">Informa\u00e7\u00f5es para visitantes<\/h2>\n\n\n\n<p class=\"base-block\">E-mail&nbsp;<a href=\"mailto:info@santamonica.com\">info@santamonica.com<\/a>, se voc\u00ea precisar:<\/p>\n\n\n\n<ul class=\"wp-block-list base-block\"><li>ajuda para planejar uma viagem a Santa Monica<\/li><li>para solicitar um guia de visitantes ou mapa<\/li><li>tem uma pergunta geral sobre viagens para Santa Monica?<\/li><\/ul>\n<\/div>\n\n\n\n<div class=\"wp-block-column is-layout-flow wp-block-column-is-layout-flow base-block\">\n<h2 class=\"wp-block-heading base-block\" style=\"font-size:2rem\">Profissionais de reuni\u00f5es<\/h2>\n\n\n\n<p class=\"base-block\">E-mail&nbsp;<a href=\"mailto:meet@santamonica.com\">meet@santamonica.com<\/a>, se voc\u00ea precisar:<\/p>\n\n\n\n<ul class=\"wp-block-list base-block\"><li>ajuda para planejar um evento de grupo<\/li><li>precisa de mais informa\u00e7\u00f5es sobre como planejar um evento<\/li><\/ul>\n<\/div>\n\n\n\n<div class=\"wp-block-column is-layout-flow wp-block-column-is-layout-flow base-block\">\n<h2 class=\"wp-block-heading base-block\" style=\"font-size:2rem\">Com\u00e9rcio de viagens<\/h2>\n\n\n\n<p class=\"base-block\">E-mail&nbsp;<a href=\"mailto:trade@santamonica.com\">trade@santamonica.com<\/a>, se voc\u00ea precisar:<\/p>\n\n\n\n<ul class=\"wp-block-list base-block\"><li>ajuda para planejar uma excurs\u00e3o em grupo<\/li><li>Informa\u00e7\u00f5es sobre FAM tours<\/li><\/ul>\n<\/div>\n<\/div>\n\n\n\n<div class=\"wp-block-columns is-layout-flex wp-container-core-columns-is-layout-28f84493 wp-block-columns-is-layout-flex base-block\">\n<div class=\"wp-block-column is-layout-flow wp-block-column-is-layout-flow base-block\">\n<h2 class=\"wp-block-heading base-block\" style=\"font-size:2rem\">Marketing<\/h2>\n\n\n\n<p class=\"base-block\">E-mail&nbsp;<a href=\"mailto:marketing@santamonica.com\">marketing@santamonica.com<\/a>, se voc\u00ea precisar:<\/p>\n\n\n\n<ul class=\"wp-block-list base-block\"><li>ajudar com consultas e solicita\u00e7\u00f5es de publica\u00e7\u00f5es<\/li><li>informa\u00e7\u00f5es sobre oportunidades de publicidade<\/li><li>perguntas sobre esfor\u00e7os de marketing on-line, incluindo o SantaMonica.com.<\/li><\/ul>\n<\/div>\n\n\n\n<div class=\"wp-block-column is-layout-flow wp-block-column-is-layout-flow base-block\">\n<h2 class=\"wp-block-heading base-block\" style=\"font-size:2rem\">M\u00eddia\/Rela\u00e7\u00f5es P\u00fablicas<\/h2>\n\n\n\n<p class=\"base-block\">E-mail&nbsp;<a href=\"mailto:media@santamonica.com\">media@santamonica.com<\/a>, se voc\u00ea precisar:<\/p>\n\n\n\n<ul class=\"wp-block-list base-block\"><li>ajuda no planejamento de uma hist\u00f3ria sobre Santa Monica<\/li><li>fotografia ou b-roll de Santa M\u00f4nica<\/li><li>uma cita\u00e7\u00e3o sobre o turismo em Santa M\u00f4nica<\/li><\/ul>\n<\/div>\n\n\n\n<div class=\"wp-block-column is-layout-flow wp-block-column-is-layout-flow base-block\">\n<p class=\"base-block\"><\/p>\n<\/div>\n<\/div>","protected":false},"excerpt":{"rendered":"<p>Visitor Information Email&nbsp;info@santamonica.com, if you need: help planning a trip to Santa Monica to order a visitors guide or map have a general question about travel to Santa Monica Meeting [&hellip;]<\/p>\n","protected":false},"author":1450,"featured_media":340703,"parent":0,"menu_order":0,"comment_status":"closed","ping_status":"closed","template":"template-editorial.php","meta":{"_acf_changed":false,"inline_featured_image":false,"footnotes":""},"silos":[3909],"class_list":["post-335401","page","type-page","status-publish","has-post-thumbnail","hentry"],"acf":[],"_links":{"self":[{"href":"https:\/\/www.santamonica.com\/pt\/wp-json\/wp\/v2\/pages\/335401","targetHints":{"allow":["GET"]}}],"collection":[{"href":"https:\/\/www.santamonica.com\/pt\/wp-json\/wp\/v2\/pages"}],"about":[{"href":"https:\/\/www.santamonica.com\/pt\/wp-json\/wp\/v2\/types\/page"}],"author":[{"embeddable":true,"href":"https:\/\/www.santamonica.com\/pt\/wp-json\/wp\/v2\/users\/1450"}],"replies":[{"embeddable":true,"href":"https:\/\/www.santamonica.com\/pt\/wp-json\/wp\/v2\/comments?post=335401"}],"version-history":[{"count":39,"href":"https:\/\/www.santamonica.com\/pt\/wp-json\/wp\/v2\/pages\/335401\/revisions"}],"predecessor-version":[{"id":360726,"href":"https:\/\/www.santamonica.com\/pt\/wp-json\/wp\/v2\/pages\/335401\/revisions\/360726"}],"wp:featuredmedia":[{"embeddable":true,"href":"https:\/\/www.santamonica.com\/pt\/wp-json\/wp\/v2\/media\/340703"}],"wp:attachment":[{"href":"https:\/\/www.santamonica.com\/pt\/wp-json\/wp\/v2\/media?parent=335401"}],"wp:term":[{"taxonomy":"silos","embeddable":true,"href":"https:\/\/www.santamonica.com\/pt\/wp-json\/wp\/v2\/silos?post=335401"}],"curies":[{"name":"wp","href":"https:\/\/api.w.org\/{rel}","templated":true}]}}