{"id":335305,"date":"2022-05-13T15:00:53","date_gmt":"2022-05-13T22:00:53","guid":{"rendered":"https:\/\/www.santamonica.com\/?page_id=335305"},"modified":"2026-01-13T13:47:54","modified_gmt":"2026-01-13T21:47:54","slug":"o-que-levar-na-mala","status":"publish","type":"page","link":"https:\/\/www.santamonica.com\/pt\/experience-santa-monica\/what-to-pack\/","title":{"rendered":"O que levar na mala"},"content":{"rendered":"<section class=\"two-images container-max sm-block --flip sm-block\">\n    <div class=\"two-images__container --flip\">\n\n        <div class=\"two-images__column\">\n            <div class=\"two-images__content\">\n                <div class=\"two-images__content-header-container\">\n                                            <h2 class=\"two-images__content-header\">O que devo vestir em Santa Monica?<\/h2>                                    <\/div>\n                                    <div class=\"two-images__content-body wysiwyg\">\n                        <p><span style=\"font-weight: 400;\">Porque <\/span><span style=\"font-weight: 400;\">Santa M\u00f4nica<\/span><span style=\"font-weight: 400;\"> est\u00e1 localizado bem na praia, o estilo cotidiano tende a ser mais casual e descontra\u00eddo do que em outros bairros de Los Angeles. Durante os dias mais quentes, voc\u00ea ver\u00e1 muitas pessoas usando camisetas ou regatas, shorts e roupas esportivas estilosas enquanto passeiam pela <\/span><strong><a href=\"https:\/\/www.santamonica.com\/pt\/experiencia-em-santa-monica\/bairros\/centro-de-santa-monica-3rd-street-promenade\/\">Passeio pela Third Street<\/a><\/strong><span style=\"font-weight: 400;\"> ou explore o <\/span><strong><a href=\"https:\/\/www.santamonica.com\/pt\/experiencia-em-santa-monica\/bairros\/montana-avenue\/\">lojas na Montana Avenue<\/a><\/strong><span style=\"font-weight: 400;\">.<\/span><\/p>\n                    <\/div>\n                                            <\/div>\n        <\/div>\n\n        <div class=\"two-images__column\">\n                            <div class=\"two-images__image-container\">\n                    <img decoding=\"async\" width=\"425\" height=\"505\" src=\"https:\/\/www.santamonica.com\/wp-content\/uploads\/2023\/09\/santa-monica-beach.jpg\" class=\"two-images__image\" alt=\"praia de santa m\u00f4nica\" loading=\"lazy\" srcset=\"https:\/\/www.santamonica.com\/wp-content\/uploads\/2023\/09\/santa-monica-beach.jpg 425w, https:\/\/www.santamonica.com\/wp-content\/uploads\/2023\/09\/santa-monica-beach-252x300.jpg 252w, https:\/\/www.santamonica.com\/wp-content\/uploads\/2023\/09\/santa-monica-beach-126x150.jpg 126w\" sizes=\"auto, (max-width: 425px) 100vw, 425px\" title=\"\">                    \n\n                <\/div>\n                    <\/div>\n\n        <div class=\"two-images__column\">\n                            <div class=\"two-images__image-container\">\n                    <img decoding=\"async\" width=\"600\" height=\"565\" src=\"https:\/\/www.santamonica.com\/wp-content\/uploads\/2023\/09\/couple-at-santa-monica.jpg\" class=\"two-images__image\" alt=\"casal em santa m\u00f4nica\" loading=\"lazy\" srcset=\"https:\/\/www.santamonica.com\/wp-content\/uploads\/2023\/09\/couple-at-santa-monica.jpg 600w, https:\/\/www.santamonica.com\/wp-content\/uploads\/2023\/09\/couple-at-santa-monica-300x283.jpg 300w, https:\/\/www.santamonica.com\/wp-content\/uploads\/2023\/09\/couple-at-santa-monica-159x150.jpg 159w\" sizes=\"auto, (max-width: 600px) 100vw, 600px\" title=\"\">                    \n\n                <\/div>\n                    <\/div>\n\n    <\/div>\n<\/section>\n\n\n<section class=\"image-slider --theme1 sm-block\" >\n    <div class=\"image-slider__wrapper\">\n                    <div class=\"image-slider__copy wysiwyg\"><p><span style=\"font-weight: 400;\">\u00c0 medida que a temperatura esfria \u00e0 noite, os habitantes locais costumam usar jeans; muitas mulheres completam o visual com uma cal\u00e7a leve. <\/span><span style=\"font-weight: 400;\">jaqueta ou cardig\u00e3<\/span><span style=\"font-weight: 400;\">. Dependendo <\/span><span style=\"font-weight: 400;\">em<\/span><span style=\"font-weight: 400;\"> a temporada<\/span><span style=\"font-weight: 400;\">\u00a0est\u00e1 planejando sua viagem para <\/span><span style=\"font-weight: 400;\">Santa M\u00f4nica<\/span><span style=\"font-weight: 400;\">, Se voc\u00ea estiver em um pa\u00eds com temperaturas mais altas do que as esperadas, talvez queira levar uma jaqueta; as noites de inverno podem cair abaixo de 10 graus Celcius (50 graus Fahrenheit). \u00c9 uma boa ideia colocar camadas de roupas para que voc\u00ea possa tirar pe\u00e7as extras se as temperaturas estiverem um pouco mais quentes do que o esperado. <\/span><span style=\"font-weight: 400;\">N\u00e3o se preocupe se voc\u00ea esquecer algo em casa<\/span><span style=\"font-weight: 400;\">; su\u00e9teres<\/span><span style=\"font-weight: 400;\">,<\/span>\u00a0<span style=\"font-weight: 400;\">moletons<\/span><span style=\"font-weight: 400;\"> e camisas de manga longa<\/span><span style=\"font-weight: 400;\"> est\u00e3o amplamente dispon\u00edveis em uma das <\/span><span style=\"font-weight: 400;\">Santa M\u00f4nica<\/span><span style=\"font-weight: 400;\">\u2019de muitos produtos exclusivos da <\/span><a href=\"https:\/\/www.santamonica.com\/pt\/compras\/lojas-por-bairro\/\"><span style=\"font-weight: 400;\"><strong>lojas<\/strong><\/span><\/a><span style=\"font-weight: 400;\">.<\/span><\/p>\n<p>Ao pensar no que levar em suas f\u00e9rias em Santa Monica, n\u00e3o se esque\u00e7a do traje de banho! <span style=\"font-weight: 400;\">Do final da primavera ao in\u00edcio do outono, voc\u00ea definitivamente pode nadar de biqu\u00edni ou shorts de banho. Se voc\u00ea tem um mai\u00f4 que \u00e9 muito alto para a piscina comunit\u00e1ria de sua casa, agora \u00e9 a hora de exibi-lo! Talvez voc\u00ea tamb\u00e9m queira levar uma capa leve<\/span><span style=\"font-weight: 400;\"> para usar<\/span><span style=\"font-weight: 400;\"> para visitar a lanchonete ou caminhar pelo p\u00eder.<\/span><\/p>\n<\/div>\n                <div class=\"image-slider__slider left\">\n                            <!-- Slider main container -->\n                <div class=\"swiper\">\n                    <!-- Additional required wrapper -->\n                    <div class=\"swiper-wrapper\">\n                        <!-- Slides -->\n                                                    <div class=\"swiper-slide\">\n                                <img decoding=\"async\" width=\"1024\" height=\"683\" src=\"https:\/\/www.santamonica.com\/wp-content\/uploads\/2023\/09\/santa-monica-sun-bathing-1-1024x683.webp\" class=\"swiper-slide__image\" alt=\"banho de sol em santa m\u00f4nica\" loading=\"lazy\" srcset=\"https:\/\/www.santamonica.com\/wp-content\/uploads\/2023\/09\/santa-monica-sun-bathing-1-1024x683.webp 1024w, https:\/\/www.santamonica.com\/wp-content\/uploads\/2023\/09\/santa-monica-sun-bathing-1-300x200.webp 300w, https:\/\/www.santamonica.com\/wp-content\/uploads\/2023\/09\/santa-monica-sun-bathing-1-225x150.webp 225w, https:\/\/www.santamonica.com\/wp-content\/uploads\/2023\/09\/santa-monica-sun-bathing-1-768x512.webp 768w, https:\/\/www.santamonica.com\/wp-content\/uploads\/2023\/09\/santa-monica-sun-bathing-1-1536x1024.webp 1536w, https:\/\/www.santamonica.com\/wp-content\/uploads\/2023\/09\/santa-monica-sun-bathing-1.webp 2048w\" sizes=\"auto, (max-width: 1024px) 100vw, 1024px\" title=\"\">                                \n\n                            <\/div>\n                                            <\/div>\n                                    <\/div>\n                    <\/div>\n    <\/div>\n<\/section>\n\n\n\n<div class=\"wp-block-columns is-layout-flex wp-container-core-columns-is-layout-28f84493 wp-block-columns-is-layout-flex base-block\">\n<div class=\"wp-block-column is-layout-flow wp-block-column-is-layout-flow base-block\">\n<h4 class=\"wp-block-heading base-block\">Mantenha a classe<\/h4>\n\n\n\n<p class=\"base-block\">A maioria <a href=\"https:\/\/www.santamonica.com\/pt\/restaurantes\/guia-gastronomico\/\">Restaurantes em Santa M\u00f4nica<\/a>, Os bares e clubes t\u00eam um c\u00f3digo de vestimenta casual que \u00e9 perfeito para roupas de f\u00e9rias descontra\u00eddas. No entanto, voc\u00ea ainda deve levar pelo menos uma roupa de luxo: uma cal\u00e7a que n\u00e3o seja jeans e uma camisa de colarinho, uma bela blusa ou um vestido e acess\u00f3rios elegantes.<\/p>\n<\/div>\n\n\n\n<div class=\"wp-block-column is-layout-flow wp-block-column-is-layout-flow base-block\">\n<h4 class=\"wp-block-heading base-block\">Seja flex\u00edvel<\/h4>\n\n\n\n<p class=\"base-block\">Nenhum restaurante em Santa Monica exige palet\u00f3 e gravata. Para as senhoras, um vestido maxi funciona bem com sand\u00e1lias enquanto passeiam pela <a href=\"https:\/\/www.santamonica.com\/pt\/experiencia-em-santa-monica\/mercados-de-agricultores\/\">mercado de produtores<\/a>, Mas tamb\u00e9m fica chique quando combinada com joias ousadas e sapatos de salto alto depois que o sol se p\u00f5e. Para os homens, uma camiseta e uma cal\u00e7a jeans s\u00e3o perfeitas para muitas ocasi\u00f5es. N\u00e3o se esque\u00e7a de levar uma jaqueta leve se fizer frio \u00e0 noite. &nbsp;<\/p>\n<\/div>\n\n\n\n<div class=\"wp-block-column is-layout-flow wp-block-column-is-layout-flow base-block\">\n<h4 class=\"wp-block-heading base-block\">Traga uma bolsa<\/h4>\n\n\n\n<p class=\"base-block\">Leve uma bolsa menor ou uma sacola de dia para carregar seus pertences. Com tantas caminhadas, uma sacola grande ou uma bolsa grande s\u00f3 o deixar\u00e1 mais pesado. Leve uma bolsa de praia se estiver planejando passar algum tempo na areia. \u00c9 melhor usar algo mais leve, de prefer\u00eancia com uma al\u00e7a de ombro ou transversal para manter suas m\u00e3os livres e prontas para tirar fotos!<\/p>\n<\/div>\n<\/div>\n\n\n\n<section class=\"two-images container-max sm-block --flip sm-block\">\n    <div class=\"two-images__container --flip\">\n\n        <div class=\"two-images__column\">\n            <div class=\"two-images__content\">\n                <div class=\"two-images__content-header-container\">\n                                            <h2 class=\"two-images__content-header\">Arrumando os sapatos para Santa Monica<\/h2>                                    <\/div>\n                                    <div class=\"two-images__content-body wysiwyg\">\n                        <p><span style=\"font-weight: 400;\">Confort\u00e1vel<\/span><span style=\"font-weight: 400;\"> caminhada<\/span><span style=\"font-weight: 400;\"> Os sapatos s\u00e3o essenciais ao fazer as malas para uma viagem a <\/span><span style=\"font-weight: 400;\">Santa M\u00f4nica<\/span><span style=\"font-weight: 400;\">. Como a cidade abrange apenas 8,3 milhas quadradas <\/span><span style=\"font-weight: 400;\">(21,5 quil\u00f4metros quadrados)<\/span><span style=\"font-weight: 400;\">, voc\u00ea pode obter quase <\/span><a href=\"https:\/\/www.santamonica.com\/pt\/transporte\/transporte-publico\/\"><span style=\"font-weight: 400;\"><strong>todos os lugares que voc\u00ea deseja ir a p\u00e9<\/strong><\/span><\/a><span style=\"font-weight: 400;\">. <\/span><\/p>\n<p><span style=\"font-weight: 400;\">Leve um ou dois pares de<\/span><span style=\"font-weight: 400;\"> chinelos<\/span><span style=\"font-weight: 400;\">\u00a0para usar na bela <\/span><strong><a href=\"https:\/\/www.santamonica.com\/pt\/coisas-para-fazer\/praia-de-santa-monica\/\">Praia de Santa M\u00f4nica<\/a><\/strong><span style=\"font-weight: 400;\">,<\/span><span style=\"font-weight: 400;\"> mas certifique-se de que voc\u00ea tamb\u00e9m tenha algo que possa resistir a longas horas percorrendo as galerias, fazendo compras <\/span><span style=\"font-weight: 400;\">em<\/span> <strong><a href=\"https:\/\/www.santamonica.com\/pt\/compras\/santa-monica-place\/\">Santa Monica Place<\/a><\/strong><span style=\"font-weight: 400;\">, ou apreciar as vistas e os sons no <\/span><strong><a href=\"https:\/\/www.santamonica.com\/pt\/coisas-para-fazer\/visitando-o-pier-de-santa-monica\/\">P\u00eder de Santa M\u00f4nica<\/a><\/strong><span style=\"font-weight: 400;\">. Guarde os sapatos mais elegantes para <\/span><strong><a href=\"https:\/\/www.santamonica.com\/pt\/vida-noturna\/\">noites em Santa M\u00f4nica<\/a><\/strong><span style=\"font-weight: 400;\">.<\/span><\/p>\n                    <\/div>\n                                            <\/div>\n        <\/div>\n\n        <div class=\"two-images__column\">\n                            <div class=\"two-images__image-container\">\n                    <img decoding=\"async\" width=\"425\" height=\"505\" src=\"https:\/\/www.santamonica.com\/wp-content\/uploads\/2023\/09\/person-next-to-santa-monica-66-sign.jpg\" class=\"two-images__image\" alt=\"pessoa ao lado da placa santa monica 66\" loading=\"lazy\" srcset=\"https:\/\/www.santamonica.com\/wp-content\/uploads\/2023\/09\/person-next-to-santa-monica-66-sign.jpg 425w, https:\/\/www.santamonica.com\/wp-content\/uploads\/2023\/09\/person-next-to-santa-monica-66-sign-252x300.jpg 252w, https:\/\/www.santamonica.com\/wp-content\/uploads\/2023\/09\/person-next-to-santa-monica-66-sign-126x150.jpg 126w\" sizes=\"auto, (max-width: 425px) 100vw, 425px\" title=\"\">                    \n\n                <\/div>\n                    <\/div>\n\n        <div class=\"two-images__column\">\n                            <div class=\"two-images__image-container\">\n                    <img decoding=\"async\" width=\"600\" height=\"565\" src=\"https:\/\/www.santamonica.com\/wp-content\/uploads\/2023\/09\/santa-monica-pier.jpg\" class=\"two-images__image\" alt=\"p\u00eder de santa m\u00f4nica\" loading=\"lazy\" srcset=\"https:\/\/www.santamonica.com\/wp-content\/uploads\/2023\/09\/santa-monica-pier.jpg 600w, https:\/\/www.santamonica.com\/wp-content\/uploads\/2023\/09\/santa-monica-pier-300x283.jpg 300w, https:\/\/www.santamonica.com\/wp-content\/uploads\/2023\/09\/santa-monica-pier-159x150.jpg 159w\" sizes=\"auto, (max-width: 600px) 100vw, 600px\" title=\"\">                    \n\n                <\/div>\n                    <\/div>\n\n    <\/div>\n<\/section>\n\n\n<section class=\"sun-title sm-block --theme6 sm-block\">\n            <h2 class=\"sun-title__headline\">Sempre embale estes itens<\/h2>    \n            <div class=\"sun-title__body  wysiwyg\">\n                    <p><span style=\"font-weight: 400;\">N\u00e3o importa a esta\u00e7\u00e3o do ano em que voc\u00ea visite <\/span><span style=\"font-weight: 400;\">Santa M\u00f4nica<\/span><span style=\"font-weight: 400;\">, Para as f\u00e9rias, n\u00e3o se esque\u00e7a de levar os seguintes itens: um par de \u00f3culos escuros, um bon\u00e9 ou chap\u00e9u de sol e um frasco de protetor solar.<\/span><\/p>\n<p><span style=\"font-weight: 400;\">Os raios solares podem ser muito fortes, mesmo quando as temperaturas est\u00e3o mais baixas ou o dia est\u00e1 nublado. Voc\u00ea deve proteger seus olhos do brilho e sua pele de poss\u00edveis queimaduras solares. Mesmo que voc\u00ea tenha tend\u00eancia a se bronzear facilmente, \u00e9 sempre uma aposta segura aplicar protetor solar 30 minutos antes de sair de casa. <\/span><strong><a href=\"https:\/\/www.santamonica.com\/pt\/hoteis\/estadia-em-santa-monica\/\">hotel <\/a><\/strong><span style=\"font-weight: 400;\">e, depois, novamente a cada duas horas em que voc\u00ea estiver do lado de fora.<\/span><\/p>\n<p><span style=\"font-weight: 400;\">Se voc\u00ea se inspirar para dar um mergulho no Pac\u00edfico durante sua estada (e quase podemos apostar que sim), ficar\u00e1 feliz em ter um pouco mais de FPS em seu <\/span><span style=\"font-weight: 400;\">Santa M\u00f4nica<\/span><span style=\"font-weight: 400;\"> bolsa de dia.<\/span><\/p>\n                        <\/div>\n    <\/section>\n\n\n<section class=\"image-slider --theme1 sm-block\" >\n    <div class=\"image-slider__wrapper\">\n                    <div class=\"image-slider__copy wysiwyg\"><p><span style=\"font-weight: 400;\">Se voc\u00ea precisar de um local para guardar seus itens ou bagagem enquanto explora Santa Monica, o Santa Monica Bike Center tem arm\u00e1rios dispon\u00edveis. O custo \u00e9 de $10 por dia por item ou $5 por dia por item com a compra de um aluguel de bicicleta. Todas as bolsas e pertences devem ser retirados at\u00e9 o final do expediente, que \u00e9 \u00e0s 19h diariamente.<\/span><\/p>\n<p><span style=\"font-weight: 400;\">Fa\u00e7a o download do<\/span><a href=\"https:\/\/usebounce.com\/\" target=\"_blank\" rel=\"noopener\"><span style=\"font-weight: 400;\"><strong> Aplicativo Bounce<\/strong><\/span><\/a><span style=\"font-weight: 400;\">\u00a0 para locais adicionais de armazenamento de bagagem em Santa Monica, incluindo as duas unidades Sand n\u2019 Surf, para armazenamento di\u00e1rio, noturno e de v\u00e1rios dias.<\/span><\/p>\n<\/div>\n                <div class=\"image-slider__slider right\">\n                            <!-- Slider main container -->\n                <div class=\"swiper\">\n                    <!-- Additional required wrapper -->\n                    <div class=\"swiper-wrapper\">\n                        <!-- Slides -->\n                                                    <div class=\"swiper-slide\">\n                                <img decoding=\"async\" width=\"1024\" height=\"576\" src=\"https:\/\/www.santamonica.com\/wp-content\/uploads\/2023\/09\/santa-monica.jpg\" class=\"swiper-slide__image\" alt=\"Santa M\u00f4nica\" loading=\"lazy\" srcset=\"https:\/\/www.santamonica.com\/wp-content\/uploads\/2023\/09\/santa-monica.jpg 1024w, https:\/\/www.santamonica.com\/wp-content\/uploads\/2023\/09\/santa-monica-300x169.jpg 300w, https:\/\/www.santamonica.com\/wp-content\/uploads\/2023\/09\/santa-monica-267x150.jpg 267w, https:\/\/www.santamonica.com\/wp-content\/uploads\/2023\/09\/santa-monica-768x432.jpg 768w\" sizes=\"auto, (max-width: 1024px) 100vw, 1024px\" title=\"\">                                \n\n            <a href=\"https:\/\/www.santamonica.com\/pt\/coisas-para-fazer\/centro-de-bicicletas-de-santa-monica\/\" class=\"img-lctn-tag --right\">\n            <div class=\"img-lctn-tag-inside-link image-slider__image-caption right\">Centro de Bicicletas de Santa M\u00f4nica<\/div>\n        <\/a>\n                                <\/div>\n                                            <\/div>\n                                    <\/div>\n                    <\/div>\n    <\/div>\n<\/section>","protected":false},"excerpt":{"rendered":"<p>Stay classy Most Santa Monica restaurants, bars, and clubs have a casual dress code that is perfect for relaxed vacation wear. However, you still should pack at least one upscale outfit\u2014a pair of non-denim pants and a collared shirt, a nice blouse or a dress and stylish accessories. Be flexible No restaurants in Santa Monica require a coat and tie. For the ladies, a maxi dress works well with sandals while browsing the farmers\u2019 market, but it also looks chic when paired with bold jewelry and wedge heels after the sun goes down. For the guys, a t-shirt and jeans [\u2026]<\/p>\n","protected":false},"author":1450,"featured_media":757765,"parent":0,"menu_order":0,"comment_status":"closed","ping_status":"closed","template":"template-editorial.php","meta":{"_acf_changed":false,"inline_featured_image":false,"footnotes":""},"silos":[3887],"class_list":["post-335305","page","type-page","status-publish","has-post-thumbnail","hentry"],"acf":[],"_links":{"self":[{"href":"https:\/\/www.santamonica.com\/pt\/wp-json\/wp\/v2\/pages\/335305","targetHints":{"allow":["GET"]}}],"collection":[{"href":"https:\/\/www.santamonica.com\/pt\/wp-json\/wp\/v2\/pages"}],"about":[{"href":"https:\/\/www.santamonica.com\/pt\/wp-json\/wp\/v2\/types\/page"}],"author":[{"embeddable":true,"href":"https:\/\/www.santamonica.com\/pt\/wp-json\/wp\/v2\/users\/1450"}],"replies":[{"embeddable":true,"href":"https:\/\/www.santamonica.com\/pt\/wp-json\/wp\/v2\/comments?post=335305"}],"version-history":[{"count":71,"href":"https:\/\/www.santamonica.com\/pt\/wp-json\/wp\/v2\/pages\/335305\/revisions"}],"predecessor-version":[{"id":781578,"href":"https:\/\/www.santamonica.com\/pt\/wp-json\/wp\/v2\/pages\/335305\/revisions\/781578"}],"wp:featuredmedia":[{"embeddable":true,"href":"https:\/\/www.santamonica.com\/pt\/wp-json\/wp\/v2\/media\/757765"}],"wp:attachment":[{"href":"https:\/\/www.santamonica.com\/pt\/wp-json\/wp\/v2\/media?parent=335305"}],"wp:term":[{"taxonomy":"silos","embeddable":true,"href":"https:\/\/www.santamonica.com\/pt\/wp-json\/wp\/v2\/silos?post=335305"}],"curies":[{"name":"wp","href":"https:\/\/api.w.org\/{rel}","templated":true}]}}