{"id":335287,"date":"2022-05-13T14:57:37","date_gmt":"2022-05-13T21:57:37","guid":{"rendered":"https:\/\/www.santamonica.com\/?page_id=335287"},"modified":"2025-08-05T12:17:19","modified_gmt":"2025-08-05T19:17:19","slug":"vida-noturna","status":"publish","type":"page","link":"https:\/\/www.santamonica.com\/pt\/nightlife\/","title":{"rendered":"Vida noturna"},"content":{"rendered":"<section class=\"sun-title sm-block --theme6 sm-block\">\n            <h2 class=\"sun-title__headline\">Bares na cobertura<\/h2>    \n            <div class=\"sun-title__body  wysiwyg\">\n                    <div class=\"is-layout-flow wp-block-column is-vertically-aligned-center base-block\">\n<p class=\"base-block\">Os bares na cobertura de Santa Monica oferecem uma experi\u00eancia \u00fanica e inesquec\u00edvel para moradores e visitantes. Com vistas panor\u00e2micas deslumbrantes da cidade e do Oceano Pac\u00edfico, esses bares proporcionam o cen\u00e1rio perfeito para uma noite de coquet\u00e9is e confraterniza\u00e7\u00e3o com os amigos. Se voc\u00ea estiver procurando um ambiente luxuoso, como o Coco Club, ou a vibra\u00e7\u00e3o mais descontra\u00edda que o LouLou at Santa Monica Place oferece, Santa Monica tem muitas op\u00e7\u00f5es para escolher.<\/p>\n<\/div>\n<div class=\"is-layout-flow wp-block-column is-vertically-aligned-center base-block\"><\/div>\n                        <\/div>\n    <\/section>\n\n\n<section class=\"image-slider --theme1 sm-block\" >\n    <div class=\"image-slider__wrapper\">\n                    <div class=\"image-slider__copy wysiwyg\"><h3>Elefante<\/h3>\n<p>O telhado do <strong><a href=\"https:\/\/www.santamonica.com\/pt\/restaurantes\/elephante-beach-house\/\">Elefante<\/a><\/strong> \u00e9 um destino obrigat\u00f3rio para quem deseja desfrutar de vistas deslumbrantes, comida deliciosa e coquet\u00e9is artesanais. O bar na cobertura apresenta um card\u00e1pio de inspira\u00e7\u00e3o mediterr\u00e2nea que mostra os sabores e ingredientes da regi\u00e3o.<\/p>\n<h3>Calabra<\/h3>\n<p><strong><a href=\"https:\/\/www.santamonica.com\/pt\/restaurantes\/calabresa\/\">Calabra's<\/a><\/strong> O bar e restaurante na cobertura est\u00e1 localizado no 5\u00ba andar do Santa Monica Proper Hotel. Esse bar sofisticado oferece uma experi\u00eancia \u00fanica que certamente impressionar\u00e1. O bar em si \u00e9 elegantemente decorado com uma est\u00e9tica moderna e minimalista, com \u00e1reas de assento confort\u00e1veis e ilumina\u00e7\u00e3o ambiente que cria uma atmosfera calorosa e convidativa.<\/p>\n<\/div>\n                <div class=\"image-slider__slider right\">\n                            <!-- Slider main container -->\n                <div class=\"swiper js-image-slider\">\n                    <!-- Additional required wrapper -->\n                    <div class=\"swiper-wrapper\">\n                        <!-- Slides -->\n                                                    <div class=\"swiper-slide\">\n                                <img decoding=\"async\" width=\"1024\" height=\"580\" src=\"https:\/\/www.santamonica.com\/wp-content\/uploads\/2023\/05\/1024x580-Elephante-Rooftop-Restaurant-and-Bar-Santa-Monica.jpg\" class=\"swiper-slide__image\" alt=\"Elephante Rooftop Restaurant and Bar\" loading=\"lazy\" srcset=\"https:\/\/www.santamonica.com\/wp-content\/uploads\/2023\/05\/1024x580-Elephante-Rooftop-Restaurant-and-Bar-Santa-Monica.jpg 1024w, https:\/\/www.santamonica.com\/wp-content\/uploads\/2023\/05\/1024x580-Elephante-Rooftop-Restaurant-and-Bar-Santa-Monica-300x170.jpg 300w, https:\/\/www.santamonica.com\/wp-content\/uploads\/2023\/05\/1024x580-Elephante-Rooftop-Restaurant-and-Bar-Santa-Monica-265x150.jpg 265w, https:\/\/www.santamonica.com\/wp-content\/uploads\/2023\/05\/1024x580-Elephante-Rooftop-Restaurant-and-Bar-Santa-Monica-768x435.jpg 768w\" sizes=\"auto, (max-width: 1024px) 100vw, 1024px\" title=\"\">                                \n\n            <div class=\"img-lctn-tag --no-link image-slider__image-caption --right\">Elephante Rooftop Restaurant and Bar<\/div>\n                                <\/div>\n                                                    <div class=\"swiper-slide\">\n                                <img decoding=\"async\" width=\"1024\" height=\"576\" src=\"https:\/\/www.santamonica.com\/wp-content\/uploads\/2022\/05\/santa-monica-proper-hotel.jpg\" class=\"swiper-slide__image\" alt=\"Santa Monica Proper Hotel\" loading=\"lazy\" srcset=\"https:\/\/www.santamonica.com\/wp-content\/uploads\/2022\/05\/santa-monica-proper-hotel.jpg 1024w, https:\/\/www.santamonica.com\/wp-content\/uploads\/2022\/05\/santa-monica-proper-hotel-300x169.jpg 300w, https:\/\/www.santamonica.com\/wp-content\/uploads\/2022\/05\/santa-monica-proper-hotel-267x150.jpg 267w, https:\/\/www.santamonica.com\/wp-content\/uploads\/2022\/05\/santa-monica-proper-hotel-768x432.jpg 768w\" sizes=\"auto, (max-width: 1024px) 100vw, 1024px\" title=\"\">                                \n\n            <a href=\"https:\/\/www.santamonica.com\/pt\/hoteis\/hotel-santa-monica-proper\/\"  class=\"img-lctn-tag --right\">\n            <div class=\"img-lctn-tag-inside-link image-slider__image-caption right\">Santa Monica Proper Hotel<\/div>\n        <\/a>\n                                <\/div>\n                                            <\/div>\n                                            <div class=\"image-slider__swiper-controls-wrapper-relocator\">\n                            <div class=\"image-slider__swiper-controls-wrapper\">\n                                <div class=\"swiper-pagination\"><\/div>\n                                <div class=\"swiper-button-prev-custom\">\n                                    <div class=\"arrow-button-left\"><\/div>\n                                <\/div>\n                                <div class=\"swiper-button-next-custom\">\n                                    <div class=\"arrow-button-right\"><\/div>\n                                <\/div>\n                            <\/div>\n                        <\/div>\n                                    <\/div>\n                    <\/div>\n    <\/div>\n<\/section>\n\n\n<section class=\"image-slider --theme1 sm-block\" >\n    <div class=\"image-slider__wrapper\">\n                    <div class=\"image-slider__copy wysiwyg\"><h3>O Coco Club<\/h3>\n<p>O bar na cobertura do\u00a0<strong><a href=\"https:\/\/www.santamonica.com\/pt\/reunioes\/o-coco-club\/\">O Coco Club<\/a><\/strong>\u00a0est\u00e1 localizado no 6\u00ba andar do Beacon Hotel e oferece vistas deslumbrantes do Oceano Pac\u00edfico e do litoral de Santa Monica. O bar \u00e9 um destino moderno e estiloso para quem procura uma experi\u00eancia \u00fanica e sofisticada em uma das cidades litor\u00e2neas mais ic\u00f4nicas da Calif\u00f3rnia.<\/p>\n<h3>LouLou<\/h3>\n<p><strong><a href=\"https:\/\/www.santamonica.com\/pt\/reunioes\/loulou-rooftop-restaurant-lounge-venue\/\">LouLou Santa M\u00f4nica<\/a><\/strong>\u00a0\u00e9 um bar e restaurante elegante e sofisticado na cobertura do Santa Monica Place, que oferece uma atmosfera relaxante com vistas deslumbrantes do oceano e da cidade ao redor. Essa experi\u00eancia gastron\u00f4mica francesa e californiana conta com assentos macios, espregui\u00e7adeiras confort\u00e1veis e uma decora\u00e7\u00e3o elegante que exala eleg\u00e2ncia e modernidade. O p\u00e1tio externo tamb\u00e9m \u00e9 aquecido e pode acomodar grupos maiores.<\/p>\n<\/div>\n                <div class=\"image-slider__slider left\">\n                            <!-- Slider main container -->\n                <div class=\"swiper js-image-slider\">\n                    <!-- Additional required wrapper -->\n                    <div class=\"swiper-wrapper\">\n                        <!-- Slides -->\n                                                    <div class=\"swiper-slide\">\n                                <img decoding=\"async\" width=\"1024\" height=\"580\" src=\"https:\/\/www.santamonica.com\/wp-content\/uploads\/2024\/03\/The-Coco-Club-Santa-Monica.jpg\" class=\"swiper-slide__image\" alt=\"Vista para o mar do Coco Club\" loading=\"lazy\" srcset=\"https:\/\/www.santamonica.com\/wp-content\/uploads\/2024\/03\/The-Coco-Club-Santa-Monica.jpg 1024w, https:\/\/www.santamonica.com\/wp-content\/uploads\/2024\/03\/The-Coco-Club-Santa-Monica-300x170.jpg 300w, https:\/\/www.santamonica.com\/wp-content\/uploads\/2024\/03\/The-Coco-Club-Santa-Monica-265x150.jpg 265w, https:\/\/www.santamonica.com\/wp-content\/uploads\/2024\/03\/The-Coco-Club-Santa-Monica-768x435.jpg 768w\" sizes=\"auto, (max-width: 1024px) 100vw, 1024px\" title=\"\">                                \n\n            <a href=\"https:\/\/www.santamonica.com\/pt\/reunioes\/o-coco-club\/\"  class=\"img-lctn-tag --right\">\n            <div class=\"img-lctn-tag-inside-link image-slider__image-caption right\">O Coco Club<\/div>\n        <\/a>\n                                <\/div>\n                                                    <div class=\"swiper-slide\">\n                                <img decoding=\"async\" width=\"1024\" height=\"683\" src=\"https:\/\/www.santamonica.com\/wp-content\/uploads\/2023\/05\/Loulous-Nightlife-1024x683.webp\" class=\"swiper-slide__image\" alt=\"Loulou Vida noturna em Santa Monica\" loading=\"lazy\" srcset=\"https:\/\/www.santamonica.com\/wp-content\/uploads\/2023\/05\/Loulous-Nightlife-1024x683.webp 1024w, https:\/\/www.santamonica.com\/wp-content\/uploads\/2023\/05\/Loulous-Nightlife-300x200.webp 300w, https:\/\/www.santamonica.com\/wp-content\/uploads\/2023\/05\/Loulous-Nightlife-225x150.webp 225w, https:\/\/www.santamonica.com\/wp-content\/uploads\/2023\/05\/Loulous-Nightlife-768x512.webp 768w, https:\/\/www.santamonica.com\/wp-content\/uploads\/2023\/05\/Loulous-Nightlife.webp 1313w\" sizes=\"auto, (max-width: 1024px) 100vw, 1024px\" title=\"\">                                \n\n            <div class=\"img-lctn-tag --no-link image-slider__image-caption --right\">Loulou Vida noturna em Santa Monica<\/div>\n                                <\/div>\n                                            <\/div>\n                                            <div class=\"image-slider__swiper-controls-wrapper-relocator\">\n                            <div class=\"image-slider__swiper-controls-wrapper\">\n                                <div class=\"swiper-pagination\"><\/div>\n                                <div class=\"swiper-button-prev-custom\">\n                                    <div class=\"arrow-button-left\"><\/div>\n                                <\/div>\n                                <div class=\"swiper-button-next-custom\">\n                                    <div class=\"arrow-button-right\"><\/div>\n                                <\/div>\n                            <\/div>\n                        <\/div>\n                                    <\/div>\n                    <\/div>\n    <\/div>\n<\/section>\n\n\n<section class=\"sun-title sm-block --theme6 --2col sm-block\">\n            <h2 class=\"sun-title__headline\">Bares de luxo<\/h2>    \n            <div class=\"sun-title__body  --2col wysiwyg\">\n                    <div class=\"column-1\">\n                <p><span style=\"font-weight: 400;\">Os bares de luxo de Santa Monica oferecem uma experi\u00eancia de vida noturna luxuosa e sofisticada para aqueles que buscam uma atmosfera mais elevada. <\/span><strong><a href=\"https:\/\/www.santamonica.com\/pt\/restaurantes\/o-bangalo\/\">O Bungalow<\/a><\/strong><span style=\"font-weight: 400;\"> no The <\/span><span style=\"font-weight: 400;\">Hotel Fairmont Miramar<\/span><span style=\"font-weight: 400;\"> \u00e9 um dos bares mais populares, onde voc\u00ea se sentir\u00e1 como se tivesse sido convidado para a festa em casa mais estilosa da Calif\u00f3rnia. A decora\u00e7\u00e3o convidativa, completa com mesas de pingue-pongue e jogos de tabuleiro, d\u00e1 um tom descontra\u00eddo e acolhedor. <\/span><\/p>\n                            <\/div>\n            <div class=\"column-2\">\n                <p><span style=\"font-weight: 400;\">Visitar <\/span><strong><a href=\"https:\/\/www.santamonica.com\/pt\/restaurantes\/a-cobertura\/\">A cobertura<\/a><\/strong><span style=\"font-weight: 400;\"> para vistas incompar\u00e1veis do Pac\u00edfico, localizado no topo do sofisticado Huntley Santa Monica Beach, em frente ao <\/span><span style=\"font-weight: 400;\">Praia de Santa M\u00f4nica<\/span><span style=\"font-weight: 400;\">. Saboreie a culin\u00e1ria californiana e os coquet\u00e9is artesanais exclusivos em uma das cabanas do restaurante, enquanto aprecia a vista de 360 graus da cidade, da praia e do Oceano Pac\u00edfico. Os bares de luxo de Santa Monica s\u00e3o o destino perfeito para quem busca uma experi\u00eancia sofisticada e inesquec\u00edvel na vida noturna.<\/span><\/p>\n                            <\/div>\n            <\/div>\n    <\/section>\n\n\n\n<section class=\"two-images container-max sm-block  sm-block\">\n    <div class=\"two-images__container\">\n\n        <div class=\"two-images__column\">\n            <div class=\"two-images__content\">\n                <div class=\"two-images__content-header-container\">\n                                            <h2 class=\"two-images__content-header\">Happy Hour especial do P\u00eder de Santa M\u00f4nica<\/h2>                                    <\/div>\n                                    <div class=\"two-images__content-body wysiwyg\">\n                        <p><span style=\"font-weight: 400;\">Descubra o incr\u00edvel <\/span><strong><a href=\"https:\/\/www.santamonica.com\/pt\/restaurantes\/happy-hour\/\">Especiais de happy hour<\/a><\/strong><span style=\"font-weight: 400;\"> dispon\u00edvel em Santa M\u00f4nica! Desfrute de bebidas e aperitivos com desconto por apenas $5 em v\u00e1rios bares e restaurantes da regi\u00e3o, proporcionando a oportunidade perfeita para saborear os diversos sabores de Santa Monica sem gastar muito. Por que se limitar a um \u00fanico local quando voc\u00ea pode explorar v\u00e1rios <\/span><span style=\"font-weight: 400;\">happy hour<\/span><span style=\"font-weight: 400;\"> locais em Santa M\u00f4nica? Sa\u00fade com \u00f3timos pre\u00e7os e experi\u00eancias ainda melhores!<\/span><\/p>\n                    <\/div>\n                                            <\/div>\n        <\/div>\n\n        <div class=\"two-images__column\">\n                            <div class=\"two-images__image-container\">\n                    <img decoding=\"async\" width=\"425\" height=\"505\" src=\"https:\/\/www.santamonica.com\/wp-content\/uploads\/2023\/05\/upscale-southern-california-nightlife.jpg\" class=\"two-images__image\" alt=\"vida noturna de luxo no sul da Calif\u00f3rnia\" loading=\"lazy\" srcset=\"https:\/\/www.santamonica.com\/wp-content\/uploads\/2023\/05\/upscale-southern-california-nightlife.jpg 425w, https:\/\/www.santamonica.com\/wp-content\/uploads\/2023\/05\/upscale-southern-california-nightlife-252x300.jpg 252w, https:\/\/www.santamonica.com\/wp-content\/uploads\/2023\/05\/upscale-southern-california-nightlife-126x150.jpg 126w\" sizes=\"auto, (max-width: 425px) 100vw, 425px\" title=\"\">                    \n\n                <\/div>\n                    <\/div>\n\n        <div class=\"two-images__column\">\n                            <div class=\"two-images__image-container\">\n                    <img decoding=\"async\" width=\"600\" height=\"565\" src=\"https:\/\/www.santamonica.com\/wp-content\/uploads\/2023\/05\/bar-in-santa-monica.jpg\" class=\"two-images__image\" alt=\"bar em santa monica\" loading=\"lazy\" srcset=\"https:\/\/www.santamonica.com\/wp-content\/uploads\/2023\/05\/bar-in-santa-monica.jpg 600w, https:\/\/www.santamonica.com\/wp-content\/uploads\/2023\/05\/bar-in-santa-monica-300x283.jpg 300w, https:\/\/www.santamonica.com\/wp-content\/uploads\/2023\/05\/bar-in-santa-monica-159x150.jpg 159w\" sizes=\"auto, (max-width: 600px) 100vw, 600px\" title=\"\">                    \n\n                <\/div>\n                    <\/div>\n\n    <\/div>\n<\/section>\n\n\n<section class=\"sun-title sm-block --theme6 sm-block\">\n            <h2 class=\"sun-title__headline\">Santa Monica tem uma boa vida noturna?<\/h2>    \n            <div class=\"sun-title__body  wysiwyg\">\n                    <p><span style=\"font-weight: 400;\">Santa Monica tem uma vida noturna vibrante e diversificada, com muitas op\u00e7\u00f5es para todos os gostos. Se voc\u00ea estiver procurando um bar na cobertura com vistas deslumbrantes, um bar animado com m\u00fasica ao vivo ou um lounge de luxo para uma noite mais sofisticada, Santa Monica tem tudo isso. Com suas belas praias, clima ensolarado e op\u00e7\u00f5es interessantes de vida noturna, Santa Monica \u00e9 o lugar perfeito para desfrutar de uma noite memor\u00e1vel com amigos ou entes queridos. Depois de uma longa e incr\u00edvel noite experimentando a vida noturna de Santa Monica, recupere-se com alguns fant\u00e1sticos <\/span><strong><a href=\"https:\/\/www.santamonica.com\/pt\/restaurantes\/brunch\/\">brunch em Santa M\u00f4nica<\/a><\/strong><span style=\"font-weight: 400;\">.\u00a0 <\/span><\/p>\n                        <\/div>\n    <\/section>\n\n\n<section class=\"sun-title sm-block --theme6 sm-block\">\n            <h2 class=\"sun-title__headline\">Descubra os melhores clubes de Santa Monica, bares de mergulho, casas de shows, bares na cobertura, bares esportivos e muito mais!<\/h2>    \n            <div class=\"sun-title__body  wysiwyg\">\n                    <p><span style=\"font-weight: 400;\">Se voc\u00ea estiver procurando por um local pouco iluminado <\/span><strong><a href=\"https:\/\/www.santamonica.com\/pt\/vida-noturna\/guia-de-bares-de-santa-monica\/bares-de-vinho\/\">bar de vinhos<\/a><\/strong><span style=\"font-weight: 400;\"> ou algum lugar onde voc\u00ea possa cal\u00e7ar seus chinelos depois de passar um dia no <\/span><a href=\"https:\/\/www.santamonica.com\/pt\/coisas-para-fazer\/praia-de-santa-monica\/\"><span style=\"font-weight: 400;\"><strong>Praia de Santa M\u00f4nica<\/strong><\/span><\/a><span style=\"font-weight: 400;\">,<\/span><span style=\"font-weight: 400;\"> h\u00e1 \u00f3timas op\u00e7\u00f5es em todos os bairros. D\u00ea uma olhada em <\/span><span style=\"font-weight: 400;\">nosso <\/span><strong><a href=\"https:\/\/www.santamonica.com\/pt\/vida-noturna\/guia-de-bares-de-santa-monica\/\">Guia de bares de Santa M\u00f4nica<\/a><\/strong><span style=\"font-weight: 400;\"> para encontrar os melhores lugares<\/span><span style=\"font-weight: 400;\">\u00a0para assistir a um grande jogo, mergulha com <\/span><span style=\"font-weight: 400;\">cerveja artesanal<\/span><span style=\"font-weight: 400;\"> listas de clubes noturnos onde voc\u00ea pode dan\u00e7ar a noite toda em Santa Monica, CA!<\/span><\/p>\n                        <\/div>\n    <\/section>","protected":false},"excerpt":{"rendered":"","protected":false},"author":1450,"featured_media":379999,"parent":0,"menu_order":0,"comment_status":"closed","ping_status":"closed","template":"template-stakeholder-listing.php","meta":{"_acf_changed":false,"inline_featured_image":false,"footnotes":""},"silos":[],"class_list":["post-335287","page","type-page","status-publish","has-post-thumbnail","hentry"],"acf":[],"_links":{"self":[{"href":"https:\/\/www.santamonica.com\/pt\/wp-json\/wp\/v2\/pages\/335287","targetHints":{"allow":["GET"]}}],"collection":[{"href":"https:\/\/www.santamonica.com\/pt\/wp-json\/wp\/v2\/pages"}],"about":[{"href":"https:\/\/www.santamonica.com\/pt\/wp-json\/wp\/v2\/types\/page"}],"author":[{"embeddable":true,"href":"https:\/\/www.santamonica.com\/pt\/wp-json\/wp\/v2\/users\/1450"}],"replies":[{"embeddable":true,"href":"https:\/\/www.santamonica.com\/pt\/wp-json\/wp\/v2\/comments?post=335287"}],"version-history":[{"count":48,"href":"https:\/\/www.santamonica.com\/pt\/wp-json\/wp\/v2\/pages\/335287\/revisions"}],"predecessor-version":[{"id":431477,"href":"https:\/\/www.santamonica.com\/pt\/wp-json\/wp\/v2\/pages\/335287\/revisions\/431477"}],"wp:featuredmedia":[{"embeddable":true,"href":"https:\/\/www.santamonica.com\/pt\/wp-json\/wp\/v2\/media\/379999"}],"wp:attachment":[{"href":"https:\/\/www.santamonica.com\/pt\/wp-json\/wp\/v2\/media?parent=335287"}],"wp:term":[{"taxonomy":"silos","embeddable":true,"href":"https:\/\/www.santamonica.com\/pt\/wp-json\/wp\/v2\/silos?post=335287"}],"curies":[{"name":"wp","href":"https:\/\/api.w.org\/{rel}","templated":true}]}}