{"id":335275,"date":"2022-05-13T14:56:40","date_gmt":"2022-05-13T21:56:40","guid":{"rendered":"https:\/\/www.santamonica.com\/?page_id=335275"},"modified":"2026-01-13T13:39:19","modified_gmt":"2026-01-13T21:39:19","slug":"restaurantes","status":"publish","type":"page","link":"https:\/\/www.santamonica.com\/pt\/restaurants\/","title":{"rendered":"Encontre um restaurante"},"content":{"rendered":"<section class=\"sun-title sm-block --theme6 --2col sm-block\">\n            <h3 class=\"sun-title__headline\">Delicie-se em Santa M\u00f4nica<\/h3>    \n            <div class=\"sun-title__body  --2col wysiwyg\">\n                    <div class=\"column-1\">\n                <p>Os restaurantes de Santa M\u00f4nica est\u00e3o rapidamente se tornando o sonho de um f\u00e3 de gastronomia, com inova\u00e7\u00f5es culin\u00e1rias que podem prender a aten\u00e7\u00e3o at\u00e9 dos comedores mais exigentes.<\/p>\n<p>Encontrar os melhores restaurantes em Santa M\u00f4nica \u00e9 f\u00e1cil com nosso <a href=\"https:\/\/www.santamonica.com\/pt\/restaurantes\/guia-gastronomico\/\">Guia de restaurantes de Santa M\u00f4nica<\/a>, que apresenta uma variedade de cozinhas, como a do sudeste asi\u00e1tico e a franco-americana. O guia de restaurantes de Santa Monica facilita a escolha entre deliciosas del\u00edcias italianas, como <a href=\"https:\/\/www.santamonica.com\/pt\/restaurante\/bay-cities-italian-deli\/\">Bay Cities Italian Deli<\/a>, restaurantes frescos da fazenda para a mesa, como <a href=\"https:\/\/www.santamonica.com\/pt\/restaurante\/restaurante-figueira\/\">FIG<\/a> e op\u00e7\u00f5es gastron\u00f4micas finas, como o restaurante com duas estrelas Michelin de Josiah Citrin, <a href=\"https:\/\/www.santamonica.com\/pt\/restaurante\/melisse\/\">M\u00e9lisse<\/a> e uma estrela <a href=\"https:\/\/www.santamonica.com\/pt\/restaurantes\/citrino\/\">Citrin<\/a>.<\/p>\n<p>Comece sua manh\u00e3 com uma caminhada pela Montana Avenue, que est\u00e1 repleta de cafeterias e caf\u00e9s, ou pare na<a href=\"https:\/\/www.santamonica.com\/pt\/restaurante\/escritorio-dos-pais\/\"> Escrit\u00f3rio do Pai<\/a> para saborear o famoso \u201cOffice Burger\u201d no almo\u00e7o. Para tomar uma bebida saud\u00e1vel a qualquer hora do dia, d\u00ea uma passada no <a href=\"https:\/\/www.santamonica.com\/pt\/restaurante\/kreation-kafe-juicery\/\">Kreation Kafe<\/a> para uma variedade de sucos espremidos na hora.<\/p>\n                            <\/div>\n            <div class=\"column-2\">\n                <p>V\u00e1 at\u00e9 a 3rd Street Promenade, no centro de Santa Monica, para um encontro noturno, onde voc\u00ea pode pegar o elevador at\u00e9 o 18\u00ba andar do <a href=\"https:\/\/www.santamonica.com\/pt\/restaurante\/a-cobertura\/\">A cobertura<\/a> do Huntley Santa Monica Beach para tomar um coquetel no happy hour ou uma ta\u00e7a de vinho envelhecido a seco enquanto contempla a pitoresca paisagem oce\u00e2nica. Depois de apreciar a vista, aumente o romance e aventure-se em um dos restaurantes finos de Santa Monica, <a href=\"https:\/\/www.santamonica.com\/pt\/restaurantes\/canion-rustico\/\">Rustic Canyon<\/a>, <a href=\"https:\/\/www.santamonica.com\/pt\/restaurantes\/pasjoli\/\">Pasjoli<\/a> ou <a href=\"https:\/\/www.santamonica.com\/pt\/restaurantes\/capo\/\">Cap\u00f4<\/a>. Para jantar com a fam\u00edlia, desfrute dos pratos favoritos locais, como <a href=\"https:\/\/www.santamonica.com\/pt\/restaurantes\/luneta\/\">Luneta<\/a> ou <a href=\"https:\/\/www.santamonica.com\/pt\/restaurantes\/rosas-de-alcatrao\/\">Alcatr\u00e3o e Rosas<\/a>, O Los Angeles Times afirmou que \u201c...tamb\u00e9m pode marcar a primeira vez na hist\u00f3ria de nosso pa\u00eds em que a couve-flor se tornou mais deliciosa do que um bife de primeira\u201d.\u201d<\/p>\n<p>N\u00e3o se esque\u00e7a de um doce. Pare no Wilshire Boulevard para <a href=\"https:\/\/www.santamonica.com\/pt\/restaurantes\/a-extremidade-da-manteiga\/\">O Butter End's<\/a> extravagantes biscoitos, scones, bolos e muito mais.<\/p>\n<p>N\u00e3o \u00e9 preciso dizer que Santa Monica tem op\u00e7\u00f5es de restaurantes para qualquer ocasi\u00e3o e paleta. Explore o diversificado guia de restaurantes de Santa Monica abaixo.<\/p>\n                            <\/div>\n            <\/div>\n    <\/section>\n\n\n<section class=\"links-grid --theme3 sm-block\">\n    <div class=\"links-grid__wrapper\">\n                                                    <a href=\"https:\/\/www.santamonica.com\/pt\/restaurants\/beach-restaurants\/\" class=\"links-grid__card-link\" aria-label=\"Restaurantes na praia\" >\n                    <div class=\"links-grid__card\">\n                                                    <div class=\"links-grid__card-image-wrapper\">\n                                <img decoding=\"async\" width=\"400\" height=\"400\" src=\"https:\/\/www.santamonica.com\/wp-content\/uploads\/2022\/06\/beach-restaurants-400x400.jpg\" class=\"links-grid__card-image\" alt=\"Restaurantes em Santa Monica Beach\" loading=\"lazy\" title=\"\">                            <\/div>\n                                                <div class=\"links-grid__card-text\">\n                                                            <div class=\"links-grid__card-title\">Restaurantes na praia<\/div>\n                                                                                <\/div>\n                    <\/div>\n                <\/a>\n                                            <a href=\"https:\/\/www.santamonica.com\/pt\/restaurants\/local-restaurants\/\" class=\"links-grid__card-link\" aria-label=\"Favoritos locais\" >\n                    <div class=\"links-grid__card\">\n                                                    <div class=\"links-grid__card-image-wrapper\">\n                                <img decoding=\"async\" width=\"400\" height=\"400\" src=\"https:\/\/www.santamonica.com\/wp-content\/uploads\/2023\/12\/friends-eating-brunch-in-local-santa-monica-400x400.webp\" class=\"links-grid__card-image\" alt=\"amigos tomando um brunch em santa m\u00f4nica local\" loading=\"lazy\" title=\"\">                            <\/div>\n                                                <div class=\"links-grid__card-text\">\n                                                            <div class=\"links-grid__card-title\">Favoritos locais<\/div>\n                                                                                <\/div>\n                    <\/div>\n                <\/a>\n                                            <a href=\"https:\/\/www.santamonica.com\/pt\/experience-santa-monica\/farmers-markets\/\" class=\"links-grid__card-link\" aria-label=\"Mercado de produtores rurais\" >\n                    <div class=\"links-grid__card\">\n                                                    <div class=\"links-grid__card-image-wrapper\">\n                                <img decoding=\"async\" width=\"400\" height=\"400\" src=\"https:\/\/www.santamonica.com\/wp-content\/uploads\/2022\/06\/santa-monica-farmers-market-1-400x400.jpg\" class=\"links-grid__card-image\" alt=\"Mercado de produtores rurais de Santa M\u00f4nica\" loading=\"lazy\" title=\"\">                            <\/div>\n                                                <div class=\"links-grid__card-text\">\n                                                            <div class=\"links-grid__card-title\">Mercado de produtores rurais<\/div>\n                                                                                <\/div>\n                    <\/div>\n                <\/a>\n                                            <a href=\"https:\/\/www.santamonica.com\/pt\/nightlife\/\" class=\"links-grid__card-link\" aria-label=\"Vida noturna\" >\n                    <div class=\"links-grid__card\">\n                                                    <div class=\"links-grid__card-image-wrapper\">\n                                <img decoding=\"async\" width=\"400\" height=\"400\" src=\"https:\/\/www.santamonica.com\/wp-content\/uploads\/2022\/06\/bars-and-nightlife-400x400.jpg\" class=\"links-grid__card-image\" alt=\"bares e vida noturna\" loading=\"lazy\" title=\"\">                            <\/div>\n                                                <div class=\"links-grid__card-text\">\n                                                            <div class=\"links-grid__card-title\">Vida noturna<\/div>\n                                                                                <\/div>\n                    <\/div>\n                <\/a>\n                        <\/div>\n<\/section>\n\n\n\n<section class=\"blog-feed --theme8 sm-block\">\n    <div class=\"blog-feed__content\">\n        <div class=\"blog-feed__intro\">\n                            <div class=\"blog-feed__eyebrow eyebrow\">Blogs<\/div>                                        <h2 class=\"blog-feed__headline\">Descubra Santa M\u00f4nica<\/h2>                                        <div class=\"blog-feed__body\"><p>Explore itiner\u00e1rios, dicas locais, pontos de interesse e aventuras selecionadas para garantir que voc\u00ea aproveite ao m\u00e1ximo sua experi\u00eancia em Santa Monica.<\/p>\n<\/div>\n                                        <a class=\"blog-feed__cta\" href=\"https:\/\/www.santamonica.com\/pt\/postagens-de-blog\/\">Ver todos os blogs<\/a>\n                    <\/div>\n\n        <ul class=\"blog-feed__list\">\n                                                <li class=\"blog-feed__item\">\n                        <a href=\"https:\/\/www.santamonica.com\/pt\/things-to-do\/coastal-chronicles-the-history-of-santa-monicas-libraries\/\" class=\"blog-feed__item-link\">\n                            <div class=\"blog-feed__image-ratio\">\n                                <img decoding=\"async\" class=\"blog-feed__image\" src=\"https:\/\/www.santamonica.com\/wp-content\/uploads\/2024\/04\/Untitled-design-34-400x400.jpg\" alt=\"Cr\u00f4nicas Costeiras: A hist\u00f3ria das bibliotecas de Santa M\u00f4nica\" title=\"\">\n                            <\/div>\n                            <div class=\"blog-feed__card-title\">Cr\u00f4nicas Costeiras: A hist\u00f3ria das bibliotecas de Santa M\u00f4nica<\/div>\n                        <\/a>\n                    <\/li>\n                                                                <li class=\"blog-feed__item\">\n                        <a href=\"https:\/\/www.santamonica.com\/pt\/things-to-do\/sweets-for-your-sweet-desserts-to-celebrate-valentines-day\/\" class=\"blog-feed__item-link\">\n                            <div class=\"blog-feed__image-ratio\">\n                                <img decoding=\"async\" class=\"blog-feed__image\" src=\"https:\/\/www.santamonica.com\/wp-content\/uploads\/2024\/01\/Couple-Drinking-600x564-2-400x400.jpg\" alt=\"Doces para o seu doce: Sobremesas para comemorar o Dia dos Namorados\" title=\"\">\n                            <\/div>\n                            <div class=\"blog-feed__card-title\">Doces para o seu doce: Sobremesas para comemorar o Dia dos Namorados<\/div>\n                        <\/a>\n                    <\/li>\n                                                                <li class=\"blog-feed__item\">\n                        <a href=\"https:\/\/www.santamonica.com\/pt\/restaurants\/santa-monica-coffee-shops\/\" class=\"blog-feed__item-link\">\n                            <div class=\"blog-feed__image-ratio\">\n                                <img decoding=\"async\" class=\"blog-feed__image\" src=\"https:\/\/www.santamonica.com\/wp-content\/uploads\/2023\/10\/best-santa-monica-coffee-shops-400x400.jpg\" alt=\"11 melhores cafeterias e casas de ch\u00e1 de Santa M\u00f4nica\" title=\"\">\n                            <\/div>\n                            <div class=\"blog-feed__card-title\">11 melhores cafeterias e casas de ch\u00e1 de Santa M\u00f4nica<\/div>\n                        <\/a>\n                    <\/li>\n                                    <\/ul>\n    <\/div>\n<\/section>","protected":false},"excerpt":{"rendered":"","protected":false},"author":1450,"featured_media":341423,"parent":0,"menu_order":0,"comment_status":"closed","ping_status":"closed","template":"template-stakeholder-listing.php","meta":{"_acf_changed":false,"inline_featured_image":false,"footnotes":""},"silos":[],"class_list":["post-335275","page","type-page","status-publish","has-post-thumbnail","hentry"],"acf":[],"_links":{"self":[{"href":"https:\/\/www.santamonica.com\/pt\/wp-json\/wp\/v2\/pages\/335275","targetHints":{"allow":["GET"]}}],"collection":[{"href":"https:\/\/www.santamonica.com\/pt\/wp-json\/wp\/v2\/pages"}],"about":[{"href":"https:\/\/www.santamonica.com\/pt\/wp-json\/wp\/v2\/types\/page"}],"author":[{"embeddable":true,"href":"https:\/\/www.santamonica.com\/pt\/wp-json\/wp\/v2\/users\/1450"}],"replies":[{"embeddable":true,"href":"https:\/\/www.santamonica.com\/pt\/wp-json\/wp\/v2\/comments?post=335275"}],"version-history":[{"count":47,"href":"https:\/\/www.santamonica.com\/pt\/wp-json\/wp\/v2\/pages\/335275\/revisions"}],"predecessor-version":[{"id":781558,"href":"https:\/\/www.santamonica.com\/pt\/wp-json\/wp\/v2\/pages\/335275\/revisions\/781558"}],"wp:featuredmedia":[{"embeddable":true,"href":"https:\/\/www.santamonica.com\/pt\/wp-json\/wp\/v2\/media\/341423"}],"wp:attachment":[{"href":"https:\/\/www.santamonica.com\/pt\/wp-json\/wp\/v2\/media?parent=335275"}],"wp:term":[{"taxonomy":"silos","embeddable":true,"href":"https:\/\/www.santamonica.com\/pt\/wp-json\/wp\/v2\/silos?post=335275"}],"curies":[{"name":"wp","href":"https:\/\/api.w.org\/{rel}","templated":true}]}}