{"id":335272,"date":"2022-05-13T14:56:16","date_gmt":"2022-05-13T21:56:16","guid":{"rendered":"https:\/\/www.santamonica.com\/?page_id=335272"},"modified":"2022-07-25T23:11:20","modified_gmt":"2022-07-26T06:11:20","slug":"brilha","status":"publish","type":"page","link":"https:\/\/www.santamonica.com\/pt\/shines\/","title":{"rendered":"Santa M\u00f4nica brilha"},"content":{"rendered":"<section class=\"subpage-links container-max sm-block\">\n        <div class=\"subpage-links__diamonds\"><\/div>\n                <div class=\"subpage-links__content\">\n            <div class=\"subpage-links__card\">\n                <div class=\"subpage-links__card-wrapper\">\n                    <a href=\"https:\/\/www.santamonica.com\/pt\/hoteis\/\" class=\"subpage-links__card-link\" aria-label=\"Reserve seu hotel em Santa Monica\">\n                                                    <img decoding=\"async\" width=\"550\" height=\"785\" src=\"https:\/\/www.santamonica.com\/wp-content\/uploads\/2022\/06\/hotels.jpg\" class=\"subpage-links__card-image\" alt=\"hot\u00e9is\" loading=\"lazy\" srcset=\"https:\/\/www.santamonica.com\/wp-content\/uploads\/2022\/06\/hotels.jpg 550w, https:\/\/www.santamonica.com\/wp-content\/uploads\/2022\/06\/hotels-210x300.jpg 210w, https:\/\/www.santamonica.com\/wp-content\/uploads\/2022\/06\/hotels-105x150.jpg 105w\" sizes=\"auto, (max-width: 550px) 100vw, 550px\" title=\"\">                                                                            <div class=\"subpage-links__card-description\">\n                                <span class=\"subpage-links__card-title\">Reserve seu hotel em Santa Monica<\/span>\n                                <div class=\"subpage-links__card-button card-arrow\">Explorar<\/div>\n                            <\/div>\n                                            <\/a>\n                <\/div>\n            <\/div>\n            <div class=\"subpage-links__card\">\n                <div class=\"subpage-links__card-wrapper\">\n                    <a href=\"https:\/\/www.santamonica.com\/pt\/planejador-de-viagens\/\" class=\"subpage-links__card-link\" aria-label=\"Crie sua viagem para Santa Monica\">\n                                                    <img decoding=\"async\" width=\"550\" height=\"785\" src=\"https:\/\/www.santamonica.com\/wp-content\/uploads\/2022\/06\/trip-planner.jpg\" class=\"subpage-links__card-image\" alt=\"Planejador de viagens\" loading=\"lazy\" srcset=\"https:\/\/www.santamonica.com\/wp-content\/uploads\/2022\/06\/trip-planner.jpg 550w, https:\/\/www.santamonica.com\/wp-content\/uploads\/2022\/06\/trip-planner-210x300.jpg 210w, https:\/\/www.santamonica.com\/wp-content\/uploads\/2022\/06\/trip-planner-105x150.jpg 105w\" sizes=\"auto, (max-width: 550px) 100vw, 550px\" title=\"\">                                                                            <div class=\"subpage-links__card-description\">\n                                <div class=\"subpage-links__card-title\">Crie sua viagem para Santa Monica<\/div>\n                                <div class=\"subpage-links__card-button card-arrow\">Explorar<\/div>\n                            <\/div>\n                                            <\/a>\n                <\/div>\n            <\/div>\n            <div class=\"subpage-links__card\">\n                <div class=\"subpage-links__card-wrapper\">\n                    <a href=\"https:\/\/www.santamonica.com\/pt\/viajar-com-responsabilidade\/\" class=\"subpage-links__card-link\" aria-label=\"Como viajar com responsabilidade\">\n                                                    <img decoding=\"async\" width=\"550\" height=\"785\" src=\"https:\/\/www.santamonica.com\/wp-content\/uploads\/2022\/07\/Santa-Monica-Metro-station-550x785-1.jpg\" class=\"subpage-links__card-image\" alt=\"Esta\u00e7\u00e3o de metr\u00f4 Santa Monica\" loading=\"lazy\" srcset=\"https:\/\/www.santamonica.com\/wp-content\/uploads\/2022\/07\/Santa-Monica-Metro-station-550x785-1.jpg 550w, https:\/\/www.santamonica.com\/wp-content\/uploads\/2022\/07\/Santa-Monica-Metro-station-550x785-1-210x300.jpg 210w, https:\/\/www.santamonica.com\/wp-content\/uploads\/2022\/07\/Santa-Monica-Metro-station-550x785-1-105x150.jpg 105w\" sizes=\"auto, (max-width: 550px) 100vw, 550px\" title=\"\">                                                                            <div class=\"subpage-links__card-description\">\n                                <div class=\"subpage-links__card-title\">Como viajar com responsabilidade<\/div>\n                                <div class=\"subpage-links__card-button card-arrow\">Explorar<\/div>\n                            <\/div>\n                                            <\/a>\n                <\/div>\n            <\/div>\n        <\/div>\n            <\/section>\n\n\n<section class=\"links-grid --theme3 sm-block\">\n    <div class=\"links-grid__wrapper\">\n                                                    <a href=\"https:\/\/www.santamonica.com\/pt\/restaurants\/outdoor-dining\/\" class=\"links-grid__card-link\" aria-label=\"Jantar ao ar livre\" >\n                    <div class=\"links-grid__card\">\n                                                    <div class=\"links-grid__card-image-wrapper\">\n                                <img decoding=\"async\" width=\"400\" height=\"400\" src=\"https:\/\/www.santamonica.com\/wp-content\/uploads\/2023\/07\/group-of-friends-at-viceroy-santa-monica-400x400.jpg\" class=\"links-grid__card-image\" alt=\"Grupo de amigos no viceroy santa monica - Jantar ao ar livre em Santa Monica\" loading=\"lazy\" title=\"\">                            <\/div>\n                                                <div class=\"links-grid__card-text\">\n                                                            <div class=\"links-grid__card-title\">Jantar ao ar livre<\/div>\n                                                                                <\/div>\n                    <\/div>\n                <\/a>\n                                            <a href=\"\" class=\"links-grid__card-link\" aria-label=\"\" >\n                    <div class=\"links-grid__card\">\n                                                <div class=\"links-grid__card-text\">\n                                                                                <\/div>\n                    <\/div>\n                <\/a>\n                                            <a href=\"https:\/\/www.santamonica.com\/pt\/blog-posts\/\" class=\"links-grid__card-link\" aria-label=\"Publica\u00e7\u00f5es do blog\" >\n                    <div class=\"links-grid__card\">\n                                                    <div class=\"links-grid__card-image-wrapper\">\n                                <img decoding=\"async\" width=\"400\" height=\"400\" src=\"https:\/\/www.santamonica.com\/wp-content\/uploads\/2022\/06\/smtt-blog-400x400.jpg\" class=\"links-grid__card-image\" alt=\"blog smtt\" loading=\"lazy\" title=\"\">                            <\/div>\n                                                <div class=\"links-grid__card-text\">\n                                                            <div class=\"links-grid__card-title\">Publica\u00e7\u00f5es do blog<\/div>\n                                                                                <\/div>\n                    <\/div>\n                <\/a>\n                                            <a href=\"https:\/\/www.santamonica.com\/pt\/newsletter-signup\/\" class=\"links-grid__card-link\" aria-label=\"Inscri\u00e7\u00e3o no boletim informativo\" >\n                    <div class=\"links-grid__card\">\n                                                    <div class=\"links-grid__card-image-wrapper\">\n                                <img decoding=\"async\" width=\"400\" height=\"400\" src=\"https:\/\/www.santamonica.com\/wp-content\/uploads\/2022\/06\/places-for-kids-in-santa-monica-400x400.jpg\" class=\"links-grid__card-image\" alt=\"Coisas para fazer em Santa M\u00f4nica com crian\u00e7as\" loading=\"lazy\" title=\"\">                            <\/div>\n                                                <div class=\"links-grid__card-text\">\n                                                            <div class=\"links-grid__card-title\">Inscri\u00e7\u00e3o no boletim informativo<\/div>\n                                                                                <\/div>\n                    <\/div>\n                <\/a>\n                        <\/div>\n<\/section>\n\n\n\n\n<div class=\"wp-block-columns is-layout-flex wp-container-core-columns-is-layout-28f84493 wp-block-columns-is-layout-flex base-block\">\n<div class=\"wp-block-column is-layout-flow wp-block-column-is-layout-flow base-block\" style=\"flex-basis:33.33%\"><iframe loading=\"lazy\" src=\"https:\/\/open.spotify.com\/embed\/playlist\/1b0ekQrQPO2U1J9VOyQlvg\" width=\"100%\" height=\"380\" frameborder=\"0\" data-gtm-yt-inspected-7=\"true\"><\/iframe><\/div>\n\n\n\n<div class=\"wp-block-column is-layout-flow wp-block-column-is-layout-flow base-block\" style=\"flex-basis:66.66%\">\n<h5 class=\"wp-block-heading base-block\">Ou\u00e7a Santa Monica Vibes no Spotify<\/h5>\n\n\n\n<p class=\"base-block\">Santa Monica Vibes j\u00e1 est\u00e1 dispon\u00edvel no Spotify! O DJ da KCRW, Anthony Valadez, criou uma trilha sonora que capta sonoramente a ess\u00eancia da nossa cidade \u00e0 beira-mar e seus pores do sol, transplantados, moradores locais e tudo o que a torna especial.<\/p>\n\n\n\n<p class=\"base-block\">Voc\u00ea tem uma m\u00fasica que o faz lembrar de um momento especial (morando, trabalhando ou brincando) em Santa Monica? Compartilhe sua jam de Santa Monica para ter a chance de inclu\u00ed-la na nossa Santa Monica Playlist! <\/p>\n<\/div>\n<\/div>\n\n\n<section class=\"events-feed sm-block sm-block\">\n    <div class=\"events-feed__inner\">\n        <div class=\"events-feed__body\">\n                            <div class=\"events-feed__body-eyebrow eyebrow\">Eventos em destaque<\/div>                                        <h3 class=\"events-feed__body-headline\">O que est\u00e1 acontecendo em Santa M\u00f4nica<\/h3>                                        <div class=\"events-feed__body-intro wysiwyg\"><p>Eventos anuais, festivais sazonais, acontecimentos centrados na costa oeste e ocasi\u00f5es especiais emocionantes se misturam no vibrante calend\u00e1rio de eventos de Santa Monica. Com um clima ideal durante todo o ano e diversas ofertas culturais, sempre h\u00e1 algo acontecendo em Santa Monica.<\/p>\n<\/div>\n                                        <a href=\"https:\/\/www.santamonica.com\/pt\/eventos\/\" class=\"events-feed__body-cta button --primary-teal-button\" >Exibir o calend\u00e1rio<\/a>                    <\/div>\n        <div class=\"events-feed__events\">\n                            <a class=\"events-feed__event\" href=\"https:\/\/www.santamonica.com\/pt\/event\/karen-knorr-scavi\/2026-04-15\/\">\n                    <div class=\"events-feed__event-date\">\n                        <div class=\"events-feed__event-month\">\n                            Abril                        <\/div>\n                        <div class=\"events-feed__event-day\">\n                            15                        <\/div>\n                                            <\/div>\n                                            <div class=\"events-feed__event-cat --theme3\">Arte<\/div>\n                                        <div class=\"events-feed__event-details\">\n                        <h3 class=\"events-feed__event-title\">\n                            Karen Knorr - \u201cScavi\u201d                        <\/h3>\n                        <div class=\"events-feed__event-desc\">A Danziger Gallery tem o prazer de apresentar Scavi, a mais nova s\u00e9rie em andamento de Karen Knorr. \u201cScavi\u201d, a palavra italiana para \u201cescava\u00e7\u00f5es\u201d, come\u00e7ou em...<\/div>\n                    <\/div>\n                    <div class=\"events-feed__event-thumb\">\n                        <img decoding=\"async\" src=\"https:\/\/www.santamonica.com\/wp-content\/uploads\/2026\/02\/Screenshot-2026-02-27-at-2.11.02-PM-1024x768.png\" alt=\"Karen Knorr - \" title=\"\">\n                    <\/div>\n                <\/a>\n                            <a class=\"events-feed__event\" href=\"https:\/\/www.santamonica.com\/pt\/event\/downtown-farmers-market\/2026-04-15\/\">\n                    <div class=\"events-feed__event-date\">\n                        <div class=\"events-feed__event-month\">\n                            Abril                        <\/div>\n                        <div class=\"events-feed__event-day\">\n                            15                        <\/div>\n                                            <\/div>\n                                            <div class=\"events-feed__event-cat --theme3\">Alimentos\/bebidas<\/div>\n                                        <div class=\"events-feed__event-details\">\n                        <h3 class=\"events-feed__event-title\">\n                            Downtown Farmers Market - Mercado de quarta-feira                        <\/h3>\n                        <div class=\"events-feed__event-desc\">O maior Farmers Market certificado somente para produtores do sul da Calif\u00f3rnia e um dos favoritos dos chefs locais! Desfrute de um dos mercados de produtores de Santa M\u00f4nica...<\/div>\n                    <\/div>\n                    <div class=\"events-feed__event-thumb\">\n                        <img decoding=\"async\" src=\"https:\/\/www.santamonica.com\/wp-content\/uploads\/2022\/08\/All-Farmers-Markets.png\" alt=\"Downtown Farmers Market - Mercado de quarta-feira\" title=\"\">\n                    <\/div>\n                <\/a>\n                            <a class=\"events-feed__event\" href=\"https:\/\/www.santamonica.com\/pt\/event\/betsys-tyler-wells-x-jolie-laides-scott-schultz-at-crudo-e-nudo\/\">\n                    <div class=\"events-feed__event-date\">\n                        <div class=\"events-feed__event-month\">\n                            Abril                        <\/div>\n                        <div class=\"events-feed__event-day\">\n                            15                        <\/div>\n                                            <\/div>\n                                            <div class=\"events-feed__event-cat --theme3\">Alimentos\/bebidas<\/div>\n                                        <div class=\"events-feed__event-details\">\n                        <h3 class=\"events-feed__event-title\">\n                            Betsy&#8217;s Tyler Wells x Jolie Laide&#8217;s Scott Schultz at Crudo e Nudo                        <\/h3>\n                        <div class=\"events-feed__event-desc\">De 13 a 19 de abril, a s\u00e9rie \"Guest Chef &amp; Winemaker\" do 5\u00ba anivers\u00e1rio do Crudo e Nudo re\u00fane os amigos do chef\/propriet\u00e1rio Brian Bornemann...<\/div>\n                    <\/div>\n                    <div class=\"events-feed__event-thumb\">\n                        <img decoding=\"async\" src=\"https:\/\/www.santamonica.com\/wp-content\/uploads\/2026\/03\/Screenshot-2026-03-24-at-3.19.36-PM-1024x1024.png\" alt=\"Tyler Wells, da Betsy, x Scott Schultz, da Jolie Laide, no Crudo e Nudo\" title=\"\">\n                    <\/div>\n                <\/a>\n                    <\/div>\n    <\/div>\n<\/section>\n\n\n<section class=\"crowdriff-stories --theme6  sm-block\" >\n    <div class=\"crowdriff-stories__content\">\n                    <h1 class=\"crowdriff-stories__headline\">Hist\u00f3rias visuais<\/h1>        \n        <!-- Begin amp.travel gallery code -->\n                    <script>\n                (function(u, w, d, a, q, e) {\n                    if (w.amptravel) return;\n                    q = [];\n                    a = w.amptravel = function(a, p) {\n                        w.amptravel.q.push({\n                            a: a,\n                            p: p\n                        });\n                    };\n                    a.q = q;\n                    a.v = \"2\";\n                    e = d.createElement(\"script\");\n                    e.setAttribute(\"src\", u + \"\/v\" + a.v + \"\/js\");\n                    d.head.appendChild(e);\n                })(\n                    \"https:\/\/g.amp.travel\",\n                    window,\n                    document\n                );\n            <\/script>\n            <div data-amp-travel-gallery-id=\"f6a6909f-a821-4445-ae20-d9801a7b4ee2\" data-amp-travel=\"gallery-container\"><\/div>\n            <!-- End amp.travel gallery code -->\n            <\/div>\n<\/section>\n\n\n<section class=\"blog-feed --theme8 sm-block\">\n    <div class=\"blog-feed__content\">\n        <div class=\"blog-feed__intro\">\n                            <div class=\"blog-feed__eyebrow eyebrow\">Blogs<\/div>                                        <h2 class=\"blog-feed__headline\">Dicas privilegiadas<\/h2>                                        <div class=\"blog-feed__body\"><p>Explore itiner\u00e1rios, dicas locais, pontos de interesse e aventuras selecionadas para garantir que voc\u00ea aproveite ao m\u00e1ximo sua experi\u00eancia em Santa Monica.<\/p>\n<\/div>\n                                        <a class=\"blog-feed__cta\" href=\"https:\/\/www.santamonica.com\/pt\/postagens-de-blog\/\">Ver todos os blogs<\/a>\n                    <\/div>\n\n        <ul class=\"blog-feed__list\">\n                                                <li class=\"blog-feed__item\">\n                        <a href=\"https:\/\/www.santamonica.com\/pt\/mother-road-modern-meetings-route-66-meeting-spaces-set-to-shine-for-centennial-in-santa-monica\/\" class=\"blog-feed__item-link\">\n                            <div class=\"blog-feed__image-ratio\">\n                                <img decoding=\"async\" class=\"blog-feed__image\" src=\"https:\/\/www.santamonica.com\/wp-content\/uploads\/2025\/12\/untitledJuly20162C2020180010-182-2-400x400.jpg\" alt=\"ESTRADA M\u00c3E, REUNI\u00d5ES MODERNAS: ESPA\u00c7OS PARA REUNI\u00d5ES DA ROTA 66 PREPARADOS PARA BRILHAR NO CENTEN\u00c1RIO EM SANTA M\u00d4NICA\" title=\"\">\n                            <\/div>\n                            <div class=\"blog-feed__card-title\">ESTRADA M\u00c3E, REUNI\u00d5ES MODERNAS: ESPA\u00c7OS PARA REUNI\u00d5ES DA ROTA 66 PREPARADOS PARA BRILHAR NO CENTEN\u00c1RIO EM SANTA M\u00d4NICA<\/div>\n                        <\/a>\n                    <\/li>\n                                                                <li class=\"blog-feed__item\">\n                        <a href=\"https:\/\/www.santamonica.com\/pt\/media\/news-release\/santa-monica-announces-song-contest-in-celebration-of-route-66-centennial\/\" class=\"blog-feed__item-link\">\n                            <div class=\"blog-feed__image-ratio\">\n                                <img decoding=\"async\" class=\"blog-feed__image\" src=\"https:\/\/www.santamonica.com\/wp-content\/uploads\/2025\/11\/DSC01084-400x400.jpg\" alt=\"SANTA MONICA ANUNCIA CONCURSO DE M\u00daSICA EM COMEMORA\u00c7\u00c3O AO CENTEN\u00c1RIO DA ROTA 66\" title=\"\">\n                            <\/div>\n                            <div class=\"blog-feed__card-title\">SANTA MONICA ANUNCIA CONCURSO DE M\u00daSICA EM COMEMORA\u00c7\u00c3O AO CENTEN\u00c1RIO DA ROTA 66<\/div>\n                        <\/a>\n                    <\/li>\n                                                                <li class=\"blog-feed__item\">\n                        <a href=\"https:\/\/www.santamonica.com\/pt\/media\/news-release\/where-to-watch-the-world-series-in-santa-monica\/\" class=\"blog-feed__item-link\">\n                            <div class=\"blog-feed__image-ratio\">\n                                <img decoding=\"async\" class=\"blog-feed__image\" src=\"https:\/\/www.santamonica.com\/wp-content\/uploads\/2025\/10\/dodgers-logo-1-400x400.jpg\" alt=\"ONDE ASSISTIR \u00c0 S\u00c9RIE MUNDIAL EM SANTA MONICA\" title=\"\">\n                            <\/div>\n                            <div class=\"blog-feed__card-title\">ONDE ASSISTIR \u00c0 S\u00c9RIE MUNDIAL EM SANTA MONICA<\/div>\n                        <\/a>\n                    <\/li>\n                                    <\/ul>\n    <\/div>\n<\/section>","protected":false},"excerpt":{"rendered":"<p>Listen to Santa Monica Vibes on Spotify Santa Monica Vibes are now live on Spotify! KCRW DJ Anthony Valadez created a soundtrack that sonically captures the essence of our beachside [&hellip;]<\/p>\n","protected":false},"author":1450,"featured_media":341334,"parent":0,"menu_order":0,"comment_status":"closed","ping_status":"closed","template":"template-things-to-do.php","meta":{"_acf_changed":false,"inline_featured_image":false,"footnotes":""},"silos":[],"class_list":["post-335272","page","type-page","status-publish","has-post-thumbnail","hentry"],"acf":[],"_links":{"self":[{"href":"https:\/\/www.santamonica.com\/pt\/wp-json\/wp\/v2\/pages\/335272","targetHints":{"allow":["GET"]}}],"collection":[{"href":"https:\/\/www.santamonica.com\/pt\/wp-json\/wp\/v2\/pages"}],"about":[{"href":"https:\/\/www.santamonica.com\/pt\/wp-json\/wp\/v2\/types\/page"}],"author":[{"embeddable":true,"href":"https:\/\/www.santamonica.com\/pt\/wp-json\/wp\/v2\/users\/1450"}],"replies":[{"embeddable":true,"href":"https:\/\/www.santamonica.com\/pt\/wp-json\/wp\/v2\/comments?post=335272"}],"version-history":[{"count":72,"href":"https:\/\/www.santamonica.com\/pt\/wp-json\/wp\/v2\/pages\/335272\/revisions"}],"predecessor-version":[{"id":349686,"href":"https:\/\/www.santamonica.com\/pt\/wp-json\/wp\/v2\/pages\/335272\/revisions\/349686"}],"wp:featuredmedia":[{"embeddable":true,"href":"https:\/\/www.santamonica.com\/pt\/wp-json\/wp\/v2\/media\/341334"}],"wp:attachment":[{"href":"https:\/\/www.santamonica.com\/pt\/wp-json\/wp\/v2\/media?parent=335272"}],"wp:term":[{"taxonomy":"silos","embeddable":true,"href":"https:\/\/www.santamonica.com\/pt\/wp-json\/wp\/v2\/silos?post=335272"}],"curies":[{"name":"wp","href":"https:\/\/api.w.org\/{rel}","templated":true}]}}