{"id":335263,"date":"2022-05-13T14:55:42","date_gmt":"2022-05-13T21:55:42","guid":{"rendered":"https:\/\/www.santamonica.com\/?page_id=335263"},"modified":"2026-03-16T09:11:22","modified_gmt":"2026-03-16T16:11:22","slug":"casamentos","status":"publish","type":"page","link":"https:\/\/www.santamonica.com\/pt\/experience-santa-monica\/weddings\/","title":{"rendered":"Casamentos"},"content":{"rendered":"<section class=\"two-images container-max sm-block --flip sm-block\">\n    <div class=\"two-images__container --flip\">\n\n        <div class=\"two-images__column\">\n            <div class=\"two-images__content\">\n                <div class=\"two-images__content-header-container\">\n                                            <h2 class=\"two-images__content-header\">Casamentos na praia<\/h2>                                    <\/div>\n                                    <div class=\"two-images__content-body wysiwyg\">\n                        <p>Os casamentos na praia s\u00e3o permitidos em <a href=\"https:\/\/www.santamonica.com\/pt\/coisas-para-fazer\/praia-de-santa-monica\/\">Praia Estadual de Santa M\u00f4nica<\/a> e em <a href=\"https:\/\/www.santamonica.com\/pt\/coisas-para-fazer\/parque-palisades\/\">Parque Palisades<\/a>. A cidade n\u00e3o emite licen\u00e7as para cerim\u00f4nias de casamento (ou outras pequenas reuni\u00f5es) na praia, mas todas as regras devem ser obedecidas:<\/p>\n<ul>\n<li>Os casamentos podem ser realizados em qualquer lugar da praia, desde que a vis\u00e3o dos salva-vidas esteja desobstru\u00edda.<\/li>\n<li>As vagas est\u00e3o dispon\u00edveis por ordem de chegada.<\/li>\n<li>Os casamentos devem ter menos de 150 participantes no local.<\/li>\n<li>Os casamentos tamb\u00e9m podem ser realizados no Palisades Park.<\/li>\n<\/ul>\n                    <\/div>\n                                            <\/div>\n        <\/div>\n\n        <div class=\"two-images__column\">\n                            <div class=\"two-images__image-container\">\n                    <img decoding=\"async\" width=\"425\" height=\"505\" src=\"https:\/\/www.santamonica.com\/wp-content\/uploads\/2022\/06\/weddings-on-the-beach.jpg\" class=\"two-images__image\" alt=\"casamentos na praia\" loading=\"lazy\" srcset=\"https:\/\/www.santamonica.com\/wp-content\/uploads\/2022\/06\/weddings-on-the-beach.jpg 425w, https:\/\/www.santamonica.com\/wp-content\/uploads\/2022\/06\/weddings-on-the-beach-252x300.jpg 252w, https:\/\/www.santamonica.com\/wp-content\/uploads\/2022\/06\/weddings-on-the-beach-126x150.jpg 126w\" sizes=\"auto, (max-width: 425px) 100vw, 425px\" title=\"\">                    \n\n            <div class=\"img-lctn-tag --no-link two-images__image-caption --right\">Santa Monica Picnic Co<\/div>\n                    <\/div>\n                    <\/div>\n\n        <div class=\"two-images__column\">\n                            <div class=\"two-images__image-container\">\n                    <img decoding=\"async\" width=\"600\" height=\"565\" src=\"https:\/\/www.santamonica.com\/wp-content\/uploads\/2022\/06\/beach-weddings.jpg\" class=\"two-images__image\" alt=\"casamentos na praia\" loading=\"lazy\" srcset=\"https:\/\/www.santamonica.com\/wp-content\/uploads\/2022\/06\/beach-weddings.jpg 600w, https:\/\/www.santamonica.com\/wp-content\/uploads\/2022\/06\/beach-weddings-300x283.jpg 300w, https:\/\/www.santamonica.com\/wp-content\/uploads\/2022\/06\/beach-weddings-159x150.jpg 159w\" sizes=\"auto, (max-width: 600px) 100vw, 600px\" title=\"\">                    \n\n            <div class=\"img-lctn-tag --no-link two-images__image-caption --right\">Santa Monica Picnic Co<\/div>\n                    <\/div>\n                    <\/div>\n\n    <\/div>\n<\/section>\n\n\n<section class=\"image-slider --theme1 sm-block\" >\n    <div class=\"image-slider__wrapper\">\n                    <div class=\"image-slider__copy wysiwyg\"><p><strong>Permitido:<\/strong><\/p>\n<ul>\n<li>Mesas, cadeiras, corredores e pequenos arcos<\/li>\n<li>Toldos com menos de 400 p\u00e9s quadrados<\/li>\n<li>Est\u00e1gios com menos de 30 polegadas de altura<\/li>\n<li>Som amplificado entre 8:00 e 22:00 horas.<\/li>\n<\/ul>\n<p><strong>N\u00e3o permitido:<\/strong><\/p>\n<ul>\n<li>Estruturas que exigiriam licen\u00e7as de constru\u00e7\u00e3o e seguran\u00e7a ou licen\u00e7as de inc\u00eandio<\/li>\n<li>Tendas com pain\u00e9is laterais<\/li>\n<li>Ve\u00edculos no gramado ou nos caminhos do parque, na areia, na ciclovia ou na Ocean Front Walk<\/li>\n<li>Fixar qualquer coisa no gramado ou prender qualquer coisa a \u00e1rvores, arbustos, instala\u00e7\u00f5es e outras comodidades<\/li>\n<li>Bloqueio de cal\u00e7adas ou caminhos de pedestres<\/li>\n<li>Inc\u00eandios, cozimento, \u00e1lcool, recipientes de vidro e fumo<\/li>\n<li>Geradores em parques ou na praia<\/li>\n<\/ul>\n<\/div>\n                <div class=\"image-slider__slider left\">\n                            <!-- Slider main container -->\n                <div class=\"swiper js-image-slider\">\n                    <!-- Additional required wrapper -->\n                    <div class=\"swiper-wrapper\">\n                        <!-- Slides -->\n                                                    <div class=\"swiper-slide\">\n                                <img decoding=\"async\" width=\"1024\" height=\"683\" src=\"https:\/\/www.santamonica.com\/wp-content\/uploads\/2025\/01\/Santa_Monica_Beach_Couple_01-1024x683.jpg\" class=\"swiper-slide__image\" alt=\"\" loading=\"lazy\" srcset=\"https:\/\/www.santamonica.com\/wp-content\/uploads\/2025\/01\/Santa_Monica_Beach_Couple_01-1024x683.jpg 1024w, https:\/\/www.santamonica.com\/wp-content\/uploads\/2025\/01\/Santa_Monica_Beach_Couple_01-300x200.jpg 300w, https:\/\/www.santamonica.com\/wp-content\/uploads\/2025\/01\/Santa_Monica_Beach_Couple_01-225x150.jpg 225w, https:\/\/www.santamonica.com\/wp-content\/uploads\/2025\/01\/Santa_Monica_Beach_Couple_01-768x512.jpg 768w, https:\/\/www.santamonica.com\/wp-content\/uploads\/2025\/01\/Santa_Monica_Beach_Couple_01-1536x1025.jpg 1536w, https:\/\/www.santamonica.com\/wp-content\/uploads\/2025\/01\/Santa_Monica_Beach_Couple_01-2048x1366.jpg 2048w\" sizes=\"auto, (max-width: 1024px) 100vw, 1024px\" title=\"\">                                \n\n            <div class=\"img-lctn-tag --no-link image-slider__image-caption --right\">Praia Estadual de Santa M\u00f4nica<\/div>\n                                <\/div>\n                                                    <div class=\"swiper-slide\">\n                                <img decoding=\"async\" width=\"1024\" height=\"576\" src=\"https:\/\/www.santamonica.com\/wp-content\/uploads\/2022\/06\/beach-weddings-santa-monica.jpg\" class=\"swiper-slide__image\" alt=\"casamentos na praia em santa m\u00f4nica\" loading=\"lazy\" srcset=\"https:\/\/www.santamonica.com\/wp-content\/uploads\/2022\/06\/beach-weddings-santa-monica.jpg 1024w, https:\/\/www.santamonica.com\/wp-content\/uploads\/2022\/06\/beach-weddings-santa-monica-300x169.jpg 300w, https:\/\/www.santamonica.com\/wp-content\/uploads\/2022\/06\/beach-weddings-santa-monica-267x150.jpg 267w, https:\/\/www.santamonica.com\/wp-content\/uploads\/2022\/06\/beach-weddings-santa-monica-768x432.jpg 768w\" sizes=\"auto, (max-width: 1024px) 100vw, 1024px\" title=\"\">                                \n\n            <div class=\"img-lctn-tag --no-link image-slider__image-caption --right\">Praia Estadual de Santa M\u00f4nica<\/div>\n                                <\/div>\n                                            <\/div>\n                                            <div class=\"image-slider__swiper-controls-wrapper-relocator\">\n                            <div class=\"image-slider__swiper-controls-wrapper\">\n                                <div class=\"swiper-pagination\"><\/div>\n                                <div class=\"swiper-button-prev-custom\">\n                                    <div class=\"arrow-button-left\"><\/div>\n                                <\/div>\n                                <div class=\"swiper-button-next-custom\">\n                                    <div class=\"arrow-button-right\"><\/div>\n                                <\/div>\n                            <\/div>\n                        <\/div>\n                                    <\/div>\n                    <\/div>\n    <\/div>\n<\/section>\n\n\n\n<section class=\"two-images container-max sm-block --flip sm-block\">\n    <div class=\"two-images__container --flip\">\n\n        <div class=\"two-images__column\">\n            <div class=\"two-images__content\">\n                <div class=\"two-images__content-header-container\">\n                                            <h2 class=\"two-images__content-header\">Um local de casamento com vista<\/h2>                                    <\/div>\n                                    <div class=\"two-images__content-body wysiwyg\">\n                        <p>Localizado na Santa Monica State Beach, o <a href=\"https:\/\/www.santamonica.com\/pt\/coisas-para-fazer\/casa-de-praia-da-comunidade-de-annenberg\/\">Annenberg Community Beach House<\/a> pode acomodar festas de casamento de 10 a 400 pessoas. \u00c9 uma op\u00e7\u00e3o popular de casamento na praia durante o ver\u00e3o, onde as cerim\u00f4nias \u00e0 beira-mar podem facilmente se transformar em celebra\u00e7\u00f5es noturnas.<\/p>\n<p>Para obter mais informa\u00e7\u00f5es sobre a Annenberg Community Beach House, ligue para <a href=\"tel:3104584934\">(310) 458-4934<\/a>.<\/p>\n                    <\/div>\n                                            <\/div>\n        <\/div>\n\n        <div class=\"two-images__column\">\n                            <div class=\"two-images__image-container\">\n                    <img decoding=\"async\" width=\"424\" height=\"504\" src=\"https:\/\/www.santamonica.com\/wp-content\/uploads\/2022\/08\/Annenberg-424x504-1.jpg\" class=\"two-images__image\" alt=\"Foto de um edif\u00edcio hist\u00f3rico branco\" loading=\"lazy\" srcset=\"https:\/\/www.santamonica.com\/wp-content\/uploads\/2022\/08\/Annenberg-424x504-1.jpg 424w, https:\/\/www.santamonica.com\/wp-content\/uploads\/2022\/08\/Annenberg-424x504-1-252x300.jpg 252w, https:\/\/www.santamonica.com\/wp-content\/uploads\/2022\/08\/Annenberg-424x504-1-126x150.jpg 126w\" sizes=\"auto, (max-width: 424px) 100vw, 424px\" title=\"\">                    \n\n                <\/div>\n                    <\/div>\n\n        <div class=\"two-images__column\">\n                            <div class=\"two-images__image-container\">\n                    <img decoding=\"async\" width=\"600\" height=\"464\" src=\"https:\/\/www.santamonica.com\/wp-content\/uploads\/2022\/08\/Annenberg-600x464-1.jpg\" class=\"two-images__image\" alt=\"Sala de estar da Annenberg Community Beach House; paredes brancas com quadros em preto e branco e uma \u00e1rea de estar com almofadas vermelhas\" loading=\"lazy\" srcset=\"https:\/\/www.santamonica.com\/wp-content\/uploads\/2022\/08\/Annenberg-600x464-1.jpg 600w, https:\/\/www.santamonica.com\/wp-content\/uploads\/2022\/08\/Annenberg-600x464-1-300x232.jpg 300w, https:\/\/www.santamonica.com\/wp-content\/uploads\/2022\/08\/Annenberg-600x464-1-194x150.jpg 194w\" sizes=\"auto, (max-width: 600px) 100vw, 600px\" title=\"\">                    \n\n                <\/div>\n                    <\/div>\n\n    <\/div>\n<\/section>\n\n\n<section class=\"stakeholder-feed sm-block js-stk-root sm-block\">\n    <div class=\"stakeholder-feed__top\">\n        <div class=\"stakeholder-feed__intro\">\n                            <h2 class=\"stakeholder-feed__headline\">Locais para casamentos em hot\u00e9is<\/h2>                                        <div class=\"stakeholder-feed__intro-body wysiwyg\">\n                    <p>Muitos hot\u00e9is de Santa Monica oferecem local para casamento e espa\u00e7o para recep\u00e7\u00e3o, al\u00e9m de comodidades, op\u00e7\u00f5es gastron\u00f4micas e outros servi\u00e7os. O Departamento de Vendas de Viagens e Turismo de Santa Monica pode ajudar a reservar blocos de quartos (normalmente 10 ou mais quartos\/noite) em todas as faixas de pre\u00e7o. Ligue para <a href=\"tel:8007712322\">(800) 771-2322<\/a> ou por e-mail <a href=\"mailto:meet@santamonica.com\">meet@santamonica.com<\/a>.<\/p>\n                <\/div>\n                    <\/div>\n        <div class=\"stakeholder-feed__nav-section\">\n                            <h3 class=\"stakeholder-feed__feed-title\">Procurar em todos os locais<\/h3>                                        <a href=\"https:\/\/www.santamonica.com\/pt\/reunioes-convencoes\/locais-de-hoteis\/\" class=\"stakeholder-feed__feed-cta button --primary-teal-button\" >Ver tudo<\/a>            \n                        <div class=\"stakeholder-feed__pagination xxx--desktop-hide\">\n                <div class=\"swiper-button-prev stakeholder-feed__pagination-prev\"><\/div>\n                <div class=\"swiper-button-next stakeholder-feed__pagination-next\"><\/div>\n            <\/div>\n        <\/div>\n    <\/div>\n    <div class=\"stakeholder-feed__bottom\">\n        <div class=\"stakeholder-feed__feed-list-wrapper swiper js-stk-swiper\">\n            <ul class=\"stakeholder-feed__feed-list swiper-wrapper js-stk-wrapper\">\n                    <li class=\"swiper-slide stakeholder-card --theme3\">\n        <a class=\"stakeholder-card__link\" href=\"https:\/\/www.santamonica.com\/pt\/meetings\/shutters-on-the-beach-venue\/\">\n            <div class=\"stakeholder-card__image\">\n                <img decoding=\"async\" src=\"https:\/\/assets.simpleviewinc.com\/simpleview\/image\/upload\/crm\/santamonica\/LOBBY11_4CDCB0D1-DDF2-B8D5-7657223C89CB20AE-4cdc9dc8d0723a9_4cdcc1a4-fce6-3733-b6a1fe99457dbb14.jpg\" alt=\"Persianas na praia\" title=\"\">\n            <\/div>\n            <div class=\"stakeholder-card__stk-info\">\n                <div class=\"stakeholder-card__stk-name\">Persianas na praia<\/div>\n                <div class=\"stakeholder-card__stk-cat\"><\/div>\n            <\/div>\n        <\/a>\n    <\/li>\n        <li class=\"swiper-slide stakeholder-card --theme3\">\n        <a class=\"stakeholder-card__link\" href=\"https:\/\/www.santamonica.com\/pt\/meetings\/hyatt-centric-delfina-santa-monica-venue\/\">\n            <div class=\"stakeholder-card__image\">\n                <img decoding=\"async\" src=\"https:\/\/assets.simpleviewinc.com\/simpleview\/image\/upload\/crm\/santamonica\/Delfina-Ballroom-2_17656EDC-D293-BEE5-7045CE979B6D8448-17656c469c33578_176573a7-d505-cd27-f4139d6a9238f973.jpg\" alt=\"Hyatt Centric Delfina Santa Monica\" title=\"\">\n            <\/div>\n            <div class=\"stakeholder-card__stk-info\">\n                <div class=\"stakeholder-card__stk-name\">Hyatt Centric Delfina Santa Monica<\/div>\n                <div class=\"stakeholder-card__stk-cat\"><\/div>\n            <\/div>\n        <\/a>\n    <\/li>\n        <li class=\"swiper-slide stakeholder-card --theme3\">\n        <a class=\"stakeholder-card__link\" href=\"https:\/\/www.santamonica.com\/pt\/meetings\/fairmont-miramar-hotel-bungalows-venue\/\">\n            <div class=\"stakeholder-card__image\">\n                <img decoding=\"async\" src=\"https:\/\/assets.simpleviewinc.com\/simpleview\/image\/upload\/crm\/santamonica\/FMH2-POOL-CHRISTIANHORAN_POOL_LANDSCAPE_4F5BEADA-C28C-ACDB-3CD68CA70751D488-4f5be18eaa3c8d4_4f5befc1-acd3-a019-80bb9d8ff86df3aa.jpg\" alt=\"Fairmont Miramar Hotel &amp; Bungalows\" title=\"\">\n            <\/div>\n            <div class=\"stakeholder-card__stk-info\">\n                <div class=\"stakeholder-card__stk-name\">Fairmont Miramar Hotel &amp; Bungalows<\/div>\n                <div class=\"stakeholder-card__stk-cat\"><\/div>\n            <\/div>\n        <\/a>\n    <\/li>\n                <\/ul>\n        <\/div>\n    <\/div>\n<\/section>\n\n\n<section class=\"blog-feed --theme8 sm-block\">\n    <div class=\"blog-feed__content\">\n        <div class=\"blog-feed__intro\">\n                            <div class=\"blog-feed__eyebrow eyebrow\">Blogs<\/div>                                        <h2 class=\"blog-feed__headline\">Descubra Santa M\u00f4nica<\/h2>                                        <div class=\"blog-feed__body\"><p>Explore itiner\u00e1rios, dicas locais, pontos de interesse e aventuras selecionadas para garantir que voc\u00ea aproveite ao m\u00e1ximo sua experi\u00eancia em Santa Monica.<\/p>\n<\/div>\n                                        <a class=\"blog-feed__cta\" href=\"https:\/\/www.santamonica.com\/pt\/postagens-de-blog\/\">Ver todos os blogs<\/a>\n                    <\/div>\n\n        <ul class=\"blog-feed__list\">\n                                                <li class=\"blog-feed__item\">\n                        <a href=\"https:\/\/www.santamonica.com\/pt\/mother-road-modern-meetings-route-66-meeting-spaces-set-to-shine-for-centennial-in-santa-monica\/\" class=\"blog-feed__item-link\">\n                            <div class=\"blog-feed__image-ratio\">\n                                <img decoding=\"async\" class=\"blog-feed__image\" src=\"https:\/\/www.santamonica.com\/wp-content\/uploads\/2025\/12\/untitledJuly20162C2020180010-182-2-400x400.jpg\" alt=\"ESTRADA M\u00c3E, REUNI\u00d5ES MODERNAS: ESPA\u00c7OS PARA REUNI\u00d5ES DA ROTA 66 PREPARADOS PARA BRILHAR NO CENTEN\u00c1RIO EM SANTA M\u00d4NICA\" title=\"\">\n                            <\/div>\n                            <div class=\"blog-feed__card-title\">ESTRADA M\u00c3E, REUNI\u00d5ES MODERNAS: ESPA\u00c7OS PARA REUNI\u00d5ES DA ROTA 66 PREPARADOS PARA BRILHAR NO CENTEN\u00c1RIO EM SANTA M\u00d4NICA<\/div>\n                        <\/a>\n                    <\/li>\n                                                                <li class=\"blog-feed__item\">\n                        <a href=\"https:\/\/www.santamonica.com\/pt\/media\/news-release\/santa-monica-announces-song-contest-in-celebration-of-route-66-centennial\/\" class=\"blog-feed__item-link\">\n                            <div class=\"blog-feed__image-ratio\">\n                                <img decoding=\"async\" class=\"blog-feed__image\" src=\"https:\/\/www.santamonica.com\/wp-content\/uploads\/2025\/11\/DSC01084-400x400.jpg\" alt=\"SANTA MONICA ANUNCIA CONCURSO DE M\u00daSICA EM COMEMORA\u00c7\u00c3O AO CENTEN\u00c1RIO DA ROTA 66\" title=\"\">\n                            <\/div>\n                            <div class=\"blog-feed__card-title\">SANTA MONICA ANUNCIA CONCURSO DE M\u00daSICA EM COMEMORA\u00c7\u00c3O AO CENTEN\u00c1RIO DA ROTA 66<\/div>\n                        <\/a>\n                    <\/li>\n                                                                <li class=\"blog-feed__item\">\n                        <a href=\"https:\/\/www.santamonica.com\/pt\/media\/news-release\/where-to-watch-the-world-series-in-santa-monica\/\" class=\"blog-feed__item-link\">\n                            <div class=\"blog-feed__image-ratio\">\n                                <img decoding=\"async\" class=\"blog-feed__image\" src=\"https:\/\/www.santamonica.com\/wp-content\/uploads\/2025\/10\/dodgers-logo-1-400x400.jpg\" alt=\"ONDE ASSISTIR \u00c0 S\u00c9RIE MUNDIAL EM SANTA MONICA\" title=\"\">\n                            <\/div>\n                            <div class=\"blog-feed__card-title\">ONDE ASSISTIR \u00c0 S\u00c9RIE MUNDIAL EM SANTA MONICA<\/div>\n                        <\/a>\n                    <\/li>\n                                    <\/ul>\n    <\/div>\n<\/section>","protected":false},"excerpt":{"rendered":"","protected":false},"author":1450,"featured_media":350862,"parent":0,"menu_order":0,"comment_status":"closed","ping_status":"closed","template":"template-editorial.php","meta":{"_acf_changed":false,"inline_featured_image":false,"footnotes":""},"silos":[3887],"class_list":["post-335263","page","type-page","status-publish","has-post-thumbnail","hentry"],"acf":[],"_links":{"self":[{"href":"https:\/\/www.santamonica.com\/pt\/wp-json\/wp\/v2\/pages\/335263","targetHints":{"allow":["GET"]}}],"collection":[{"href":"https:\/\/www.santamonica.com\/pt\/wp-json\/wp\/v2\/pages"}],"about":[{"href":"https:\/\/www.santamonica.com\/pt\/wp-json\/wp\/v2\/types\/page"}],"author":[{"embeddable":true,"href":"https:\/\/www.santamonica.com\/pt\/wp-json\/wp\/v2\/users\/1450"}],"replies":[{"embeddable":true,"href":"https:\/\/www.santamonica.com\/pt\/wp-json\/wp\/v2\/comments?post=335263"}],"version-history":[{"count":133,"href":"https:\/\/www.santamonica.com\/pt\/wp-json\/wp\/v2\/pages\/335263\/revisions"}],"predecessor-version":[{"id":790761,"href":"https:\/\/www.santamonica.com\/pt\/wp-json\/wp\/v2\/pages\/335263\/revisions\/790761"}],"wp:featuredmedia":[{"embeddable":true,"href":"https:\/\/www.santamonica.com\/pt\/wp-json\/wp\/v2\/media\/350862"}],"wp:attachment":[{"href":"https:\/\/www.santamonica.com\/pt\/wp-json\/wp\/v2\/media?parent=335263"}],"wp:term":[{"taxonomy":"silos","embeddable":true,"href":"https:\/\/www.santamonica.com\/pt\/wp-json\/wp\/v2\/silos?post=335263"}],"curies":[{"name":"wp","href":"https:\/\/api.w.org\/{rel}","templated":true}]}}