{"id":335257,"date":"2022-05-13T14:55:13","date_gmt":"2022-05-13T21:55:13","guid":{"rendered":"https:\/\/www.santamonica.com\/?page_id=335257"},"modified":"2026-01-13T13:39:06","modified_gmt":"2026-01-13T21:39:06","slug":"lgbtq","status":"publish","type":"page","link":"https:\/\/www.santamonica.com\/pt\/experience-santa-monica\/lgbtq\/","title":{"rendered":"LGBTQ+"},"content":{"rendered":"<section class=\"stakeholder-feed sm-block js-stk-root sm-block\">\n    <div class=\"stakeholder-feed__top\">\n        <div class=\"stakeholder-feed__intro\">\n                            <h2 class=\"stakeholder-feed__headline\">Hot\u00e9is LGBTQ+ em Santa M\u00f4nica <\/h2>                                        <div class=\"stakeholder-feed__intro-body wysiwyg\">\n                    <p>West Hollywood geralmente vem \u00e0 mente como o destino ideal para a cultura LGBTQ+ perto de Los Angeles... mas a atmosfera descontra\u00edda da praia de Santa Monica e os simp\u00e1ticos residentes locais podem ser o ref\u00fagio perfeito.<\/p>\n                <\/div>\n                    <\/div>\n        <div class=\"stakeholder-feed__nav-section\">\n                            <h3 class=\"stakeholder-feed__feed-title\">Ver todas as estadias gay-friendly<\/h3>                                        <a href=\"https:\/\/www.santamonica.com\/pt\/hoteis\/\" class=\"stakeholder-feed__feed-cta button --primary-teal-button\" >Ver todos os alojamentos<\/a>            \n                        <div class=\"stakeholder-feed__pagination xxx--desktop-hide\">\n                <div class=\"swiper-button-prev stakeholder-feed__pagination-prev\"><\/div>\n                <div class=\"swiper-button-next stakeholder-feed__pagination-next\"><\/div>\n            <\/div>\n        <\/div>\n    <\/div>\n    <div class=\"stakeholder-feed__bottom\">\n        <div class=\"stakeholder-feed__feed-list-wrapper swiper js-stk-swiper\">\n            <ul class=\"stakeholder-feed__feed-list swiper-wrapper js-stk-wrapper\">\n                    <li class=\"swiper-slide stakeholder-card --theme3\">\n        <a class=\"stakeholder-card__link\" href=\"https:\/\/www.santamonica.com\/pt\/hotels\/viceroy-santa-monica\/\">\n            <div class=\"stakeholder-card__image\">\n                <img decoding=\"async\" src=\"https:\/\/assets.simpleviewinc.com\/simpleview\/image\/upload\/crm\/santamonica\/vsm_pool_deck_day_EC7A9647-CE70-45FF-9B8CC6B6FFDB2E5F_fefae56e-8ad5-4f50-bd740feb178bb13a.jpg\" alt=\"Viceroy Santa M\u00f4nica\" title=\"\">\n            <\/div>\n            <div class=\"stakeholder-card__stk-info\">\n                <div class=\"stakeholder-card__stk-name\">Viceroy Santa M\u00f4nica<\/div>\n                <div class=\"stakeholder-card__stk-cat\">Luxo<\/div>\n            <\/div>\n        <\/a>\n    <\/li>\n        <li class=\"swiper-slide stakeholder-card --theme3\">\n        <a class=\"stakeholder-card__link\" href=\"https:\/\/www.santamonica.com\/pt\/hotels\/sandbourne-santa-monica\/\">\n            <div class=\"stakeholder-card__image\">\n                <img decoding=\"async\" src=\"https:\/\/assets.simpleviewinc.com\/simpleview\/image\/upload\/crm\/santamonica\/Sandbourne_Room_610_Double_Queen_City_view_B338C7C2-99D3-3CE9-31A128FB99235122-b338747bc60144f_b339996c-d169-798f-1ff04cf5679020e7.jpg\" alt=\"Sandbourne Santa Monica\" title=\"\">\n            <\/div>\n            <div class=\"stakeholder-card__stk-info\">\n                <div class=\"stakeholder-card__stk-name\">Sandbourne Santa Monica<\/div>\n                <div class=\"stakeholder-card__stk-cat\">Hotel<\/div>\n            <\/div>\n        <\/a>\n    <\/li>\n        <li class=\"swiper-slide stakeholder-card --theme3\">\n        <a class=\"stakeholder-card__link\" href=\"https:\/\/www.santamonica.com\/pt\/?post_type=stakeholder&#038;p=37125\">\n            <div class=\"stakeholder-card__image\">\n                <img decoding=\"async\" src=\"https:\/\/assets.simpleviewinc.com\/simpleview\/image\/upload\/crm\/santamonica\/PaliHouseSM_Living-Dylan-Jeni0_c03e8f69-5056-b365-ab93545a035e0991.jpg\" alt=\"Maison Twenty Seven\" title=\"\">\n            <\/div>\n            <div class=\"stakeholder-card__stk-info\">\n                <div class=\"stakeholder-card__stk-name\">Maison Twenty Seven<\/div>\n                <div class=\"stakeholder-card__stk-cat\">Hist\u00f3rico<\/div>\n            <\/div>\n        <\/a>\n    <\/li>\n                <\/ul>\n        <\/div>\n    <\/div>\n<\/section>\n\n\n<section class=\"sun-title sm-block --theme6 sm-block\">\n            <h3 class=\"sun-title__headline\">Praia Estadual Will Rogers<\/h3>    \n            <div class=\"sun-title__body  wysiwyg\">\n                    <p><a href=\"http:\/\/www.parks.ca.gov\/?page_id=625\" target=\"_blank\" rel=\"noopener\">Praia Estadual Will Rogers<\/a>, a praia n\u00e3o oficial LGBTQ+ de Los Angeles, \u00e9 um \u00f3timo lugar para se misturar. Esse popular ponto de surfe oferece comodidades como quadras de v\u00f4lei, banheiros e equipamentos de gin\u00e1stica. A Marvin Braude Bike Trail, tamb\u00e9m conhecida como South Bay Bicycle Trail ou The Strand, passa por aqui.<\/p>\n<p>Essa praia faz parte do Will Rogers State Historic Park, que abriga trilhas populares para caminhadas: o loop de duas milhas at\u00e9 o Inspiration Point e a Backbone Trail, que vai direto para as montanhas de Santa Monica.<\/p>\n                        <\/div>\n    <\/section>\n\n\n\n<section class=\"image-section-break sm-block\">\n    <div class=\"image-section-break__image-wrapper\">\n                    <picture>\n                    <source\n                        media=\"(min-width: 768px)\"\n                        srcset=\"https:\/\/www.santamonica.com\/wp-content\/uploads\/2022\/05\/santa-monica-pier.jpg\"\n                    >\n                    <img decoding=\"async\" src=\"https:\/\/www.santamonica.com\/wp-content\/uploads\/2022\/05\/santa-monica-pier-M.jpg\" class=\"image-section-break__image\" alt=\"p\u00eder de santa m\u00f4nica\" title=\"\">\n            <\/picture>\n                \n\n    <\/div>\n    <div class=\"image-section-break__text-content\">\n        <div class=\"image-section-break__first-content --theme3\">\n                            <div class=\"image-section-break__eyebrow-text\">O amor viaja para Santa M\u00f4nica<\/div>\n                                        <h2 class=\"image-section-break__title\">Estadias de luxo para todos os viajantes<\/h2>\n                                            <\/div>\n        <div class=\"image-section-break__second-content\">\n                            <div class=\"image-section-break__body-copy wysiwyg\"><p>Voc\u00ea n\u00e3o pode errar com o <a href=\"https:\/\/www.santamonica.com\/pt\/hoteis\/jw-marriott-santa-monica-le-merigot\/\">Sandbourne Santa Monica<\/a><a href=\"https:\/\/www.santamonica.com\/pt\/hoteis\/jw-marriott-santa-monica-le-merigot\/\">\u00a0<\/a>especialmente considerando seu esp\u00edrito amig\u00e1vel com a comunidade LGBTQ+ e sua filosofia que prioriza a igualdade. Basta dar uma olhada em sua campanha #LoveTravels! O spa de servi\u00e7o completo no local e o Le Troquet Patio Lounge s\u00e3o apenas duas das vantagens de se hospedar aqui.<\/p>\n<\/div>\n                                <\/div>\n    <\/div>\n<\/section>\n\n\n\n<section class=\"two-images container-max sm-block  sm-block\">\n    <div class=\"two-images__container\">\n\n        <div class=\"two-images__column\">\n            <div class=\"two-images__content\">\n                <div class=\"two-images__content-header-container\">\n                                            <h2 class=\"two-images__content-header\">Hot\u00e9is aprovados pela IGLTA<\/h2>                                    <\/div>\n                                    <div class=\"two-images__content-body wysiwyg\">\n                        <p>O <a href=\"https:\/\/www.santamonica.com\/pt\/partes-interessadas\/viceroy-santa-monica-2\/\">Viceroy Santa M\u00f4nica<\/a> com sua vibe moderna, \u00e9 um dos favoritos dos LGBTQ+ locais devido \u00e0 sua afilia\u00e7\u00e3o com a International LGBTQ+ Travel Association.<\/p>\n<p>Desde o amplo p\u00e1tio externo e as piscinas at\u00e9 as cabanas elegantes, o Viceroy oferece tudo o que voc\u00ea precisa em um s\u00f3 lugar. E quando voc\u00ea estiver pronto para sair e explorar o melhor de Santa Monica, uma frota de bicicletas exclusivas para h\u00f3spedes est\u00e1 pronta para ser levada para dar uma volta.<\/p>\n                    <\/div>\n                                            <\/div>\n        <\/div>\n\n        <div class=\"two-images__column\">\n                            <div class=\"two-images__image-container\">\n                    <img decoding=\"async\" width=\"425\" height=\"503\" src=\"https:\/\/www.santamonica.com\/wp-content\/uploads\/2022\/06\/viceroy-exterior-pool-e1655424331576.jpg\" class=\"two-images__image\" alt=\"piscina externa do viceroy\" loading=\"lazy\" srcset=\"https:\/\/www.santamonica.com\/wp-content\/uploads\/2022\/06\/viceroy-exterior-pool-e1655424331576.jpg 425w, https:\/\/www.santamonica.com\/wp-content\/uploads\/2022\/06\/viceroy-exterior-pool-e1655424331576-253x300.jpg 253w, https:\/\/www.santamonica.com\/wp-content\/uploads\/2022\/06\/viceroy-exterior-pool-e1655424331576-127x150.jpg 127w\" sizes=\"auto, (max-width: 425px) 100vw, 425px\" title=\"\">                    \n\n            <div class=\"img-lctn-tag --no-link two-images__image-caption --right\">Viceroy<\/div>\n                    <\/div>\n                    <\/div>\n\n        <div class=\"two-images__column\">\n                            <div class=\"two-images__image-container\">\n                    <img decoding=\"async\" width=\"600\" height=\"564\" src=\"https:\/\/www.santamonica.com\/wp-content\/uploads\/2022\/06\/viceroy-lobby.jpg\" class=\"two-images__image\" alt=\"sagu\u00e3o do viceroy\" loading=\"lazy\" srcset=\"https:\/\/www.santamonica.com\/wp-content\/uploads\/2022\/06\/viceroy-lobby.jpg 600w, https:\/\/www.santamonica.com\/wp-content\/uploads\/2022\/06\/viceroy-lobby-300x282.jpg 300w, https:\/\/www.santamonica.com\/wp-content\/uploads\/2022\/06\/viceroy-lobby-160x150.jpg 160w\" sizes=\"auto, (max-width: 600px) 100vw, 600px\" title=\"\">                    \n\n                <\/div>\n                    <\/div>\n\n    <\/div>\n<\/section>\n\n\n\n<div class=\"wp-block-columns is-layout-flex wp-container-core-columns-is-layout-28f84493 wp-block-columns-is-layout-flex base-block\">\n<div class=\"wp-block-column is-layout-flow wp-block-column-is-layout-flow base-block\">\n<h4 class=\"wp-block-heading base-block\">Quartos pitorescos<\/h4>\n\n\n\n<p class=\"base-block\">Para uma experi\u00eancia mais sofisticada, v\u00e1 para o <a href=\"https:\/\/www.santamonica.com\/pt\/hoteis\/palihouse-santa-monica\/\">Palihouse Santa Monica<\/a>. Situado em uma parte mais tranquila da cidade, esse hotel de 33 quartos \u00e9 conhecido por sua equipe atenciosa e comodidades elegantes. Os h\u00f3spedes elogiam o design interior ecl\u00e9tico do lobby e o ambiente relaxante, tornando o Palihouse um \u00f3timo lugar para come\u00e7ar e terminar qualquer dia em Santa Monica.<\/p>\n<\/div>\n\n\n\n<div class=\"wp-block-column is-layout-flow wp-block-column-is-layout-flow base-block\">\n<h4 class=\"wp-block-heading base-block\">Estadias chiques<\/h4>\n\n\n\n<p class=\"base-block\"><a href=\"https:\/\/www.santamonica.com\/pt\/hoteis\/huntley-santa-monica-beach\/\">Huntley Santa Monica Beach<\/a> apresenta interiores elegantes, comodidades exclusivas e servi\u00e7os personalizados. Fica perto da praia e do famoso P\u00eder de Santa M\u00f4nica. Visite o restaurante\/bar, <a href=\"https:\/\/www.santamonica.com\/pt\/restaurantes\/a-cobertura\/\">A cobertura<\/a>, O apartamento fica no 18\u00ba andar, com vistas incr\u00edveis. As janelas panor\u00e2micas oferecem vistas deslumbrantes do oceano, do horizonte de Santa Monica, das montanhas de Malibu e at\u00e9 mesmo do letreiro de Hollywood.<\/p>\n<\/div>\n\n\n\n<div class=\"wp-block-column is-layout-flow wp-block-column-is-layout-flow base-block\">\n<h4 class=\"wp-block-heading base-block\">Escava\u00e7\u00f5es na praia<\/h4>\n\n\n\n<p class=\"base-block\">Localizado dentro de <a href=\"https:\/\/www.santamonica.com\/pt\/hoteis\/hotel-gateway-santa-monica\/\">The Gateway Hotel Santa Monica<\/a>, <a href=\"https:\/\/www.santamonica.com\/pt\/restaurantes\/socalo\/\">Socalo<\/a> \u00e9 uma cantina californiana e um pub mexicano com clima de praia, aberto o dia todo, das premiadas chefs e propriet\u00e1rias Mary Sue Milliken e Susan Feniger. Os 123 quartos luminosos e contempor\u00e2neos oferecem camas com pillow top, TVs de tela plana de 42 polegadas com canais a cabo, caf\u00e9 e ch\u00e1 de cortesia e muito mais.<\/p>\n<\/div>\n<\/div>\n\n\n    <section class=\"booking-cta --theme5 sm-block\">\n    <div id=\"widget-container-2070\"><\/div>\n<script type=\"text\/javascript\">\n  (function() {\n    var script = document.createElement('script');\n    script.type = 'text\/javascript';\n    script.async = 'true';\n    script.src = \"https:\/\/admin.bookdirect.net\/hs4\/widgets\/2070.js?widget_element=widget-container-2070\";\n    document.body.appendChild(script);\n  })();\n<\/script>\n    <\/section>\n\n\n\n<section class=\"blog-feed --theme8 sm-block\">\n    <div class=\"blog-feed__content\">\n        <div class=\"blog-feed__intro\">\n                            <div class=\"blog-feed__eyebrow eyebrow\">Blogs<\/div>                                        <h2 class=\"blog-feed__headline\">Descubra Santa M\u00f4nica<\/h2>                                        <div class=\"blog-feed__body\"><p>Explore itiner\u00e1rios, dicas locais, pontos de interesse e aventuras selecionadas para garantir que voc\u00ea aproveite ao m\u00e1ximo sua experi\u00eancia em Santa Monica.<\/p>\n<\/div>\n                                        <a class=\"blog-feed__cta\" href=\"https:\/\/www.santamonica.com\/pt\/postagens-de-blog\/\">Ver todos os blogs<\/a>\n                    <\/div>\n\n        <ul class=\"blog-feed__list\">\n                                                <li class=\"blog-feed__item\">\n                        <a href=\"https:\/\/www.santamonica.com\/pt\/hotels\/santa-monica-hotels-with-free-parking\/\" class=\"blog-feed__item-link\">\n                            <div class=\"blog-feed__image-ratio\">\n                                <img decoding=\"async\" class=\"blog-feed__image\" src=\"https:\/\/www.santamonica.com\/wp-content\/uploads\/2024\/07\/Hotels-Featured-Image-400x400.png\" alt=\"Hot\u00e9is em Santa M\u00f4nica com estacionamento gratuito\" title=\"\">\n                            <\/div>\n                            <div class=\"blog-feed__card-title\">Hot\u00e9is em Santa M\u00f4nica com estacionamento gratuito<\/div>\n                        <\/a>\n                    <\/li>\n                                                                <li class=\"blog-feed__item\">\n                        <a href=\"https:\/\/www.santamonica.com\/pt\/hotels\/santa-monica-hotels-for-architecture-and-design-enthusiasts\/\" class=\"blog-feed__item-link\">\n                            <div class=\"blog-feed__image-ratio\">\n                                <img decoding=\"async\" class=\"blog-feed__image\" src=\"https:\/\/www.santamonica.com\/wp-content\/uploads\/2021\/05\/PalihouseSantaMonicaFeatured-400x400.jpg\" alt=\"Hot\u00e9is em Santa M\u00f4nica para entusiastas de arquitetura e design\" title=\"\">\n                            <\/div>\n                            <div class=\"blog-feed__card-title\">Hot\u00e9is em Santa M\u00f4nica para entusiastas de arquitetura e design<\/div>\n                        <\/a>\n                    <\/li>\n                                                                <li class=\"blog-feed__item\">\n                        <a href=\"https:\/\/www.santamonica.com\/pt\/things-to-do\/six-safe-socially-distanced-dates-in-santa-monica\/\" class=\"blog-feed__item-link\">\n                            <div class=\"blog-feed__image-ratio\">\n                                <img decoding=\"async\" class=\"blog-feed__image\" src=\"https:\/\/www.santamonica.com\/wp-content\/uploads\/2021\/02\/How-to-Have-a-Socially-Distanced-Date-in-Santa-Monica-400x400.jpg\" alt=\"Seis encontros seguros e socialmente distantes em Santa Monica\" title=\"\">\n                            <\/div>\n                            <div class=\"blog-feed__card-title\">Seis encontros seguros e socialmente distantes em Santa Monica<\/div>\n                        <\/a>\n                    <\/li>\n                                    <\/ul>\n    <\/div>\n<\/section>","protected":false},"excerpt":{"rendered":"<p>Quaint rooms For a more boutique experience, escape to the Palihouse Santa Monica. Situated in a quieter part of the city, this 33-room hotel is known for its attentive staff and chic amenities. Guests rave about the lobby\u2019s eclectic interior design and relaxing environment, making Palihouse a great place to start and end any day in Santa Monica. Chic stays Huntley Santa Monica Beach boasts stylish interiors, unique amenities and personal services. It\u2019s close to the beach\u2013and the famous Santa Monica Pier. Visit the restaurant\/bar, The Penthouse, on the 18th floor for incredible views. Panoramic windows offer gorgeous ocean vistas, [\u2026]<\/p>\n","protected":false},"author":1450,"featured_media":379149,"parent":0,"menu_order":0,"comment_status":"closed","ping_status":"closed","template":"template-editorial.php","meta":{"_acf_changed":false,"inline_featured_image":false,"footnotes":""},"silos":[3887],"class_list":["post-335257","page","type-page","status-publish","has-post-thumbnail","hentry"],"acf":[],"_links":{"self":[{"href":"https:\/\/www.santamonica.com\/pt\/wp-json\/wp\/v2\/pages\/335257","targetHints":{"allow":["GET"]}}],"collection":[{"href":"https:\/\/www.santamonica.com\/pt\/wp-json\/wp\/v2\/pages"}],"about":[{"href":"https:\/\/www.santamonica.com\/pt\/wp-json\/wp\/v2\/types\/page"}],"author":[{"embeddable":true,"href":"https:\/\/www.santamonica.com\/pt\/wp-json\/wp\/v2\/users\/1450"}],"replies":[{"embeddable":true,"href":"https:\/\/www.santamonica.com\/pt\/wp-json\/wp\/v2\/comments?post=335257"}],"version-history":[{"count":82,"href":"https:\/\/www.santamonica.com\/pt\/wp-json\/wp\/v2\/pages\/335257\/revisions"}],"predecessor-version":[{"id":778661,"href":"https:\/\/www.santamonica.com\/pt\/wp-json\/wp\/v2\/pages\/335257\/revisions\/778661"}],"wp:featuredmedia":[{"embeddable":true,"href":"https:\/\/www.santamonica.com\/pt\/wp-json\/wp\/v2\/media\/379149"}],"wp:attachment":[{"href":"https:\/\/www.santamonica.com\/pt\/wp-json\/wp\/v2\/media?parent=335257"}],"wp:term":[{"taxonomy":"silos","embeddable":true,"href":"https:\/\/www.santamonica.com\/pt\/wp-json\/wp\/v2\/silos?post=335257"}],"curies":[{"name":"wp","href":"https:\/\/api.w.org\/{rel}","templated":true}]}}