{"id":335224,"date":"2022-05-13T14:51:25","date_gmt":"2022-05-13T21:51:25","guid":{"rendered":"https:\/\/www.santamonica.com\/?page_id=335224"},"modified":"2026-01-13T13:33:11","modified_gmt":"2026-01-13T21:33:11","slug":"compras","status":"publish","type":"page","link":"https:\/\/www.santamonica.com\/pt\/shopping\/","title":{"rendered":"Compras"},"content":{"rendered":"<section class=\"sun-title sm-block --theme1 sm-block\">\n            <h2 class=\"sun-title__headline\">Veja o que est\u00e1 na moda<\/h2>    \n    <\/section>\n\n\n\n<figure class=\"wp-block-embed is-type-video is-provider-youtube wp-block-embed-youtube wp-embed-aspect-16-9 wp-has-aspect-ratio base-block\"><div class=\"wp-block-embed__wrapper\">\n<iframe title=\"Compras em Santa M\u00f4nica\" width=\"500\" height=\"281\" src=\"https:\/\/www.youtube.com\/embed\/o5aMIoaXm5g?feature=oembed\" frameborder=\"0\" allow=\"accelerometer; autoplay; clipboard-write; encrypted-media; gyroscope; picture-in-picture; web-share\" referrerpolicy=\"strict-origin-when-cross-origin\" allowfullscreen><\/iframe>\n<\/div><\/figure>\n\n\n<section class=\"sun-title sm-block --theme6 sm-block\">\n            <h2 class=\"sun-title__headline\">Shopping centers de Santa M\u00f4nica<\/h2>    \n            <div class=\"sun-title__body  wysiwyg\">\n                    <p><span style=\"font-weight: 400;\">A cidade oferece<\/span><span style=\"font-weight: 400;\">\u00a0a <\/span><span style=\"font-weight: 400;\">grande variedade de lojas <\/span><span style=\"font-weight: 400;\">e<\/span><span style=\"font-weight: 400;\"> op\u00e7\u00f5es de compras<\/span><span style=\"font-weight: 400;\">, <\/span><span style=\"font-weight: 400;\">do <\/span><a href=\"https:\/\/www.santamonica.com\/pt\/experiencia-em-santa-monica\/bairros\/centro-de-santa-monica-3rd-street-promenade\/\"><strong>Terceiro <\/strong><span style=\"font-weight: 400;\"><strong>Rua Promenade<\/strong><\/span><\/a> <span style=\"font-weight: 400;\">e <\/span><a href=\"https:\/\/www.santamonica.com\/pt\/compras\/santa-monica-place\/\"><span style=\"font-weight: 400;\"><strong>Santa Monica Place<\/strong><\/span><\/a><span style=\"font-weight: 400;\"> em <\/span><span style=\"font-weight: 400;\">Centro de Santa M\u00f4nica<\/span><span style=\"font-weight: 400;\"> para <\/span><strong><a href=\"https:\/\/www.santamonica.com\/pt\/compras\/lojas-exclusivas\/\">butiques exclusivas<\/a><\/strong><span style=\"font-weight: 400;\"> ao longo da Main Street<\/span><span style=\"font-weight: 400;\">, <\/span><a href=\"https:\/\/www.santamonica.com\/pt\/experiencia-em-santa-monica\/bairros\/parque-oceanico\/\"><strong>Parque Oce\u00e2nico <\/strong><span style=\"font-weight: 400;\"><strong>Boulevard<\/strong>,<\/span> <\/a><span style=\"font-weight: 400;\">e <\/span><span style=\"font-weight: 400;\">Avenida Montana<\/span><span style=\"font-weight: 400;\">. Muitas dessas op\u00e7\u00f5es de compras oferecem servi\u00e7os de compras extras convenientes, como servi\u00e7o de entrega no mesmo dia e transporte de pacotes tamb\u00e9m! <\/span><span style=\"font-weight: 400;\">Procurando produtos locais frescos? Visite uma das lojas semanais, <\/span><span style=\"font-weight: 400;\">ao ar livre<\/span> <strong><a href=\"https:\/\/www.santamonica.com\/pt\/experiencia-em-santa-monica\/mercados-de-agricultores\/\">Mercados de produtores rurais de Santa M\u00f4nica<\/a><\/strong><span style=\"font-weight: 400;\"> e fazer algumas compras pela manh\u00e3.<\/span><span style=\"font-weight: 400;\"> Descubra o <\/span><span style=\"font-weight: 400;\">As melhores compras em Santa M\u00f4nica<\/span><span style=\"font-weight: 400;\"> locais<\/span>\u00a0<span style=\"font-weight: 400;\">em toda a cidade e encontre exatamente o que est\u00e1 procurando em nosso guia de compras de Santa Monica. Filtre por categoria, bairro, or\u00e7amento e muito mais para encontrar o estilo certo.<\/span><\/p>\n                        <\/div>\n    <\/section>\n\n\n\n<section class=\"two-images container-max sm-block  sm-block\">\n    <div class=\"two-images__container\">\n\n        <div class=\"two-images__column\">\n            <div class=\"two-images__content\">\n                <div class=\"two-images__content-header-container\">\n                                            <h2 class=\"two-images__content-header\">Procurando maneiras de se locomover enquanto estiver aqui?<\/h2>                                    <\/div>\n                                    <div class=\"two-images__content-body wysiwyg\">\n                        <p><span style=\"font-weight: 400;\">D\u00ea uma olhada em Santa Monica's <\/span><a href=\"https:\/\/www.santamonica.com\/pt\/transporte\/transporte-publico\/\"><span style=\"font-weight: 400;\"><strong>transporte p\u00fablico<\/strong><\/span><\/a><span style=\"font-weight: 400;\"> e aproveite o destino sem precisar de carro. <\/span><span style=\"font-weight: 400;\">O transporte p\u00fablico pode lev\u00e1-lo a <\/span><span style=\"font-weight: 400;\">pontos quentes<\/span><span style=\"font-weight: 400;\"> como o <\/span><strong><a href=\"https:\/\/www.santamonica.com\/pt\/coisas-para-fazer\/visitando-o-pier-de-santa-monica\/\">P\u00eder de Santa M\u00f4nica<\/a><\/strong><span style=\"font-weight: 400;\"> ou em qualquer lugar da regi\u00e3o metropolitana de S\u00e3o Paulo <\/span><span style=\"font-weight: 400;\">Los Angeles<\/span><span style=\"font-weight: 400;\"> regi\u00e3o.\u00a0<\/span><\/p>\n<p><span style=\"font-weight: 400;\">Ao explorar as op\u00e7\u00f5es de compras em cada bairro de Santa Monica, n\u00e3o perca estas <\/span><a href=\"https:\/\/www.santamonica.com\/pt\/restaurantes\/restaurantes-locais\/\"><span style=\"font-weight: 400;\"><strong>restaurantes de Santa M\u00f4nica aprovados pelos locais<\/strong><\/span><\/a><span style=\"font-weight: 400;\">, adicional <\/span><strong><a href=\"https:\/\/www.santamonica.com\/pt\/coisas-para-fazer\/\">coisas para fazer<\/a><\/strong><span style=\"font-weight: 400;\">, <\/span><strong><a href=\"https:\/\/www.santamonica.com\/pt\/eventos\/eventos-anuais\/\">grandes eventos e festivais<\/a><\/strong><span style=\"font-weight: 400;\"> bem como mais de 40 <\/span><strong><a href=\"https:\/\/www.santamonica.com\/pt\/hoteis\/\">hot\u00e9is<\/a><\/strong><span style=\"font-weight: 400;\"> a menos de 4 milhas do oceano.<\/span><\/p>\n                    <\/div>\n                                            <\/div>\n        <\/div>\n\n        <div class=\"two-images__column\">\n                            <div class=\"two-images__image-container\">\n                    <img decoding=\"async\" width=\"425\" height=\"505\" src=\"https:\/\/www.santamonica.com\/wp-content\/uploads\/2023\/02\/best-santa-monica-shopping.jpg\" class=\"two-images__image\" alt=\"as melhores compras em santa monica\" loading=\"lazy\" srcset=\"https:\/\/www.santamonica.com\/wp-content\/uploads\/2023\/02\/best-santa-monica-shopping.jpg 425w, https:\/\/www.santamonica.com\/wp-content\/uploads\/2023\/02\/best-santa-monica-shopping-252x300.jpg 252w, https:\/\/www.santamonica.com\/wp-content\/uploads\/2023\/02\/best-santa-monica-shopping-126x150.jpg 126w\" sizes=\"auto, (max-width: 425px) 100vw, 425px\" title=\"\">                    \n\n                <\/div>\n                    <\/div>\n\n        <div class=\"two-images__column\">\n                            <div class=\"two-images__image-container\">\n                    <img decoding=\"async\" width=\"600\" height=\"565\" src=\"https:\/\/www.santamonica.com\/wp-content\/uploads\/2023\/02\/santa-monica-stores.jpg\" class=\"two-images__image\" alt=\"lojas de santa m\u00f4nica\" loading=\"lazy\" srcset=\"https:\/\/www.santamonica.com\/wp-content\/uploads\/2023\/02\/santa-monica-stores.jpg 600w, https:\/\/www.santamonica.com\/wp-content\/uploads\/2023\/02\/santa-monica-stores-300x283.jpg 300w, https:\/\/www.santamonica.com\/wp-content\/uploads\/2023\/02\/santa-monica-stores-159x150.jpg 159w\" sizes=\"auto, (max-width: 600px) 100vw, 600px\" title=\"\">                    \n\n                <\/div>\n                    <\/div>\n\n    <\/div>\n<\/section>\n\n\n\n<section class=\"image-section-break sm-block\">\n    <div class=\"image-section-break__image-wrapper\">\n                    <picture>\n                    <source\n                        media=\"(min-width: 768px)\"\n                        srcset=\"https:\/\/www.santamonica.com\/wp-content\/uploads\/2024\/07\/BuyLocalShopping.png\"\n                    >\n                    <img decoding=\"async\" src=\"https:\/\/www.santamonica.com\/wp-content\/uploads\/2024\/07\/BuyLocalShoppingTall.png\" class=\"image-section-break__image\" alt=\"\" title=\"\">\n            <\/picture>\n                \n\n    <\/div>\n    <div class=\"image-section-break__text-content\">\n        <div class=\"image-section-break__first-content --theme3\">\n                            <div class=\"image-section-break__eyebrow-text\">Encontre o ajuste perfeito<\/div>\n                                        <h2 class=\"image-section-break__title\">Compras sustent\u00e1veis<\/h2>\n                                        <div class=\"image-section-break__body-copy wysiwyg\"><p data-sourcepos=\"3:1-3:45\">Santa Monica \u00e9 mais do que apenas sol, areia e surfe - \u00e9 o para\u00edso das compras! Em uma cidade repleta de butiques exclusivas, lojas de artesanato e marcas sustent\u00e1veis que refletem o estilo de vida cotidiano da praia \u00e0 cidade, <a href=\"https:\/\/www.santamonica.gov\/programs\/buy-local-santa-monica\" target=\"_blank\" rel=\"noopener\">compra local<\/a> \u00e9 a maneira perfeita de conhecer o charme \u00fanico e a comunidade vibrante da cidade.<\/p>\n<\/div>\n                                <\/div>\n        <div class=\"image-section-break__second-content\">\n                            <div class=\"image-section-break__body-copy wysiwyg\"><p>De moda elegante a achados ecol\u00f3gicos, as empresas locais de Santa M\u00f4nica t\u00eam uma variedade de tesouros exclusivos para o comprador sustent\u00e1vel. Compre artesanato de propriedade de mulheres na cooperativa de artistas <strong><a href=\"https:\/\/www.santamonica.com\/pt\/compras\/galeria-ten-women\/\">Galeria Dez Mulheres<\/a>, <\/strong>brinquedos de madeira aut\u00eanticos em <a href=\"https:\/\/www.santamonica.com\/pt\/compras\/acologia\/\">Acologia<\/a> e roupas vintage (al\u00e9m de vinho vintage) em <a href=\"https:\/\/www.santamonica.com\/pt\/compras\/vintage-divino\/\">Vintage Divino<\/a> e sinta-se bem com cada compra, sabendo que est\u00e1 apoiando lojas de propriedade local.<\/p>\n<p>Quer esteja procurando uma livraria pitoresca, uma butique chique ou um caf\u00e9 aconchegante, encontre exatamente o que precisa e sinta-se bem com cada compra. Comece sua aventura de compras hoje mesmo e experimente o melhor de Santa Monica.<\/p>\n<\/div>\n                                <\/div>\n    <\/div>\n<\/section>\n\n\n<section class=\"crowdriff-gallery sm-block\">\n    <div class=\"crowdriff-gallery__content\">\n                    <h2 class=\"crowdriff-gallery__headline\">Acontecimentos sociais em Santa M\u00f4nica<\/h2>                            <script id=\"cr-init__44e0064d\" src=\"https:\/\/starling.crowdriff.com\/js\/crowdriff.js\" async><\/script>\n            <\/div>\n<\/section>","protected":false},"excerpt":{"rendered":"","protected":false},"author":1450,"featured_media":343566,"parent":0,"menu_order":0,"comment_status":"closed","ping_status":"closed","template":"template-stakeholder-listing.php","meta":{"_acf_changed":false,"inline_featured_image":false,"footnotes":""},"silos":[],"class_list":["post-335224","page","type-page","status-publish","has-post-thumbnail","hentry"],"acf":[],"_links":{"self":[{"href":"https:\/\/www.santamonica.com\/pt\/wp-json\/wp\/v2\/pages\/335224","targetHints":{"allow":["GET"]}}],"collection":[{"href":"https:\/\/www.santamonica.com\/pt\/wp-json\/wp\/v2\/pages"}],"about":[{"href":"https:\/\/www.santamonica.com\/pt\/wp-json\/wp\/v2\/types\/page"}],"author":[{"embeddable":true,"href":"https:\/\/www.santamonica.com\/pt\/wp-json\/wp\/v2\/users\/1450"}],"replies":[{"embeddable":true,"href":"https:\/\/www.santamonica.com\/pt\/wp-json\/wp\/v2\/comments?post=335224"}],"version-history":[{"count":64,"href":"https:\/\/www.santamonica.com\/pt\/wp-json\/wp\/v2\/pages\/335224\/revisions"}],"predecessor-version":[{"id":424429,"href":"https:\/\/www.santamonica.com\/pt\/wp-json\/wp\/v2\/pages\/335224\/revisions\/424429"}],"wp:featuredmedia":[{"embeddable":true,"href":"https:\/\/www.santamonica.com\/pt\/wp-json\/wp\/v2\/media\/343566"}],"wp:attachment":[{"href":"https:\/\/www.santamonica.com\/pt\/wp-json\/wp\/v2\/media?parent=335224"}],"wp:term":[{"taxonomy":"silos","embeddable":true,"href":"https:\/\/www.santamonica.com\/pt\/wp-json\/wp\/v2\/silos?post=335224"}],"curies":[{"name":"wp","href":"https:\/\/api.w.org\/{rel}","templated":true}]}}