{"id":335196,"date":"2022-05-13T14:44:08","date_gmt":"2022-05-13T21:44:08","guid":{"rendered":"https:\/\/www.santamonica.com\/?page_id=335196"},"modified":"2026-01-13T13:47:45","modified_gmt":"2026-01-13T21:47:45","slug":"hoteis","status":"publish","type":"page","link":"https:\/\/www.santamonica.com\/pt\/hotels\/","title":{"rendered":"Encontre seu hotel perfeito"},"content":{"rendered":"<h2 class=\"wp-block-heading has-text-align-center base-block\">Explore as experi\u00eancias em hot\u00e9is<\/h2>\n\n\n<section class=\"links-grid --theme3 sm-block\">\n    <div class=\"links-grid__wrapper\">\n                                                    <a href=\"https:\/\/www.santamonica.com\/pt\/hotels\/staying-in-santa-monica\/\" class=\"links-grid__card-link\" aria-label=\"Hospedagem em Santa M\u00f4nica\" >\n                    <div class=\"links-grid__card\">\n                                                    <div class=\"links-grid__card-image-wrapper\">\n                                <img decoding=\"async\" width=\"400\" height=\"400\" src=\"https:\/\/www.santamonica.com\/wp-content\/uploads\/2022\/06\/santa-monica-lodging-400x400.jpg\" class=\"links-grid__card-image\" alt=\"Locais para se hospedar em Santa M\u00f4nica\" loading=\"lazy\" title=\"\">                            <\/div>\n                                                <div class=\"links-grid__card-text\">\n                                                            <div class=\"links-grid__card-title\">Hospedagem em Santa M\u00f4nica<\/div>\n                                                                                        <div class=\"links-grid__card-description\">Santa Monica oferece uma variedade de acomoda\u00e7\u00f5es em hot\u00e9is, desde os luxuosos at\u00e9 os econ\u00f4micos.<\/div>\n                                                    <\/div>\n                    <\/div>\n                <\/a>\n                                            <a href=\"https:\/\/www.santamonica.com\/pt\/hotels\/hotels-near-santa-monica-pier\/\" class=\"links-grid__card-link\" aria-label=\"Em frente \u00e0 praia\" >\n                    <div class=\"links-grid__card\">\n                                                    <div class=\"links-grid__card-image-wrapper\">\n                                <img decoding=\"async\" width=\"400\" height=\"400\" src=\"https:\/\/www.santamonica.com\/wp-content\/uploads\/2024\/01\/Beach-front-hotels-400x400.jpg\" class=\"links-grid__card-image\" alt=\"Hot\u00e9is pr\u00f3ximos ao P\u00eder de Santa M\u00f4nica\" loading=\"lazy\" title=\"\">                            <\/div>\n                                                <div class=\"links-grid__card-text\">\n                                                            <div class=\"links-grid__card-title\">Em frente \u00e0 praia<\/div>\n                                                                                        <div class=\"links-grid__card-description\">Nenhuma outra cidade praiana de Los Angeles tem uma variedade t\u00e3o grande de hot\u00e9is com vista para o Oceano Pac\u00edfico.<\/div>\n                                                    <\/div>\n                    <\/div>\n                <\/a>\n                                            <a href=\"https:\/\/www.santamonica.com\/pt\/hotels\/hotels-by-budget\/\" class=\"links-grid__card-link\" aria-label=\"Hot\u00e9is por or\u00e7amento\" >\n                    <div class=\"links-grid__card\">\n                                                    <div class=\"links-grid__card-image-wrapper\">\n                                <img decoding=\"async\" width=\"400\" height=\"400\" src=\"https:\/\/www.santamonica.com\/wp-content\/uploads\/2022\/06\/santa-monica-hotels-2-400x400.jpg\" class=\"links-grid__card-image\" alt=\"Hot\u00e9is baratos em Santa Monica\" loading=\"lazy\" title=\"\">                            <\/div>\n                                                <div class=\"links-grid__card-text\">\n                                                            <div class=\"links-grid__card-title\">Hot\u00e9is por or\u00e7amento<\/div>\n                                                                                        <div class=\"links-grid__card-description\">Os hot\u00e9is de Santa Monica variam em termos de pre\u00e7o e or\u00e7amento, dependendo de sua localiza\u00e7\u00e3o e comodidades.<\/div>\n                                                    <\/div>\n                    <\/div>\n                <\/a>\n                                            <a href=\"https:\/\/www.santamonica.com\/pt\/hotels\/hotels-by-neighborhood\/\" class=\"links-grid__card-link\" aria-label=\"Hot\u00e9is por bairro\" >\n                    <div class=\"links-grid__card\">\n                                                    <div class=\"links-grid__card-image-wrapper\">\n                                <img decoding=\"async\" width=\"400\" height=\"400\" src=\"https:\/\/www.santamonica.com\/wp-content\/uploads\/2022\/07\/Santa-Monica-city-aerial-view-540x540-1-400x400.jpg\" class=\"links-grid__card-image\" alt=\"Locais para se hospedar em Santa M\u00f4nica\" loading=\"lazy\" srcset=\"https:\/\/www.santamonica.com\/wp-content\/uploads\/2022\/07\/Santa-Monica-city-aerial-view-540x540-1-400x400.jpg 400w, https:\/\/www.santamonica.com\/wp-content\/uploads\/2022\/07\/Santa-Monica-city-aerial-view-540x540-1-300x300.jpg 300w, https:\/\/www.santamonica.com\/wp-content\/uploads\/2022\/07\/Santa-Monica-city-aerial-view-540x540-1-150x150.jpg 150w, https:\/\/www.santamonica.com\/wp-content\/uploads\/2022\/07\/Santa-Monica-city-aerial-view-540x540-1.jpg 540w\" sizes=\"auto, (max-width: 400px) 100vw, 400px\" title=\"\">                            <\/div>\n                                                <div class=\"links-grid__card-text\">\n                                                            <div class=\"links-grid__card-title\">Hot\u00e9is por bairro<\/div>\n                                                                                        <div class=\"links-grid__card-description\">Santa Monica \u00e9 mais do que apenas uma cidade de praia; h\u00e1 oito bairros excelentes bem pr\u00f3ximos \u00e0 praia!<\/div>\n                                                    <\/div>\n                    <\/div>\n                <\/a>\n                        <\/div>\n<\/section>\n\n\n\n<section class=\"sun-title sm-block --theme6 sm-block\">\n            <h2 class=\"sun-title__headline\">Perguntas frequentes<\/h2>    \n            <div class=\"sun-title__body  wysiwyg\">\n                    <h3>Vale a pena ficar em Santa M\u00f4nica?<\/h3>\n<p>Hospedar-se em Santa Monica \u00e9 uma boa op\u00e7\u00e3o para os visitantes que desejam ter acesso pr\u00f3ximo a atividades como \u00f3timos restaurantes e a praia. Todos os hot\u00e9is ficam a menos de seis quil\u00f4metros do oceano, sendo que a maioria fica ao lado ou a uma curta dist\u00e2ncia da praia, para que voc\u00ea possa evitar o inc\u00f4modo e as taxas de estacionamento.<\/p>\n<h3>Qual \u00e9 o melhor hotel em Santa Monica?<\/h3>\n<p>Santa Monica oferece alguns dos melhores hot\u00e9is da Calif\u00f3rnia, atendendo a v\u00e1rias prefer\u00eancias em termos de localiza\u00e7\u00e3o, comodidades e atmosfera geral. Se estiver em busca de luxo, voc\u00ea encontrar\u00e1 muitos hot\u00e9is de luxo perfeitos para relaxar com estilo. Para um clima mais descontra\u00eddo, Santa Monica tamb\u00e9m oferece uma variedade de acomoda\u00e7\u00f5es de qualidade, desde <a href=\"https:\/\/www.santamonica.com\/pt\/hoteis\/hoteis-por-orcamento\/#mid-range-hotels\">hot\u00e9is boutique e de m\u00e9dio porte<\/a> para <a href=\"https:\/\/www.santamonica.com\/pt\/hoteis\/hoteis-por-orcamento\/#budget-friendly-hotels\">op\u00e7\u00f5es econ\u00f4micas<\/a>.<\/p>\n<h3>Quais s\u00e3o os melhores lobbies de hot\u00e9is em Santa Monica, CA?<\/h3>\n<p><strong><a href=\"https:\/\/www.santamonica.com\/pt\/hoteis\/o-hotel-ambrose\/\">The Ambrose Hotel<\/a><\/strong> tem belos espa\u00e7os comuns repletos de plantas e assentos convidativos e fica a apenas 7 minutos de carro da praia. <strong><a href=\"https:\/\/www.santamonica.com\/pt\/hoteis\/hotel-casa-del-mar\/\">Hotel Casa Del Mar<\/a><\/strong> fica bem na praia e tem uma variedade de op\u00e7\u00f5es de refei\u00e7\u00f5es, incluindo o Terrazza, com vista para o mar (\u00e9 recomend\u00e1vel fazer reserva), e o lounge do lobby oferece coquet\u00e9is artesanais em um ambiente elegante.<\/p>\n<p>Dependendo do seu gosto, a maioria dos lobbies dos hot\u00e9is oferece assentos aconchegantes e um espa\u00e7o para socializa\u00e7\u00e3o, al\u00e9m de comodidades como bebidas de cortesia, Wi-Fi e \u00e1reas de estar aconchegantes para os h\u00f3spedes. Muitos lobbies de hot\u00e9is tamb\u00e9m incluem bares ou restaurantes, mas recomendamos que voc\u00ea ligue ou consulte a lista de hot\u00e9is para saber mais sobre os recursos que eles t\u00eam a oferecer.<\/p>\n                        <\/div>\n    <\/section>\n\n\n<section class=\"blog-feed --theme8 sm-block\">\n    <div class=\"blog-feed__content\">\n        <div class=\"blog-feed__intro\">\n                            <div class=\"blog-feed__eyebrow eyebrow\">Blogs<\/div>                                        <h2 class=\"blog-feed__headline\">Descubra Santa M\u00f4nica<\/h2>                                        <div class=\"blog-feed__body\"><p>Explore itiner\u00e1rios, dicas locais, pontos de interesse e aventuras selecionadas para garantir que voc\u00ea aproveite ao m\u00e1ximo sua experi\u00eancia em Santa Monica.<\/p>\n<\/div>\n                                        <a class=\"blog-feed__cta\" href=\"https:\/\/www.santamonica.com\/pt\/postagens-de-blog\/\">Ver todos os blogs<\/a>\n                    <\/div>\n\n        <ul class=\"blog-feed__list\">\n                                                <li class=\"blog-feed__item\">\n                        <a href=\"https:\/\/www.santamonica.com\/pt\/restaurants\/a-guide-to-santa-monicas-hotel-bars\/\" class=\"blog-feed__item-link\">\n                            <div class=\"blog-feed__image-ratio\">\n                                <img decoding=\"async\" class=\"blog-feed__image\" src=\"https:\/\/www.santamonica.com\/wp-content\/uploads\/2019\/07\/desktop-1-e1563912356679-400x400.jpg\" alt=\"Um guia para os bares de hot\u00e9is de Santa M\u00f4nica\" title=\"\">\n                            <\/div>\n                            <div class=\"blog-feed__card-title\">Um guia para os bares de hot\u00e9is de Santa M\u00f4nica<\/div>\n                        <\/a>\n                    <\/li>\n                                                                <li class=\"blog-feed__item\">\n                        <a href=\"https:\/\/www.santamonica.com\/pt\/experience-santa-monica\/a-guide-to-santa-monicas-laid-back-luxury\/\" class=\"blog-feed__item-link\">\n                            <div class=\"blog-feed__image-ratio\">\n                                <img decoding=\"async\" class=\"blog-feed__image\" src=\"https:\/\/www.santamonica.com\/wp-content\/uploads\/2019\/07\/feature-400x400.jpg\" alt=\"Um guia para o luxo descontra\u00eddo de Santa M\u00f4nica\" title=\"\">\n                            <\/div>\n                            <div class=\"blog-feed__card-title\">Um guia para o luxo descontra\u00eddo de Santa M\u00f4nica<\/div>\n                        <\/a>\n                    <\/li>\n                                                                <li class=\"blog-feed__item\">\n                        <a href=\"https:\/\/www.santamonica.com\/pt\/hotels\/family-friendly-hotels-in-santa-monica\/\" class=\"blog-feed__item-link\">\n                            <div class=\"blog-feed__image-ratio\">\n                                <img decoding=\"async\" class=\"blog-feed__image\" src=\"https:\/\/www.santamonica.com\/wp-content\/uploads\/2019\/03\/family-friendly-hotels-featured-400x400.jpg\" alt=\"Hot\u00e9is para fam\u00edlias em Santa M\u00f4nica\" title=\"\">\n                            <\/div>\n                            <div class=\"blog-feed__card-title\">Hot\u00e9is para fam\u00edlias em Santa M\u00f4nica<\/div>\n                        <\/a>\n                    <\/li>\n                                    <\/ul>\n    <\/div>\n<\/section>","protected":false},"excerpt":{"rendered":"<p>Explore as experi\u00eancias em hot\u00e9is<\/p>","protected":false},"author":1450,"featured_media":24774,"parent":0,"menu_order":0,"comment_status":"closed","ping_status":"closed","template":"template-stakeholder-listing.php","meta":{"_acf_changed":false,"inline_featured_image":false,"footnotes":""},"silos":[],"class_list":["post-335196","page","type-page","status-publish","has-post-thumbnail","hentry"],"acf":[],"_links":{"self":[{"href":"https:\/\/www.santamonica.com\/pt\/wp-json\/wp\/v2\/pages\/335196","targetHints":{"allow":["GET"]}}],"collection":[{"href":"https:\/\/www.santamonica.com\/pt\/wp-json\/wp\/v2\/pages"}],"about":[{"href":"https:\/\/www.santamonica.com\/pt\/wp-json\/wp\/v2\/types\/page"}],"author":[{"embeddable":true,"href":"https:\/\/www.santamonica.com\/pt\/wp-json\/wp\/v2\/users\/1450"}],"replies":[{"embeddable":true,"href":"https:\/\/www.santamonica.com\/pt\/wp-json\/wp\/v2\/comments?post=335196"}],"version-history":[{"count":70,"href":"https:\/\/www.santamonica.com\/pt\/wp-json\/wp\/v2\/pages\/335196\/revisions"}],"predecessor-version":[{"id":781574,"href":"https:\/\/www.santamonica.com\/pt\/wp-json\/wp\/v2\/pages\/335196\/revisions\/781574"}],"wp:featuredmedia":[{"embeddable":true,"href":"https:\/\/www.santamonica.com\/pt\/wp-json\/wp\/v2\/media\/24774"}],"wp:attachment":[{"href":"https:\/\/www.santamonica.com\/pt\/wp-json\/wp\/v2\/media?parent=335196"}],"wp:term":[{"taxonomy":"silos","embeddable":true,"href":"https:\/\/www.santamonica.com\/pt\/wp-json\/wp\/v2\/silos?post=335196"}],"curies":[{"name":"wp","href":"https:\/\/api.w.org\/{rel}","templated":true}]}}