{"id":765600,"date":"2025-04-23T11:36:30","date_gmt":"2025-04-23T18:36:30","guid":{"rendered":"https:\/\/www.santamonica.com\/?page_id=765600"},"modified":"2025-05-05T15:33:18","modified_gmt":"2025-05-05T22:33:18","slug":"cinco-de-mayo","status":"publish","type":"page","link":"https:\/\/www.santamonica.com\/fr_fr\/things-to-do\/cinco-de-mayo\/","title":{"rendered":"Cinco de Mayo \u00e0 Santa Monica"},"content":{"rendered":"<section class=\"two-images container-max sm-block --flip sm-block\">\n    <div class=\"two-images__container --flip\">\n\n        <div class=\"two-images__column\">\n            <div class=\"two-images__content\">\n                <div class=\"two-images__content-header-container\">\n                                            <h3 class=\"two-images__content-header\">Ev\u00e9nements<\/h3>                                    <\/div>\n                                    <div class=\"two-images__content-body wysiwyg\">\n                        <p><strong>Downtown Santa Monica, Inc. (Promenade Event)<br \/>\n<\/strong><em>Dimanche 4 mai de 15h \u00e0 18h<br \/>\n<\/em><span data-sheets-root=\"1\">Musique live, f\u00eate familiale sur la Third Street Promenade. <a href=\"https:\/\/www.eventbrite.com\/e\/2025-cinco-de-mayo-on-the-promenade-tickets-1324163742399\" target=\"_blank\" rel=\"noopener\">En savoir plus.<\/a><\/span><\/p>\n<p><strong>ALPFA Los Angeles<br \/>\n<\/strong><em>Samedi 3 mai - 7h30 - 11h<br \/>\n<\/em><span data-sheets-root=\"1\">Organis\u00e9e par l'ALPFA Los Angeles, elle comprend une course \u00e0 pied et un rassemblement communautaire. <a href=\"https:\/\/www.eventbrite.com\/e\/alpfa-los-angeles-cinco-de-mayo-run-tickets-1312031504549\" target=\"_blank\" rel=\"noopener\">En savoir plus.<\/a><\/span><\/p>\n<p><strong>Viceroy Santa Monica<br \/>\n<\/strong><em>Lundi 5 mai<br \/>\n<\/em><span data-sheets-root=\"1\">Fiesta avec sp\u00e9cialit\u00e9s culinaires et boissons, ambiance au bord de la piscine. <a href=\"https:\/\/www.viceroyhotelsandresorts.com\/santa-monica\/activities\/calendar\/cinco-de-mayo-fiesta\" target=\"_blank\" rel=\"noopener\">Visitez le site web.<\/a><\/span><\/p>\n<p><strong>La tourn\u00e9e des tacos et des marguerites<\/strong><br \/>\n<em>Samedi 3 mai, de 14h00 \u00e0 19h00<br \/>\n<\/em>Pr\u00e9parez-vous \u00e0 pimenter votre week-end du Cinco de Mayo lors de la Santa Monica Tacos &amp; Margs Crawl ! <a href=\"https:\/\/www.santamonica.com\/fr_fr\/evenement\/la-tournee-des-tacos-et-des-margs-de-santa-monica\/\" target=\"_blank\" rel=\"noopener\">En savoir plus.<\/a><\/p>\n                    <\/div>\n                                            <\/div>\n        <\/div>\n\n        <div class=\"two-images__column\">\n                            <div class=\"two-images__image-container\">\n                    <img decoding=\"async\" width=\"424\" height=\"504\" src=\"https:\/\/www.santamonica.com\/wp-content\/uploads\/2025\/04\/cinco_424x504-1.jpg\" class=\"two-images__image\" alt=\"\" loading=\"lazy\" srcset=\"https:\/\/www.santamonica.com\/wp-content\/uploads\/2025\/04\/cinco_424x504-1.jpg 424w, https:\/\/www.santamonica.com\/wp-content\/uploads\/2025\/04\/cinco_424x504-1-252x300.jpg 252w, https:\/\/www.santamonica.com\/wp-content\/uploads\/2025\/04\/cinco_424x504-1-126x150.jpg 126w\" sizes=\"auto, (max-width: 424px) 100vw, 424px\" title=\"\">                    \n\n                <\/div>\n                    <\/div>\n\n        <div class=\"two-images__column\">\n                            <div class=\"two-images__image-container\">\n                    <img decoding=\"async\" width=\"600\" height=\"564\" src=\"https:\/\/www.santamonica.com\/wp-content\/uploads\/2025\/04\/Cinco_600x564-1.jpg\" class=\"two-images__image\" alt=\"\" loading=\"lazy\" srcset=\"https:\/\/www.santamonica.com\/wp-content\/uploads\/2025\/04\/Cinco_600x564-1.jpg 600w, https:\/\/www.santamonica.com\/wp-content\/uploads\/2025\/04\/Cinco_600x564-1-300x282.jpg 300w, https:\/\/www.santamonica.com\/wp-content\/uploads\/2025\/04\/Cinco_600x564-1-160x150.jpg 160w\" sizes=\"auto, (max-width: 600px) 100vw, 600px\" title=\"\">                    \n\n                <\/div>\n                    <\/div>\n\n    <\/div>\n<\/section>\n\n\n<section class=\"sun-title sm-block --theme6 sm-block\">\n            <h3 class=\"sun-title__headline\">Sp\u00e9cial Cinco de Mayo<\/h3>    \n            <div class=\"sun-title__body  wysiwyg\">\n                    <p><strong>Caf\u00e9 et march\u00e9 Thyme<br \/>\n<\/strong>Menu traiteur Cinco de Mayo comprenant un forfait Fiesta pour six personnes, des plateaux, des soupes, des salades, des entr\u00e9es, des accompagnements et des desserts \u00e0 <a href=\"https:\/\/www.santamonica.com\/fr_fr\/restaurants\/marche-du-cafe-du-thym\/\">Caf\u00e9 et march\u00e9 Thyme<\/a>. Les prix varient. Commandez 3 jours \u00e0 l'avance par e-mail.<\/p>\n<p><strong>Le bungalow<br \/>\n<\/strong>Boissons sp\u00e9ciales avec mariachi en direct et DJ Maxv \u00e0 l'adresse suivante <a href=\"https:\/\/www.santamonica.com\/fr_fr\/restaurants\/le-bungalow\/\">Le bungalow<\/a>.<strong><br \/>\n<\/strong><\/p>\n<p><strong>Taco de l'assiette bleue<\/strong><br \/>\nAchetez 2 tacos, obtenez le 3\u00e8me gratuitement au <a href=\"https:\/\/www.santamonica.com\/fr_fr\/restaurants\/taco-a-lassiette-bleue\/\" target=\"_blank\" rel=\"noopener\">Blue Plate Taco.<\/a><\/p>\n<p><span data-sheets-root=\"1\"><strong>Lunetta<\/strong><br \/>\nGo\u00fbt de Puerto Nuevo + Brunch du Cinco de Mayo au <a href=\"https:\/\/www.santamonica.com\/fr_fr\/restaurants\/lunetta\/\">Lunetta.<\/a><br \/>\n<\/span><\/p>\n<p><strong>Prise du Pacifique<\/strong><br \/>\nMenu et plats du jour du Cinco de Mayo \u00e0 l'adresse suivante <a href=\"https:\/\/www.santamonica.com\/fr_fr\/restaurants\/peche-dans-le-pacifique\/\">Prise du Pacifique<\/a>.<\/p>\n<p><strong data-start=\"497\" data-end=\"530\">Casa Martin Authentic Mexican<\/strong><br data-start=\"530\" data-end=\"533\" \/><em data-start=\"533\" data-end=\"573\">Dimanche 5 mai 2025 | DJ en direct \u00e0 partir de 17h<\/em><br data-start=\"573\" data-end=\"576\" \/>Participez \u00e0 la fiesta avec un DJ en direct et d\u00e9gustez $10 margaritas, $24 vols et $12 tacos \u00e0 l'adresse suivante <a href=\"https:\/\/www.santamonica.com\/fr_fr\/restaurants\/casa-martin-12513\/\" target=\"_blank\" rel=\"noopener\">Casa Martin<\/a>. Premier arriv\u00e9, premier servi !<\/p>\n                        <\/div>\n    <\/section>\n\n\n\n<p class=\"has-text-align-center base-block\"><br><em>\u00cates-vous une entreprise de Santa Monica qui propose une activit\u00e9 sp\u00e9ciale ou un \u00e9v\u00e9nement que vous aimeriez voir figurer sur cette page ? <a href=\"https:\/\/www.santamonica.com\/fr_fr\/business-specials-submission-form\/\">Soumettez votre projet sp\u00e9cial ici.<\/a><\/em><\/p>\n\n\n<section class=\"blog-feed --theme8 sm-block\">\n    <div class=\"blog-feed__content\">\n        <div class=\"blog-feed__intro\">\n                            <div class=\"blog-feed__eyebrow eyebrow\">Blogs<\/div>                                        <h2 class=\"blog-feed__headline\">D\u00e9couvrir Santa Monica<\/h2>                                        <div class=\"blog-feed__body\"><p>Explorez les itin\u00e9raires, les conseils locaux, les points chauds et les aventures organis\u00e9es pour \u00eatre s\u00fbr de profiter au maximum de votre exp\u00e9rience \u00e0 Santa Monica.<\/p>\n<\/div>\n                                        <a class=\"blog-feed__cta\" href=\"https:\/\/www.santamonica.com\/fr_fr\/articles-de-blog\/\">Voir tous les blogs<\/a>\n                    <\/div>\n\n        <ul class=\"blog-feed__list\">\n                                                <li class=\"blog-feed__item\">\n                        <a href=\"https:\/\/www.santamonica.com\/fr_fr\/mother-road-modern-meetings-route-66-meeting-spaces-set-to-shine-for-centennial-in-santa-monica\/\" class=\"blog-feed__item-link\">\n                            <div class=\"blog-feed__image-ratio\">\n                                <img decoding=\"async\" class=\"blog-feed__image\" src=\"https:\/\/www.santamonica.com\/wp-content\/uploads\/2025\/12\/untitledJuly20162C2020180010-182-2-400x400.jpg\" alt=\"ROUTE MATERNELLE, R\u00c9UNIONS MODERNES : LES ESPACES DE R\u00c9UNION DE LA ROUTE 66 S&#039;APPR\u00caTENT \u00c0 BRILLER POUR LE CENTENAIRE \u00c0 SANTA MONICA\" title=\"\">\n                            <\/div>\n                            <div class=\"blog-feed__card-title\">ROUTE MATERNELLE, R\u00c9UNIONS MODERNES : LES ESPACES DE R\u00c9UNION DE LA ROUTE 66 S'APPR\u00caTENT \u00c0 BRILLER POUR LE CENTENAIRE \u00c0 SANTA MONICA<\/div>\n                        <\/a>\n                    <\/li>\n                                                                <li class=\"blog-feed__item\">\n                        <a href=\"https:\/\/www.santamonica.com\/fr_fr\/media\/news-release\/santa-monica-announces-song-contest-in-celebration-of-route-66-centennial\/\" class=\"blog-feed__item-link\">\n                            <div class=\"blog-feed__image-ratio\">\n                                <img decoding=\"async\" class=\"blog-feed__image\" src=\"https:\/\/www.santamonica.com\/wp-content\/uploads\/2025\/11\/DSC01084-400x400.jpg\" alt=\"SANTA MONICA ANNONCE UN CONCOURS DE CHANSONS POUR C\u00c9L\u00c9BRER LE CENTENAIRE DE LA ROUTE 66\" title=\"\">\n                            <\/div>\n                            <div class=\"blog-feed__card-title\">SANTA MONICA ANNONCE UN CONCOURS DE CHANSONS POUR C\u00c9L\u00c9BRER LE CENTENAIRE DE LA ROUTE 66<\/div>\n                        <\/a>\n                    <\/li>\n                                                                <li class=\"blog-feed__item\">\n                        <a href=\"https:\/\/www.santamonica.com\/fr_fr\/media\/news-release\/where-to-watch-the-world-series-in-santa-monica\/\" class=\"blog-feed__item-link\">\n                            <div class=\"blog-feed__image-ratio\">\n                                <img decoding=\"async\" class=\"blog-feed__image\" src=\"https:\/\/www.santamonica.com\/wp-content\/uploads\/2025\/10\/dodgers-logo-1-400x400.jpg\" alt=\"O\u00d9 REGARDER LES CHAMPIONNATS DU MONDE \u00c0 SANTA MONICA\" title=\"\">\n                            <\/div>\n                            <div class=\"blog-feed__card-title\">O\u00d9 REGARDER LES CHAMPIONNATS DU MONDE \u00c0 SANTA MONICA<\/div>\n                        <\/a>\n                    <\/li>\n                                    <\/ul>\n    <\/div>\n<\/section>\n\n\n\n<p class=\"base-block\"><\/p>","protected":false},"excerpt":{"rendered":"<p>Are you a Santa Monica business with a special or event that you would like included on this page? Submit your special here.<\/p>","protected":false},"author":1421,"featured_media":765602,"parent":0,"menu_order":0,"comment_status":"closed","ping_status":"closed","template":"template-editorial.php","meta":{"_acf_changed":false,"inline_featured_image":false,"footnotes":""},"silos":[3899],"class_list":["post-765600","page","type-page","status-publish","has-post-thumbnail","hentry"],"acf":[],"_links":{"self":[{"href":"https:\/\/www.santamonica.com\/fr_fr\/wp-json\/wp\/v2\/pages\/765600","targetHints":{"allow":["GET"]}}],"collection":[{"href":"https:\/\/www.santamonica.com\/fr_fr\/wp-json\/wp\/v2\/pages"}],"about":[{"href":"https:\/\/www.santamonica.com\/fr_fr\/wp-json\/wp\/v2\/types\/page"}],"author":[{"embeddable":true,"href":"https:\/\/www.santamonica.com\/fr_fr\/wp-json\/wp\/v2\/users\/1421"}],"replies":[{"embeddable":true,"href":"https:\/\/www.santamonica.com\/fr_fr\/wp-json\/wp\/v2\/comments?post=765600"}],"version-history":[{"count":18,"href":"https:\/\/www.santamonica.com\/fr_fr\/wp-json\/wp\/v2\/pages\/765600\/revisions"}],"predecessor-version":[{"id":765979,"href":"https:\/\/www.santamonica.com\/fr_fr\/wp-json\/wp\/v2\/pages\/765600\/revisions\/765979"}],"wp:featuredmedia":[{"embeddable":true,"href":"https:\/\/www.santamonica.com\/fr_fr\/wp-json\/wp\/v2\/media\/765602"}],"wp:attachment":[{"href":"https:\/\/www.santamonica.com\/fr_fr\/wp-json\/wp\/v2\/media?parent=765600"}],"wp:term":[{"taxonomy":"silos","embeddable":true,"href":"https:\/\/www.santamonica.com\/fr_fr\/wp-json\/wp\/v2\/silos?post=765600"}],"curies":[{"name":"wp","href":"https:\/\/api.w.org\/{rel}","templated":true}]}}