{"id":765360,"date":"2025-04-17T17:28:52","date_gmt":"2025-04-18T00:28:52","guid":{"rendered":"https:\/\/www.santamonica.com\/?page_id=765360"},"modified":"2025-05-16T15:18:36","modified_gmt":"2025-05-16T22:18:36","slug":"mois-du-patrimoine-des-americains-dasie-et-des-iles-du-pacifique","status":"publish","type":"page","link":"https:\/\/www.santamonica.com\/fr_fr\/asian-american-and-pacific-islander-heritage-month\/","title":{"rendered":"Mois du patrimoine des Am\u00e9ricains d'Asie et des insulaires du Pacifique : offres sp\u00e9ciales pour les entreprises"},"content":{"rendered":"<section class=\"sun-title sm-block --theme6 --2col sm-block\">\n            <h2 class=\"sun-title__headline\">Ev\u00e9nements sp\u00e9ciaux pour les entreprises<\/h2>    \n            <div class=\"sun-title__body  --2col wysiwyg\">\n                    <div class=\"column-1\">\n                <p data-start=\"167\" data-end=\"493\"><strong data-start=\"167\" data-end=\"231\">C\u00e9l\u00e9bration du Mois du patrimoine des Am\u00e9ricains d'Asie et des insulaires du Pacifique<\/strong><br data-start=\"231\" data-end=\"234\" \/><em data-start=\"234\" data-end=\"258\">Samedi 17 mai 2025<\/em><br data-start=\"258\" data-end=\"261\" \/>Un \u00e9v\u00e9nement familial et canin sur la promenade de la troisi\u00e8me rue, avec des spectacles culturels, des vendeurs et des activit\u00e9s communautaires.<br data-start=\"385\" data-end=\"388\" \/><strong><a class=\"cursor-pointer\" href=\"https:\/\/www.eventbrite.com\/e\/aapi-heritage-month-celebration-x-third-street-promenade-tickets-1331407247919\" target=\"_blank\" rel=\"noopener\" data-start=\"388\" data-end=\"493\">En savoir plus<\/a><\/strong><\/p>\n<p data-start=\"167\" data-end=\"493\"><b>Exposition d'art sur le patrimoine AAPI (en cours jusqu'en mai) :<\/b><b><br \/>\n<\/b><span style=\"font-weight: 400;\"> Voir une collection d'\u0153uvres contemporaines d'artistes AAPI explorant l'identit\u00e9, l'h\u00e9ritage et la r\u00e9silience.<\/span><span style=\"font-weight: 400;\"><br \/>\n<\/span><span style=\"font-weight: 400;\"> @ 18th Street Arts Center<\/span><span style=\"font-weight: 400;\"><br \/>\n<\/span><strong><a href=\"https:\/\/www.santamonica.com\/fr_fr\/mois-du-patrimoine-des-americains-dasie-et-des-iles-du-pacifique\/\" target=\"_blank\" rel=\"noopener\">Plus de d\u00e9tails ici<\/a><\/strong><\/p>\n<p data-start=\"495\" data-end=\"777\"><strong data-start=\"495\" data-end=\"536\">Service commun des villes de la baie pour le jour du souvenir<\/strong><br data-start=\"536\" data-end=\"539\" \/><em data-start=\"539\" data-end=\"561\">Lundi 26 mai 2025<\/em><br data-start=\"561\" data-end=\"564\" \/>Un service comm\u00e9moratif au cimeti\u00e8re de Woodlawn en l'honneur des v\u00e9t\u00e9rans am\u00e9ricains d'origine japonaise qui ont servi pendant la Seconde Guerre mondiale.<br data-start=\"676\" data-end=\"679\" \/><a class=\"\" href=\"https:\/\/rafu.com\/2022\/04\/bay-cities-joint-memorial-day-service-at-woodlawn-cemetery\/\" target=\"_new\" rel=\"noopener\" data-start=\"679\" data-end=\"777\"><strong>En savoir plus<\/strong><\/a><\/p>\n<p data-start=\"779\" data-end=\"1085\"><strong data-start=\"779\" data-end=\"808\">Courtyard by Santa Monica<\/strong><br data-start=\"808\" data-end=\"811\" \/><em data-start=\"811\" data-end=\"849\">Valable jusqu'au samedi 31 mai 2025<\/em><br data-start=\"849\" data-end=\"852\" \/>Profitez d'un service de caf\u00e9 ou de th\u00e9 gratuit pour toutes les r\u00e9unions et tous les \u00e9v\u00e9nements organis\u00e9s au cours du mois de mai, pour c\u00e9l\u00e9brer le Mois du patrimoine AAPI.<br data-start=\"992\" data-end=\"995\" \/><strong><a class=\"cursor-pointer\" href=\"https:\/\/www.santamonica.gov\/blog\/celebrate-asian-american-and-pacific-islander-heritage-month-this-may-with-events-and-activities-throughout-the-city\" target=\"_blank\" rel=\"noopener\" data-start=\"995\" data-end=\"1085\">En savoir plus<\/a><\/strong><\/p>\n<p data-start=\"779\" data-end=\"1085\"><strong data-start=\"1192\" data-end=\"1213\">Dumplings chinois<\/strong><br data-start=\"1213\" data-end=\"1216\" \/><em data-start=\"1216\" data-end=\"1230\">31 mai 2025<\/em><br data-start=\"1230\" data-end=\"1233\" \/>L'\u00e9cole de la Gourmandise \u00e0 Santa Monica Place<br data-start=\"1277\" data-end=\"1280\" \/>Fabriquez vos propres boulettes de p\u00e2te \u00e0 partir de z\u00e9ro dans ce cours interactif ax\u00e9 sur la saveur, les techniques de pliage et les traditions culturelles.<br data-start=\"1416\" data-end=\"1419\" \/><strong><a class=\"cursor-pointer\" href=\"http:\/\/Chinese Dumplings May 31, 2025 The Gourmandise School at Santa Monica Place Craft your own handmade dumplings from scratch in this interactive class focused on flavor, folding techniques, and cultural traditions. Learn more\" target=\"_blank\" rel=\"noopener\" data-start=\"1419\" data-end=\"1481\">En savoir plus\u00a0<\/a><\/strong><\/p>\n<p data-start=\"779\" data-end=\"1085\"><strong>Cobi's\u00a0<\/strong><br \/>\nPlat sp\u00e9cial de cuisine philippine honorant l'h\u00e9ritage et la tradition pendant le mois philippin.<strong><br \/>\n<a href=\"https:\/\/www.santamonica.com\/fr_fr\/restaurants\/cobis-curries\/\" target=\"_blank\" rel=\"noopener\">En savoir plus.\u00a0<\/a><\/strong><\/p>\n<p data-start=\"223\" data-end=\"558\"><strong data-start=\"223\" data-end=\"248\">Soir\u00e9e en amoureux : Sushi 101<\/strong><br data-start=\"248\" data-end=\"251\" \/><em data-start=\"251\" data-end=\"265\">10 mai 2025<\/em><br data-start=\"265\" data-end=\"268\" \/>L'\u00e9cole de la Gourmandise \u00e0 Santa Monica Place<br data-start=\"312\" data-end=\"315\" \/>C\u00e9l\u00e9brez le Mois du patrimoine AAPI avec un cours pratique de pr\u00e9paration de sushis guid\u00e9 par des chefs AAPI experts. Apprenez les techniques de base pour pr\u00e9parer des sushis frais dans le cadre d'une soir\u00e9e amusante.<br data-start=\"493\" data-end=\"496\" \/><strong><a class=\"cursor-pointer\" href=\"http:\/\/Chinese Dumplings May 31, 2025 The Gourmandise School at Santa Monica Place Craft your own handmade dumplings from scratch in this interactive class focused on flavor, folding techniques, and cultural traditions. Learn more\" target=\"_blank\" rel=\"noopener\" data-start=\"496\" data-end=\"558\">En savoir plus\u00a0<\/a><\/strong><\/p>\n<p data-start=\"223\" data-end=\"558\"><strong data-start=\"890\" data-end=\"913\">Le Vietnam au quotidien<\/strong><br data-start=\"913\" data-end=\"916\" \/><em data-start=\"916\" data-end=\"930\">30 mai 2025<\/em><br data-start=\"930\" data-end=\"933\" \/>L'\u00e9cole de la Gourmandise \u00e0 Santa Monica Place<br data-start=\"977\" data-end=\"980\" \/>D\u00e9couvrez les \u00e9l\u00e9ments essentiels de la cuisine vietnamienne avec des rouleaux de printemps frais, des salades de nouilles de riz et des sauces \u00e0 tremper, le tout dirig\u00e9 par des chefs AAPI de renom.<br data-start=\"1125\" data-end=\"1128\" \/><a class=\"cursor-pointer\" href=\"https:\/\/thegourmandiseschool.com\/?srsltid=AfmBOopGC6T-EHgUq3WyXSWfhzjEtJftBXVwYJmMoQSegdEEShfjmalP\" target=\"_blank\" rel=\"noopener\" data-start=\"1128\" data-end=\"1190\"><strong>En savoir plus<\/strong>\u00a0<\/a><\/p>\n                            <\/div>\n            <div class=\"column-2\">\n                <p data-start=\"1087\" data-end=\"1419\"><b>\u201cPop-up \u201dFeast From the East\" du chef Chad Phuong (samedi, de 12 \u00e0 18 heures) :<\/b><b><br \/>\n<\/b><span style=\"font-weight: 400;\"> Le ma\u00eetre cambodgien du barbecue Chad Phuong (alias \u201cCambodian Cowboy\u201d) apporte sa poitrine fum\u00e9e, ses c\u00f4tes et ses sauces inspir\u00e9es de l'Asie du Sud-Est \u00e0 Santa Monica pour une journ\u00e9e sp\u00e9ciale dans le cadre du Mois du patrimoine AAPI.<\/span><span style=\"font-weight: 400;\"><br \/>\n<\/span><span style=\"font-weight: 400;\"> \u00e0 l'\u00e9cole de la Gourmandise, Santa Monica Place<\/span><span style=\"font-weight: 400;\"><br \/>\n<\/span><strong><a href=\"https:\/\/www.santamonica.com\/fr_fr\/mois-du-patrimoine-des-americains-dasie-et-des-iles-du-pacifique\/\" target=\"_blank\" rel=\"noopener\">Plus de d\u00e9tails ici<\/a><\/strong><\/p>\n<p data-start=\"1087\" data-end=\"1419\"><strong data-start=\"1087\" data-end=\"1139\">DE JA \u00c0 SHOHEI : Le projet Manzanar Baseball<\/strong><br data-start=\"1139\" data-end=\"1142\" \/><em data-start=\"1142\" data-end=\"1166\">Samedi 10 mai 2025<\/em><br data-start=\"1166\" data-end=\"1169\" \/>Rejoignez l'artiste Dan Kwong pour une pr\u00e9sentation multim\u00e9dia explorant le baseball am\u00e9ricano-japonais pendant la Seconde Guerre mondiale, avec des vid\u00e9os, des performances et un d\u00e9bat.<br data-start=\"1328\" data-end=\"1331\" \/><strong><a class=\"cursor-pointer\" href=\"https:\/\/www.janm.org\/events\/2024-12-07\/manzanar-baseball-project\" target=\"_blank\" rel=\"noopener\" data-start=\"1331\" data-end=\"1419\">En savoir plus<\/a><\/strong><\/p>\n<p data-start=\"1087\" data-end=\"1419\"><b>Konamon Fest - Festival de cuisine de rue japonaise (samedi et dimanche) :<\/b><b><br \/>\n<\/b><span style=\"font-weight: 400;\"> Ce festival culturel et de cuisine de rue revient avec une zone de d\u00e9gustation de sak\u00e9 avec plus de 31 vari\u00e9t\u00e9s de sak\u00e9, des vendeurs japonais et un spectacle de violon japonais en direct.<\/span><span style=\"font-weight: 400;\"><br \/>\n<\/span><span style=\"font-weight: 400;\"> @ Santa Monica Pier<\/span><span style=\"font-weight: 400;\"><br \/>\n<\/span><strong><a href=\"https:\/\/www.konamonfest.com\" target=\"_blank\" rel=\"noopener\">En savoir plus<\/a><\/strong><\/p>\n<p data-start=\"1421\" data-end=\"1686\"><strong data-start=\"1421\" data-end=\"1454\">Presque exactement Presque comme moi<\/strong><br data-start=\"1454\" data-end=\"1457\" \/><em data-start=\"1457\" data-end=\"1481\">Samedi 17 mai 2025<\/em><br data-start=\"1481\" data-end=\"1484\" \/>Lecture et signature d'un livre pour enfants par Pearl AuYeung, c\u00e9l\u00e9brant l'identit\u00e9, la diversit\u00e9 et le Mois du patrimoine AAPI.<br data-start=\"1595\" data-end=\"1598\" \/><strong><a class=\"cursor-pointer\" href=\"https:\/\/santamonicanext.org\/2025\/04\/santa-monica-library-presents-the-manzanar-baseball-project-and-nearly-exactly-almost-like-me\/\" target=\"_blank\" rel=\"noopener\" data-start=\"1598\" data-end=\"1686\">En savoir plus<\/a><\/strong><\/p>\n<p data-start=\"1421\" data-end=\"1686\"><b>Oaxacalifornia - Projection d'un film et table ronde (dimanche, 16 heures) :<\/b><b><br \/>\n<\/b><span style=\"font-weight: 400;\"> C\u00e9l\u00e9brez le m\u00e9lange vibrant des cultures mexicaine et japonaise lors de la projection de ce documentaire acclam\u00e9, suivie d'une s\u00e9ance de questions-r\u00e9ponses avec la r\u00e9alisatrice Bertha Aguilar.<\/span><span style=\"font-weight: 400;\"><br \/>\n<\/span><span style=\"font-weight: 400;\"> Santa Monica College, salle de conf\u00e9rence des sciences humaines<\/span><span style=\"font-weight: 400;\"><br \/>\n<\/span><strong><a href=\"https:\/\/www.santamonica.com\/fr_fr\/mois-du-patrimoine-des-americains-dasie-et-des-iles-du-pacifique\/\" target=\"_blank\" rel=\"noopener\">Plus de d\u00e9tails ici<\/a><\/strong><\/p>\n<p data-start=\"1688\" data-end=\"1955\"><strong data-start=\"1688\" data-end=\"1706\">Rice Rice Baby<\/strong><br data-start=\"1706\" data-end=\"1709\" \/><em data-start=\"1709\" data-end=\"1731\">Vendredi 16 mai 2025<\/em><br data-start=\"1731\" data-end=\"1734\" \/>Une soir\u00e9e comique organis\u00e9e au Crow dans le cadre du Mois du patrimoine AAPI, avec une r\u00e9duction sp\u00e9ciale au restaurant Birdie G's pour les participants.<br data-start=\"1861\" data-end=\"1864\" \/><strong><a class=\"cursor-pointer\" href=\"https:\/\/dola.com\/events\/2025\/5\/16\/rice-rice-baby-a-comedy-show-for-aapi-heritage-month-tickets\" target=\"_blank\" rel=\"noopener\" data-start=\"1864\" data-end=\"1955\">En savoir plus<\/a><\/strong><\/p>\n<p data-start=\"1688\" data-end=\"1955\"><b>Tai Chi sur la plage (dimanche, 9h) :<\/b><b><br \/>\n<\/b><span style=\"font-weight: 400;\"> Rejoignez le ma\u00eetre Henry Lung pour une s\u00e9ance de tai chi douce et r\u00e9paratrice c\u00e9l\u00e9brant les traditions de bien-\u00eatre AAPI. Gratuit et ouvert \u00e0 tous les niveaux.<\/span><span style=\"font-weight: 400;\"><br \/>\n<\/span><span style=\"font-weight: 400;\"> @ Annenberg Community Beach House (maison de plage de la communaut\u00e9 d'Annenberg)<\/span><span style=\"font-weight: 400;\"><br \/>\n<\/span><strong><a href=\"https:\/\/www.santamonica.com\/fr_fr\/mois-du-patrimoine-des-americains-dasie-et-des-iles-du-pacifique\/\" target=\"_blank\" rel=\"noopener\">Plus de d\u00e9tails ici<\/a><\/strong><\/p>\n<p data-start=\"1688\" data-end=\"1955\"><strong data-start=\"560\" data-end=\"591\">Cuisine traditionnelle chinoise<\/strong><br data-start=\"591\" data-end=\"594\" \/><em data-start=\"594\" data-end=\"608\">24 mai 2025<\/em><br data-start=\"608\" data-end=\"611\" \/>L'\u00e9cole de la Gourmandise \u00e0 Santa Monica Place<br data-start=\"655\" data-end=\"658\" \/>Ma\u00eetrisez les saveurs et les techniques audacieuses de la cuisine chinoise traditionnelle, notamment le poulet \u00e0 trois coupes, les \u00e9pinards saut\u00e9s \u00e0 l'ail et le tofu aux amandes avec abricots poch\u00e9s.<br data-start=\"823\" data-end=\"826\" \/><strong><a class=\"cursor-pointer\" href=\"http:\/\/Chinese Dumplings May 31, 2025 The Gourmandise School at Santa Monica Place Craft your own handmade dumplings from scratch in this interactive class focused on flavor, folding techniques, and cultural traditions. Learn more\" target=\"_blank\" rel=\"noopener\" data-start=\"826\" data-end=\"888\">En savoir plus\u00a0<\/a><\/strong><\/p>\n                            <\/div>\n            <\/div>\n    <\/section>","protected":false},"excerpt":{"rendered":"","protected":false},"author":1421,"featured_media":765784,"parent":0,"menu_order":0,"comment_status":"closed","ping_status":"closed","template":"template-editorial.php","meta":{"_acf_changed":false,"inline_featured_image":false,"footnotes":""},"silos":[],"class_list":["post-765360","page","type-page","status-publish","has-post-thumbnail","hentry"],"acf":[],"_links":{"self":[{"href":"https:\/\/www.santamonica.com\/fr_fr\/wp-json\/wp\/v2\/pages\/765360","targetHints":{"allow":["GET"]}}],"collection":[{"href":"https:\/\/www.santamonica.com\/fr_fr\/wp-json\/wp\/v2\/pages"}],"about":[{"href":"https:\/\/www.santamonica.com\/fr_fr\/wp-json\/wp\/v2\/types\/page"}],"author":[{"embeddable":true,"href":"https:\/\/www.santamonica.com\/fr_fr\/wp-json\/wp\/v2\/users\/1421"}],"replies":[{"embeddable":true,"href":"https:\/\/www.santamonica.com\/fr_fr\/wp-json\/wp\/v2\/comments?post=765360"}],"version-history":[{"count":11,"href":"https:\/\/www.santamonica.com\/fr_fr\/wp-json\/wp\/v2\/pages\/765360\/revisions"}],"predecessor-version":[{"id":766376,"href":"https:\/\/www.santamonica.com\/fr_fr\/wp-json\/wp\/v2\/pages\/765360\/revisions\/766376"}],"wp:featuredmedia":[{"embeddable":true,"href":"https:\/\/www.santamonica.com\/fr_fr\/wp-json\/wp\/v2\/media\/765784"}],"wp:attachment":[{"href":"https:\/\/www.santamonica.com\/fr_fr\/wp-json\/wp\/v2\/media?parent=765360"}],"wp:term":[{"taxonomy":"silos","embeddable":true,"href":"https:\/\/www.santamonica.com\/fr_fr\/wp-json\/wp\/v2\/silos?post=765360"}],"curies":[{"name":"wp","href":"https:\/\/api.w.org\/{rel}","templated":true}]}}