{"id":764873,"date":"2025-04-04T09:27:15","date_gmt":"2025-04-04T16:27:15","guid":{"rendered":"https:\/\/www.santamonica.com\/?page_id=764873"},"modified":"2026-01-14T08:45:06","modified_gmt":"2026-01-14T16:45:06","slug":"demande-de-proposition","status":"publish","type":"page","link":"https:\/\/www.santamonica.com\/fr_fr\/request-for-proposal\/","title":{"rendered":"Demande de proposition"},"content":{"rendered":"<p class=\"base-block\">Santa Monica Travel &amp; Tourism (SMTT) invite les agences de voyage et de relations publiques qualifi\u00e9es du Royaume-Uni et d'Irlande \u00e0 soumettre des propositions pour repr\u00e9senter la destination.<br><br>Nous recherchons une agence partenaire pour nous aider \u00e0 accro\u00eetre la visibilit\u00e9 et la demande de Santa Monica par le biais d'un engagement commercial, de relations avec les m\u00e9dias, d'activit\u00e9s de vente, de marketing coop\u00e9ratif et d'\u00e9tudes de march\u00e9 permanentes. L'agence s\u00e9lectionn\u00e9e travaillera en \u00e9troite collaboration avec SMTT et des organisations sectorielles telles que Visit California et Brand USA afin d'accro\u00eetre la notori\u00e9t\u00e9, d'inspirer les voyageurs et d'obtenir des r\u00e9sultats mesurables \u00e0 partir du Royaume-Uni et de l'Irlande. Les agences ayant une exp\u00e9rience pertinente sont invit\u00e9es \u00e0 examiner l'int\u00e9gralit\u00e9 de l'appel d'offres et \u00e0 soumettre une proposition mettant en \u00e9vidence leur strat\u00e9gie, leurs capacit\u00e9s et leurs tarifs.<br><br>Principaux d\u00e9tails de la demande de propositions :<br><br>- Date limite de soumission des propositions : 20 f\u00e9vrier 2026 \u00e0 17h00 HNP<br>- Date de d\u00e9but du service : 1er juillet 2026<br>- Port\u00e9e du projet : Repr\u00e9sentation de l'industrie du voyage au Royaume-Uni et en Irlande, soutien au MICE, relations publiques, soutien aux consommateurs et au num\u00e9rique, marketing coop\u00e9ratif et rapports.<br>- Dur\u00e9e estim\u00e9e : 1 an avec possibilit\u00e9 de prolongation d'un an<br><br><a href=\"https:\/\/www.santamonica.com\/wp-content\/uploads\/2025\/04\/SantaMonicacom-RFP.pdf\" target=\"_blank\" rel=\"noreferrer noopener\">Faire<\/a><a href=\"https:\/\/www.santamonica.com\/wp-content\/uploads\/2026\/01\/FINAL-RFP-SMTT-UK-Ireland-2026-2027-2.pdf\" target=\"_blank\" rel=\"noreferrer noopener\">T\u00e9l\u00e9charger le document d'appel d'offres ici.<\/a><br><br>Nous attendons avec impatience votre r\u00e9ponse.<\/p>\n\n\n<section class=\"travel-tips --theme7 sm-block base-block\">\n    <div class=\"travel-tips__inner\">\n        <div class=\"travel-tips__body-col\">\n                            <img decoding=\"async\" src=\"https:\/\/www.santamonica.com\/wp-content\/uploads\/2022\/06\/responsible-badge-1.svg\" alt=\"Voyager de mani\u00e8re responsable \u00e0 Santa Monica\" title=\"\">\n                                        <p class=\"travel-tips__intro\">Voyagez en toute s\u00e9curit\u00e9 et de mani\u00e8re durable pour contribuer \u00e0 pr\u00e9server la beaut\u00e9 de Santa Monica tout en restant en bonne sant\u00e9 gr\u00e2ce \u00e0 ces conseils.<\/p>\n                    <\/div>\n        <div class=\"travel-tips__links-col\">\n                        <div class=\"travel-tips__link-row\">\n                                    <img decoding=\"async\" src=\"https:\/\/www.santamonica.com\/wp-content\/uploads\/2022\/06\/Parking-Information.svg\" alt=\"Stationnement \u00e0 Santa Monica\" title=\"\">\n                                                    <a class=\"travel-tips__link\" href=\"https:\/\/www.santamonica.com\/fr_fr\/le-transport\/stationnement\/\">\n                        Informations sur le stationnement                    <\/a>\n                            <\/div>\n                        <div class=\"travel-tips__link-row\">\n                                    <img decoding=\"async\" src=\"https:\/\/www.santamonica.com\/wp-content\/uploads\/2022\/06\/What-to-Pack.svg\" alt=\"Pr\u00e9parer sa valise pour un voyage \u00e0 Santa Monica\" title=\"\">\n                                                    <a class=\"travel-tips__link\" href=\"https:\/\/www.santamonica.com\/fr_fr\/experience-santa-monica\/ce-quil-faut-emballer\/\">\n                        Ce qu'il faut emporter                    <\/a>\n                            <\/div>\n                        <div class=\"travel-tips__link-row\">\n                                    <img decoding=\"async\" src=\"https:\/\/www.santamonica.com\/wp-content\/uploads\/2022\/06\/Health-and-Safety.svg\" alt=\"Conseils de s\u00e9curit\u00e9 pour les voyages \u00e0 Santa Monica\" title=\"\">\n                                                    <a class=\"travel-tips__link\" href=\"https:\/\/www.santamonica.com\/fr_fr\/experience-santa-monica\/la-securite\/\">\n                        Sant\u00e9 et s\u00e9curit\u00e9                    <\/a>\n                            <\/div>\n                        <div class=\"travel-tips__link-row\">\n                                    <img decoding=\"async\" src=\"https:\/\/www.santamonica.com\/wp-content\/uploads\/2022\/06\/The-Essentials.svg\" alt=\"Les essentiels du voyage \u00e0 Santa Monica\" title=\"\">\n                                                    <a class=\"travel-tips__link\" href=\"https:\/\/www.santamonica.com\/fr_fr\/experience-santa-monica\/essentiels\/\">\n                        L'essentiel                    <\/a>\n                            <\/div>\n                    <\/div>\n\n    <\/div>\n<\/section>\n\n\n    <section class=\"booking-cta --theme5 sm-block\">\n    <div id=\"widget-container-2070\"><\/div>\n<script type=\"text\/javascript\">\n  (function() {\n    var script = document.createElement('script');\n    script.type = 'text\/javascript';\n    script.async = 'true';\n    script.src = \"https:\/\/admin.bookdirect.net\/hs4\/widgets\/2070.js?widget_element=widget-container-2070\";\n    document.body.appendChild(script);\n  })();\n<\/script>\n    <\/section>\n\n\n\n<section class=\"blog-feed --theme8 sm-block\">\n    <div class=\"blog-feed__content\">\n        <div class=\"blog-feed__intro\">\n                            <div class=\"blog-feed__eyebrow eyebrow\">Blogs<\/div>                                        <h1 class=\"blog-feed__headline\">D\u00e9couvrir Santa Monica<\/h1>                                        <div class=\"blog-feed__body\"><p>Explorez les itin\u00e9raires, les conseils locaux, les points chauds et les aventures organis\u00e9es pour \u00eatre s\u00fbr de profiter au maximum de votre exp\u00e9rience \u00e0 Santa Monica.<\/p>\n<\/div>\n                                        <a class=\"blog-feed__cta\" href=\"https:\/\/www.santamonica.com\/fr_fr\/articles-de-blog\/\">Voir tous les blogs<\/a>\n                    <\/div>\n\n        <ul class=\"blog-feed__list\">\n                                                <li class=\"blog-feed__item\">\n                        <a href=\"https:\/\/www.santamonica.com\/fr_fr\/experience-santa-monica\/diverse-santa-monica-businesses\/\" class=\"blog-feed__item-link\">\n                            <div class=\"blog-feed__image-ratio\">\n                                <img decoding=\"async\" class=\"blog-feed__image\" src=\"https:\/\/www.santamonica.com\/wp-content\/uploads\/2020\/12\/Minority-Owned-Businesses-in-Santa-Monica-featured-400x400.jpg\" alt=\"Des entreprises qui c\u00e9l\u00e8brent la diversit\u00e9 de Santa Monica\" title=\"\">\n                            <\/div>\n                            <div class=\"blog-feed__card-title\">Des entreprises qui c\u00e9l\u00e8brent la diversit\u00e9 de Santa Monica<\/div>\n                        <\/a>\n                    <\/li>\n                                                                <li class=\"blog-feed__item\">\n                        <a href=\"https:\/\/www.santamonica.com\/fr_fr\/shopping\/support-santa-monica-retail-and-buy-local\/\" class=\"blog-feed__item-link\">\n                            <div class=\"blog-feed__image-ratio\">\n                                <img decoding=\"async\" class=\"blog-feed__image\" src=\"https:\/\/www.santamonica.com\/wp-content\/uploads\/2020\/04\/Buy-Local-Santa-Monica-featured2-400x400.jpg\" alt=\"Soutenir le commerce de d\u00e9tail de Santa Monica et acheter local\" title=\"\">\n                            <\/div>\n                            <div class=\"blog-feed__card-title\">Soutenir le commerce de d\u00e9tail de Santa Monica et acheter local<\/div>\n                        <\/a>\n                    <\/li>\n                                                                <li class=\"blog-feed__item\">\n                        <a href=\"https:\/\/www.santamonica.com\/fr_fr\/experience-santa-monica\/female-owned-businesses-flourish-in-santa-monica\/\" class=\"blog-feed__item-link\">\n                            <div class=\"blog-feed__image-ratio\">\n                                <img decoding=\"async\" class=\"blog-feed__image\" src=\"https:\/\/www.santamonica.com\/wp-content\/uploads\/2021\/03\/WomenOwnedBusiness_Featured-400x400.jpg\" alt=\"Les entreprises dirig\u00e9es par des femmes prosp\u00e8rent \u00e0 Santa Monica\" title=\"\">\n                            <\/div>\n                            <div class=\"blog-feed__card-title\">Les entreprises dirig\u00e9es par des femmes prosp\u00e8rent \u00e0 Santa Monica<\/div>\n                        <\/a>\n                    <\/li>\n                                    <\/ul>\n    <\/div>\n<\/section>","protected":false},"excerpt":{"rendered":"<p>We\u2019re seeking an experienced agency to manage the maintenance and ongoing development of our website, SantaMonica.com. We are looking for a long-term agency partner to support technical maintenance, feature development, SEO optimization, and integrations in our WordPress CMS with key platforms such as BookDirect and Simpleview. If your team is interested, we encourage you to review the full RFP linked below and submit a proposal (for one or both of these services: web development and\/or digital solutions like SEO) while outlining your approach, experience, and pricing. Key RFP Details: \u2022 Proposal Submission Deadline: April 17, 2025, by 5:00 PM PT\u2022 [\u2026]<\/p>\n","protected":false},"author":1421,"featured_media":764874,"parent":0,"menu_order":0,"comment_status":"closed","ping_status":"closed","template":"","meta":{"_acf_changed":false,"inline_featured_image":false,"footnotes":""},"silos":[],"class_list":["post-764873","page","type-page","status-publish","has-post-thumbnail","hentry"],"acf":[],"_links":{"self":[{"href":"https:\/\/www.santamonica.com\/fr_fr\/wp-json\/wp\/v2\/pages\/764873","targetHints":{"allow":["GET"]}}],"collection":[{"href":"https:\/\/www.santamonica.com\/fr_fr\/wp-json\/wp\/v2\/pages"}],"about":[{"href":"https:\/\/www.santamonica.com\/fr_fr\/wp-json\/wp\/v2\/types\/page"}],"author":[{"embeddable":true,"href":"https:\/\/www.santamonica.com\/fr_fr\/wp-json\/wp\/v2\/users\/1421"}],"replies":[{"embeddable":true,"href":"https:\/\/www.santamonica.com\/fr_fr\/wp-json\/wp\/v2\/comments?post=764873"}],"version-history":[{"count":18,"href":"https:\/\/www.santamonica.com\/fr_fr\/wp-json\/wp\/v2\/pages\/764873\/revisions"}],"predecessor-version":[{"id":781719,"href":"https:\/\/www.santamonica.com\/fr_fr\/wp-json\/wp\/v2\/pages\/764873\/revisions\/781719"}],"wp:featuredmedia":[{"embeddable":true,"href":"https:\/\/www.santamonica.com\/fr_fr\/wp-json\/wp\/v2\/media\/764874"}],"wp:attachment":[{"href":"https:\/\/www.santamonica.com\/fr_fr\/wp-json\/wp\/v2\/media?parent=764873"}],"wp:term":[{"taxonomy":"silos","embeddable":true,"href":"https:\/\/www.santamonica.com\/fr_fr\/wp-json\/wp\/v2\/silos?post=764873"}],"curies":[{"name":"wp","href":"https:\/\/api.w.org\/{rel}","templated":true}]}}