{"id":436231,"date":"2024-11-21T14:11:20","date_gmt":"2024-11-21T22:11:20","guid":{"rendered":"https:\/\/www.santamonica.com\/?page_id=436231"},"modified":"2024-12-04T13:37:17","modified_gmt":"2024-12-04T21:37:17","slug":"offre-de-cadeaux-pour-les-fetes-de-smtts-sur-les-medias-sociaux","status":"publish","type":"page","link":"https:\/\/www.santamonica.com\/fr_fr\/smtts-holiday-social-media-giveaway\/","title":{"rendered":"Le concours de m\u00e9dias sociaux de SMTT pour les f\u00eates de fin d'ann\u00e9e"},"content":{"rendered":"<section class=\"sun-title sm-block --theme6 --2col sm-block\">\n            <h2 class=\"sun-title__headline\">2024 Holiday Social Media Giveaway (en anglais)<\/h2>    \n            <div class=\"sun-title__body  --2col wysiwyg\">\n                    <div class=\"column-1\">\n                <h4>Le prix :<\/h4>\n<ul>\n<li>Un s\u00e9jour de 2 nuits dans un h\u00f4tel de Santa Monica<\/li>\n<li>$200 carte-cadeau de restauration pour un hotspot local<\/li>\n<li>Un pack de 5 cours de fitness en studio avec The Class<\/li>\n<li>Randonn\u00e9e \u00e0 v\u00e9lo<\/li>\n<li>L'exp\u00e9rience VIP en bord de mer pour une relaxation ultime<\/li>\n<\/ul>\n                            <\/div>\n            <div class=\"column-2\">\n                <h4>D\u00e9tails du cadeau :<\/h4>\n<ul>\n<li>Date limite : Les inscriptions se terminent le jeudi 19 d\u00e9cembre 2024 \u00e0 23h59 (heure de Paris).<\/li>\n<li>Annonce du gagnant : Nous annoncerons le nom de l'heureux gagnant le vendredi 20 d\u00e9cembre 2024.<\/li>\n<li>\u00c9ligibilit\u00e9 : Ouvert aux habitants de Santa Monica uniquement (le code postal et la carte d'identit\u00e9 de Santa Monica doivent \u00eatre v\u00e9rifi\u00e9s). Des conditions g\u00e9n\u00e9rales s'appliquent (voir ci-dessous).<\/li>\n<\/ul>\n                            <\/div>\n            <\/div>\n    <\/section>\n\n\n<section class=\"sun-title sm-block --theme6 sm-block\">\n            <h2 class=\"sun-title__headline\">Comment participer ?<\/h2>    \n            <div class=\"sun-title__body  wysiwyg\">\n                    <ol>\n<li>Suivez-nous sur Instagram\u00a0<a href=\"https:\/\/www.instagram.com\/seesantamonica\/\" target=\"_blank\" rel=\"noopener\">@seesantamonica<\/a><\/li>\n<li>Likez cet article et identifiez votre meilleure amie \u00e0 Santa Monica (ou toute autre personne avec qui vous aimeriez partager ce s\u00e9jour) dans les commentaires !<\/li>\n<li>Partagez une photo de votre exp\u00e9rience pr\u00e9f\u00e9r\u00e9e \u00e0 Santa Monica et utilisez #SeeSantaMonica<\/li>\n<li>Partagez cet article avec vos amis et marquez-nous pour une entr\u00e9e suppl\u00e9mentaire.<\/li>\n<\/ol>\n                        <\/div>\n    <\/section>\n\n\n\n<p class=\"base-block\"><\/p>\n\n\n\n<p class=\"has-text-align-center base-block\"><strong>Conditions g\u00e9n\u00e9rales d'utilisation du concours \"Santa Monica Staycation Social Media Giveaway<\/strong><\/p>\n\n\n\n<div class=\"wp-block-columns is-layout-flex wp-container-core-columns-is-layout-28f84493 wp-block-columns-is-layout-flex base-block\">\n<div class=\"wp-block-column is-layout-flow wp-block-column-is-layout-flow base-block\">\n<ul class=\"wp-block-list base-block\">\n<li class=\"base-block\">Aux fins des pr\u00e9sentes conditions g\u00e9n\u00e9rales, \u201cl'organisateur\u201d fait r\u00e9f\u00e9rence \u00e0 Santa Monica Travel &amp; Tourism, dont le compte Instagram est @SeeSantaMonica. Le \u201cPrix\u201d d\u00e9signe : un s\u00e9jour de 2 nuits dans un h\u00f4tel de Santa Monica ; une carte de restauration de $200 dans un hotspot local ; une exp\u00e9rience VIP au bord de la plage pour une relaxation ultime.<\/li>\n\n\n\n<li class=\"base-block\">En participant au concours, vous acceptez d'\u00eatre li\u00e9 par ces termes et conditions. Toutes les inscriptions doivent \u00eatre re\u00e7ues avant 23h59 le jeudi 19 d\u00e9cembre 2024. Un (1) gagnant \u00e0 Santa Monica sera s\u00e9lectionn\u00e9 au hasard par le promoteur le vendredi 20 d\u00e9cembre 2024 et le gagnant sera notifi\u00e9 \u00e0 cette date ou apr\u00e8s.<\/li>\n\n\n\n<li class=\"base-block\">Les concours des promoteurs avec participation via Instagram et\/ou Facebook sont ouverts uniquement aux r\u00e9sidents de Santa Monica. Un (1) gagnant sera choisi au hasard parmi tous les participants et sur Instagram.<\/li>\n\n\n\n<li class=\"base-block\">Aucun achat n'est n\u00e9cessaire. Les gagnants n'auront pas \u00e0 payer pour participer au concours.<\/li>\n\n\n\n<li class=\"base-block\">Les participants doivent \u00eatre \u00e2g\u00e9s de plus de 18 ans \u00e0 la date de leur participation.<\/li>\n\n\n\n<li class=\"base-block\">Les employ\u00e9s de l'organisateur ne sont pas autoris\u00e9s \u00e0 participer.<\/li>\n\n\n\n<li class=\"base-block\">Instagram ou Facebook ne sont en aucun cas affili\u00e9s ou impliqu\u00e9s dans le concours.<\/li>\n\n\n\n<li class=\"base-block\">Une seule participation par personne et par concours sera accept\u00e9e.<\/li>\n\n\n\n<li class=\"base-block\">Le prix sera attribu\u00e9 \u00e0 un gagnant s\u00e9lectionn\u00e9 au hasard qui s'est inscrit sur Instagram, \u00e0 l'aide d'un&nbsp;<a href=\"https:\/\/www.calculatorsoup.com\/calculators\/statistics\/random-number-generator.php\" target=\"_blank\" rel=\"noreferrer noopener\">g\u00e9n\u00e9rateur de nombres al\u00e9atoires<\/a>. L'organisateur ne sera pas tenu responsable si le prix d\u00e9sign\u00e9 n'est pas disponible ou ne peut \u00eatre attribu\u00e9.<\/li>\n\n\n\n<li class=\"base-block\">L'organisateur ne sera pas tenu responsable de la non-r\u00e9ception des bulletins de participation. L'organisateur n'est pas responsable des bulletins de participation perdus, retard\u00e9s, illisibles, corrompus, endommag\u00e9s, incomplets ou non valides de quelque mani\u00e8re que ce soit.<\/li>\n<\/ul>\n<\/div>\n\n\n\n<div class=\"wp-block-column is-layout-flow wp-block-column-is-layout-flow base-block\">\n<ul class=\"wp-block-list base-block\">\n<li class=\"base-block\">Dans la mesure o\u00f9 la loi applicable le permet, la responsabilit\u00e9 de l'organisateur au titre du concours ou des pr\u00e9sentes conditions g\u00e9n\u00e9rales, ou en rapport avec ceux-ci, est limit\u00e9e au prix d'achat du prix en question.<\/li>\n\n\n\n<li class=\"base-block\">Dans la mesure o\u00f9 la loi applicable le permet, l'organisateur ne peut \u00eatre tenu responsable, en vertu ou en relation avec les pr\u00e9sentes conditions g\u00e9n\u00e9rales, le concours ou tout prix, de tout co\u00fbt, d\u00e9pense, perte ou dommage indirect, sp\u00e9cial ou cons\u00e9cutif subi par un participant, m\u00eame si ce co\u00fbt, cette d\u00e9pense, cette perte ou ce dommage \u00e9tait raisonnablement pr\u00e9visible ou aurait pu \u00eatre raisonnablement envisag\u00e9 par le participant et l'organisateur, et qu'il r\u00e9sulte d'une rupture de contrat, d'un d\u00e9lit civil, d'une n\u00e9gligence, d'un manquement \u00e0 une obligation l\u00e9gale ou autre.<\/li>\n\n\n\n<li class=\"base-block\">Les prix ne sont ni n\u00e9gociables, ni transf\u00e9rables, ni remboursables. Il n'y a pas d'alternative en esp\u00e8ces. Si un prix n'est pas disponible pour quelque raison que ce soit, l'organisateur se r\u00e9serve le droit de le remplacer par un prix de valeur \u00e9gale ou sup\u00e9rieure.<\/li>\n\n\n\n<li class=\"base-block\">Le nom, l'adresse, l'adresse \u00e9lectronique et le num\u00e9ro de t\u00e9l\u00e9phone du gagnant doivent \u00eatre fournis \u00e0 l'Organisateur s'il en fait la demande et seront partag\u00e9s pour permettre l'attribution du prix.<\/li>\n\n\n\n<li class=\"base-block\">En cas de circonstances impr\u00e9vues \u00e9chappant au contr\u00f4le raisonnable de l'organisateur, ce dernier se r\u00e9serve le droit d'annuler, de r\u00e9silier, de modifier ou de suspendre le concours ou les pr\u00e9sentes conditions g\u00e9n\u00e9rales, en tout ou en partie, avec ou sans pr\u00e9avis.<\/li>\n\n\n\n<li class=\"base-block\">La d\u00e9cision du promoteur est d\u00e9finitive. Aucune correspondance ne sera \u00e9chang\u00e9e.<\/li>\n\n\n\n<li class=\"base-block\">Le nom du gagnant et son nom d'utilisateur sur les m\u00e9dias sociaux peuvent \u00eatre publi\u00e9s sur les profils de m\u00e9dias sociaux du Promoteur apr\u00e8s la s\u00e9lection du gagnant.<\/li>\n<\/ul>\n<\/div>\n<\/div>","protected":false},"excerpt":{"rendered":"<p>Conditions g\u00e9n\u00e9rales d'utilisation du concours \"Santa Monica Staycation Social Media Giveaway<\/p>","protected":false},"author":1421,"featured_media":0,"parent":0,"menu_order":0,"comment_status":"closed","ping_status":"closed","template":"template-editorial.php","meta":{"_acf_changed":false,"inline_featured_image":false,"footnotes":""},"silos":[],"class_list":["post-436231","page","type-page","status-publish","hentry"],"acf":[],"_links":{"self":[{"href":"https:\/\/www.santamonica.com\/fr_fr\/wp-json\/wp\/v2\/pages\/436231","targetHints":{"allow":["GET"]}}],"collection":[{"href":"https:\/\/www.santamonica.com\/fr_fr\/wp-json\/wp\/v2\/pages"}],"about":[{"href":"https:\/\/www.santamonica.com\/fr_fr\/wp-json\/wp\/v2\/types\/page"}],"author":[{"embeddable":true,"href":"https:\/\/www.santamonica.com\/fr_fr\/wp-json\/wp\/v2\/users\/1421"}],"replies":[{"embeddable":true,"href":"https:\/\/www.santamonica.com\/fr_fr\/wp-json\/wp\/v2\/comments?post=436231"}],"version-history":[{"count":21,"href":"https:\/\/www.santamonica.com\/fr_fr\/wp-json\/wp\/v2\/pages\/436231\/revisions"}],"predecessor-version":[{"id":450808,"href":"https:\/\/www.santamonica.com\/fr_fr\/wp-json\/wp\/v2\/pages\/436231\/revisions\/450808"}],"wp:attachment":[{"href":"https:\/\/www.santamonica.com\/fr_fr\/wp-json\/wp\/v2\/media?parent=436231"}],"wp:term":[{"taxonomy":"silos","embeddable":true,"href":"https:\/\/www.santamonica.com\/fr_fr\/wp-json\/wp\/v2\/silos?post=436231"}],"curies":[{"name":"wp","href":"https:\/\/api.w.org\/{rel}","templated":true}]}}