{"id":428898,"date":"2024-09-04T13:29:29","date_gmt":"2024-09-04T20:29:29","guid":{"rendered":"https:\/\/www.santamonica.com\/?page_id=428898"},"modified":"2025-07-30T12:48:48","modified_gmt":"2025-07-30T19:48:48","slug":"formulaire-special-pour-la-semaine-de-la-technologie","status":"publish","type":"page","link":"https:\/\/www.santamonica.com\/fr_fr\/la-tech-week-specials-form\/","title":{"rendered":"Formulaire sp\u00e9cial LA Tech Week"},"content":{"rendered":"<section class=\"sun-title sm-block --theme6 --2col sm-block\">\n            <h2 class=\"sun-title__headline\">D\u00e9tails<\/h2>    \n            <div class=\"sun-title__body  --2col wysiwyg\">\n                    <div class=\"column-1\">\n                <h5>Pourquoi participer ?<\/h5>\n<ul>\n<li>Exposition gratuite \u00e0 des milliers de participants<\/li>\n<li>Augmenter la fr\u00e9quentation de votre entreprise<\/li>\n<li>Participer \u00e0 un \u00e9v\u00e9nement \u00e0 fort impact \u00e0 l'\u00e9chelle de la ville<\/li>\n<li>Soyez list\u00e9 sur la page des offres sp\u00e9ciales de la semaine de la technologie du SMTT<\/li>\n<\/ul>\n<h5>Comment soumettre votre offre<\/h5>\n<p>Remplissez le formulaire ci-dessous avec votre offre exclusive pour la LA Tech Week 2025. En soumettant votre offre \u00e0 l'avance, votre entreprise b\u00e9n\u00e9ficiera d'une visibilit\u00e9 maximale.<\/p>\n                            <\/div>\n            <div class=\"column-2\">\n                <h5>Voici quelques exemples d'offres sp\u00e9ciales \u00e0 proposer aux participants sur pr\u00e9sentation de leur bracelet LA Tech Week :<\/h5>\n<ul>\n<li>Pourcentage de r\u00e9duction sur l'ensemble de l'achat\/du repas (les pourcentages d\u00e9sign\u00e9s varient entre 5%-20%)<\/li>\n<li>R\u00e9duction d'un dollar sur l'ensemble de l'achat\/du repas (les valeurs d\u00e9sign\u00e9es varient entre $5 et $20)<\/li>\n<li>Article gratuit (par exemple, entr\u00e9e gratuite \u00e0 l'achat d'un plat principal, cadeau gratuit \u00e0 l'achat de $50 ou plus).<\/li>\n<li>Service sp\u00e9cial (par exemple, places assises garanties dans 15 minutes pour les participants \u00e0 la semaine technologique, menu \u00e0 prix fixe personnalis\u00e9 pour la semaine technologique, etc.)<\/li>\n<\/ul>\n                            <\/div>\n            <\/div>\n    <\/section>\n\n\n\n<section class=\"simpleview-form-block sm-block\">\n        <h2 class=\"simpleview-form-block__heading\">\n            Promotions de la semaine technologique 2025        <\/h2>\n    <div class=\"simpleview-form-block__form sm-form\">\n        <form action=\"\" method=\"post\" name=\"frm_243\" class=\"simpleForm\" onsubmit=\"return svcrm.formBuilderScripts.validateForm(this);\" data-trp-original-action=\"\">\r\n\t\t\t\t<input id=\"formid\" name=\"formid\" type=\"hidden\" value=\"243\">\r\n\t\t\t\t<input id=\"groupid\" name=\"groupid\" type=\"hidden\" value=\"16\">\r\n\t\t\t\t<input id=\"isSubmitted\" name=\"isSubmitted\" value=\"1\" type=\"hidden\">\r\n\t\t\t\t\r\n\t\t\t\t\r\n\t\t\t\t\t<h3>Sp\u00e9cial entreprises<\/h3>\r\n\t\t\t\t\t\r\n\t\t\t\t\t\t\t\t<div id=\"rowcontainer_udf_397\" class=\"row\">\r\n\t\t\t\t\t\t\t\t\t\r\n\t\t\t\t\t\t\t\t\t\t\t<div id=\"labelcontainer_udf_397\" class=\"medium-3 columns\">\r\n\t\t\t\t\t\t\t\t\t\t\t\t<div id=\"td_udf_397\">\r\n\t\t\t\t\t\t\t\t\t\t\t\t\t<label id=\"label_udf_397\" for=\"udf_397\" class=\"formreq\">Nom de l'entreprise* :<\/label>\r\n\t\t\t\t\t\t\t\t\t\t\t\t\t\r\n\t\t\t\t\t\t\t\t\t\t\t\t<\/div>\r\n\t\t\t\t\t\t\t\t\t\t\t<\/div>\t\r\n\t\t\t\t\t\t\t\t\t\t\r\n\t\t\t\t\t\t\t\t\t<div id=\"fieldcontainer_udf_397\" class=\"medium-9 columns\">\r\n\t\t\t\t\t\t\t\t\t\t\r\n\t\t\t\r\n\t\t\t<input class=\"\" id=\"udf_397\" name=\"udf_397\" type=\"text\" size=\"25\" value=\"\">\r\n\t\t\t\r\n\t\t\t\t\t\t\t\t\t<\/div>\t\t\t\t\t\t\t\t\t\r\n\t\t\t\t\t\t\t\t<\/div>\r\n\t\t\t\t\t\t\t\r\n\t\t\t\t\t\t\t\t<div id=\"rowcontainer_udf_396\" class=\"row\">\r\n\t\t\t\t\t\t\t\t\t\r\n\t\t\t\t\t\t\t\t\t\t\t<div id=\"labelcontainer_udf_396\" class=\"medium-3 columns\">\r\n\t\t\t\t\t\t\t\t\t\t\t\t<div id=\"td_udf_396\">\r\n\t\t\t\t\t\t\t\t\t\t\t\t\t<label id=\"label_udf_396\" for=\"udf_396\" class=\"formreq\">Description de l'offre* :<\/label>\r\n\t\t\t\t\t\t\t\t\t\t\t\t\t\r\n\t\t\t\t\t\t\t\t\t\t\t\t<\/div>\r\n\t\t\t\t\t\t\t\t\t\t\t<\/div>\t\r\n\t\t\t\t\t\t\t\t\t\t\r\n\t\t\t\t\t\t\t\t\t<div id=\"fieldcontainer_udf_396\" class=\"medium-9 columns\">\r\n\t\t\t\t\t\t\t\t\t\t\t\t\t\r\n\t\t\t<textarea class=\"\" id=\"udf_396\" name=\"udf_396\" cols=\"40\" rows=\"6\"><\/textarea>\r\n\t\t\t\r\n\t\t\t\t\t\t\t\t\t<\/div>\t\t\t\t\t\t\t\t\t\r\n\t\t\t\t\t\t\t\t<\/div>\r\n\t\t\t\t\t\t\t\r\n\t\t\t\t\t\t\t\t<div id=\"rowcontainer_udf_400\" class=\"row\">\r\n\t\t\t\t\t\t\t\t\t\r\n\t\t\t\t\t\t\t\t\t\t\t<div id=\"labelcontainer_udf_400\" class=\"medium-3 columns\">\r\n\t\t\t\t\t\t\t\t\t\t\t\t<div id=\"td_udf_400\">\r\n\t\t\t\t\t\t\t\t\t\t\t\t\t<label id=\"label_udf_400\" for=\"udf_400\" class=\"formreq\">Date de d\u00e9but de l'offre* :<\/label>\r\n\t\t\t\t\t\t\t\t\t\t\t\t\t\r\n\t\t\t\t\t\t\t\t\t\t\t\t<\/div>\r\n\t\t\t\t\t\t\t\t\t\t\t<\/div>\t\r\n\t\t\t\t\t\t\t\t\t\t\r\n\t\t\t\t\t\t\t\t\t<div id=\"fieldcontainer_udf_400\" class=\"medium-9 columns field-wrapper --date-wrap\">\r\n\t\t\t\t\t\t\t\t\t\t\t\t\t\t\r\n\t\t\t<input class=\"\" id=\"udf_400\" name=\"udf_400\" type=\"date\" size=\"8\" value=\"\"><img decoding=\"async\" id=\"datepicker_udf_400\" class=\"ui-datepicker-trigger\" align=\"absmiddle\" src=\"https:\/\/santamonica.simpleviewcrm.com\/core_crm\/resources\/images\/cms_images\/cal_button.gif\" width=\"22\" height=\"16\" alt=\"Calendrier udf_400\" border=\"0\" hspace=\"4\" onclick=\"svcrm.formBuilderScripts.fbCalendar.showDatePicker(this,document.getElementById(&#039;udf_400&#039;).value);\" title=\"\"> \r\n\t\t\t\t\t\t\t\t\t<\/div>\t\t\t\t\t\t\t\t\t\r\n\t\t\t\t\t\t\t\t<\/div>\r\n\t\t\t\t\t\t\t\r\n\t\t\t\t\t\t\t\t<div id=\"rowcontainer_udf_401\" class=\"row\">\r\n\t\t\t\t\t\t\t\t\t\r\n\t\t\t\t\t\t\t\t\t\t\t<div id=\"labelcontainer_udf_401\" class=\"medium-3 columns\">\r\n\t\t\t\t\t\t\t\t\t\t\t\t<div id=\"td_udf_401\">\r\n\t\t\t\t\t\t\t\t\t\t\t\t\t<label id=\"label_udf_401\" for=\"udf_401\" class=\"formreq\">Date de fin de l'offre* :<\/label>\r\n\t\t\t\t\t\t\t\t\t\t\t\t\t\r\n\t\t\t\t\t\t\t\t\t\t\t\t<\/div>\r\n\t\t\t\t\t\t\t\t\t\t\t<\/div>\t\r\n\t\t\t\t\t\t\t\t\t\t\r\n\t\t\t\t\t\t\t\t\t<div id=\"fieldcontainer_udf_401\" class=\"medium-9 columns field-wrapper --date-wrap\">\r\n\t\t\t\t\t\t\t\t\t\t\t\t\t\t\r\n\t\t\t<input class=\"\" id=\"udf_401\" name=\"udf_401\" type=\"date\" size=\"8\" value=\"\"><img decoding=\"async\" id=\"datepicker_udf_401\" class=\"ui-datepicker-trigger\" align=\"absmiddle\" src=\"https:\/\/santamonica.simpleviewcrm.com\/core_crm\/resources\/images\/cms_images\/cal_button.gif\" width=\"22\" height=\"16\" alt=\"Calendrier udf_401\" border=\"0\" hspace=\"4\" onclick=\"svcrm.formBuilderScripts.fbCalendar.showDatePicker(this,document.getElementById(&#039;udf_401&#039;).value);\" title=\"\"> \r\n\t\t\t\t\t\t\t\t\t<\/div>\t\t\t\t\t\t\t\t\t\r\n\t\t\t\t\t\t\t\t<\/div>\r\n\t\t\t\t\t\t\t\r\n\t\t\t\t\t\t\t\t<div id=\"rowcontainer_udf_398\" class=\"row\">\r\n\t\t\t\t\t\t\t\t\t\r\n\t\t\t\t\t\t\t\t\t\t\t<div id=\"labelcontainer_udf_398\" class=\"medium-3 columns\">\r\n\t\t\t\t\t\t\t\t\t\t\t\t<div id=\"td_udf_398\">\r\n\t\t\t\t\t\t\t\t\t\t\t\t\t<label id=\"label_udf_398\" for=\"udf_398\" class=\"formreq\">T\u00e9l\u00e9phone pour les demandes de renseignements:* :<\/label>\r\n\t\t\t\t\t\t\t\t\t\t\t\t\t\r\n\t\t\t\t\t\t\t\t\t\t\t\t<\/div>\r\n\t\t\t\t\t\t\t\t\t\t\t<\/div>\t\r\n\t\t\t\t\t\t\t\t\t\t\r\n\t\t\t\t\t\t\t\t\t<div id=\"fieldcontainer_udf_398\" class=\"medium-9 columns\">\r\n\t\t\t\t\t\t\t\t\t\t\r\n\t\t\t\r\n\t\t\t<input class=\"\" id=\"udf_398\" name=\"udf_398\" type=\"text\" size=\"25\" value=\"\" onblur=\"svcrm.formBuilderScripts.checkPhone(this); svcrm.formBuilderScripts.fmtPhone(this,'xxx-xxx-xxxx'); \">\r\n\t\t\t\r\n\t\t\t\t\t\t\t\t\t<\/div>\t\t\t\t\t\t\t\t\t\r\n\t\t\t\t\t\t\t\t<\/div>\r\n\t\t\t\t\t\t\t\r\n\t\t\t\t\t\t\t\t<div id=\"rowcontainer_udf_399\" class=\"row\">\r\n\t\t\t\t\t\t\t\t\t\r\n\t\t\t\t\t\t\t\t\t\t\t<div id=\"labelcontainer_udf_399\" class=\"medium-3 columns\">\r\n\t\t\t\t\t\t\t\t\t\t\t\t<div id=\"td_udf_399\">\r\n\t\t\t\t\t\t\t\t\t\t\t\t\t<label id=\"label_udf_399\" for=\"udf_399\" class=\"formtext\">URL du site web<\/label>\r\n\t\t\t\t\t\t\t\t\t\t\t\t\t\r\n\t\t\t\t\t\t\t\t\t\t\t\t<\/div>\r\n\t\t\t\t\t\t\t\t\t\t\t<\/div>\t\r\n\t\t\t\t\t\t\t\t\t\t\r\n\t\t\t\t\t\t\t\t\t<div id=\"fieldcontainer_udf_399\" class=\"medium-9 columns\">\r\n\t\t\t\t\t\t\t\t\t\t\r\n\t\t\t\r\n\t\t\t<input class=\"\" id=\"udf_399\" name=\"udf_399\" type=\"text\" size=\"25\" value=\"\">\r\n\t\t\t\r\n\t\t\t\t\t\t\t\t\t<\/div>\t\t\t\t\t\t\t\t\t\r\n\t\t\t\t\t\t\t\t<\/div>\r\n\t\t\t\t\t\t\t\r\n\t\t\t\t\t<h3>Informations sur le contact<\/h3>\r\n\t\t\t\t\t\r\n\t\t\t\t\t\t\t\t<div id=\"rowcontainer_contact_fullname\" class=\"row\">\r\n\t\t\t\t\t\t\t\t\t\r\n\t\t\t\t\t\t\t\t\t\t\t<div id=\"labelcontainer_contact_fullname\" class=\"medium-3 columns\">\r\n\t\t\t\t\t\t\t\t\t\t\t\t<div id=\"td_contact_fullname\">\r\n\t\t\t\t\t\t\t\t\t\t\t\t\t<label id=\"label_contact_fullname\" for=\"contact_fullname\" class=\"formreq\">Nom complet* :<\/label>\r\n\t\t\t\t\t\t\t\t\t\t\t\t\t\r\n\t\t\t\t\t\t\t\t\t\t\t\t<\/div>\r\n\t\t\t\t\t\t\t\t\t\t\t<\/div>\t\r\n\t\t\t\t\t\t\t\t\t\t\r\n\t\t\t\t\t\t\t\t\t<div id=\"fieldcontainer_contact_fullname\" class=\"medium-9 columns\">\r\n\t\t\t\t\t\t\t\t\t\t\r\n\t\t\t\r\n\t\t\t<input class=\"\" id=\"contact_fullname\" name=\"contact_fullname\" type=\"text\" size=\"25\" value=\"\">\r\n\t\t\t\r\n\t\t\t\t\t\t\t\t\t<\/div>\t\t\t\t\t\t\t\t\t\r\n\t\t\t\t\t\t\t\t<\/div>\r\n\t\t\t\t\t\t\t\r\n\t\t\t\t\t\t\t\t<div id=\"rowcontainer_contact_company\" class=\"row\">\r\n\t\t\t\t\t\t\t\t\t\r\n\t\t\t\t\t\t\t\t\t\t\t<div id=\"labelcontainer_contact_company\" class=\"medium-3 columns\">\r\n\t\t\t\t\t\t\t\t\t\t\t\t<div id=\"td_contact_company\">\r\n\t\t\t\t\t\t\t\t\t\t\t\t\t<label id=\"label_contact_company\" for=\"contact_company\" class=\"formreq\">Entreprise* :<\/label>\r\n\t\t\t\t\t\t\t\t\t\t\t\t\t\r\n\t\t\t\t\t\t\t\t\t\t\t\t<\/div>\r\n\t\t\t\t\t\t\t\t\t\t\t<\/div>\t\r\n\t\t\t\t\t\t\t\t\t\t\r\n\t\t\t\t\t\t\t\t\t<div id=\"fieldcontainer_contact_company\" class=\"medium-9 columns\">\r\n\t\t\t\t\t\t\t\t\t\t\r\n\t\t\t\r\n\t\t\t<input class=\"\" id=\"contact_company\" name=\"contact_company\" type=\"text\" size=\"25\" value=\"\">\r\n\t\t\t\r\n\t\t\t\t\t\t\t\t\t<\/div>\t\t\t\t\t\t\t\t\t\r\n\t\t\t\t\t\t\t\t<\/div>\r\n\t\t\t\t\t\t\t\r\n\t\t\t\t\t\t\t\t<div id=\"rowcontainer_contact_title\" class=\"row\">\r\n\t\t\t\t\t\t\t\t\t\r\n\t\t\t\t\t\t\t\t\t\t\t<div id=\"labelcontainer_contact_title\" class=\"medium-3 columns\">\r\n\t\t\t\t\t\t\t\t\t\t\t\t<div id=\"td_contact_title\">\r\n\t\t\t\t\t\t\t\t\t\t\t\t\t<label id=\"label_contact_title\" for=\"contact_title\" class=\"formtext\">Titre :<\/label>\r\n\t\t\t\t\t\t\t\t\t\t\t\t\t\r\n\t\t\t\t\t\t\t\t\t\t\t\t<\/div>\r\n\t\t\t\t\t\t\t\t\t\t\t<\/div>\t\r\n\t\t\t\t\t\t\t\t\t\t\r\n\t\t\t\t\t\t\t\t\t<div id=\"fieldcontainer_contact_title\" class=\"medium-9 columns\">\r\n\t\t\t\t\t\t\t\t\t\t\r\n\t\t\t\r\n\t\t\t<input class=\"\" id=\"contact_title\" name=\"contact_title\" type=\"text\" size=\"25\" value=\"\">\r\n\t\t\t\r\n\t\t\t\t\t\t\t\t\t<\/div>\t\t\t\t\t\t\t\t\t\r\n\t\t\t\t\t\t\t\t<\/div>\r\n\t\t\t\t\t\t\t\r\n\t\t\t\t\t\t\t\t<div id=\"rowcontainer_contact_email\" class=\"row\">\r\n\t\t\t\t\t\t\t\t\t\r\n\t\t\t\t\t\t\t\t\t\t\t<div id=\"labelcontainer_contact_email\" class=\"medium-3 columns\">\r\n\t\t\t\t\t\t\t\t\t\t\t\t<div id=\"td_contact_email\">\r\n\t\t\t\t\t\t\t\t\t\t\t\t\t<label id=\"label_contact_email\" for=\"contact_email\" class=\"formreq\">Courriel* :<\/label>\r\n\t\t\t\t\t\t\t\t\t\t\t\t\t\r\n\t\t\t\t\t\t\t\t\t\t\t\t<\/div>\r\n\t\t\t\t\t\t\t\t\t\t\t<\/div>\t\r\n\t\t\t\t\t\t\t\t\t\t\r\n\t\t\t\t\t\t\t\t\t<div id=\"fieldcontainer_contact_email\" class=\"medium-9 columns\">\r\n\t\t\t\t\t\t\t\t\t\t\r\n\t\t\t\r\n\t\t\t<input class=\"\" id=\"contact_email\" name=\"contact_email\" type=\"text\" size=\"25\" value=\"\" onblur=\"svcrm.formBuilderScripts.checkEmail(this); \">\r\n\t\t\t\r\n\t\t\t\t\t\t\t\t\t<\/div>\t\t\t\t\t\t\t\t\t\r\n\t\t\t\t\t\t\t\t<\/div>\r\n\t\t\t\t\t\t\t\r\n\t\t\t\t\t\t\t\t<div id=\"rowcontainer_contact_phone\" class=\"row\">\r\n\t\t\t\t\t\t\t\t\t\r\n\t\t\t\t\t\t\t\t\t\t\t<div id=\"labelcontainer_contact_phone\" class=\"medium-3 columns\">\r\n\t\t\t\t\t\t\t\t\t\t\t\t<div id=\"td_contact_phone\">\r\n\t\t\t\t\t\t\t\t\t\t\t\t\t<label id=\"label_contact_phone\" for=\"contact_phone\" class=\"formreq\">T\u00e9l\u00e9phone* :<\/label>\r\n\t\t\t\t\t\t\t\t\t\t\t\t\t\r\n\t\t\t\t\t\t\t\t\t\t\t\t<\/div>\r\n\t\t\t\t\t\t\t\t\t\t\t<\/div>\t\r\n\t\t\t\t\t\t\t\t\t\t\r\n\t\t\t\t\t\t\t\t\t<div id=\"fieldcontainer_contact_phone\" class=\"medium-9 columns\">\r\n\t\t\t\t\t\t\t\t\t\t\r\n\t\t\t\r\n\t\t\t<input class=\"\" id=\"contact_phone\" name=\"contact_phone\" type=\"text\" size=\"25\" value=\"\" onblur=\"svcrm.formBuilderScripts.checkPhone(this); svcrm.formBuilderScripts.fmtPhone(this,'xxx-xxx-xxxx'); \">\r\n\t\t\t\r\n\t\t\t\t\t\t\t\t\t<\/div>\t\t\t\t\t\t\t\t\t\r\n\t\t\t\t\t\t\t\t<\/div>\r\n\t\t\t\t\t\t\t\r\n\r\n\t\t\t\t<p class=\"hint formreq text-center\">* Indique un champ obligatoire.<\/p>\r\n\t\t\t\t<hr size=\"1\" color=\"cccccc\" width=\"100%\">\r\n\t\t\t\t<div class=\"row\">\r\n\t\t\t\t\t<div class=\"medium-6 small-centered captcha columns\">\r\n\t\t\t\t\t\t\r\n                    <div id=\"g-recaptcha\" class=\"g-recaptcha\"><\/div>\r\n                \r\n            <input type=\"hidden\" name=\"code\" id=\"code\" value=\"1234\">\r\n            <input type=\"hidden\" name=\"code_key\" id=\"code_key\" value=\"rO0ABXQABDEyMzQ=\">\r\n            \r\n\t\t\t\t\t<\/div>\r\n\t\t\t\t<\/div>\r\n\r\n\t\t\t\t<hr size=\"1\" color=\"cccccc\" width=\"100%\">\r\n\t\t\t\t<div class=\"row\">\r\n\t\t\t\t\t<div class=\"medium-6 small-centered columns formCntrls\">\r\n\t\t\t\t\t\t<label for=\"savefrm_button\" class=\"label_hidden\">Soumettre<\/label>\r\n\t\t\t\t\t\t<input class=\"button\" id=\"savefrm_button\" name=\"savefrm\" type=\"Submit\" value=\"Submit\">\r\n\t\t\t\t\t\t<label for=\"resetfrm_button\" class=\"label_hidden\">Remise \u00e0 z\u00e9ro<\/label>\r\n\t\t\t\t\t\t<input class=\"button\" id=\"resetfrm_button\" type=\"Reset\" value=\"Reset\">\r\n\t\t\t\t\t<\/div>\r\n\t\t\t\t<\/div>\r\n\t\t\t<input type=\"hidden\" name=\"trp-form-language\" value=\"fr_fr\"\/><\/form>    <\/div>\n<\/section>","protected":false},"excerpt":{"rendered":"","protected":false},"author":1421,"featured_media":769949,"parent":0,"menu_order":0,"comment_status":"closed","ping_status":"closed","template":"template-editorial.php","meta":{"_acf_changed":false,"inline_featured_image":false,"footnotes":""},"silos":[],"class_list":["post-428898","page","type-page","status-publish","has-post-thumbnail","hentry"],"acf":[],"_links":{"self":[{"href":"https:\/\/www.santamonica.com\/fr_fr\/wp-json\/wp\/v2\/pages\/428898","targetHints":{"allow":["GET"]}}],"collection":[{"href":"https:\/\/www.santamonica.com\/fr_fr\/wp-json\/wp\/v2\/pages"}],"about":[{"href":"https:\/\/www.santamonica.com\/fr_fr\/wp-json\/wp\/v2\/types\/page"}],"author":[{"embeddable":true,"href":"https:\/\/www.santamonica.com\/fr_fr\/wp-json\/wp\/v2\/users\/1421"}],"replies":[{"embeddable":true,"href":"https:\/\/www.santamonica.com\/fr_fr\/wp-json\/wp\/v2\/comments?post=428898"}],"version-history":[{"count":36,"href":"https:\/\/www.santamonica.com\/fr_fr\/wp-json\/wp\/v2\/pages\/428898\/revisions"}],"predecessor-version":[{"id":772153,"href":"https:\/\/www.santamonica.com\/fr_fr\/wp-json\/wp\/v2\/pages\/428898\/revisions\/772153"}],"wp:featuredmedia":[{"embeddable":true,"href":"https:\/\/www.santamonica.com\/fr_fr\/wp-json\/wp\/v2\/media\/769949"}],"wp:attachment":[{"href":"https:\/\/www.santamonica.com\/fr_fr\/wp-json\/wp\/v2\/media?parent=428898"}],"wp:term":[{"taxonomy":"silos","embeddable":true,"href":"https:\/\/www.santamonica.com\/fr_fr\/wp-json\/wp\/v2\/silos?post=428898"}],"curies":[{"name":"wp","href":"https:\/\/api.w.org\/{rel}","templated":true}]}}