{"id":397341,"date":"2023-12-15T05:14:12","date_gmt":"2023-12-15T13:14:12","guid":{"rendered":"https:\/\/www.santamonica.com\/?page_id=397341"},"modified":"2025-07-22T14:55:42","modified_gmt":"2025-07-22T21:55:42","slug":"plan-de-gestion-de-lexperience","status":"publish","type":"page","link":"https:\/\/www.santamonica.com\/fr_fr\/experience-management-plan\/","title":{"rendered":"Plan de gestion de l'exp\u00e9rience de Santa Monica"},"content":{"rendered":"<section class=\"image-section-break sm-block\">\n    <div class=\"image-section-break__image-wrapper\">\n                \n\n    <\/div>\n    <div class=\"image-section-break__text-content\">\n        <div class=\"image-section-break__first-content --theme3\">\n                            <div class=\"image-section-break__eyebrow-text\">En savoir plus<\/div>\n                                        <h2 class=\"image-section-break__title\">Qu'est-ce que le plan de gestion de l'exp\u00e9rience ?<\/h2>\n                                        <div class=\"image-section-break__body-copy wysiwyg\"><p>Le plan de gestion de l'exp\u00e9rience (Experience Management Plan - EMP) est un cadre d\u00e9cennal et une feuille de route partag\u00e9e d'id\u00e9es, de strat\u00e9gies et de plans d'action que nous pouvons adopter pour g\u00e9rer et am\u00e9liorer l'exp\u00e9rience de Santa Monica pour les r\u00e9sidents, la main-d'\u0153uvre, les visiteurs, les entreprises et bien plus encore. Son objectif est de servir de v\u00e9hicule d'influence pour guider nos actions en tant que communaut\u00e9 plut\u00f4t qu'en tant qu'entit\u00e9s disparates, afin d'assurer une meilleure communication, d'\u00e9viter la r\u00e9p\u00e9tition des efforts et de maximiser notre impact collectif pour avancer de mani\u00e8re coh\u00e9rente vers une vision commune de l'avenir.<\/p>\n<h4><strong>Pourquoi est-ce important pour Santa Monica ?<\/strong><\/h4>\n<p>Le PEM est l'occasion de participer \u00e0 l'\u00e9laboration proactive de l'avenir de Santa Monica. Gr\u00e2ce \u00e0 l'implication de tous les membres de la communaut\u00e9 de Santa Monica, nous serons en mesure de mieux aligner nos efforts sur nos objectifs communs. Il en r\u00e9sultera une meilleure qualit\u00e9 de vie pour les habitants de Santa Monica, une exp\u00e9rience touristique remarquable qui r\u00e9sistera \u00e0 l'\u00e9preuve du temps et une \u00e9conomie locale plus forte et plus r\u00e9siliente.<\/p>\n<h4><strong>Quels sont les objectifs vis\u00e9s ?<\/strong><\/h4>\n<p>Pour commencer, nous nous concentrons sur le lancement de quatre strat\u00e9gies, m\u00eame si d'autres strat\u00e9gies verront le jour au cours des dix prochaines ann\u00e9es. Ces quatre strat\u00e9gies sont les suivantes<\/p>\n<ol>\n<li>Veiller \u00e0 ce que Santa Monica soit un lieu s\u00fbr et propre o\u00f9 il fait bon vivre et visiter,<\/li>\n<li>Mettre en valeur et exploiter les \u00e9v\u00e9nements culturels,<\/li>\n<li>Soutenir l'habitabilit\u00e9 de la communaut\u00e9 de Santa Monica, et<\/li>\n<li>Promouvoir la diversit\u00e9 des commerces, des restaurants et des soir\u00e9es.<\/li>\n<\/ol>\n<\/div>\n                                <\/div>\n        <div class=\"image-section-break__second-content\">\n                            <div class=\"image-section-break__body-copy wysiwyg\"><h4><strong>Comment le plan sera-t-il mis en \u0153uvre ?<\/strong><\/h4>\n<p>Le plan sera mis en \u0153uvre dans un cadre d'impact collectif. Cela signifie qu'aucune entit\u00e9 de la communaut\u00e9 n'est responsable des objectifs mis en avant par le plan ; le PGE est partag\u00e9 par l'ensemble de la communaut\u00e9 afin de maintenir les efforts en ligne et de r\u00e9duire la pression sur une personne, une entreprise ou un groupe en particulier. Des comit\u00e9s strat\u00e9giques (supervis\u00e9s par un comit\u00e9 de gouvernance) se sont r\u00e9unis pour r\u00e9fl\u00e9chir \u00e0 la mani\u00e8re d'avancer dans la concr\u00e9tisation de notre vision commune de l'exp\u00e9rience de Santa Monica. L'int\u00e9gration de leurs nombreuses activit\u00e9s et de leurs diff\u00e9rents points de vue permettra de maximiser le r\u00e9sultat final. Le plan est flexible et sera mis \u00e0 jour et ajust\u00e9 si n\u00e9cessaire au fil du temps.<\/p>\n<h4><strong>Quel est le r\u00f4le de l'administration municipale ?<\/strong><\/h4>\n<p>La ville de Santa Monica coparraine et soutient le plan de gestion de l'exp\u00e9rience, et les employ\u00e9s de la ville font partie des comit\u00e9s du PGE.<\/p>\n<h4><strong>Quel est le r\u00f4le de Santa Monica Travel &amp; Tourism ?<\/strong><\/h4>\n<p>Le SMTT joue le r\u00f4le d'organisation de soutien pour le PEM en coordonnant le travail des comit\u00e9s. Il a fourni des animateurs pour soutenir chaque comit\u00e9 et aidera \u00e0 communiquer sur les progr\u00e8s du PEM.<\/p>\n<h4><strong>Comment s'impliquer ?<\/strong><\/h4>\n<p>Si vous souhaitez participer au PGE, veuillez envoyer un courriel \u00e0 l'adresse suivante <a href=\"mailto:EMP@santamonica.com\">EMP@santamonica.com<\/a>.<\/p>\n<\/div>\n                                <\/div>\n    <\/div>\n<\/section>\n\n\n\n<section class=\"image-section-break sm-block\">\n    <div class=\"image-section-break__image-wrapper\">\n                    <picture>\n                    <source\n                        media=\"(min-width: 768px)\"\n                        srcset=\"https:\/\/www.santamonica.com\/wp-content\/uploads\/2024\/01\/Beach-Long.jpg\"\n                    >\n                    <img decoding=\"async\" src=\"https:\/\/www.santamonica.com\/wp-content\/uploads\/2024\/01\/Beach-Tall.jpg\" class=\"image-section-break__image\" alt=\"\" title=\"\">\n            <\/picture>\n                \n\n    <\/div>\n    <div class=\"image-section-break__text-content\">\n        <div class=\"image-section-break__first-content --theme3\">\n                            <div class=\"image-section-break__eyebrow-text\">Vue d'ensemble<\/div>\n                                        <h2 class=\"image-section-break__title\">Comit\u00e9s, d\u00e9clarations de mission et contacts<\/h2>\n                                        <div class=\"image-section-break__body-copy wysiwyg\"><p><em>Vue d'ensemble des cinq comit\u00e9s du plan de gestion de l'exp\u00e9rience de Santa Monica, de leur objectif, de leur pr\u00e9sident, de leur vice-pr\u00e9sident et du facilitateur du SMTT.<\/em><\/p>\n<p>&nbsp;<\/p>\n<h4 class=\"p1\"><strong>Comit\u00e9 de gouvernance<\/strong><\/h4>\n<p class=\"p1\">Soutenir les efforts des autres comit\u00e9s du PEM en fournissant des orientations, en \u00e9tablissant des politiques, en identifiant des ressources potentielles, en r\u00e9pondant aux pr\u00e9occupations concernant les mesures \u00e0 prendre, en recommandant le moment opportun pour mettre en place des strat\u00e9gies suppl\u00e9mentaires tout au long des dix ann\u00e9es du PEM, en communiquant l'impact des efforts des comit\u00e9s et en veillant \u00e0 ce que les actions des comit\u00e9s adh\u00e8rent aux principes directeurs de la gestion, de la durabilit\u00e9 et de la diversit\u00e9, de l'\u00e9quit\u00e9, de l'inclusion et de l'accessibilit\u00e9 (DEIA).<\/p>\n<p class=\"p1\"><strong>Pr\u00e9sident<\/strong>: Albin Gielicz<br \/>\nR\u00e9sident, Cercle du Pr\u00e9sident du SMTT<\/p>\n<p class=\"p1\"><strong>Vice-pr\u00e9sident<\/strong>: Neil Carrey<br \/>\nPr\u00e9sident du conseil d'administration du SMTT<\/p>\n<p><strong>Facilitateur SMTT<\/strong>: Misti Kerns<\/p>\n<h4 class=\"p1\">Comit\u00e9<strong>\u00a0Veiller \u00e0 ce que Santa Monica soit un lieu s\u00fbr et propre o\u00f9 il fait bon vivre et visiter<\/strong><\/h4>\n<p class=\"p1\">Identifier les efforts actuels entrepris par la ville, les agences locales, les organisations \u00e0 but non lucratif et les organisations pour traiter les questions de s\u00e9curit\u00e9 et de propret\u00e9 (y compris celles associ\u00e9es aux personnes non log\u00e9es et \u00e0 la sant\u00e9 comportementale) ; d\u00e9terminer si d'autres efforts et\/ou ressources sont n\u00e9cessaires ; veiller \u00e0 ce qu'il y ait un message commun et une communication claire et coh\u00e9rente ; et fournir un soutien et une d\u00e9fense des int\u00e9r\u00eats des personnes concern\u00e9es.<\/p>\n<p class=\"p1\"><strong>Pr\u00e9sident<\/strong>: Andrew Thomas<br \/>\nDirecteur g\u00e9n\u00e9ral, Downtown Santa Monica<\/p>\n<p class=\"p1\"><strong>Vice-pr\u00e9sident<\/strong>: Becky Warren<br \/>\nR\u00e9sident<\/p>\n<p><strong>Facilitateurs SMTT<\/strong>: Misti Kerns<\/p>\n<\/div>\n                                <\/div>\n        <div class=\"image-section-break__second-content\">\n                            <div class=\"image-section-break__body-copy wysiwyg\"><h4 class=\"p1\">Comit\u00e9<strong> \u00e0 <\/strong><strong>Soutenir la viabilit\u00e9 de la communaut\u00e9 de Santa Monica<\/strong><\/h4>\n<p class=\"p1\">Soutenir, coordonner et d\u00e9fendre les efforts entrepris par la ville, les organisations \u00e0 but non lucratif et d'autres organisations pour faire en sorte que Santa Monica soit per\u00e7ue comme une communaut\u00e9 vivable par ceux qui y vivent, y travaillent et la visitent en termes d'accessibilit\u00e9 financi\u00e8re, d'am\u00e9lioration du couvert v\u00e9g\u00e9tal urbain, de mobilit\u00e9 suffisante et d'options de transport, de s\u00e9curit\u00e9 routi\u00e8re et pi\u00e9tonni\u00e8re, ainsi que d'activit\u00e9s et d'offres gratuites et abordables en mati\u00e8re de bien-\u00eatre.<\/p>\n<p class=\"p1\"><strong>Pr\u00e9sident<\/strong>: Tara Barauskas, directrice ex\u00e9cutive, Community Corporation of Santa Monica<\/p>\n<p><strong>Facilitateur SMTT<\/strong>: Lauren Salisbury<\/p>\n<h4 class=\"p1\">Comit\u00e9<strong> \u00e0 <\/strong>Mettre en \u00e9vidence et exploiter les \u00e9v\u00e9nements culturels<\/h4>\n<p class=\"p1\">D\u00e9fendre et relier les atouts culturels et artistiques actuels, identifier les lacunes dans les offres, soutenir les nouvelles offres et faire des recommandations pour aider la programmation \u00e0 devenir plus inclusive et plus efficace pour l'ensemble de la communaut\u00e9 de Santa Monica.<\/p>\n<p class=\"p1\"><strong>Pr\u00e9sident<\/strong>: Jan WIlliamson<br \/>\nDirecteur ex\u00e9cutif, 18<span class=\"s1\">th <\/span>Street Arts Center ; membre du conseil d'administration du SMTT<\/p>\n<p class=\"p1\"><strong>Vice-pr\u00e9sident<\/strong>: Darlene Evans<br \/>\nMembre du conseil d'administration du SMTT<\/p>\n<p><strong>Facilitateur SMTT<\/strong>: Rachel Lozano<\/p>\n<h4 class=\"p1\">Comit\u00e9<strong>\u00a0\u00e0 <\/strong>Promouvoir la diversit\u00e9 des commerces, des restaurants et des soir\u00e9es<\/h4>\n<p class=\"p1\">Obtenir des r\u00e9sultats tangibles qui am\u00e9liorent la situation des entreprises, offrent des exp\u00e9riences nouvelles et diversifi\u00e9es aux habitants et aux visiteurs, et am\u00e9liorent l'exp\u00e9rience globale de Santa Monica.<\/p>\n<p class=\"p1\"><strong>Pr\u00e9sident<\/strong>: Peter Trinh<br \/>\nMembre du conseil d'administration et propri\u00e9taire d'entreprise, Downtown Santa Monica<\/p>\n<p><strong>Facilitateur SMTT<\/strong>: Evan Edwards<\/p>\n<\/div>\n                                <\/div>\n    <\/div>\n<\/section>\n\n\n\n<section class=\"two-images container-max sm-block --flip sm-block\">\n    <div class=\"two-images__container --flip\">\n\n        <div class=\"two-images__column\">\n            <div class=\"two-images__content\">\n                <div class=\"two-images__content-header-container\">\n                                            <h2 class=\"two-images__content-header\">Liens et ressources utiles<\/h2>                                    <\/div>\n                                    <div class=\"two-images__content-body wysiwyg\">\n                        <ul>\n<li><a href=\"https:\/\/www.santamonica.com\/wp-content\/uploads\/2023\/12\/Santa-Monica-Experience-Management-Plan-4.13.23.pdf\" target=\"_blank\" rel=\"noopener\">Voir le plan de gestion de l'exp\u00e9rience complet<\/a><\/li>\n<li><a href=\"https:\/\/lp.constantcontactpages.com\/sl\/0lZ3YEx\/SantaMonicaEMP\" target=\"_blank\" rel=\"noopener\">S'inscrire \u00e0 la lettre d'information du PEM<\/a><\/li>\n<li><a href=\"https:\/\/www.santamonica.com\/wp-content\/uploads\/2023\/12\/Collective-Impact-Framework.pdf\" target=\"_blank\" rel=\"noopener\">Cadre de l'impact collectif<\/a><\/li>\n<li><a href=\"https:\/\/www.santamonica.com\/wp-content\/uploads\/2023\/12\/Santa-Monica-EMP-Outline.pdf\" target=\"_blank\" rel=\"noopener\">Pont EMP<\/a>: Qu'est-ce que le PEM et quel est son objectif ? Quels sont les th\u00e8mes ou les lignes d'action ?<\/li>\n<li>Contactez nous : <a href=\"mailto:EMP@santamonica.com\">EMP@santamonica.com<\/a><\/li>\n<\/ul>\n                    <\/div>\n                                            <\/div>\n        <\/div>\n\n        <div class=\"two-images__column\">\n                            <div class=\"two-images__image-container\">\n                    <img decoding=\"async\" width=\"424\" height=\"504\" src=\"https:\/\/www.santamonica.com\/wp-content\/uploads\/2023\/12\/Santa-Monica-Public-Art-Palisades-Park-424x504-1.jpg\" class=\"two-images__image\" alt=\"\" loading=\"lazy\" srcset=\"https:\/\/www.santamonica.com\/wp-content\/uploads\/2023\/12\/Santa-Monica-Public-Art-Palisades-Park-424x504-1.jpg 424w, https:\/\/www.santamonica.com\/wp-content\/uploads\/2023\/12\/Santa-Monica-Public-Art-Palisades-Park-424x504-1-252x300.jpg 252w, https:\/\/www.santamonica.com\/wp-content\/uploads\/2023\/12\/Santa-Monica-Public-Art-Palisades-Park-424x504-1-126x150.jpg 126w\" sizes=\"auto, (max-width: 424px) 100vw, 424px\" title=\"\">                    \n\n                <\/div>\n                    <\/div>\n\n        <div class=\"two-images__column\">\n                            <div class=\"two-images__image-container\">\n                    <img decoding=\"async\" width=\"600\" height=\"564\" src=\"https:\/\/www.santamonica.com\/wp-content\/uploads\/2023\/12\/Santa-Monica-Pier-Sign-Night-650x866-1.jpg\" class=\"two-images__image\" alt=\"\" loading=\"lazy\" srcset=\"https:\/\/www.santamonica.com\/wp-content\/uploads\/2023\/12\/Santa-Monica-Pier-Sign-Night-650x866-1.jpg 600w, https:\/\/www.santamonica.com\/wp-content\/uploads\/2023\/12\/Santa-Monica-Pier-Sign-Night-650x866-1-300x282.jpg 300w, https:\/\/www.santamonica.com\/wp-content\/uploads\/2023\/12\/Santa-Monica-Pier-Sign-Night-650x866-1-160x150.jpg 160w\" sizes=\"auto, (max-width: 600px) 100vw, 600px\" title=\"\">                    \n\n                <\/div>\n                    <\/div>\n\n    <\/div>\n<\/section>","protected":false},"excerpt":{"rendered":"","protected":false},"author":1421,"featured_media":404398,"parent":0,"menu_order":0,"comment_status":"closed","ping_status":"closed","template":"template-editorial.php","meta":{"_acf_changed":false,"inline_featured_image":false,"footnotes":""},"silos":[],"class_list":["post-397341","page","type-page","status-publish","has-post-thumbnail","hentry"],"acf":[],"_links":{"self":[{"href":"https:\/\/www.santamonica.com\/fr_fr\/wp-json\/wp\/v2\/pages\/397341","targetHints":{"allow":["GET"]}}],"collection":[{"href":"https:\/\/www.santamonica.com\/fr_fr\/wp-json\/wp\/v2\/pages"}],"about":[{"href":"https:\/\/www.santamonica.com\/fr_fr\/wp-json\/wp\/v2\/types\/page"}],"author":[{"embeddable":true,"href":"https:\/\/www.santamonica.com\/fr_fr\/wp-json\/wp\/v2\/users\/1421"}],"replies":[{"embeddable":true,"href":"https:\/\/www.santamonica.com\/fr_fr\/wp-json\/wp\/v2\/comments?post=397341"}],"version-history":[{"count":57,"href":"https:\/\/www.santamonica.com\/fr_fr\/wp-json\/wp\/v2\/pages\/397341\/revisions"}],"predecessor-version":[{"id":769633,"href":"https:\/\/www.santamonica.com\/fr_fr\/wp-json\/wp\/v2\/pages\/397341\/revisions\/769633"}],"wp:featuredmedia":[{"embeddable":true,"href":"https:\/\/www.santamonica.com\/fr_fr\/wp-json\/wp\/v2\/media\/404398"}],"wp:attachment":[{"href":"https:\/\/www.santamonica.com\/fr_fr\/wp-json\/wp\/v2\/media?parent=397341"}],"wp:term":[{"taxonomy":"silos","embeddable":true,"href":"https:\/\/www.santamonica.com\/fr_fr\/wp-json\/wp\/v2\/silos?post=397341"}],"curies":[{"name":"wp","href":"https:\/\/api.w.org\/{rel}","templated":true}]}}