{"id":374399,"date":"2023-02-03T10:40:46","date_gmt":"2023-02-03T18:40:46","guid":{"rendered":"https:\/\/www.santamonica.com\/?page_id=374399"},"modified":"2026-02-06T15:08:18","modified_gmt":"2026-02-06T23:08:18","slug":"black-history-month","status":"publish","type":"page","link":"https:\/\/www.santamonica.com\/fr_fr\/black-history-month\/","title":{"rendered":"Black History Month 2026"},"content":{"rendered":"<section class=\"image-section-break sm-block\">\n    <div class=\"image-section-break__image-wrapper\">\n                    <picture>\n                    <source\n                        media=\"(min-width: 768px)\"\n                        srcset=\"https:\/\/www.santamonica.com\/wp-content\/uploads\/2025\/02\/Black_History_Month_1656x574.jpg\"\n                    >\n                    <img decoding=\"async\" src=\"https:\/\/www.santamonica.com\/wp-content\/uploads\/2025\/02\/Black_History_Month_650x866.jpg\" class=\"image-section-break__image\" alt=\"\" title=\"\">\n            <\/picture>\n                \n\n    <\/div>\n    <div class=\"image-section-break__text-content\">\n        <div class=\"image-section-break__first-content --theme3\">\n                                        <h2 class=\"image-section-break__title\">Events &#038; Happenings<\/h2>\n                                        <div class=\"image-section-break__body-copy wysiwyg\"><h4>Mystery &amp; Thriller Book Group: \u201cWhile Justice Sleeps\u201d\u202fby Stacey Abrams<\/h4>\n<p><em>Tuesday, February 17 from 7pm &#8211; 8 pm via Zoom\u202f\u00a0<\/em><\/p>\n<p>This community-led, monthly book discussion group meets virtually to discuss domestic and international titles in the mystery and thriller genres. During the month of February, book group participants will read and discuss Stacey Abrams\u2019 political thriller novel, \u201cWhile Justice Sleeps.\u201d To register, email library@santamonica.gov.<\/p>\n<h4>SMPL Presents: The Iconic House of Ninja<\/h4>\n<p><em>Wednesday, February 18 from 7pm &#8211; 8 pm at the Main Library, MLK Jr. Auditorium\u202f<\/em><\/p>\n<p>Get ready to werk! The Iconic House of Ninja brings the heat in a vogue dance performance that&#8217;s guaranteed to electrify. Founded in 1982 by the late Willi Ninja, the \u2018Godfather of Vogue\u2019, The House of Ninja has made a major impact on both ballroom and mainstream culture, appearing in the award-winning documentary\u202fParis Is Burning, and the HBO Max ballroom competition series\u202fLegendary. House of Ninja has worked alongside some of the biggest names in fashion and music, including Madonna, Lady Gaga, Beyonc\u00e9, and Doechii, and their performance is sure to earn 10s across the board!<\/p>\n<h4>Locals&#8217; Night: Jazz Night<\/h4>\n<p><em>Thursday, February 19 from 3:30pm &#8211; 10pm at the Santa Monica Pier<\/em><\/p>\n<p>Locals\u2019 Night is bringing the rhythm with BroadStage&#8217;s Jazz Night featuring phenomenal alumni from Stanley Clarke&#8217;s Artist Residency program. Enjoy serious grooves to celebrate Black History Month, while Offhand Wine Bar keeps the vibe smooth with perfectly paired selections.<\/p>\n<h4>Notable Fiction Book Group: \u201cThe Birdwatcher\u201d\u202fby Gayl Jones<\/h4>\n<p><em>Saturday, February 21 from 11 am \u2013 12:30pm via Zoom\u202f\u00a0<\/em><\/p>\n<p>This community-led, monthly book discussion group meets virtually to discuss prize-winning fiction titles. During the month of February, book group participants will read and discuss \u201cThe Birdwatcher,\u201d a National Book Award finalist that explores Black women\u2019s creative expression. To register, email library@santamonica.gov.<\/p>\n<h4>Sissies: Something Perfect between Ourselves<\/h4>\n<p><em>Saturday, February 21 from 3pm &#8211; 5pm at the Annenberg Community Beach House\u00a0<\/em><\/p>\n<p>Bernard Brown, Director and Choreographer of bbmoves, will preview Sissies: Something Perfect between Ourselves, a performance and installation by, for, and about Black, Brown, and Indigenous Queer artists who have created spaces that feed the music, dance, fashion, and creative heartbeat of underground queer LA.<\/p>\n<p>&nbsp;<\/p>\n<\/div>\n                                <\/div>\n        <div class=\"image-section-break__second-content\">\n                            <div class=\"image-section-break__body-copy wysiwyg\"><h4>Black History Month Reading Challenge<\/h4>\n<p><em>Sunday, February 1 through Saturday, February 28 \/ Visit <a href=\"https:\/\/smpl.beanstack.org\/reader365\" target=\"_blank\" rel=\"noopener\">smpl.beanstack.org<\/a> to register\u202f\u00a0<\/em><\/p>\n<p>Explore and honor the rich history, culture, and achievements of Black men and women through books, featuring titles receiving a Coretta Scott King Book Award. These awards are given to outstanding African American authors and illustrators of books for children and young adults that\u202fdemonstrate\u202fan appreciation of African American culture and universal human values. Log your reading and activities to earn badges and entry into a book pack drawing. For ages 12 \u2013 17.<\/p>\n<h4>Honoring Eddie Davis, Santa Monica\u2019s Fire Department, 1960<\/h4>\n<p><em>Tuesday, February 24 from 5:30pm &#8211; 6:30pm at Santa Monica City Hall\u00a0<\/em><\/p>\n<p>Join the City in honoring the legacy of Eddie Davis, Santa Monica\u2019s first black firefighter, as we commemorate his service, determination, and lasting impact on our community.<\/p>\n<h4>11th\u202fAnnual\u202fGreens Festival<\/h4>\n<p><em>Saturday, February 28 from 11am &#8211; 4 pm\u202fat Virginia Avenue Park\u00a0<\/em><\/p>\n<p>Bring your family, friends, and neighbors for a day of culture, connection, and celebration at the 11th Annual Greens Festival, a joyful celebration of Black History Month, presented by the Black Santa Monica Community Group in collaboration with Virginia Avenue Park.<\/p>\n<p>This year\u2019s theme, \u201cBoots on the Ground,\u201d honors community and culture. Enjoy greens cooking demonstrations, music and dance, local vendors, and community booths offering resources and information for the community. Arron \u201cBobo\u201d Arnell returns as the MC and DJ Dense from KJLH will be spinning throughout the event.<\/p>\n<h4>Black History Month Movie Screening:\u202f\u201cRuby Bridges\u201d<\/h4>\n<p><em>Saturday, February 28 from 3pm \u2013 5 pm at the Main Library\u00a0<\/em><\/p>\n<p>Learn about Ruby Bridges, a young Black girl, and her experience integrating William Frantz Elementary School, which was previously a whites-only school in New Orleans. Runtime: 96 min. For families.<\/p>\n<h4>Home Under One\u2019s Skin<\/h4>\n<p><em>Saturday, February 28, 3pm, 4pm and 5 p.m.\u202fat Historic Belmar Park\u00a0<\/em><\/p>\n<p>Marcella Lewis\u2019 \u201cHome Under One\u2019s Skin\u201d is created in conversation with April Banks\u2019 \u201cA Resurrection in Four Stanzas\u201d at Historic Belmar Park, a public sculpture that engages histories of displacement and remembrance. Rooted in movement, voice, and direct audience engagement, Lewis\u2019 work reflects on memory, revival, and longing \u2013 centering the intergenerational loss of \u201cporch life,\u201d a cultural space of gathering, storytelling, and care once central to Black communal life.<\/p>\n<p><!-- wp:heading {\"level\":4} --><\/p>\n<h4 class=\"wp-block-heading\">BroadStage<\/h4>\n<p><em>Throughout February<\/em><\/p>\n<p><!-- \/wp:heading --> <!-- wp:paragraph --><\/p>\n<p>Rejoindre <a href=\"https:\/\/www.santamonica.com\/fr_fr\/choses-a-faire\/the-broad-stage\/\">BroadStage<\/a> in celebrating Black History Month this February, with a SPECIAL OFFER on <em>A Night of Comedy with Dominique: Oh My! Mama There Goes That Woman!<\/em> et <em>New Orleans Groove Masters<\/em>. Enjoy 25% off these shows using code &#8220;BHM25&#8221; at checkout. Tickets at <a href=\"http:\/\/broadstage.org\" data-type=\"link\" data-id=\"broadstage.org\" target=\"_blank\" rel=\"noopener\">broadstage.org<\/a>!<!-- \/wp:paragraph --><\/p>\n<\/div>\n                                <\/div>\n    <\/div>\n<\/section>\n\n\n\n<section class=\"image-section-break sm-block\">\n    <div class=\"image-section-break__image-wrapper\">\n                    <picture>\n                    <source\n                        media=\"(min-width: 768px)\"\n                        srcset=\"https:\/\/www.santamonica.com\/wp-content\/uploads\/2023\/02\/Black-Owned-Business.jpg\"\n                    >\n                    <img decoding=\"async\" src=\"https:\/\/www.santamonica.com\/wp-content\/uploads\/2023\/02\/Black-Owned-Business-Tall.jpg\" class=\"image-section-break__image\" alt=\"Woman standing proudly in front of her clothing store\" title=\"\">\n            <\/picture>\n                \n\n    <\/div>\n    <div class=\"image-section-break__text-content\">\n        <div class=\"image-section-break__first-content --theme3\">\n                                        <h2 class=\"image-section-break__title\">Sp\u00e9cial entreprises<\/h2>\n                                        <div class=\"image-section-break__body-copy wysiwyg\"><p>More business specials coming soon!<\/p>\n<\/div>\n                                <\/div>\n        <div class=\"image-section-break__second-content\">\n                                <\/div>\n    <\/div>\n<\/section>\n\n\n\n<p class=\"has-text-align-center base-block\"><em>For more Black-owned businesses, <a href=\"https:\/\/www.santamonica.gov\/blackownedbusinesses\" target=\"_blank\" rel=\"noreferrer noopener\">check out the full list on City of Santa Monica&#8217;s website<\/a>.<\/em><\/p>\n\n\n<section class=\"travel-tips --theme7 sm-block base-block\">\n    <div class=\"travel-tips__inner\">\n        <div class=\"travel-tips__body-col\">\n                            <img decoding=\"async\" src=\"https:\/\/www.santamonica.com\/wp-content\/uploads\/2022\/06\/responsible-badge-1.svg\" alt=\"Voyager de mani\u00e8re responsable \u00e0 Santa Monica\" title=\"\">\n                                        <p class=\"travel-tips__intro\">Voyagez en toute s\u00e9curit\u00e9 et de mani\u00e8re durable pour contribuer \u00e0 pr\u00e9server la beaut\u00e9 de Santa Monica tout en restant en bonne sant\u00e9 gr\u00e2ce \u00e0 ces conseils.<\/p>\n                    <\/div>\n        <div class=\"travel-tips__links-col\">\n                        <div class=\"travel-tips__link-row\">\n                                    <img decoding=\"async\" src=\"https:\/\/www.santamonica.com\/wp-content\/uploads\/2022\/06\/Parking-Information.svg\" alt=\"Stationnement \u00e0 Santa Monica\" title=\"\">\n                                                    <a class=\"travel-tips__link\" href=\"https:\/\/www.santamonica.com\/fr_fr\/transportation\/parking\/\">\n                        Informations sur le stationnement                    <\/a>\n                            <\/div>\n                        <div class=\"travel-tips__link-row\">\n                                    <img decoding=\"async\" src=\"https:\/\/www.santamonica.com\/wp-content\/uploads\/2022\/06\/What-to-Pack.svg\" alt=\"Pr\u00e9parer sa valise pour un voyage \u00e0 Santa Monica\" title=\"\">\n                                                    <a class=\"travel-tips__link\" href=\"https:\/\/www.santamonica.com\/fr_fr\/experience-santa-monica\/what-to-pack\/\">\n                        Ce qu'il faut emporter                    <\/a>\n                            <\/div>\n                        <div class=\"travel-tips__link-row\">\n                                    <img decoding=\"async\" src=\"https:\/\/www.santamonica.com\/wp-content\/uploads\/2022\/06\/Health-and-Safety.svg\" alt=\"Conseils de s\u00e9curit\u00e9 pour les voyages \u00e0 Santa Monica\" title=\"\">\n                                                    <a class=\"travel-tips__link\" href=\"https:\/\/www.santamonica.com\/fr_fr\/experience-santa-monica\/safety\/\">\n                        Sant\u00e9 et s\u00e9curit\u00e9                    <\/a>\n                            <\/div>\n                        <div class=\"travel-tips__link-row\">\n                                    <img decoding=\"async\" src=\"https:\/\/www.santamonica.com\/wp-content\/uploads\/2022\/06\/The-Essentials.svg\" alt=\"Les essentiels du voyage \u00e0 Santa Monica\" title=\"\">\n                                                    <a class=\"travel-tips__link\" href=\"https:\/\/www.santamonica.com\/fr_fr\/experience-santa-monica\/essentials\/\">\n                        L'essentiel                    <\/a>\n                            <\/div>\n                    <\/div>\n\n    <\/div>\n<\/section>\n\n\n    <section class=\"booking-cta --theme5 sm-block\">\n    <div id=\"widget-container-2070\"><\/div>\n<script type=\"text\/javascript\">\n  (function() {\n    var script = document.createElement('script');\n    script.type = 'text\/javascript';\n    script.async = 'true';\n    script.src = \"https:\/\/admin.bookdirect.net\/hs4\/widgets\/2070.js?widget_element=widget-container-2070\";\n    document.body.appendChild(script);\n  })();\n<\/script>\n    <\/section>\n\n\n\n<section class=\"blog-feed --theme8 sm-block\">\n    <div class=\"blog-feed__content\">\n        <div class=\"blog-feed__intro\">\n                            <div class=\"blog-feed__eyebrow eyebrow\">Blogs<\/div>                                        <h1 class=\"blog-feed__headline\">D\u00e9couvrir Santa Monica<\/h1>                                        <div class=\"blog-feed__body\"><p>Explorez les itin\u00e9raires, les conseils locaux, les points chauds et les aventures organis\u00e9es pour \u00eatre s\u00fbr de profiter au maximum de votre exp\u00e9rience \u00e0 Santa Monica.<\/p>\n<\/div>\n                                        <a class=\"blog-feed__cta\" href=\"https:\/\/www.santamonica.com\/fr_fr\/blog-posts\/\">Voir tous les blogs<\/a>\n                    <\/div>\n\n        <ul class=\"blog-feed__list\">\n                                                <li class=\"blog-feed__item\">\n                        <a href=\"https:\/\/www.santamonica.com\/fr_fr\/experience-santa-monica\/diverse-santa-monica-businesses\/\" class=\"blog-feed__item-link\">\n                            <div class=\"blog-feed__image-ratio\">\n                                <img decoding=\"async\" class=\"blog-feed__image\" src=\"https:\/\/www.santamonica.com\/wp-content\/uploads\/2020\/12\/Minority-Owned-Businesses-in-Santa-Monica-featured-400x400.jpg\" alt=\"Des entreprises qui c\u00e9l\u00e8brent la diversit\u00e9 de Santa Monica\" title=\"\">\n                            <\/div>\n                            <div class=\"blog-feed__card-title\">Des entreprises qui c\u00e9l\u00e8brent la diversit\u00e9 de Santa Monica<\/div>\n                        <\/a>\n                    <\/li>\n                                                                <li class=\"blog-feed__item\">\n                        <a href=\"https:\/\/www.santamonica.com\/fr_fr\/shopping\/support-santa-monica-retail-and-buy-local\/\" class=\"blog-feed__item-link\">\n                            <div class=\"blog-feed__image-ratio\">\n                                <img decoding=\"async\" class=\"blog-feed__image\" src=\"https:\/\/www.santamonica.com\/wp-content\/uploads\/2020\/04\/Buy-Local-Santa-Monica-featured2-400x400.jpg\" alt=\"Soutenir le commerce de d\u00e9tail de Santa Monica et acheter local\" title=\"\">\n                            <\/div>\n                            <div class=\"blog-feed__card-title\">Soutenir le commerce de d\u00e9tail de Santa Monica et acheter local<\/div>\n                        <\/a>\n                    <\/li>\n                                                                <li class=\"blog-feed__item\">\n                        <a href=\"https:\/\/www.santamonica.com\/fr_fr\/experience-santa-monica\/female-owned-businesses-flourish-in-santa-monica\/\" class=\"blog-feed__item-link\">\n                            <div class=\"blog-feed__image-ratio\">\n                                <img decoding=\"async\" class=\"blog-feed__image\" src=\"https:\/\/www.santamonica.com\/wp-content\/uploads\/2021\/03\/WomenOwnedBusiness_Featured-400x400.jpg\" alt=\"Les entreprises dirig\u00e9es par des femmes prosp\u00e8rent \u00e0 Santa Monica\" title=\"\">\n                            <\/div>\n                            <div class=\"blog-feed__card-title\">Les entreprises dirig\u00e9es par des femmes prosp\u00e8rent \u00e0 Santa Monica<\/div>\n                        <\/a>\n                    <\/li>\n                                    <\/ul>\n    <\/div>\n<\/section>","protected":false},"excerpt":{"rendered":"<p>For more Black-owned businesses, check out the full list on City of Santa Monica\u2019s website.<\/p>","protected":false},"author":1421,"featured_media":374939,"parent":0,"menu_order":0,"comment_status":"closed","ping_status":"closed","template":"","meta":{"_acf_changed":false,"inline_featured_image":false,"footnotes":""},"silos":[],"class_list":["post-374399","page","type-page","status-publish","has-post-thumbnail","hentry"],"acf":[],"_links":{"self":[{"href":"https:\/\/www.santamonica.com\/fr_fr\/wp-json\/wp\/v2\/pages\/374399","targetHints":{"allow":["GET"]}}],"collection":[{"href":"https:\/\/www.santamonica.com\/fr_fr\/wp-json\/wp\/v2\/pages"}],"about":[{"href":"https:\/\/www.santamonica.com\/fr_fr\/wp-json\/wp\/v2\/types\/page"}],"author":[{"embeddable":true,"href":"https:\/\/www.santamonica.com\/fr_fr\/wp-json\/wp\/v2\/users\/1421"}],"replies":[{"embeddable":true,"href":"https:\/\/www.santamonica.com\/fr_fr\/wp-json\/wp\/v2\/comments?post=374399"}],"version-history":[{"count":120,"href":"https:\/\/www.santamonica.com\/fr_fr\/wp-json\/wp\/v2\/pages\/374399\/revisions"}],"predecessor-version":[{"id":784789,"href":"https:\/\/www.santamonica.com\/fr_fr\/wp-json\/wp\/v2\/pages\/374399\/revisions\/784789"}],"wp:featuredmedia":[{"embeddable":true,"href":"https:\/\/www.santamonica.com\/fr_fr\/wp-json\/wp\/v2\/media\/374939"}],"wp:attachment":[{"href":"https:\/\/www.santamonica.com\/fr_fr\/wp-json\/wp\/v2\/media?parent=374399"}],"wp:term":[{"taxonomy":"silos","embeddable":true,"href":"https:\/\/www.santamonica.com\/fr_fr\/wp-json\/wp\/v2\/silos?post=374399"}],"curies":[{"name":"wp","href":"https:\/\/api.w.org\/{rel}","templated":true}]}}