{"id":360663,"date":"2022-08-30T15:07:34","date_gmt":"2022-08-30T22:07:34","guid":{"rendered":"https:\/\/www.santamonica.com\/?page_id=360663"},"modified":"2025-02-06T10:47:29","modified_gmt":"2025-02-06T18:47:29","slug":"salon-imex-america","status":"publish","type":"page","link":"https:\/\/www.santamonica.com\/fr_fr\/imex-america-tradeshow\/","title":{"rendered":"IMEX America"},"content":{"rendered":"<section class=\"sun-title sm-block --theme6 --2col sm-block\">\n            <h2 class=\"sun-title__headline\">IMEX<\/h2>    \n            <div class=\"sun-title__body  --2col wysiwyg\">\n                    <div class=\"column-1\">\n                <h4>Redevances de partage \u00e9quitable<\/h4>\n<p>Les frais de participation \u00e9quitable des partenaires seront fortement r\u00e9duits \u00e0 $3,500. Nous proposerons \u00e9galement un prix pour les inscriptions anticip\u00e9es \u00e0 $3,000 si le partenaire s'inscrit avant le lundi 31 mars.<sup>st<\/sup>, 2025.<\/p>\n<p>Les partenaires ayant une double propri\u00e9t\u00e9 b\u00e9n\u00e9ficieront d'un tarif tr\u00e8s r\u00e9duit de $5,000 pour la part \u00e9quitable. Nous proposerons \u00e9galement un tarif pr\u00e9f\u00e9rentiel de $4,500 si le partenaire s'inscrit et paie avant le lundi 31 mars.<sup>st<\/sup> , 2025.<\/p>\n<p>Tous les billets d'avion, l'h\u00e9bergement, le transport et les repas sont \u00e0 la charge du partenaire, sauf indication contraire du SMTT. Le SMTT fournira des recommandations sur les possibilit\u00e9s de r\u00e9server des chambres et des vols, car il est fortement encourag\u00e9 que nous passions tous la nuit \u00e0 proximit\u00e9 les uns des autres. Les frais de voyage ne sont pas inclus.<\/p>\n<p>Les \u00e9l\u00e9ments suivants sont inclus dans votre part \u00e9quitable des frais de partenariat :<\/p>\n<ul>\n<li>Initiatives de pr\u00e9-marketing aupr\u00e8s des clients et\/ou des participants aux salons professionnels (le cas \u00e9ch\u00e9ant) pouvant inclure des courriers directs, des lettres d'information \u00e9lectroniques, l'inclusion du logo sur tous les supports, invitations et documents marketing imprim\u00e9s.<\/li>\n<li>Participation \u00e0 l'\u00e9v\u00e9nement pour les clients du SMTT<\/li>\n<li>Conception et production de mat\u00e9riel publicitaire<\/li>\n<li>D\u00e9penses li\u00e9es \u00e0 des \u00e9v\u00e9nements tels que des \u00e9v\u00e9nements organis\u00e9s pour des clients, des d\u00eeners, des d\u00e9jeuners, des cadeaux, etc.<\/li>\n<li>Transport de la d\u00e9l\u00e9gation vers\/depuis les rendez-vous et vers\/depuis l'h\u00f4tel d\u00e9sign\u00e9<\/li>\n<li>Afficher un r\u00e9capitulatif de la mission, les coordonn\u00e9es des clients et des photos<\/li>\n<li>Recommandations sur les possibilit\u00e9s de r\u00e9server des chambres et des vols<\/li>\n<\/ul>\n                            <\/div>\n            <div class=\"column-2\">\n                <h4>Qui doit venir ?<\/h4>\n<p>Les h\u00f4tels de Santa Monica et les partenaires touristiques qui souhaitent maintenir et d\u00e9velopper leur pr\u00e9sence sur les diff\u00e9rents march\u00e9s MICE.<\/p>\n<h4>Investissement total pour le march\u00e9<\/h4>\n<p>SMTT a investi $300 000 dans le march\u00e9 domestique des MICE pour l'ann\u00e9e fiscale 2024\/2025.<\/p>\n<h4>Inscription<\/h4>\n<p><a href=\"https:\/\/www.santamonica.com\/fr_fr\/partners\/partnership-opportunities-form\/\"><strong>Cliquez ici pour vous inscrire.<\/strong><\/a><\/p>\n<h4>Informations sur le contact<\/h4>\n<p>Contactez Ozzie Otero au 310-433-9781 ou au\u00a0<a href=\"mailto:ootero@santamonica.com\">ootero@santamonica.com<\/a>.<\/p>\n                            <\/div>\n            <\/div>\n    <\/section>\n\n\n\n<div class=\"wp-block-buttons is-layout-flex wp-block-buttons-is-layout-flex base-block\"><\/div>","protected":false},"excerpt":{"rendered":"","protected":false},"author":1421,"featured_media":0,"parent":0,"menu_order":0,"comment_status":"closed","ping_status":"closed","template":"template-editorial.php","meta":{"_acf_changed":false,"inline_featured_image":false,"footnotes":""},"silos":[],"class_list":["post-360663","page","type-page","status-publish","hentry"],"acf":[],"_links":{"self":[{"href":"https:\/\/www.santamonica.com\/fr_fr\/wp-json\/wp\/v2\/pages\/360663","targetHints":{"allow":["GET"]}}],"collection":[{"href":"https:\/\/www.santamonica.com\/fr_fr\/wp-json\/wp\/v2\/pages"}],"about":[{"href":"https:\/\/www.santamonica.com\/fr_fr\/wp-json\/wp\/v2\/types\/page"}],"author":[{"embeddable":true,"href":"https:\/\/www.santamonica.com\/fr_fr\/wp-json\/wp\/v2\/users\/1421"}],"replies":[{"embeddable":true,"href":"https:\/\/www.santamonica.com\/fr_fr\/wp-json\/wp\/v2\/comments?post=360663"}],"version-history":[{"count":68,"href":"https:\/\/www.santamonica.com\/fr_fr\/wp-json\/wp\/v2\/pages\/360663\/revisions"}],"predecessor-version":[{"id":759606,"href":"https:\/\/www.santamonica.com\/fr_fr\/wp-json\/wp\/v2\/pages\/360663\/revisions\/759606"}],"wp:attachment":[{"href":"https:\/\/www.santamonica.com\/fr_fr\/wp-json\/wp\/v2\/media?parent=360663"}],"wp:term":[{"taxonomy":"silos","embeddable":true,"href":"https:\/\/www.santamonica.com\/fr_fr\/wp-json\/wp\/v2\/silos?post=360663"}],"curies":[{"name":"wp","href":"https:\/\/api.w.org\/{rel}","templated":true}]}}