{"id":344449,"date":"2022-07-15T10:10:00","date_gmt":"2022-07-15T17:10:00","guid":{"rendered":"https:\/\/www.santamonica.com\/?page_id=344449"},"modified":"2024-03-25T20:58:46","modified_gmt":"2024-03-26T03:58:46","slug":"commerce-de-voyage","status":"publish","type":"page","link":"https:\/\/www.santamonica.com\/fr_fr\/travel-trade\/","title":{"rendered":"Commerce des voyages"},"content":{"rendered":"<section class=\"links-grid --theme3 sm-block\">\n    <div class=\"links-grid__wrapper\">\n                                                    <a href=\"https:\/\/www.santamonica.com\/fr_fr\/travel-trade\/why-santa-monica\/\" class=\"links-grid__card-link\" aria-label=\"Pourquoi Santa Monica\" >\n                    <div class=\"links-grid__card\">\n                                                    <div class=\"links-grid__card-image-wrapper\">\n                                <img decoding=\"async\" width=\"366\" height=\"330\" src=\"https:\/\/www.santamonica.com\/wp-content\/uploads\/2022\/07\/WhySantaMonica366x330.jpg\" class=\"links-grid__card-image\" alt=\"Photo coup\u00e9e en deux avec la jet\u00e9e en bois de Santa Monica et les vagues de la plage\" loading=\"lazy\" srcset=\"https:\/\/www.santamonica.com\/wp-content\/uploads\/2022\/07\/WhySantaMonica366x330.jpg 366w, https:\/\/www.santamonica.com\/wp-content\/uploads\/2022\/07\/WhySantaMonica366x330-300x270.jpg 300w, https:\/\/www.santamonica.com\/wp-content\/uploads\/2022\/07\/WhySantaMonica366x330-166x150.jpg 166w\" sizes=\"auto, (max-width: 366px) 100vw, 366px\" title=\"\">                            <\/div>\n                                                <div class=\"links-grid__card-text\">\n                                                            <div class=\"links-grid__card-title\">Pourquoi Santa Monica<\/div>\n                                                                                        <div class=\"links-grid__card-description\">D\u00e9couvrez pourquoi Santa Monica est l'endroit le plus en vogue pour votre prochain rassemblement. Profitez de vagues relaxantes et d'exp\u00e9riences uniques lorsque vous vous r\u00e9unissez \u00e0 Santa Monica pour votre prochaine r\u00e9union hors site !<\/div>\n                                                    <\/div>\n                    <\/div>\n                <\/a>\n                                            <a href=\"https:\/\/www.santamonica.com\/fr_fr\/experience-santa-monica\/essentials\/\" class=\"links-grid__card-link\" aria-label=\"L&#039;essentiel\" >\n                    <div class=\"links-grid__card\">\n                                                    <div class=\"links-grid__card-image-wrapper\">\n                                <img decoding=\"async\" width=\"366\" height=\"330\" src=\"https:\/\/www.santamonica.com\/wp-content\/uploads\/2022\/07\/Essential366x330.jpg\" class=\"links-grid__card-image\" alt=\"Vue a\u00e9rienne de la jet\u00e9e de Santa Monica, entour\u00e9e d&#039;un oc\u00e9an bleu et vert.\" loading=\"lazy\" srcset=\"https:\/\/www.santamonica.com\/wp-content\/uploads\/2022\/07\/Essential366x330.jpg 366w, https:\/\/www.santamonica.com\/wp-content\/uploads\/2022\/07\/Essential366x330-300x270.jpg 300w, https:\/\/www.santamonica.com\/wp-content\/uploads\/2022\/07\/Essential366x330-166x150.jpg 166w\" sizes=\"auto, (max-width: 366px) 100vw, 366px\" title=\"\">                            <\/div>\n                                                <div class=\"links-grid__card-text\">\n                                                            <div class=\"links-grid__card-title\">L'essentiel<\/div>\n                                                                                        <div class=\"links-grid__card-description\">Santa Monica facilite les d\u00e9placements, c'est pourquoi plus de 7 millions de personnes s'y rendent chaque ann\u00e9e. Voyez comme il est facile de planifier votre voyage \u00e0 Santa Monica et d\u00e9couvrez ce qui rend cette ville baln\u00e9aire inoubliable.<\/div>\n                                                    <\/div>\n                    <\/div>\n                <\/a>\n                                            <a href=\"https:\/\/www.santamonica.com\/fr_fr\/travel-trade\/group-tours\/\" class=\"links-grid__card-link\" aria-label=\"Voyages en groupe\" >\n                    <div class=\"links-grid__card\">\n                                                    <div class=\"links-grid__card-image-wrapper\">\n                                <img decoding=\"async\" width=\"366\" height=\"330\" src=\"https:\/\/www.santamonica.com\/wp-content\/uploads\/2022\/07\/GroupTour366x330.jpg\" class=\"links-grid__card-image\" alt=\"Groupe \u00e9coutant une femme faisant une visite ; mur de briques avec \u00e9criture d\u00e9labr\u00e9e \u00e0 l&#039;arri\u00e8re-plan\" loading=\"lazy\" srcset=\"https:\/\/www.santamonica.com\/wp-content\/uploads\/2022\/07\/GroupTour366x330.jpg 366w, https:\/\/www.santamonica.com\/wp-content\/uploads\/2022\/07\/GroupTour366x330-300x270.jpg 300w, https:\/\/www.santamonica.com\/wp-content\/uploads\/2022\/07\/GroupTour366x330-166x150.jpg 166w\" sizes=\"auto, (max-width: 366px) 100vw, 366px\" title=\"\">                            <\/div>\n                                                <div class=\"links-grid__card-text\">\n                                                            <div class=\"links-grid__card-title\">Voyages en groupe<\/div>\n                                                                                        <div class=\"links-grid__card-description\">D\u00e9couvrez d\u00e8s aujourd'hui des circuits pour groupes de toutes tailles et de tous niveaux \u00e0 Santa Monica et apprenez \u00e0 naviguer facilement dans la ville. Vous trouverez une liste actualis\u00e9e des zones de chargement et de d\u00e9chargement, des emplacements de parking, des possibilit\u00e9s de restauration et bien plus encore en cliquant ici.<\/div>\n                                                    <\/div>\n                    <\/div>\n                <\/a>\n                                            <a href=\"https:\/\/www.santamonica.com\/fr_fr\/hotels\/\" class=\"links-grid__card-link\" aria-label=\"Trouvez l&#039;h\u00f4tel id\u00e9al\" >\n                    <div class=\"links-grid__card\">\n                                                    <div class=\"links-grid__card-image-wrapper\">\n                                <img decoding=\"async\" width=\"366\" height=\"330\" src=\"https:\/\/www.santamonica.com\/wp-content\/uploads\/2022\/07\/Hotel366x330.jpg\" class=\"links-grid__card-image\" alt=\"Deux h\u00f4tels c\u00f4te \u00e0 c\u00f4te sur la plage avec des palmiers\" loading=\"lazy\" srcset=\"https:\/\/www.santamonica.com\/wp-content\/uploads\/2022\/07\/Hotel366x330.jpg 366w, https:\/\/www.santamonica.com\/wp-content\/uploads\/2022\/07\/Hotel366x330-300x270.jpg 300w, https:\/\/www.santamonica.com\/wp-content\/uploads\/2022\/07\/Hotel366x330-166x150.jpg 166w\" sizes=\"auto, (max-width: 366px) 100vw, 366px\" title=\"\">                            <\/div>\n                                                <div class=\"links-grid__card-text\">\n                                                            <div class=\"links-grid__card-title\">Trouvez l'h\u00f4tel id\u00e9al<\/div>\n                                                                                        <div class=\"links-grid__card-description\">Court ou long s\u00e9jour, en solo ou en groupe, luxe ou budget, Santa Monica dispose d'h\u00e9bergements adapt\u00e9s \u00e0 toutes les pr\u00e9f\u00e9rences. Trouvez votre bonheur et sentez-vous comme chez vous en r\u00e9servant un s\u00e9jour \u00e0 Santa Monica.<\/div>\n                                                    <\/div>\n                    <\/div>\n                <\/a>\n                        <\/div>\n<\/section>\n\n\n\n<section class=\"sun-title sm-block --theme6 sm-block\">\n            <h2 class=\"sun-title__headline\">Bo\u00eete \u00e0 outils de planification<\/h2>    \n            <div class=\"sun-title__body  wysiwyg\">\n                    <p>Gagnez du temps et de l'\u00e9nergie en utilisant le <a href=\"https:\/\/www.santamonica.com\/fr_fr\/commerce-de-voyage\/boite-a-outils-de-planification\/\">Bo\u00eete \u00e0 outils de planification<\/a>. Devenez un expert de Santa Monica, laissez-vous inspirer en lisant des itin\u00e9raires et demandez du mat\u00e9riel et des biens de Santa Monica.<\/p>\n                        <\/div>\n    <\/section>\n\n\n<section class=\"meetings-contact-us sm-block\">\n    <div class=\"meetings-contact-us__inner\">\n        <div class=\"meetings-contact-us__image-wrap\">\n            <img decoding=\"async\" width=\"1024\" height=\"304\" src=\"https:\/\/www.santamonica.com\/wp-content\/uploads\/2022\/07\/Help1280x380-1024x304.jpg\" class=\"attachment-large size-large\" alt=\"Image du b\u00e2timent du centre des visiteurs ; b\u00e2timent gris avec un panneau d&#039;information au-dessus.\" srcset=\"https:\/\/www.santamonica.com\/wp-content\/uploads\/2022\/07\/Help1280x380-1024x304.jpg 1024w, https:\/\/www.santamonica.com\/wp-content\/uploads\/2022\/07\/Help1280x380-300x89.jpg 300w, https:\/\/www.santamonica.com\/wp-content\/uploads\/2022\/07\/Help1280x380-270x80.jpg 270w, https:\/\/www.santamonica.com\/wp-content\/uploads\/2022\/07\/Help1280x380-768x228.jpg 768w, https:\/\/www.santamonica.com\/wp-content\/uploads\/2022\/07\/Help1280x380.jpg 1280w\" sizes=\"(max-width: 1024px) 100vw, 1024px\" title=\"\">        <\/div>\n        <div class=\"meetings-contact-us__body\">\n            <h1 class=\"meetings-contact-us__heading\">\n                Vous avez des questions ?            <\/h1>\n            <p class=\"meetings-contact-us__intro\">\n                Contactez l'\u00e9quipe d'experts de Santa Monica Travel &amp; Tourism d\u00e8s aujourd'hui !            <\/p>\n            <div class=\"meetings-contact-us__phone-numbers wysiwyg\">\n                                                            <\/div>\n            <div class=\"meetings-contact-us__ctas\">\n                                            <a class=\"meetings-contact-us__primary-cta\" href=\"https:\/\/www.santamonica.com\/fr_fr\/commerce-de-voyage\/contacter-les-ventes\/\">Nous contacter<\/a>\n                                                    <\/div>\n        <\/div>\n    <\/div>\n\n<\/section>\n\n\n<section class=\"blog-feed --theme8 sm-block\">\n    <div class=\"blog-feed__content\">\n        <div class=\"blog-feed__intro\">\n                            <div class=\"blog-feed__eyebrow eyebrow\">Blogs<\/div>                                        <h2 class=\"blog-feed__headline\">D\u00e9couvrir Santa Monica<\/h2>                                        <div class=\"blog-feed__body\"><p>Explorez les itin\u00e9raires, les conseils locaux, les points chauds et les aventures organis\u00e9es pour \u00eatre s\u00fbr de profiter au maximum de votre exp\u00e9rience \u00e0 Santa Monica.<\/p>\n<\/div>\n                                        <a class=\"blog-feed__cta\" href=\"https:\/\/www.santamonica.com\/fr_fr\/articles-de-blog\/\">Voir tous les blogs<\/a>\n                    <\/div>\n\n        <ul class=\"blog-feed__list\">\n                                                <li class=\"blog-feed__item\">\n                        <a href=\"https:\/\/www.santamonica.com\/fr_fr\/mother-road-modern-meetings-route-66-meeting-spaces-set-to-shine-for-centennial-in-santa-monica\/\" class=\"blog-feed__item-link\">\n                            <div class=\"blog-feed__image-ratio\">\n                                <img decoding=\"async\" class=\"blog-feed__image\" src=\"https:\/\/www.santamonica.com\/wp-content\/uploads\/2025\/12\/untitledJuly20162C2020180010-182-2-400x400.jpg\" alt=\"ROUTE MATERNELLE, R\u00c9UNIONS MODERNES : LES ESPACES DE R\u00c9UNION DE LA ROUTE 66 S&#039;APPR\u00caTENT \u00c0 BRILLER POUR LE CENTENAIRE \u00c0 SANTA MONICA\" title=\"\">\n                            <\/div>\n                            <div class=\"blog-feed__card-title\">ROUTE MATERNELLE, R\u00c9UNIONS MODERNES : LES ESPACES DE R\u00c9UNION DE LA ROUTE 66 S'APPR\u00caTENT \u00c0 BRILLER POUR LE CENTENAIRE \u00c0 SANTA MONICA<\/div>\n                        <\/a>\n                    <\/li>\n                                                                <li class=\"blog-feed__item\">\n                        <a href=\"https:\/\/www.santamonica.com\/fr_fr\/media\/news-release\/santa-monica-announces-song-contest-in-celebration-of-route-66-centennial\/\" class=\"blog-feed__item-link\">\n                            <div class=\"blog-feed__image-ratio\">\n                                <img decoding=\"async\" class=\"blog-feed__image\" src=\"https:\/\/www.santamonica.com\/wp-content\/uploads\/2025\/11\/DSC01084-400x400.jpg\" alt=\"SANTA MONICA ANNONCE UN CONCOURS DE CHANSONS POUR C\u00c9L\u00c9BRER LE CENTENAIRE DE LA ROUTE 66\" title=\"\">\n                            <\/div>\n                            <div class=\"blog-feed__card-title\">SANTA MONICA ANNONCE UN CONCOURS DE CHANSONS POUR C\u00c9L\u00c9BRER LE CENTENAIRE DE LA ROUTE 66<\/div>\n                        <\/a>\n                    <\/li>\n                                                                <li class=\"blog-feed__item\">\n                        <a href=\"https:\/\/www.santamonica.com\/fr_fr\/media\/news-release\/where-to-watch-the-world-series-in-santa-monica\/\" class=\"blog-feed__item-link\">\n                            <div class=\"blog-feed__image-ratio\">\n                                <img decoding=\"async\" class=\"blog-feed__image\" src=\"https:\/\/www.santamonica.com\/wp-content\/uploads\/2025\/10\/dodgers-logo-1-400x400.jpg\" alt=\"O\u00d9 REGARDER LES CHAMPIONNATS DU MONDE \u00c0 SANTA MONICA\" title=\"\">\n                            <\/div>\n                            <div class=\"blog-feed__card-title\">O\u00d9 REGARDER LES CHAMPIONNATS DU MONDE \u00c0 SANTA MONICA<\/div>\n                        <\/a>\n                    <\/li>\n                                    <\/ul>\n    <\/div>\n<\/section>","protected":false},"excerpt":{"rendered":"","protected":false},"author":1421,"featured_media":348933,"parent":0,"menu_order":0,"comment_status":"closed","ping_status":"closed","template":"template-editorial.php","meta":{"_acf_changed":false,"inline_featured_image":false,"footnotes":""},"silos":[],"class_list":["post-344449","page","type-page","status-publish","has-post-thumbnail","hentry"],"acf":[],"_links":{"self":[{"href":"https:\/\/www.santamonica.com\/fr_fr\/wp-json\/wp\/v2\/pages\/344449","targetHints":{"allow":["GET"]}}],"collection":[{"href":"https:\/\/www.santamonica.com\/fr_fr\/wp-json\/wp\/v2\/pages"}],"about":[{"href":"https:\/\/www.santamonica.com\/fr_fr\/wp-json\/wp\/v2\/types\/page"}],"author":[{"embeddable":true,"href":"https:\/\/www.santamonica.com\/fr_fr\/wp-json\/wp\/v2\/users\/1421"}],"replies":[{"embeddable":true,"href":"https:\/\/www.santamonica.com\/fr_fr\/wp-json\/wp\/v2\/comments?post=344449"}],"version-history":[{"count":160,"href":"https:\/\/www.santamonica.com\/fr_fr\/wp-json\/wp\/v2\/pages\/344449\/revisions"}],"predecessor-version":[{"id":409710,"href":"https:\/\/www.santamonica.com\/fr_fr\/wp-json\/wp\/v2\/pages\/344449\/revisions\/409710"}],"wp:featuredmedia":[{"embeddable":true,"href":"https:\/\/www.santamonica.com\/fr_fr\/wp-json\/wp\/v2\/media\/348933"}],"wp:attachment":[{"href":"https:\/\/www.santamonica.com\/fr_fr\/wp-json\/wp\/v2\/media?parent=344449"}],"wp:term":[{"taxonomy":"silos","embeddable":true,"href":"https:\/\/www.santamonica.com\/fr_fr\/wp-json\/wp\/v2\/silos?post=344449"}],"curies":[{"name":"wp","href":"https:\/\/api.w.org\/{rel}","templated":true}]}}