{"id":343597,"date":"2022-06-24T17:22:59","date_gmt":"2022-06-25T00:22:59","guid":{"rendered":"https:\/\/www.santamonica.com\/?page_id=343597"},"modified":"2023-12-12T10:58:51","modified_gmt":"2023-12-12T18:58:51","slug":"bol-de-roses","status":"publish","type":"page","link":"https:\/\/www.santamonica.com\/fr_fr\/things-to-do\/rose-bowl\/","title":{"rendered":"Rose Bowl"},"content":{"rendered":"<section class=\"booking-cta --theme5 sm-block\">\n    <div id=\"widget-container-2070\"><\/div>\n<script type=\"text\/javascript\">\n  (function() {\n    var script = document.createElement('script');\n    script.type = 'text\/javascript';\n    script.async = 'true';\n    script.src = \"https:\/\/admin.bookdirect.net\/hs4\/widgets\/2070.js?widget_element=widget-container-2070\";\n    document.body.appendChild(script);\n  })();\n<\/script>\n    <\/section>\n\n\n\n\n    \n    <section class=\"subpage-links container-max sm-block\">\n        <div class=\"subpage-links__diamonds\"><\/div>\n                <div class=\"subpage-links__content\">\n            <div class=\"subpage-links__card\">\n                <div class=\"subpage-links__card-wrapper\">\n                    <a href=\"https:\/\/www.santamonica.com\/fr_fr\/hotels\/\" class=\"subpage-links__card-link\" aria-label=\"R\u00e9servez votre h\u00f4tel\">\n                                                    <img decoding=\"async\" width=\"550\" height=\"782\" src=\"https:\/\/www.santamonica.com\/wp-content\/uploads\/2022\/12\/Loews-Santa-Monica-Hotel.jpg\" class=\"subpage-links__card-image\" alt=\"\" loading=\"lazy\" srcset=\"https:\/\/www.santamonica.com\/wp-content\/uploads\/2022\/12\/Loews-Santa-Monica-Hotel.jpg 550w, https:\/\/www.santamonica.com\/wp-content\/uploads\/2022\/12\/Loews-Santa-Monica-Hotel-211x300.jpg 211w, https:\/\/www.santamonica.com\/wp-content\/uploads\/2022\/12\/Loews-Santa-Monica-Hotel-105x150.jpg 105w\" sizes=\"auto, (max-width: 550px) 100vw, 550px\" title=\"\">                                                                            <div class=\"subpage-links__card-description\">\n                                <span class=\"subpage-links__card-title\">R\u00e9servez votre h\u00f4tel<\/span>\n                                <div class=\"subpage-links__card-button card-arrow\">Explorer<\/div>\n                            <\/div>\n                                            <\/a>\n                <\/div>\n            <\/div>\n            <div class=\"subpage-links__card\">\n                <div class=\"subpage-links__card-wrapper\">\n                    <a href=\"https:\/\/www.santamonica.com\/fr_fr\/evenements\/new-years-eve\/\" class=\"subpage-links__card-link\" aria-label=\"La nouvelle ann\u00e9e commence\">\n                                                    <img decoding=\"async\" width=\"550\" height=\"782\" src=\"https:\/\/www.santamonica.com\/wp-content\/uploads\/2022\/12\/NY-Victorian.jpg\" class=\"subpage-links__card-image\" alt=\"Photo de lumi\u00e8res suspendues \u00e0 l&#039;arbre dans l&#039;obscurit\u00e9 ; The Victorian \u00e0 Santa Monica\" loading=\"lazy\" srcset=\"https:\/\/www.santamonica.com\/wp-content\/uploads\/2022\/12\/NY-Victorian.jpg 550w, https:\/\/www.santamonica.com\/wp-content\/uploads\/2022\/12\/NY-Victorian-211x300.jpg 211w, https:\/\/www.santamonica.com\/wp-content\/uploads\/2022\/12\/NY-Victorian-105x150.jpg 105w\" sizes=\"auto, (max-width: 550px) 100vw, 550px\" title=\"\">                                                                            <div class=\"subpage-links__card-description\">\n                                <div class=\"subpage-links__card-title\">La nouvelle ann\u00e9e commence<\/div>\n                                <div class=\"subpage-links__card-button card-arrow\">Explorer<\/div>\n                            <\/div>\n                                            <\/a>\n                <\/div>\n            <\/div>\n            <div class=\"subpage-links__card\">\n                <div class=\"subpage-links__card-wrapper\">\n                    <a href=\"\/fr_fr\/trip-planner\/\" class=\"subpage-links__card-link\" aria-label=\"Cr\u00e9ez votre voyage\">\n                                                    <img decoding=\"async\" width=\"600\" height=\"565\" src=\"https:\/\/www.santamonica.com\/wp-content\/uploads\/2022\/06\/santa-monica-royalty-free-images.jpg\" class=\"subpage-links__card-image\" alt=\"santa monica royalty free images\" loading=\"lazy\" srcset=\"https:\/\/www.santamonica.com\/wp-content\/uploads\/2022\/06\/santa-monica-royalty-free-images.jpg 600w, https:\/\/www.santamonica.com\/wp-content\/uploads\/2022\/06\/santa-monica-royalty-free-images-300x283.jpg 300w, https:\/\/www.santamonica.com\/wp-content\/uploads\/2022\/06\/santa-monica-royalty-free-images-159x150.jpg 159w\" sizes=\"auto, (max-width: 600px) 100vw, 600px\" title=\"\">                                                                            <div class=\"subpage-links__card-description\">\n                                <div class=\"subpage-links__card-title\">Cr\u00e9ez votre voyage<\/div>\n                                <div class=\"subpage-links__card-button card-arrow\">Explorer<\/div>\n                            <\/div>\n                                            <\/a>\n                <\/div>\n            <\/div>\n        <\/div>\n            <\/section>\n\n\n<section class=\"travel-tips --theme7 sm-block base-block\">\n    <div class=\"travel-tips__inner\">\n        <div class=\"travel-tips__body-col\">\n                            <img decoding=\"async\" src=\"https:\/\/www.santamonica.com\/wp-content\/uploads\/2022\/06\/responsible-badge-1.svg\" alt=\"Voyager de mani\u00e8re responsable \u00e0 Santa Monica\" title=\"\">\n                                        <p class=\"travel-tips__intro\">Voyagez en toute s\u00e9curit\u00e9 et de mani\u00e8re durable pour contribuer \u00e0 pr\u00e9server la beaut\u00e9 de Santa Monica tout en restant en bonne sant\u00e9 gr\u00e2ce \u00e0 ces conseils.<\/p>\n                    <\/div>\n        <div class=\"travel-tips__links-col\">\n                        <div class=\"travel-tips__link-row\">\n                                    <img decoding=\"async\" src=\"https:\/\/www.santamonica.com\/wp-content\/uploads\/2022\/06\/Parking-Information.svg\" alt=\"Stationnement \u00e0 Santa Monica\" title=\"\">\n                                                    <a class=\"travel-tips__link\" href=\"https:\/\/www.santamonica.com\/fr_fr\/transportation\/parking\/\">\n                        Informations sur le stationnement                    <\/a>\n                            <\/div>\n                        <div class=\"travel-tips__link-row\">\n                                    <img decoding=\"async\" src=\"https:\/\/www.santamonica.com\/wp-content\/uploads\/2022\/06\/What-to-Pack.svg\" alt=\"Pr\u00e9parer sa valise pour un voyage \u00e0 Santa Monica\" title=\"\">\n                                                    <a class=\"travel-tips__link\" href=\"https:\/\/www.santamonica.com\/fr_fr\/experience-santa-monica\/what-to-pack\/\">\n                        Ce qu'il faut emporter                    <\/a>\n                            <\/div>\n                        <div class=\"travel-tips__link-row\">\n                                    <img decoding=\"async\" src=\"https:\/\/www.santamonica.com\/wp-content\/uploads\/2022\/06\/Health-and-Safety.svg\" alt=\"Conseils de s\u00e9curit\u00e9 pour les voyages \u00e0 Santa Monica\" title=\"\">\n                                                    <a class=\"travel-tips__link\" href=\"https:\/\/www.santamonica.com\/fr_fr\/experience-santa-monica\/safety\/\">\n                        Sant\u00e9 et s\u00e9curit\u00e9                    <\/a>\n                            <\/div>\n                        <div class=\"travel-tips__link-row\">\n                                    <img decoding=\"async\" src=\"https:\/\/www.santamonica.com\/wp-content\/uploads\/2022\/06\/The-Essentials.svg\" alt=\"Les essentiels du voyage \u00e0 Santa Monica\" title=\"\">\n                                                    <a class=\"travel-tips__link\" href=\"https:\/\/www.santamonica.com\/fr_fr\/experience-santa-monica\/essentials\/\">\n                        L'essentiel                    <\/a>\n                            <\/div>\n                    <\/div>\n\n    <\/div>\n<\/section>\n\n\n<section class=\"links-grid --theme3 sm-block\">\n    <div class=\"links-grid__wrapper\">\n                                                    <a href=\"https:\/\/www.santamonica.com\/fr_fr\/things-to-do\/santa-monica-beach\/\" class=\"links-grid__card-link\" aria-label=\"Plage de Santa Monica\" >\n                    <div class=\"links-grid__card\">\n                                                    <div class=\"links-grid__card-image-wrapper\">\n                                <img decoding=\"async\" width=\"400\" height=\"400\" src=\"https:\/\/www.santamonica.com\/wp-content\/uploads\/2022\/05\/santa-monica-beach-guide-400x400.jpg\" class=\"links-grid__card-image\" alt=\"guide des plages de santa monica\" loading=\"lazy\" title=\"\">                            <\/div>\n                                                <div class=\"links-grid__card-text\">\n                                                            <div class=\"links-grid__card-title\">Plage de Santa Monica<\/div>\n                                                                                        <div class=\"links-grid__card-description\"> Santa Monica poss\u00e8de 3,5 miles de c\u00f4te scintillante et 280 jours d'ensoleillement.<\/div>\n                                                    <\/div>\n                    <\/div>\n                <\/a>\n                                            <a href=\"https:\/\/www.santamonica.com\/fr_fr\/transportation\/\" class=\"links-grid__card-link\" aria-label=\"Transport - Se d\u00e9placer\" >\n                    <div class=\"links-grid__card\">\n                                                    <div class=\"links-grid__card-image-wrapper\">\n                                <img decoding=\"async\" width=\"400\" height=\"400\" src=\"https:\/\/www.santamonica.com\/wp-content\/uploads\/2022\/06\/santa-monica-directions-400x400.jpg\" class=\"links-grid__card-image\" alt=\"Voyage de LAX \u00e0 Santa Monica\" loading=\"lazy\" title=\"\">                            <\/div>\n                                                <div class=\"links-grid__card-text\">\n                                                            <div class=\"links-grid__card-title\">Transport - Se d\u00e9placer<\/div>\n                                                                                        <div class=\"links-grid__card-description\">Planifiez votre itin\u00e9raire pour vous rendre au match et d\u00e9couvrez des exp\u00e9riences dans toute la ville.<\/div>\n                                                    <\/div>\n                    <\/div>\n                <\/a>\n                                            <a href=\"https:\/\/www.santamonica.com\/fr_fr\/dining-guide-2\/\" class=\"links-grid__card-link\" aria-label=\"Guide des repas\" >\n                    <div class=\"links-grid__card\">\n                                                    <div class=\"links-grid__card-image-wrapper\">\n                                <img decoding=\"async\" width=\"400\" height=\"400\" src=\"https:\/\/www.santamonica.com\/wp-content\/uploads\/2022\/06\/santa-monica-eateries-2-400x400.jpg\" class=\"links-grid__card-image\" alt=\"restaurants de santa monica\" loading=\"lazy\" title=\"\">                            <\/div>\n                                                <div class=\"links-grid__card-text\">\n                                                            <div class=\"links-grid__card-title\">Guide des repas<\/div>\n                                                                                        <div class=\"links-grid__card-description\">Vous pouvez vous restaurer avant et apr\u00e8s le match dans l'un des 400 restaurants de la ville.<\/div>\n                                                    <\/div>\n                    <\/div>\n                <\/a>\n                                            <a href=\"https:\/\/www.santamonica.com\/fr_fr\/nightlife\/guide-to-santa-monica-bars\/\" class=\"links-grid__card-link\" aria-label=\"Bars et vie nocturne\" >\n                    <div class=\"links-grid__card\">\n                                                    <div class=\"links-grid__card-image-wrapper\">\n                                <img decoding=\"async\" width=\"400\" height=\"400\" src=\"https:\/\/www.santamonica.com\/wp-content\/uploads\/2022\/06\/santa-monica-bars-400x400.jpg\" class=\"links-grid__card-image\" alt=\"bars de santa monica\" loading=\"lazy\" title=\"\">                            <\/div>\n                                                <div class=\"links-grid__card-text\">\n                                                            <div class=\"links-grid__card-title\">Bars et vie nocturne<\/div>\n                                                                                        <div class=\"links-grid__card-description\">C\u00e9l\u00e9brez les grandes victoires dans les bars pr\u00e9f\u00e9r\u00e9s de Santa Monica.<\/div>\n                                                    <\/div>\n                    <\/div>\n                <\/a>\n                        <\/div>\n<\/section>\n\n\n\n<section class=\"blog-feed --theme8 sm-block\">\n    <div class=\"blog-feed__content\">\n        <div class=\"blog-feed__intro\">\n                            <div class=\"blog-feed__eyebrow eyebrow\">Blogs<\/div>                                        <h2 class=\"blog-feed__headline\">D\u00e9couvrir Santa Monica<\/h2>                                        <div class=\"blog-feed__body\"><p>Explorez les itin\u00e9raires, les conseils locaux, les points chauds et les aventures organis\u00e9es pour \u00eatre s\u00fbr de profiter au maximum de votre exp\u00e9rience \u00e0 Santa Monica.<\/p>\n<\/div>\n                                        <a class=\"blog-feed__cta\" href=\"https:\/\/www.santamonica.com\/fr_fr\/blog-posts\/\">Voir tous les blogs<\/a>\n                    <\/div>\n\n        <ul class=\"blog-feed__list\">\n                                                <li class=\"blog-feed__item\">\n                        <a href=\"https:\/\/www.santamonica.com\/fr_fr\/things-to-do\/100-free-things-to-do-santa-monica\/\" class=\"blog-feed__item-link\">\n                            <div class=\"blog-feed__image-ratio\">\n                                <img decoding=\"async\" class=\"blog-feed__image\" src=\"https:\/\/www.santamonica.com\/wp-content\/uploads\/2015\/04\/100-Free-Things-Featured-Image__520x546.jpg\" alt=\"Activit\u00e9s gratuites \u00e0 Santa Monica\" title=\"\">\n                            <\/div>\n                            <div class=\"blog-feed__card-title\">Activit\u00e9s gratuites \u00e0 Santa Monica<\/div>\n                        <\/a>\n                    <\/li>\n                                                                <li class=\"blog-feed__item\">\n                        <a href=\"https:\/\/www.santamonica.com\/fr_fr\/restaurants\/allergy-friendly-dining-options-in-santa-monica\/\" class=\"blog-feed__item-link\">\n                            <div class=\"blog-feed__image-ratio\">\n                                <img decoding=\"async\" class=\"blog-feed__image\" src=\"https:\/\/www.santamonica.com\/wp-content\/uploads\/2021\/04\/FlowerchildBowl_Featured-400x400.jpg\" alt=\"Options de restauration adapt\u00e9es aux allergies \u00e0 Santa Monica\" title=\"\">\n                            <\/div>\n                            <div class=\"blog-feed__card-title\">Options de restauration adapt\u00e9es aux allergies \u00e0 Santa Monica<\/div>\n                        <\/a>\n                    <\/li>\n                                    <\/ul>\n    <\/div>\n<\/section>","protected":false},"excerpt":{"rendered":"","protected":false},"author":1450,"featured_media":336928,"parent":0,"menu_order":0,"comment_status":"closed","ping_status":"closed","template":"template-editorial.php","meta":{"_acf_changed":false,"inline_featured_image":false,"footnotes":""},"silos":[3899],"class_list":["post-343597","page","type-page","status-publish","has-post-thumbnail","hentry"],"acf":[],"_links":{"self":[{"href":"https:\/\/www.santamonica.com\/fr_fr\/wp-json\/wp\/v2\/pages\/343597","targetHints":{"allow":["GET"]}}],"collection":[{"href":"https:\/\/www.santamonica.com\/fr_fr\/wp-json\/wp\/v2\/pages"}],"about":[{"href":"https:\/\/www.santamonica.com\/fr_fr\/wp-json\/wp\/v2\/types\/page"}],"author":[{"embeddable":true,"href":"https:\/\/www.santamonica.com\/fr_fr\/wp-json\/wp\/v2\/users\/1450"}],"replies":[{"embeddable":true,"href":"https:\/\/www.santamonica.com\/fr_fr\/wp-json\/wp\/v2\/comments?post=343597"}],"version-history":[{"count":58,"href":"https:\/\/www.santamonica.com\/fr_fr\/wp-json\/wp\/v2\/pages\/343597\/revisions"}],"predecessor-version":[{"id":397222,"href":"https:\/\/www.santamonica.com\/fr_fr\/wp-json\/wp\/v2\/pages\/343597\/revisions\/397222"}],"wp:featuredmedia":[{"embeddable":true,"href":"https:\/\/www.santamonica.com\/fr_fr\/wp-json\/wp\/v2\/media\/336928"}],"wp:attachment":[{"href":"https:\/\/www.santamonica.com\/fr_fr\/wp-json\/wp\/v2\/media?parent=343597"}],"wp:term":[{"taxonomy":"silos","embeddable":true,"href":"https:\/\/www.santamonica.com\/fr_fr\/wp-json\/wp\/v2\/silos?post=343597"}],"curies":[{"name":"wp","href":"https:\/\/api.w.org\/{rel}","templated":true}]}}