{"id":336866,"date":"2022-06-02T14:27:35","date_gmt":"2022-06-02T21:27:35","guid":{"rendered":"https:\/\/www.santamonica.com\/?page_id=336866"},"modified":"2026-01-13T13:33:06","modified_gmt":"2026-01-13T21:33:06","slug":"evenements","status":"publish","type":"page","link":"https:\/\/www.santamonica.com\/fr_fr\/events\/","title":{"rendered":"Ev\u00e9nements"},"content":{"rendered":"<section class=\"two-images container-max sm-block  sm-block\">\n    <div class=\"two-images__container\">\n\n        <div class=\"two-images__column\">\n            <div class=\"two-images__content\">\n                <div class=\"two-images__content-header-container\">\n                                            <h2 class=\"two-images__content-header\">D\u00e9couvrez les \u00e9v\u00e9nements de Santa Monica<\/h2>                                    <\/div>\n                                    <div class=\"two-images__content-body wysiwyg\">\n                        <p>Santa Monica est un endroit id\u00e9al pour assister \u00e0 un \u00e9v\u00e9nement gr\u00e2ce \u00e0 son climat doux tout au long de l'ann\u00e9e, \u00e0 sa proximit\u00e9 avec Los Angeles et \u00e0 ses lieux d'\u00e9v\u00e9nements uniques. Marchez, faites du v\u00e9lo ou prenez la ligne E du m\u00e9tro et profitez des nombreux \u00e9v\u00e9nements de Santa Monica ! Cette escapade en bord de mer propose des divertissements uniques tout au long de l'ann\u00e9e, dont beaucoup sont gratuits et se d\u00e9roulent en plein air ! Emmenez votre famille d\u00e9couvrir l'embl\u00e9matique Pacific Park ou planifiez votre parfaite sortie du samedi en d\u00e9couvrant les \u00e9v\u00e9nements \u00e0 venir \u00e0 Santa Monica.<\/p>\n                    <\/div>\n                                                    <div class=\"two-images__content-cta\">\n                        <a class=\"two-images__cta\" href=\"https:\/\/www.santamonica.com\/fr_fr\/evenements\/evenements-annuels\/\" target=\"\">Voir les \u00e9v\u00e9nements annuels<\/a>\n                    <\/div>\n                            <\/div>\n        <\/div>\n\n        <div class=\"two-images__column\">\n                            <div class=\"two-images__image-container\">\n                    <img decoding=\"async\" width=\"425\" height=\"505\" src=\"https:\/\/www.santamonica.com\/wp-content\/uploads\/2022\/06\/events-santa-monica.jpg\" class=\"two-images__image\" alt=\"\u00e9v\u00e9nements santa monica\" loading=\"lazy\" srcset=\"https:\/\/www.santamonica.com\/wp-content\/uploads\/2022\/06\/events-santa-monica.jpg 425w, https:\/\/www.santamonica.com\/wp-content\/uploads\/2022\/06\/events-santa-monica-252x300.jpg 252w, https:\/\/www.santamonica.com\/wp-content\/uploads\/2022\/06\/events-santa-monica-126x150.jpg 126w\" sizes=\"auto, (max-width: 425px) 100vw, 425px\" title=\"\">                    \n\n                <\/div>\n                    <\/div>\n\n        <div class=\"two-images__column\">\n                            <div class=\"two-images__image-container\">\n                    <img decoding=\"async\" width=\"600\" height=\"565\" src=\"https:\/\/www.santamonica.com\/wp-content\/uploads\/2022\/06\/fall-events-santa-monica.jpg\" class=\"two-images__image\" alt=\"\u00e9v\u00e9nements d&#039;automne santa monica\" loading=\"lazy\" srcset=\"https:\/\/www.santamonica.com\/wp-content\/uploads\/2022\/06\/fall-events-santa-monica.jpg 600w, https:\/\/www.santamonica.com\/wp-content\/uploads\/2022\/06\/fall-events-santa-monica-300x283.jpg 300w, https:\/\/www.santamonica.com\/wp-content\/uploads\/2022\/06\/fall-events-santa-monica-159x150.jpg 159w\" sizes=\"auto, (max-width: 600px) 100vw, 600px\" title=\"\">                    \n\n                <\/div>\n                    <\/div>\n\n    <\/div>\n<\/section>\n\n\n<section class=\"blog-feed --theme8 sm-block\">\n    <div class=\"blog-feed__content\">\n        <div class=\"blog-feed__intro\">\n                            <div class=\"blog-feed__eyebrow eyebrow\">Blogs<\/div>                                        <h2 class=\"blog-feed__headline\">D\u00e9couvrir Santa Monica<\/h2>                                        <div class=\"blog-feed__body\"><p>Explorez les itin\u00e9raires, les conseils locaux, les points chauds et les aventures organis\u00e9es pour \u00eatre s\u00fbr de profiter au maximum de votre exp\u00e9rience \u00e0 Santa Monica.<\/p>\n<\/div>\n                                        <a class=\"blog-feed__cta\" href=\"https:\/\/www.santamonica.com\/fr_fr\/articles-de-blog\/\">Voir tous les blogs<\/a>\n                    <\/div>\n\n        <ul class=\"blog-feed__list\">\n                                                <li class=\"blog-feed__item\">\n                        <a href=\"https:\/\/www.santamonica.com\/fr_fr\/mother-road-modern-meetings-route-66-meeting-spaces-set-to-shine-for-centennial-in-santa-monica\/\" class=\"blog-feed__item-link\">\n                            <div class=\"blog-feed__image-ratio\">\n                                <img decoding=\"async\" class=\"blog-feed__image\" src=\"https:\/\/www.santamonica.com\/wp-content\/uploads\/2025\/12\/untitledJuly20162C2020180010-182-2-400x400.jpg\" alt=\"ROUTE MATERNELLE, R\u00c9UNIONS MODERNES : LES ESPACES DE R\u00c9UNION DE LA ROUTE 66 S&#039;APPR\u00caTENT \u00c0 BRILLER POUR LE CENTENAIRE \u00c0 SANTA MONICA\" title=\"\">\n                            <\/div>\n                            <div class=\"blog-feed__card-title\">ROUTE MATERNELLE, R\u00c9UNIONS MODERNES : LES ESPACES DE R\u00c9UNION DE LA ROUTE 66 S'APPR\u00caTENT \u00c0 BRILLER POUR LE CENTENAIRE \u00c0 SANTA MONICA<\/div>\n                        <\/a>\n                    <\/li>\n                                                                <li class=\"blog-feed__item\">\n                        <a href=\"https:\/\/www.santamonica.com\/fr_fr\/media\/news-release\/santa-monica-announces-song-contest-in-celebration-of-route-66-centennial\/\" class=\"blog-feed__item-link\">\n                            <div class=\"blog-feed__image-ratio\">\n                                <img decoding=\"async\" class=\"blog-feed__image\" src=\"https:\/\/www.santamonica.com\/wp-content\/uploads\/2025\/11\/DSC01084-400x400.jpg\" alt=\"SANTA MONICA ANNONCE UN CONCOURS DE CHANSONS POUR C\u00c9L\u00c9BRER LE CENTENAIRE DE LA ROUTE 66\" title=\"\">\n                            <\/div>\n                            <div class=\"blog-feed__card-title\">SANTA MONICA ANNONCE UN CONCOURS DE CHANSONS POUR C\u00c9L\u00c9BRER LE CENTENAIRE DE LA ROUTE 66<\/div>\n                        <\/a>\n                    <\/li>\n                                                                <li class=\"blog-feed__item\">\n                        <a href=\"https:\/\/www.santamonica.com\/fr_fr\/media\/news-release\/where-to-watch-the-world-series-in-santa-monica\/\" class=\"blog-feed__item-link\">\n                            <div class=\"blog-feed__image-ratio\">\n                                <img decoding=\"async\" class=\"blog-feed__image\" src=\"https:\/\/www.santamonica.com\/wp-content\/uploads\/2025\/10\/dodgers-logo-1-400x400.jpg\" alt=\"O\u00d9 REGARDER LES CHAMPIONNATS DU MONDE \u00c0 SANTA MONICA\" title=\"\">\n                            <\/div>\n                            <div class=\"blog-feed__card-title\">O\u00d9 REGARDER LES CHAMPIONNATS DU MONDE \u00c0 SANTA MONICA<\/div>\n                        <\/a>\n                    <\/li>\n                                    <\/ul>\n    <\/div>\n<\/section>","protected":false},"excerpt":{"rendered":"","protected":false},"author":1450,"featured_media":350317,"parent":0,"menu_order":0,"comment_status":"closed","ping_status":"closed","template":"template-events-listing.php","meta":{"_acf_changed":false,"inline_featured_image":false,"footnotes":""},"silos":[],"class_list":["post-336866","page","type-page","status-publish","has-post-thumbnail","hentry"],"acf":[],"_links":{"self":[{"href":"https:\/\/www.santamonica.com\/fr_fr\/wp-json\/wp\/v2\/pages\/336866","targetHints":{"allow":["GET"]}}],"collection":[{"href":"https:\/\/www.santamonica.com\/fr_fr\/wp-json\/wp\/v2\/pages"}],"about":[{"href":"https:\/\/www.santamonica.com\/fr_fr\/wp-json\/wp\/v2\/types\/page"}],"author":[{"embeddable":true,"href":"https:\/\/www.santamonica.com\/fr_fr\/wp-json\/wp\/v2\/users\/1450"}],"replies":[{"embeddable":true,"href":"https:\/\/www.santamonica.com\/fr_fr\/wp-json\/wp\/v2\/comments?post=336866"}],"version-history":[{"count":38,"href":"https:\/\/www.santamonica.com\/fr_fr\/wp-json\/wp\/v2\/pages\/336866\/revisions"}],"predecessor-version":[{"id":427718,"href":"https:\/\/www.santamonica.com\/fr_fr\/wp-json\/wp\/v2\/pages\/336866\/revisions\/427718"}],"wp:featuredmedia":[{"embeddable":true,"href":"https:\/\/www.santamonica.com\/fr_fr\/wp-json\/wp\/v2\/media\/350317"}],"wp:attachment":[{"href":"https:\/\/www.santamonica.com\/fr_fr\/wp-json\/wp\/v2\/media?parent=336866"}],"wp:term":[{"taxonomy":"silos","embeddable":true,"href":"https:\/\/www.santamonica.com\/fr_fr\/wp-json\/wp\/v2\/silos?post=336866"}],"curies":[{"name":"wp","href":"https:\/\/api.w.org\/{rel}","templated":true}]}}