{"id":335272,"date":"2022-05-13T14:56:16","date_gmt":"2022-05-13T21:56:16","guid":{"rendered":"https:\/\/www.santamonica.com\/?page_id=335272"},"modified":"2022-07-25T23:11:20","modified_gmt":"2022-07-26T06:11:20","slug":"brille","status":"publish","type":"page","link":"https:\/\/www.santamonica.com\/fr_fr\/shines\/","title":{"rendered":"Santa Monica brille"},"content":{"rendered":"<section class=\"subpage-links container-max sm-block\">\n        <div class=\"subpage-links__diamonds\"><\/div>\n                <div class=\"subpage-links__content\">\n            <div class=\"subpage-links__card\">\n                <div class=\"subpage-links__card-wrapper\">\n                    <a href=\"https:\/\/www.santamonica.com\/fr_fr\/hotels\/\" class=\"subpage-links__card-link\" aria-label=\"R\u00e9servez votre h\u00f4tel \u00e0 Santa Monica\">\n                                                    <img decoding=\"async\" width=\"550\" height=\"785\" src=\"https:\/\/www.santamonica.com\/wp-content\/uploads\/2022\/06\/hotels.jpg\" class=\"subpage-links__card-image\" alt=\"h\u00f4tels\" loading=\"lazy\" srcset=\"https:\/\/www.santamonica.com\/wp-content\/uploads\/2022\/06\/hotels.jpg 550w, https:\/\/www.santamonica.com\/wp-content\/uploads\/2022\/06\/hotels-210x300.jpg 210w, https:\/\/www.santamonica.com\/wp-content\/uploads\/2022\/06\/hotels-105x150.jpg 105w\" sizes=\"auto, (max-width: 550px) 100vw, 550px\" title=\"\">                                                                            <div class=\"subpage-links__card-description\">\n                                <span class=\"subpage-links__card-title\">R\u00e9servez votre h\u00f4tel \u00e0 Santa Monica<\/span>\n                                <div class=\"subpage-links__card-button card-arrow\">Explorer<\/div>\n                            <\/div>\n                                            <\/a>\n                <\/div>\n            <\/div>\n            <div class=\"subpage-links__card\">\n                <div class=\"subpage-links__card-wrapper\">\n                    <a href=\"https:\/\/www.santamonica.com\/fr_fr\/planificateur-de-voyage\/\" class=\"subpage-links__card-link\" aria-label=\"Cr\u00e9ez votre voyage \u00e0 Santa Monica\">\n                                                    <img decoding=\"async\" width=\"550\" height=\"785\" src=\"https:\/\/www.santamonica.com\/wp-content\/uploads\/2022\/06\/trip-planner.jpg\" class=\"subpage-links__card-image\" alt=\"planificateur de voyage\" loading=\"lazy\" srcset=\"https:\/\/www.santamonica.com\/wp-content\/uploads\/2022\/06\/trip-planner.jpg 550w, https:\/\/www.santamonica.com\/wp-content\/uploads\/2022\/06\/trip-planner-210x300.jpg 210w, https:\/\/www.santamonica.com\/wp-content\/uploads\/2022\/06\/trip-planner-105x150.jpg 105w\" sizes=\"auto, (max-width: 550px) 100vw, 550px\" title=\"\">                                                                            <div class=\"subpage-links__card-description\">\n                                <div class=\"subpage-links__card-title\">Cr\u00e9ez votre voyage \u00e0 Santa Monica<\/div>\n                                <div class=\"subpage-links__card-button card-arrow\">Explorer<\/div>\n                            <\/div>\n                                            <\/a>\n                <\/div>\n            <\/div>\n            <div class=\"subpage-links__card\">\n                <div class=\"subpage-links__card-wrapper\">\n                    <a href=\"https:\/\/www.santamonica.com\/fr_fr\/voyager-de-maniere-responsable\/\" class=\"subpage-links__card-link\" aria-label=\"Comment voyager de mani\u00e8re responsable\">\n                                                    <img decoding=\"async\" width=\"550\" height=\"785\" src=\"https:\/\/www.santamonica.com\/wp-content\/uploads\/2022\/07\/Santa-Monica-Metro-station-550x785-1.jpg\" class=\"subpage-links__card-image\" alt=\"Station de m\u00e9tro Santa Monica\" loading=\"lazy\" srcset=\"https:\/\/www.santamonica.com\/wp-content\/uploads\/2022\/07\/Santa-Monica-Metro-station-550x785-1.jpg 550w, https:\/\/www.santamonica.com\/wp-content\/uploads\/2022\/07\/Santa-Monica-Metro-station-550x785-1-210x300.jpg 210w, https:\/\/www.santamonica.com\/wp-content\/uploads\/2022\/07\/Santa-Monica-Metro-station-550x785-1-105x150.jpg 105w\" sizes=\"auto, (max-width: 550px) 100vw, 550px\" title=\"\">                                                                            <div class=\"subpage-links__card-description\">\n                                <div class=\"subpage-links__card-title\">Comment voyager de mani\u00e8re responsable<\/div>\n                                <div class=\"subpage-links__card-button card-arrow\">Explorer<\/div>\n                            <\/div>\n                                            <\/a>\n                <\/div>\n            <\/div>\n        <\/div>\n            <\/section>\n\n\n<section class=\"links-grid --theme3 sm-block\">\n    <div class=\"links-grid__wrapper\">\n                                                    <a href=\"https:\/\/www.santamonica.com\/fr_fr\/restaurants\/outdoor-dining\/\" class=\"links-grid__card-link\" aria-label=\"D\u00eener en plein air\" >\n                    <div class=\"links-grid__card\">\n                                                    <div class=\"links-grid__card-image-wrapper\">\n                                <img decoding=\"async\" width=\"400\" height=\"400\" src=\"https:\/\/www.santamonica.com\/wp-content\/uploads\/2023\/07\/group-of-friends-at-viceroy-santa-monica-400x400.jpg\" class=\"links-grid__card-image\" alt=\"groupe d&#039;amis au viceroy santa monica-D\u00eener en plein air \u00e0 Santa Monica\" loading=\"lazy\" title=\"\">                            <\/div>\n                                                <div class=\"links-grid__card-text\">\n                                                            <div class=\"links-grid__card-title\">D\u00eener en plein air<\/div>\n                                                                                <\/div>\n                    <\/div>\n                <\/a>\n                                            <a href=\"\" class=\"links-grid__card-link\" aria-label=\"\" >\n                    <div class=\"links-grid__card\">\n                                                <div class=\"links-grid__card-text\">\n                                                                                <\/div>\n                    <\/div>\n                <\/a>\n                                            <a href=\"https:\/\/www.santamonica.com\/fr_fr\/blog-posts\/\" class=\"links-grid__card-link\" aria-label=\"Articles de blog\" >\n                    <div class=\"links-grid__card\">\n                                                    <div class=\"links-grid__card-image-wrapper\">\n                                <img decoding=\"async\" width=\"400\" height=\"400\" src=\"https:\/\/www.santamonica.com\/wp-content\/uploads\/2022\/06\/smtt-blog-400x400.jpg\" class=\"links-grid__card-image\" alt=\"blog smtt\" loading=\"lazy\" title=\"\">                            <\/div>\n                                                <div class=\"links-grid__card-text\">\n                                                            <div class=\"links-grid__card-title\">Articles de blog<\/div>\n                                                                                <\/div>\n                    <\/div>\n                <\/a>\n                                            <a href=\"https:\/\/www.santamonica.com\/fr_fr\/newsletter-signup\/\" class=\"links-grid__card-link\" aria-label=\"Inscription au bulletin d&#039;information\" >\n                    <div class=\"links-grid__card\">\n                                                    <div class=\"links-grid__card-image-wrapper\">\n                                <img decoding=\"async\" width=\"400\" height=\"400\" src=\"https:\/\/www.santamonica.com\/wp-content\/uploads\/2022\/06\/places-for-kids-in-santa-monica-400x400.jpg\" class=\"links-grid__card-image\" alt=\"Choses \u00e0 faire \u00e0 Santa Monica avec des enfants\" loading=\"lazy\" title=\"\">                            <\/div>\n                                                <div class=\"links-grid__card-text\">\n                                                            <div class=\"links-grid__card-title\">Inscription au bulletin d'information<\/div>\n                                                                                <\/div>\n                    <\/div>\n                <\/a>\n                        <\/div>\n<\/section>\n\n\n\n\n<div class=\"wp-block-columns is-layout-flex wp-container-core-columns-is-layout-28f84493 wp-block-columns-is-layout-flex base-block\">\n<div class=\"wp-block-column is-layout-flow wp-block-column-is-layout-flow base-block\" style=\"flex-basis:33.33%\"><iframe loading=\"lazy\" src=\"https:\/\/open.spotify.com\/embed\/playlist\/1b0ekQrQPO2U1J9VOyQlvg\" width=\"100%\" height=\"380\" frameborder=\"0\" data-gtm-yt-inspected-7=\"true\"><\/iframe><\/div>\n\n\n\n<div class=\"wp-block-column is-layout-flow wp-block-column-is-layout-flow base-block\" style=\"flex-basis:66.66%\">\n<h5 class=\"wp-block-heading base-block\">\u00c9couter Santa Monica Vibes sur Spotify<\/h5>\n\n\n\n<p class=\"base-block\">Santa Monica Vibes est d\u00e9sormais en ligne sur Spotify ! Anthony Valadez, DJ de KCRW, a cr\u00e9\u00e9 une bande-son qui capture l'essence de notre ville au bord de la mer, ses couchers de soleil, ses habitants, ses transplant\u00e9s et tout ce qui la rend sp\u00e9ciale.<\/p>\n\n\n\n<p class=\"base-block\">Avez-vous une chanson qui vous rappelle un moment particulier (vivre, travailler ou jouer) \u00e0 Santa Monica ? Partagez votre morceau de Santa Monica pour avoir une chance de l'inclure dans notre Santa Monica Playlist ! <\/p>\n<\/div>\n<\/div>\n\n\n<section class=\"events-feed sm-block sm-block\">\n    <div class=\"events-feed__inner\">\n        <div class=\"events-feed__body\">\n                            <div class=\"events-feed__body-eyebrow eyebrow\">\u00c9v\u00e9nements en vedette<\/div>                                        <h3 class=\"events-feed__body-headline\">Ce qui se passe \u00e0 Santa Monica<\/h3>                                        <div class=\"events-feed__body-intro wysiwyg\"><p>Les \u00e9v\u00e9nements annuels, les festivals saisonniers, les \u00e9v\u00e9nements centr\u00e9s sur la c\u00f4te ouest et les occasions sp\u00e9ciales passionnantes se m\u00ealent tous dans le calendrier des \u00e9v\u00e9nements dynamiques de Santa Monica. Avec un climat id\u00e9al tout au long de l'ann\u00e9e et une offre culturelle diversifi\u00e9e, il se passe toujours quelque chose \u00e0 Santa Monica.<\/p>\n<\/div>\n                                        <a href=\"https:\/\/www.santamonica.com\/fr_fr\/evenements\/\" class=\"events-feed__body-cta button --primary-teal-button\" >Voir le calendrier<\/a>                    <\/div>\n        <div class=\"events-feed__events\">\n                            <a class=\"events-feed__event\" href=\"https:\/\/www.santamonica.com\/fr_fr\/event\/downtown-farmers-market\/2026-04-22\/\">\n                    <div class=\"events-feed__event-date\">\n                        <div class=\"events-feed__event-month\">\n                            Apr                        <\/div>\n                        <div class=\"events-feed__event-day\">\n                            22                        <\/div>\n                                            <\/div>\n                                            <div class=\"events-feed__event-cat --theme3\">Nourriture\/Boisson<\/div>\n                                        <div class=\"events-feed__event-details\">\n                        <h3 class=\"events-feed__event-title\">\n                            March\u00e9 fermier du centre-ville - March\u00e9 du mercredi                        <\/h3>\n                        <div class=\"events-feed__event-desc\">Le plus grand march\u00e9 de producteurs certifi\u00e9s de Californie du Sud et le favori des chefs locaux ! Le march\u00e9 de Santa Monica est l'un des plus...<\/div>\n                    <\/div>\n                    <div class=\"events-feed__event-thumb\">\n                        <img decoding=\"async\" src=\"https:\/\/www.santamonica.com\/wp-content\/uploads\/2022\/08\/All-Farmers-Markets.png\" alt=\"March\u00e9 fermier du centre-ville - March\u00e9 du mercredi\" title=\"\">\n                    <\/div>\n                <\/a>\n                            <a class=\"events-feed__event\" href=\"https:\/\/www.santamonica.com\/fr_fr\/event\/golden-hour-happy-hour-at-hotel-casa-del-mar\/2026-04-22\/\">\n                    <div class=\"events-feed__event-date\">\n                        <div class=\"events-feed__event-month\">\n                            Apr                        <\/div>\n                        <div class=\"events-feed__event-day\">\n                            22                        <\/div>\n                                            <\/div>\n                                            <div class=\"events-feed__event-cat --theme3\">Nourriture\/Boisson<\/div>\n                                        <div class=\"events-feed__event-details\">\n                        <h3 class=\"events-feed__event-title\">\n                            Golden Hour Happy Hour \u00e0 l'h\u00f4tel Casa del Mar                        <\/h3>\n                        <div class=\"events-feed__event-desc\">L'heure d'or prend une tournure espagnole dans le Lobby Lounge. Partagez des tapas authentiques, sirotez des boissons \u00e0 prix r\u00e9duit et observez le voyage color\u00e9 du soleil vers...<\/div>\n                    <\/div>\n                    <div class=\"events-feed__event-thumb\">\n                        <img decoding=\"async\" src=\"https:\/\/www.santamonica.com\/wp-content\/uploads\/2026\/03\/Untitled-design-2-1-1024x768.jpg\" alt=\"Golden Hour Happy Hour \u00e0 l&#039;h\u00f4tel Casa del Mar\" title=\"\">\n                    <\/div>\n                <\/a>\n                            <a class=\"events-feed__event\" href=\"https:\/\/www.santamonica.com\/fr_fr\/event\/scot-nerys-boobietrap\/2026-04-22\/\">\n                    <div class=\"events-feed__event-date\">\n                        <div class=\"events-feed__event-month\">\n                            Apr                        <\/div>\n                        <div class=\"events-feed__event-day\">\n                            22                        <\/div>\n                                            <\/div>\n                                            <div class=\"events-feed__event-cat --theme3\">L'art<\/div>\n                                        <div class=\"events-feed__event-details\">\n                        <h3 class=\"events-feed__event-title\">\n                            Le pi\u00e8ge \u00e0 cons de Scot Nery                        <\/h3>\n                        <div class=\"events-feed__event-desc\">DE CLASSE MONDIALE ET G\u00c9NIALEMENT STUPIDE. \u201cLe spectacle #1 de Los Angeles\u201d. - TripAdvisor Depuis son lancement en 2015, le Boobietrap de Scot Nery a...<\/div>\n                    <\/div>\n                    <div class=\"events-feed__event-thumb\">\n                        <img decoding=\"async\" src=\"https:\/\/www.santamonica.com\/wp-content\/uploads\/2025\/12\/Boobie-Trap-Soc-Med-2-1024x1024.jpg\" alt=\"Le pi\u00e8ge \u00e0 cons de Scot Nery\" title=\"\">\n                    <\/div>\n                <\/a>\n                    <\/div>\n    <\/div>\n<\/section>\n\n\n<section class=\"crowdriff-stories --theme6  sm-block\" >\n    <div class=\"crowdriff-stories__content\">\n                    <h1 class=\"crowdriff-stories__headline\">Histoires visuelles<\/h1>        \n        <!-- Begin amp.travel gallery code -->\n                    <script>\n                (function(u, w, d, a, q, e) {\n                    if (w.amptravel) return;\n                    q = [];\n                    a = w.amptravel = function(a, p) {\n                        w.amptravel.q.push({\n                            a: a,\n                            p: p\n                        });\n                    };\n                    a.q = q;\n                    a.v = \"2\";\n                    e = d.createElement(\"script\");\n                    e.setAttribute(\"src\", u + \"\/v\" + a.v + \"\/js\");\n                    d.head.appendChild(e);\n                })(\n                    \"https:\/\/g.amp.travel\",\n                    window,\n                    document\n                );\n            <\/script>\n            <div data-amp-travel-gallery-id=\"f6a6909f-a821-4445-ae20-d9801a7b4ee2\" data-amp-travel=\"gallery-container\"><\/div>\n            <!-- End amp.travel gallery code -->\n            <\/div>\n<\/section>\n\n\n<section class=\"blog-feed --theme8 sm-block\">\n    <div class=\"blog-feed__content\">\n        <div class=\"blog-feed__intro\">\n                            <div class=\"blog-feed__eyebrow eyebrow\">Blogs<\/div>                                        <h2 class=\"blog-feed__headline\">Conseils d'initi\u00e9s<\/h2>                                        <div class=\"blog-feed__body\"><p>Explorez les itin\u00e9raires, les conseils locaux, les points chauds et les aventures organis\u00e9es pour \u00eatre s\u00fbr de profiter au maximum de votre exp\u00e9rience \u00e0 Santa Monica.<\/p>\n<\/div>\n                                        <a class=\"blog-feed__cta\" href=\"https:\/\/www.santamonica.com\/fr_fr\/articles-de-blog\/\">Voir tous les blogs<\/a>\n                    <\/div>\n\n        <ul class=\"blog-feed__list\">\n                                                <li class=\"blog-feed__item\">\n                        <a href=\"https:\/\/www.santamonica.com\/fr_fr\/mother-road-modern-meetings-route-66-meeting-spaces-set-to-shine-for-centennial-in-santa-monica\/\" class=\"blog-feed__item-link\">\n                            <div class=\"blog-feed__image-ratio\">\n                                <img decoding=\"async\" class=\"blog-feed__image\" src=\"https:\/\/www.santamonica.com\/wp-content\/uploads\/2025\/12\/untitledJuly20162C2020180010-182-2-400x400.jpg\" alt=\"ROUTE MATERNELLE, R\u00c9UNIONS MODERNES : LES ESPACES DE R\u00c9UNION DE LA ROUTE 66 S&#039;APPR\u00caTENT \u00c0 BRILLER POUR LE CENTENAIRE \u00c0 SANTA MONICA\" title=\"\">\n                            <\/div>\n                            <div class=\"blog-feed__card-title\">ROUTE MATERNELLE, R\u00c9UNIONS MODERNES : LES ESPACES DE R\u00c9UNION DE LA ROUTE 66 S'APPR\u00caTENT \u00c0 BRILLER POUR LE CENTENAIRE \u00c0 SANTA MONICA<\/div>\n                        <\/a>\n                    <\/li>\n                                                                <li class=\"blog-feed__item\">\n                        <a href=\"https:\/\/www.santamonica.com\/fr_fr\/media\/news-release\/santa-monica-announces-song-contest-in-celebration-of-route-66-centennial\/\" class=\"blog-feed__item-link\">\n                            <div class=\"blog-feed__image-ratio\">\n                                <img decoding=\"async\" class=\"blog-feed__image\" src=\"https:\/\/www.santamonica.com\/wp-content\/uploads\/2025\/11\/DSC01084-400x400.jpg\" alt=\"SANTA MONICA ANNONCE UN CONCOURS DE CHANSONS POUR C\u00c9L\u00c9BRER LE CENTENAIRE DE LA ROUTE 66\" title=\"\">\n                            <\/div>\n                            <div class=\"blog-feed__card-title\">SANTA MONICA ANNONCE UN CONCOURS DE CHANSONS POUR C\u00c9L\u00c9BRER LE CENTENAIRE DE LA ROUTE 66<\/div>\n                        <\/a>\n                    <\/li>\n                                                                <li class=\"blog-feed__item\">\n                        <a href=\"https:\/\/www.santamonica.com\/fr_fr\/media\/news-release\/where-to-watch-the-world-series-in-santa-monica\/\" class=\"blog-feed__item-link\">\n                            <div class=\"blog-feed__image-ratio\">\n                                <img decoding=\"async\" class=\"blog-feed__image\" src=\"https:\/\/www.santamonica.com\/wp-content\/uploads\/2025\/10\/dodgers-logo-1-400x400.jpg\" alt=\"O\u00d9 REGARDER LES CHAMPIONNATS DU MONDE \u00c0 SANTA MONICA\" title=\"\">\n                            <\/div>\n                            <div class=\"blog-feed__card-title\">O\u00d9 REGARDER LES CHAMPIONNATS DU MONDE \u00c0 SANTA MONICA<\/div>\n                        <\/a>\n                    <\/li>\n                                    <\/ul>\n    <\/div>\n<\/section>","protected":false},"excerpt":{"rendered":"<p>Listen to Santa Monica Vibes on Spotify Santa Monica Vibes are now live on Spotify! KCRW DJ Anthony Valadez created a soundtrack that sonically captures the essence of our beachside [&hellip;]<\/p>\n","protected":false},"author":1450,"featured_media":341334,"parent":0,"menu_order":0,"comment_status":"closed","ping_status":"closed","template":"template-things-to-do.php","meta":{"_acf_changed":false,"inline_featured_image":false,"footnotes":""},"silos":[],"class_list":["post-335272","page","type-page","status-publish","has-post-thumbnail","hentry"],"acf":[],"_links":{"self":[{"href":"https:\/\/www.santamonica.com\/fr_fr\/wp-json\/wp\/v2\/pages\/335272","targetHints":{"allow":["GET"]}}],"collection":[{"href":"https:\/\/www.santamonica.com\/fr_fr\/wp-json\/wp\/v2\/pages"}],"about":[{"href":"https:\/\/www.santamonica.com\/fr_fr\/wp-json\/wp\/v2\/types\/page"}],"author":[{"embeddable":true,"href":"https:\/\/www.santamonica.com\/fr_fr\/wp-json\/wp\/v2\/users\/1450"}],"replies":[{"embeddable":true,"href":"https:\/\/www.santamonica.com\/fr_fr\/wp-json\/wp\/v2\/comments?post=335272"}],"version-history":[{"count":72,"href":"https:\/\/www.santamonica.com\/fr_fr\/wp-json\/wp\/v2\/pages\/335272\/revisions"}],"predecessor-version":[{"id":349686,"href":"https:\/\/www.santamonica.com\/fr_fr\/wp-json\/wp\/v2\/pages\/335272\/revisions\/349686"}],"wp:featuredmedia":[{"embeddable":true,"href":"https:\/\/www.santamonica.com\/fr_fr\/wp-json\/wp\/v2\/media\/341334"}],"wp:attachment":[{"href":"https:\/\/www.santamonica.com\/fr_fr\/wp-json\/wp\/v2\/media?parent=335272"}],"wp:term":[{"taxonomy":"silos","embeddable":true,"href":"https:\/\/www.santamonica.com\/fr_fr\/wp-json\/wp\/v2\/silos?post=335272"}],"curies":[{"name":"wp","href":"https:\/\/api.w.org\/{rel}","templated":true}]}}