{"id":335257,"date":"2022-05-13T14:55:13","date_gmt":"2022-05-13T21:55:13","guid":{"rendered":"https:\/\/www.santamonica.com\/?page_id=335257"},"modified":"2026-01-13T13:39:06","modified_gmt":"2026-01-13T21:39:06","slug":"lgbtq","status":"publish","type":"page","link":"https:\/\/www.santamonica.com\/fr_fr\/experience-santa-monica\/lgbtq\/","title":{"rendered":"LGBTQ+"},"content":{"rendered":"<section class=\"stakeholder-feed sm-block js-stk-root sm-block\">\n    <div class=\"stakeholder-feed__top\">\n        <div class=\"stakeholder-feed__intro\">\n                            <h2 class=\"stakeholder-feed__headline\">H\u00f4tels LGBTQ+ \u00e0 Santa Monica <\/h2>                                        <div class=\"stakeholder-feed__intro-body wysiwyg\">\n                    <p>West Hollywood vient g\u00e9n\u00e9ralement \u00e0 l'esprit comme la destination de choix pour la culture LGBTQ+ pr\u00e8s de Los Angeles... mais l'atmosph\u00e8re d\u00e9tendue de la plage de Santa Monica et la gentillesse de ses habitants pourraient bien \u00eatre l'escapade parfaite.<\/p>\n                <\/div>\n                    <\/div>\n        <div class=\"stakeholder-feed__nav-section\">\n                            <h3 class=\"stakeholder-feed__feed-title\">Voir tous les s\u00e9jours adapt\u00e9s aux gays<\/h3>                                        <a href=\"https:\/\/www.santamonica.com\/fr_fr\/hotels\/\" class=\"stakeholder-feed__feed-cta button --primary-teal-button\" >Voir tous les h\u00e9bergements<\/a>            \n                        <div class=\"stakeholder-feed__pagination xxx--desktop-hide\">\n                <div class=\"swiper-button-prev stakeholder-feed__pagination-prev\"><\/div>\n                <div class=\"swiper-button-next stakeholder-feed__pagination-next\"><\/div>\n            <\/div>\n        <\/div>\n    <\/div>\n    <div class=\"stakeholder-feed__bottom\">\n        <div class=\"stakeholder-feed__feed-list-wrapper swiper js-stk-swiper\">\n            <ul class=\"stakeholder-feed__feed-list swiper-wrapper js-stk-wrapper\">\n                    <li class=\"swiper-slide stakeholder-card --theme3\">\n        <a class=\"stakeholder-card__link\" href=\"https:\/\/www.santamonica.com\/fr_fr\/hotels\/viceroy-santa-monica\/\">\n            <div class=\"stakeholder-card__image\">\n                <img decoding=\"async\" src=\"https:\/\/assets.simpleviewinc.com\/simpleview\/image\/upload\/crm\/santamonica\/vsm_pool_deck_day_EC7A9647-CE70-45FF-9B8CC6B6FFDB2E5F_fefae56e-8ad5-4f50-bd740feb178bb13a.jpg\" alt=\"Viceroy Santa Monica\" title=\"\">\n            <\/div>\n            <div class=\"stakeholder-card__stk-info\">\n                <div class=\"stakeholder-card__stk-name\">Viceroy Santa Monica<\/div>\n                <div class=\"stakeholder-card__stk-cat\">H\u00f4tels avec espace de r\u00e9union<\/div>\n            <\/div>\n        <\/a>\n    <\/li>\n        <li class=\"swiper-slide stakeholder-card --theme3\">\n        <a class=\"stakeholder-card__link\" href=\"https:\/\/www.santamonica.com\/fr_fr\/hotels\/sandbourne-santa-monica\/\">\n            <div class=\"stakeholder-card__image\">\n                <img decoding=\"async\" src=\"https:\/\/assets.simpleviewinc.com\/simpleview\/image\/upload\/crm\/santamonica\/Sandbourne_Room_610_Double_Queen_City_view_B338C7C2-99D3-3CE9-31A128FB99235122-b338747bc60144f_b339996c-d169-798f-1ff04cf5679020e7.jpg\" alt=\"Sandbourne Santa Monica\" title=\"\">\n            <\/div>\n            <div class=\"stakeholder-card__stk-info\">\n                <div class=\"stakeholder-card__stk-name\">Sandbourne Santa Monica<\/div>\n                <div class=\"stakeholder-card__stk-cat\">O\u00f9 se rencontrer<\/div>\n            <\/div>\n        <\/a>\n    <\/li>\n        <li class=\"swiper-slide stakeholder-card --theme3\">\n        <a class=\"stakeholder-card__link\" href=\"https:\/\/www.santamonica.com\/fr_fr\/?post_type=stakeholder&#038;p=37125\">\n            <div class=\"stakeholder-card__image\">\n                <img decoding=\"async\" src=\"https:\/\/assets.simpleviewinc.com\/simpleview\/image\/upload\/crm\/santamonica\/PaliHouseSM_Living-Dylan-Jeni0_c03e8f69-5056-b365-ab93545a035e0991.jpg\" alt=\"Maison Twenty Seven\" title=\"\">\n            <\/div>\n            <div class=\"stakeholder-card__stk-info\">\n                <div class=\"stakeholder-card__stk-name\">Maison Twenty Seven<\/div>\n                <div class=\"stakeholder-card__stk-cat\">H\u00f4tel<\/div>\n            <\/div>\n        <\/a>\n    <\/li>\n                <\/ul>\n        <\/div>\n    <\/div>\n<\/section>\n\n\n<section class=\"sun-title sm-block --theme6 sm-block\">\n            <h3 class=\"sun-title__headline\">Plage d'\u00c9tat Will Rogers<\/h3>    \n            <div class=\"sun-title__body  wysiwyg\">\n                    <p><a href=\"http:\/\/www.parks.ca.gov\/?page_id=625\" target=\"_blank\" rel=\"noopener\">Plage d'\u00c9tat Will Rogers<\/a>, la plage LGBTQ+ non officielle de Los Angeles, est un endroit id\u00e9al pour se m\u00ealer aux autres. Ce spot de surf populaire propose des \u00e9quipements tels que des terrains de volley-ball, des toilettes et du mat\u00e9riel de gymnastique. La piste cyclable Marvin Braude, \u00e9galement connue sous le nom de piste cyclable de South Bay ou de Strand, passe par l\u00e0.<\/p>\n<p>Cette plage fait partie du Will Rogers State Historic Park, o\u00f9 se trouvent des sentiers de randonn\u00e9e populaires : la boucle de deux miles menant \u00e0 Inspiration Point et le Backbone Trail, qui s'enfonce dans les Santa Monica Mountains.<\/p>\n                        <\/div>\n    <\/section>\n\n\n\n<section class=\"image-section-break sm-block\">\n    <div class=\"image-section-break__image-wrapper\">\n                    <picture>\n                    <source\n                        media=\"(min-width: 768px)\"\n                        srcset=\"https:\/\/www.santamonica.com\/wp-content\/uploads\/2022\/05\/santa-monica-pier.jpg\"\n                    >\n                    <img decoding=\"async\" src=\"https:\/\/www.santamonica.com\/wp-content\/uploads\/2022\/05\/santa-monica-pier-M.jpg\" class=\"image-section-break__image\" alt=\"jet\u00e9e de santa monica\" title=\"\">\n            <\/picture>\n                \n\n    <\/div>\n    <div class=\"image-section-break__text-content\">\n        <div class=\"image-section-break__first-content --theme3\">\n                            <div class=\"image-section-break__eyebrow-text\">L'amour voyage \u00e0 Santa Monica<\/div>\n                                        <h2 class=\"image-section-break__title\">Des s\u00e9jours de luxe pour tous les voyageurs<\/h2>\n                                            <\/div>\n        <div class=\"image-section-break__second-content\">\n                            <div class=\"image-section-break__body-copy wysiwyg\"><p>Vous ne pouvez pas vous tromper avec le <a href=\"https:\/\/www.santamonica.com\/fr_fr\/hotels\/jw-marriott-santa-monica-le-merigot\/\">Sandbourne Santa Monica<\/a><a href=\"https:\/\/www.santamonica.com\/fr_fr\/hotels\/jw-marriott-santa-monica-le-merigot\/\">\u00a0<\/a>L'h\u00f4tel en bord de mer est tr\u00e8s appr\u00e9ci\u00e9, surtout si l'on tient compte de son esprit LGBTQ+ et de sa philosophie de l'\u00e9galit\u00e9. Il suffit de regarder leur campagne #LoveTravels ! Le spa \u00e0 service complet sur place et le salon Le Troquet Patio Lounge ne sont que deux des avantages que l'on peut tirer d'un s\u00e9jour dans cet h\u00f4tel.<\/p>\n<\/div>\n                                <\/div>\n    <\/div>\n<\/section>\n\n\n\n<section class=\"two-images container-max sm-block  sm-block\">\n    <div class=\"two-images__container\">\n\n        <div class=\"two-images__column\">\n            <div class=\"two-images__content\">\n                <div class=\"two-images__content-header-container\">\n                                            <h2 class=\"two-images__content-header\">H\u00f4tels agr\u00e9\u00e9s par l'IGLTA<\/h2>                                    <\/div>\n                                    <div class=\"two-images__content-body wysiwyg\">\n                        <p>Le <a href=\"https:\/\/www.santamonica.com\/fr_fr\/partie-prenante\/viceroy-santa-monica-2\/\">Viceroy Santa Monica<\/a> avec son ambiance branch\u00e9e, est l'un des favoris des LGBTQ+ locaux en raison de son affiliation \u00e0 l'International LGBTQ+ Travel Association (association internationale des voyageurs LGBTQ+).<\/p>\n<p>Du vaste patio ext\u00e9rieur aux piscines, en passant par les cabanas luxueuses, le Viceroy offre tout ce dont vous avez besoin en un seul endroit. Et lorsque vous \u00eates pr\u00eat \u00e0 sortir et \u00e0 explorer le meilleur de Santa Monica, une flotte de v\u00e9los r\u00e9serv\u00e9s aux clients est pr\u00eate \u00e0 \u00eatre utilis\u00e9e.<\/p>\n                    <\/div>\n                                            <\/div>\n        <\/div>\n\n        <div class=\"two-images__column\">\n                            <div class=\"two-images__image-container\">\n                    <img decoding=\"async\" width=\"425\" height=\"503\" src=\"https:\/\/www.santamonica.com\/wp-content\/uploads\/2022\/06\/viceroy-exterior-pool-e1655424331576.jpg\" class=\"two-images__image\" alt=\"piscine ext\u00e9rieure du viceroy\" loading=\"lazy\" srcset=\"https:\/\/www.santamonica.com\/wp-content\/uploads\/2022\/06\/viceroy-exterior-pool-e1655424331576.jpg 425w, https:\/\/www.santamonica.com\/wp-content\/uploads\/2022\/06\/viceroy-exterior-pool-e1655424331576-253x300.jpg 253w, https:\/\/www.santamonica.com\/wp-content\/uploads\/2022\/06\/viceroy-exterior-pool-e1655424331576-127x150.jpg 127w\" sizes=\"auto, (max-width: 425px) 100vw, 425px\" title=\"\">                    \n\n            <div class=\"img-lctn-tag --no-link two-images__image-caption --right\">Vice-roi<\/div>\n                    <\/div>\n                    <\/div>\n\n        <div class=\"two-images__column\">\n                            <div class=\"two-images__image-container\">\n                    <img decoding=\"async\" width=\"600\" height=\"564\" src=\"https:\/\/www.santamonica.com\/wp-content\/uploads\/2022\/06\/viceroy-lobby.jpg\" class=\"two-images__image\" alt=\"lobby du vice-roi\" loading=\"lazy\" srcset=\"https:\/\/www.santamonica.com\/wp-content\/uploads\/2022\/06\/viceroy-lobby.jpg 600w, https:\/\/www.santamonica.com\/wp-content\/uploads\/2022\/06\/viceroy-lobby-300x282.jpg 300w, https:\/\/www.santamonica.com\/wp-content\/uploads\/2022\/06\/viceroy-lobby-160x150.jpg 160w\" sizes=\"auto, (max-width: 600px) 100vw, 600px\" title=\"\">                    \n\n                <\/div>\n                    <\/div>\n\n    <\/div>\n<\/section>\n\n\n\n<div class=\"wp-block-columns is-layout-flex wp-container-core-columns-is-layout-28f84493 wp-block-columns-is-layout-flex base-block\">\n<div class=\"wp-block-column is-layout-flow wp-block-column-is-layout-flow base-block\">\n<h4 class=\"wp-block-heading base-block\">Chambres pittoresques<\/h4>\n\n\n\n<p class=\"base-block\">Pour une exp\u00e9rience plus personnalis\u00e9e, \u00e9vadez-vous dans l'h\u00f4tel <a href=\"https:\/\/www.santamonica.com\/fr_fr\/hotels\/palihouse-santa-monica\/\">Palihouse Santa Monica<\/a>. Situ\u00e9 dans un quartier calme de la ville, cet h\u00f4tel de 33 chambres est connu pour son personnel attentif et ses \u00e9quipements chics. Les clients ne tarissent pas d'\u00e9loges sur la d\u00e9coration int\u00e9rieure \u00e9clectique et l'environnement relaxant du hall, ce qui fait du Palihouse un endroit id\u00e9al pour commencer et terminer une journ\u00e9e \u00e0 Santa Monica.<\/p>\n<\/div>\n\n\n\n<div class=\"wp-block-column is-layout-flow wp-block-column-is-layout-flow base-block\">\n<h4 class=\"wp-block-heading base-block\">S\u00e9jours chics<\/h4>\n\n\n\n<p class=\"base-block\"><a href=\"https:\/\/www.santamonica.com\/fr_fr\/hotels\/huntley-santa-monica-beach\/\">Huntley Santa Monica Beach<\/a> dispose d'int\u00e9rieurs \u00e9l\u00e9gants, d'\u00e9quipements uniques et de services personnalis\u00e9s. Il se trouve \u00e0 proximit\u00e9 de la plage et de la c\u00e9l\u00e8bre jet\u00e9e de Santa Monica. Visitez le restaurant\/bar, <a href=\"https:\/\/www.santamonica.com\/fr_fr\/restaurants\/le-penthouse\/\">Le Penthouse<\/a>, L'appartement est situ\u00e9 au 18\u00e8me \u00e9tage et offre une vue imprenable. Les fen\u00eatres panoramiques offrent des vues magnifiques sur l'oc\u00e9an, la ligne d'horizon de Santa Monica, les montagnes de Malibu et m\u00eame le panneau Hollywood.<\/p>\n<\/div>\n\n\n\n<div class=\"wp-block-column is-layout-flow wp-block-column-is-layout-flow base-block\">\n<h4 class=\"wp-block-heading base-block\">Des vacances au bord de la mer<\/h4>\n\n\n\n<p class=\"base-block\">Situ\u00e9 \u00e0 l'int\u00e9rieur de <a href=\"https:\/\/www.santamonica.com\/fr_fr\/hotels\/gateway-hotel-santa-monica\/\">H\u00f4tel Gateway Santa Monica<\/a>, <a href=\"https:\/\/www.santamonica.com\/fr_fr\/restaurants\/socalo\/\">Socalo<\/a> est une cantine californienne et un pub mexicain ouverts toute la journ\u00e9e sur la plage, dont les chefs et propri\u00e9taires Mary Sue Milliken et Susan Feniger ont \u00e9t\u00e9 r\u00e9compens\u00e9s. Les 123 chambres lumineuses et contemporaines sont dot\u00e9es de lits avec oreillers, de t\u00e9l\u00e9visions \u00e0 \u00e9cran plat de 42 pouces avec c\u00e2ble, de caf\u00e9 et de th\u00e9 gratuits et bien plus encore.<\/p>\n<\/div>\n<\/div>\n\n\n    <section class=\"booking-cta --theme5 sm-block\">\n    <div id=\"widget-container-2070\"><\/div>\n<script type=\"text\/javascript\">\n  (function() {\n    var script = document.createElement('script');\n    script.type = 'text\/javascript';\n    script.async = 'true';\n    script.src = \"https:\/\/admin.bookdirect.net\/hs4\/widgets\/2070.js?widget_element=widget-container-2070\";\n    document.body.appendChild(script);\n  })();\n<\/script>\n    <\/section>\n\n\n\n<section class=\"blog-feed --theme8 sm-block\">\n    <div class=\"blog-feed__content\">\n        <div class=\"blog-feed__intro\">\n                            <div class=\"blog-feed__eyebrow eyebrow\">Blogs<\/div>                                        <h2 class=\"blog-feed__headline\">D\u00e9couvrir Santa Monica<\/h2>                                        <div class=\"blog-feed__body\"><p>Explorez les itin\u00e9raires, les conseils locaux, les points chauds et les aventures organis\u00e9es pour \u00eatre s\u00fbr de profiter au maximum de votre exp\u00e9rience \u00e0 Santa Monica.<\/p>\n<\/div>\n                                        <a class=\"blog-feed__cta\" href=\"https:\/\/www.santamonica.com\/fr_fr\/articles-de-blog\/\">Voir tous les blogs<\/a>\n                    <\/div>\n\n        <ul class=\"blog-feed__list\">\n                                                <li class=\"blog-feed__item\">\n                        <a href=\"https:\/\/www.santamonica.com\/fr_fr\/hotels\/santa-monica-hotels-with-free-parking\/\" class=\"blog-feed__item-link\">\n                            <div class=\"blog-feed__image-ratio\">\n                                <img decoding=\"async\" class=\"blog-feed__image\" src=\"https:\/\/www.santamonica.com\/wp-content\/uploads\/2024\/07\/Hotels-Featured-Image-400x400.png\" alt=\"H\u00f4tels de Santa Monica avec parking gratuit\" title=\"\">\n                            <\/div>\n                            <div class=\"blog-feed__card-title\">H\u00f4tels de Santa Monica avec parking gratuit<\/div>\n                        <\/a>\n                    <\/li>\n                                                                <li class=\"blog-feed__item\">\n                        <a href=\"https:\/\/www.santamonica.com\/fr_fr\/hotels\/santa-monica-hotels-for-architecture-and-design-enthusiasts\/\" class=\"blog-feed__item-link\">\n                            <div class=\"blog-feed__image-ratio\">\n                                <img decoding=\"async\" class=\"blog-feed__image\" src=\"https:\/\/www.santamonica.com\/wp-content\/uploads\/2021\/05\/PalihouseSantaMonicaFeatured-400x400.jpg\" alt=\"H\u00f4tels de Santa Monica pour les amateurs d&#039;architecture et de design\" title=\"\">\n                            <\/div>\n                            <div class=\"blog-feed__card-title\">H\u00f4tels de Santa Monica pour les amateurs d'architecture et de design<\/div>\n                        <\/a>\n                    <\/li>\n                                                                <li class=\"blog-feed__item\">\n                        <a href=\"https:\/\/www.santamonica.com\/fr_fr\/things-to-do\/six-safe-socially-distanced-dates-in-santa-monica\/\" class=\"blog-feed__item-link\">\n                            <div class=\"blog-feed__image-ratio\">\n                                <img decoding=\"async\" class=\"blog-feed__image\" src=\"https:\/\/www.santamonica.com\/wp-content\/uploads\/2021\/02\/How-to-Have-a-Socially-Distanced-Date-in-Santa-Monica-400x400.jpg\" alt=\"Six rendez-vous s\u00fbrs et socialement distants \u00e0 Santa Monica\" title=\"\">\n                            <\/div>\n                            <div class=\"blog-feed__card-title\">Six rendez-vous s\u00fbrs et socialement distants \u00e0 Santa Monica<\/div>\n                        <\/a>\n                    <\/li>\n                                    <\/ul>\n    <\/div>\n<\/section>","protected":false},"excerpt":{"rendered":"<p>Quaint rooms For a more boutique experience, escape to the Palihouse Santa Monica. Situated in a quieter part of the city, this 33-room hotel is known for its attentive staff and chic amenities. Guests rave about the lobby\u2019s eclectic interior design and relaxing environment, making Palihouse a great place to start and end any day in Santa Monica. Chic stays Huntley Santa Monica Beach boasts stylish interiors, unique amenities and personal services. It\u2019s close to the beach\u2013and the famous Santa Monica Pier. Visit the restaurant\/bar, The Penthouse, on the 18th floor for incredible views. Panoramic windows offer gorgeous ocean vistas, [\u2026]<\/p>\n","protected":false},"author":1450,"featured_media":379149,"parent":0,"menu_order":0,"comment_status":"closed","ping_status":"closed","template":"template-editorial.php","meta":{"_acf_changed":false,"inline_featured_image":false,"footnotes":""},"silos":[3887],"class_list":["post-335257","page","type-page","status-publish","has-post-thumbnail","hentry"],"acf":[],"_links":{"self":[{"href":"https:\/\/www.santamonica.com\/fr_fr\/wp-json\/wp\/v2\/pages\/335257","targetHints":{"allow":["GET"]}}],"collection":[{"href":"https:\/\/www.santamonica.com\/fr_fr\/wp-json\/wp\/v2\/pages"}],"about":[{"href":"https:\/\/www.santamonica.com\/fr_fr\/wp-json\/wp\/v2\/types\/page"}],"author":[{"embeddable":true,"href":"https:\/\/www.santamonica.com\/fr_fr\/wp-json\/wp\/v2\/users\/1450"}],"replies":[{"embeddable":true,"href":"https:\/\/www.santamonica.com\/fr_fr\/wp-json\/wp\/v2\/comments?post=335257"}],"version-history":[{"count":82,"href":"https:\/\/www.santamonica.com\/fr_fr\/wp-json\/wp\/v2\/pages\/335257\/revisions"}],"predecessor-version":[{"id":778661,"href":"https:\/\/www.santamonica.com\/fr_fr\/wp-json\/wp\/v2\/pages\/335257\/revisions\/778661"}],"wp:featuredmedia":[{"embeddable":true,"href":"https:\/\/www.santamonica.com\/fr_fr\/wp-json\/wp\/v2\/media\/379149"}],"wp:attachment":[{"href":"https:\/\/www.santamonica.com\/fr_fr\/wp-json\/wp\/v2\/media?parent=335257"}],"wp:term":[{"taxonomy":"silos","embeddable":true,"href":"https:\/\/www.santamonica.com\/fr_fr\/wp-json\/wp\/v2\/silos?post=335257"}],"curies":[{"name":"wp","href":"https:\/\/api.w.org\/{rel}","templated":true}]}}