{"id":335224,"date":"2022-05-13T14:51:25","date_gmt":"2022-05-13T21:51:25","guid":{"rendered":"https:\/\/www.santamonica.com\/?page_id=335224"},"modified":"2026-01-13T13:33:11","modified_gmt":"2026-01-13T21:33:11","slug":"achats","status":"publish","type":"page","link":"https:\/\/www.santamonica.com\/fr_fr\/shopping\/","title":{"rendered":"Achats"},"content":{"rendered":"<section class=\"sun-title sm-block --theme1 sm-block\">\n            <h2 class=\"sun-title__headline\">Voir ce qui est \u00e0 la mode<\/h2>    \n    <\/section>\n\n\n\n<figure class=\"wp-block-embed is-type-video is-provider-youtube wp-block-embed-youtube wp-embed-aspect-16-9 wp-has-aspect-ratio base-block\"><div class=\"wp-block-embed__wrapper\">\n<iframe title=\"Santa Monica Shopping\" width=\"500\" height=\"281\" src=\"https:\/\/www.youtube.com\/embed\/o5aMIoaXm5g?feature=oembed\" frameborder=\"0\" allow=\"accelerometer; autoplay; clipboard-write; encrypted-media; gyroscope; picture-in-picture; web-share\" referrerpolicy=\"strict-origin-when-cross-origin\" allowfullscreen><\/iframe>\n<\/div><\/figure>\n\n\n<section class=\"sun-title sm-block --theme6 sm-block\">\n            <h2 class=\"sun-title__headline\">Centres commerciaux de Santa Monica<\/h2>    \n            <div class=\"sun-title__body  wysiwyg\">\n                    <p><span style=\"font-weight: 400;\">La ville offre<\/span><span style=\"font-weight: 400;\">\u00a0a <\/span><span style=\"font-weight: 400;\">une grande vari\u00e9t\u00e9 de magasins <\/span><span style=\"font-weight: 400;\">et<\/span><span style=\"font-weight: 400;\"> options d'achat<\/span><span style=\"font-weight: 400;\">, <\/span><span style=\"font-weight: 400;\">de la <\/span><a href=\"https:\/\/www.santamonica.com\/fr_fr\/experience-santa-monica\/quartiers\/centre-ville-de-santa-monica-promenade-de-la-3e-rue\/\"><strong>Troisi\u00e8mement <\/strong><span style=\"font-weight: 400;\"><strong>Rue Promenade<\/strong><\/span><\/a> <span style=\"font-weight: 400;\">et <\/span><a href=\"https:\/\/www.santamonica.com\/fr_fr\/achats\/santa-monica-place\/\"><span style=\"font-weight: 400;\"><strong>Place Santa Monica<\/strong><\/span><\/a><span style=\"font-weight: 400;\"> en <\/span><span style=\"font-weight: 400;\">Centre-ville de Santa Monica<\/span><span style=\"font-weight: 400;\"> \u00e0 <\/span><strong><a href=\"https:\/\/www.santamonica.com\/fr_fr\/achats\/boutiques-uniques\/\">des boutiques uniques<\/a><\/strong><span style=\"font-weight: 400;\"> le long de la rue principale<\/span><span style=\"font-weight: 400;\">, <\/span><a href=\"https:\/\/www.santamonica.com\/fr_fr\/experience-santa-monica\/quartiers\/parc-oceanique\/\"><strong>Parc de l'oc\u00e9an <\/strong><span style=\"font-weight: 400;\"><strong>Boulevard<\/strong>,<\/span> <\/a><span style=\"font-weight: 400;\">et <\/span><span style=\"font-weight: 400;\">Avenue Montana<\/span><span style=\"font-weight: 400;\">. Beaucoup de ces options d'achat offrent des services suppl\u00e9mentaires pratiques, tels que le service de livraison le jour m\u00eame et l'emport des colis ! <\/span><span style=\"font-weight: 400;\">Vous recherchez des produits frais et locaux ? Visitez l'un des magasins hebdomadaires, <\/span><span style=\"font-weight: 400;\">en plein air<\/span> <strong><a href=\"https:\/\/www.santamonica.com\/fr_fr\/experience-santa-monica\/marches-de-producteurs\/\">March\u00e9s de producteurs de Santa Monica<\/a><\/strong><span style=\"font-weight: 400;\"> et faire les courses du matin.<\/span><span style=\"font-weight: 400;\"> D\u00e9couvrez les <\/span><span style=\"font-weight: 400;\">Le meilleur du shopping \u00e0 Santa Monica<\/span><span style=\"font-weight: 400;\"> lieux<\/span>\u00a0<span style=\"font-weight: 400;\">Notre guide des boutiques de Santa Monica vous permettra de trouver exactement ce que vous cherchez dans toute la ville. Filtrez par cat\u00e9gorie, quartier, budget et plus encore pour trouver le bon style.<\/span><\/p>\n                        <\/div>\n    <\/section>\n\n\n\n<section class=\"two-images container-max sm-block  sm-block\">\n    <div class=\"two-images__container\">\n\n        <div class=\"two-images__column\">\n            <div class=\"two-images__content\">\n                <div class=\"two-images__content-header-container\">\n                                            <h2 class=\"two-images__content-header\">Vous cherchez des moyens de vous d\u00e9placer pendant votre s\u00e9jour ?<\/h2>                                    <\/div>\n                                    <div class=\"two-images__content-body wysiwyg\">\n                        <p><span style=\"font-weight: 400;\">Consultez le site de Santa Monica <\/span><a href=\"https:\/\/www.santamonica.com\/fr_fr\/le-transport\/les-transports-publics\/\"><span style=\"font-weight: 400;\"><strong>les transports publics<\/strong><\/span><\/a><span style=\"font-weight: 400;\"> et profiter de la destination sans voiture. <\/span><span style=\"font-weight: 400;\">Les transports publics vous permettent de vous rendre <\/span><span style=\"font-weight: 400;\">points chauds<\/span><span style=\"font-weight: 400;\"> comme le <\/span><strong><a href=\"https:\/\/www.santamonica.com\/fr_fr\/choses-a-faire\/visite-de-la-jetee-de-santa-monica\/\">Jet\u00e9e de Santa Monica<\/a><\/strong><span style=\"font-weight: 400;\"> ou n'importe o\u00f9 dans l'ensemble de l'Union europ\u00e9enne <\/span><span style=\"font-weight: 400;\">Los Angeles<\/span><span style=\"font-weight: 400;\"> r\u00e9gion.\u00a0<\/span><\/p>\n<p><span style=\"font-weight: 400;\">En explorant les possibilit\u00e9s de shopping dans chaque quartier de Santa Monica, ne manquez pas de visiter les sites suivants <\/span><a href=\"https:\/\/www.santamonica.com\/fr_fr\/restaurants\/restaurants-locaux\/\"><span style=\"font-weight: 400;\"><strong>Restaurants de Santa Monica approuv\u00e9s par les locaux<\/strong><\/span><\/a><span style=\"font-weight: 400;\">, suppl\u00e9mentaire <\/span><strong><a href=\"https:\/\/www.santamonica.com\/fr_fr\/choses-a-faire\/\">choses \u00e0 faire<\/a><\/strong><span style=\"font-weight: 400;\">, <\/span><strong><a href=\"https:\/\/www.santamonica.com\/fr_fr\/evenements\/evenements-annuels\/\">grands \u00e9v\u00e9nements et festivals<\/a><\/strong><span style=\"font-weight: 400;\"> ainsi que plus de 40 <\/span><strong><a href=\"https:\/\/www.santamonica.com\/fr_fr\/hotels\/\">h\u00f4tels<\/a><\/strong><span style=\"font-weight: 400;\"> \u00e0 moins de 4 miles de l'oc\u00e9an.<\/span><\/p>\n                    <\/div>\n                                            <\/div>\n        <\/div>\n\n        <div class=\"two-images__column\">\n                            <div class=\"two-images__image-container\">\n                    <img decoding=\"async\" width=\"425\" height=\"505\" src=\"https:\/\/www.santamonica.com\/wp-content\/uploads\/2023\/02\/best-santa-monica-shopping.jpg\" class=\"two-images__image\" alt=\"le meilleur du shopping \u00e0 santa monica\" loading=\"lazy\" srcset=\"https:\/\/www.santamonica.com\/wp-content\/uploads\/2023\/02\/best-santa-monica-shopping.jpg 425w, https:\/\/www.santamonica.com\/wp-content\/uploads\/2023\/02\/best-santa-monica-shopping-252x300.jpg 252w, https:\/\/www.santamonica.com\/wp-content\/uploads\/2023\/02\/best-santa-monica-shopping-126x150.jpg 126w\" sizes=\"auto, (max-width: 425px) 100vw, 425px\" title=\"\">                    \n\n                <\/div>\n                    <\/div>\n\n        <div class=\"two-images__column\">\n                            <div class=\"two-images__image-container\">\n                    <img decoding=\"async\" width=\"600\" height=\"565\" src=\"https:\/\/www.santamonica.com\/wp-content\/uploads\/2023\/02\/santa-monica-stores.jpg\" class=\"two-images__image\" alt=\"magasins de santa monica\" loading=\"lazy\" srcset=\"https:\/\/www.santamonica.com\/wp-content\/uploads\/2023\/02\/santa-monica-stores.jpg 600w, https:\/\/www.santamonica.com\/wp-content\/uploads\/2023\/02\/santa-monica-stores-300x283.jpg 300w, https:\/\/www.santamonica.com\/wp-content\/uploads\/2023\/02\/santa-monica-stores-159x150.jpg 159w\" sizes=\"auto, (max-width: 600px) 100vw, 600px\" title=\"\">                    \n\n                <\/div>\n                    <\/div>\n\n    <\/div>\n<\/section>\n\n\n\n<section class=\"image-section-break sm-block\">\n    <div class=\"image-section-break__image-wrapper\">\n                    <picture>\n                    <source\n                        media=\"(min-width: 768px)\"\n                        srcset=\"https:\/\/www.santamonica.com\/wp-content\/uploads\/2024\/07\/BuyLocalShopping.png\"\n                    >\n                    <img decoding=\"async\" src=\"https:\/\/www.santamonica.com\/wp-content\/uploads\/2024\/07\/BuyLocalShoppingTall.png\" class=\"image-section-break__image\" alt=\"\" title=\"\">\n            <\/picture>\n                \n\n    <\/div>\n    <div class=\"image-section-break__text-content\">\n        <div class=\"image-section-break__first-content --theme3\">\n                            <div class=\"image-section-break__eyebrow-text\">Trouver l'ajustement parfait<\/div>\n                                        <h2 class=\"image-section-break__title\">Acheter de mani\u00e8re durable<\/h2>\n                                        <div class=\"image-section-break__body-copy wysiwyg\"><p data-sourcepos=\"3:1-3:45\">Santa Monica, c'est plus que le soleil, le sable et le surf : c'est le paradis des amateurs de shopping ! Cette ville regorge de boutiques uniques, de magasins artisanaux et de marques durables qui refl\u00e8tent le mode de vie quotidien de la plage \u00e0 la ville, <a href=\"https:\/\/www.santamonica.gov\/programs\/buy-local-santa-monica\" target=\"_blank\" rel=\"noopener\">l'achat local<\/a> est le moyen id\u00e9al de d\u00e9couvrir le charme unique de la ville et sa communaut\u00e9 dynamique.<\/p>\n<\/div>\n                                <\/div>\n        <div class=\"image-section-break__second-content\">\n                            <div class=\"image-section-break__body-copy wysiwyg\"><p>De la mode \u00e9l\u00e9gante aux trouvailles \u00e9cologiques, les entreprises locales de Santa Monica rec\u00e8lent une vari\u00e9t\u00e9 de tr\u00e9sors uniques pour le consommateur soucieux du d\u00e9veloppement durable. Acheter des objets d'artisanat appartenant \u00e0 des femmes dans une coop\u00e9rative d'artistes <strong><a href=\"https:\/\/www.santamonica.com\/fr_fr\/achats\/galerie-des-dix-femmes\/\">Galerie Ten Women<\/a>, <\/strong>jouets en bois authentiques \u00e0 <a href=\"https:\/\/www.santamonica.com\/fr_fr\/achats\/acologie\/\">Acologie<\/a> et des v\u00eatements anciens (ainsi que du vin ancien) \u00e0 <a href=\"https:\/\/www.santamonica.com\/fr_fr\/achats\/divine-vintage\/\">Divine Vintage<\/a> et vous vous sentirez bien \u00e0 chaque achat en sachant que vous soutenez des commerces locaux.<\/p>\n<p>Que vous recherchiez une librairie pittoresque, une boutique chic ou un caf\u00e9 confortable, vous trouverez exactement ce dont vous avez besoin tout en vous sentant bien apr\u00e8s chaque achat. Commencez votre aventure shopping d\u00e8s aujourd'hui et d\u00e9couvrez le meilleur de Santa Monica.<\/p>\n<\/div>\n                                <\/div>\n    <\/div>\n<\/section>\n\n\n<section class=\"crowdriff-gallery sm-block\">\n    <div class=\"crowdriff-gallery__content\">\n                    <h2 class=\"crowdriff-gallery__headline\">Activit\u00e9s sociales \u00e0 Santa Monica<\/h2>                            <script id=\"cr-init__44e0064d\" src=\"https:\/\/starling.crowdriff.com\/js\/crowdriff.js\" async><\/script>\n            <\/div>\n<\/section>","protected":false},"excerpt":{"rendered":"","protected":false},"author":1450,"featured_media":343566,"parent":0,"menu_order":0,"comment_status":"closed","ping_status":"closed","template":"template-stakeholder-listing.php","meta":{"_acf_changed":false,"inline_featured_image":false,"footnotes":""},"silos":[],"class_list":["post-335224","page","type-page","status-publish","has-post-thumbnail","hentry"],"acf":[],"_links":{"self":[{"href":"https:\/\/www.santamonica.com\/fr_fr\/wp-json\/wp\/v2\/pages\/335224","targetHints":{"allow":["GET"]}}],"collection":[{"href":"https:\/\/www.santamonica.com\/fr_fr\/wp-json\/wp\/v2\/pages"}],"about":[{"href":"https:\/\/www.santamonica.com\/fr_fr\/wp-json\/wp\/v2\/types\/page"}],"author":[{"embeddable":true,"href":"https:\/\/www.santamonica.com\/fr_fr\/wp-json\/wp\/v2\/users\/1450"}],"replies":[{"embeddable":true,"href":"https:\/\/www.santamonica.com\/fr_fr\/wp-json\/wp\/v2\/comments?post=335224"}],"version-history":[{"count":64,"href":"https:\/\/www.santamonica.com\/fr_fr\/wp-json\/wp\/v2\/pages\/335224\/revisions"}],"predecessor-version":[{"id":424429,"href":"https:\/\/www.santamonica.com\/fr_fr\/wp-json\/wp\/v2\/pages\/335224\/revisions\/424429"}],"wp:featuredmedia":[{"embeddable":true,"href":"https:\/\/www.santamonica.com\/fr_fr\/wp-json\/wp\/v2\/media\/343566"}],"wp:attachment":[{"href":"https:\/\/www.santamonica.com\/fr_fr\/wp-json\/wp\/v2\/media?parent=335224"}],"wp:term":[{"taxonomy":"silos","embeddable":true,"href":"https:\/\/www.santamonica.com\/fr_fr\/wp-json\/wp\/v2\/silos?post=335224"}],"curies":[{"name":"wp","href":"https:\/\/api.w.org\/{rel}","templated":true}]}}