{"id":767357,"date":"2025-06-06T09:36:16","date_gmt":"2025-06-06T16:36:16","guid":{"rendered":"https:\/\/www.santamonica.com\/?page_id=767357"},"modified":"2025-10-03T09:12:05","modified_gmt":"2025-10-03T16:12:05","slug":"volley-ball-de-plage","status":"publish","type":"page","link":"https:\/\/www.santamonica.com\/fr\/beach-volleyball\/","title":{"rendered":"Volley-ball de plage"},"content":{"rendered":"<section class=\"image-section-break sm-block\">\n    <div class=\"image-section-break__image-wrapper\">\n                    <picture>\n                    <source\n                        media=\"(min-width: 768px)\"\n                        srcset=\"https:\/\/www.santamonica.com\/wp-content\/uploads\/2025\/06\/2025-Beach-Volleyball_History_Wide.png\"\n                    >\n                    <img decoding=\"async\" src=\"https:\/\/www.santamonica.com\/wp-content\/uploads\/2025\/06\/2025-Beach-Volleyball_History_Mobile.png\" class=\"image-section-break__image\" alt=\"Santa Monica Beach Volleyball\" title=\"\">\n            <\/picture>\n                \n\n    <\/div>\n    <div class=\"image-section-break__text-content\">\n        <div class=\"image-section-break__first-content --theme3\">\n                            <div class=\"image-section-break__eyebrow-text\">L'histoire<\/div>\n                                        <h2 class=\"image-section-break__title\">Les d\u00e9buts du volley-ball de plage<\/h2>\n                                        <div class=\"image-section-break__body-copy wysiwyg\"><p>Les racines du beach-volley sont profondes \u00e0 Santa Monica, o\u00f9 ce sport est pass\u00e9 d'un jeu d\u00e9contract\u00e9 entre amis \u00e0 un ph\u00e9nom\u00e8ne mondial. Au d\u00e9but du XXe si\u00e8cle, les habitants ont commenc\u00e9 \u00e0 jouer des matchs informels le long des vastes rivages sablonneux, souvent pr\u00e8s de ce qui est aujourd'hui connu sous le nom de \"Beach Monica\" (plage de Santa Monica). <a href=\"https:\/\/www.santamonica.com\/fr\/choses-a-faire\/muscle-beach-original\/\">Original Muscle Beach<\/a>. Dans les ann\u00e9es 1960 et 1970, la comp\u00e9tition a pris de l'ampleur, attirant les foules et les meilleurs talents. En 1983, le sport a fait un grand bond en avant avec la cr\u00e9ation de l'Association des professionnels du volley-ball (AVP) \u00e0 Santa Monica. Aujourd'hui, la ville est consid\u00e9r\u00e9e comme le berceau du beach-volley moderne, une plaque tournante o\u00f9 les l\u00e9gendes et les d\u00e9butants continuent de jouer.<\/p>\n<\/div>\n                                <\/div>\n        <div class=\"image-section-break__second-content\">\n                            <div class=\"image-section-break__body-copy wysiwyg\"><p>Chaque \u00e9t\u00e9, la culture du volley-ball de plage de Santa Monica brille lors de l'\u00e9v\u00e9nement. <a href=\"https:\/\/www.santamonica.com\/fr\/evenements\/evenements-annuels\/\">Quai 360<\/a> Le championnat national de volley-ball de plage de l'AAU se d\u00e9roulera sur la jet\u00e9e de Santa Monica, en m\u00eame temps que la musique, les comp\u00e9titions de surf et l'ambiance classique de SoCal. Lieu de fondation de l'AVP et terrain d'entra\u00eenement favori des athl\u00e8tes olympiques, les terrains de Santa Monica accueillent souvent certains des joueurs les plus embl\u00e9matiques de ce sport, dont beaucoup jouent encore de mani\u00e8re d\u00e9contract\u00e9e \u00e0 quelques pas de l'oc\u00e9an. Avec les Jeux olympiques \u00e0 l'horizon, il n'y a pas de meilleur moment pour <a href=\"https:\/\/www.santamonica.com\/fr\/hotels\/sejour-a-santa-monica\/\">planifiez votre s\u00e9jour<\/a> et d\u00e9couvrez le sport o\u00f9 tout a commenc\u00e9.<\/p>\n<\/div>\n                                <\/div>\n    <\/div>\n<\/section>\n\n\n\n<section class=\"two-images container-max sm-block --flip sm-block\">\n    <div class=\"two-images__container --flip\">\n\n        <div class=\"two-images__column\">\n            <div class=\"two-images__content\">\n                <div class=\"two-images__content-header-container\">\n                                            <h1 class=\"two-images__content-header\">Trouvez votre mat\u00e9riel<\/h1>                                    <\/div>\n                                    <div class=\"two-images__content-body wysiwyg\">\n                        <p>Se pr\u00e9parer pour la plage est un jeu d'enfant \u00e0 Santa Monica. <a href=\"https:\/\/www.santamonica.com\/fr\/restaurants\/perrys-cafe-and-beach-rentals\/\">Perry's Caf\u00e9 &amp; Beach Rentals<\/a>, avec plusieurs sites le long du sable, et <a href=\"https:\/\/www.santamonica.com\/fr\/choses-a-faire\/maison-de-plage-de-la-communaute-dannenberg-2\/\">Maison de plage de la communaut\u00e9 d'Annenberg<\/a> proposent des locations de volley-ball \u00e0 quelques pas des terrains. Vous trouverez \u00e9galement des ballons de plage et d'autres articles essentiels dans les boutiques de la jet\u00e9e de Santa Monica et du centre-ville. Vous passez la nuit sur place ? De nombreux h\u00f4tels locaux proposent \u00e0 leurs clients de louer du mat\u00e9riel de plage. Il vous suffit de demander au concierge et de vous rendre directement sur le sable. N'oubliez pas la cr\u00e8me solaire, les lunettes de soleil et beaucoup d'eau pour vous aider \u00e0 rester en s\u00e9curit\u00e9 et \u00e0 jouer plus longtemps sous le soleil de Santa Monica.<\/p>\n                    <\/div>\n                                            <\/div>\n        <\/div>\n\n        <div class=\"two-images__column\">\n                            <div class=\"two-images__image-container\">\n                    <img decoding=\"async\" width=\"1024\" height=\"683\" src=\"https:\/\/www.santamonica.com\/wp-content\/uploads\/2025\/06\/20180623SMTT_Pier360_305-1024x683.jpg\" class=\"two-images__image\" alt=\"\" loading=\"lazy\" srcset=\"https:\/\/www.santamonica.com\/wp-content\/uploads\/2025\/06\/20180623SMTT_Pier360_305-1024x683.jpg 1024w, https:\/\/www.santamonica.com\/wp-content\/uploads\/2025\/06\/20180623SMTT_Pier360_305-300x200.jpg 300w, https:\/\/www.santamonica.com\/wp-content\/uploads\/2025\/06\/20180623SMTT_Pier360_305-225x150.jpg 225w, https:\/\/www.santamonica.com\/wp-content\/uploads\/2025\/06\/20180623SMTT_Pier360_305-768x512.jpg 768w, https:\/\/www.santamonica.com\/wp-content\/uploads\/2025\/06\/20180623SMTT_Pier360_305-1536x1024.jpg 1536w, https:\/\/www.santamonica.com\/wp-content\/uploads\/2025\/06\/20180623SMTT_Pier360_305-2048x1365.jpg 2048w\" sizes=\"auto, (max-width: 1024px) 100vw, 1024px\" title=\"\">                    \n\n                <\/div>\n                    <\/div>\n\n        <div class=\"two-images__column\">\n                            <div class=\"two-images__image-container\">\n                    <img decoding=\"async\" width=\"1024\" height=\"678\" src=\"https:\/\/www.santamonica.com\/wp-content\/uploads\/2025\/06\/DSC_0239-1024x678.jpg\" class=\"two-images__image\" alt=\"\" loading=\"lazy\" srcset=\"https:\/\/www.santamonica.com\/wp-content\/uploads\/2025\/06\/DSC_0239-1024x678.jpg 1024w, https:\/\/www.santamonica.com\/wp-content\/uploads\/2025\/06\/DSC_0239-300x199.jpg 300w, https:\/\/www.santamonica.com\/wp-content\/uploads\/2025\/06\/DSC_0239-227x150.jpg 227w, https:\/\/www.santamonica.com\/wp-content\/uploads\/2025\/06\/DSC_0239-768x509.jpg 768w, https:\/\/www.santamonica.com\/wp-content\/uploads\/2025\/06\/DSC_0239-1536x1017.jpg 1536w, https:\/\/www.santamonica.com\/wp-content\/uploads\/2025\/06\/DSC_0239-2048x1356.jpg 2048w\" sizes=\"auto, (max-width: 1024px) 100vw, 1024px\" title=\"\">                    \n\n                <\/div>\n                    <\/div>\n\n    <\/div>\n<\/section>\n\n\n<section class=\"stakeholder-feed sm-block js-stk-root sm-block\">\n    <div class=\"stakeholder-feed__top\">\n        <div class=\"stakeholder-feed__intro\">\n                            <h1 class=\"stakeholder-feed__headline\">Location de volley-ball de plage et achats<\/h1>                                <\/div>\n        <div class=\"stakeholder-feed__nav-section\">\n                            <h1 class=\"stakeholder-feed__feed-title\">S'\u00e9quiper pour s'amuser au volley-ball de plage<\/h1>                        \n                        <div class=\"stakeholder-feed__pagination xxx--desktop-hide\">\n                <div class=\"swiper-button-prev stakeholder-feed__pagination-prev\"><\/div>\n                <div class=\"swiper-button-next stakeholder-feed__pagination-next\"><\/div>\n            <\/div>\n        <\/div>\n    <\/div>\n    <div class=\"stakeholder-feed__bottom\">\n        <div class=\"stakeholder-feed__feed-list-wrapper swiper js-stk-swiper\">\n            <ul class=\"stakeholder-feed__feed-list swiper-wrapper js-stk-wrapper\">\n                    <li class=\"swiper-slide stakeholder-card --theme3\">\n        <a class=\"stakeholder-card__link\" href=\"https:\/\/www.santamonica.com\/fr\/restaurants\/perrys-at-the-beach\/\">\n            <div class=\"stakeholder-card__image\">\n                <img decoding=\"async\" src=\"https:\/\/assets.simpleviewinc.com\/simpleview\/image\/upload\/crm\/santamonica\/shop-2-glass-fire_bf7d640c-5056-b365-ab08dbfcbe6d0734.jpg\" alt=\"Perry&#039;s Caf\u00e9 and Beach Rentals\" title=\"\">\n            <\/div>\n            <div class=\"stakeholder-card__stk-info\">\n                <div class=\"stakeholder-card__stk-name\">Perry's Caf\u00e9 and Beach Rentals<\/div>\n                <div class=\"stakeholder-card__stk-cat\">Restauration<\/div>\n            <\/div>\n        <\/a>\n    <\/li>\n        <li class=\"swiper-slide stakeholder-card --theme3\">\n        <a class=\"stakeholder-card__link\" href=\"https:\/\/www.santamonica.com\/fr\/shopping\/big-5-sporting-goods\/\">\n            <div class=\"stakeholder-card__image\">\n                <img decoding=\"async\" src=\"https:\/\/assets.simpleviewinc.com\/simpleview\/image\/upload\/crm\/santamonica\/Screenshot-2024-10-22-at-3.24.32-PM_1F63304B-D1F6-AB66-57A5C373523A1FEC-1f632a799a0bec6_1f633fcc-fe9f-7a21-e494bf99fbbd8ee2.png\" alt=\"Big 5 Sporting Goods\" title=\"\">\n            <\/div>\n            <div class=\"stakeholder-card__stk-info\">\n                <div class=\"stakeholder-card__stk-name\">Big 5 Sporting Goods<\/div>\n                <div class=\"stakeholder-card__stk-cat\">Achats<\/div>\n            <\/div>\n        <\/a>\n    <\/li>\n        <li class=\"swiper-slide stakeholder-card --theme3\">\n        <a class=\"stakeholder-card__link\" href=\"https:\/\/www.santamonica.com\/fr\/shopping\/marlenes-beachcomber\/\">\n            <div class=\"stakeholder-card__image\">\n                <img decoding=\"async\" src=\"https:\/\/api.threshold360.com\/step\/v2\/locations\/2098558\/thumbnail\" alt=\"Le Beachcomber de Marlene\" title=\"\">\n            <\/div>\n            <div class=\"stakeholder-card__stk-info\">\n                <div class=\"stakeholder-card__stk-name\">Le Beachcomber de Marlene<\/div>\n                <div class=\"stakeholder-card__stk-cat\">Livres\/Cartes\/Cadeaux<\/div>\n            <\/div>\n        <\/a>\n    <\/li>\n        <li class=\"swiper-slide stakeholder-card --theme3\">\n        <a class=\"stakeholder-card__link\" href=\"https:\/\/www.santamonica.com\/fr\/shopping\/target\/\">\n            <div class=\"stakeholder-card__image\">\n                <img decoding=\"async\" src=\"https:\/\/www.santamonica.com\/wp-content\/uploads\/2024\/05\/placeholder_style-400x400.jpg\" alt=\"Cible\" title=\"\">\n            <\/div>\n            <div class=\"stakeholder-card__stk-info\">\n                <div class=\"stakeholder-card__stk-name\">Cible<\/div>\n                <div class=\"stakeholder-card__stk-cat\">Achats<\/div>\n            <\/div>\n        <\/a>\n    <\/li>\n                <\/ul>\n        <\/div>\n    <\/div>\n<\/section>\n\n\n\n<p class=\"base-block\"><\/p>\n\n\n\n<section class=\"image-section-break sm-block\">\n    <div class=\"image-section-break__image-wrapper\">\n                    <picture>\n                    <source\n                        media=\"(min-width: 768px)\"\n                        srcset=\"https:\/\/www.santamonica.com\/wp-content\/uploads\/2025\/06\/1U2B1803-scaled.jpg\"\n                    >\n                    <img decoding=\"async\" src=\"https:\/\/www.santamonica.com\/wp-content\/uploads\/2025\/06\/1U2B1803-scaled.jpg\" class=\"image-section-break__image\" alt=\"\" title=\"\">\n            <\/picture>\n                \n\n    <\/div>\n    <div class=\"image-section-break__text-content\">\n        <div class=\"image-section-break__first-content --theme3\">\n                            <div class=\"image-section-break__eyebrow-text\">O\u00f9 jouer<\/div>\n                                        <h2 class=\"image-section-break__title\">Emplacement des tribunaux<\/h2>\n                                        <div class=\"image-section-break__body-copy wysiwyg\"><p>La plage d'\u00c9tat de Santa Monica offre des dizaines de terrains de volley-ball - six zones d\u00e9sign\u00e9es, notamment \u00e0 Ocean Park South\/North, Tournament Beach, Sorrento Beach, les Pier Courts (avec des lumi\u00e8res pour jouer le soir) et la plage d'\u00c9tat de Santa Monica (avec des lumi\u00e8res pour jouer le soir). <a href=\"https:\/\/www.santamonica.com\/fr\/choses-a-faire\/maison-de-plage-de-la-communaute-dannenberg-2\/\">Maison de plage de la communaut\u00e9 d'Annenberg<\/a>-Tous peuvent \u00eatre r\u00e9serv\u00e9s \u00e0 l'avance. En outre, de nombreux courts publics, en particulier au nord et au sud de la jet\u00e9e, sont ouverts selon le principe du premier arriv\u00e9, premier servi.<\/p>\n<p>Si vous \u00eates pr\u00e9voyant, vous pouvez r\u00e9server un court en ligne ou en personne via le syst\u00e8me ActiveNet de la ville (obligatoire pour Annenberg, Pier Courts, Ocean Park, Sorrento et autres), jusqu'\u00e0 28 jours \u00e0 l'avance, \u00e0 raison d'environ $15 par heure. Certaines zones peuvent proposer des options de r\u00e9servation \u00e0 l'heure par courriel ou par t\u00e9l\u00e9phone. Aucune r\u00e9servation n'est n\u00e9cessaire pour les courts en libre acc\u00e8s - l'oiseau le plus matinal obtient le court.<\/p>\n<\/div>\n                                <\/div>\n        <div class=\"image-section-break__second-content\">\n                            <div class=\"image-section-break__body-copy wysiwyg\"><p data-start=\"77\" data-end=\"593\"><strong data-start=\"196\" data-end=\"216\">Ocean Park Sud<\/strong> (2600 Ocean Front Walk) - 9 courts (\u00e0 r\u00e9server)<\/p>\n<p data-start=\"77\" data-end=\"593\"><strong data-start=\"308\" data-end=\"328\">Ocean Park Nord<\/strong> (100 Hollister Ave) - 16 courts (r\u00e9servables) + 8 courts (premier arriv\u00e9)<\/p>\n<p data-start=\"77\" data-end=\"593\"><strong data-start=\"439\" data-end=\"467\">Tribunaux de la jet\u00e9e de Santa Monica<\/strong> (1560 Appian Way) - 4 courts \u00e9clair\u00e9s pour le jeu en soir\u00e9e (\u00e0 r\u00e9server)<\/p>\n<p data-start=\"77\" data-end=\"593\"><strong data-start=\"582\" data-end=\"602\">Plage du tournoi<\/strong> (1200 Pacific Coast Hwy) - 15 courts (\u00e0 r\u00e9server)<\/p>\n<p data-start=\"77\" data-end=\"593\"><strong data-start=\"696\" data-end=\"714\">Plage de Sorrento<\/strong> (810 Pacific Coast Hwy) - 16 courts (\u00e0 r\u00e9server)<\/p>\n<p data-start=\"77\" data-end=\"593\"><strong data-start=\"807\" data-end=\"842\">Maison de plage de la communaut\u00e9 d'Annenberg<\/strong> (415 Pacific Coast Hwy) - 6 courts (3 sur r\u00e9servation, 3 en jeu libre)<\/p>\n<\/div>\n                                <\/div>\n    <\/div>\n<\/section>\n\n\n<section class=\"image-slider --theme1 sm-block\" >\n    <div class=\"image-slider__wrapper\">\n                    <div class=\"image-slider__copy wysiwyg\"><h5>Les meilleurs moments pour jouer<\/h5>\n<p>Lorsque les conditions sont id\u00e9ales, le matin (de 8 \u00e0 11 heures) et la fin de l'apr\u00e8s-midi (de 16 \u00e0 19 heures) sont des moments privil\u00e9gi\u00e9s pour jouer sur le sable. Vous trouverez souvent des parties d\u00e9contract\u00e9es et des matchs plus organis\u00e9s \u00e0 ces moments-l\u00e0, en particulier au printemps et en \u00e9t\u00e9. Les jours de semaine offrent une atmosph\u00e8re d\u00e9tendue, tandis que les week-ends apportent un regain d'\u00e9nergie sur les courts. Pour jouer le soir, rendez-vous sur les Pier Courts, qui sont \u00e9clair\u00e9s pour les matchs nocturnes.<\/p>\n<\/div>\n                <div class=\"image-slider__slider right\">\n                            <!-- Slider main container -->\n                <div class=\"swiper\">\n                    <!-- Additional required wrapper -->\n                    <div class=\"swiper-wrapper\">\n                        <!-- Slides -->\n                                                    <div class=\"swiper-slide\">\n                                <img decoding=\"async\" width=\"1024\" height=\"580\" src=\"https:\/\/www.santamonica.com\/wp-content\/uploads\/2025\/06\/Volleyball.png\" class=\"swiper-slide__image\" alt=\"\" loading=\"lazy\" srcset=\"https:\/\/www.santamonica.com\/wp-content\/uploads\/2025\/06\/Volleyball.png 1024w, https:\/\/www.santamonica.com\/wp-content\/uploads\/2025\/06\/Volleyball-300x170.png 300w, https:\/\/www.santamonica.com\/wp-content\/uploads\/2025\/06\/Volleyball-265x150.png 265w, https:\/\/www.santamonica.com\/wp-content\/uploads\/2025\/06\/Volleyball-768x435.png 768w\" sizes=\"auto, (max-width: 1024px) 100vw, 1024px\" title=\"\">                                \n\n                            <\/div>\n                                            <\/div>\n                                    <\/div>\n                    <\/div>\n    <\/div>\n<\/section>\n\n\n<section class=\"stakeholder-feed sm-block js-stk-root sm-block\" id=\"surflessons\">\n    <div class=\"stakeholder-feed__top\">\n        <div class=\"stakeholder-feed__intro\">\n                            <h1 class=\"stakeholder-feed__headline\">Cours de beach-volley \u00e0 Santa Monica<\/h1>                                        <div class=\"stakeholder-feed__intro-body wysiwyg\">\n                    <p>Vous souhaitez apprendre ou am\u00e9liorer votre jeu ? Les instructeurs locaux et les programmes de beach-volley proposent des cours priv\u00e9s et collectifs sur le sable, parfaits pour les d\u00e9butants, les enfants ou toute personne souhaitant am\u00e9liorer ses comp\u00e9tences dans un cadre amusant au bord de l'oc\u00e9an.<\/p>\n                <\/div>\n                    <\/div>\n        <div class=\"stakeholder-feed__nav-section\">\n                            <h1 class=\"stakeholder-feed__feed-title\">Le\u00e7ons, cours et camps<\/h1>                        \n                        <div class=\"stakeholder-feed__pagination xxx--desktop-hide\">\n                <div class=\"swiper-button-prev stakeholder-feed__pagination-prev\"><\/div>\n                <div class=\"swiper-button-next stakeholder-feed__pagination-next\"><\/div>\n            <\/div>\n        <\/div>\n    <\/div>\n    <div class=\"stakeholder-feed__bottom\">\n        <div class=\"stakeholder-feed__feed-list-wrapper swiper js-stk-swiper\">\n            <ul class=\"stakeholder-feed__feed-list swiper-wrapper js-stk-wrapper\">\n                    <li class=\"swiper-slide stakeholder-card --theme3\">\n        <a class=\"stakeholder-card__link\" href=\"https:\/\/www.santamonica.com\/fr\/stakeholder\/sinjin-smiths-beach-volleyball-camp\/\">\n            <div class=\"stakeholder-card__image\">\n                <img decoding=\"async\" src=\"https:\/\/assets.simpleviewinc.com\/simpleview\/image\/upload\/crm\/santamonica\/o_B664737A-B8EE-1A8F-845B2EB14F93EB87-b6647298afd7ca1_b6647e0a-0d61-c4cb-429ff4a8c522a059.jpg\" alt=\"Camp de beach-volley de Sinjin Smith\" title=\"\">\n            <\/div>\n            <div class=\"stakeholder-card__stk-info\">\n                <div class=\"stakeholder-card__stk-name\">Camp de beach-volley de Sinjin Smith<\/div>\n                <div class=\"stakeholder-card__stk-cat\">Plage\/ext\u00e9rieur<\/div>\n            <\/div>\n        <\/a>\n    <\/li>\n        <li class=\"swiper-slide stakeholder-card --theme3\">\n        <a class=\"stakeholder-card__link\" href=\"https:\/\/www.santamonica.com\/fr\/things-to-do\/santa-monica-beach-volleyball\/\">\n            <div class=\"stakeholder-card__image\">\n                <img decoding=\"async\" src=\"https:\/\/assets.simpleviewinc.com\/simpleview\/image\/upload\/crm\/santamonica\/DSC_0526-EDIT_Original_3913CB4F-E4AD-4510-A87DCBDA620C1C49_848da3f7-dba3-4d75-b5f011c3b7d8ddc0.jpg\" alt=\"Santa Monica Beach Volleyball Co.\" title=\"\">\n            <\/div>\n            <div class=\"stakeholder-card__stk-info\">\n                <div class=\"stakeholder-card__stk-name\">Santa Monica Beach Volleyball Co.<\/div>\n                <div class=\"stakeholder-card__stk-cat\">Choses \u00e0 faire<\/div>\n            <\/div>\n        <\/a>\n    <\/li>\n        <li class=\"swiper-slide stakeholder-card --theme3\">\n        <a class=\"stakeholder-card__link\" href=\"https:\/\/www.santamonica.com\/fr\/things-to-do\/annenberg-community-beach-house\/\">\n            <div class=\"stakeholder-card__image\">\n                <img decoding=\"async\" src=\"https:\/\/assets.simpleviewinc.com\/simpleview\/image\/upload\/crm\/santamonica\/bart-bartholomew-photo-for-info-card-S150_bff66770-5056-b365-ab703cfb83549b24.jpg\" alt=\"Maison de plage de la communaut\u00e9 d&#039;Annenberg\" title=\"\">\n            <\/div>\n            <div class=\"stakeholder-card__stk-info\">\n                <div class=\"stakeholder-card__stk-name\">Maison de plage de la communaut\u00e9 d'Annenberg<\/div>\n                <div class=\"stakeholder-card__stk-cat\">Historique<\/div>\n            <\/div>\n        <\/a>\n    <\/li>\n                <\/ul>\n        <\/div>\n    <\/div>\n<\/section>\n\n\n<section class=\"blog-feed --theme8 sm-block\">\n    <div class=\"blog-feed__content\">\n        <div class=\"blog-feed__intro\">\n                            <div class=\"blog-feed__eyebrow eyebrow\">Blogs<\/div>                                        <h2 class=\"blog-feed__headline\">D\u00e9couvrir Santa Monica<\/h2>                                        <div class=\"blog-feed__body\"><p>Explorez les itin\u00e9raires, les conseils locaux, les points chauds et les aventures organis\u00e9es pour \u00eatre s\u00fbr de profiter au maximum de votre exp\u00e9rience \u00e0 Santa Monica.<\/p>\n<\/div>\n                                        <a class=\"blog-feed__cta\" href=\"https:\/\/www.santamonica.com\/fr\/articles-de-blog\/\">Voir tous les blogs<\/a>\n                    <\/div>\n\n        <ul class=\"blog-feed__list\">\n                                                <li class=\"blog-feed__item\">\n                        <a href=\"https:\/\/www.santamonica.com\/fr\/mother-road-modern-meetings-route-66-meeting-spaces-set-to-shine-for-centennial-in-santa-monica\/\" class=\"blog-feed__item-link\">\n                            <div class=\"blog-feed__image-ratio\">\n                                <img decoding=\"async\" class=\"blog-feed__image\" src=\"https:\/\/www.santamonica.com\/wp-content\/uploads\/2025\/12\/untitledJuly20162C2020180010-182-2-400x400.jpg\" alt=\"ROUTE MATERNELLE, R\u00c9UNIONS MODERNES : LES ESPACES DE R\u00c9UNION DE LA ROUTE 66 S&#039;APPR\u00caTENT \u00c0 BRILLER POUR LE CENTENAIRE \u00c0 SANTA MONICA\" title=\"\">\n                            <\/div>\n                            <div class=\"blog-feed__card-title\">ROUTE MATERNELLE, R\u00c9UNIONS MODERNES : LES ESPACES DE R\u00c9UNION DE LA ROUTE 66 S'APPR\u00caTENT \u00c0 BRILLER POUR LE CENTENAIRE \u00c0 SANTA MONICA<\/div>\n                        <\/a>\n                    <\/li>\n                                                                <li class=\"blog-feed__item\">\n                        <a href=\"https:\/\/www.santamonica.com\/fr\/media\/news-release\/santa-monica-announces-song-contest-in-celebration-of-route-66-centennial\/\" class=\"blog-feed__item-link\">\n                            <div class=\"blog-feed__image-ratio\">\n                                <img decoding=\"async\" class=\"blog-feed__image\" src=\"https:\/\/www.santamonica.com\/wp-content\/uploads\/2025\/11\/DSC01084-400x400.jpg\" alt=\"SANTA MONICA ANNONCE UN CONCOURS DE CHANSONS POUR C\u00c9L\u00c9BRER LE CENTENAIRE DE LA ROUTE 66\" title=\"\">\n                            <\/div>\n                            <div class=\"blog-feed__card-title\">SANTA MONICA ANNONCE UN CONCOURS DE CHANSONS POUR C\u00c9L\u00c9BRER LE CENTENAIRE DE LA ROUTE 66<\/div>\n                        <\/a>\n                    <\/li>\n                                                                <li class=\"blog-feed__item\">\n                        <a href=\"https:\/\/www.santamonica.com\/fr\/media\/news-release\/where-to-watch-the-world-series-in-santa-monica\/\" class=\"blog-feed__item-link\">\n                            <div class=\"blog-feed__image-ratio\">\n                                <img decoding=\"async\" class=\"blog-feed__image\" src=\"https:\/\/www.santamonica.com\/wp-content\/uploads\/2025\/10\/dodgers-logo-1-400x400.jpg\" alt=\"O\u00d9 REGARDER LES CHAMPIONNATS DU MONDE \u00c0 SANTA MONICA\" title=\"\">\n                            <\/div>\n                            <div class=\"blog-feed__card-title\">O\u00d9 REGARDER LES CHAMPIONNATS DU MONDE \u00c0 SANTA MONICA<\/div>\n                        <\/a>\n                    <\/li>\n                                    <\/ul>\n    <\/div>\n<\/section>","protected":false},"excerpt":{"rendered":"","protected":false},"author":1421,"featured_media":767360,"parent":0,"menu_order":0,"comment_status":"closed","ping_status":"closed","template":"template-editorial.php","meta":{"_acf_changed":false,"inline_featured_image":false,"footnotes":""},"silos":[3899],"class_list":["post-767357","page","type-page","status-publish","has-post-thumbnail","hentry"],"acf":[],"_links":{"self":[{"href":"https:\/\/www.santamonica.com\/fr\/wp-json\/wp\/v2\/pages\/767357","targetHints":{"allow":["GET"]}}],"collection":[{"href":"https:\/\/www.santamonica.com\/fr\/wp-json\/wp\/v2\/pages"}],"about":[{"href":"https:\/\/www.santamonica.com\/fr\/wp-json\/wp\/v2\/types\/page"}],"author":[{"embeddable":true,"href":"https:\/\/www.santamonica.com\/fr\/wp-json\/wp\/v2\/users\/1421"}],"replies":[{"embeddable":true,"href":"https:\/\/www.santamonica.com\/fr\/wp-json\/wp\/v2\/comments?post=767357"}],"version-history":[{"count":16,"href":"https:\/\/www.santamonica.com\/fr\/wp-json\/wp\/v2\/pages\/767357\/revisions"}],"predecessor-version":[{"id":767559,"href":"https:\/\/www.santamonica.com\/fr\/wp-json\/wp\/v2\/pages\/767357\/revisions\/767559"}],"wp:featuredmedia":[{"embeddable":true,"href":"https:\/\/www.santamonica.com\/fr\/wp-json\/wp\/v2\/media\/767360"}],"wp:attachment":[{"href":"https:\/\/www.santamonica.com\/fr\/wp-json\/wp\/v2\/media?parent=767357"}],"wp:term":[{"taxonomy":"silos","embeddable":true,"href":"https:\/\/www.santamonica.com\/fr\/wp-json\/wp\/v2\/silos?post=767357"}],"curies":[{"name":"wp","href":"https:\/\/api.w.org\/{rel}","templated":true}]}}