{"id":765201,"date":"2025-04-15T15:11:08","date_gmt":"2025-04-15T22:11:08","guid":{"rendered":"https:\/\/www.santamonica.com\/?page_id=765201"},"modified":"2025-11-04T09:48:17","modified_gmt":"2025-11-04T17:48:17","slug":"ecole-secondaire-de-pali-special-entreprises","status":"publish","type":"page","link":"https:\/\/www.santamonica.com\/fr\/pali-high-school-business-specials\/","title":{"rendered":"Sp\u00e9cial entreprises de l'enseignement secondaire"},"content":{"rendered":"<section class=\"sun-title sm-block --theme6 sm-block\">\n            <h2 class=\"sun-title__headline\">Sp\u00e9cialit\u00e9s culinaires<\/h2>    \n    <\/section>\n\n\n\n<div class=\"wp-block-columns is-layout-flex wp-container-core-columns-is-layout-28f84493 wp-block-columns-is-layout-flex base-block\">\n<div class=\"wp-block-column is-layout-flow wp-block-column-is-layout-flow base-block\">\n<p class=\"base-block\"><a href=\"https:\/\/www.santamonica.com\/fr\/restaurants\/le-palais-curieux\/\">Le palais curieux<\/a><\/p>\n\n\n\n<p class=\"base-block\">10% de r\u00e9duction sur votre commande avec la preuve d'une carte d'identit\u00e9 de l'\u00e9cole secondaire. Commandez en ligne avec le code promo : HIGH SCHOOL* L'offre n'est valable que pour les \u00e9tudiants et le corps enseignant du lyc\u00e9e Pali.<\/p>\n\n\n\n<p class=\"base-block\"><a href=\"https:\/\/www.santamonica.com\/fr\/restaurants\/espresso-cielo-14312\/\">Espresso Cielo<\/a><\/p>\n\n\n\n<p class=\"base-block\">Recevez 10% sur l'ensemble de vos achats avec une carte d'\u00e9tudiant ou d'enseignant.<\/p>\n\n\n\n<p class=\"base-block\"><a href=\"https:\/\/www.santamonica.com\/fr\/restaurants\/bord-de-mer-sur-la-jetee\/\">Seaside on the Pier - Santa Monica<\/a><\/p>\n\n\n\n<p class=\"base-block\">Menus tout compris, taxe d'\u00c9tat et frais de service Surfs UP $28.00 prix tout compris \/ $21.17 Hang 10 $38.00 prix tout compris \/ $28.73Big Kahuna $48.00 prix tout compris \/ $36.29.<\/p>\n\n\n\n<p class=\"base-block\"><a href=\"https:\/\/www.santamonica.com\/fr\/restaurants\/espresso-cielo-14312\/\">Espresso Cielo<\/a><\/p>\n\n\n\n<p class=\"base-block\">10% sur tout l'achat avec une carte d'\u00e9tudiant ou d'enseignant.<\/p>\n\n\n\n<p class=\"base-block\"><a href=\"https:\/\/www.santamonica.com\/fr\/restaurants\/cafe-ugo\/\">UGO<\/a><\/p>\n\n\n\n<p class=\"base-block\">R\u00e9duction 25% pour les deux sites UGO sur la promenade. Emplacement 1 : 1400 third street promenade Emplacement 2 : 1237 third street promenade.<\/p>\n\n\n\n<p class=\"base-block\"><a href=\"https:\/\/www.santamonica.com\/fr\/restaurants\/edgemar\/\">Restaurant et salon Edgemar<\/a><\/p>\n\n\n\n<p class=\"base-block\">R\u00e9duction pour le d\u00e9jeuner 15% \u201cLes parents viennent chercher et d\u00e9posent leurs enfants \u00e0 Edgemar\u201d.\u201d<\/p>\n\n\n\n<p class=\"base-block\"><a href=\"https:\/\/www.santamonica.com\/fr\/restaurants\/mcconnells-fine-ice-creams\/\">Cr\u00e8mes glac\u00e9es fines McConnell's<\/a><\/p>\n\n\n\n<p class=\"base-block\">10% off Pali high student discount.<\/p>\n\n\n\n<p class=\"base-block\"><a href=\"https:\/\/www.santamonica.com\/fr\/restaurants\/stefanos-pizzeria\/\">Stefano's Pizzeria<\/a><\/p>\n\n\n\n<p class=\"base-block\">20% de r\u00e9duction sur tout achat pour les \u00e9tudiants et les enseignants munis d'une carte d'\u00e9tudiant.<\/p>\n<\/div>\n\n\n\n<div class=\"wp-block-column is-layout-flow wp-block-column-is-layout-flow base-block\">\n<p class=\"base-block\"><a href=\"https:\/\/www.santamonica.com\/fr\/restaurants\/une-alimentation-saine-et-equilibree\/\">Aliments sains et raisonnables<\/a><\/p>\n\n\n\n<p class=\"base-block\">10% de r\u00e9duction sur votre commande sur pr\u00e9sentation d'une pi\u00e8ce d'identit\u00e9 du lyc\u00e9e Pali. *L'offre n'est valable que pour les \u00e9tudiants et les professeurs du lyc\u00e9e Pali.<\/p>\n\n\n\n<p class=\"base-block\"><a href=\"https:\/\/www.santamonica.com\/fr\/restaurants\/taverne-sur-la-place-principale\/\">Taverne sur le Main<\/a><\/p>\n\n\n\n<p class=\"base-block\">Happy hour sp\u00e9cial du lundi au vendredi de 14 \u00e0 19 heures. Une petite r\u00e9duction pour les enseignants et les professeurs peut \u00eatre accord\u00e9e.<\/p>\n\n\n\n<p class=\"base-block\"><a href=\"https:\/\/whalerbeachbar.com\" target=\"_blank\" rel=\"noopener\">Whaler Beach Bar<\/a><\/p>\n\n\n\n<p class=\"base-block\">$15 Menu. Inclut une boisson non alcoolis\u00e9e. Disponible sur pr\u00e9sentation d'une carte d'identit\u00e9 scolaire. Burger (servi avec frites ou salade) BLTA au poulet grill\u00e9 (servi avec frites ou salade) ou Sandwich au poulet frit (servi avec frites ou salade) Salade de chou fris\u00e9, Pizza Pepperoni, Ailes de poulet Buffalo<\/p>\n\n\n\n<p class=\"base-block\"><a href=\"https:\/\/www.santamonica.com\/fr\/restaurants\/nick-le-grec\/\">Nick le Grec<\/a><\/p>\n\n\n\n<p class=\"base-block\">Les \u00e9tudiants et le personnel de l'\u00e9cole secondaire Pali - Celui-ci est juste pour vous ! Montrez votre carte d'\u00e9tudiant ou votre insigne de personnel et obtenez 10% de rabais sur n'importe quel article du menu - OU - obtenez un suppl\u00e9ment GRATUIT de frites grecques ou de frites Nick's \u00e0 l'achat de n'importe quel combo !<\/p>\n\n\n\n<p class=\"base-block\"><a href=\"https:\/\/www.santamonica.com\/fr\/restaurants\/le-renard-surfeur\/\">Le renard surfeur<\/a><\/p>\n\n\n\n<p class=\"base-block\">Les professeurs et les enseignants ont droit \u00e0 20% de cong\u00e9 entre 7 heures et 16 heures en semaine.<\/p>\n\n\n\n<p class=\"base-block\"><a href=\"https:\/\/www.santamonica.com\/fr\/restaurants\/peche-dans-le-pacifique\/\">Prise du Pacifique<\/a><\/p>\n\n\n\n<p class=\"base-block\">Destin\u00e9 aux membres de la facult\u00e9, nous avons un happy hour quotidien appel\u00e9 \u201cAloha Hour\u2019 de 15 \u00e0 18 heures. Les plats sont servis \u00e0 partir de $5, les cocktails \u00e0 partir de $8. Nous offrons \u00e9galement une r\u00e9duction de 10% \u00e0 tous les membres du corps enseignant de l'\u00e9cole, \u00e0 n'importe quel moment et n'importe quel jour de la semaine.<\/p>\n\n\n\n<p class=\"base-block\"><a href=\"https:\/\/www.santamonica.com\/fr\/restaurants\/rosti\/\">Cuisine toscane Rosti<\/a><\/p>\n\n\n\n<p class=\"base-block\">\u00c9conomisez $5 lorsque vous d\u00e9pensez $25 ou plus ! Disponible sur place ou \u00e0 emporter, sur pr\u00e9sentation d'une carte d'\u00e9tudiant. Utilisez le code promo : GOPALI*Offre valable uniquement pour les \u00e9tudiants et le corps enseignant du lyc\u00e9e Pali Valable jusqu'au 31 mai 2026.<\/p>\n<\/div>\n<\/div>\n\n\n<section class=\"sun-title sm-block --theme6 sm-block\">\n            <h2 class=\"sun-title__headline\">Promotions dans le commerce de d\u00e9tail<\/h2>    \n    <\/section>\n\n\n\n<div class=\"wp-block-columns is-layout-flex wp-container-core-columns-is-layout-28f84493 wp-block-columns-is-layout-flex base-block\">\n<div class=\"wp-block-column is-layout-flow wp-block-column-is-layout-flow base-block\">\n<p class=\"base-block\"><a href=\"https:\/\/www.santamonica.com\/fr\/achats\/le-magasin-de-velos\/\">The Bike Shop Santa Monica<\/a><\/p>\n\n\n\n<p class=\"base-block\">20% sur les v\u00e9los, 50% sur le deuxi\u00e8me cadenas \u00e0 l'achat, $25 sur les r\u00e9parations sup\u00e9rieures \u00e0 $100.<\/p>\n\n\n\n<p class=\"base-block\"><a href=\"https:\/\/www.santamonica.com\/fr\/achats\/peinture-cox\/\">Cox Paint Inc.<\/a><\/p>\n\n\n\n<p class=\"base-block\">20% sur toutes les peintures et fournitures de peinture avec la carte d'\u00e9tudiant (m\u00e9nage) et les comptes de l'\u00e9cole.<\/p>\n\n\n\n<p class=\"base-block\"><a href=\"https:\/\/www.santamonica.com\/fr\/achats\/sable-et-surf-13133\/\">Sand N Surf<\/a><\/p>\n\n\n\n<p class=\"base-block\">15% de r\u00e9duction sur tout achat, y compris les collations et les boissons, sur pr\u00e9sentation d'une pi\u00e8ce d'identit\u00e9 de l'\u00e9tablissement d'enseignement secondaire. Arr\u00eatez-vous \u00e0 l'emplacement de Third Street Promenade pour obtenir un souvenir sp\u00e9cial de Santa Monica !<\/p>\n\n\n\n<p class=\"base-block\"><a href=\"https:\/\/www.santamonica.com\/fr\/achats\/cami-et-jax\/\">CAMI AND JAX, maillots de bain de luxe pour femmes et filles<\/a><\/p>\n\n\n\n<p class=\"base-block\">30% sur tout. Valable en magasin et en ligne. Utilisez le code 30Pali<\/p>\n\n\n\n<p class=\"base-block\"><a href=\"https:\/\/www.santamonica.com\/fr\/achats\/tenshoppe\/\">Tenshoppe LA<\/a><\/p>\n\n\n\n<p class=\"base-block\">15% de r\u00e9duction sur votre commande avec la preuve d'une carte d'identit\u00e9 de l'\u00e9cole secondaire. *L'offre n'est valable que pour les \u00e9tudiants et le corps enseignant du lyc\u00e9e Pali et uniquement dans notre \u00e9tablissement de Santa Monica.<\/p>\n<\/div>\n\n\n\n<div class=\"wp-block-column is-layout-flow wp-block-column-is-layout-flow base-block\">\n<p class=\"base-block\"><a href=\"https:\/\/www.santamonica.com\/fr\/achats\/centre-dinformation-des-visiteurs-de-santa-monica-walk-in\/\">Centres d'information touristique de Santa Monica<\/a><\/p>\n\n\n\n<p class=\"base-block\">Recevez 30% de r\u00e9duction sur les marchandises dans l'un des trois centres d'information touristique de Santa Monica.<\/p>\n\n\n\n<p class=\"base-block\"><a href=\"https:\/\/www.santamonica.com\/fr\/achats\/mer-dargent\/\">Mer d'argent<\/a><\/p>\n\n\n\n<p class=\"base-block\">25% de r\u00e9duction sur un article \u00e0 prix normal sur pr\u00e9sentation d'une carte d'identit\u00e9 de l'\u00e9cole secondaire Pali*.<br>*L'offre n'est valable que pour les \u00e9tudiants et le corps enseignant de l'\u00e9cole secondaire Pali.<\/p>\n\n\n\n<p class=\"base-block\"><a href=\"https:\/\/www.santamonica.com\/fr\/achats\/matelas-japonais-airweave\/\">Airweave<\/a><\/p>\n\n\n\n<p class=\"base-block\">Airweave, la marque japonaise d'innovation en mati\u00e8re de sommeil \u00e0 laquelle font confiance les athl\u00e8tes olympiques, lance sa plus grande offre de la saison pour la f\u00eate du travail, en direct du lundi 18 ao\u00fbt au 7 septembre.Les promotions comprennent:$300 sur les matelas de la collection Yume avec le code LABOR30010% sur tous les Futons et Toppers avec le code LABOR1010% sur les matelas Airweave et Advanced - d\u00e9j\u00e0 red\u00e9finis (aucun code n\u00e9cessaire)<\/p>\n<\/div>\n<\/div>\n\n\n<section class=\"sun-title sm-block --theme6 sm-block\">\n            <h2 class=\"sun-title__headline\">Sp\u00e9cial entreprises<\/h2>    \n    <\/section>\n\n\n\n<div class=\"wp-block-columns is-layout-flex wp-container-core-columns-is-layout-28f84493 wp-block-columns-is-layout-flex base-block\">\n<div class=\"wp-block-column is-layout-flow wp-block-column-is-layout-flow base-block\">\n<p class=\"base-block\"><a href=\"https:\/\/www.santamonica.com\/fr\/choses-a-faire\/santa-monica-playhouse\/\">Santa Monica Playhouse<\/a><\/p>\n\n\n\n<p class=\"base-block\">Les \u00e9tudiants b\u00e9n\u00e9ficient d'une r\u00e9duction 50% sur tout spectacle produit par le Santa Monica Playhouse. V\u00e9rifiez ce qui se joue \u00e0 https:\/\/SantaMonicaPlayhouse.com, trouvez ce que vous voulez voir, puis contactez-nous au 1-310-394-9779 ou \u00e0 theatre@SantaMonicaPlayhouse.com et faites-nous savoir que vous \u00eates un \u00e9tudiant de Pali ou de Samo et vous obtiendrez votre r\u00e9duction.<\/p>\n\n\n\n<p class=\"base-block\"><a href=\"https:\/\/www.santamonica.com\/fr\/restaurants\/papille-gustative\/\">Papille Gustative<\/a><\/p>\n\n\n\n<p class=\"base-block\">R\u00e9servation gratuite de nos salles priv\u00e9es pour votre GRADUATION PARTY !<\/p>\n\n\n\n<p class=\"base-block\"><a href=\"https:\/\/www.santamonica.com\/fr\/hotels\/surestay-hotel-by-best-western-santa-monica\/\">SureStay by Best Western Santa Monica<\/a><\/p>\n\n\n\n<p class=\"base-block\">15% sur notre tarif public !<\/p>\n\n\n\n<p class=\"base-block\"><a href=\"https:\/\/www.santamonica.com\/fr\/achats\/radiance-wellness-spa\/\">Radiance Wellness Spa<\/a><\/p>\n\n\n\n<p class=\"base-block\">Sp\u00e9cial \u00e9tudiants ! 20% sur les services du Radiance Wellness Spa. Une carte d'\u00e9tudiant valide doit \u00eatre pr\u00e9sent\u00e9e pour b\u00e9n\u00e9ficier de l'offre.<\/p>\n\n\n\n<p class=\"base-block\"><a href=\"https:\/\/www.santamonica.com\/fr\/choses-a-faire\/chateau-de-musique\/\">Le ch\u00e2teau de la musique Inc.<\/a><\/p>\n\n\n\n<p class=\"base-block\">50% sur le premier cours priv\u00e9 de chant, de piano, de guitare, de batterie, de basse ou de production. $25 seulement ! 1\u00e8re heure de cours d'art en groupe pour les 3 \u00e0 18 ans, le vendredi, pour les \u00e9l\u00e8ves de l'\u00e9cole secondaire Palisades Charter et leurs familles.<\/p>\n\n\n\n<p class=\"base-block\"><a href=\"http:\/\/www.SportsFitPT.com\" target=\"_blank\" rel=\"noopener\">SportsFit PT<\/a><\/p>\n\n\n\n<p class=\"base-block\">SportsFit PT est la destination de choix \u00e0 Santa Monica et dans le Westside pour maintenir un mode de vie sain et actif en aidant nos clients \u00e0 traiter et \u00e0 \u00e9viter les blessures. Notre \u00e9quipe d'experts propose une th\u00e9rapie physique de pointe, une analyse de la course, une th\u00e9rapie par le massage, le Pilates, le yoga et des programmes d'entra\u00eenement personnalis\u00e9s con\u00e7us pour vous \u00e9viter les blessures et vous permettre de donner le meilleur de vous-m\u00eame. Nous vous invitons \u00e0 vous associer \u00e0 SportsFit et \u00e0 faire l'exp\u00e9rience des m\u00eames soins de qualit\u00e9 que ceux auxquels font confiance de nombreux guerriers du week-end du Westside ainsi que l'\u00e9lite des athl\u00e8tes d'endurance de Los Angeles. Profitez de certains avantages exclusifs au club : $50 de r\u00e9duction sur la premi\u00e8re s\u00e9ance d'analyse de la course \u00e0 pied - paiement priv\u00e9 ou assurance (prix normal $185) ; s\u00e9ance gratuite d'\u00e9valuation des blessures - le but de cette s\u00e9ance est d'\u00e9valuer toute blessure possible et de d\u00e9terminer le meilleur plan d'action (valeur de $185);2 s\u00e9ances gratuites de leur choix parmi nos services compl\u00e9mentaires (massage, Pilates, yoga, entra\u00eenement priv\u00e9) ; prix normal : $125 par s\u00e9ance (valeur de $250);20% de r\u00e9duction sur tout service individuel apr\u00e8s les 2 premi\u00e8res s\u00e9ances;10% suppl\u00e9mentaires de r\u00e9duction sur tout forfait (PT, Pilates, Massage, Yoga, Entra\u00eenement priv\u00e9);$100 de r\u00e9duction sur les 5 premi\u00e8res s\u00e9ances pour tout traitement de kin\u00e9sith\u00e9rapie priv\u00e9 ou bas\u00e9 sur l'assurance;$100 de r\u00e9duction sur le forfait de 3 s\u00e9ances de traitement par ondes de choc - Prix r\u00e9gulier : $489.<\/p>\n\n\n\n<p class=\"base-block\"><a href=\"https:\/\/www.santamonica.com\/fr\/hotels\/sea-shore-motel\/\">Motel Sea Shore<\/a><\/p>\n\n\n\n<p class=\"base-block\">Tarifs r\u00e9duits pour les familles Pali et Samo. Envoyez un courriel \u00e0 Sonia@seashoremotel.com pour plus de d\u00e9tails.<\/p>\n<\/div>\n\n\n\n<div class=\"wp-block-column is-layout-flow wp-block-column-is-layout-flow base-block\">\n<p class=\"base-block\"><a href=\"https:\/\/www.pilatesplatinum.com\" target=\"_blank\" rel=\"noopener\">Pilates Platinum<\/a><\/p>\n\n\n\n<p class=\"base-block\">Les cours Pilates Platinum durent 45 minutes et permettent de sculpter tout le corps sur notre r\u00e9formateur Pilates con\u00e7u sur mesure. Chaque mouvement est contr\u00f4l\u00e9 lentement pour maximiser le temps sous tension afin d'aider les muscles \u00e0 atteindre efficacement le point de fatigue. Le r\u00e9sultat : un renforcement fondamental des muscles centraux et des petits muscles difficiles \u00e0 voir, ce qui permet d'obtenir des r\u00e9sultats ext\u00e9rieurs \u00e9tonnants en termes de longueur, de minceur et de tonicit\u00e9. Nous sommes ravis de vous accueillir dans le quartier.  Profitez de 3 cours pour $45. Envoyez un e-mail \u00e0 info@pilatesplatinum.com pour en b\u00e9n\u00e9ficier.<\/p>\n\n\n\n<p class=\"base-block\"><a href=\"https:\/\/www.santamonica.com\/fr\/achats\/bao-foot-spa\/\">BAO Spa des pieds<\/a><\/p>\n\n\n\n<p class=\"base-block\">Achetez 6 traitements et recevez 1 s\u00e9ance gratuite<\/p>\n\n\n\n<p class=\"base-block\"><a href=\"https:\/\/www.myotbythesea.com\" target=\"_blank\" rel=\"noopener\">OT by the Sea<\/a><\/p>\n\n\n\n<p class=\"base-block\">\u00c0 OT by the Sea, nos ergoth\u00e9rapeutes travaillent avec des enfants et des adultes pour favoriser l'ind\u00e9pendance et responsabiliser toute la famille. Qu'il s'agisse d'autonomie et de comp\u00e9tences en mati\u00e8re de soins personnels, d'anxi\u00e9t\u00e9, de gestion des t\u00e2ches, de r\u00e9gulation \u00e9motionnelle, de renforcement physique et de coordination, nous sommes l\u00e0 pour vous aider \u00e0 vous \u00e9panouir. Nous offrirons \u00e0 cette communaut\u00e9 un rabais sp\u00e9cial 10% sur les \u00e9valuations.<\/p>\n\n\n\n<p class=\"base-block\"><a href=\"https:\/\/www.santamonica.com\/fr\/choses-a-faire\/la-art-exchange\/\">LA Art Exchange<\/a><\/p>\n\n\n\n<p class=\"base-block\">15% - Encadrement personnalis\u00e9 pour les \u00e9l\u00e8ves, les parents, le corps enseignant et la communaut\u00e9 du lyc\u00e9e Pali<\/p>\n\n\n\n<p class=\"base-block\"><a href=\"https:\/\/www.santamonica.com\/fr\/choses-a-faire\/playland-arcade\/\">Arcade Playland<\/a><\/p>\n\n\n\n<p class=\"base-block\">Les \u00e9tudiants et les professeurs re\u00e7oivent un cr\u00e9dit bonus de $5 pour toute carte de jeu achet\u00e9e \u00e0 partir de $20.  Valeur de $25 pour $20.<\/p>\n\n\n\n<p class=\"base-block\"><a href=\"https:\/\/www.santamonica.com\/fr\/choses-a-faire\/illusion-magic-lounge\/\">Salon de la magie Illusion<\/a><\/p>\n\n\n\n<p class=\"base-block\">50% de r\u00e9duction sur les billets pour nos spectacles Magic by the Sea en soir\u00e9e (vendredi et samedi soirs \u00e0 19h00) pour les lyc\u00e9ens et leurs familles.  Les \u00e9tudiants doivent pr\u00e9senter leur carte d'\u00e9tudiant pour b\u00e9n\u00e9ficier de l'offre.<\/p>\n\n\n\n<p class=\"base-block\"><a href=\"https:\/\/www.santamonica.com\/fr\/hotels\/hotel-de-bord-de-mer\/\">H\u00f4tel Shore <\/a><\/p>\n\n\n\n<p class=\"base-block\">Laissez-vous s\u00e9duire par l'\u00e9l\u00e9gance sans effort du premier h\u00f4tel de charme quatre \u00e9toiles de Santa Monica \u00e0 un tarif communautaire exclusif. \u00c0 partir d'aujourd'hui et jusqu'\u00e0 la fin de l'ann\u00e9e, savourez une escapade c\u00f4ti\u00e8re raffin\u00e9e pour $229\/nuit, sans frais de destination, en guise de bienvenue personnelle. R\u00e9veillez-vous avec les brises de l'oc\u00e9an, fl\u00e2nez jusqu'\u00e0 l'embl\u00e9matique jet\u00e9e et d\u00e9tendez-vous avec style gr\u00e2ce \u00e0 des \u00e9quipements s\u00e9lectionn\u00e9s et un service de qualit\u00e9 con\u00e7u pour rendre chaque moment exceptionnel.Enti\u00e8rement pr\u00e9pay\u00e9, non remboursable et non modifiable. Disponibilit\u00e9 limit\u00e9e - r\u00e9servez votre escapade c\u00f4ti\u00e8re d\u00e8s aujourd'hui.<\/p>\n\n\n\n<p class=\"base-block\"><a href=\"https:\/\/www.santamonica.com\/fr\/choses-a-faire\/musee-dhistoire-de-santa-monica-2\/\">Mus\u00e9e d'histoire de Santa Monica<\/a><\/p>\n\n\n\n<p class=\"base-block\">Entr\u00e9e gratuite pour tous les \u00e9tudiants pendant les heures d'ouverture au public<\/p>\n<\/div>\n<\/div>\n\n\n\n<p class=\"base-block\">Si vous \u00eates une entreprise de Santa Monica et que vous avez des offres sp\u00e9ciales pour le d\u00e9jeuner, des tarifs r\u00e9duits et\/ou des offres apr\u00e8s l'\u00e9cole \u00e0 proposer aux \u00e9l\u00e8ves, enseignants et professeurs de SaMo et Pali High, veuillez les soumettre. <a href=\"https:\/\/www.santamonica.com\/fr\/soumettre-les-projets-speciaux-de-lecole-secondaire\/\">ici.<\/a><\/p>","protected":false},"excerpt":{"rendered":"<p>The Curious Palate 10% off your order with proof of High school ID. Order online with promo code: HIGH SCHOOL* Offer only valid for students and faculty of Pali High School. Espresso Cielo Receive 10% off entire purchase with student or teacher ID. Seaside on the Pier \u2013 Santa Monica All Inclusive Menus of State Tax and service charge\u00a0 Surfs UP $28.00 all inclusive pricing \/ $21.17 Hang 10 $38.00 all inclusive \/ $28.73Big Kahuna $48.00 all inclusive \/ $36.29. Espresso Cielo 10% off entire purchase w\/ student or teacher ID. UGO 25% discount for both UGO locations on promenade. [\u2026]<\/p>\n","protected":false},"author":1421,"featured_media":765016,"parent":0,"menu_order":0,"comment_status":"closed","ping_status":"closed","template":"template-editorial.php","meta":{"_acf_changed":false,"inline_featured_image":false,"footnotes":""},"silos":[],"class_list":["post-765201","page","type-page","status-publish","has-post-thumbnail","hentry"],"acf":[],"_links":{"self":[{"href":"https:\/\/www.santamonica.com\/fr\/wp-json\/wp\/v2\/pages\/765201","targetHints":{"allow":["GET"]}}],"collection":[{"href":"https:\/\/www.santamonica.com\/fr\/wp-json\/wp\/v2\/pages"}],"about":[{"href":"https:\/\/www.santamonica.com\/fr\/wp-json\/wp\/v2\/types\/page"}],"author":[{"embeddable":true,"href":"https:\/\/www.santamonica.com\/fr\/wp-json\/wp\/v2\/users\/1421"}],"replies":[{"embeddable":true,"href":"https:\/\/www.santamonica.com\/fr\/wp-json\/wp\/v2\/comments?post=765201"}],"version-history":[{"count":88,"href":"https:\/\/www.santamonica.com\/fr\/wp-json\/wp\/v2\/pages\/765201\/revisions"}],"predecessor-version":[{"id":775397,"href":"https:\/\/www.santamonica.com\/fr\/wp-json\/wp\/v2\/pages\/765201\/revisions\/775397"}],"wp:featuredmedia":[{"embeddable":true,"href":"https:\/\/www.santamonica.com\/fr\/wp-json\/wp\/v2\/media\/765016"}],"wp:attachment":[{"href":"https:\/\/www.santamonica.com\/fr\/wp-json\/wp\/v2\/media?parent=765201"}],"wp:term":[{"taxonomy":"silos","embeddable":true,"href":"https:\/\/www.santamonica.com\/fr\/wp-json\/wp\/v2\/silos?post=765201"}],"curies":[{"name":"wp","href":"https:\/\/api.w.org\/{rel}","templated":true}]}}