{"id":764949,"date":"2025-04-07T11:13:18","date_gmt":"2025-04-07T18:13:18","guid":{"rendered":"https:\/\/www.santamonica.com\/?page_id=764949"},"modified":"2025-04-30T12:46:17","modified_gmt":"2025-04-30T19:46:17","slug":"soumettre-les-projets-speciaux-de-lecole-secondaire","status":"publish","type":"page","link":"https:\/\/www.santamonica.com\/fr\/submit-high-school-business-specials\/","title":{"rendered":"Soumettre les offres sp\u00e9ciales de l'\u00e9cole secondaire"},"content":{"rendered":"<section class=\"simpleview-form-block sm-block\">\n        <h2 class=\"simpleview-form-block__heading\">\n            Soumettre les offres sp\u00e9ciales du lyc\u00e9e        <\/h2>\n    <div class=\"simpleview-form-block__form sm-form\">\n        <form action=\"\" method=\"post\" name=\"frm_254\" class=\"simpleForm\" onsubmit=\"return svcrm.formBuilderScripts.validateForm(this);\" data-trp-original-action=\"\">\r\n\t\t\t\t<input id=\"formid\" name=\"formid\" type=\"hidden\" value=\"254\">\r\n\t\t\t\t<input id=\"groupid\" name=\"groupid\" type=\"hidden\" value=\"16\">\r\n\t\t\t\t<input id=\"isSubmitted\" name=\"isSubmitted\" value=\"1\" type=\"hidden\">\r\n\t\t\t\t\r\n\t\t\t\t\r\n\t\t\t\t\t<h3>Sp\u00e9cial entreprises<\/h3>\r\n\t\t\t\t\t\r\n\t\t\t\t\t\t\t\t<div id=\"rowcontainer_udf_397\" class=\"row\">\r\n\t\t\t\t\t\t\t\t\t\r\n\t\t\t\t\t\t\t\t\t\t\t<div id=\"labelcontainer_udf_397\" class=\"medium-3 columns\">\r\n\t\t\t\t\t\t\t\t\t\t\t\t<div id=\"td_udf_397\">\r\n\t\t\t\t\t\t\t\t\t\t\t\t\t<label id=\"label_udf_397\" for=\"udf_397\" class=\"formreq\">Nom de l'entreprise* :<\/label>\r\n\t\t\t\t\t\t\t\t\t\t\t\t\t\r\n\t\t\t\t\t\t\t\t\t\t\t\t<\/div>\r\n\t\t\t\t\t\t\t\t\t\t\t<\/div>\t\r\n\t\t\t\t\t\t\t\t\t\t\r\n\t\t\t\t\t\t\t\t\t<div id=\"fieldcontainer_udf_397\" class=\"medium-9 columns\">\r\n\t\t\t\t\t\t\t\t\t\t\r\n\t\t\t\r\n\t\t\t<input class=\"\" id=\"udf_397\" name=\"udf_397\" type=\"text\" size=\"25\" value=\"\">\r\n\t\t\t\r\n\t\t\t\t\t\t\t\t\t<\/div>\t\t\t\t\t\t\t\t\t\r\n\t\t\t\t\t\t\t\t<\/div>\r\n\t\t\t\t\t\t\t\r\n\t\t\t\t\t\t\t\t<div id=\"rowcontainer_udf_396\" class=\"row\">\r\n\t\t\t\t\t\t\t\t\t\r\n\t\t\t\t\t\t\t\t\t\t\t<div id=\"labelcontainer_udf_396\" class=\"medium-3 columns\">\r\n\t\t\t\t\t\t\t\t\t\t\t\t<div id=\"td_udf_396\">\r\n\t\t\t\t\t\t\t\t\t\t\t\t\t<label id=\"label_udf_396\" for=\"udf_396\" class=\"formreq\">Description de l'offre* :<\/label>\r\n\t\t\t\t\t\t\t\t\t\t\t\t\t\r\n\t\t\t\t\t\t\t\t\t\t\t\t<\/div>\r\n\t\t\t\t\t\t\t\t\t\t\t<\/div>\t\r\n\t\t\t\t\t\t\t\t\t\t\r\n\t\t\t\t\t\t\t\t\t<div id=\"fieldcontainer_udf_396\" class=\"medium-9 columns\">\r\n\t\t\t\t\t\t\t\t\t\t\t\t\t\r\n\t\t\t<textarea class=\"\" id=\"udf_396\" name=\"udf_396\" cols=\"40\" rows=\"6\"><\/textarea>\r\n\t\t\t\r\n\t\t\t\t\t\t\t\t\t<\/div>\t\t\t\t\t\t\t\t\t\r\n\t\t\t\t\t\t\t\t<\/div>\r\n\t\t\t\t\t\t\t\r\n\t\t\t\t\t\t\t\t<div id=\"rowcontainer_udf_400\" class=\"row\">\r\n\t\t\t\t\t\t\t\t\t\r\n\t\t\t\t\t\t\t\t\t\t\t<div id=\"labelcontainer_udf_400\" class=\"medium-3 columns\">\r\n\t\t\t\t\t\t\t\t\t\t\t\t<div id=\"td_udf_400\">\r\n\t\t\t\t\t\t\t\t\t\t\t\t\t<label id=\"label_udf_400\" for=\"udf_400\" class=\"formreq\">Date de d\u00e9but de l'offre* :<\/label>\r\n\t\t\t\t\t\t\t\t\t\t\t\t\t\r\n\t\t\t\t\t\t\t\t\t\t\t\t<\/div>\r\n\t\t\t\t\t\t\t\t\t\t\t<\/div>\t\r\n\t\t\t\t\t\t\t\t\t\t\r\n\t\t\t\t\t\t\t\t\t<div id=\"fieldcontainer_udf_400\" class=\"medium-9 columns field-wrapper --date-wrap\">\r\n\t\t\t\t\t\t\t\t\t\t\t\t\t\t\r\n\t\t\t<input class=\"\" id=\"udf_400\" name=\"udf_400\" type=\"date\" size=\"8\" value=\"\"><img decoding=\"async\" id=\"datepicker_udf_400\" class=\"ui-datepicker-trigger\" align=\"absmiddle\" src=\"https:\/\/santamonica.simpleviewcrm.com\/core_crm\/resources\/images\/cms_images\/cal_button.gif\" width=\"22\" height=\"16\" alt=\"Calendrier udf_400\" border=\"0\" hspace=\"4\" onclick=\"svcrm.formBuilderScripts.fbCalendar.showDatePicker(this,document.getElementById(&#039;udf_400&#039;).value);\" title=\"\"> \r\n\t\t\t\t\t\t\t\t\t<\/div>\t\t\t\t\t\t\t\t\t\r\n\t\t\t\t\t\t\t\t<\/div>\r\n\t\t\t\t\t\t\t\r\n\t\t\t\t\t\t\t\t<div id=\"rowcontainer_udf_401\" class=\"row\">\r\n\t\t\t\t\t\t\t\t\t\r\n\t\t\t\t\t\t\t\t\t\t\t<div id=\"labelcontainer_udf_401\" class=\"medium-3 columns\">\r\n\t\t\t\t\t\t\t\t\t\t\t\t<div id=\"td_udf_401\">\r\n\t\t\t\t\t\t\t\t\t\t\t\t\t<label id=\"label_udf_401\" for=\"udf_401\" class=\"formreq\">Date de fin de l'offre* :<\/label>\r\n\t\t\t\t\t\t\t\t\t\t\t\t\t\r\n\t\t\t\t\t\t\t\t\t\t\t\t<\/div>\r\n\t\t\t\t\t\t\t\t\t\t\t<\/div>\t\r\n\t\t\t\t\t\t\t\t\t\t\r\n\t\t\t\t\t\t\t\t\t<div id=\"fieldcontainer_udf_401\" class=\"medium-9 columns field-wrapper --date-wrap\">\r\n\t\t\t\t\t\t\t\t\t\t\t\t\t\t\r\n\t\t\t<input class=\"\" id=\"udf_401\" name=\"udf_401\" type=\"date\" size=\"8\" value=\"\"><img decoding=\"async\" id=\"datepicker_udf_401\" class=\"ui-datepicker-trigger\" align=\"absmiddle\" src=\"https:\/\/santamonica.simpleviewcrm.com\/core_crm\/resources\/images\/cms_images\/cal_button.gif\" width=\"22\" height=\"16\" alt=\"Calendrier udf_401\" border=\"0\" hspace=\"4\" onclick=\"svcrm.formBuilderScripts.fbCalendar.showDatePicker(this,document.getElementById(&#039;udf_401&#039;).value);\" title=\"\"> \r\n\t\t\t\t\t\t\t\t\t<\/div>\t\t\t\t\t\t\t\t\t\r\n\t\t\t\t\t\t\t\t<\/div>\r\n\t\t\t\t\t\t\t\r\n\t\t\t\t\t\t\t\t<div id=\"rowcontainer_udf_398\" class=\"row\">\r\n\t\t\t\t\t\t\t\t\t\r\n\t\t\t\t\t\t\t\t\t\t\t<div id=\"labelcontainer_udf_398\" class=\"medium-3 columns\">\r\n\t\t\t\t\t\t\t\t\t\t\t\t<div id=\"td_udf_398\">\r\n\t\t\t\t\t\t\t\t\t\t\t\t\t<label id=\"label_udf_398\" for=\"udf_398\" class=\"formreq\">T\u00e9l\u00e9phone pour les demandes de renseignements:* :<\/label>\r\n\t\t\t\t\t\t\t\t\t\t\t\t\t\r\n\t\t\t\t\t\t\t\t\t\t\t\t<\/div>\r\n\t\t\t\t\t\t\t\t\t\t\t<\/div>\t\r\n\t\t\t\t\t\t\t\t\t\t\r\n\t\t\t\t\t\t\t\t\t<div id=\"fieldcontainer_udf_398\" class=\"medium-9 columns\">\r\n\t\t\t\t\t\t\t\t\t\t\r\n\t\t\t\r\n\t\t\t<input class=\"\" id=\"udf_398\" name=\"udf_398\" type=\"text\" size=\"25\" value=\"\" onblur=\"svcrm.formBuilderScripts.checkPhone(this); svcrm.formBuilderScripts.fmtPhone(this,'xxx-xxx-xxxx'); \">\r\n\t\t\t\r\n\t\t\t\t\t\t\t\t\t<\/div>\t\t\t\t\t\t\t\t\t\r\n\t\t\t\t\t\t\t\t<\/div>\r\n\t\t\t\t\t\t\t\r\n\t\t\t\t\t\t\t\t<div id=\"rowcontainer_udf_399\" class=\"row\">\r\n\t\t\t\t\t\t\t\t\t\r\n\t\t\t\t\t\t\t\t\t\t\t<div id=\"labelcontainer_udf_399\" class=\"medium-3 columns\">\r\n\t\t\t\t\t\t\t\t\t\t\t\t<div id=\"td_udf_399\">\r\n\t\t\t\t\t\t\t\t\t\t\t\t\t<label id=\"label_udf_399\" for=\"udf_399\" class=\"formtext\">URL du site web<\/label>\r\n\t\t\t\t\t\t\t\t\t\t\t\t\t\r\n\t\t\t\t\t\t\t\t\t\t\t\t<\/div>\r\n\t\t\t\t\t\t\t\t\t\t\t<\/div>\t\r\n\t\t\t\t\t\t\t\t\t\t\r\n\t\t\t\t\t\t\t\t\t<div id=\"fieldcontainer_udf_399\" class=\"medium-9 columns\">\r\n\t\t\t\t\t\t\t\t\t\t\r\n\t\t\t\r\n\t\t\t<input class=\"\" id=\"udf_399\" name=\"udf_399\" type=\"text\" size=\"25\" value=\"\">\r\n\t\t\t\r\n\t\t\t\t\t\t\t\t\t<\/div>\t\t\t\t\t\t\t\t\t\r\n\t\t\t\t\t\t\t\t<\/div>\r\n\t\t\t\t\t\t\t\r\n\t\t\t\t\t<h3>Informations sur le contact<\/h3>\r\n\t\t\t\t\t\r\n\t\t\t\t\t\t\t\t<div id=\"rowcontainer_contact_fullname\" class=\"row\">\r\n\t\t\t\t\t\t\t\t\t\r\n\t\t\t\t\t\t\t\t\t\t\t<div id=\"labelcontainer_contact_fullname\" class=\"medium-3 columns\">\r\n\t\t\t\t\t\t\t\t\t\t\t\t<div id=\"td_contact_fullname\">\r\n\t\t\t\t\t\t\t\t\t\t\t\t\t<label id=\"label_contact_fullname\" for=\"contact_fullname\" class=\"formreq\">Nom complet* :<\/label>\r\n\t\t\t\t\t\t\t\t\t\t\t\t\t\r\n\t\t\t\t\t\t\t\t\t\t\t\t<\/div>\r\n\t\t\t\t\t\t\t\t\t\t\t<\/div>\t\r\n\t\t\t\t\t\t\t\t\t\t\r\n\t\t\t\t\t\t\t\t\t<div id=\"fieldcontainer_contact_fullname\" class=\"medium-9 columns\">\r\n\t\t\t\t\t\t\t\t\t\t\r\n\t\t\t\r\n\t\t\t<input class=\"\" id=\"contact_fullname\" name=\"contact_fullname\" type=\"text\" size=\"25\" value=\"\">\r\n\t\t\t\r\n\t\t\t\t\t\t\t\t\t<\/div>\t\t\t\t\t\t\t\t\t\r\n\t\t\t\t\t\t\t\t<\/div>\r\n\t\t\t\t\t\t\t\r\n\t\t\t\t\t\t\t\t<div id=\"rowcontainer_contact_company\" class=\"row\">\r\n\t\t\t\t\t\t\t\t\t\r\n\t\t\t\t\t\t\t\t\t\t\t<div id=\"labelcontainer_contact_company\" class=\"medium-3 columns\">\r\n\t\t\t\t\t\t\t\t\t\t\t\t<div id=\"td_contact_company\">\r\n\t\t\t\t\t\t\t\t\t\t\t\t\t<label id=\"label_contact_company\" for=\"contact_company\" class=\"formreq\">Entreprise* :<\/label>\r\n\t\t\t\t\t\t\t\t\t\t\t\t\t\r\n\t\t\t\t\t\t\t\t\t\t\t\t<\/div>\r\n\t\t\t\t\t\t\t\t\t\t\t<\/div>\t\r\n\t\t\t\t\t\t\t\t\t\t\r\n\t\t\t\t\t\t\t\t\t<div id=\"fieldcontainer_contact_company\" class=\"medium-9 columns\">\r\n\t\t\t\t\t\t\t\t\t\t\r\n\t\t\t\r\n\t\t\t<input class=\"\" id=\"contact_company\" name=\"contact_company\" type=\"text\" size=\"25\" value=\"\">\r\n\t\t\t\r\n\t\t\t\t\t\t\t\t\t<\/div>\t\t\t\t\t\t\t\t\t\r\n\t\t\t\t\t\t\t\t<\/div>\r\n\t\t\t\t\t\t\t\r\n\t\t\t\t\t\t\t\t<div id=\"rowcontainer_contact_title\" class=\"row\">\r\n\t\t\t\t\t\t\t\t\t\r\n\t\t\t\t\t\t\t\t\t\t\t<div id=\"labelcontainer_contact_title\" class=\"medium-3 columns\">\r\n\t\t\t\t\t\t\t\t\t\t\t\t<div id=\"td_contact_title\">\r\n\t\t\t\t\t\t\t\t\t\t\t\t\t<label id=\"label_contact_title\" for=\"contact_title\" class=\"formtext\">Titre :<\/label>\r\n\t\t\t\t\t\t\t\t\t\t\t\t\t\r\n\t\t\t\t\t\t\t\t\t\t\t\t<\/div>\r\n\t\t\t\t\t\t\t\t\t\t\t<\/div>\t\r\n\t\t\t\t\t\t\t\t\t\t\r\n\t\t\t\t\t\t\t\t\t<div id=\"fieldcontainer_contact_title\" class=\"medium-9 columns\">\r\n\t\t\t\t\t\t\t\t\t\t\r\n\t\t\t\r\n\t\t\t<input class=\"\" id=\"contact_title\" name=\"contact_title\" type=\"text\" size=\"25\" value=\"\">\r\n\t\t\t\r\n\t\t\t\t\t\t\t\t\t<\/div>\t\t\t\t\t\t\t\t\t\r\n\t\t\t\t\t\t\t\t<\/div>\r\n\t\t\t\t\t\t\t\r\n\t\t\t\t\t\t\t\t<div id=\"rowcontainer_contact_email\" class=\"row\">\r\n\t\t\t\t\t\t\t\t\t\r\n\t\t\t\t\t\t\t\t\t\t\t<div id=\"labelcontainer_contact_email\" class=\"medium-3 columns\">\r\n\t\t\t\t\t\t\t\t\t\t\t\t<div id=\"td_contact_email\">\r\n\t\t\t\t\t\t\t\t\t\t\t\t\t<label id=\"label_contact_email\" for=\"contact_email\" class=\"formreq\">Courriel* :<\/label>\r\n\t\t\t\t\t\t\t\t\t\t\t\t\t\r\n\t\t\t\t\t\t\t\t\t\t\t\t<\/div>\r\n\t\t\t\t\t\t\t\t\t\t\t<\/div>\t\r\n\t\t\t\t\t\t\t\t\t\t\r\n\t\t\t\t\t\t\t\t\t<div id=\"fieldcontainer_contact_email\" class=\"medium-9 columns\">\r\n\t\t\t\t\t\t\t\t\t\t\r\n\t\t\t\r\n\t\t\t<input class=\"\" id=\"contact_email\" name=\"contact_email\" type=\"text\" size=\"25\" value=\"\" onblur=\"svcrm.formBuilderScripts.checkEmail(this); \">\r\n\t\t\t\r\n\t\t\t\t\t\t\t\t\t<\/div>\t\t\t\t\t\t\t\t\t\r\n\t\t\t\t\t\t\t\t<\/div>\r\n\t\t\t\t\t\t\t\r\n\t\t\t\t\t\t\t\t<div id=\"rowcontainer_contact_phone\" class=\"row\">\r\n\t\t\t\t\t\t\t\t\t\r\n\t\t\t\t\t\t\t\t\t\t\t<div id=\"labelcontainer_contact_phone\" class=\"medium-3 columns\">\r\n\t\t\t\t\t\t\t\t\t\t\t\t<div id=\"td_contact_phone\">\r\n\t\t\t\t\t\t\t\t\t\t\t\t\t<label id=\"label_contact_phone\" for=\"contact_phone\" class=\"formreq\">T\u00e9l\u00e9phone* :<\/label>\r\n\t\t\t\t\t\t\t\t\t\t\t\t\t\r\n\t\t\t\t\t\t\t\t\t\t\t\t<\/div>\r\n\t\t\t\t\t\t\t\t\t\t\t<\/div>\t\r\n\t\t\t\t\t\t\t\t\t\t\r\n\t\t\t\t\t\t\t\t\t<div id=\"fieldcontainer_contact_phone\" class=\"medium-9 columns\">\r\n\t\t\t\t\t\t\t\t\t\t\r\n\t\t\t\r\n\t\t\t<input class=\"\" id=\"contact_phone\" name=\"contact_phone\" type=\"text\" size=\"25\" value=\"\" onblur=\"svcrm.formBuilderScripts.checkPhone(this); svcrm.formBuilderScripts.fmtPhone(this,'xxx-xxx-xxxx'); \">\r\n\t\t\t\r\n\t\t\t\t\t\t\t\t\t<\/div>\t\t\t\t\t\t\t\t\t\r\n\t\t\t\t\t\t\t\t<\/div>\r\n\t\t\t\t\t\t\t\r\n\t\t\t\t\t<h3>Images<\/h3>\r\n\t\t\t\t\t\r\n\t\t\t\t\t\t\t\t<div id=\"rowcontainer_udf_1039\" class=\"row\">\r\n\t\t\t\t\t\t\t\t\t\r\n\t\t\t\t\t\t\t\t\t\t\t<div id=\"labelcontainer_udf_1039\" class=\"medium-3 columns\">\r\n\t\t\t\t\t\t\t\t\t\t\t\t<div id=\"td_udf_1039\">\r\n\t\t\t\t\t\t\t\t\t\t\t\t\t<label id=\"label_udf_1039\" for=\"udf_1039\" class=\"formtext\">T\u00e9l\u00e9charger une image de soutien :<\/label>\r\n\t\t\t\t\t\t\t\t\t\t\t\t\t\r\n\t\t\t\t\t\t\t\t\t\t\t\t<\/div>\r\n\t\t\t\t\t\t\t\t\t\t\t<\/div>\t\r\n\t\t\t\t\t\t\t\t\t\t\r\n\t\t\t\t\t\t\t\t\t<div id=\"fieldcontainer_udf_1039\" class=\"medium-9 columns\">\r\n\t\t\t\t\t\t\t\t\t\t\r\n\t\t\t\t<div id=\"udf_1039_container\">\r\n\t\t\t\t\t<div id=\"udf_1039_display\" style=\"display:none;\"><\/div>\r\n\t\t\t\t\t<input id=\"udf_1039\" name=\"udf_1039\" class=\"\" type=\"file\" onchange=\"document.getElementById('udf_1039_formbuilder_hidden').value = this.value; window.svcrm.formBuilderScripts.submitFileUpload('frm_254', 'udf_1039');\">\r\n\t\t\t\t\t\r\n\t\t\t\t\t<input id=\"udf_1039_formbuilder_hidden\" name=\"udf_1039_formbuilder_hidden\" type=\"hidden\" value=\"\">\r\n\t\t\t\t<\/div>\t\r\n\t\t\t<p class=\"hint\">Veuillez attendre qu'un X rouge apparaisse pour permettre au fichier image d'\u00eatre t\u00e9l\u00e9charg\u00e9. En soumettant des images, vous acceptez d'accorder des droits d'utilisation au SMTT, \u00e0 sa seule discr\u00e9tion.<\/p> \r\n\t\t\t\t\t\t\t\t\t<\/div>\t\t\t\t\t\t\t\t\t\r\n\t\t\t\t\t\t\t\t<\/div>\r\n\t\t\t\t\t\t\t\r\n\r\n\t\t\t\t<p class=\"hint formreq text-center\">* Indique un champ obligatoire.<\/p>\r\n\t\t\t\t<hr size=\"1\" color=\"cccccc\" width=\"100%\">\r\n\t\t\t\t<div class=\"row\">\r\n\t\t\t\t\t<div class=\"medium-6 small-centered captcha columns\">\r\n\t\t\t\t\t\t\r\n                    <div id=\"g-recaptcha\" class=\"g-recaptcha\"><\/div>\r\n                \r\n            <input type=\"hidden\" name=\"code\" id=\"code\" value=\"1234\">\r\n            <input type=\"hidden\" name=\"code_key\" id=\"code_key\" value=\"rO0ABXQABDEyMzQ=\">\r\n            \r\n\t\t\t\t\t<\/div>\r\n\t\t\t\t<\/div>\r\n\r\n\t\t\t\t<hr size=\"1\" color=\"cccccc\" width=\"100%\">\r\n\t\t\t\t<div class=\"row\">\r\n\t\t\t\t\t<div class=\"medium-6 small-centered columns formCntrls\">\r\n\t\t\t\t\t\t<label for=\"savefrm_button\" class=\"label_hidden\">Soumettre<\/label>\r\n\t\t\t\t\t\t<input class=\"button\" id=\"savefrm_button\" name=\"savefrm\" type=\"Submit\" value=\"Submit\">\r\n\t\t\t\t\t\t<label for=\"resetfrm_button\" class=\"label_hidden\">Remise \u00e0 z\u00e9ro<\/label>\r\n\t\t\t\t\t\t<input class=\"button\" id=\"resetfrm_button\" type=\"Reset\" value=\"Reset\">\r\n\t\t\t\t\t<\/div>\r\n\t\t\t\t<\/div>\r\n\t\t\t<input type=\"hidden\" name=\"trp-form-language\" value=\"fr\"\/><\/form>    <\/div>\n<\/section>\n\n\n\n<p class=\"has-text-align-center base-block\">Voir les offres sp\u00e9ciales de l'\u00e9cole secondaire sur les affaires <a href=\"https:\/\/www.santamonica.com\/fr\/ecole-secondaire-de-pali-special-entreprises\/\">ici.<\/a><\/p>","protected":false},"excerpt":{"rendered":"<p>See High School Business Specials here.<\/p>","protected":false},"author":1421,"featured_media":765016,"parent":0,"menu_order":0,"comment_status":"closed","ping_status":"closed","template":"template-editorial.php","meta":{"_acf_changed":false,"inline_featured_image":false,"footnotes":""},"silos":[],"class_list":["post-764949","page","type-page","status-publish","has-post-thumbnail","hentry"],"acf":[],"_links":{"self":[{"href":"https:\/\/www.santamonica.com\/fr\/wp-json\/wp\/v2\/pages\/764949","targetHints":{"allow":["GET"]}}],"collection":[{"href":"https:\/\/www.santamonica.com\/fr\/wp-json\/wp\/v2\/pages"}],"about":[{"href":"https:\/\/www.santamonica.com\/fr\/wp-json\/wp\/v2\/types\/page"}],"author":[{"embeddable":true,"href":"https:\/\/www.santamonica.com\/fr\/wp-json\/wp\/v2\/users\/1421"}],"replies":[{"embeddable":true,"href":"https:\/\/www.santamonica.com\/fr\/wp-json\/wp\/v2\/comments?post=764949"}],"version-history":[{"count":14,"href":"https:\/\/www.santamonica.com\/fr\/wp-json\/wp\/v2\/pages\/764949\/revisions"}],"predecessor-version":[{"id":765733,"href":"https:\/\/www.santamonica.com\/fr\/wp-json\/wp\/v2\/pages\/764949\/revisions\/765733"}],"wp:featuredmedia":[{"embeddable":true,"href":"https:\/\/www.santamonica.com\/fr\/wp-json\/wp\/v2\/media\/765016"}],"wp:attachment":[{"href":"https:\/\/www.santamonica.com\/fr\/wp-json\/wp\/v2\/media?parent=764949"}],"wp:term":[{"taxonomy":"silos","embeddable":true,"href":"https:\/\/www.santamonica.com\/fr\/wp-json\/wp\/v2\/silos?post=764949"}],"curies":[{"name":"wp","href":"https:\/\/api.w.org\/{rel}","templated":true}]}}