{"id":410427,"date":"2024-04-17T12:50:52","date_gmt":"2024-04-17T19:50:52","guid":{"rendered":"https:\/\/www.santamonica.com\/?page_id=410427"},"modified":"2025-06-20T09:17:33","modified_gmt":"2025-06-20T16:17:33","slug":"2025-tourism-summit-follow-up","status":"publish","type":"page","link":"https:\/\/www.santamonica.com\/fr\/2024-tourism-summit-follow-up\/","title":{"rendered":"Suivi du Sommet du tourisme 2025"},"content":{"rendered":"<div class=\"wp-block-columns is-layout-flex wp-container-core-columns-is-layout-28f84493 wp-block-columns-is-layout-flex base-block\">\n<div class=\"wp-block-column is-layout-flow wp-block-column-is-layout-flow base-block\">\n<h5 class=\"wp-block-heading has-text-align-center base-block\" style=\"text-transform:none\"><a href=\"https:\/\/www.santamonica.com\/wp-content\/uploads\/2025\/06\/Tourism-Summit-PPT-2025.pdf\" target=\"_blank\" rel=\"noreferrer noopener\">Pr\u00e9sentation du Sommet du tourisme<\/a><\/h5>\n\n\n\n<p class=\"base-block\"><\/p>\n<\/div>\n\n\n\n<div class=\"wp-block-column is-layout-flow wp-block-column-is-layout-flow base-block\">\n<h5 class=\"wp-block-heading has-text-align-center base-block\" style=\"text-transform:none\"><a href=\"https:\/\/www.santamonica.com\/wp-content\/uploads\/2025\/06\/SMTT_FYR_2024-5.pdf\" target=\"_blank\" rel=\"noreferrer noopener\">Rapport sur l'exercice 2024\/2025<\/a><\/h5>\n<\/div>\n\n\n\n<div class=\"wp-block-column is-layout-flow wp-block-column-is-layout-flow base-block\">\n<h5 class=\"wp-block-heading has-text-align-center base-block\" style=\"text-transform:none\"><a href=\"https:\/\/www.santamonica.com\/wp-content\/uploads\/2025\/06\/2-Page-Economic-Impact-20241-1.pdf\" target=\"_blank\" rel=\"noreferrer noopener\">Rapport sur l'impact \u00e9conomique 2024<\/a><\/h5>\n\n\n\n<p class=\"base-block\">Un rapport complet est disponible sur demande au prix de $600 par personne. Veuillez envoyer un courriel \u00e0&nbsp;<a href=\"mailto:eedwards@santamonica.com\">eedwards@santamonica.com<\/a>.<\/p>\n<\/div>\n<\/div>\n\n\n\n<section class=\"two-images container-max sm-block  sm-block\">\n    <div class=\"two-images__container\">\n\n        <div class=\"two-images__column\">\n            <div class=\"two-images__content\">\n                <div class=\"two-images__content-header-container\">\n                                            <h1 class=\"two-images__content-header\">Prix Thelma Parks de l'esprit touristique<\/h1>                                    <\/div>\n                                    <div class=\"two-images__content-body wysiwyg\">\n                        <p><strong>F\u00e9licitations, Chef Vittorio Lucariello ! <\/strong><\/p>\n<p>Le chef Vittorio Lucariello dirige avec expertise les op\u00e9rations culinaires de Shutters on the Beach et sert chaleureusement les convives de Coast, The Living Room et 1 Pico, tout en consacrant son temps libre \u00e0 soutenir avec passion la communaut\u00e9 par le biais du b\u00e9n\u00e9volat et du mentorat.<\/p>\n<p><a href=\"https:\/\/www.santamonica.com\/fr\/prix-de-lesprit\/\" target=\"_blank\" rel=\"noopener\">Voir les anciens laur\u00e9ats.\u00a0<\/a><\/p>\n                    <\/div>\n                                            <\/div>\n        <\/div>\n\n        <div class=\"two-images__column\">\n                            <div class=\"two-images__image-container\">\n                    <img decoding=\"async\" width=\"424\" height=\"504\" src=\"https:\/\/www.santamonica.com\/wp-content\/uploads\/2025\/06\/Adobe-Express-file-2.jpg\" class=\"two-images__image\" alt=\"\" loading=\"lazy\" srcset=\"https:\/\/www.santamonica.com\/wp-content\/uploads\/2025\/06\/Adobe-Express-file-2.jpg 424w, https:\/\/www.santamonica.com\/wp-content\/uploads\/2025\/06\/Adobe-Express-file-2-252x300.jpg 252w, https:\/\/www.santamonica.com\/wp-content\/uploads\/2025\/06\/Adobe-Express-file-2-126x150.jpg 126w\" sizes=\"auto, (max-width: 424px) 100vw, 424px\" title=\"\">                    \n\n                <\/div>\n                    <\/div>\n\n        <div class=\"two-images__column\">\n                            <div class=\"two-images__image-container\">\n                    <img decoding=\"async\" width=\"600\" height=\"564\" src=\"https:\/\/www.santamonica.com\/wp-content\/uploads\/2025\/06\/Adobe-Express-file-2-copy-2.jpg\" class=\"two-images__image\" alt=\"\" loading=\"lazy\" srcset=\"https:\/\/www.santamonica.com\/wp-content\/uploads\/2025\/06\/Adobe-Express-file-2-copy-2.jpg 600w, https:\/\/www.santamonica.com\/wp-content\/uploads\/2025\/06\/Adobe-Express-file-2-copy-2-300x282.jpg 300w, https:\/\/www.santamonica.com\/wp-content\/uploads\/2025\/06\/Adobe-Express-file-2-copy-2-160x150.jpg 160w\" sizes=\"auto, (max-width: 600px) 100vw, 600px\" title=\"\">                    \n\n                <\/div>\n                    <\/div>\n\n    <\/div>\n<\/section>\n\n\n<section class=\"image-slider --theme1 sm-block\" >\n    <div class=\"image-slider__wrapper\">\n                    <div class=\"image-slider__copy wysiwyg\"><h3><strong>Prix Jeff King du champion du tourisme<\/strong><\/h3>\n<p><strong>F\u00e9licitations au service de police de Santa Monica, au service d'incendie de Santa Monica et au bureau de gestion des urgences de Santa Monica !<\/strong><\/p>\n<p>Ces h\u00e9ros ont \u00e9t\u00e9 honor\u00e9s pour leur soutien in\u00e9branlable et leur travail acharn\u00e9 afin d'assurer la s\u00e9curit\u00e9 de notre communaut\u00e9 pendant les incendies de Los Angeles, tout en respectant les normes les plus \u00e9lev\u00e9es pour les intervenants d'urgence partout dans le monde.<\/p>\n<\/div>\n                <div class=\"image-slider__slider right\">\n                            <!-- Slider main container -->\n                <div class=\"swiper\">\n                    <!-- Additional required wrapper -->\n                    <div class=\"swiper-wrapper\">\n                        <!-- Slides -->\n                                                    <div class=\"swiper-slide\">\n                                <img decoding=\"async\" width=\"1024\" height=\"580\" src=\"https:\/\/www.santamonica.com\/wp-content\/uploads\/2025\/06\/JeffKing_2025.png\" class=\"swiper-slide__image\" alt=\"\" loading=\"lazy\" srcset=\"https:\/\/www.santamonica.com\/wp-content\/uploads\/2025\/06\/JeffKing_2025.png 1024w, https:\/\/www.santamonica.com\/wp-content\/uploads\/2025\/06\/JeffKing_2025-300x170.png 300w, https:\/\/www.santamonica.com\/wp-content\/uploads\/2025\/06\/JeffKing_2025-265x150.png 265w, https:\/\/www.santamonica.com\/wp-content\/uploads\/2025\/06\/JeffKing_2025-768x435.png 768w\" sizes=\"auto, (max-width: 1024px) 100vw, 1024px\" title=\"\">                                \n\n                            <\/div>\n                                            <\/div>\n                                    <\/div>\n                    <\/div>\n    <\/div>\n<\/section>\n\n\n<section class=\"image-slider --theme1 sm-block\" >\n    <div class=\"image-slider__wrapper\">\n                    <div class=\"image-slider__copy wysiwyg\"><h2>Merci \u00e0 tous !<\/h2>\n<p>Merci de vous joindre \u00e0 nous pour l'\u00e9v\u00e9nement de cette ann\u00e9e !<\/p>\n<p>Nous tenons \u00e0 remercier nos pr\u00e9sentateurs et vendeurs, ainsi que les h\u00f4tes de notre magnifique site, toute l'\u00e9quipe de<span class=\"apple-converted-space\"> Club Jonathan<\/span>.<\/p>\n<\/div>\n                <div class=\"image-slider__slider left\">\n                            <!-- Slider main container -->\n                <div class=\"swiper\">\n                    <!-- Additional required wrapper -->\n                    <div class=\"swiper-wrapper\">\n                        <!-- Slides -->\n                                                    <div class=\"swiper-slide\">\n                                <img decoding=\"async\" width=\"940\" height=\"700\" src=\"https:\/\/www.santamonica.com\/wp-content\/uploads\/2025\/04\/Jonathan-Club_940x700.jpg\" class=\"swiper-slide__image\" alt=\"\" loading=\"lazy\" srcset=\"https:\/\/www.santamonica.com\/wp-content\/uploads\/2025\/04\/Jonathan-Club_940x700.jpg 940w, https:\/\/www.santamonica.com\/wp-content\/uploads\/2025\/04\/Jonathan-Club_940x700-300x223.jpg 300w, https:\/\/www.santamonica.com\/wp-content\/uploads\/2025\/04\/Jonathan-Club_940x700-201x150.jpg 201w, https:\/\/www.santamonica.com\/wp-content\/uploads\/2025\/04\/Jonathan-Club_940x700-768x572.jpg 768w\" sizes=\"auto, (max-width: 940px) 100vw, 940px\" title=\"\">                                \n\n                            <\/div>\n                                            <\/div>\n                                    <\/div>\n                    <\/div>\n    <\/div>\n<\/section>\n\n\n<section class=\"image-slider --theme1 sm-block\" >\n    <div class=\"image-slider__wrapper\">\n                    <div class=\"image-slider__copy wysiwyg\"><h2>Fa\u00e7ons de s'associer au SMTT<\/h2>\n<p>Apprenez \u00e0\u00a0<a href=\"https:\/\/www.santamonica.com\/fr\/partenaires\/promouvoir-votre-entreprise\/\">Partenaire du SMTT<\/a>\u00a0et de promouvoir votre entreprise au sein de la communaut\u00e9 locale et au-del\u00e0.<\/p>\n<\/div>\n                <div class=\"image-slider__slider right\">\n                            <!-- Slider main container -->\n                <div class=\"swiper\">\n                    <!-- Additional required wrapper -->\n                    <div class=\"swiper-wrapper\">\n                        <!-- Slides -->\n                                                    <div class=\"swiper-slide\">\n                                <img decoding=\"async\" width=\"1024\" height=\"576\" src=\"https:\/\/www.santamonica.com\/wp-content\/uploads\/2025\/06\/17-1024x576.jpg\" class=\"swiper-slide__image\" alt=\"\" loading=\"lazy\" srcset=\"https:\/\/www.santamonica.com\/wp-content\/uploads\/2025\/06\/17-1024x576.jpg 1024w, https:\/\/www.santamonica.com\/wp-content\/uploads\/2025\/06\/17-300x169.jpg 300w, https:\/\/www.santamonica.com\/wp-content\/uploads\/2025\/06\/17-267x150.jpg 267w, https:\/\/www.santamonica.com\/wp-content\/uploads\/2025\/06\/17-768x432.jpg 768w, https:\/\/www.santamonica.com\/wp-content\/uploads\/2025\/06\/17-1536x864.jpg 1536w, https:\/\/www.santamonica.com\/wp-content\/uploads\/2025\/06\/17-2048x1152.jpg 2048w\" sizes=\"auto, (max-width: 1024px) 100vw, 1024px\" title=\"\">                                \n\n                            <\/div>\n                                            <\/div>\n                                    <\/div>\n                    <\/div>\n    <\/div>\n<\/section>\n\n\n<section class=\"sun-title sm-block --theme6 --2col sm-block\">\n            <h5 class=\"sun-title__headline\">Visiter les mat\u00e9riaux de la Californie<\/h5>    \n            <div class=\"sun-title__body  --2col wysiwyg\">\n                    <div class=\"column-1\">\n                <h5><a style=\"text-transform: capitalize;\" href=\"https:\/\/www.nxtbook.com\/nxtbooks\/time\/california_vg2025\/index.php#\/p\/Intro\" target=\"_blank\" rel=\"noopener\">Guide du visiteur en Californie<\/a><\/h5>\n                            <\/div>\n            <div class=\"column-2\">\n                <h5><a style=\"text-transform: capitalize;\" href=\"https:\/\/reader.emagazines.com\/issue\/visit-california\/california-road-trips-2025?ipt=a3a3d22c-0b81-4fa2-ae9c-311bc3b7f7b3#p1\" target=\"_blank\" rel=\"noopener\">Guide des excursions en Californie<\/a><\/h5>\n                            <\/div>\n            <\/div>\n    <\/section>\n\n\n\n<p class=\"base-block\"><\/p>\n\n\n<section class=\"blog-feed --theme8 sm-block\">\n    <div class=\"blog-feed__content\">\n        <div class=\"blog-feed__intro\">\n                            <div class=\"blog-feed__eyebrow eyebrow\">Blogs<\/div>                                        <h2 class=\"blog-feed__headline\">D\u00e9couvrir Santa Monica<\/h2>                                        <div class=\"blog-feed__body\"><p>Explorez les itin\u00e9raires, les conseils locaux, les points chauds et les aventures organis\u00e9es pour \u00eatre s\u00fbr de profiter au maximum de votre exp\u00e9rience \u00e0 Santa Monica.<\/p>\n<\/div>\n                                        <a class=\"blog-feed__cta\" href=\"https:\/\/www.santamonica.com\/fr\/articles-de-blog\/\">Voir tous les blogs<\/a>\n                    <\/div>\n\n        <ul class=\"blog-feed__list\">\n                                                <li class=\"blog-feed__item\">\n                        <a href=\"https:\/\/www.santamonica.com\/fr\/mother-road-modern-meetings-route-66-meeting-spaces-set-to-shine-for-centennial-in-santa-monica\/\" class=\"blog-feed__item-link\">\n                            <div class=\"blog-feed__image-ratio\">\n                                <img decoding=\"async\" class=\"blog-feed__image\" src=\"https:\/\/www.santamonica.com\/wp-content\/uploads\/2025\/12\/untitledJuly20162C2020180010-182-2-400x400.jpg\" alt=\"ROUTE MATERNELLE, R\u00c9UNIONS MODERNES : LES ESPACES DE R\u00c9UNION DE LA ROUTE 66 S&#039;APPR\u00caTENT \u00c0 BRILLER POUR LE CENTENAIRE \u00c0 SANTA MONICA\" title=\"\">\n                            <\/div>\n                            <div class=\"blog-feed__card-title\">ROUTE MATERNELLE, R\u00c9UNIONS MODERNES : LES ESPACES DE R\u00c9UNION DE LA ROUTE 66 S'APPR\u00caTENT \u00c0 BRILLER POUR LE CENTENAIRE \u00c0 SANTA MONICA<\/div>\n                        <\/a>\n                    <\/li>\n                                                                <li class=\"blog-feed__item\">\n                        <a href=\"https:\/\/www.santamonica.com\/fr\/media\/news-release\/santa-monica-announces-song-contest-in-celebration-of-route-66-centennial\/\" class=\"blog-feed__item-link\">\n                            <div class=\"blog-feed__image-ratio\">\n                                <img decoding=\"async\" class=\"blog-feed__image\" src=\"https:\/\/www.santamonica.com\/wp-content\/uploads\/2025\/11\/DSC01084-400x400.jpg\" alt=\"SANTA MONICA ANNONCE UN CONCOURS DE CHANSONS POUR C\u00c9L\u00c9BRER LE CENTENAIRE DE LA ROUTE 66\" title=\"\">\n                            <\/div>\n                            <div class=\"blog-feed__card-title\">SANTA MONICA ANNONCE UN CONCOURS DE CHANSONS POUR C\u00c9L\u00c9BRER LE CENTENAIRE DE LA ROUTE 66<\/div>\n                        <\/a>\n                    <\/li>\n                                                                <li class=\"blog-feed__item\">\n                        <a href=\"https:\/\/www.santamonica.com\/fr\/media\/news-release\/where-to-watch-the-world-series-in-santa-monica\/\" class=\"blog-feed__item-link\">\n                            <div class=\"blog-feed__image-ratio\">\n                                <img decoding=\"async\" class=\"blog-feed__image\" src=\"https:\/\/www.santamonica.com\/wp-content\/uploads\/2025\/10\/dodgers-logo-1-400x400.jpg\" alt=\"O\u00d9 REGARDER LES CHAMPIONNATS DU MONDE \u00c0 SANTA MONICA\" title=\"\">\n                            <\/div>\n                            <div class=\"blog-feed__card-title\">O\u00d9 REGARDER LES CHAMPIONNATS DU MONDE \u00c0 SANTA MONICA<\/div>\n                        <\/a>\n                    <\/li>\n                                    <\/ul>\n    <\/div>\n<\/section>","protected":false},"excerpt":{"rendered":"<p>Tourism Summit Presentation 2024\/2025 Fiscal Year Report 2024 Economic Impact Report A full report is available for a cost of $600 each upon request. Please email&nbsp;eedwards@santamonica.com.<\/p>","protected":false},"author":1421,"featured_media":767847,"parent":0,"menu_order":0,"comment_status":"closed","ping_status":"closed","template":"template-editorial.php","meta":{"_acf_changed":false,"inline_featured_image":false,"footnotes":""},"silos":[],"class_list":["post-410427","page","type-page","status-publish","has-post-thumbnail","hentry"],"acf":[],"_links":{"self":[{"href":"https:\/\/www.santamonica.com\/fr\/wp-json\/wp\/v2\/pages\/410427","targetHints":{"allow":["GET"]}}],"collection":[{"href":"https:\/\/www.santamonica.com\/fr\/wp-json\/wp\/v2\/pages"}],"about":[{"href":"https:\/\/www.santamonica.com\/fr\/wp-json\/wp\/v2\/types\/page"}],"author":[{"embeddable":true,"href":"https:\/\/www.santamonica.com\/fr\/wp-json\/wp\/v2\/users\/1421"}],"replies":[{"embeddable":true,"href":"https:\/\/www.santamonica.com\/fr\/wp-json\/wp\/v2\/comments?post=410427"}],"version-history":[{"count":142,"href":"https:\/\/www.santamonica.com\/fr\/wp-json\/wp\/v2\/pages\/410427\/revisions"}],"predecessor-version":[{"id":767853,"href":"https:\/\/www.santamonica.com\/fr\/wp-json\/wp\/v2\/pages\/410427\/revisions\/767853"}],"wp:featuredmedia":[{"embeddable":true,"href":"https:\/\/www.santamonica.com\/fr\/wp-json\/wp\/v2\/media\/767847"}],"wp:attachment":[{"href":"https:\/\/www.santamonica.com\/fr\/wp-json\/wp\/v2\/media?parent=410427"}],"wp:term":[{"taxonomy":"silos","embeddable":true,"href":"https:\/\/www.santamonica.com\/fr\/wp-json\/wp\/v2\/silos?post=410427"}],"curies":[{"name":"wp","href":"https:\/\/api.w.org\/{rel}","templated":true}]}}