{"id":405546,"date":"2024-03-08T10:46:26","date_gmt":"2024-03-08T18:46:26","guid":{"rendered":"https:\/\/www.santamonica.com\/?page_id=405546"},"modified":"2024-05-06T12:06:44","modified_gmt":"2024-05-06T19:06:44","slug":"fete-sur-la-biere","status":"publish","type":"page","link":"https:\/\/www.santamonica.com\/fr\/partyonthepier\/","title":{"rendered":"IPW Party on the Pier 2024"},"content":{"rendered":"<h3 class=\"wp-block-heading has-text-align-center base-block\"><em>Les r\u00e9servations sont maintenant termin\u00e9es.<\/em><\/h3>\n\n\n<section class=\"sun-title sm-block --theme6 --2col sm-block\">\n            <h2 class=\"sun-title__headline\">Informations sur l'\u00e9v\u00e9nement<\/h2>    \n            <div class=\"sun-title__body  --2col wysiwyg\">\n                    <div class=\"column-1\">\n                <p><strong>Dates<br \/>\n<\/strong>Dimanche 5 mai 2024<br \/>\nLundi 6 mai 2024<strong><br \/>\n<\/strong><\/p>\n<p><strong>L'heure<br \/>\n<\/strong>18 h 00 - 21 h 30.<\/p>\n<p><strong>Localisation<br \/>\n<\/strong>Jet\u00e9e de Santa Monica<br \/>\n200 Jet\u00e9e de Santa Monica<br \/>\nSanta Monica, CA 90401<\/p>\n                            <\/div>\n            <div class=\"column-2\">\n                <p><strong>D\u00e9tails de l'\u00e9v\u00e9nement<br \/>\n<\/strong>Veuillez vous munir de votre badge IPW, porter des v\u00eatements et des chaussures confortables tels que des tennis ou des baskets (les talons ne sont pas recommand\u00e9s pour notre jet\u00e9e en bois) et pr\u00e9voir une veste car la brise marine fra\u00eeche se rafra\u00eechit en soir\u00e9e. Une fois arriv\u00e9 \u00e0 la jet\u00e9e de Santa Monica, suivez les indications pour vous enregistrer et recevoir des bons \u00e0 \u00e9changer contre des exp\u00e9riences sur la jet\u00e9e ! Chaque soir, les m\u00eames exp\u00e9riences seront propos\u00e9es, alors ne vous inqui\u00e9tez pas si vous ne pouvez venir qu'un soir, vous ne manquerez rien !<\/p>\n<p><strong>Tombola RSVP<br \/>\n<\/strong>Si vous avez tous les deux r\u00e9pondu \u00e0 l'appel <strong>ET<\/strong> En vous enregistrant \u00e0 la Party on the Pier, vous serez automatiquement inscrit pour avoir une chance de gagner une exp\u00e9rience dans quatre h\u00f4tels uniques pour un total de 7 nuits \u00e0 Santa Monica, $1 500 en cr\u00e9dit de billet d'avion, des exp\u00e9riences culinaires, des le\u00e7ons de surf et bien plus encore !<\/p>\n<p><em>Le gagnant sera tir\u00e9 au sort parmi les participants apr\u00e8s l'\u00e9v\u00e9nement et notifi\u00e9 par courriel. Les certificats d'h\u00f4tel sont valables un an et peuvent \u00eatre utilis\u00e9s lors de plusieurs visites.<\/em><\/p>\n                            <\/div>\n            <\/div>\n    <\/section>\n\n\n<section class=\"sun-title sm-block --theme1 sm-block\">\n            <h2 class=\"sun-title__headline\">Transposition<\/h2>    \n            <div class=\"sun-title__body  wysiwyg\">\n                    <p>Santa Monica Travel &amp; Tourism mettra \u00e0 disposition des bus aller-retour gratuits entre le centre-ville de Los Angeles et la jet\u00e9e de Santa Monica \u00e0 partir de 17 h 20 et retournera au centre-ville de Los Angeles toutes les 30 minutes environ. Les horaires des navettes sont indiqu\u00e9s ci-dessous.<\/p>\n<p><a href=\"https:\/\/www.metro.net\/riding\/guide\/how-ride-rail\/\" target=\"_blank\" rel=\"noopener\">Le m\u00e9tro de Los Angeles<\/a> est \u00e9galement une option rapide et facile ! La station de m\u00e9tro la plus proche du Los Angeles Convention Center se trouve \u00e0 un p\u00e2t\u00e9 de maisons de California Plaza (1250 Flower Street) - \u00e0 moins de 5 minutes de marche - et les cartes TAP peuvent \u00eatre achet\u00e9es aux distributeurs automatiques TAP de la station ou sur le site Internet de l'h\u00f4tel. <a href=\"https:\/\/www.taptogo.net\/articles\/en_US\/Website_content\/TAP-App\" target=\"_blank\" rel=\"noopener\">Application TAP<\/a> (le prix d'un aller-retour est de $3,50).<\/p>\n<p>Prenez le m\u00e9tro jusqu'\u00e0 l'arr\u00eat Downtown Santa Monica et la jet\u00e9e se trouve \u00e0 5 minutes de marche, avec une vue accueillante sur l'embl\u00e9matique panneau de la jet\u00e9e de Santa Monica.<\/p>\n<p><em>Veuillez envoyer un courriel \u00e0 clientservices@santamonica.com si vous avez besoin d'am\u00e9nagements pour les personnes handicap\u00e9es.<\/em><\/p>\n                        <\/div>\n    <\/section>\n\n\n\n<h4 class=\"wp-block-heading has-text-align-center base-block\">HORAIRE DE LA NAVETTE<\/h4>\n\n\n\n<div class=\"wp-block-columns is-layout-flex wp-container-core-columns-is-layout-28f84493 wp-block-columns-is-layout-flex base-block\">\n<div class=\"wp-block-column is-layout-flow wp-block-column-is-layout-flow base-block\">\n<p class=\"base-block\"><strong><u>LUNDI<\/u><span style=\"text-decoration: underline;\">, 6 MAI<\/span><\/strong><\/p>\n\n\n\n<p class=\"base-block\"><strong>Los Angeles Convention Center - Gilbert Lindsay Plaza<\/strong> (\u00e0 utiliser \u00e9galement pour AC Hotel et Moxy Downtown Los Angeles) :&nbsp;<strong>17 h 20, 17 h 45, 18 h 00.<\/strong><\/p>\n\n\n\n<p class=\"base-block\"><strong>JW Marriott LA LIVE<\/strong> (\u00e0 utiliser \u00e9galement pour The Ritz-Carlton, Residence Inn by Marriott, Courtyard by Marriott, Hotel Indigo, Hotel Figueroa, E-Central Downtown Los Angeles) :&nbsp;<strong>17 h 30, 17 h 45, 18 h 00, 19 h 00, 19 h 20, 19 h 25, 19 h 45, 20 h 10.<\/strong><\/p>\n\n\n\n<p class=\"base-block\"><strong>InterContinental Los Angeles Downtown<\/strong> (\u00e0 utiliser \u00e9galement pour le Sheraton Grand Los Angeles) :&nbsp;<strong>17 h 45, 17 h 50, 17 h 55, 18 h 55, 19 h 15, 19 h 20, 19 h 40, 20 h 05.<\/strong><\/p>\n\n\n\n<p class=\"base-block\"><strong>Hilton Checkers Los Angeles<\/strong> (\u00e0 utiliser \u00e9galement pour The Biltmore Los Angeles, Hotel Per La, The Delphi Downtown LA, The Westin Bonaventure, Level Los Angeles Downtown South Olive) :&nbsp;<strong>17 h 40, 17 h 50, 19 h 10, 19 h 20, 19 h 25, 19 h 35, 20 h.<\/strong><\/p>\n\n\n\n<p class=\"base-block\"><strong>Omni Los Angeles<\/strong> (\u00e0 utiliser \u00e9galement pour le citizenM Los Angeles Downtown, Conrad Los Angeles) :&nbsp;<strong>17 h 40, 17 h 45, 19 h 05, 19 h 15, 19 h 20, 19 h 30, 19 h 55.<\/strong><\/p>\n\n\n\n<p class=\"base-block\"><strong>Les allers-retours depuis l'embarcad\u00e8re se feront toutes les 30 minutes environ et reviendront au Moxy Downtown Los Angeles, au JW Marriott LA LIVE, \u00e0 l'InterContinental Los Angeles Downtown, au Hilton Checkers et \u00e0 l'Omni Los Angeles.&nbsp;<\/strong><\/p>\n<\/div>\n<\/div>\n\n\n<section class=\"image-slider --theme1 sm-block\" >\n    <div class=\"image-slider__wrapper\">\n                    <div class=\"image-slider__copy wysiwyg\"><h5><strong>Ne manquez pas de vous amuser \u00e0 Santa Monica ! RSVP ci-dessous \u00e0 :<\/strong><\/h5>\n<ul>\n<li>D\u00e9couvrez la Pacific Wheel de Pacific Park, la seule grande roue solaire au monde.<\/li>\n<li>Jouez \u00e0 des jeux d'arcade \u00e0 Playland Arcade et \u00e0 des jeux de carnaval \u00e0 Pacific Park.<\/li>\n<li>Regardez les \u00e9l\u00e8ves des arts a\u00e9riens voler dans les airs avec l'\u00e9cole de trap\u00e8ze de Santa Monica (s\u00e9ances \u00e0 19 h et \u00e0 20 h 45 tous les soirs).<\/li>\n<li>Prenez une photo devant le panneau embl\u00e9matique de la fin de la Route 66.<\/li>\n<li>Profitez d'offres sp\u00e9ciales et de r\u00e9ductions dans divers commerces de la jet\u00e9e, telles que 50% de r\u00e9duction sur tout ce qui se trouve au Pier Visitor Center et la location gratuite de v\u00e9los chez Blazing Saddles.<\/li>\n<\/ul>\n<p><!-- wp:paragraph {\"align\":\"left\"} --><\/p>\n<p><!-- \/wp:list-item --><\/p>\n<p><!-- \/wp:list --><\/p>\n<\/div>\n                <div class=\"image-slider__slider right\">\n                            <!-- Slider main container -->\n                <div class=\"swiper js-image-slider\">\n                    <!-- Additional required wrapper -->\n                    <div class=\"swiper-wrapper\">\n                        <!-- Slides -->\n                                                    <div class=\"swiper-slide\">\n                                <img decoding=\"async\" width=\"1024\" height=\"683\" src=\"https:\/\/www.santamonica.com\/wp-content\/uploads\/2024\/04\/O5C5508-1024x683.jpg\" class=\"swiper-slide__image\" alt=\"\" loading=\"lazy\" srcset=\"https:\/\/www.santamonica.com\/wp-content\/uploads\/2024\/04\/O5C5508-1024x683.jpg 1024w, https:\/\/www.santamonica.com\/wp-content\/uploads\/2024\/04\/O5C5508-300x200.jpg 300w, https:\/\/www.santamonica.com\/wp-content\/uploads\/2024\/04\/O5C5508-225x150.jpg 225w, https:\/\/www.santamonica.com\/wp-content\/uploads\/2024\/04\/O5C5508-768x512.jpg 768w, https:\/\/www.santamonica.com\/wp-content\/uploads\/2024\/04\/O5C5508-1536x1024.jpg 1536w, https:\/\/www.santamonica.com\/wp-content\/uploads\/2024\/04\/O5C5508-2048x1365.jpg 2048w\" sizes=\"auto, (max-width: 1024px) 100vw, 1024px\" title=\"\">                                \n\n                            <\/div>\n                                                    <div class=\"swiper-slide\">\n                                <img decoding=\"async\" width=\"1024\" height=\"683\" src=\"https:\/\/www.santamonica.com\/wp-content\/uploads\/2024\/04\/untitledJuly-16-20180011-419-1024x683.jpg\" class=\"swiper-slide__image\" alt=\"\" loading=\"lazy\" srcset=\"https:\/\/www.santamonica.com\/wp-content\/uploads\/2024\/04\/untitledJuly-16-20180011-419-1024x683.jpg 1024w, https:\/\/www.santamonica.com\/wp-content\/uploads\/2024\/04\/untitledJuly-16-20180011-419-300x200.jpg 300w, https:\/\/www.santamonica.com\/wp-content\/uploads\/2024\/04\/untitledJuly-16-20180011-419-225x150.jpg 225w, https:\/\/www.santamonica.com\/wp-content\/uploads\/2024\/04\/untitledJuly-16-20180011-419-768x512.jpg 768w, https:\/\/www.santamonica.com\/wp-content\/uploads\/2024\/04\/untitledJuly-16-20180011-419-1536x1024.jpg 1536w, https:\/\/www.santamonica.com\/wp-content\/uploads\/2024\/04\/untitledJuly-16-20180011-419-2048x1365.jpg 2048w\" sizes=\"auto, (max-width: 1024px) 100vw, 1024px\" title=\"\">                                \n\n                            <\/div>\n                                                    <div class=\"swiper-slide\">\n                                <img decoding=\"async\" width=\"1024\" height=\"683\" src=\"https:\/\/www.santamonica.com\/wp-content\/uploads\/2024\/04\/untitledJuly-16-20180010-854-1-1024x683.jpg\" class=\"swiper-slide__image\" alt=\"\" loading=\"lazy\" srcset=\"https:\/\/www.santamonica.com\/wp-content\/uploads\/2024\/04\/untitledJuly-16-20180010-854-1-1024x683.jpg 1024w, https:\/\/www.santamonica.com\/wp-content\/uploads\/2024\/04\/untitledJuly-16-20180010-854-1-300x200.jpg 300w, https:\/\/www.santamonica.com\/wp-content\/uploads\/2024\/04\/untitledJuly-16-20180010-854-1-225x150.jpg 225w, https:\/\/www.santamonica.com\/wp-content\/uploads\/2024\/04\/untitledJuly-16-20180010-854-1-768x512.jpg 768w, https:\/\/www.santamonica.com\/wp-content\/uploads\/2024\/04\/untitledJuly-16-20180010-854-1-1536x1024.jpg 1536w, https:\/\/www.santamonica.com\/wp-content\/uploads\/2024\/04\/untitledJuly-16-20180010-854-1-2048x1365.jpg 2048w\" sizes=\"auto, (max-width: 1024px) 100vw, 1024px\" title=\"\">                                \n\n                            <\/div>\n                                                    <div class=\"swiper-slide\">\n                                <img decoding=\"async\" width=\"1024\" height=\"683\" src=\"https:\/\/www.santamonica.com\/wp-content\/uploads\/2024\/04\/untitledJuly-17-20180010-828-1024x683.jpg\" class=\"swiper-slide__image\" alt=\"\" loading=\"lazy\" srcset=\"https:\/\/www.santamonica.com\/wp-content\/uploads\/2024\/04\/untitledJuly-17-20180010-828-1024x683.jpg 1024w, https:\/\/www.santamonica.com\/wp-content\/uploads\/2024\/04\/untitledJuly-17-20180010-828-300x200.jpg 300w, https:\/\/www.santamonica.com\/wp-content\/uploads\/2024\/04\/untitledJuly-17-20180010-828-225x150.jpg 225w, https:\/\/www.santamonica.com\/wp-content\/uploads\/2024\/04\/untitledJuly-17-20180010-828-768x512.jpg 768w, https:\/\/www.santamonica.com\/wp-content\/uploads\/2024\/04\/untitledJuly-17-20180010-828-1536x1024.jpg 1536w, https:\/\/www.santamonica.com\/wp-content\/uploads\/2024\/04\/untitledJuly-17-20180010-828-2048x1365.jpg 2048w\" sizes=\"auto, (max-width: 1024px) 100vw, 1024px\" title=\"\">                                \n\n                            <\/div>\n                                                    <div class=\"swiper-slide\">\n                                <img decoding=\"async\" width=\"1024\" height=\"683\" src=\"https:\/\/www.santamonica.com\/wp-content\/uploads\/2024\/04\/untitledJuly-16-20180011-765-1024x683.jpg\" class=\"swiper-slide__image\" alt=\"\" loading=\"lazy\" srcset=\"https:\/\/www.santamonica.com\/wp-content\/uploads\/2024\/04\/untitledJuly-16-20180011-765-1024x683.jpg 1024w, https:\/\/www.santamonica.com\/wp-content\/uploads\/2024\/04\/untitledJuly-16-20180011-765-300x200.jpg 300w, https:\/\/www.santamonica.com\/wp-content\/uploads\/2024\/04\/untitledJuly-16-20180011-765-225x150.jpg 225w, https:\/\/www.santamonica.com\/wp-content\/uploads\/2024\/04\/untitledJuly-16-20180011-765-768x512.jpg 768w, https:\/\/www.santamonica.com\/wp-content\/uploads\/2024\/04\/untitledJuly-16-20180011-765-1536x1024.jpg 1536w, https:\/\/www.santamonica.com\/wp-content\/uploads\/2024\/04\/untitledJuly-16-20180011-765-2048x1365.jpg 2048w\" sizes=\"auto, (max-width: 1024px) 100vw, 1024px\" title=\"\">                                \n\n                            <\/div>\n                                                    <div class=\"swiper-slide\">\n                                <img decoding=\"async\" width=\"1024\" height=\"683\" src=\"https:\/\/www.santamonica.com\/wp-content\/uploads\/2024\/04\/SantaMonicaTourism-553-1024x683.jpg\" class=\"swiper-slide__image\" alt=\"\" loading=\"lazy\" srcset=\"https:\/\/www.santamonica.com\/wp-content\/uploads\/2024\/04\/SantaMonicaTourism-553-1024x683.jpg 1024w, https:\/\/www.santamonica.com\/wp-content\/uploads\/2024\/04\/SantaMonicaTourism-553-300x200.jpg 300w, https:\/\/www.santamonica.com\/wp-content\/uploads\/2024\/04\/SantaMonicaTourism-553-225x150.jpg 225w, https:\/\/www.santamonica.com\/wp-content\/uploads\/2024\/04\/SantaMonicaTourism-553-768x512.jpg 768w, https:\/\/www.santamonica.com\/wp-content\/uploads\/2024\/04\/SantaMonicaTourism-553-1536x1024.jpg 1536w, https:\/\/www.santamonica.com\/wp-content\/uploads\/2024\/04\/SantaMonicaTourism-553.jpg 2048w\" sizes=\"auto, (max-width: 1024px) 100vw, 1024px\" title=\"\">                                \n\n                            <\/div>\n                                                    <div class=\"swiper-slide\">\n                                <img decoding=\"async\" width=\"1024\" height=\"683\" src=\"https:\/\/www.santamonica.com\/wp-content\/uploads\/2024\/04\/SantaMonicaTourism-566-1024x683.jpg\" class=\"swiper-slide__image\" alt=\"\" loading=\"lazy\" srcset=\"https:\/\/www.santamonica.com\/wp-content\/uploads\/2024\/04\/SantaMonicaTourism-566-1024x683.jpg 1024w, https:\/\/www.santamonica.com\/wp-content\/uploads\/2024\/04\/SantaMonicaTourism-566-300x200.jpg 300w, https:\/\/www.santamonica.com\/wp-content\/uploads\/2024\/04\/SantaMonicaTourism-566-225x150.jpg 225w, https:\/\/www.santamonica.com\/wp-content\/uploads\/2024\/04\/SantaMonicaTourism-566-768x512.jpg 768w, https:\/\/www.santamonica.com\/wp-content\/uploads\/2024\/04\/SantaMonicaTourism-566-1536x1024.jpg 1536w, https:\/\/www.santamonica.com\/wp-content\/uploads\/2024\/04\/SantaMonicaTourism-566.jpg 2048w\" sizes=\"auto, (max-width: 1024px) 100vw, 1024px\" title=\"\">                                \n\n                            <\/div>\n                                                    <div class=\"swiper-slide\">\n                                <img decoding=\"async\" width=\"1024\" height=\"683\" src=\"https:\/\/www.santamonica.com\/wp-content\/uploads\/2024\/04\/Option-3-1024x683.jpg\" class=\"swiper-slide__image\" alt=\"\" loading=\"lazy\" srcset=\"https:\/\/www.santamonica.com\/wp-content\/uploads\/2024\/04\/Option-3-1024x683.jpg 1024w, https:\/\/www.santamonica.com\/wp-content\/uploads\/2024\/04\/Option-3-300x200.jpg 300w, https:\/\/www.santamonica.com\/wp-content\/uploads\/2024\/04\/Option-3-225x150.jpg 225w, https:\/\/www.santamonica.com\/wp-content\/uploads\/2024\/04\/Option-3-768x512.jpg 768w, https:\/\/www.santamonica.com\/wp-content\/uploads\/2024\/04\/Option-3-1536x1024.jpg 1536w, https:\/\/www.santamonica.com\/wp-content\/uploads\/2024\/04\/Option-3-2048x1365.jpg 2048w\" sizes=\"auto, (max-width: 1024px) 100vw, 1024px\" title=\"\">                                \n\n                            <\/div>\n                                                    <div class=\"swiper-slide\">\n                                <img decoding=\"async\" width=\"1024\" height=\"683\" src=\"https:\/\/www.santamonica.com\/wp-content\/uploads\/2024\/04\/150522_Witchery_SantaMonica_Travel_Guide_0874-1024x683.jpg\" class=\"swiper-slide__image\" alt=\"\" loading=\"lazy\" srcset=\"https:\/\/www.santamonica.com\/wp-content\/uploads\/2024\/04\/150522_Witchery_SantaMonica_Travel_Guide_0874-1024x683.jpg 1024w, https:\/\/www.santamonica.com\/wp-content\/uploads\/2024\/04\/150522_Witchery_SantaMonica_Travel_Guide_0874-300x200.jpg 300w, https:\/\/www.santamonica.com\/wp-content\/uploads\/2024\/04\/150522_Witchery_SantaMonica_Travel_Guide_0874-225x150.jpg 225w, https:\/\/www.santamonica.com\/wp-content\/uploads\/2024\/04\/150522_Witchery_SantaMonica_Travel_Guide_0874-768x512.jpg 768w, https:\/\/www.santamonica.com\/wp-content\/uploads\/2024\/04\/150522_Witchery_SantaMonica_Travel_Guide_0874-1536x1024.jpg 1536w, https:\/\/www.santamonica.com\/wp-content\/uploads\/2024\/04\/150522_Witchery_SantaMonica_Travel_Guide_0874-2048x1365.jpg 2048w\" sizes=\"auto, (max-width: 1024px) 100vw, 1024px\" title=\"\">                                \n\n                            <\/div>\n                                                    <div class=\"swiper-slide\">\n                                <img decoding=\"async\" width=\"1024\" height=\"683\" src=\"https:\/\/www.santamonica.com\/wp-content\/uploads\/2024\/04\/SantaMonica2017-2621-1024x683.jpg\" class=\"swiper-slide__image\" alt=\"\" loading=\"lazy\" srcset=\"https:\/\/www.santamonica.com\/wp-content\/uploads\/2024\/04\/SantaMonica2017-2621-1024x683.jpg 1024w, https:\/\/www.santamonica.com\/wp-content\/uploads\/2024\/04\/SantaMonica2017-2621-300x200.jpg 300w, https:\/\/www.santamonica.com\/wp-content\/uploads\/2024\/04\/SantaMonica2017-2621-225x150.jpg 225w, https:\/\/www.santamonica.com\/wp-content\/uploads\/2024\/04\/SantaMonica2017-2621-768x512.jpg 768w, https:\/\/www.santamonica.com\/wp-content\/uploads\/2024\/04\/SantaMonica2017-2621-1536x1024.jpg 1536w, https:\/\/www.santamonica.com\/wp-content\/uploads\/2024\/04\/SantaMonica2017-2621-2048x1365.jpg 2048w\" sizes=\"auto, (max-width: 1024px) 100vw, 1024px\" title=\"\">                                \n\n                            <\/div>\n                                            <\/div>\n                                            <div class=\"image-slider__swiper-controls-wrapper-relocator\">\n                            <div class=\"image-slider__swiper-controls-wrapper\">\n                                <div class=\"swiper-pagination\"><\/div>\n                                <div class=\"swiper-button-prev-custom\">\n                                    <div class=\"arrow-button-left\"><\/div>\n                                <\/div>\n                                <div class=\"swiper-button-next-custom\">\n                                    <div class=\"arrow-button-right\"><\/div>\n                                <\/div>\n                            <\/div>\n                        <\/div>\n                                    <\/div>\n                    <\/div>\n    <\/div>\n<\/section>\n\n\n\n<p class=\"has-text-align-center base-block\"><strong>Des questions sur l'\u00e9v\u00e9nement ? Envoyez un courriel \u00e0 l'adresse suivante <a href=\"mailto:clientservices@santamonica.com\" target=\"_blank\" rel=\"noreferrer noopener\">clientservices@santamonica.com<\/a>. <\/strong><br><strong>Nous vous attendons avec impatience !<\/strong><\/p>\n\n\n\n<div class=\"wp-block-columns is-layout-flex wp-container-core-columns-is-layout-28f84493 wp-block-columns-is-layout-flex base-block\">\n<div class=\"wp-block-column is-layout-flow wp-block-column-is-layout-flow base-block\">\n<p class=\"base-block\"><strong><em>Pour plus d'exp\u00e9riences \u00e0 Santa Monica, visitez-nous sur California Plaza \u00e0 l'ext\u00e9rieur du Los Angeles Convention Center ! Laissez-vous tenter par Santa Monica entre 8h00 et 9h50 et entre 16h10 et 18h00 chaque jour de l'IPW :<\/em><\/strong><\/p>\n\n\n\n<ul class=\"wp-block-list base-block\">\n<li class=\"base-block\">Savourez un d\u00e9licieux petit-d\u00e9jeuner ou un jus de fruits frais pour bien commencer la journ\u00e9e.<\/li>\n\n\n\n<li class=\"base-block\">La conscience retrouv\u00e9e avec Beach Yoga SoCal<\/li>\n\n\n\n<li class=\"base-block\">Testez votre force sur un Muscle Beach original miniature<\/li>\n\n\n\n<li class=\"base-block\">Prenez une photo devant une version miniature de la grande roue embl\u00e9matique de Santa Monica.<\/li>\n\n\n\n<li class=\"base-block\">Retrouvez le panneau \u201cEnd of the Road\u201d de la Route 66 sur notre stand et apprenez-en plus sur le centenaire de la Route 66, qui aura lieu en 2026.<\/li>\n\n\n\n<li class=\"base-block\">Apr\u00e8s le salon, vous pourrez vous d\u00e9tendre autour d'une boisson et assister aux d\u00e9monstrations quotidiennes des chefs prim\u00e9s de Santa Monica.<\/li>\n<\/ul>\n<\/div>\n<\/div>","protected":false},"excerpt":{"rendered":"<p>RSVPs are now closed. SHUTTLE SCHEDULE MONDAY, MAY 6 Los Angeles Convention Center &#8211; Gilbert Lindsay Plaza (use also for AC Hotel and Moxy Downtown Los Angeles):&nbsp;5:20 p.m., 5:45 p.m., [&hellip;]<\/p>\n","protected":false},"author":1421,"featured_media":407820,"parent":0,"menu_order":0,"comment_status":"closed","ping_status":"closed","template":"","meta":{"_acf_changed":false,"inline_featured_image":false,"footnotes":""},"silos":[],"class_list":["post-405546","page","type-page","status-publish","has-post-thumbnail","hentry"],"acf":[],"_links":{"self":[{"href":"https:\/\/www.santamonica.com\/fr\/wp-json\/wp\/v2\/pages\/405546","targetHints":{"allow":["GET"]}}],"collection":[{"href":"https:\/\/www.santamonica.com\/fr\/wp-json\/wp\/v2\/pages"}],"about":[{"href":"https:\/\/www.santamonica.com\/fr\/wp-json\/wp\/v2\/types\/page"}],"author":[{"embeddable":true,"href":"https:\/\/www.santamonica.com\/fr\/wp-json\/wp\/v2\/users\/1421"}],"replies":[{"embeddable":true,"href":"https:\/\/www.santamonica.com\/fr\/wp-json\/wp\/v2\/comments?post=405546"}],"version-history":[{"count":143,"href":"https:\/\/www.santamonica.com\/fr\/wp-json\/wp\/v2\/pages\/405546\/revisions"}],"predecessor-version":[{"id":414274,"href":"https:\/\/www.santamonica.com\/fr\/wp-json\/wp\/v2\/pages\/405546\/revisions\/414274"}],"wp:featuredmedia":[{"embeddable":true,"href":"https:\/\/www.santamonica.com\/fr\/wp-json\/wp\/v2\/media\/407820"}],"wp:attachment":[{"href":"https:\/\/www.santamonica.com\/fr\/wp-json\/wp\/v2\/media?parent=405546"}],"wp:term":[{"taxonomy":"silos","embeddable":true,"href":"https:\/\/www.santamonica.com\/fr\/wp-json\/wp\/v2\/silos?post=405546"}],"curies":[{"name":"wp","href":"https:\/\/api.w.org\/{rel}","templated":true}]}}