{"id":381590,"date":"2023-06-01T09:47:39","date_gmt":"2023-06-01T16:47:39","guid":{"rendered":"https:\/\/www.santamonica.com\/?page_id=381590"},"modified":"2025-09-08T07:42:39","modified_gmt":"2025-09-08T14:42:39","slug":"chateau-de-sable-jetee-360","status":"publish","type":"page","link":"https:\/\/www.santamonica.com\/fr\/sandcastle-competition-pier-360\/","title":{"rendered":"Pier 360 Santa Monica Sandcastle Spectacular (spectacle de ch\u00e2teaux de sable)"},"content":{"rendered":"<section class=\"sun-title sm-block --theme6 --2col sm-block\">\n            <h2 class=\"sun-title__headline\">D\u00e9tails de l'\u00e9v\u00e9nement<\/h2>    \n            <div class=\"sun-title__body  --2col wysiwyg\">\n                    <div class=\"column-1\">\n                <p>Rejoignez-nous pour le \u201cSanta Monica Sandcastle Spectacular\u201d, un \u00e9v\u00e9nement extraordinaire d'art du sable sur la jet\u00e9e de Santa Monica. <em>Festival de plage Pier 360<\/em>! Cette ann\u00e9e, au lieu d'une comp\u00e9tition, admirez les cr\u00e9ations \u00e9poustouflantes du ma\u00eetre architecte de ch\u00e2teaux de sable Greg LeBon.<\/p>\n                            <\/div>\n            <div class=\"column-2\">\n                <p>LeBon fabriquera des sculptures de sable complexes qui c\u00e9l\u00e8brent les activit\u00e9s uniques et la culture dynamique de Santa Monica. Il s'agit d'un \u00e9v\u00e9nement familial \u00e0 ne pas manquer, qui met en valeur les merveilles artistiques que l'on peut cr\u00e9er \u00e0 partir du sable. D\u00e9couvrez la magie de Santa Monica \u00e0 travers les yeux d'un ma\u00eetre des ch\u00e2teaux de sable et laissez-vous inspirer par la beaut\u00e9 de notre destination embl\u00e9matique.<\/p>\n                            <\/div>\n            <\/div>\n    <\/section>\n\n\n\n<section class=\"two-images container-max sm-block  sm-block\">\n    <div class=\"two-images__container\">\n\n        <div class=\"two-images__column\">\n            <div class=\"two-images__content\">\n                <div class=\"two-images__content-header-container\">\n                                            <h1 class=\"two-images__content-header\">Qu'est-ce que le Santa Monica Pier 360 Beach Festival ?<\/h1>                                    <\/div>\n                                    <div class=\"two-images__content-body wysiwyg\">\n                        <p>Comp\u00e9titions de sports oc\u00e9aniques, musique live, nourriture et boissons, jeux interactifs et plus encore. D\u00e9couvrez en quoi consiste le plus grand \u00e9v\u00e9nement annuel de la jet\u00e9e de Santa Monica et comment vous pouvez vivre la quintessence des vibrations de SoCal lors de cet \u00e9v\u00e9nement. <a href=\"https:\/\/www.santamonicapier.org\/pier360\" target=\"_blank\" rel=\"noopener\">\u00e9v\u00e9nement gratuit<\/a>.<\/p>\n                    <\/div>\n                                            <\/div>\n        <\/div>\n\n        <div class=\"two-images__column\">\n                            <div class=\"two-images__image-container\">\n                    <img decoding=\"async\" width=\"424\" height=\"504\" src=\"https:\/\/www.santamonica.com\/wp-content\/uploads\/2023\/06\/APP-SUP.png\" class=\"two-images__image\" alt=\"\" loading=\"lazy\" srcset=\"https:\/\/www.santamonica.com\/wp-content\/uploads\/2023\/06\/APP-SUP.png 424w, https:\/\/www.santamonica.com\/wp-content\/uploads\/2023\/06\/APP-SUP-252x300.png 252w, https:\/\/www.santamonica.com\/wp-content\/uploads\/2023\/06\/APP-SUP-126x150.png 126w\" sizes=\"auto, (max-width: 424px) 100vw, 424px\" title=\"\">                    \n\n                <\/div>\n                    <\/div>\n\n        <div class=\"two-images__column\">\n                            <div class=\"two-images__image-container\">\n                    <img decoding=\"async\" width=\"600\" height=\"564\" src=\"https:\/\/www.santamonica.com\/wp-content\/uploads\/2023\/06\/Sandcastle-1.png\" class=\"two-images__image\" alt=\"\" loading=\"lazy\" srcset=\"https:\/\/www.santamonica.com\/wp-content\/uploads\/2023\/06\/Sandcastle-1.png 600w, https:\/\/www.santamonica.com\/wp-content\/uploads\/2023\/06\/Sandcastle-1-300x282.png 300w, https:\/\/www.santamonica.com\/wp-content\/uploads\/2023\/06\/Sandcastle-1-160x150.png 160w\" sizes=\"auto, (max-width: 600px) 100vw, 600px\" title=\"\">                    \n\n                <\/div>\n                    <\/div>\n\n    <\/div>\n<\/section>\n\n\n<section class=\"links-grid --theme3 sm-block\">\n    <div class=\"links-grid__wrapper\">\n                                                    <a href=\"https:\/\/www.santamonica.com\/fr\/things-to-do\/santa-monica-beach\/\" class=\"links-grid__card-link\" aria-label=\"Plage de Santa Monica\">\n                    <div class=\"links-grid__card\">\n                                                    <div class=\"links-grid__card-image-wrapper\">\n                                <img decoding=\"async\" width=\"400\" height=\"400\" src=\"https:\/\/www.santamonica.com\/wp-content\/uploads\/2022\/05\/santa-monica-beach-guide-400x400.jpg\" class=\"links-grid__card-image\" alt=\"guide des plages de santa monica\" loading=\"lazy\" title=\"\">                            <\/div>\n                                                <div class=\"links-grid__card-text\">\n                                                            <div class=\"links-grid__card-title\">Plage de Santa Monica<\/div>\n                                                                                <\/div>\n                    <\/div>\n                <\/a>\n                                            <a href=\"https:\/\/www.santamonica.com\/fr\/things-to-do\/fun-for-kids-of-all-ages\/\" class=\"links-grid__card-link\" aria-label=\"Familles\">\n                    <div class=\"links-grid__card\">\n                                                    <div class=\"links-grid__card-image-wrapper\">\n                                <img decoding=\"async\" width=\"400\" height=\"400\" src=\"https:\/\/www.santamonica.com\/wp-content\/uploads\/2022\/06\/places-for-kids-in-santa-monica-400x400.jpg\" class=\"links-grid__card-image\" alt=\"Choses \u00e0 faire \u00e0 Santa Monica avec des enfants\" loading=\"lazy\" title=\"\">                            <\/div>\n                                                <div class=\"links-grid__card-text\">\n                                                            <div class=\"links-grid__card-title\">Familles<\/div>\n                                                                                <\/div>\n                    <\/div>\n                <\/a>\n                                            <a href=\"https:\/\/www.santamonica.com\/fr\/experience-santa-monica\/like-a-local\/\" class=\"links-grid__card-link\" aria-label=\"Comme un local\">\n                    <div class=\"links-grid__card\">\n                                                    <div class=\"links-grid__card-image-wrapper\">\n                                <img decoding=\"async\" width=\"400\" height=\"400\" src=\"https:\/\/www.santamonica.com\/wp-content\/uploads\/2022\/05\/santa-monica-things-to-do-2-400x400.jpg\" class=\"links-grid__card-image\" alt=\"santa monica choses \u00e0 faire\" loading=\"lazy\" title=\"\">                            <\/div>\n                                                <div class=\"links-grid__card-text\">\n                                                            <div class=\"links-grid__card-title\">Comme un local<\/div>\n                                                                                <\/div>\n                    <\/div>\n                <\/a>\n                                            <a href=\"https:\/\/www.santamonica.com\/fr\/things-to-do\/visiting-santa-monica-pier\/\" class=\"links-grid__card-link\" aria-label=\"Jet\u00e9e de Santa Monica\">\n                    <div class=\"links-grid__card\">\n                                                    <div class=\"links-grid__card-image-wrapper\">\n                                <img decoding=\"async\" width=\"400\" height=\"400\" src=\"https:\/\/www.santamonica.com\/wp-content\/uploads\/2026\/02\/Untitled-design-17-400x400.png\" class=\"links-grid__card-image\" alt=\"Jet\u00e9e de Santa Monica\" loading=\"lazy\" title=\"\">                            <\/div>\n                                                <div class=\"links-grid__card-text\">\n                                                            <div class=\"links-grid__card-title\">Jet\u00e9e de Santa Monica<\/div>\n                                                                                <\/div>\n                    <\/div>\n                <\/a>\n                        <\/div>\n<\/section>\n\n\n\n    <section class=\"booking-cta --theme5 sm-block\">\n    <div id=\"widget-container-2070\"><\/div>\n<script type=\"text\/javascript\">\n  (function() {\n    var script = document.createElement('script');\n    script.type = 'text\/javascript';\n    script.async = 'true';\n    script.src = \"https:\/\/admin.bookdirect.net\/hs4\/widgets\/2070.js?widget_element=widget-container-2070\";\n    document.body.appendChild(script);\n  })();\n<\/script>\n    <\/section>\n\n\n\n<section class=\"blog-feed --theme8 sm-block\">\n    <div class=\"blog-feed__content\">\n        <div class=\"blog-feed__intro\">\n                            <div class=\"blog-feed__eyebrow eyebrow\">Blogs<\/div>                                        <h1 class=\"blog-feed__headline\">D\u00e9couvrir Santa Monica<\/h1>                                        <div class=\"blog-feed__body\"><p>Explorez les itin\u00e9raires, les conseils locaux, les points chauds et les aventures organis\u00e9es pour \u00eatre s\u00fbr de profiter au maximum de votre exp\u00e9rience \u00e0 Santa Monica.<\/p>\n<\/div>\n                                        <a class=\"blog-feed__cta\" href=\"https:\/\/www.santamonica.com\/fr\/articles-de-blog\/\">Voir tous les blogs<\/a>\n                    <\/div>\n\n        <ul class=\"blog-feed__list\">\n                                                <li class=\"blog-feed__item\">\n                        <a href=\"https:\/\/www.santamonica.com\/fr\/things-to-do\/4-must-try-beach-activities\/\" class=\"blog-feed__item-link\">\n                            <div class=\"blog-feed__image-ratio\">\n                                <img decoding=\"async\" class=\"blog-feed__image\" src=\"https:\/\/www.santamonica.com\/wp-content\/uploads\/2015\/07\/Must-Do-Family-Friendly-Activites_SondraStocker.com-520x546-400x400.jpg\" alt=\"4 activit\u00e9s de plage incontournables pour toute la famille\" title=\"\">\n                            <\/div>\n                            <div class=\"blog-feed__card-title\">4 activit\u00e9s de plage incontournables pour toute la famille<\/div>\n                        <\/a>\n                    <\/li>\n                                                                <li class=\"blog-feed__item\">\n                        <a href=\"https:\/\/www.santamonica.com\/fr\/best-spots-santa-monica-get-beach-gear\/\" class=\"blog-feed__item-link\">\n                            <div class=\"blog-feed__image-ratio\">\n                                <img decoding=\"async\" class=\"blog-feed__image\" src=\"https:\/\/www.santamonica.com\/wp-content\/uploads\/2018\/06\/Beach-Featured-1-400x400.jpg\" alt=\"Les meilleurs endroits de Santa Monica pour s&#039;\u00e9quiper en mat\u00e9riel de plage\" title=\"\">\n                            <\/div>\n                            <div class=\"blog-feed__card-title\">Les meilleurs endroits de Santa Monica pour s'\u00e9quiper en mat\u00e9riel de plage<\/div>\n                        <\/a>\n                    <\/li>\n                                                                <li class=\"blog-feed__item\">\n                        <a href=\"https:\/\/www.santamonica.com\/fr\/tips-to-plan-your-trip-to-santa-monica-pier\/\" class=\"blog-feed__item-link\">\n                            <div class=\"blog-feed__image-ratio\">\n                                <img decoding=\"async\" class=\"blog-feed__image\" src=\"https:\/\/www.santamonica.com\/wp-content\/uploads\/2021\/04\/Visiting-Santa-Monica-Pier-Featured-400x400.jpg\" alt=\"Conseils pour planifier votre voyage \u00e0 Santa Monica Pier\" title=\"\">\n                            <\/div>\n                            <div class=\"blog-feed__card-title\">Conseils pour planifier votre voyage \u00e0 Santa Monica Pier<\/div>\n                        <\/a>\n                    <\/li>\n                                    <\/ul>\n    <\/div>\n<\/section>","protected":false},"excerpt":{"rendered":"","protected":false},"author":1421,"featured_media":381951,"parent":0,"menu_order":0,"comment_status":"closed","ping_status":"closed","template":"template-editorial.php","meta":{"_acf_changed":false,"inline_featured_image":false,"footnotes":""},"silos":[],"class_list":["post-381590","page","type-page","status-publish","has-post-thumbnail","hentry"],"acf":[],"_links":{"self":[{"href":"https:\/\/www.santamonica.com\/fr\/wp-json\/wp\/v2\/pages\/381590","targetHints":{"allow":["GET"]}}],"collection":[{"href":"https:\/\/www.santamonica.com\/fr\/wp-json\/wp\/v2\/pages"}],"about":[{"href":"https:\/\/www.santamonica.com\/fr\/wp-json\/wp\/v2\/types\/page"}],"author":[{"embeddable":true,"href":"https:\/\/www.santamonica.com\/fr\/wp-json\/wp\/v2\/users\/1421"}],"replies":[{"embeddable":true,"href":"https:\/\/www.santamonica.com\/fr\/wp-json\/wp\/v2\/comments?post=381590"}],"version-history":[{"count":104,"href":"https:\/\/www.santamonica.com\/fr\/wp-json\/wp\/v2\/pages\/381590\/revisions"}],"predecessor-version":[{"id":419786,"href":"https:\/\/www.santamonica.com\/fr\/wp-json\/wp\/v2\/pages\/381590\/revisions\/419786"}],"wp:featuredmedia":[{"embeddable":true,"href":"https:\/\/www.santamonica.com\/fr\/wp-json\/wp\/v2\/media\/381951"}],"wp:attachment":[{"href":"https:\/\/www.santamonica.com\/fr\/wp-json\/wp\/v2\/media?parent=381590"}],"wp:term":[{"taxonomy":"silos","embeddable":true,"href":"https:\/\/www.santamonica.com\/fr\/wp-json\/wp\/v2\/silos?post=381590"}],"curies":[{"name":"wp","href":"https:\/\/api.w.org\/{rel}","templated":true}]}}