{"id":379977,"date":"2023-05-03T13:39:40","date_gmt":"2023-05-03T20:39:40","guid":{"rendered":"https:\/\/www.santamonica.com\/?page_id=379977"},"modified":"2025-06-18T14:49:02","modified_gmt":"2025-06-18T21:49:02","slug":"fierte","status":"publish","type":"page","link":"https:\/\/www.santamonica.com\/fr\/pride\/","title":{"rendered":"Manifestations sp\u00e9ciales et \u00e9v\u00e9nements de la Fiert\u00e9"},"content":{"rendered":"<section class=\"sun-title sm-block --theme6 --2col sm-block\">\n            <h2 class=\"sun-title__headline\">Ev\u00e9nements<\/h2>    \n            <div class=\"sun-title__body  --2col wysiwyg\">\n                    <div class=\"column-1\">\n                <p><strong>Heure du conte pour les familles de l'arc-en-ciel - Ocean Park Branch Library<br \/>\n<\/strong>\u00a0Mardi 17 juin 2025<br \/>\nRejoignez-nous au 2601 Main Street pour un conte inclusif pour tous les \u00e2ges.<br \/>\n<a href=\"https:\/\/www.santamonica.gov\/events\/4j6y02qs54peay8x9wrkybqnm3\/202506171130\" target=\"_blank\" rel=\"noopener\"><strong>\u00a0En savoir plus<\/strong><\/a><\/p>\n<p><strong>PRIDE - Bain de soleil au coucher du soleil + Happy Hour<br \/>\n<\/strong>\u00a0Vendredi 20 juin 2025<br \/>\nC\u00e9l\u00e9brez le coucher du soleil en vous baignant et en profitant du Pride Happy Hour au Back on the Beach Caf\u00e9 (de 17 \u00e0 19 heures).<br \/>\n<a href=\"https:\/\/annenbergbeachhouse.com\/events\" target=\"_blank\" rel=\"noopener\"><strong>\u00a0En savoir plus<\/strong><\/a><\/p>\n<p><strong>OutLoud Sports Pride at the Beach<br \/>\n<\/strong>\u00a0Samedi 21 juin 2025<br \/>\nSports et jeux au nord de la jet\u00e9e et au parc Belmar.<br \/>\n<a href=\"https:\/\/outloudsports.com\/losangeles\" target=\"_blank\" rel=\"noopener\"><strong>\u00a0En savoir plus<\/strong><\/a><\/p>\n<p><strong>Pride on the Promenade - Promenade de la 3e rue<br \/>\n<\/strong>\u00a0Samedi 21 juin 2025<br \/>\nUne c\u00e9l\u00e9bration vibrante avec des spectacles, des vendeurs et la fiert\u00e9 de la communaut\u00e9.<br \/>\n<a href=\"https:\/\/downtownsm.com\/events-calendar\/8825\/pride-on-the-promenade\" target=\"_blank\" rel=\"noopener\"><strong>\u00a0En savoir plus<\/strong><\/a><\/p>\n<p><strong>Pride Disco et Kid Zone - Santa Monica Place<br \/>\n<\/strong>\u00a0Samedi 21 juin 2025<br \/>\nC\u00e9l\u00e9brez avec de la musique, de la danse et des divertissements pour les familles.<br \/>\n<a href=\"https:\/\/www.eventbrite.com\/e\/pride-at-santa-monica-place-tickets-1383135217669\" target=\"_blank\" rel=\"noopener\"><strong>\u00a0En savoir plus<\/strong><\/a><\/p>\n<p><strong>Cours sur le th\u00e8me de la fiert\u00e9 - La classe<br \/>\n<\/strong>\u00a0Les vendredis 14 et 21 juin 2025<br \/>\nCours de mouvement sp\u00e9ciaux en l'honneur du Mois de la Fiert\u00e9.<br \/>\n<a href=\"https:\/\/www.theclass.com\/la-studio\" target=\"_blank\" rel=\"noopener\"><strong>\u00a0En savoir plus<\/strong><\/a><\/p>\n<p><strong>F\u00eate d'apr\u00e8s-sport - 1212 3rd Street Promenade<br \/>\n<\/strong>\u00a0Samedi 21 juin 2025<br \/>\nD\u00e9tendez-vous et faites la f\u00eate en buvant un verre et en dansant apr\u00e8s les matchs.<br \/>\n<a href=\"https:\/\/www.1212santamonica.com\/\" target=\"_blank\" rel=\"noopener\"><strong>\u00a0En savoir plus<\/strong><\/a><\/p>\n<p>&nbsp;<\/p>\n                            <\/div>\n            <div class=\"column-2\">\n                <p><strong>Histoire de la fiert\u00e9 familiale - Crow Comedy<br \/>\n<\/strong>\u00a0Samedi 21 juin 2025<br \/>\nUn \u00e9v\u00e9nement comique pour tous les \u00e2ges au 2525 Michigan Ave, unit\u00e9 F4.<br \/>\n<a href=\"https:\/\/crowcomedy.com\/familypride\" target=\"_blank\" rel=\"noopener\"><strong>\u00a0En savoir plus<\/strong><\/a><\/p>\n<p><strong>Fabuleuses Fables : Drag Queen Pride Family Edition - Santa Monica Pier<br \/>\n<\/strong>\u00a0Samedi 21 juin 2025<br \/>\nProfitez de l'heure du conte \u00e0 la tra\u00eene dans le b\u00e2timent historique du man\u00e8ge Merry.<br \/>\n<a href=\"https:\/\/www.santamonicapier.org\/fabfables\" target=\"_blank\" rel=\"noopener\"><strong>\u00a0En savoir plus<\/strong><\/a><\/p>\n<p><strong>Tournoi de volley-ball Pride Point<br \/>\n<\/strong>\u00a0Samedi 21 juin 2025<br \/>\nTournoi de volley-ball communautaire pr\u00e8s d'Ocean Park.<br \/>\n<a href=\"https:\/\/www.pridepointvolleyball.com\/\" target=\"_blank\" rel=\"noopener\"><strong>\u00a0En savoir plus<\/strong><\/a><\/p>\n<p><strong>Pride on the Pier - Jet\u00e9e de Santa Monica<br \/>\n<\/strong>\u00a0Dimanche 22 juin 2025 (report\u00e9)<br \/>\nLa plus grande c\u00e9l\u00e9bration du week-end avec de la musique, de l'art et de la joie communautaire.<br \/>\n<a href=\"https:\/\/www.seetickets.us\/event\/PRIDE-ON-THE-PIER-SANTA-MONICA\/648376\" target=\"_blank\" rel=\"noopener\"><strong>\u00a0En savoir plus<\/strong><\/a><\/p>\n<p><strong>Soir\u00e9e de la Fiert\u00e9 + Cocktail de poussi\u00e8re de f\u00e9e - Viceroy Santa Monica<br \/>\n<\/strong>\u00a0Vendredi 27 juin 2025<br \/>\nAtelier d'argile et cocktail \u00e0 th\u00e8me pour c\u00e9l\u00e9brer la Fiert\u00e9.<br \/>\n<a href=\"https:\/\/www.viceroyhotelsandresorts.com\/santa-monica\/sugar-palm\" target=\"_blank\" rel=\"noopener\"><strong>\u00a0En savoir plus<\/strong><\/a><\/p>\n<p><strong>Spectacles de cirque du dimanche - \u00c9cole de trap\u00e8ze de Santa Monica<br \/>\n<\/strong>\u00a0Tous les dimanches de juin (sauf le 1er juin), derni\u00e8re repr\u00e9sentation le 29 juin 2025<br \/>\nDes spectacles de cirque gratuits pour \u00e9blouir et ravir.<br \/>\n<a href=\"https:\/\/pacpark.com\/santa-monica-piers-trapeze-school-annual-pride-show\/\" target=\"_blank\" rel=\"noopener\"><strong>\u00a0En savoir plus<\/strong><\/a><\/p>\n                            <\/div>\n            <\/div>\n    <\/section>\n\n\n<section class=\"sun-title sm-block --theme6 --2col sm-block\">\n            <h4 class=\"sun-title__headline\">Sp\u00e9cial entreprises<\/h4>    \n            <div class=\"sun-title__body  --2col wysiwyg\">\n                    <div class=\"column-1\">\n                <p><b>Ele Keats Bijoux et cristaux<\/b><b><br \/>\n<\/b><span style=\"font-weight: 400;\"> 20% sur Angel Aura Quartz.<\/span><span style=\"font-weight: 400;\"><br \/>\n<\/span><span style=\"font-weight: 400;\"> Valable jusqu'au 30 juin 2025<\/span><span style=\"font-weight: 400;\"><br \/>\n<\/span><a href=\"https:\/\/elekeats.com\/?srsltid=AfmBOoqA443Vdu6QwgpVVkiGGtEbY414EkxicG4_llGl8iOOpy7BCyPM\" target=\"_blank\" rel=\"noopener\"><strong> En savoir plus<\/strong><\/a><\/p>\n<p><b>Vin d'esters<\/b><b><br \/>\n<\/b><span style=\"font-weight: 400;\"> Cocktail Midnight Spark et vol de vin. 10% des recettes sont revers\u00e9es au Trevor Project.<\/span><span style=\"font-weight: 400;\"><br \/>\n<\/span><span style=\"font-weight: 400;\"> Valable jusqu'au 30 juin 2025<\/span><span style=\"font-weight: 400;\"><br \/>\n<\/span><strong><a href=\"https:\/\/www.esterswineshop.com\/\" target=\"_blank\" rel=\"noopener\">En savoir plus<\/a><\/strong><\/p>\n<p><b>Groseille \u00e0 maquereau<\/b><b><br \/>\n<\/b><span style=\"font-weight: 400;\"> Biscuit au sucre en forme de c\u0153ur avec bande arc-en-ciel. 25% des recettes soutiennent le Trans Wellness Center.<\/span><span style=\"font-weight: 400;\"><br \/>\n<\/span><span style=\"font-weight: 400;\"> Valable jusqu'au 30 juin 2025<\/span><span style=\"font-weight: 400;\"><br \/>\n<\/span><a href=\"https:\/\/order.toasttab.com\/online\/huckleberrysantamonica\/item-pride-cookie_5e3839ed-921e-4ff5-8888-f951a488dc55\" target=\"_blank\" rel=\"noopener\"><strong> En savoir plus<\/strong><\/a><\/p>\n<p><b>Milo et Olive<\/b><b><br \/>\n<\/b><span style=\"font-weight: 400;\"> Zucca Pizza avec 20% des ventes revers\u00e9es \u00e0 GLAAD.<\/span><span style=\"font-weight: 400;\"><br \/>\n<\/span><span style=\"font-weight: 400;\"> Valable jusqu'au 30 juin 2025<\/span><span style=\"font-weight: 400;\"><br \/>\n<\/span><strong><a href=\"https:\/\/www.miloandolive.com\/\" target=\"_blank\" rel=\"noopener\"> En savoir plus<\/a><\/strong><\/p>\n<p><b>Perspire Sauna Studio Santa Monica<\/b><b><br \/>\n<\/b><span style=\"font-weight: 400;\"> 25% plus de sessions sur tous les forfaits.<\/span><span style=\"font-weight: 400;\"><br \/>\n<\/span><span style=\"font-weight: 400;\"> Valable jusqu'au 30 juin 2025<\/span><span style=\"font-weight: 400;\"><br \/>\n<\/span><strong><a href=\"https:\/\/www.perspiresaunastudio.com\/ca\/santa-monica\/?aw_pixel=AW-11447393179&amp;aw_conversion=AW-11447393179\/lqbUCK7QiYAZEJu3xdIq&amp;gad_source=1&amp;gad_campaignid=22509596566&amp;gbraid=0AAAAAqpRW5t087Bu2cShz2eSl42an6Hkg&amp;gclid=Cj0KCQjwgIXCBhDBARIsAELC9ZiaC0mm8GOnFVeKFulyd3H9d2T5HDiN053ZOqsEusQXxyRb9gd2800aAmoCEALw_wcB\" target=\"_blank\" rel=\"noopener\"> En savoir plus<\/a><\/strong><\/p>\n<p><b>Sand n Surf<\/b><b><br \/>\n<\/b><span style=\"font-weight: 400;\"> Cadeau gratuit pour tout achat de $25+.<\/span><span style=\"font-weight: 400;\"><br \/>\n<\/span><span style=\"font-weight: 400;\"> Valable jusqu'au 30 juin 2025<\/span><span style=\"font-weight: 400;\"><br \/>\n<\/span><strong><a href=\"https:\/\/sandnsurfsm.com\/?srsltid=AfmBOoqxqeLEU71X4bYOCvGQP-eLbD6Y8m4U6kkIrLSg1pl47QLlt4PY\" target=\"_blank\" rel=\"noopener\"> En savoir plus<\/a><\/strong><\/p>\n                            <\/div>\n            <div class=\"column-2\">\n                <p><b>Souvenirs de Santa Monica<\/b><b><br \/>\n<\/b><span style=\"font-weight: 400;\"> Cadeau gratuit pour tout achat de $25+.<\/span><span style=\"font-weight: 400;\"><br \/>\n<\/span><span style=\"font-weight: 400;\"> Valable jusqu'au 30 juin 2025<\/span><span style=\"font-weight: 400;\"><br \/>\n<\/span><strong><a href=\"https:\/\/www.santamonica.com\/fr\/fierte-samo\/\" target=\"_blank\" rel=\"noopener\"> En savoir plus<\/a><\/strong><\/p>\n<p><b>H\u00f4tel Shore<\/b><b><br \/>\n<\/b><span style=\"font-weight: 400;\"> Valable jusqu'au dimanche 23 juin 2025<\/span><span style=\"font-weight: 400;\"><br \/>\n<\/span><span style=\"font-weight: 400;\"> Celebrate SaMo PRIDE - Profitez d'un tarif exclusif pour comm\u00e9morer le mois des fiert\u00e9s, avec un confort luxueux et une vue sur la c\u00f4te au c\u0153ur de Santa Monica.<\/span><span style=\"font-weight: 400;\"><br \/>\n<\/span><strong><a href=\"https:\/\/be.synxis.com\/?Hotel=52507&amp;Chain=7692&amp;arrive=2025-06-15&amp;depart=2025-06-23&amp;adult=1&amp;child=0&amp;promo=SMPW\" target=\"_blank\" rel=\"noopener\"> En savoir plus<\/a><\/strong><\/p>\n<p><b>Regent Santa Monica Beach<\/b><b><br \/>\n<\/b><span style=\"font-weight: 400;\"> Valable jusqu'au dimanche 30 juin 2025<\/span><span style=\"font-weight: 400;\"><br \/>\n<\/span><span style=\"font-weight: 400;\"> Pride Package - Une exp\u00e9rience luxueuse de la Pride avec petit-d\u00e9jeuner ou brunch, soir\u00e9es DJ, Beach Butlers et transport gratuit vers les \u00e9v\u00e9nements de la Pride \u00e0 WeHo.<\/span><span style=\"font-weight: 400;\"><br \/>\n<\/span><strong><a href=\"https:\/\/santamonica.regenthotels.com\/offers\/stay-with-pride\/\" target=\"_blank\" rel=\"noopener\"> En savoir plus<\/a><\/strong><\/p>\n<p><b>Galerie Von Lintel<\/b><b><br \/>\n<\/b><span style=\"font-weight: 400;\"> Ouverture de l'exposition le samedi 14 juin 2025<\/span><span style=\"font-weight: 400;\"><br \/>\n<\/span><span style=\"font-weight: 400;\"> Renegades - Une exposition de Chloe Sherman, qui capture l'essence de la renaissance culturelle queer dans les ann\u00e9es 1990 \u00e0 San Francisco \u00e0 travers la photographie.<\/span><span style=\"font-weight: 400;\"><br \/>\n<\/span><strong><a href=\"https:\/\/www.vonlintel.com\" target=\"_blank\" rel=\"noopener\"> En savoir plus<\/a><\/strong><\/p>\n<p><b>Cookie Good<\/b><b><br \/>\n<\/b><span style=\"font-weight: 400;\"> Valable jusqu'au samedi 28 juin 2025<\/span><span style=\"font-weight: 400;\"><br \/>\n<\/span><span style=\"font-weight: 400;\"> Le biscuit de la fiert\u00e9 - C\u00e9l\u00e9brez le mois de la fiert\u00e9 avec un biscuit color\u00e9 rempli de paillettes arc-en-ciel, d'Oreos dor\u00e9s, de p\u00e9pites de chocolat blanc et d'une trempette scintillante dans des cristaux de sucre arc-en-ciel.<\/span><span style=\"font-weight: 400;\"><br \/>\n<\/span><strong><a href=\"https:\/\/cookiegood.com\/products\/pride?_pos=1&amp;_psq=pride&amp;_ss=e&amp;_v=1.0\" target=\"_blank\" rel=\"noopener\"> En savoir plus<\/a><\/strong><\/p>\n                            <\/div>\n            <\/div>\n    <\/section>\n\n\n\n<p class=\"base-block\"><\/p>\n\n\n\n<p class=\"has-text-align-center base-block\">Avez-vous un \u00e9v\u00e9nement de la Fiert\u00e9 ou un \u00e9v\u00e9nement commercial sp\u00e9cial \u00e0 partager ? Soumettre <a href=\"https:\/\/www.santamonica.com\/fr\/formulaire-de-soumission-des-offres-speciales-des-entreprises\/\">ici.<\/a><\/p>\n\n\n\n<figure class=\"wp-block-image size-large base-block\"><img decoding=\"async\" width=\"1024\" height=\"683\" src=\"https:\/\/www.santamonica.com\/wp-content\/uploads\/2025\/05\/EP8A3930-1-1024x683.jpg\" alt=\"\" class=\"wp-image-766899\" title=\"\" srcset=\"https:\/\/www.santamonica.com\/wp-content\/uploads\/2025\/05\/EP8A3930-1-1024x683.jpg 1024w, https:\/\/www.santamonica.com\/wp-content\/uploads\/2025\/05\/EP8A3930-1-300x200.jpg 300w, https:\/\/www.santamonica.com\/wp-content\/uploads\/2025\/05\/EP8A3930-1-225x150.jpg 225w, https:\/\/www.santamonica.com\/wp-content\/uploads\/2025\/05\/EP8A3930-1-768x512.jpg 768w, https:\/\/www.santamonica.com\/wp-content\/uploads\/2025\/05\/EP8A3930-1-1536x1024.jpg 1536w, https:\/\/www.santamonica.com\/wp-content\/uploads\/2025\/05\/EP8A3930-1-2048x1365.jpg 2048w\" sizes=\"(max-width: 1024px) 100vw, 1024px\" \/><\/figure>\n\n\n<\/figure>","protected":false},"excerpt":{"rendered":"<p>Avez-vous un \u00e9v\u00e9nement de la Fiert\u00e9 ou une activit\u00e9 commerciale sp\u00e9ciale \u00e0 partager ? Soumettez-le ici.<\/p>","protected":false},"author":1421,"featured_media":766882,"parent":0,"menu_order":0,"comment_status":"closed","ping_status":"closed","template":"template-editorial.php","meta":{"_acf_changed":false,"inline_featured_image":false,"footnotes":""},"silos":[],"class_list":["post-379977","page","type-page","status-publish","has-post-thumbnail","hentry"],"acf":[],"_links":{"self":[{"href":"https:\/\/www.santamonica.com\/fr\/wp-json\/wp\/v2\/pages\/379977","targetHints":{"allow":["GET"]}}],"collection":[{"href":"https:\/\/www.santamonica.com\/fr\/wp-json\/wp\/v2\/pages"}],"about":[{"href":"https:\/\/www.santamonica.com\/fr\/wp-json\/wp\/v2\/types\/page"}],"author":[{"embeddable":true,"href":"https:\/\/www.santamonica.com\/fr\/wp-json\/wp\/v2\/users\/1421"}],"replies":[{"embeddable":true,"href":"https:\/\/www.santamonica.com\/fr\/wp-json\/wp\/v2\/comments?post=379977"}],"version-history":[{"count":28,"href":"https:\/\/www.santamonica.com\/fr\/wp-json\/wp\/v2\/pages\/379977\/revisions"}],"predecessor-version":[{"id":767810,"href":"https:\/\/www.santamonica.com\/fr\/wp-json\/wp\/v2\/pages\/379977\/revisions\/767810"}],"wp:featuredmedia":[{"embeddable":true,"href":"https:\/\/www.santamonica.com\/fr\/wp-json\/wp\/v2\/media\/766882"}],"wp:attachment":[{"href":"https:\/\/www.santamonica.com\/fr\/wp-json\/wp\/v2\/media?parent=379977"}],"wp:term":[{"taxonomy":"silos","embeddable":true,"href":"https:\/\/www.santamonica.com\/fr\/wp-json\/wp\/v2\/silos?post=379977"}],"curies":[{"name":"wp","href":"https:\/\/api.w.org\/{rel}","templated":true}]}}