{"id":379339,"date":"2023-04-27T17:18:51","date_gmt":"2023-04-28T00:18:51","guid":{"rendered":"https:\/\/www.santamonica.com\/?page_id=379339"},"modified":"2024-04-29T10:34:04","modified_gmt":"2024-04-29T17:34:04","slug":"cest-une-famille-vibrante","status":"publish","type":"page","link":"https:\/\/www.santamonica.com\/fr\/its-a-vibe-families\/","title":{"rendered":"Familles"},"content":{"rendered":"<section class=\"booking-cta --theme5 sm-block\">\n    <div id=\"widget-container-2070\"><\/div>\n<script type=\"text\/javascript\">\n  (function() {\n    var script = document.createElement('script');\n    script.type = 'text\/javascript';\n    script.async = 'true';\n    script.src = \"https:\/\/admin.bookdirect.net\/hs4\/widgets\/2070.js?widget_element=widget-container-2070\";\n    document.body.appendChild(script);\n  })();\n<\/script>\n    <\/section>\n\n\n\n\n    \n    <section class=\"subpage-links container-max sm-block\">\n        <div class=\"subpage-links__diamonds\"><\/div>\n                <div class=\"subpage-links__content\">\n            <div class=\"subpage-links__card\">\n                <div class=\"subpage-links__card-wrapper\">\n                    <a href=\"https:\/\/www.santamonica.com\/fr\/experience-santa-monica\/quartiers\/santa-monica-pier-ocean-avenue\/\" class=\"subpage-links__card-link\" aria-label=\"Jet\u00e9e de Santa Monica\">\n                                                    <img decoding=\"async\" width=\"1024\" height=\"647\" src=\"https:\/\/www.santamonica.com\/wp-content\/uploads\/2022\/07\/Pier-And-Bike-Path-1024x647.png\" class=\"subpage-links__card-image\" alt=\"Embarcad\u00e8re et piste cyclable\" loading=\"lazy\" srcset=\"https:\/\/www.santamonica.com\/wp-content\/uploads\/2022\/07\/Pier-And-Bike-Path-1024x647.png 1024w, https:\/\/www.santamonica.com\/wp-content\/uploads\/2022\/07\/Pier-And-Bike-Path-300x190.png 300w, https:\/\/www.santamonica.com\/wp-content\/uploads\/2022\/07\/Pier-And-Bike-Path-237x150.png 237w, https:\/\/www.santamonica.com\/wp-content\/uploads\/2022\/07\/Pier-And-Bike-Path-768x485.png 768w, https:\/\/www.santamonica.com\/wp-content\/uploads\/2022\/07\/Pier-And-Bike-Path.png 1320w\" sizes=\"auto, (max-width: 1024px) 100vw, 1024px\" title=\"\">                                                                            <div class=\"subpage-links__card-description\">\n                                <span class=\"subpage-links__card-title\">Jet\u00e9e de Santa Monica<\/span>\n                                <div class=\"subpage-links__card-button card-arrow\">Explorer<\/div>\n                            <\/div>\n                                            <\/a>\n                <\/div>\n            <\/div>\n            <div class=\"subpage-links__card\">\n                <div class=\"subpage-links__card-wrapper\">\n                    <a href=\"https:\/\/www.santamonica.com\/fr\/choses-a-faire\/parcs-de-santa-monica\/\" class=\"subpage-links__card-link\" aria-label=\"Parcs locaux\">\n                                                    <img decoding=\"async\" width=\"1024\" height=\"431\" src=\"https:\/\/www.santamonica.com\/wp-content\/uploads\/2022\/06\/Parks-desktop-slide--1024x431.jpg\" class=\"subpage-links__card-image\" alt=\"Diapositive du bureau des parcs\" loading=\"lazy\" srcset=\"https:\/\/www.santamonica.com\/wp-content\/uploads\/2022\/06\/Parks-desktop-slide--1024x431.jpg 1024w, https:\/\/www.santamonica.com\/wp-content\/uploads\/2022\/06\/Parks-desktop-slide--300x126.jpg 300w, https:\/\/www.santamonica.com\/wp-content\/uploads\/2022\/06\/Parks-desktop-slide--270x114.jpg 270w, https:\/\/www.santamonica.com\/wp-content\/uploads\/2022\/06\/Parks-desktop-slide--768x323.jpg 768w, https:\/\/www.santamonica.com\/wp-content\/uploads\/2022\/06\/Parks-desktop-slide--1536x647.jpg 1536w, https:\/\/www.santamonica.com\/wp-content\/uploads\/2022\/06\/Parks-desktop-slide-.jpg 1900w\" sizes=\"auto, (max-width: 1024px) 100vw, 1024px\" title=\"\">                                                                            <div class=\"subpage-links__card-description\">\n                                <div class=\"subpage-links__card-title\">Parcs locaux<\/div>\n                                <div class=\"subpage-links__card-button card-arrow\">Explorer<\/div>\n                            <\/div>\n                                            <\/a>\n                <\/div>\n            <\/div>\n            <div class=\"subpage-links__card\">\n                <div class=\"subpage-links__card-wrapper\">\n                    <a href=\"https:\/\/www.santamonica.com\/fr\/restaurants\/restaurants-de-plage\/\" class=\"subpage-links__card-link\" aria-label=\"Restaurants de plage\">\n                                                    <img decoding=\"async\" width=\"1024\" height=\"765\" src=\"https:\/\/www.santamonica.com\/wp-content\/uploads\/2022\/06\/elephante-santa-monica-beach-restaurants-1024x765.jpg\" class=\"subpage-links__card-image\" alt=\"Elephante Santa Monica Beach Restaurants\" loading=\"lazy\" srcset=\"https:\/\/www.santamonica.com\/wp-content\/uploads\/2022\/06\/elephante-santa-monica-beach-restaurants-1024x765.jpg 1024w, https:\/\/www.santamonica.com\/wp-content\/uploads\/2022\/06\/elephante-santa-monica-beach-restaurants-300x224.jpg 300w, https:\/\/www.santamonica.com\/wp-content\/uploads\/2022\/06\/elephante-santa-monica-beach-restaurants-201x150.jpg 201w, https:\/\/www.santamonica.com\/wp-content\/uploads\/2022\/06\/elephante-santa-monica-beach-restaurants-768x574.jpg 768w, https:\/\/www.santamonica.com\/wp-content\/uploads\/2022\/06\/elephante-santa-monica-beach-restaurants.jpg 1339w\" sizes=\"auto, (max-width: 1024px) 100vw, 1024px\" title=\"\">                                                                            <div class=\"subpage-links__card-description\">\n                                <div class=\"subpage-links__card-title\">Restaurants de plage<\/div>\n                                <div class=\"subpage-links__card-button card-arrow\">Explorer<\/div>\n                            <\/div>\n                                            <\/a>\n                <\/div>\n            <\/div>\n        <\/div>\n            <\/section>\n\n\n<section class=\"stakeholder-feed sm-block js-stk-root sm-block\">\n    <div class=\"stakeholder-feed__top\">\n        <div class=\"stakeholder-feed__intro\">\n                            <h2 class=\"stakeholder-feed__headline\">De la place pour tous<\/h2>                                        <div class=\"stakeholder-feed__intro-body wysiwyg\">\n                    <p>D\u00e9couvrez la maison parfaite loin de chez vous \u00e0 Santa Monica. Des stations baln\u00e9aires aux h\u00f4tels du centre-ville au c\u0153ur de l'action, il y a un s\u00e9jour pour tous les go\u00fbts. (Allez-y, optez pour la suite. Vous le m\u00e9ritez.)<\/p>\n                <\/div>\n                    <\/div>\n        <div class=\"stakeholder-feed__nav-section\">\n                            <h1 class=\"stakeholder-feed__feed-title\">Explorer les h\u00f4tels de Santa Monica<\/h1>                                        <a href=\"https:\/\/www.santamonica.com\/fr\/hotels\/sejour-a-santa-monica\/\" class=\"stakeholder-feed__feed-cta button --primary-teal-button\" >Voir tous les h\u00f4tels<\/a>            \n                        <div class=\"stakeholder-feed__pagination xxx--desktop-hide\">\n                <div class=\"swiper-button-prev stakeholder-feed__pagination-prev\"><\/div>\n                <div class=\"swiper-button-next stakeholder-feed__pagination-next\"><\/div>\n            <\/div>\n        <\/div>\n    <\/div>\n    <div class=\"stakeholder-feed__bottom\">\n        <div class=\"stakeholder-feed__feed-list-wrapper swiper js-stk-swiper\">\n            <ul class=\"stakeholder-feed__feed-list swiper-wrapper js-stk-wrapper\">\n                    <li class=\"swiper-slide stakeholder-card --theme3\">\n        <a class=\"stakeholder-card__link\" href=\"https:\/\/www.santamonica.com\/fr\/hotels\/sea-shore-motel\/\">\n            <div class=\"stakeholder-card__image\">\n                <img decoding=\"async\" src=\"https:\/\/assets.simpleviewinc.com\/simpleview\/image\/upload\/crm\/santamonica\/_O5C60710-e6bbd78e5056b36_e6bbe64d-5056-b365-ab6821cfd565722c.jpg\" alt=\"Motel Sea Shore\" title=\"\">\n            <\/div>\n            <div class=\"stakeholder-card__stk-info\">\n                <div class=\"stakeholder-card__stk-name\">Motel Sea Shore<\/div>\n                <div class=\"stakeholder-card__stk-cat\">Motel<\/div>\n            <\/div>\n        <\/a>\n    <\/li>\n        <li class=\"swiper-slide stakeholder-card --theme3\">\n        <a class=\"stakeholder-card__link\" href=\"https:\/\/www.santamonica.com\/fr\/hotels\/ocean-park-inn\/\">\n            <div class=\"stakeholder-card__image\">\n                <img decoding=\"async\" src=\"https:\/\/assets.simpleviewinc.com\/simpleview\/image\/upload\/crm\/santamonica\/NEW-IMAGE-Ocean-Park-Inn-013124_CC6672B4-D714-23DF-F5FFBDEE6D65B0DD-cc666ba5c425fd3_cc667f58-0cb0-a398-1478939da4c16c5a.jpg\" alt=\"Ocean Park Inn\" title=\"\">\n            <\/div>\n            <div class=\"stakeholder-card__stk-info\">\n                <div class=\"stakeholder-card__stk-name\">Ocean Park Inn<\/div>\n                <div class=\"stakeholder-card__stk-cat\">H\u00e9bergement<\/div>\n            <\/div>\n        <\/a>\n    <\/li>\n        <li class=\"swiper-slide stakeholder-card --theme3\">\n        <a class=\"stakeholder-card__link\" href=\"https:\/\/www.santamonica.com\/fr\/hotels\/huntley-santa-monica-beach\/\">\n            <div class=\"stakeholder-card__image\">\n                <img decoding=\"async\" src=\"https:\/\/assets.simpleviewinc.com\/simpleview\/image\/upload\/crm\/santamonica\/The-Regal-Terrace_EE59B3E0-CB4D-4433-A3639E1A2E4DB269_ccc98b7b-105e-438e-a81a6b2f2d595161.jpg\" alt=\"Huntley Santa Monica Beach\" title=\"\">\n            <\/div>\n            <div class=\"stakeholder-card__stk-info\">\n                <div class=\"stakeholder-card__stk-name\">Huntley Santa Monica Beach<\/div>\n                <div class=\"stakeholder-card__stk-cat\">Luxe<\/div>\n            <\/div>\n        <\/a>\n    <\/li>\n        <li class=\"swiper-slide stakeholder-card --theme3\">\n        <a class=\"stakeholder-card__link\" href=\"https:\/\/www.santamonica.com\/fr\/hotels\/shore-hotel\/\">\n            <div class=\"stakeholder-card__image\">\n                <img decoding=\"async\" src=\"https:\/\/assets.simpleviewinc.com\/simpleview\/image\/upload\/crm\/santamonica\/Shore-Hotel_c03e4672-5056-b365-abb9adcea4348630.jpg\" alt=\"H\u00f4tel Shore\" title=\"\">\n            <\/div>\n            <div class=\"stakeholder-card__stk-info\">\n                <div class=\"stakeholder-card__stk-name\">H\u00f4tel Shore<\/div>\n                <div class=\"stakeholder-card__stk-cat\">O\u00f9 se rencontrer<\/div>\n            <\/div>\n        <\/a>\n    <\/li>\n                <\/ul>\n        <\/div>\n    <\/div>\n<\/section>\n\n\n<section class=\"travel-tips --theme7 sm-block base-block\">\n    <div class=\"travel-tips__inner\">\n        <div class=\"travel-tips__body-col\">\n                            <img decoding=\"async\" src=\"https:\/\/www.santamonica.com\/wp-content\/uploads\/2022\/06\/responsible-badge-1.svg\" alt=\"Voyager de mani\u00e8re responsable \u00e0 Santa Monica\" title=\"\">\n                                        <p class=\"travel-tips__intro\">Voyagez en toute s\u00e9curit\u00e9 et de mani\u00e8re durable pour contribuer \u00e0 pr\u00e9server la beaut\u00e9 de Santa Monica tout en restant en bonne sant\u00e9 gr\u00e2ce \u00e0 ces conseils.<\/p>\n                    <\/div>\n        <div class=\"travel-tips__links-col\">\n                        <div class=\"travel-tips__link-row\">\n                                    <img decoding=\"async\" src=\"https:\/\/www.santamonica.com\/wp-content\/uploads\/2022\/06\/Parking-Information.svg\" alt=\"Stationnement \u00e0 Santa Monica\" title=\"\">\n                                                    <a class=\"travel-tips__link\" href=\"https:\/\/www.santamonica.com\/fr\/le-transport\/stationnement\/\">\n                        Informations sur le stationnement                    <\/a>\n                            <\/div>\n                        <div class=\"travel-tips__link-row\">\n                                    <img decoding=\"async\" src=\"https:\/\/www.santamonica.com\/wp-content\/uploads\/2022\/06\/What-to-Pack.svg\" alt=\"Pr\u00e9parer sa valise pour un voyage \u00e0 Santa Monica\" title=\"\">\n                                                    <a class=\"travel-tips__link\" href=\"https:\/\/www.santamonica.com\/fr\/experience-santa-monica\/ce-quil-faut-emballer\/\">\n                        Ce qu'il faut emporter                    <\/a>\n                            <\/div>\n                        <div class=\"travel-tips__link-row\">\n                                    <img decoding=\"async\" src=\"https:\/\/www.santamonica.com\/wp-content\/uploads\/2022\/06\/Health-and-Safety.svg\" alt=\"Conseils de s\u00e9curit\u00e9 pour les voyages \u00e0 Santa Monica\" title=\"\">\n                                                    <a class=\"travel-tips__link\" href=\"https:\/\/www.santamonica.com\/fr\/experience-santa-monica\/la-securite\/\">\n                        Sant\u00e9 et s\u00e9curit\u00e9                    <\/a>\n                            <\/div>\n                        <div class=\"travel-tips__link-row\">\n                                    <img decoding=\"async\" src=\"https:\/\/www.santamonica.com\/wp-content\/uploads\/2022\/06\/The-Essentials.svg\" alt=\"Les essentiels du voyage \u00e0 Santa Monica\" title=\"\">\n                                                    <a class=\"travel-tips__link\" href=\"https:\/\/www.santamonica.com\/fr\/experience-santa-monica\/essentiels\/\">\n                        L'essentiel                    <\/a>\n                            <\/div>\n                    <\/div>\n\n    <\/div>\n<\/section>\n\n\n<section class=\"events-feed sm-block sm-block\">\n    <div class=\"events-feed__inner\">\n        <div class=\"events-feed__body\">\n                            <div class=\"events-feed__body-eyebrow eyebrow\">\u00c9v\u00e9nements en vedette<\/div>                                        <h2 class=\"events-feed__body-headline\">\u00c9v\u00e9nements familiaux<\/h2>                                        <div class=\"events-feed__body-intro wysiwyg\"><p><span style=\"font-weight: 400;\">Des plus petits voyageurs aux parents et aux parents des parents, Santa Monica est un terrain de jeu pour les familles de toutes formes et de toutes tailles. D\u00e9couvrez les concerts, les festivals, les \u00e9v\u00e9nements r\u00e9serv\u00e9s aux enfants et d'autres moyens de profiter au maximum de votre visite avec les personnes qui comptent le plus.<\/span><\/p>\n<\/div>\n                                        <a href=\"https:\/\/www.santamonica.com\/fr\/evenements\/\" class=\"events-feed__body-cta button --primary-teal-button\" >Voir le calendrier<\/a>                    <\/div>\n        <div class=\"events-feed__events\">\n                            <a class=\"events-feed__event\" href=\"https:\/\/www.santamonica.com\/fr\/event\/karen-knorr-scavi\/2026-04-15\/\">\n                    <div class=\"events-feed__event-date\">\n                        <div class=\"events-feed__event-month\">\n                            Avr                        <\/div>\n                        <div class=\"events-feed__event-day\">\n                            15                        <\/div>\n                                            <\/div>\n                                            <div class=\"events-feed__event-cat --theme3\">L'art<\/div>\n                                        <div class=\"events-feed__event-details\">\n                        <h3 class=\"events-feed__event-title\">\n                            Karen Knorr - \u201cScavi\u201d (en anglais)\u201d                        <\/h3>\n                        <div class=\"events-feed__event-desc\">La galerie Danziger a le plaisir de pr\u00e9senter Scavi, la derni\u00e8re s\u00e9rie en cours de Karen Knorr. \u201cScavi\u201d, le mot italien pour \u201cexcavations\u201d, a commenc\u00e9 en...<\/div>\n                    <\/div>\n                    <div class=\"events-feed__event-thumb\">\n                        <img decoding=\"async\" src=\"https:\/\/www.santamonica.com\/wp-content\/uploads\/2026\/02\/Screenshot-2026-02-27-at-2.11.02-PM-1024x768.png\" alt=\"Karen Knorr - \" title=\"\">\n                    <\/div>\n                <\/a>\n                            <a class=\"events-feed__event\" href=\"https:\/\/www.santamonica.com\/fr\/event\/downtown-farmers-market\/2026-04-15\/\">\n                    <div class=\"events-feed__event-date\">\n                        <div class=\"events-feed__event-month\">\n                            Avr                        <\/div>\n                        <div class=\"events-feed__event-day\">\n                            15                        <\/div>\n                                            <\/div>\n                                            <div class=\"events-feed__event-cat --theme3\">Nourriture\/Boisson<\/div>\n                                        <div class=\"events-feed__event-details\">\n                        <h3 class=\"events-feed__event-title\">\n                            March\u00e9 fermier du centre-ville - March\u00e9 du mercredi                        <\/h3>\n                        <div class=\"events-feed__event-desc\">Le plus grand march\u00e9 de producteurs certifi\u00e9s de Californie du Sud et le favori des chefs locaux ! Le march\u00e9 de Santa Monica est l'un des plus...<\/div>\n                    <\/div>\n                    <div class=\"events-feed__event-thumb\">\n                        <img decoding=\"async\" src=\"https:\/\/www.santamonica.com\/wp-content\/uploads\/2022\/08\/All-Farmers-Markets.png\" alt=\"March\u00e9 fermier du centre-ville - March\u00e9 du mercredi\" title=\"\">\n                    <\/div>\n                <\/a>\n                            <a class=\"events-feed__event\" href=\"https:\/\/www.santamonica.com\/fr\/event\/betsys-tyler-wells-x-jolie-laides-scott-schultz-at-crudo-e-nudo\/\">\n                    <div class=\"events-feed__event-date\">\n                        <div class=\"events-feed__event-month\">\n                            Avr                        <\/div>\n                        <div class=\"events-feed__event-day\">\n                            15                        <\/div>\n                                            <\/div>\n                                            <div class=\"events-feed__event-cat --theme3\">Nourriture\/Boisson<\/div>\n                                        <div class=\"events-feed__event-details\">\n                        <h3 class=\"events-feed__event-title\">\n                            Tyler Wells de Betsy x Scott Schultz de Jolie Laide \u00e0 Crudo e Nudo                        <\/h3>\n                        <div class=\"events-feed__event-desc\">Du 13 au 19 avril, la s\u00e9rie de chefs invit\u00e9s et de vignerons du cinqui\u00e8me anniversaire de Crudo e Nudo r\u00e9unit les amis du chef-propri\u00e9taire Brian Bornemann....<\/div>\n                    <\/div>\n                    <div class=\"events-feed__event-thumb\">\n                        <img decoding=\"async\" src=\"https:\/\/www.santamonica.com\/wp-content\/uploads\/2026\/03\/Screenshot-2026-03-24-at-3.19.36-PM-1024x1024.png\" alt=\"Tyler Wells de Betsy x Scott Schultz de Jolie Laide \u00e0 Crudo e Nudo\" title=\"\">\n                    <\/div>\n                <\/a>\n                    <\/div>\n    <\/div>\n<\/section>\n\n\n<section class=\"blog-feed --theme8 sm-block\">\n    <div class=\"blog-feed__content\">\n        <div class=\"blog-feed__intro\">\n                            <div class=\"blog-feed__eyebrow eyebrow\">Blogs<\/div>                                        <h3 class=\"blog-feed__headline\">Plus d'activit\u00e9s pour les familles<\/h3>                                        <div class=\"blog-feed__body\"><p><span style=\"font-weight: 400;\">Essayez quelque chose de nouveau ou faites ce que vous aimez, avec la personne que vous aimez.<\/span><\/p>\n<\/div>\n                                        <a class=\"blog-feed__cta\" href=\"https:\/\/www.santamonica.com\/fr\/articles-de-blog\/\">Voir tous les blogs<\/a>\n                    <\/div>\n\n        <ul class=\"blog-feed__list\">\n                                                <li class=\"blog-feed__item\">\n                        <a href=\"https:\/\/www.santamonica.com\/fr\/things-to-do\/family\/three-days-of-family-fun-in-santa-monica\/\" class=\"blog-feed__item-link\">\n                            <div class=\"blog-feed__image-ratio\">\n                                <img decoding=\"async\" class=\"blog-feed__image\" src=\"https:\/\/www.santamonica.com\/wp-content\/uploads\/2019\/08\/Annenberg-Beach-House-Santa-Monica-Featured-400x400.jpg\" alt=\"Trois jours d&#039;activit\u00e9s familiales \u00e0 Santa Monica\" title=\"\">\n                            <\/div>\n                            <div class=\"blog-feed__card-title\">Trois jours d'activit\u00e9s familiales \u00e0 Santa Monica<\/div>\n                        <\/a>\n                    <\/li>\n                                                                <li class=\"blog-feed__item\">\n                        <a href=\"https:\/\/www.santamonica.com\/fr\/hotels\/family-friendly-hotels-in-santa-monica\/\" class=\"blog-feed__item-link\">\n                            <div class=\"blog-feed__image-ratio\">\n                                <img decoding=\"async\" class=\"blog-feed__image\" src=\"https:\/\/www.santamonica.com\/wp-content\/uploads\/2019\/03\/family-friendly-hotels-featured-400x400.jpg\" alt=\"H\u00f4tels familiaux \u00e0 Santa Monica\" title=\"\">\n                            <\/div>\n                            <div class=\"blog-feed__card-title\">H\u00f4tels familiaux \u00e0 Santa Monica<\/div>\n                        <\/a>\n                    <\/li>\n                                                                <li class=\"blog-feed__item\">\n                        <a href=\"https:\/\/www.santamonica.com\/fr\/things-to-do\/4-must-try-beach-activities\/\" class=\"blog-feed__item-link\">\n                            <div class=\"blog-feed__image-ratio\">\n                                <img decoding=\"async\" class=\"blog-feed__image\" src=\"https:\/\/www.santamonica.com\/wp-content\/uploads\/2015\/07\/Must-Do-Family-Friendly-Activites_SondraStocker.com-520x546-400x400.jpg\" alt=\"4 activit\u00e9s de plage incontournables pour toute la famille\" title=\"\">\n                            <\/div>\n                            <div class=\"blog-feed__card-title\">4 activit\u00e9s de plage incontournables pour toute la famille<\/div>\n                        <\/a>\n                    <\/li>\n                                    <\/ul>\n    <\/div>\n<\/section>","protected":false},"excerpt":{"rendered":"","protected":false},"author":1450,"featured_media":379343,"parent":0,"menu_order":0,"comment_status":"closed","ping_status":"closed","template":"template-editorial.php","meta":{"_acf_changed":false,"inline_featured_image":false,"footnotes":""},"silos":[],"class_list":["post-379339","page","type-page","status-publish","has-post-thumbnail","hentry"],"acf":[],"_links":{"self":[{"href":"https:\/\/www.santamonica.com\/fr\/wp-json\/wp\/v2\/pages\/379339","targetHints":{"allow":["GET"]}}],"collection":[{"href":"https:\/\/www.santamonica.com\/fr\/wp-json\/wp\/v2\/pages"}],"about":[{"href":"https:\/\/www.santamonica.com\/fr\/wp-json\/wp\/v2\/types\/page"}],"author":[{"embeddable":true,"href":"https:\/\/www.santamonica.com\/fr\/wp-json\/wp\/v2\/users\/1450"}],"replies":[{"embeddable":true,"href":"https:\/\/www.santamonica.com\/fr\/wp-json\/wp\/v2\/comments?post=379339"}],"version-history":[{"count":30,"href":"https:\/\/www.santamonica.com\/fr\/wp-json\/wp\/v2\/pages\/379339\/revisions"}],"predecessor-version":[{"id":413577,"href":"https:\/\/www.santamonica.com\/fr\/wp-json\/wp\/v2\/pages\/379339\/revisions\/413577"}],"wp:featuredmedia":[{"embeddable":true,"href":"https:\/\/www.santamonica.com\/fr\/wp-json\/wp\/v2\/media\/379343"}],"wp:attachment":[{"href":"https:\/\/www.santamonica.com\/fr\/wp-json\/wp\/v2\/media?parent=379339"}],"wp:term":[{"taxonomy":"silos","embeddable":true,"href":"https:\/\/www.santamonica.com\/fr\/wp-json\/wp\/v2\/silos?post=379339"}],"curies":[{"name":"wp","href":"https:\/\/api.w.org\/{rel}","templated":true}]}}