{"id":374399,"date":"2023-02-03T10:40:46","date_gmt":"2023-02-03T18:40:46","guid":{"rendered":"https:\/\/www.santamonica.com\/?page_id=374399"},"modified":"2026-02-06T15:08:18","modified_gmt":"2026-02-06T23:08:18","slug":"mois-de-lhistoire-noire","status":"publish","type":"page","link":"https:\/\/www.santamonica.com\/fr\/black-history-month\/","title":{"rendered":"Mois de l'histoire des Noirs 2026"},"content":{"rendered":"<section class=\"image-section-break sm-block\">\n    <div class=\"image-section-break__image-wrapper\">\n                    <picture>\n                    <source\n                        media=\"(min-width: 768px)\"\n                        srcset=\"https:\/\/www.santamonica.com\/wp-content\/uploads\/2025\/02\/Black_History_Month_1656x574.jpg\"\n                    >\n                    <img decoding=\"async\" src=\"https:\/\/www.santamonica.com\/wp-content\/uploads\/2025\/02\/Black_History_Month_650x866.jpg\" class=\"image-section-break__image\" alt=\"\" title=\"\">\n            <\/picture>\n                \n\n    <\/div>\n    <div class=\"image-section-break__text-content\">\n        <div class=\"image-section-break__first-content --theme3\">\n                                        <h2 class=\"image-section-break__title\">\u00c9v\u00e9nements et manifestations<\/h2>\n                                        <div class=\"image-section-break__body-copy wysiwyg\"><h4>Groupe de lecture Myst\u00e8res et Thrillers : \u201cWhile Justice Sleeps\u201d de Stacey Abrams<\/h4>\n<p><em>Mardi 17 f\u00e9vrier de 19h \u00e0 20h via Zoom\u00a0<\/em><\/p>\n<p>Ce groupe de discussion se r\u00e9unit virtuellement pour discuter de titres nationaux et internationaux dans le domaine du myst\u00e8re et du thriller. Au cours du mois de f\u00e9vrier, les participants au groupe de lecture liront et discuteront du roman politique \u00e0 suspense de Stacey Abrams, \u2019While Justice Sleeps\u201c (Pendant que la justice dort). Pour vous inscrire, envoyez un courriel \u00e0 library@santamonica.gov.<\/p>\n<h4>Le SMPL pr\u00e9sente : La maison iconique de Ninja<\/h4>\n<p><em>Mercredi 18 f\u00e9vrier de 19h00 \u00e0 20h00 \u00e0 la Biblioth\u00e8que principale, Auditorium MLK Jr.<\/em><\/p>\n<p>Pr\u00e9parez-vous \u00e0 travailler ! L'embl\u00e9matique House of Ninja met le feu aux poudres dans un spectacle de danse vogue qui ne manquera pas d'\u00e9lectriser. Fond\u00e9e en 1982 par feu Willi Ninja, le \u2018Parrain de la Vogue\u2019, la House of Ninja a eu un impact majeur sur la culture de la danse de salon et la culture g\u00e9n\u00e9rale, apparaissant dans le documentaire prim\u00e9 Paris Is Burning et dans la s\u00e9rie de comp\u00e9titions de danse de salon Legendary, diffus\u00e9e sur HBO Max. La House of Ninja a travaill\u00e9 avec certains des plus grands noms de la mode et de la musique, dont Madonna, Lady Gaga, Beyonc\u00e9 et Doechii, et leur performance est s\u00fbre d'obtenir des 10 sur toute la ligne !<\/p>\n<h4>Soir\u00e9e locale : Nuit du jazz<\/h4>\n<p><em>Jeudi 19 f\u00e9vrier de 15h30 \u00e0 22h au Santa Monica Pier<\/em><\/p>\n<p>Locals\u2019 Night apporte le rythme avec BroadStage's Jazz Night, qui met en vedette des anciens \u00e9l\u00e8ves ph\u00e9nom\u00e9naux du programme Stanley Clarke's Artist Residency. Pour c\u00e9l\u00e9brer le Mois de l'histoire des Noirs, il faut se laisser bercer par le groove, tandis que le bar \u00e0 vins Offhand propose des s\u00e9lections de vins parfaitement assortis.<\/p>\n<h4>Groupe de livres de fiction remarquables : \u201cThe Birdwatcher\u201d de Gayl Jones<\/h4>\n<p><em>Samedi 21 f\u00e9vrier de 11h \u00e0 12h30 via Zoom\u00a0<\/em><\/p>\n<p>Ce groupe de discussion mensuel, dirig\u00e9 par la communaut\u00e9, se r\u00e9unit virtuellement pour discuter de titres de fiction prim\u00e9s. Au cours du mois de f\u00e9vrier, les participants au groupe de lecture liront et discuteront de \u201cThe Birdwatcher\u201d, un ouvrage finaliste du National Book Award qui explore l'expression cr\u00e9ative des femmes noires. Pour vous inscrire, envoyez un courriel \u00e0 library@santamonica.gov.<\/p>\n<h4>Sissies : Quelque chose de parfait entre nous<\/h4>\n<p><em>Samedi 21 f\u00e9vrier de 15h \u00e0 17h au Beach House de la Communaut\u00e9 Annenberg\u00a0<\/em><\/p>\n<p>Bernard Brown, directeur et chor\u00e9graphe de bbmoves, pr\u00e9sentera en avant-premi\u00e8re Sissies : Something Perfect between Ourselves, une performance et une installation r\u00e9alis\u00e9es par, pour et sur des artistes queer noirs, bruns et indig\u00e8nes qui ont cr\u00e9\u00e9 des espaces alimentant la musique, la danse, la mode et le rythme cr\u00e9atif de l'underground queer de Los Angeles.<\/p>\n<p>&nbsp;<\/p>\n<\/div>\n                                <\/div>\n        <div class=\"image-section-break__second-content\">\n                            <div class=\"image-section-break__body-copy wysiwyg\"><h4>D\u00e9fi lecture pour le Mois de l'histoire des Noirs<\/h4>\n<p><em>Du dimanche 1er f\u00e9vrier au samedi 28 f\u00e9vrier \/ Visite <a href=\"https:\/\/smpl.beanstack.org\/reader365\" target=\"_blank\" rel=\"noopener\">smpl.beanstack.org<\/a> s'inscrire\u00a0<\/em><\/p>\n<p>Explorez et honorez la richesse de l'histoire, de la culture et des r\u00e9alisations des hommes et des femmes noirs \u00e0 travers les livres, en pr\u00e9sentant des titres ayant re\u00e7u un Coretta Scott King Book Award (prix du livre Coretta Scott King). Ces prix sont d\u00e9cern\u00e9s \u00e0 des auteurs et illustrateurs afro-am\u00e9ricains exceptionnels de livres pour enfants et jeunes adultes qui t\u00e9moignent d'une appr\u00e9ciation de la culture afro-am\u00e9ricaine et des valeurs humaines universelles. Enregistre tes lectures et tes activit\u00e9s pour gagner des badges et participer au tirage au sort d'un pack de livres. Pour les 12-17 ans.<\/p>\n<h4>Hommage \u00e0 Eddie Davis, service d'incendie de Santa Monica, 1960<\/h4>\n<p><em>Mardi 24 f\u00e9vrier de 17h30 \u00e0 18h30 \u00e0 l'h\u00f4tel de ville de Santa Monica\u00a0<\/em><\/p>\n<p>Rejoignez la ville pour honorer l'h\u00e9ritage d'Eddie Davis, le premier pompier noir de Santa Monica, en comm\u00e9morant son service, sa d\u00e9termination et son impact durable sur notre communaut\u00e9.<\/p>\n<h4>11e festival annuel des verts<\/h4>\n<p><em>Samedi 28 f\u00e9vrier de 11h \u00e0 16h au Virginia Avenue Park\u00a0<\/em><\/p>\n<p>Amenez votre famille, vos amis et vos voisins pour une journ\u00e9e de culture, de connexion et de c\u00e9l\u00e9bration lors du 11e festival annuel Greens, une c\u00e9l\u00e9bration joyeuse du Mois de l'histoire des Noirs, pr\u00e9sent\u00e9e par le Black Santa Monica Community Group en collaboration avec Virginia Avenue Park.<\/p>\n<p>Le th\u00e8me de cette ann\u00e9e, \u201cBoots on the Ground\u201d, met \u00e0 l'honneur la communaut\u00e9 et la culture. Des d\u00e9monstrations de cuisine verte, de la musique et de la danse, des vendeurs locaux et des stands offrant des ressources et des informations \u00e0 la communaut\u00e9 seront propos\u00e9s. Arron \u201cBobo\u201d Arnell sera de nouveau le ma\u00eetre de c\u00e9r\u00e9monie et DJ Dense de KJLH animera l'\u00e9v\u00e9nement.<\/p>\n<h4>Mois de l'histoire des Noirs : projection d'un film :\u201cRuby Bridges\u201d (en anglais)\u201d<\/h4>\n<p><em>Samedi 28 f\u00e9vrier de 15h \u00e0 17h \u00e0 la biblioth\u00e8que principale\u00a0<\/em><\/p>\n<p>D\u00e9couvrez Ruby Bridges, une jeune fille noire, et son exp\u00e9rience d'int\u00e9gration \u00e0 l'\u00e9cole primaire William Frantz, qui \u00e9tait auparavant une \u00e9cole r\u00e9serv\u00e9e aux Blancs \u00e0 la Nouvelle-Orl\u00e9ans. Dur\u00e9e : 96 min. Pour les familles.<\/p>\n<h4>Accueil \u00c0 fleur de peau<\/h4>\n<p><em>Samedi 28 f\u00e9vrier, 15h, 16h et 17h au Historic Belmar Park\u00a0<\/em><\/p>\n<p>L'\u0153uvre \u2019Home Under One's Skin\u201c de Marcella Lewis est cr\u00e9\u00e9e en conversation avec l'\u0153uvre \u201dA Resurrection in Four Stanzas\u2019 d'April Banks au Historic Belmar Park, une sculpture publique qui traite de l'histoire des d\u00e9placements et des souvenirs. Enracin\u00e9e dans le mouvement, la voix et l'engagement direct du public, l'\u0153uvre de Lewis r\u00e9fl\u00e9chit \u00e0 la m\u00e9moire, au renouveau et \u00e0 la nostalgie, en mettant l'accent sur la perte interg\u00e9n\u00e9rationnelle de la \u201cvie sous le porche\u201d, un espace culturel de rassemblement, de narration et de soins qui \u00e9tait autrefois au c\u0153ur de la vie communautaire noire.<\/p>\n<p><!-- wp:heading {\"level\":4} --><\/p>\n<h4 class=\"wp-block-heading\">BroadStage<\/h4>\n<p><em>Tout au long du mois de f\u00e9vrier<\/em><\/p>\n<p><!-- \/wp:heading --> <!-- wp:paragraph --><\/p>\n<p>Rejoindre <a href=\"https:\/\/www.santamonica.com\/fr\/choses-a-faire\/la-grande-scene\/\">BroadStage<\/a> pour c\u00e9l\u00e9brer le Mois de l'histoire des Noirs en f\u00e9vrier, avec une OFFRE SP\u00c9CIALE sur le <em>Une nuit d'humour avec Dominique : Oh My ! Mama La femme s'en va !<\/em> et <em>Les ma\u00eetres du groove de la Nouvelle-Orl\u00e9ans<\/em>. Profitez de 25% de r\u00e9duction sur ces spectacles en utilisant le code \u201cBHM25\u201d lors du paiement. Billets \u00e0 <a href=\"http:\/\/broadstage.org\" data-type=\"link\" data-id=\"broadstage.org\" target=\"_blank\" rel=\"noopener\">broadstage.org<\/a>!<!-- \/wp:paragraph --><\/p>\n<\/div>\n                                <\/div>\n    <\/div>\n<\/section>\n\n\n\n<section class=\"image-section-break sm-block\">\n    <div class=\"image-section-break__image-wrapper\">\n                    <picture>\n                    <source\n                        media=\"(min-width: 768px)\"\n                        srcset=\"https:\/\/www.santamonica.com\/wp-content\/uploads\/2023\/02\/Black-Owned-Business.jpg\"\n                    >\n                    <img decoding=\"async\" src=\"https:\/\/www.santamonica.com\/wp-content\/uploads\/2023\/02\/Black-Owned-Business-Tall.jpg\" class=\"image-section-break__image\" alt=\"Femme se tenant fi\u00e8rement devant son magasin de v\u00eatements\" title=\"\">\n            <\/picture>\n                \n\n    <\/div>\n    <div class=\"image-section-break__text-content\">\n        <div class=\"image-section-break__first-content --theme3\">\n                                        <h2 class=\"image-section-break__title\">Sp\u00e9cial entreprises<\/h2>\n                                        <div class=\"image-section-break__body-copy wysiwyg\"><p>D'autres offres sp\u00e9ciales pour les entreprises seront bient\u00f4t disponibles !<\/p>\n<\/div>\n                                <\/div>\n        <div class=\"image-section-break__second-content\">\n                                <\/div>\n    <\/div>\n<\/section>\n\n\n\n<p class=\"has-text-align-center base-block\"><em>Pour plus d'entreprises appartenant \u00e0 des Noirs, <a href=\"https:\/\/www.santamonica.gov\/blackownedbusinesses\" target=\"_blank\" rel=\"noreferrer noopener\">consulter la liste compl\u00e8te sur le site web de la ville de Santa Monica<\/a>.<\/em><\/p>\n\n\n<section class=\"travel-tips --theme7 sm-block base-block\">\n    <div class=\"travel-tips__inner\">\n        <div class=\"travel-tips__body-col\">\n                            <img decoding=\"async\" src=\"https:\/\/www.santamonica.com\/wp-content\/uploads\/2022\/06\/responsible-badge-1.svg\" alt=\"Voyager de mani\u00e8re responsable \u00e0 Santa Monica\" title=\"\">\n                                        <p class=\"travel-tips__intro\">Voyagez en toute s\u00e9curit\u00e9 et de mani\u00e8re durable pour contribuer \u00e0 pr\u00e9server la beaut\u00e9 de Santa Monica tout en restant en bonne sant\u00e9 gr\u00e2ce \u00e0 ces conseils.<\/p>\n                    <\/div>\n        <div class=\"travel-tips__links-col\">\n                        <div class=\"travel-tips__link-row\">\n                                    <img decoding=\"async\" src=\"https:\/\/www.santamonica.com\/wp-content\/uploads\/2022\/06\/Parking-Information.svg\" alt=\"Stationnement \u00e0 Santa Monica\" title=\"\">\n                                                    <a class=\"travel-tips__link\" href=\"https:\/\/www.santamonica.com\/fr\/le-transport\/stationnement\/\">\n                        Informations sur le stationnement                    <\/a>\n                            <\/div>\n                        <div class=\"travel-tips__link-row\">\n                                    <img decoding=\"async\" src=\"https:\/\/www.santamonica.com\/wp-content\/uploads\/2022\/06\/What-to-Pack.svg\" alt=\"Pr\u00e9parer sa valise pour un voyage \u00e0 Santa Monica\" title=\"\">\n                                                    <a class=\"travel-tips__link\" href=\"https:\/\/www.santamonica.com\/fr\/experience-santa-monica\/ce-quil-faut-emballer\/\">\n                        Ce qu'il faut emporter                    <\/a>\n                            <\/div>\n                        <div class=\"travel-tips__link-row\">\n                                    <img decoding=\"async\" src=\"https:\/\/www.santamonica.com\/wp-content\/uploads\/2022\/06\/Health-and-Safety.svg\" alt=\"Conseils de s\u00e9curit\u00e9 pour les voyages \u00e0 Santa Monica\" title=\"\">\n                                                    <a class=\"travel-tips__link\" href=\"https:\/\/www.santamonica.com\/fr\/experience-santa-monica\/la-securite\/\">\n                        Sant\u00e9 et s\u00e9curit\u00e9                    <\/a>\n                            <\/div>\n                        <div class=\"travel-tips__link-row\">\n                                    <img decoding=\"async\" src=\"https:\/\/www.santamonica.com\/wp-content\/uploads\/2022\/06\/The-Essentials.svg\" alt=\"Les essentiels du voyage \u00e0 Santa Monica\" title=\"\">\n                                                    <a class=\"travel-tips__link\" href=\"https:\/\/www.santamonica.com\/fr\/experience-santa-monica\/essentiels\/\">\n                        L'essentiel                    <\/a>\n                            <\/div>\n                    <\/div>\n\n    <\/div>\n<\/section>\n\n\n    <section class=\"booking-cta --theme5 sm-block\">\n    <div id=\"widget-container-2070\"><\/div>\n<script type=\"text\/javascript\">\n  (function() {\n    var script = document.createElement('script');\n    script.type = 'text\/javascript';\n    script.async = 'true';\n    script.src = \"https:\/\/admin.bookdirect.net\/hs4\/widgets\/2070.js?widget_element=widget-container-2070\";\n    document.body.appendChild(script);\n  })();\n<\/script>\n    <\/section>\n\n\n\n<section class=\"blog-feed --theme8 sm-block\">\n    <div class=\"blog-feed__content\">\n        <div class=\"blog-feed__intro\">\n                            <div class=\"blog-feed__eyebrow eyebrow\">Blogs<\/div>                                        <h1 class=\"blog-feed__headline\">D\u00e9couvrir Santa Monica<\/h1>                                        <div class=\"blog-feed__body\"><p>Explorez les itin\u00e9raires, les conseils locaux, les points chauds et les aventures organis\u00e9es pour \u00eatre s\u00fbr de profiter au maximum de votre exp\u00e9rience \u00e0 Santa Monica.<\/p>\n<\/div>\n                                        <a class=\"blog-feed__cta\" href=\"https:\/\/www.santamonica.com\/fr\/articles-de-blog\/\">Voir tous les blogs<\/a>\n                    <\/div>\n\n        <ul class=\"blog-feed__list\">\n                                                <li class=\"blog-feed__item\">\n                        <a href=\"https:\/\/www.santamonica.com\/fr\/experience-santa-monica\/diverse-santa-monica-businesses\/\" class=\"blog-feed__item-link\">\n                            <div class=\"blog-feed__image-ratio\">\n                                <img decoding=\"async\" class=\"blog-feed__image\" src=\"https:\/\/www.santamonica.com\/wp-content\/uploads\/2020\/12\/Minority-Owned-Businesses-in-Santa-Monica-featured-400x400.jpg\" alt=\"Des entreprises qui c\u00e9l\u00e8brent la diversit\u00e9 de Santa Monica\" title=\"\">\n                            <\/div>\n                            <div class=\"blog-feed__card-title\">Des entreprises qui c\u00e9l\u00e8brent la diversit\u00e9 de Santa Monica<\/div>\n                        <\/a>\n                    <\/li>\n                                                                <li class=\"blog-feed__item\">\n                        <a href=\"https:\/\/www.santamonica.com\/fr\/shopping\/support-santa-monica-retail-and-buy-local\/\" class=\"blog-feed__item-link\">\n                            <div class=\"blog-feed__image-ratio\">\n                                <img decoding=\"async\" class=\"blog-feed__image\" src=\"https:\/\/www.santamonica.com\/wp-content\/uploads\/2020\/04\/Buy-Local-Santa-Monica-featured2-400x400.jpg\" alt=\"Soutenir le commerce de d\u00e9tail de Santa Monica et acheter local\" title=\"\">\n                            <\/div>\n                            <div class=\"blog-feed__card-title\">Soutenir le commerce de d\u00e9tail de Santa Monica et acheter local<\/div>\n                        <\/a>\n                    <\/li>\n                                                                <li class=\"blog-feed__item\">\n                        <a href=\"https:\/\/www.santamonica.com\/fr\/experience-santa-monica\/female-owned-businesses-flourish-in-santa-monica\/\" class=\"blog-feed__item-link\">\n                            <div class=\"blog-feed__image-ratio\">\n                                <img decoding=\"async\" class=\"blog-feed__image\" src=\"https:\/\/www.santamonica.com\/wp-content\/uploads\/2021\/03\/WomenOwnedBusiness_Featured-400x400.jpg\" alt=\"Les entreprises dirig\u00e9es par des femmes prosp\u00e8rent \u00e0 Santa Monica\" title=\"\">\n                            <\/div>\n                            <div class=\"blog-feed__card-title\">Les entreprises dirig\u00e9es par des femmes prosp\u00e8rent \u00e0 Santa Monica<\/div>\n                        <\/a>\n                    <\/li>\n                                    <\/ul>\n    <\/div>\n<\/section>","protected":false},"excerpt":{"rendered":"<p>For more Black-owned businesses, check out the full list on City of Santa Monica\u2019s website.<\/p>","protected":false},"author":1421,"featured_media":374939,"parent":0,"menu_order":0,"comment_status":"closed","ping_status":"closed","template":"","meta":{"_acf_changed":false,"inline_featured_image":false,"footnotes":""},"silos":[],"class_list":["post-374399","page","type-page","status-publish","has-post-thumbnail","hentry"],"acf":[],"_links":{"self":[{"href":"https:\/\/www.santamonica.com\/fr\/wp-json\/wp\/v2\/pages\/374399","targetHints":{"allow":["GET"]}}],"collection":[{"href":"https:\/\/www.santamonica.com\/fr\/wp-json\/wp\/v2\/pages"}],"about":[{"href":"https:\/\/www.santamonica.com\/fr\/wp-json\/wp\/v2\/types\/page"}],"author":[{"embeddable":true,"href":"https:\/\/www.santamonica.com\/fr\/wp-json\/wp\/v2\/users\/1421"}],"replies":[{"embeddable":true,"href":"https:\/\/www.santamonica.com\/fr\/wp-json\/wp\/v2\/comments?post=374399"}],"version-history":[{"count":120,"href":"https:\/\/www.santamonica.com\/fr\/wp-json\/wp\/v2\/pages\/374399\/revisions"}],"predecessor-version":[{"id":784789,"href":"https:\/\/www.santamonica.com\/fr\/wp-json\/wp\/v2\/pages\/374399\/revisions\/784789"}],"wp:featuredmedia":[{"embeddable":true,"href":"https:\/\/www.santamonica.com\/fr\/wp-json\/wp\/v2\/media\/374939"}],"wp:attachment":[{"href":"https:\/\/www.santamonica.com\/fr\/wp-json\/wp\/v2\/media?parent=374399"}],"wp:term":[{"taxonomy":"silos","embeddable":true,"href":"https:\/\/www.santamonica.com\/fr\/wp-json\/wp\/v2\/silos?post=374399"}],"curies":[{"name":"wp","href":"https:\/\/api.w.org\/{rel}","templated":true}]}}