{"id":368163,"date":"2022-11-14T11:53:01","date_gmt":"2022-11-14T19:53:01","guid":{"rendered":"https:\/\/www.santamonica.com\/?page_id=368163"},"modified":"2022-11-15T13:25:57","modified_gmt":"2022-11-15T21:25:57","slug":"montagnes-de-santa-monica","status":"publish","type":"page","link":"https:\/\/www.santamonica.com\/fr\/experience-santa-monica\/santa-monica-mountains\/","title":{"rendered":"Zone de loisirs nationale des monts Santa Monica"},"content":{"rendered":"<p class=\"base-block\">La SMMNRA est une vaste zone de loisirs nationale qui comprend de nombreux parcs et r\u00e9serves d'espaces ouverts, dont certains des plus beaux sentiers de randonn\u00e9e du pays. Les parcs sont principalement situ\u00e9s dans les Santa Monica Mountains, dont les deux tiers se trouvent dans le nord-ouest du comt\u00e9 de Los Angeles et le tiers restant, y compris une extension \u00e0 Simi Hills, dans le comt\u00e9 de Ventura. Les Santa Monica Mountains, l'une des seules zones de campagne encore ouvertes \u00e0 Los Angeles, s'\u00e9tendent sur 80 km dans la zone nord-ouest de Los Angeles. Ces magnifiques montagnes sont couvertes de for\u00eats de ch\u00eanes et de sycomores, de fleurs sauvages, de sauge c\u00f4ti\u00e8re et de plus de 20 esp\u00e8ces v\u00e9g\u00e9tales et animales diff\u00e9rentes.<\/p>\n\n\n<section class=\"sun-title sm-block --theme6 sm-block\">\n            <h2 class=\"sun-title__headline\">Choses \u00e0 faire dans la zone de loisirs nationale des Santa Monica Mountains<\/h2>    \n            <div class=\"sun-title__body  wysiwyg\">\n                    <p>Pr\u00e9parez-vous \u00e0 explorer la nature ! Il existe de nombreuses possibilit\u00e9s de d\u00e9couvrir ce que cette r\u00e9gion a \u00e0 offrir, notamment le v\u00e9lo, l'observation des oiseaux, l'observation terrestre des baleines, le camping, la randonn\u00e9e, l'\u00e9quitation et l'escalade. Le sentier Backbone Trail s'\u00e9tend sur pr\u00e8s de 110 km \u00e0 travers les montagnes de Santa Monica, entre le Will Rogers State Park et le Point Mugu State Park. N'h\u00e9sitez pas \u00e0 emmener votre chien et m\u00eame \u00e0 pique-niquer sur le sentier.<\/p>\n<p>Si vous souhaitez faire de la randonn\u00e9e sans passer trop de temps au soleil, essayez le Circle X Ranch Trail. Depuis le point de d\u00e9part du sentier, grimpez le Sandstone Peak (948 m\u00e8tres environ) pour admirer la vue sur l'oc\u00e9an Pacifique et le centre-ville de Los Angeles. Cette randonn\u00e9e est id\u00e9ale pour les randonneurs de tous niveaux ; le sentier est essentiellement plat, avec seulement quelques sections escarp\u00e9es.<\/p>\n                        <\/div>\n    <\/section>\n\n\n\n<figure class=\"wp-block-image aligncenter size-full base-block\"><img decoding=\"async\" width=\"937\" height=\"700\" src=\"https:\/\/www.santamonica.com\/wp-content\/uploads\/2022\/11\/paramount-ranch.jpg\" alt=\"paramount ranch\" class=\"wp-image-368251\" title=\"\" srcset=\"https:\/\/www.santamonica.com\/wp-content\/uploads\/2022\/11\/paramount-ranch.jpg 937w, https:\/\/www.santamonica.com\/wp-content\/uploads\/2022\/11\/paramount-ranch-300x224.jpg 300w, https:\/\/www.santamonica.com\/wp-content\/uploads\/2022\/11\/paramount-ranch-201x150.jpg 201w, https:\/\/www.santamonica.com\/wp-content\/uploads\/2022\/11\/paramount-ranch-768x574.jpg 768w\" sizes=\"(max-width: 937px) 100vw, 937px\" \/>\n\n            <div class=\"img-lctn-tag --no-link wordpress-image__image-caption --right\">Photo par : @cruselaw<\/div>\n    <\/figure>\n\n<section class=\"sun-title sm-block --theme6 sm-block\">\n            <h3 class=\"sun-title__headline\">Des vues dignes d'un film dans les montagnes<\/h3>    \n            <div class=\"sun-title__body  wysiwyg\">\n                    <p>Si vous disposez de plus de temps et pr\u00e9f\u00e9rez une randonn\u00e9e plus longue, essayez le Solstice Canyon Trail. Depuis le point de d\u00e9part du sentier, longez un ruisseau ombrag\u00e9 de ch\u00eanes et de sycomores et admirez les belles vues sur les chutes d'eau qui jalonnent le chemin. Cette randonn\u00e9e est \u00e9galement adapt\u00e9e \u00e0 tous les niveaux, car elle n'est ni trop difficile ni trop facile - elle est juste ce qu'il faut ! Quel que soit le sentier choisi, veillez \u00e0 rester sur les sentiers d\u00e9sign\u00e9s pour votre s\u00e9curit\u00e9 et pour ne pas perturber les terres des propri\u00e9taires priv\u00e9s.<\/p>\n<p>Et si vous souhaitez d\u00e9couvrir comment les films \u00e9taient tourn\u00e9s \u00e0 l'\u00e9poque (et peut-\u00eatre voir quelques plateaux de tournage), visitez le Paramount Ranch ! Cette r\u00e9gion est utilis\u00e9e comme lieu de tournage depuis 1927 et a servi de base \u00e0 des stars comme Bob Hope et Gary Cooper.<\/p>\n                        <\/div>\n    <\/section>\n\n\n<section class=\"image-slider --theme1 sm-block\" >\n    <div class=\"image-slider__wrapper\">\n                    <div class=\"image-slider__copy wysiwyg\"><p><span style=\"font-weight: 400;\">Poursuivez la visite historique d'Hollywood en vous rendant \u00e0 l'adresse suivante <\/span><a href=\"https:\/\/www.parks.ca.gov\/?page_id=626\" target=\"_blank\" rel=\"noopener\"><span style=\"font-weight: 400;\"><strong>Parc d'\u00c9tat Will Rogers<\/strong>.<\/span><\/a><span style=\"font-weight: 400;\"> L'acteur de vaudeville qui a donn\u00e9 son nom au parc a achet\u00e9 le terrain au d\u00e9but de sa carri\u00e8re pour sa famille, mais il a \u00e9t\u00e9 donn\u00e9 en 1944 apr\u00e8s sa mort et est devenu un parc d'\u00c9tat. Ce parc a quelque chose \u00e0 offrir \u00e0 tout le monde, avec 359 acres des Santa Monica Mountains, une maison de ranch, un terrain de polo, de l'\u00e9quitation et bien d'autres choses encore. <\/span><\/p>\n<\/div>\n                <div class=\"image-slider__slider right\">\n                            <!-- Slider main container -->\n                <div class=\"swiper js-image-slider\">\n                    <!-- Additional required wrapper -->\n                    <div class=\"swiper-wrapper\">\n                        <!-- Slides -->\n                                                    <div class=\"swiper-slide\">\n                                <img decoding=\"async\" width=\"1024\" height=\"576\" src=\"https:\/\/www.santamonica.com\/wp-content\/uploads\/2022\/11\/will-rogers-state-historic-park.jpg\" class=\"swiper-slide__image\" alt=\"\" loading=\"lazy\" srcset=\"https:\/\/www.santamonica.com\/wp-content\/uploads\/2022\/11\/will-rogers-state-historic-park.jpg 1024w, https:\/\/www.santamonica.com\/wp-content\/uploads\/2022\/11\/will-rogers-state-historic-park-300x169.jpg 300w, https:\/\/www.santamonica.com\/wp-content\/uploads\/2022\/11\/will-rogers-state-historic-park-267x150.jpg 267w, https:\/\/www.santamonica.com\/wp-content\/uploads\/2022\/11\/will-rogers-state-historic-park-768x432.jpg 768w\" sizes=\"auto, (max-width: 1024px) 100vw, 1024px\" title=\"\">                                \n\n            <div class=\"img-lctn-tag --no-link image-slider__image-caption --right\">Photo par : @michaelad567<\/div>\n                                <\/div>\n                                                    <div class=\"swiper-slide\">\n                                <img decoding=\"async\" width=\"1024\" height=\"576\" src=\"https:\/\/www.santamonica.com\/wp-content\/uploads\/2022\/11\/will-rogers-state-park-1.jpg\" class=\"swiper-slide__image\" alt=\"\" loading=\"lazy\" srcset=\"https:\/\/www.santamonica.com\/wp-content\/uploads\/2022\/11\/will-rogers-state-park-1.jpg 1024w, https:\/\/www.santamonica.com\/wp-content\/uploads\/2022\/11\/will-rogers-state-park-1-300x169.jpg 300w, https:\/\/www.santamonica.com\/wp-content\/uploads\/2022\/11\/will-rogers-state-park-1-267x150.jpg 267w, https:\/\/www.santamonica.com\/wp-content\/uploads\/2022\/11\/will-rogers-state-park-1-768x432.jpg 768w\" sizes=\"auto, (max-width: 1024px) 100vw, 1024px\" title=\"\">                                \n\n            <div class=\"img-lctn-tag --no-link image-slider__image-caption --right\">Photo par : @michaelad567<\/div>\n                                <\/div>\n                                            <\/div>\n                                            <div class=\"image-slider__swiper-controls-wrapper-relocator\">\n                            <div class=\"image-slider__swiper-controls-wrapper\">\n                                <div class=\"swiper-pagination\"><\/div>\n                                <div class=\"swiper-button-prev-custom\">\n                                    <div class=\"arrow-button-left\"><\/div>\n                                <\/div>\n                                <div class=\"swiper-button-next-custom\">\n                                    <div class=\"arrow-button-right\"><\/div>\n                                <\/div>\n                            <\/div>\n                        <\/div>\n                                    <\/div>\n                    <\/div>\n    <\/div>\n<\/section>\n\n\n\n<section class=\"two-images container-max sm-block  sm-block\">\n    <div class=\"two-images__container\">\n\n        <div class=\"two-images__column\">\n            <div class=\"two-images__content\">\n                <div class=\"two-images__content-header-container\">\n                                                                                <\/div>\n                                    <div class=\"two-images__content-body wysiwyg\">\n                        <p><span style=\"font-weight: 400;\">Pour une exp\u00e9rience plus d\u00e9contract\u00e9e, nous vous recommandons de visiter les terrains de camping des montagnes de Santa Monica. Du Leo Carillo State Park au Point Mugu State Park, il existe une grande vari\u00e9t\u00e9 de terrains de camping. Une fois les \u00e9toiles sorties, vous serez dans l'endroit id\u00e9al pour observer les \u00e9toiles dans le canyon, et lorsque le soleil se l\u00e8vera le matin, vous \u00e9couterez les vagues se briser au loin.\u00a0<\/span><\/p>\n                    <\/div>\n                                            <\/div>\n        <\/div>\n\n        <div class=\"two-images__column\">\n                            <div class=\"two-images__image-container\">\n                    <img decoding=\"async\" width=\"425\" height=\"505\" src=\"https:\/\/www.santamonica.com\/wp-content\/uploads\/2022\/11\/santa-monica-mountains-camping.jpg\" class=\"two-images__image\" alt=\"\" loading=\"lazy\" srcset=\"https:\/\/www.santamonica.com\/wp-content\/uploads\/2022\/11\/santa-monica-mountains-camping.jpg 425w, https:\/\/www.santamonica.com\/wp-content\/uploads\/2022\/11\/santa-monica-mountains-camping-252x300.jpg 252w, https:\/\/www.santamonica.com\/wp-content\/uploads\/2022\/11\/santa-monica-mountains-camping-126x150.jpg 126w\" sizes=\"auto, (max-width: 425px) 100vw, 425px\" title=\"\">                    \n\n            <div class=\"img-lctn-tag --no-link two-images__image-caption --right\">Photo par : @walkinabouthistory<\/div>\n                    <\/div>\n                    <\/div>\n\n        <div class=\"two-images__column\">\n                            <div class=\"two-images__image-container\">\n                    <img decoding=\"async\" width=\"600\" height=\"565\" src=\"https:\/\/www.santamonica.com\/wp-content\/uploads\/2022\/11\/Hikers-in-Santa-Monica-Mountains-National-Recreation-Area.jpg\" class=\"two-images__image\" alt=\"Randonneurs dans la Santa Monica Mountains National Recreation Area\" loading=\"lazy\" srcset=\"https:\/\/www.santamonica.com\/wp-content\/uploads\/2022\/11\/Hikers-in-Santa-Monica-Mountains-National-Recreation-Area.jpg 600w, https:\/\/www.santamonica.com\/wp-content\/uploads\/2022\/11\/Hikers-in-Santa-Monica-Mountains-National-Recreation-Area-300x283.jpg 300w, https:\/\/www.santamonica.com\/wp-content\/uploads\/2022\/11\/Hikers-in-Santa-Monica-Mountains-National-Recreation-Area-159x150.jpg 159w\" sizes=\"auto, (max-width: 600px) 100vw, 600px\" title=\"\">                    \n\n            <div class=\"img-lctn-tag --no-link two-images__image-caption --right\">Photo par : @feminine_mystique<\/div>\n                    <\/div>\n                    <\/div>\n\n    <\/div>\n<\/section>\n\n\n<section class=\"sun-title sm-block --theme6 sm-block\">\n            <h3 class=\"sun-title__headline\">Explorer les montagnes en toute s\u00e9curit\u00e9<\/h3>    \n            <div class=\"sun-title__body  wysiwyg\">\n                    <p>Visitez le centre d'accueil du parc national au King Gillette Ranch \u00e0 Calabasas pour obtenir des cartes et des informations sur les montagnes. Notez que la plupart des parcs d'\u00c9tat ont des r\u00e8gles et des r\u00e8glements qui leur sont propres. Lorsque vous p\u00e9n\u00e9trez dans une zone, vous \u00eates tenu de respecter les r\u00e8gles qui s'y appliquent. V\u00e9rifiez \u00e0 l'entr\u00e9e ou au kiosque les r\u00e8gles et r\u00e8glements de chaque parc.<\/p>\n                        <\/div>\n    <\/section>\n\n\n<section class=\"blog-feed --theme8 sm-block\">\n    <div class=\"blog-feed__content\">\n        <div class=\"blog-feed__intro\">\n                            <div class=\"blog-feed__eyebrow eyebrow\">Blogs<\/div>                                        <h2 class=\"blog-feed__headline\">D\u00e9couvrir Santa Monica<\/h2>                                        <div class=\"blog-feed__body\"><p>Explorez les itin\u00e9raires, les conseils locaux, les points chauds et les aventures organis\u00e9es pour \u00eatre s\u00fbr de profiter au maximum de votre exp\u00e9rience \u00e0 Santa Monica.<\/p>\n<\/div>\n                                        <a class=\"blog-feed__cta\" href=\"https:\/\/www.santamonica.com\/fr\/articles-de-blog\/\">Voir tous les blogs<\/a>\n                    <\/div>\n\n        <ul class=\"blog-feed__list\">\n                                                <li class=\"blog-feed__item\">\n                        <a href=\"https:\/\/www.santamonica.com\/fr\/trip-planner\/southern-california-road-trip\/\" class=\"blog-feed__item-link\">\n                            <div class=\"blog-feed__image-ratio\">\n                                <img decoding=\"async\" class=\"blog-feed__image\" src=\"https:\/\/www.santamonica.com\/wp-content\/uploads\/2021\/08\/Santa-Monica-Coast-Featured-400x400.jpg\" alt=\"Road Trip de 10 jours en Californie du Sud\" title=\"\">\n                            <\/div>\n                            <div class=\"blog-feed__card-title\">Road Trip de 10 jours en Californie du Sud<\/div>\n                        <\/a>\n                    <\/li>\n                                                                <li class=\"blog-feed__item\">\n                        <a href=\"https:\/\/www.santamonica.com\/fr\/restaurants\/santa-monica-coffee-shops\/\" class=\"blog-feed__item-link\">\n                            <div class=\"blog-feed__image-ratio\">\n                                <img decoding=\"async\" class=\"blog-feed__image\" src=\"https:\/\/www.santamonica.com\/wp-content\/uploads\/2023\/10\/best-santa-monica-coffee-shops-400x400.jpg\" alt=\"11 meilleurs caf\u00e9s et salons de th\u00e9 de Santa Monica\" title=\"\">\n                            <\/div>\n                            <div class=\"blog-feed__card-title\">11 meilleurs caf\u00e9s et salons de th\u00e9 de Santa Monica<\/div>\n                        <\/a>\n                    <\/li>\n                                                                <li class=\"blog-feed__item\">\n                        <a href=\"https:\/\/www.santamonica.com\/fr\/experience-santa-monica\/santa-monica-then-now\/\" class=\"blog-feed__item-link\">\n                            <div class=\"blog-feed__image-ratio\">\n                                <img decoding=\"async\" class=\"blog-feed__image\" src=\"https:\/\/www.santamonica.com\/wp-content\/uploads\/2021\/09\/Santa_Monica_Historic_Pier_Featured-400x400.jpg\" alt=\"Santa Monica hier et aujourd&#039;hui\" title=\"\">\n                            <\/div>\n                            <div class=\"blog-feed__card-title\">Santa Monica hier et aujourd'hui<\/div>\n                        <\/a>\n                    <\/li>\n                                    <\/ul>\n    <\/div>\n<\/section>","protected":false},"excerpt":{"rendered":"<p>The SMMNRA is a massive national recreation area that contains many individual parks and open space preserves, including some of the most gorgeous hiking trails in the country. The parklands [&hellip;]<\/p>\n","protected":false},"author":1450,"featured_media":368188,"parent":0,"menu_order":0,"comment_status":"closed","ping_status":"closed","template":"template-editorial.php","meta":{"_acf_changed":false,"inline_featured_image":false,"footnotes":""},"silos":[3887],"class_list":["post-368163","page","type-page","status-publish","has-post-thumbnail","hentry"],"acf":[],"_links":{"self":[{"href":"https:\/\/www.santamonica.com\/fr\/wp-json\/wp\/v2\/pages\/368163","targetHints":{"allow":["GET"]}}],"collection":[{"href":"https:\/\/www.santamonica.com\/fr\/wp-json\/wp\/v2\/pages"}],"about":[{"href":"https:\/\/www.santamonica.com\/fr\/wp-json\/wp\/v2\/types\/page"}],"author":[{"embeddable":true,"href":"https:\/\/www.santamonica.com\/fr\/wp-json\/wp\/v2\/users\/1450"}],"replies":[{"embeddable":true,"href":"https:\/\/www.santamonica.com\/fr\/wp-json\/wp\/v2\/comments?post=368163"}],"version-history":[{"count":63,"href":"https:\/\/www.santamonica.com\/fr\/wp-json\/wp\/v2\/pages\/368163\/revisions"}],"predecessor-version":[{"id":368264,"href":"https:\/\/www.santamonica.com\/fr\/wp-json\/wp\/v2\/pages\/368163\/revisions\/368264"}],"wp:featuredmedia":[{"embeddable":true,"href":"https:\/\/www.santamonica.com\/fr\/wp-json\/wp\/v2\/media\/368188"}],"wp:attachment":[{"href":"https:\/\/www.santamonica.com\/fr\/wp-json\/wp\/v2\/media?parent=368163"}],"wp:term":[{"taxonomy":"silos","embeddable":true,"href":"https:\/\/www.santamonica.com\/fr\/wp-json\/wp\/v2\/silos?post=368163"}],"curies":[{"name":"wp","href":"https:\/\/api.w.org\/{rel}","templated":true}]}}