{"id":366998,"date":"2022-10-28T17:33:40","date_gmt":"2022-10-29T00:33:40","guid":{"rendered":"https:\/\/www.santamonica.com\/?page_id=366998"},"modified":"2022-10-30T19:54:51","modified_gmt":"2022-10-31T02:54:51","slug":"automne-hiver-coucher-de-soleil","status":"publish","type":"page","link":"https:\/\/www.santamonica.com\/fr\/fall-winter-sunset\/","title":{"rendered":"Page d'atterrissage d'automne - \u00c9dition couchers de soleil"},"content":{"rendered":"<section class=\"image-slider --theme1 sm-block\" >\n    <div class=\"image-slider__wrapper\">\n                    <div class=\"image-slider__copy wysiwyg\"><h2>1. Jet\u00e9e de Santa Monica<\/h2>\n<p>L'attraction la plus embl\u00e9matique, le <a href=\"https:\/\/www.santamonica.com\/fr\/choses-a-faire\/jetee-de-santa-monica\/\">Jet\u00e9e de Santa Monica<\/a> offre une vue panoramique sur l'oc\u00e9an Pacifique. Au coucher du soleil, les lumi\u00e8res de la jet\u00e9e scintillent dans la lumi\u00e8re bleue, tandis que Santa Monica s'anime apr\u00e8s la tomb\u00e9e de la nuit.<\/p>\n<p>Besoin d'un plan d'acc\u00e8s ? Voici l'adresse : <a href=\"https:\/\/www.google.com\/maps\/place\/Santa+Monica+Pier\/@34.0087686,-118.5000063,17z\/data=!3m1!4b1!4m5!3m4!1s0x80c2a4d74d5ea79b:0xcd9a111aced18f4d!8m2!3d34.0082821!4d-118.4987585\" target=\"_blank\" rel=\"noopener\">200 Jet\u00e9e de Santa Monica<\/a><\/p>\n<\/div>\n                <div class=\"image-slider__slider right\">\n                            <!-- Slider main container -->\n                <div class=\"swiper\">\n                    <!-- Additional required wrapper -->\n                    <div class=\"swiper-wrapper\">\n                        <!-- Slides -->\n                                                    <div class=\"swiper-slide\">\n                                <img decoding=\"async\" width=\"1024\" height=\"580\" src=\"https:\/\/www.santamonica.com\/wp-content\/uploads\/2022\/10\/Pier-Sunset-1024x580-1.jpg\" class=\"swiper-slide__image\" alt=\"Coucher de soleil rouge, rose, violet et orange sur Santa Monica Pier et Santa Monica Beach\" loading=\"lazy\" srcset=\"https:\/\/www.santamonica.com\/wp-content\/uploads\/2022\/10\/Pier-Sunset-1024x580-1.jpg 1024w, https:\/\/www.santamonica.com\/wp-content\/uploads\/2022\/10\/Pier-Sunset-1024x580-1-300x170.jpg 300w, https:\/\/www.santamonica.com\/wp-content\/uploads\/2022\/10\/Pier-Sunset-1024x580-1-265x150.jpg 265w, https:\/\/www.santamonica.com\/wp-content\/uploads\/2022\/10\/Pier-Sunset-1024x580-1-768x435.jpg 768w\" sizes=\"auto, (max-width: 1024px) 100vw, 1024px\" title=\"\">                                \n\n                            <\/div>\n                                            <\/div>\n                                    <\/div>\n                    <\/div>\n    <\/div>\n<\/section>\n\n\n<section class=\"image-slider --theme1 sm-block\" >\n    <div class=\"image-slider__wrapper\">\n                    <div class=\"image-slider__copy wysiwyg\"><h2>2. Le homard<\/h2>\n<p><span style=\"font-weight: 400;\">Il s'agit d'une v\u00e9ritable ic\u00f4ne. <\/span><strong><a href=\"https:\/\/www.santamonica.com\/fr\/restaurants\/le-homard\/\">Le homard<\/a><\/strong><span style=\"font-weight: 400;\"> accueille les clients depuis 1923 dans son restaurant situ\u00e9 en bord de mer, pr\u00e8s de la jet\u00e9e de Santa Monica, et a \u00e9t\u00e9 d\u00e9sign\u00e9 comme l'un des restaurants de Santa Monica figurant sur la liste Michelin. Veillez \u00e0 choisir une heure de r\u00e9servation qui corresponde au coucher du soleil, et vous vivrez une exp\u00e9rience sensorielle totale.<\/span><\/p>\n<p><span style=\"font-weight: 400;\">Besoin d'un plan d'acc\u00e8s ? Voici l'adresse : <a href=\"https:\/\/www.google.com\/maps\/place\/1602+Ocean+Ave,+Santa+Monica,+CA+90401\/@34.0110378,-118.4972152,17z\/data=!3m1!4b1!4m5!3m4!1s0x80c2a4d1272f722d:0xe41202718745a269!8m2!3d34.0110334!4d-118.4950265\" target=\"_blank\" rel=\"noopener\">1602 Ocean Avenue<\/a><\/span><\/p>\n<\/div>\n                <div class=\"image-slider__slider left\">\n                            <!-- Slider main container -->\n                <div class=\"swiper\">\n                    <!-- Additional required wrapper -->\n                    <div class=\"swiper-wrapper\">\n                        <!-- Slides -->\n                                                    <div class=\"swiper-slide\">\n                                <img decoding=\"async\" width=\"1024\" height=\"576\" src=\"https:\/\/www.santamonica.com\/wp-content\/uploads\/2022\/10\/the-lobster-ocean-view.jpg\" class=\"swiper-slide__image\" alt=\"le homard vue sur l&#039;oc\u00e9an\" loading=\"lazy\" srcset=\"https:\/\/www.santamonica.com\/wp-content\/uploads\/2022\/10\/the-lobster-ocean-view.jpg 1024w, https:\/\/www.santamonica.com\/wp-content\/uploads\/2022\/10\/the-lobster-ocean-view-300x169.jpg 300w, https:\/\/www.santamonica.com\/wp-content\/uploads\/2022\/10\/the-lobster-ocean-view-267x150.jpg 267w, https:\/\/www.santamonica.com\/wp-content\/uploads\/2022\/10\/the-lobster-ocean-view-768x432.jpg 768w\" sizes=\"auto, (max-width: 1024px) 100vw, 1024px\" title=\"\">                                \n\n                            <\/div>\n                                            <\/div>\n                                    <\/div>\n                    <\/div>\n    <\/div>\n<\/section>\n\n\n    <section class=\"booking-cta --theme5 sm-block\">\n    <div id=\"widget-container-2070\"><\/div>\n<script type=\"text\/javascript\">\n  (function() {\n    var script = document.createElement('script');\n    script.type = 'text\/javascript';\n    script.async = 'true';\n    script.src = \"https:\/\/admin.bookdirect.net\/hs4\/widgets\/2070.js?widget_element=widget-container-2070\";\n    document.body.appendChild(script);\n  })();\n<\/script>\n    <\/section>\n\n\n\n<section class=\"image-slider --theme1 sm-block\" >\n    <div class=\"image-slider__wrapper\">\n                    <div class=\"image-slider__copy wysiwyg\"><h2>3. Plage de Santa Monica<\/h2>\n<p>Enfoncez vos orteils dans le sable et laissez-vous bercer par le son relaxant des vagues qui s'\u00e9chouent sur le rivage. <a href=\"https:\/\/www.santamonica.com\/fr\/choses-a-faire\/plage-de-santa-monica\/\">Plage de Santa Monica<\/a>. Que vous souhaitiez apporter une serviette et profiter de l'instant pr\u00e9sent ou faire une promenade romantique, la plage de 3,5 miles de long n'a pas de mauvais angle au coucher du soleil.<\/p>\n<p>Besoin d'indications ? <a href=\"https:\/\/www.google.com\/maps\/place\/Santa+Monica+Beach\/@34.0091934,-118.5063833,15z\/data=!3m1!4b1!4m5!3m4!1s0x80c2a4d753e7d5f1:0x1730c10394bec38!8m2!3d34.0091764!4d-118.4976285\" target=\"_blank\" rel=\"noopener\">Dirigez-vous vers l'ouest jusqu'\u00e0 ce que vous atteigniez l'eau<\/a>. Il y a 8 parkings et des places de stationnement dans la rue le long du sable.<\/p>\n<\/div>\n                <div class=\"image-slider__slider right\">\n                            <!-- Slider main container -->\n                <div class=\"swiper\">\n                    <!-- Additional required wrapper -->\n                    <div class=\"swiper-wrapper\">\n                        <!-- Slides -->\n                                                    <div class=\"swiper-slide\">\n                                <img decoding=\"async\" width=\"1024\" height=\"580\" src=\"https:\/\/www.santamonica.com\/wp-content\/uploads\/2022\/07\/Beach1024x580.jpg\" class=\"swiper-slide__image\" alt=\"Plage de Santa Monica au coucher du soleil ; ciel se refl\u00e9tant sur le sable mouill\u00e9 ; ciel violet, orange et jaune\" loading=\"lazy\" srcset=\"https:\/\/www.santamonica.com\/wp-content\/uploads\/2022\/07\/Beach1024x580.jpg 1024w, https:\/\/www.santamonica.com\/wp-content\/uploads\/2022\/07\/Beach1024x580-300x170.jpg 300w, https:\/\/www.santamonica.com\/wp-content\/uploads\/2022\/07\/Beach1024x580-265x150.jpg 265w, https:\/\/www.santamonica.com\/wp-content\/uploads\/2022\/07\/Beach1024x580-768x435.jpg 768w\" sizes=\"auto, (max-width: 1024px) 100vw, 1024px\" title=\"\">                                \n\n                            <\/div>\n                                            <\/div>\n                                    <\/div>\n                    <\/div>\n    <\/div>\n<\/section>\n\n\n<section class=\"image-slider --theme1 sm-block\" >\n    <div class=\"image-slider__wrapper\">\n                    <div class=\"image-slider__copy wysiwyg\"><h2>4. Parc des Palissades<\/h2>\n<p>Rassemblez vos proches et promenez-vous dans cette ville. <a href=\"https:\/\/www.santamonica.com\/fr\/choses-a-faire\/parc-des-palissades\/\">Parc de 26 acres \u00e0 Oceanside<\/a> avec vue sur la baie de Santa Monica. Vous pouvez m\u00eame apporter une planche de charcuterie et d\u00e9guster un en-cas \u00e0 une table de pique-nique en regardant le coucher de soleil. Une roseraie, des \u0153uvres d'art public et bien d'autres choses encore sont \u00e0 d\u00e9couvrir le long du chemin.<\/p>\n<p>Besoin d'un plan d'acc\u00e8s ? Voici l'adresse : <a href=\"https:\/\/www.google.com\/maps\/place\/Palisades+Park\/@34.0230223,-118.5139451,17z\/data=!3m1!4b1!4m5!3m4!1s0x80c2a37ba2a581fb:0x442c2938801a9316!8m2!3d34.0230179!4d-118.5094604\" target=\"_blank\" rel=\"noopener\">Avenue de l'Oc\u00e9an<\/a>, entre Colorado Avenue et Adelaide Drive<\/p>\n<\/div>\n                <div class=\"image-slider__slider left\">\n                            <!-- Slider main container -->\n                <div class=\"swiper\">\n                    <!-- Additional required wrapper -->\n                    <div class=\"swiper-wrapper\">\n                        <!-- Slides -->\n                                                    <div class=\"swiper-slide\">\n                                <img decoding=\"async\" width=\"1024\" height=\"576\" src=\"https:\/\/www.santamonica.com\/wp-content\/uploads\/2022\/06\/evening-things-to-do.jpg\" class=\"swiper-slide__image\" alt=\"Activit\u00e9s \u00e0 faire en soir\u00e9e\" loading=\"lazy\" srcset=\"https:\/\/www.santamonica.com\/wp-content\/uploads\/2022\/06\/evening-things-to-do.jpg 1024w, https:\/\/www.santamonica.com\/wp-content\/uploads\/2022\/06\/evening-things-to-do-300x169.jpg 300w, https:\/\/www.santamonica.com\/wp-content\/uploads\/2022\/06\/evening-things-to-do-267x150.jpg 267w, https:\/\/www.santamonica.com\/wp-content\/uploads\/2022\/06\/evening-things-to-do-768x432.jpg 768w\" sizes=\"auto, (max-width: 1024px) 100vw, 1024px\" title=\"\">                                \n\n                            <\/div>\n                                            <\/div>\n                                    <\/div>\n                    <\/div>\n    <\/div>\n<\/section>\n\n\n<section class=\"image-slider --theme1 sm-block\" >\n    <div class=\"image-slider__wrapper\">\n                    <div class=\"image-slider__copy wysiwyg\"><h2>5. Le Penthouse<\/h2>\n<p>Situ\u00e9 au 18\u00e8me \u00e9tage du <a href=\"https:\/\/www.santamonica.com\/fr\/hotels\/huntley-santa-monica-beach\/\" target=\"_blank\" rel=\"noopener\">Huntley Santa Monica Beach <\/a>Cet endroit tr\u00e8s pris\u00e9 pour les cocktails offre des vues panoramiques au coucher du soleil. Cette oasis haut de gamme dispose de mixologistes talentueux pr\u00eats \u00e0 vous servir quelque chose de spectaculaire comme l'Aperol Smash, la Penthouse Sangria ou le Grapefruit Superstar. Et oui, il y a aussi des mocktails. N'oubliez pas de r\u00e9server pour \u00eatre s\u00fbr d'avoir une place.<\/p>\n<p>Besoin d'un plan d'acc\u00e8s ? Voici l'adresse : <a href=\"https:\/\/www.google.com\/maps\/place\/1111+2nd+St,+Santa+Monica,+CA+90403\/@34.0188097,-118.5031869,17z\/data=!3m1!4b1!4m5!3m4!1s0x80c2a4c42a987807:0x77789a6b5428fda4!8m2!3d34.0188053!4d-118.5009982\" target=\"_blank\" rel=\"noopener\">1111 2\u00e8me rue<\/a><\/p>\n<\/div>\n                <div class=\"image-slider__slider right\">\n                            <!-- Slider main container -->\n                <div class=\"swiper\">\n                    <!-- Additional required wrapper -->\n                    <div class=\"swiper-wrapper\">\n                        <!-- Slides -->\n                                                    <div class=\"swiper-slide\">\n                                <img decoding=\"async\" width=\"1024\" height=\"580\" src=\"https:\/\/www.santamonica.com\/wp-content\/uploads\/2022\/10\/Huntley-Sunset-1024x580-1.jpg\" class=\"swiper-slide__image\" alt=\"Coucher de soleil aux couleurs pastel \u00e0 l&#039;ext\u00e9rieur des fen\u00eatres murales d&#039;un restaurant en terrasse surplombant la plage de Santa Monica et la ville de Santa Monica.\" loading=\"lazy\" srcset=\"https:\/\/www.santamonica.com\/wp-content\/uploads\/2022\/10\/Huntley-Sunset-1024x580-1.jpg 1024w, https:\/\/www.santamonica.com\/wp-content\/uploads\/2022\/10\/Huntley-Sunset-1024x580-1-300x170.jpg 300w, https:\/\/www.santamonica.com\/wp-content\/uploads\/2022\/10\/Huntley-Sunset-1024x580-1-265x150.jpg 265w, https:\/\/www.santamonica.com\/wp-content\/uploads\/2022\/10\/Huntley-Sunset-1024x580-1-768x435.jpg 768w\" sizes=\"auto, (max-width: 1024px) 100vw, 1024px\" title=\"\">                                \n\n                            <\/div>\n                                            <\/div>\n                                    <\/div>\n                    <\/div>\n    <\/div>\n<\/section>\n\n\n<section class=\"travel-tips --theme7 sm-block base-block\">\n    <div class=\"travel-tips__inner\">\n        <div class=\"travel-tips__body-col\">\n                            <img decoding=\"async\" src=\"https:\/\/www.santamonica.com\/wp-content\/uploads\/2022\/06\/responsible-badge-1.svg\" alt=\"Voyager de mani\u00e8re responsable \u00e0 Santa Monica\" title=\"\">\n                                        <p class=\"travel-tips__intro\">Voyagez en toute s\u00e9curit\u00e9 et de mani\u00e8re durable pour contribuer \u00e0 pr\u00e9server la beaut\u00e9 de Santa Monica tout en restant en bonne sant\u00e9 gr\u00e2ce \u00e0 ces conseils.<\/p>\n                    <\/div>\n        <div class=\"travel-tips__links-col\">\n                        <div class=\"travel-tips__link-row\">\n                                    <img decoding=\"async\" src=\"https:\/\/www.santamonica.com\/wp-content\/uploads\/2022\/06\/Parking-Information.svg\" alt=\"Stationnement \u00e0 Santa Monica\" title=\"\">\n                                                    <a class=\"travel-tips__link\" href=\"https:\/\/www.santamonica.com\/fr\/le-transport\/stationnement\/\">\n                        Informations sur le stationnement                    <\/a>\n                            <\/div>\n                        <div class=\"travel-tips__link-row\">\n                                    <img decoding=\"async\" src=\"https:\/\/www.santamonica.com\/wp-content\/uploads\/2022\/06\/What-to-Pack.svg\" alt=\"Pr\u00e9parer sa valise pour un voyage \u00e0 Santa Monica\" title=\"\">\n                                                    <a class=\"travel-tips__link\" href=\"https:\/\/www.santamonica.com\/fr\/experience-santa-monica\/ce-quil-faut-emballer\/\">\n                        Ce qu'il faut emporter                    <\/a>\n                            <\/div>\n                        <div class=\"travel-tips__link-row\">\n                                    <img decoding=\"async\" src=\"https:\/\/www.santamonica.com\/wp-content\/uploads\/2022\/06\/Health-and-Safety.svg\" alt=\"Conseils de s\u00e9curit\u00e9 pour les voyages \u00e0 Santa Monica\" title=\"\">\n                                                    <a class=\"travel-tips__link\" href=\"https:\/\/www.santamonica.com\/fr\/experience-santa-monica\/la-securite\/\">\n                        Sant\u00e9 et s\u00e9curit\u00e9                    <\/a>\n                            <\/div>\n                        <div class=\"travel-tips__link-row\">\n                                    <img decoding=\"async\" src=\"https:\/\/www.santamonica.com\/wp-content\/uploads\/2022\/06\/The-Essentials.svg\" alt=\"Les essentiels du voyage \u00e0 Santa Monica\" title=\"\">\n                                                    <a class=\"travel-tips__link\" href=\"https:\/\/www.santamonica.com\/fr\/experience-santa-monica\/essentiels\/\">\n                        L'essentiel                    <\/a>\n                            <\/div>\n                    <\/div>\n\n    <\/div>\n<\/section>\n\n\n<section class=\"blog-feed --theme8 sm-block\">\n    <div class=\"blog-feed__content\">\n        <div class=\"blog-feed__intro\">\n                            <div class=\"blog-feed__eyebrow eyebrow\">Blogs<\/div>                                        <h2 class=\"blog-feed__headline\">Plus de bonnes vibrations \u00e0 Santa Monica<\/h2>                                        <div class=\"blog-feed__body\"><p>Il y a tant \u00e0 voir au-del\u00e0 des couchers de soleil. D\u00e9couvrez d'autres inspirations de voyage dans nos derniers articles de blog.<\/p>\n<\/div>\n                                        <a class=\"blog-feed__cta\" href=\"https:\/\/www.santamonica.com\/fr\/articles-de-blog\/\">Voir tous les blogs<\/a>\n                    <\/div>\n\n        <ul class=\"blog-feed__list\">\n                                                <li class=\"blog-feed__item\">\n                        <a href=\"https:\/\/www.santamonica.com\/fr\/restaurants\/wine-craft-beer-craft-cocktails\/\" class=\"blog-feed__item-link\">\n                            <div class=\"blog-feed__image-ratio\">\n                                <img decoding=\"async\" class=\"blog-feed__image\" src=\"https:\/\/www.santamonica.com\/wp-content\/uploads\/2021\/06\/Santa-Monica-Local-Libations-Featured-400x400.jpg\" alt=\"Libations locales \u00e0 Santa Monica\" title=\"\">\n                            <\/div>\n                            <div class=\"blog-feed__card-title\">Libations locales \u00e0 Santa Monica<\/div>\n                        <\/a>\n                    <\/li>\n                                                                <li class=\"blog-feed__item\">\n                        <a href=\"https:\/\/www.santamonica.com\/fr\/things-to-do\/best-hidden-gems-in-santa-monica\/\" class=\"blog-feed__item-link\">\n                            <div class=\"blog-feed__image-ratio\">\n                                <img decoding=\"async\" class=\"blog-feed__image\" src=\"https:\/\/www.santamonica.com\/wp-content\/uploads\/2019\/10\/hideen-gems-2-400x400.jpg\" alt=\"Les meilleurs restaurants de Santa Monica\" title=\"\">\n                            <\/div>\n                            <div class=\"blog-feed__card-title\">Les meilleurs restaurants de Santa Monica<\/div>\n                        <\/a>\n                    <\/li>\n                                                                <li class=\"blog-feed__item\">\n                        <a href=\"https:\/\/www.santamonica.com\/fr\/things-to-do\/a-24-48-and-72-hour-guide-to-santa-monica\/\" class=\"blog-feed__item-link\">\n                            <div class=\"blog-feed__image-ratio\">\n                                <img decoding=\"async\" class=\"blog-feed__image\" src=\"https:\/\/www.santamonica.com\/wp-content\/uploads\/2019\/08\/feature-3-400x400.jpg\" alt=\"Guide de Santa Monica en 24, 48 et 72 heures\" title=\"\">\n                            <\/div>\n                            <div class=\"blog-feed__card-title\">Guide de Santa Monica en 24, 48 et 72 heures<\/div>\n                        <\/a>\n                    <\/li>\n                                    <\/ul>\n    <\/div>\n<\/section>","protected":false},"excerpt":{"rendered":"<p>Nous ne voulons pas nous vanter, mais les couchers de soleil \u00e0 Santa Monica sont tr\u00e8s importants. Le soleil plonge dans l'oc\u00e9an Pacifique et illumine la ville de nuances d'orange et de rose. C'est tout simplement spectaculaire. Et nous avons les meilleurs endroits pour les admirer.<\/p>","protected":false},"author":1450,"featured_media":367093,"parent":0,"menu_order":0,"comment_status":"closed","ping_status":"closed","template":"template-editorial.php","meta":{"_acf_changed":false,"inline_featured_image":false,"footnotes":""},"silos":[],"class_list":["post-366998","page","type-page","status-publish","has-post-thumbnail","hentry"],"acf":[],"_links":{"self":[{"href":"https:\/\/www.santamonica.com\/fr\/wp-json\/wp\/v2\/pages\/366998","targetHints":{"allow":["GET"]}}],"collection":[{"href":"https:\/\/www.santamonica.com\/fr\/wp-json\/wp\/v2\/pages"}],"about":[{"href":"https:\/\/www.santamonica.com\/fr\/wp-json\/wp\/v2\/types\/page"}],"author":[{"embeddable":true,"href":"https:\/\/www.santamonica.com\/fr\/wp-json\/wp\/v2\/users\/1450"}],"replies":[{"embeddable":true,"href":"https:\/\/www.santamonica.com\/fr\/wp-json\/wp\/v2\/comments?post=366998"}],"version-history":[{"count":23,"href":"https:\/\/www.santamonica.com\/fr\/wp-json\/wp\/v2\/pages\/366998\/revisions"}],"predecessor-version":[{"id":367339,"href":"https:\/\/www.santamonica.com\/fr\/wp-json\/wp\/v2\/pages\/366998\/revisions\/367339"}],"wp:featuredmedia":[{"embeddable":true,"href":"https:\/\/www.santamonica.com\/fr\/wp-json\/wp\/v2\/media\/367093"}],"wp:attachment":[{"href":"https:\/\/www.santamonica.com\/fr\/wp-json\/wp\/v2\/media?parent=366998"}],"wp:term":[{"taxonomy":"silos","embeddable":true,"href":"https:\/\/www.santamonica.com\/fr\/wp-json\/wp\/v2\/silos?post=366998"}],"curies":[{"name":"wp","href":"https:\/\/api.w.org\/{rel}","templated":true}]}}