{"id":366976,"date":"2022-10-28T17:36:31","date_gmt":"2022-10-29T00:36:31","guid":{"rendered":"https:\/\/www.santamonica.com\/?page_id=366976"},"modified":"2024-02-26T14:32:54","modified_gmt":"2024-02-26T22:32:54","slug":"automne-hiver-restaurant","status":"publish","type":"page","link":"https:\/\/www.santamonica.com\/fr\/fall-winter-restaurant\/","title":{"rendered":"Page d'atterrissage d'automne - Edition Restaurants"},"content":{"rendered":"<section class=\"sun-title sm-block --theme6 sm-block\">\n            <h2 class=\"sun-title__headline\">Augie's on Main<\/h2>    \n            <div class=\"sun-title__body  wysiwyg\">\n                    <p>Il s'av\u00e8re que la qualit\u00e9 des \u00e9toiles Michelin peut \u00eatre trouv\u00e9e dans un cadre rapide et d\u00e9contract\u00e9. Le chef deux \u00e9toiles Michelin et natif de Santa Monica, Josiah Citrin, a ouvert cet \u00e9tablissement sur Main Street avec une ambiance d\u00e9contract\u00e9e et beaucoup de saveurs. <a href=\"https:\/\/www.santamonica.com\/fr\/restaurants\/augies-on-main\/\">Augie's on Main<\/a> est connu pour son \u201cdirty chicken\u201d (poulet sale), une variante du poulet Jidori r\u00f4ti, qui a gagn\u00e9 ses lettres de noblesse sur le menu de Citrin, un autre des restaurants du chef, class\u00e9 au Michelin. Il est possible d'y d\u00e9jeuner ou d'y d\u00eener du mercredi au dimanche.<\/p>\n<p>Besoin d'un plan d'acc\u00e8s ? Voici l'adresse : <a href=\"https:\/\/www.google.com\/maps\/place\/2428+Main+St,+Santa+Monica,+CA+90405\/@34.0036277,-118.4876845,17z\/data=!3m1!4b1!4m5!3m4!1s0x80c2bad4c7993b73:0x8cd8275248463290!8m2!3d34.0036233!4d-118.4854958\" target=\"_blank\" rel=\"noopener\">2428 Main Street<\/a><\/p>\n                        <\/div>\n    <\/section>\n\n\n<section class=\"image-slider --theme1 sm-block\" >\n    <div class=\"image-slider__wrapper\">\n                    <div class=\"image-slider__copy wysiwyg\"><h2>LouLou<\/h2>\n<p><span style=\"font-weight: 400;\">Cuisine fran\u00e7aise californienne sur un toit de Santa Monica ? Inscrivez-vous ! <a href=\"https:\/\/www.santamonica.com\/fr\/restaurants\/loulou\/\">LouLou<\/a>\u2019Le d\u00e9cor du restaurant allie l'atmosph\u00e8re de la C\u00f4te d'Azur \u00e0 celle de la Californie, pour une exp\u00e9rience gustative ultime. Des artistes et des DJ jouent de la musique en direct, ce qui ajoute \u00e0 l'ambiance. N'oubliez pas de r\u00e9server pour vous assurer une place dans ce nouvel endroit branch\u00e9 de Santa Monica.\u00a0<\/span><\/p>\n<p><span style=\"font-weight: 400;\">Besoin d'un plan d'acc\u00e8s ? Voici l'adresse : <a href=\"https:\/\/www.google.com\/maps\/place\/395+Santa+Monica+Pl+%23300,+Santa+Monica,+CA+90401\/@34.0131854,-118.4969331,17z\/data=!3m2!4b1!5s0x80c2a4d1bd58302d:0xf16df7f7236af266!4m5!3m4!1s0x80c2a4d1ae617da5:0x7380b196e4af1271!8m2!3d34.013181!4d-118.4947444\" target=\"_blank\" rel=\"noopener\">395 Santa Monica Place, #300<\/a><\/span><\/p>\n<\/div>\n                <div class=\"image-slider__slider left\">\n                            <!-- Slider main container -->\n                <div class=\"swiper\">\n                    <!-- Additional required wrapper -->\n                    <div class=\"swiper-wrapper\">\n                        <!-- Slides -->\n                                                    <div class=\"swiper-slide\">\n                                <img decoding=\"async\" width=\"1024\" height=\"576\" src=\"https:\/\/www.santamonica.com\/wp-content\/uploads\/2022\/10\/loulou.jpg\" class=\"swiper-slide__image\" alt=\"loulou\" loading=\"lazy\" srcset=\"https:\/\/www.santamonica.com\/wp-content\/uploads\/2022\/10\/loulou.jpg 1024w, https:\/\/www.santamonica.com\/wp-content\/uploads\/2022\/10\/loulou-300x169.jpg 300w, https:\/\/www.santamonica.com\/wp-content\/uploads\/2022\/10\/loulou-267x150.jpg 267w, https:\/\/www.santamonica.com\/wp-content\/uploads\/2022\/10\/loulou-768x432.jpg 768w\" sizes=\"auto, (max-width: 1024px) 100vw, 1024px\" title=\"\">                                \n\n            <a href=\"https:\/\/www.santamonica.com\/fr\/restaurants\/loulou\/\" class=\"img-lctn-tag --right\">\n            <div class=\"img-lctn-tag-inside-link image-slider__image-caption right\">LouLou Rooftop Restaurant &amp; Lounge<\/div>\n        <\/a>\n                                <\/div>\n                                            <\/div>\n                                    <\/div>\n                    <\/div>\n    <\/div>\n<\/section>\n\n\n    <section class=\"booking-cta --theme5 sm-block\">\n    <div id=\"widget-container-2070\"><\/div>\n<script type=\"text\/javascript\">\n  (function() {\n    var script = document.createElement('script');\n    script.type = 'text\/javascript';\n    script.async = 'true';\n    script.src = \"https:\/\/admin.bookdirect.net\/hs4\/widgets\/2070.js?widget_element=widget-container-2070\";\n    document.body.appendChild(script);\n  })();\n<\/script>\n    <\/section>\n\n\n\n<section class=\"sun-title sm-block --theme6 sm-block\">\n            <h2 class=\"sun-title__headline\">Rabano<\/h2>    \n            <div class=\"sun-title__body  wysiwyg\">\n                    <p>Au <a href=\"https:\/\/www.santamonica.com\/fr\/partie-prenante\/rabano\/\">Rabano<\/a>, Dans ce restaurant, tout est fait \u00e0 partir d'ingr\u00e9dients frais et d'origine locale, des fruits et l\u00e9gumes aux viandes en passant par les huiles et les assaisonnements, vous mangerez bien et serez bien dans cet arr\u00eat de la rue principale. Vous pouvez vous asseoir \u00e0 l'int\u00e9rieur ou vous installer dans le patio pour observer tout ce qui se passe dans la rue principale de Santa Monica.<\/p>\n<p>Besoin d'indications ? Rendez-vous sur le site : <a href=\"https:\/\/www.google.com\/maps\/place\/Rabano\/@34.0032357,-118.4870284,17z\/data=!3m1!4b1!4m6!3m5!1s0x80c2bb2f0db7be77:0x28ab1c79e27c2f47!8m2!3d34.0032313!4d-118.4844535!16s%2Fg%2F11y2krtkm0?entry=ttu\" target=\"_blank\" rel=\"noopener\">2507 Main Street<\/a><\/p>\n                        <\/div>\n    <\/section>\n\n\n<section class=\"image-slider --theme1 sm-block\" >\n    <div class=\"image-slider__wrapper\">\n                    <div class=\"image-slider__copy wysiwyg\"><h2><strong>Vamos. Vamos.<\/strong><\/h2>\n<p>Il s'agit de <em>nacho<\/em> de la cuisine mexicaine moyenne. En effet, <a href=\"https:\/\/www.santamonica.com\/fr\/restaurants\/vamos-vamos\/\">Vamos Vamos<\/a>\u2018La sp\u00e9cialit\u00e9 de l'\u00e9tablissement est les nachos et les margaritas (et vous devrez vous renseigner sur l'histoire de leur origine unique). Le chef Ivan Barros apporte sa formation fran\u00e7aise et son exp\u00e9rience de la cuisine italienne \u00e0 un menu \u00e9clectique compos\u00e9 de pizzas cuites au feu de bois, de sp\u00e9cialit\u00e9s du Nouveau-Mexique et bien plus encore. Vous pouvez d\u00e9guster ces d\u00e9licieuses bouch\u00e9es de 15h00 \u00e0 minuit tous les jours.<\/p>\n<p>Besoin d'un plan d'acc\u00e8s ? Voici l'adresse : <a href=\"https:\/\/www.google.com\/maps\/place\/2917+Main+St,+Santa+Monica,+CA+90405\/@33.9993054,-118.4849846,17z\/data=!3m1!4b1!4m5!3m4!1s0x80c2bad21dff3acd:0x9b2bacf6b80f5b41!8m2!3d33.999301!4d-118.4804999\" target=\"_blank\" rel=\"noopener\">2917 Main Street<\/a><\/p>\n<\/div>\n                <div class=\"image-slider__slider left\">\n                            <!-- Slider main container -->\n                <div class=\"swiper\">\n                    <!-- Additional required wrapper -->\n                    <div class=\"swiper-wrapper\">\n                        <!-- Slides -->\n                                                    <div class=\"swiper-slide\">\n                                <img decoding=\"async\" width=\"1024\" height=\"576\" src=\"https:\/\/www.santamonica.com\/wp-content\/uploads\/2022\/10\/vamos-vamos.jpg\" class=\"swiper-slide__image\" alt=\"vamos vamos\" loading=\"lazy\" srcset=\"https:\/\/www.santamonica.com\/wp-content\/uploads\/2022\/10\/vamos-vamos.jpg 1024w, https:\/\/www.santamonica.com\/wp-content\/uploads\/2022\/10\/vamos-vamos-300x169.jpg 300w, https:\/\/www.santamonica.com\/wp-content\/uploads\/2022\/10\/vamos-vamos-267x150.jpg 267w, https:\/\/www.santamonica.com\/wp-content\/uploads\/2022\/10\/vamos-vamos-768x432.jpg 768w\" sizes=\"auto, (max-width: 1024px) 100vw, 1024px\" title=\"\">                                \n\n            <a href=\"https:\/\/www.santamonica.com\/fr\/restaurants\/vamos-vamos\/\" class=\"img-lctn-tag --right\">\n            <div class=\"img-lctn-tag-inside-link image-slider__image-caption right\">Vamos Vamos<\/div>\n        <\/a>\n                                <\/div>\n                                            <\/div>\n                                    <\/div>\n                    <\/div>\n    <\/div>\n<\/section>\n\n\n<section class=\"sun-title sm-block --theme6 sm-block\">\n            <h2 class=\"sun-title__headline\">Tu Madre<\/h2>    \n            <div class=\"sun-title__body  wysiwyg\">\n                    <p>Prenez un vol pour Santa Monica, puis allez d\u00e9guster des margaritas au <a href=\"https:\/\/www.santamonica.com\/fr\/restaurants\/tu-madre\/\">Tu Madre<\/a>, \u00e0 l'angle de la 6e et de Broadway. Les margaritas sont accompagn\u00e9es d'un p\u00e9tard et d'accessoires floraux. Alors, n'oubliez pas de pr\u00e9parer votre appareil photo une fois votre commande pass\u00e9e, car vous aurez envie de la partager. Et, bien s\u00fbr, la tequila se marie \u00e0 merveille avec les churros de velours rouge, les tacos uniques, y compris les options v\u00e9g\u00e9taliennes et v\u00e9g\u00e9tariennes, ou le burrito du petit-d\u00e9jeuner de toute la journ\u00e9e.<\/p>\n<p>Besoin d'un plan d'acc\u00e8s ? Voici l'adresse : <a href=\"https:\/\/www.google.com\/maps\/place\/316+Santa+Monica+Blvd,+Santa+Monica,+CA+90401\/@34.0158559,-118.49772,17z\/data=!3m1!4b1!4m5!3m4!1s0x80c2a4cfce8959d3:0x4b9d8d1cf32b893c!8m2!3d34.0158515!4d-118.4955313\" target=\"_blank\" rel=\"noopener\">316 Santa Monica Boulevard<\/a><\/p>\n                        <\/div>\n    <\/section>\n\n\n<section class=\"travel-tips --theme7 sm-block base-block\">\n    <div class=\"travel-tips__inner\">\n        <div class=\"travel-tips__body-col\">\n                            <img decoding=\"async\" src=\"https:\/\/www.santamonica.com\/wp-content\/uploads\/2022\/06\/responsible-badge-1.svg\" alt=\"Voyager de mani\u00e8re responsable \u00e0 Santa Monica\" title=\"\">\n                                        <p class=\"travel-tips__intro\">Voyagez en toute s\u00e9curit\u00e9 et de mani\u00e8re durable pour contribuer \u00e0 pr\u00e9server la beaut\u00e9 de Santa Monica tout en restant en bonne sant\u00e9 gr\u00e2ce \u00e0 ces conseils.<\/p>\n                    <\/div>\n        <div class=\"travel-tips__links-col\">\n                        <div class=\"travel-tips__link-row\">\n                                    <img decoding=\"async\" src=\"https:\/\/www.santamonica.com\/wp-content\/uploads\/2022\/06\/Parking-Information.svg\" alt=\"Stationnement \u00e0 Santa Monica\" title=\"\">\n                                                    <a class=\"travel-tips__link\" href=\"https:\/\/www.santamonica.com\/fr\/le-transport\/stationnement\/\">\n                        Informations sur le stationnement                    <\/a>\n                            <\/div>\n                        <div class=\"travel-tips__link-row\">\n                                    <img decoding=\"async\" src=\"https:\/\/www.santamonica.com\/wp-content\/uploads\/2022\/06\/What-to-Pack.svg\" alt=\"Pr\u00e9parer sa valise pour un voyage \u00e0 Santa Monica\" title=\"\">\n                                                    <a class=\"travel-tips__link\" href=\"https:\/\/www.santamonica.com\/fr\/experience-santa-monica\/ce-quil-faut-emballer\/\">\n                        Ce qu'il faut emporter                    <\/a>\n                            <\/div>\n                        <div class=\"travel-tips__link-row\">\n                                    <img decoding=\"async\" src=\"https:\/\/www.santamonica.com\/wp-content\/uploads\/2022\/06\/Health-and-Safety.svg\" alt=\"Conseils de s\u00e9curit\u00e9 pour les voyages \u00e0 Santa Monica\" title=\"\">\n                                                    <a class=\"travel-tips__link\" href=\"https:\/\/www.santamonica.com\/fr\/experience-santa-monica\/la-securite\/\">\n                        Sant\u00e9 et s\u00e9curit\u00e9                    <\/a>\n                            <\/div>\n                        <div class=\"travel-tips__link-row\">\n                                    <img decoding=\"async\" src=\"https:\/\/www.santamonica.com\/wp-content\/uploads\/2022\/06\/The-Essentials.svg\" alt=\"Les essentiels du voyage \u00e0 Santa Monica\" title=\"\">\n                                                    <a class=\"travel-tips__link\" href=\"https:\/\/www.santamonica.com\/fr\/experience-santa-monica\/essentiels\/\">\n                        L'essentiel                    <\/a>\n                            <\/div>\n                    <\/div>\n\n    <\/div>\n<\/section>\n\n\n<section class=\"blog-feed --theme8 sm-block\">\n    <div class=\"blog-feed__content\">\n        <div class=\"blog-feed__intro\">\n                            <div class=\"blog-feed__eyebrow eyebrow\">Blogs<\/div>                                        <h2 class=\"blog-feed__headline\">Plus de bonnes vibrations \u00e0 Santa Monica<\/h2>                                        <div class=\"blog-feed__body\"><p>Apr\u00e8s avoir fait le plein de nourriture, explorez la jet\u00e9e, la promenade, la musique et les autres divertissements de la ville. D\u00e9couvrez d'autres inspirations de voyage dans nos derniers articles de blog.<\/p>\n<\/div>\n                                        <a class=\"blog-feed__cta\" href=\"https:\/\/www.santamonica.com\/fr\/articles-de-blog\/\">Voir tous les blogs<\/a>\n                    <\/div>\n\n        <ul class=\"blog-feed__list\">\n                                                <li class=\"blog-feed__item\">\n                        <a href=\"https:\/\/www.santamonica.com\/fr\/restaurants\/allergy-friendly-dining-options-in-santa-monica\/\" class=\"blog-feed__item-link\">\n                            <div class=\"blog-feed__image-ratio\">\n                                <img decoding=\"async\" class=\"blog-feed__image\" src=\"https:\/\/www.santamonica.com\/wp-content\/uploads\/2021\/04\/FlowerchildBowl_Featured-400x400.jpg\" alt=\"Options de restauration adapt\u00e9es aux allergies \u00e0 Santa Monica\" title=\"\">\n                            <\/div>\n                            <div class=\"blog-feed__card-title\">Options de restauration adapt\u00e9es aux allergies \u00e0 Santa Monica<\/div>\n                        <\/a>\n                    <\/li>\n                                                                <li class=\"blog-feed__item\">\n                        <a href=\"https:\/\/www.santamonica.com\/fr\/restaurants\/a-guide-to-santa-monicas-hotel-bars\/\" class=\"blog-feed__item-link\">\n                            <div class=\"blog-feed__image-ratio\">\n                                <img decoding=\"async\" class=\"blog-feed__image\" src=\"https:\/\/www.santamonica.com\/wp-content\/uploads\/2019\/07\/desktop-1-e1563912356679-400x400.jpg\" alt=\"Guide des bars d&#039;h\u00f4tels de Santa Monica\" title=\"\">\n                            <\/div>\n                            <div class=\"blog-feed__card-title\">Guide des bars d'h\u00f4tels de Santa Monica<\/div>\n                        <\/a>\n                    <\/li>\n                                                                <li class=\"blog-feed__item\">\n                        <a href=\"https:\/\/www.santamonica.com\/fr\/restaurants\/ice-cream-santa-monica\/\" class=\"blog-feed__item-link\">\n                            <div class=\"blog-feed__image-ratio\">\n                                <img decoding=\"async\" class=\"blog-feed__image\" src=\"https:\/\/www.santamonica.com\/wp-content\/uploads\/2017\/06\/Cream-Scene-Featured-Image-1-400x400.jpg\" alt=\"Sc\u00e8ne de la cr\u00e8me glac\u00e9e\" title=\"\">\n                            <\/div>\n                            <div class=\"blog-feed__card-title\">Sc\u00e8ne de la cr\u00e8me glac\u00e9e<\/div>\n                        <\/a>\n                    <\/li>\n                                    <\/ul>\n    <\/div>\n<\/section>","protected":false},"excerpt":{"rendered":"<p>La sc\u00e8ne gastronomique de Santa Monica se d\u00e9veloppe et \u00e9volue chaque ann\u00e9e, et nous avons r\u00e9cemment accueilli de nouvelles saveurs au menu. Explorez ces nouveaux endroits savoureux et retrouvez quelques vieux classiques dans notre guide gastronomique complet.<\/p>","protected":false},"author":1450,"featured_media":366991,"parent":0,"menu_order":0,"comment_status":"closed","ping_status":"closed","template":"template-editorial.php","meta":{"_acf_changed":false,"inline_featured_image":false,"footnotes":""},"silos":[],"class_list":["post-366976","page","type-page","status-publish","has-post-thumbnail","hentry"],"acf":[],"_links":{"self":[{"href":"https:\/\/www.santamonica.com\/fr\/wp-json\/wp\/v2\/pages\/366976","targetHints":{"allow":["GET"]}}],"collection":[{"href":"https:\/\/www.santamonica.com\/fr\/wp-json\/wp\/v2\/pages"}],"about":[{"href":"https:\/\/www.santamonica.com\/fr\/wp-json\/wp\/v2\/types\/page"}],"author":[{"embeddable":true,"href":"https:\/\/www.santamonica.com\/fr\/wp-json\/wp\/v2\/users\/1450"}],"replies":[{"embeddable":true,"href":"https:\/\/www.santamonica.com\/fr\/wp-json\/wp\/v2\/comments?post=366976"}],"version-history":[{"count":46,"href":"https:\/\/www.santamonica.com\/fr\/wp-json\/wp\/v2\/pages\/366976\/revisions"}],"predecessor-version":[{"id":403898,"href":"https:\/\/www.santamonica.com\/fr\/wp-json\/wp\/v2\/pages\/366976\/revisions\/403898"}],"wp:featuredmedia":[{"embeddable":true,"href":"https:\/\/www.santamonica.com\/fr\/wp-json\/wp\/v2\/media\/366991"}],"wp:attachment":[{"href":"https:\/\/www.santamonica.com\/fr\/wp-json\/wp\/v2\/media?parent=366976"}],"wp:term":[{"taxonomy":"silos","embeddable":true,"href":"https:\/\/www.santamonica.com\/fr\/wp-json\/wp\/v2\/silos?post=366976"}],"curies":[{"name":"wp","href":"https:\/\/api.w.org\/{rel}","templated":true}]}}