{"id":365000,"date":"2022-10-13T17:06:30","date_gmt":"2022-10-14T00:06:30","guid":{"rendered":"https:\/\/www.santamonica.com\/?page_id=365000"},"modified":"2025-10-22T11:09:36","modified_gmt":"2025-10-22T18:09:36","slug":"bars-a-vin","status":"publish","type":"page","link":"https:\/\/www.santamonica.com\/fr\/nightlife\/guide-to-santa-monica-bars\/wine-bars\/","title":{"rendered":"Bars \u00e0 vin"},"content":{"rendered":"<section class=\"sun-title sm-block --theme6 sm-block\">\n            <h2 class=\"sun-title__headline\">Bars \u00e0 vins incontournables de Santa Monica<\/h2>    \n            <div class=\"sun-title__body  wysiwyg\">\n                    <p><span style=\"font-weight: 400;\">Que vous recherchiez un endroit calme pour savourer un verre de vin rouge ou que vous pr\u00e9f\u00e9riez l'\u00e9nergie d'un bar anim\u00e9, nous avons tout ce qu'il vous faut. Voici quelques favoris locaux :<\/span><\/p>\n<h3>Le vin de Wally<\/h3>\n<p><strong><a href=\"https:\/\/www.santamonica.com\/fr\/restaurants\/wallys-santa-monica\/\">Wally's Santa Monica<\/a><\/strong><span style=\"font-weight: 400;\"> offre une atmosph\u00e8re haut de gamme mais d\u00e9contract\u00e9e qui se marie bien avec un polo et un pinot ou un costume et un sauvignon. Wally's Wine propose un concept hybride unique de restauration et de shopping. Explorez le menu all\u00e9chant de Wally's et d\u00e9gustez des vins parmi leur s\u00e9lection de plus de 100 vins au verre, ou arr\u00eatez-vous \u00e0 leur comptoir gastronomique pour acheter des viandes, des fromages et des chocolats artisanaux de premi\u00e8re qualit\u00e9. D\u00e9tendez-vous et sirotez en solo, ou amenez vos amis et r\u00e9servez leur espace priv\u00e9 inspir\u00e9 d'une grotte \u00e0 vin pour une exp\u00e9rience inoubliable. Que vous soyez \u00e0 la recherche d'un cocktail d\u00e9contract\u00e9 et d'un ap\u00e9ritif dans l'apr\u00e8s-midi ou d'une soir\u00e9e gastronomique haut de gamme, Wally's a tout ce qu'il vous faut.<\/span><\/p>\n                        <\/div>\n    <\/section>\n\n\n<section class=\"image-slider --theme1 sm-block\" >\n    <div class=\"image-slider__wrapper\">\n                    <div class=\"image-slider__copy wysiwyg\"><p><span style=\"font-weight: 400;\">Esters se trouvant \u00e0 huit minutes \u00e0 pied du Santa Monica Farmers Market, la chef de cuisine Sheyna McCallister profite pleinement des produits locaux pour cr\u00e9er une vari\u00e9t\u00e9 d'en-cas et de plats parfaitement compos\u00e9s pour le d\u00e9jeuner, l'happy hour, le d\u00eener et le brunch du week-end, qui s'accordent parfaitement avec leur vinoth\u00e8que, compos\u00e9e de petits producteurs respectueux de la plan\u00e8te. Les amandes \u00e0 la lavande et les dattes fum\u00e9es sont \u00e0 ne pas manquer ! De plus, il n'y a pas de meilleur endroit pour admirer le coucher du soleil que leur patio ext\u00e9rieur. A savourer<\/span>\u00a0<a href=\"https:\/\/www.santamonica.com\/fr\/restaurants\/brunch\/\"><span style=\"font-weight: 400;\"><strong>brunch<\/strong><\/span><\/a><span style=\"font-weight: 400;\"> le samedi et le dimanche, ou <\/span><strong><a href=\"https:\/\/www.santamonica.com\/fr\/restaurants\/happy-hour\/\">happy hour<\/a><\/strong><span style=\"font-weight: 400;\"> l'apr\u00e8s-midi tous les jours.<\/span><\/p>\n<\/div>\n                <div class=\"image-slider__slider right\">\n                            <!-- Slider main container -->\n                <div class=\"swiper\">\n                    <!-- Additional required wrapper -->\n                    <div class=\"swiper-wrapper\">\n                        <!-- Slides -->\n                                                    <div class=\"swiper-slide\">\n                                <img decoding=\"async\" width=\"1024\" height=\"576\" src=\"https:\/\/www.santamonica.com\/wp-content\/uploads\/2022\/09\/wine-bars-in-santa-monica.jpg\" class=\"swiper-slide__image\" alt=\"bars \u00e0 vins \u00e0 santa monica\" loading=\"lazy\" srcset=\"https:\/\/www.santamonica.com\/wp-content\/uploads\/2022\/09\/wine-bars-in-santa-monica.jpg 1024w, https:\/\/www.santamonica.com\/wp-content\/uploads\/2022\/09\/wine-bars-in-santa-monica-300x169.jpg 300w, https:\/\/www.santamonica.com\/wp-content\/uploads\/2022\/09\/wine-bars-in-santa-monica-267x150.jpg 267w, https:\/\/www.santamonica.com\/wp-content\/uploads\/2022\/09\/wine-bars-in-santa-monica-768x432.jpg 768w\" sizes=\"auto, (max-width: 1024px) 100vw, 1024px\" title=\"\">                                \n\n            <a href=\"https:\/\/www.santamonica.com\/fr\/restaurants\/esters-wine-shop-bar\/\"  class=\"img-lctn-tag --right\">\n            <div class=\"img-lctn-tag-inside-link image-slider__image-caption right\">Esters Wine Shop &amp; Bar<\/div>\n        <\/a>\n                                <\/div>\n                                            <\/div>\n                                    <\/div>\n                    <\/div>\n    <\/div>\n<\/section>\n\n\n<section class=\"sun-title sm-block --theme6 sm-block\">\n            <h3 class=\"sun-title__headline\">Bodega Wine Bar<\/h3>    \n            <div class=\"sun-title__body  wysiwyg\">\n                    <p><strong><a href=\"https:\/\/www.santamonica.com\/fr\/restaurant\/bodega-wine-bar\/\">Bodega Wine Bar<\/a><\/strong><span style=\"font-weight: 400;\"> apporte une ambiance confortable et relaxante aux habitants de Santa Monica. La carte des vins comprend plus de 60 vins au verre et des centaines d'autres \u00e0 la bouteille, dont des rouges, des blancs et m\u00eame du sak\u00e9. Le menu de Bodega, soigneusement \u00e9labor\u00e9, comprend \u00e9galement des planches de charcuterie et des assiettes de fromage provenant de producteurs locaux, ainsi que d'autres petites assiettes, des sandwichs, des hamburgers et des salades. Bodega sert des brunchs les samedis et dimanches de 9h \u00e0 15h, et propose les mercredis du vin, o\u00f9 les clients peuvent profiter de $25 bouteilles de vin de 15h \u00e0 la fermeture.<\/span><\/p>\n                        <\/div>\n    <\/section>\n\n\n<section class=\"sun-title sm-block --theme6 sm-block\">\n            <h3 class=\"sun-title__headline\">Sogno Toscano Cafe &amp; Wine Bar<\/h3>    \n            <div class=\"sun-title__body  wysiwyg\">\n                    <p class=\"p1\"><span class=\"s1\">Entrez dans\u00a0<a href=\"https:\/\/www.santamonica.com\/fr\/restaurants\/sogno-toscano\/\"><span class=\"s2\"><b>Sogno<\/b><\/span><span class=\"s3\"><b> Toscano Cafe &amp; Wine Bar<\/b><\/span><\/a>\u00a0et embarquez pour un voyage en Italie dans ce restaurant enchanteur dot\u00e9 d'un \u00e9l\u00e9gant patio. R\u00e9put\u00e9 pour son atmosph\u00e8re accueillante et sa cuisine toscane authentique, ce restaurant propose une d\u00e9licieuse vari\u00e9t\u00e9 de mets italiens intemporels pr\u00e9par\u00e9s \u00e0 partir des ingr\u00e9dients les plus fins et les plus frais. Savourez des pizzas cuites au feu de bois, une s\u00e9lection all\u00e9chante d'antipasti et des desserts d\u00e9cadents. D\u00e9tendez-vous avec un verre de vin fin dans le cadre intime du patio ext\u00e9rieur.<\/span><\/p>\n                        <\/div>\n    <\/section>\n\n\n<section class=\"image-slider --theme1 sm-block\" >\n    <div class=\"image-slider__wrapper\">\n                    <div class=\"image-slider__copy wysiwyg\"><p><span style=\"font-weight: 400;\">Le Sogno Toscano Cafe &amp; Wine Bar est ouvert tous les jours de 8h00 \u00e0 21h00 du dimanche au mardi, et de 8h00 \u00e0 22h00 du mercredi au samedi. Il est donc toujours temps de s'y arr\u00eater avant le travail ou pour le d\u00eener !<\/span><\/p>\n<\/div>\n                <div class=\"image-slider__slider left\">\n                            <!-- Slider main container -->\n                <div class=\"swiper js-image-slider\">\n                    <!-- Additional required wrapper -->\n                    <div class=\"swiper-wrapper\">\n                        <!-- Slides -->\n                                                    <div class=\"swiper-slide\">\n                                <img decoding=\"async\" width=\"1024\" height=\"580\" src=\"https:\/\/www.santamonica.com\/wp-content\/uploads\/2024\/01\/Sogno-Toscano-Interior-Santa-Monica-2024.jpg\" class=\"swiper-slide__image\" alt=\"Int\u00e9rieur du Sogno Toscano Cafe &amp; Wine Bar\" loading=\"lazy\" srcset=\"https:\/\/www.santamonica.com\/wp-content\/uploads\/2024\/01\/Sogno-Toscano-Interior-Santa-Monica-2024.jpg 1024w, https:\/\/www.santamonica.com\/wp-content\/uploads\/2024\/01\/Sogno-Toscano-Interior-Santa-Monica-2024-300x170.jpg 300w, https:\/\/www.santamonica.com\/wp-content\/uploads\/2024\/01\/Sogno-Toscano-Interior-Santa-Monica-2024-265x150.jpg 265w, https:\/\/www.santamonica.com\/wp-content\/uploads\/2024\/01\/Sogno-Toscano-Interior-Santa-Monica-2024-768x435.jpg 768w\" sizes=\"auto, (max-width: 1024px) 100vw, 1024px\" title=\"\">                                \n\n            <div class=\"img-lctn-tag --no-link image-slider__image-caption --right\">Sogno Toscano Cafe &amp; Wine Bar<\/div>\n                                <\/div>\n                                                    <div class=\"swiper-slide\">\n                                <img decoding=\"async\" width=\"1024\" height=\"580\" src=\"https:\/\/www.santamonica.com\/wp-content\/uploads\/2024\/01\/Sogno-Toscano-Exterior-Santa-Monica-2024.jpg\" class=\"swiper-slide__image\" alt=\"Terrasse du Sogno Toscano Cafe &amp; Wine Bar\" loading=\"lazy\" srcset=\"https:\/\/www.santamonica.com\/wp-content\/uploads\/2024\/01\/Sogno-Toscano-Exterior-Santa-Monica-2024.jpg 1024w, https:\/\/www.santamonica.com\/wp-content\/uploads\/2024\/01\/Sogno-Toscano-Exterior-Santa-Monica-2024-300x170.jpg 300w, https:\/\/www.santamonica.com\/wp-content\/uploads\/2024\/01\/Sogno-Toscano-Exterior-Santa-Monica-2024-265x150.jpg 265w, https:\/\/www.santamonica.com\/wp-content\/uploads\/2024\/01\/Sogno-Toscano-Exterior-Santa-Monica-2024-768x435.jpg 768w\" sizes=\"auto, (max-width: 1024px) 100vw, 1024px\" title=\"\">                                \n\n            <div class=\"img-lctn-tag --no-link image-slider__image-caption --right\">Sogno Toscano Cafe &amp; Wine Bar<\/div>\n                                <\/div>\n                                                    <div class=\"swiper-slide\">\n                                <img decoding=\"async\" width=\"1024\" height=\"580\" src=\"https:\/\/www.santamonica.com\/wp-content\/uploads\/2024\/01\/Sogno-Tosacno-Food-Santa-Monica-2024.jpg\" class=\"swiper-slide__image\" alt=\"image d&#039;assiettes de nourriture\" loading=\"lazy\" srcset=\"https:\/\/www.santamonica.com\/wp-content\/uploads\/2024\/01\/Sogno-Tosacno-Food-Santa-Monica-2024.jpg 1024w, https:\/\/www.santamonica.com\/wp-content\/uploads\/2024\/01\/Sogno-Tosacno-Food-Santa-Monica-2024-300x170.jpg 300w, https:\/\/www.santamonica.com\/wp-content\/uploads\/2024\/01\/Sogno-Tosacno-Food-Santa-Monica-2024-265x150.jpg 265w, https:\/\/www.santamonica.com\/wp-content\/uploads\/2024\/01\/Sogno-Tosacno-Food-Santa-Monica-2024-768x435.jpg 768w\" sizes=\"auto, (max-width: 1024px) 100vw, 1024px\" title=\"\">                                \n\n            <div class=\"img-lctn-tag --no-link image-slider__image-caption --right\">Sogno Toscano Cafe &amp; Wine Bar<\/div>\n                                <\/div>\n                                            <\/div>\n                                            <div class=\"image-slider__swiper-controls-wrapper-relocator\">\n                            <div class=\"image-slider__swiper-controls-wrapper\">\n                                <div class=\"swiper-pagination\"><\/div>\n                                <div class=\"swiper-button-prev-custom\">\n                                    <div class=\"arrow-button-left\"><\/div>\n                                <\/div>\n                                <div class=\"swiper-button-next-custom\">\n                                    <div class=\"arrow-button-right\"><\/div>\n                                <\/div>\n                            <\/div>\n                        <\/div>\n                                    <\/div>\n                    <\/div>\n    <\/div>\n<\/section>\n\n\n\n<section class=\"two-images container-max sm-block --flip sm-block\">\n    <div class=\"two-images__container --flip\">\n\n        <div class=\"two-images__column\">\n            <div class=\"two-images__content\">\n                <div class=\"two-images__content-header-container\">\n                                            <h3 class=\"two-images__content-header\">Local Kitchen &amp; Wine Bar<\/h3>                                    <\/div>\n                                    <div class=\"two-images__content-body wysiwyg\">\n                        <p><strong><a href=\"https:\/\/www.santamonica.com\/fr\/restaurant\/cuisine-locale-bar-a-vins\/\">Local Kitchen &amp; Wine Bar<\/a><\/strong><span style=\"font-weight: 400;\"> a des racines profondes \u00e0 Santa Monica. Les propri\u00e9taires vivent dans la r\u00e9gion depuis trois g\u00e9n\u00e9rations et soutiennent les fermes et les producteurs des environs en s'approvisionnant en ingr\u00e9dients locaux. Local Kitchen &amp; Wine Bar propose une exp\u00e9rience culinaire d\u00e9contract\u00e9e avec des options de restauration en terrasse \u00e0 Santa Monica, qui associe de petites assiettes de saison et des pizzas napolitaines artisanales \u00e0 des vins exceptionnels et \u00e0 des cocktails fabriqu\u00e9s en petite quantit\u00e9. La sp\u00e9cialit\u00e9 est le vin d'orange de la vall\u00e9e d'Anderson.<\/span><\/p>\n                    <\/div>\n                                            <\/div>\n        <\/div>\n\n        <div class=\"two-images__column\">\n                            <div class=\"two-images__image-container\">\n                    <img decoding=\"async\" width=\"425\" height=\"505\" src=\"https:\/\/www.santamonica.com\/wp-content\/uploads\/2022\/09\/local-wine-bar.jpg\" class=\"two-images__image\" alt=\"bar \u00e0 vin local\" loading=\"lazy\" srcset=\"https:\/\/www.santamonica.com\/wp-content\/uploads\/2022\/09\/local-wine-bar.jpg 425w, https:\/\/www.santamonica.com\/wp-content\/uploads\/2022\/09\/local-wine-bar-252x300.jpg 252w, https:\/\/www.santamonica.com\/wp-content\/uploads\/2022\/09\/local-wine-bar-126x150.jpg 126w\" sizes=\"auto, (max-width: 425px) 100vw, 425px\" title=\"\">                    \n\n                <\/div>\n                    <\/div>\n\n        <div class=\"two-images__column\">\n                            <div class=\"two-images__image-container\">\n                    <img decoding=\"async\" width=\"600\" height=\"565\" src=\"https:\/\/www.santamonica.com\/wp-content\/uploads\/2022\/09\/santa-monica-wine-bar.jpg\" class=\"two-images__image\" alt=\"bar \u00e0 vin de santa monica\" loading=\"lazy\" srcset=\"https:\/\/www.santamonica.com\/wp-content\/uploads\/2022\/09\/santa-monica-wine-bar.jpg 600w, https:\/\/www.santamonica.com\/wp-content\/uploads\/2022\/09\/santa-monica-wine-bar-300x283.jpg 300w, https:\/\/www.santamonica.com\/wp-content\/uploads\/2022\/09\/santa-monica-wine-bar-159x150.jpg 159w\" sizes=\"auto, (max-width: 600px) 100vw, 600px\" title=\"\">                    \n\n            <a href=\"https:\/\/www.santamonica.com\/fr\/restaurants\/cuisine-locale-bar-a-vins\/\"  class=\"img-lctn-tag --right\">\n            <div class=\"img-lctn-tag-inside-link two-images__image-caption right\">Local Kitchen &amp; Wine Bar<\/div>\n        <\/a>\n                    <\/div>\n                    <\/div>\n\n    <\/div>\n<\/section>\n\n\n\n<p class=\"base-block\">Aucun voyage \u00e0 Santa Monica n'est complet sans une halte dans l'un de ces bars \u00e0 vins locaux et de ces \"happy hours\".La ville de Santa Monica, situ\u00e9e en bord de mer, s'est forg\u00e9 une r\u00e9putation pour ses <a href=\"https:\/\/www.santamonica.com\/fr\/restaurants-de-santa-monica\/santa-monica-happy-hour\/\"><strong>happy hour<\/strong><\/a> avec une pl\u00e9thore d'endroits amusants et d\u00e9contract\u00e9s o\u00f9 d\u00e9guster du bon vin et de la bonne nourriture.<\/p>\n\n\n<section class=\"blog-feed --theme8 sm-block\">\n    <div class=\"blog-feed__content\">\n        <div class=\"blog-feed__intro\">\n                            <div class=\"blog-feed__eyebrow eyebrow\">Blogs<\/div>                                        <h2 class=\"blog-feed__headline\">D\u00e9couvrir Santa Monica<\/h2>                                        <div class=\"blog-feed__body\"><p>Explorez les itin\u00e9raires, les conseils locaux, les points chauds et les aventures organis\u00e9es pour \u00eatre s\u00fbr de profiter au maximum de votre exp\u00e9rience \u00e0 Santa Monica.<\/p>\n<\/div>\n                                        <a class=\"blog-feed__cta\" href=\"https:\/\/www.santamonica.com\/fr\/articles-de-blog\/\">Voir tous les blogs<\/a>\n                    <\/div>\n\n        <ul class=\"blog-feed__list\">\n                                                <li class=\"blog-feed__item\">\n                        <a href=\"https:\/\/www.santamonica.com\/fr\/things-to-do\/coastal-chronicles-the-history-of-santa-monicas-libraries\/\" class=\"blog-feed__item-link\">\n                            <div class=\"blog-feed__image-ratio\">\n                                <img decoding=\"async\" class=\"blog-feed__image\" src=\"https:\/\/www.santamonica.com\/wp-content\/uploads\/2024\/04\/Untitled-design-34-400x400.jpg\" alt=\"Chroniques c\u00f4ti\u00e8res : L&#039;histoire des biblioth\u00e8ques de Santa Monica\" title=\"\">\n                            <\/div>\n                            <div class=\"blog-feed__card-title\">Chroniques c\u00f4ti\u00e8res : L'histoire des biblioth\u00e8ques de Santa Monica<\/div>\n                        <\/a>\n                    <\/li>\n                                                                <li class=\"blog-feed__item\">\n                        <a href=\"https:\/\/www.santamonica.com\/fr\/things-to-do\/sweets-for-your-sweet-desserts-to-celebrate-valentines-day\/\" class=\"blog-feed__item-link\">\n                            <div class=\"blog-feed__image-ratio\">\n                                <img decoding=\"async\" class=\"blog-feed__image\" src=\"https:\/\/www.santamonica.com\/wp-content\/uploads\/2024\/01\/Couple-Drinking-600x564-2-400x400.jpg\" alt=\"Des sucreries pour votre douce : Desserts pour c\u00e9l\u00e9brer la Saint-Valentin\" title=\"\">\n                            <\/div>\n                            <div class=\"blog-feed__card-title\">Des sucreries pour votre douce : Desserts pour c\u00e9l\u00e9brer la Saint-Valentin<\/div>\n                        <\/a>\n                    <\/li>\n                                                                <li class=\"blog-feed__item\">\n                        <a href=\"https:\/\/www.santamonica.com\/fr\/restaurants\/santa-monica-coffee-shops\/\" class=\"blog-feed__item-link\">\n                            <div class=\"blog-feed__image-ratio\">\n                                <img decoding=\"async\" class=\"blog-feed__image\" src=\"https:\/\/www.santamonica.com\/wp-content\/uploads\/2023\/10\/best-santa-monica-coffee-shops-400x400.jpg\" alt=\"11 meilleurs caf\u00e9s et salons de th\u00e9 de Santa Monica\" title=\"\">\n                            <\/div>\n                            <div class=\"blog-feed__card-title\">11 meilleurs caf\u00e9s et salons de th\u00e9 de Santa Monica<\/div>\n                        <\/a>\n                    <\/li>\n                                    <\/ul>\n    <\/div>\n<\/section>","protected":false},"excerpt":{"rendered":"<p>No trip to Santa Monica is complete without stopping by at some of these local wine bars and happy hours.The beach-side city of Santa Monica has built a reputation for [&hellip;]<\/p>\n","protected":false},"author":1450,"featured_media":365024,"parent":0,"menu_order":0,"comment_status":"closed","ping_status":"closed","template":"template-editorial.php","meta":{"_acf_changed":false,"inline_featured_image":false,"footnotes":""},"silos":[3931,3895],"class_list":["post-365000","page","type-page","status-publish","has-post-thumbnail","hentry"],"acf":[],"_links":{"self":[{"href":"https:\/\/www.santamonica.com\/fr\/wp-json\/wp\/v2\/pages\/365000","targetHints":{"allow":["GET"]}}],"collection":[{"href":"https:\/\/www.santamonica.com\/fr\/wp-json\/wp\/v2\/pages"}],"about":[{"href":"https:\/\/www.santamonica.com\/fr\/wp-json\/wp\/v2\/types\/page"}],"author":[{"embeddable":true,"href":"https:\/\/www.santamonica.com\/fr\/wp-json\/wp\/v2\/users\/1450"}],"replies":[{"embeddable":true,"href":"https:\/\/www.santamonica.com\/fr\/wp-json\/wp\/v2\/comments?post=365000"}],"version-history":[{"count":65,"href":"https:\/\/www.santamonica.com\/fr\/wp-json\/wp\/v2\/pages\/365000\/revisions"}],"predecessor-version":[{"id":774973,"href":"https:\/\/www.santamonica.com\/fr\/wp-json\/wp\/v2\/pages\/365000\/revisions\/774973"}],"wp:featuredmedia":[{"embeddable":true,"href":"https:\/\/www.santamonica.com\/fr\/wp-json\/wp\/v2\/media\/365024"}],"wp:attachment":[{"href":"https:\/\/www.santamonica.com\/fr\/wp-json\/wp\/v2\/media?parent=365000"}],"wp:term":[{"taxonomy":"silos","embeddable":true,"href":"https:\/\/www.santamonica.com\/fr\/wp-json\/wp\/v2\/silos?post=365000"}],"curies":[{"name":"wp","href":"https:\/\/api.w.org\/{rel}","templated":true}]}}