{"id":361938,"date":"2022-09-06T11:32:15","date_gmt":"2022-09-06T18:32:15","guid":{"rendered":"https:\/\/www.santamonica.com\/?page_id=361938"},"modified":"2026-01-09T08:00:03","modified_gmt":"2026-01-09T16:00:03","slug":"hotels-afm","status":"publish","type":"page","link":"https:\/\/www.santamonica.com\/fr\/afm-hotels\/","title":{"rendered":"H\u00f4tels AFM"},"content":{"rendered":"<section class=\"stakeholder-feed sm-block js-stk-root sm-block\">\n    <div class=\"stakeholder-feed__top\">\n        <div class=\"stakeholder-feed__intro\">\n                            <h2 class=\"stakeholder-feed__headline\">Service des r\u00e9servations h\u00f4teli\u00e8res<\/h2>                                        <div class=\"stakeholder-feed__intro-body wysiwyg\">\n                    <p>10850 Wilshire Boulevard, 9\u00e8me \u00e9tage<br \/>\nLos Angeles, Californie 90024-4321<br \/>\ntel: 1-310-446-1093<br \/>\nfax : 1-310-446-1600<br \/>\ncourriel :\u00a0<a href=\"mailto:hotels@ifta-online.org\" target=\"_blank\" rel=\"noopener\">hotels@ifta-online.org<\/a><br \/>\nweb :\u00a0<a href=\"http:\/\/www.americanfilmmarket.com\/\" target=\"_blank\" rel=\"noopener\">AmericanFilmMarket.com<\/a><\/p>\n                <\/div>\n                    <\/div>\n        <div class=\"stakeholder-feed__nav-section\">\n                            <h3 class=\"stakeholder-feed__feed-title\">March\u00e9 du film am\u00e9ricain 2023 H\u00f4tels<\/h3>                                        <a href=\"https:\/\/americanfilmmarket.com\/travel-resources\/\" class=\"stakeholder-feed__feed-cta button --primary-teal-button\" target=\"_blank\" rel=\"noopener\">Informations sur les r\u00e9servations<\/a>            \n                        <div class=\"stakeholder-feed__pagination\">\n                <div class=\"swiper-button-prev stakeholder-feed__pagination-prev\"><\/div>\n                <div class=\"swiper-button-next stakeholder-feed__pagination-next\"><\/div>\n            <\/div>\n        <\/div>\n    <\/div>\n    <div class=\"stakeholder-feed__bottom\">\n        <div class=\"stakeholder-feed__feed-list-wrapper swiper js-stk-swiper\">\n            <ul class=\"stakeholder-feed__feed-list swiper-wrapper js-stk-wrapper\">\n                    <li class=\"swiper-slide stakeholder-card --theme3\">\n        <a class=\"stakeholder-card__link\" href=\"https:\/\/www.santamonica.com\/fr\/hotels\/the-ambrose-hotel\/\">\n            <div class=\"stakeholder-card__image\">\n                <img decoding=\"async\" src=\"https:\/\/assets.simpleviewinc.com\/simpleview\/image\/upload\/crm\/santamonica\/Ambrose_Lobby_D7279897-CACA-BE5E-5AD0F5762C639F78-d7279780f6ea078_d727b12f-06c8-c08c-9bae45648c54edd9.jpg\" alt=\"L&#039;h\u00f4tel Ambrose\" title=\"\">\n            <\/div>\n            <div class=\"stakeholder-card__stk-info\">\n                <div class=\"stakeholder-card__stk-name\">L'h\u00f4tel Ambrose<\/div>\n                <div class=\"stakeholder-card__stk-cat\">H\u00e9bergement<\/div>\n            <\/div>\n        <\/a>\n    <\/li>\n        <li class=\"swiper-slide stakeholder-card --theme3\">\n        <a class=\"stakeholder-card__link\" href=\"https:\/\/www.santamonica.com\/fr\/hotels\/courtyard-by-marriott-santa-monica\/\">\n            <div class=\"stakeholder-card__image\">\n                <img decoding=\"async\" src=\"https:\/\/assets.simpleviewinc.com\/simpleview\/image\/upload\/crm\/santamonica\/20170416_LAXMO_Exterior_Dusk0-3d9a3c605056b36_3d9a3dd7-5056-b365-ab8a5b7116a13ff4.jpg\" alt=\"Courtyard by Marriott Santa Monica\" title=\"\">\n            <\/div>\n            <div class=\"stakeholder-card__stk-info\">\n                <div class=\"stakeholder-card__stk-name\">Courtyard by Marriott Santa Monica<\/div>\n                <div class=\"stakeholder-card__stk-cat\">Luxe<\/div>\n            <\/div>\n        <\/a>\n    <\/li>\n        <li class=\"swiper-slide stakeholder-card --theme3\">\n        <a class=\"stakeholder-card__link\" href=\"https:\/\/www.santamonica.com\/fr\/hotels\/fairmont-miramar-hotel-bungalows\/\">\n            <div class=\"stakeholder-card__image\">\n                <img decoding=\"async\" src=\"https:\/\/assets.simpleviewinc.com\/simpleview\/image\/upload\/crm\/santamonica\/FMH2-EXTERIOR-CHRISTIANHORNA-HEROSHOT-40_bf5c09e4-5056-b365-ab72b15d89b3b806.jpg\" alt=\"Fairmont Miramar Hotel &amp; Bungalows\" title=\"\">\n            <\/div>\n            <div class=\"stakeholder-card__stk-info\">\n                <div class=\"stakeholder-card__stk-name\">Fairmont Miramar Hotel &amp; Bungalows<\/div>\n                <div class=\"stakeholder-card__stk-cat\">H\u00f4tel<\/div>\n            <\/div>\n        <\/a>\n    <\/li>\n        <li class=\"swiper-slide stakeholder-card --theme3\">\n        <a class=\"stakeholder-card__link\" href=\"https:\/\/www.santamonica.com\/fr\/hotels\/the-georgian-hotel\/\">\n            <div class=\"stakeholder-card__image\">\n                <img decoding=\"async\" src=\"https:\/\/assets.simpleviewinc.com\/simpleview\/image\/upload\/crm\/santamonica\/Georgian_View-_Primary_E6CD6239-0817-1DBA-BD3F6AE428260169-e6cd504af57e577_e6cd7aab-acb2-d188-bff249b6c0e27919.jpg\" alt=\"L&#039;h\u00f4tel Georgian\" title=\"\">\n            <\/div>\n            <div class=\"stakeholder-card__stk-info\">\n                <div class=\"stakeholder-card__stk-name\">L'h\u00f4tel Georgian<\/div>\n                <div class=\"stakeholder-card__stk-cat\">H\u00e9bergement<\/div>\n            <\/div>\n        <\/a>\n    <\/li>\n        <li class=\"swiper-slide stakeholder-card --theme3\">\n        <a class=\"stakeholder-card__link\" href=\"https:\/\/www.santamonica.com\/fr\/hotels\/hilton-santa-monica-hotel-and-suites\/\">\n            <div class=\"stakeholder-card__image\">\n                <img decoding=\"async\" src=\"https:\/\/assets.simpleviewinc.com\/simpleview\/image\/upload\/crm\/santamonica\/Hilton-Santa-Monica_264-9-_87E1D050-1633-4364-AE65DAE05A64C89E_74783c9e-f0d6-4f2d-87fdaeea9fd9f26e.jpg\" alt=\"Hilton Santa Monica Hotel &amp; Suites\" title=\"\">\n            <\/div>\n            <div class=\"stakeholder-card__stk-info\">\n                <div class=\"stakeholder-card__stk-name\">Hilton Santa Monica Hotel &amp; Suites<\/div>\n                <div class=\"stakeholder-card__stk-cat\">H\u00f4tels avec espace de r\u00e9union<\/div>\n            <\/div>\n        <\/a>\n    <\/li>\n        <li class=\"swiper-slide stakeholder-card --theme3\">\n        <a class=\"stakeholder-card__link\" href=\"https:\/\/www.santamonica.com\/fr\/hotels\/sandbourne-santa-monica\/\">\n            <div class=\"stakeholder-card__image\">\n                <img decoding=\"async\" src=\"https:\/\/assets.simpleviewinc.com\/simpleview\/image\/upload\/crm\/santamonica\/Sandbourne_Room_610_Double_Queen_City_view_B338C7C2-99D3-3CE9-31A128FB99235122-b338747bc60144f_b339996c-d169-798f-1ff04cf5679020e7.jpg\" alt=\"Sandbourne Santa Monica\" title=\"\">\n            <\/div>\n            <div class=\"stakeholder-card__stk-info\">\n                <div class=\"stakeholder-card__stk-name\">Sandbourne Santa Monica<\/div>\n                <div class=\"stakeholder-card__stk-cat\">H\u00f4tel<\/div>\n            <\/div>\n        <\/a>\n    <\/li>\n        <li class=\"swiper-slide stakeholder-card --theme3\">\n        <a class=\"stakeholder-card__link\" href=\"https:\/\/www.santamonica.com\/fr\/hotels\/ocean-view-hotel\/\">\n            <div class=\"stakeholder-card__image\">\n                <img decoding=\"async\" src=\"https:\/\/assets.simpleviewinc.com\/simpleview\/image\/upload\/crm\/santamonica\/Ocean-View-Hotel-Exterior_C36D6BD8-A650-1359-491C5873B49AC708-c36d4cfc0adc81d_c36dd6a2-0729-78c9-09d3a71c6327792d.jpg\" alt=\"H\u00f4tel Ocean View\" title=\"\">\n            <\/div>\n            <div class=\"stakeholder-card__stk-info\">\n                <div class=\"stakeholder-card__stk-name\">H\u00f4tel Ocean View<\/div>\n                <div class=\"stakeholder-card__stk-cat\">\u00c0 un p\u00e2t\u00e9 de maisons de la plage<\/div>\n            <\/div>\n        <\/a>\n    <\/li>\n        <li class=\"swiper-slide stakeholder-card --theme3\">\n        <a class=\"stakeholder-card__link\" href=\"https:\/\/www.santamonica.com\/fr\/?post_type=stakeholder&#038;p=37125\">\n            <div class=\"stakeholder-card__image\">\n                <img decoding=\"async\" src=\"https:\/\/assets.simpleviewinc.com\/simpleview\/image\/upload\/crm\/santamonica\/PaliHouseSM_Living-Dylan-Jeni0_c03e8f69-5056-b365-ab93545a035e0991.jpg\" alt=\"Maison Twenty Seven\" title=\"\">\n            <\/div>\n            <div class=\"stakeholder-card__stk-info\">\n                <div class=\"stakeholder-card__stk-name\">Maison Twenty Seven<\/div>\n                <div class=\"stakeholder-card__stk-cat\">Historique<\/div>\n            <\/div>\n        <\/a>\n    <\/li>\n        <li class=\"swiper-slide stakeholder-card --theme3\">\n        <a class=\"stakeholder-card__link\" href=\"https:\/\/www.santamonica.com\/fr\/hotels\/the-pierside-hotel-santa-monica\/\">\n            <div class=\"stakeholder-card__image\">\n                <img decoding=\"async\" src=\"https:\/\/assets.simpleviewinc.com\/simpleview\/image\/upload\/crm\/santamonica\/Coastal-Suite-copy_E05B1141-C891-8900-08D4FDCB5B281AF7-e05b0762bb1095e_e05b3553-ad19-3d82-71dab9c4e5a5a513.jpg\" alt=\"L&#039;h\u00f4tel Pierside\" title=\"\">\n            <\/div>\n            <div class=\"stakeholder-card__stk-info\">\n                <div class=\"stakeholder-card__stk-name\">L'h\u00f4tel Pierside<\/div>\n                <div class=\"stakeholder-card__stk-cat\">H\u00f4tel<\/div>\n            <\/div>\n        <\/a>\n    <\/li>\n        <li class=\"swiper-slide stakeholder-card --theme3\">\n        <a class=\"stakeholder-card__link\" href=\"https:\/\/www.santamonica.com\/fr\/hotels\/sea-blue-hotel\/\">\n            <div class=\"stakeholder-card__image\">\n                <img decoding=\"async\" src=\"https:\/\/assets.simpleviewinc.com\/simpleview\/image\/upload\/crm\/santamonica\/SeaBlue_Exterior_48_7932BCCD-A062-4CEC-90F5C21E0B6BB06D_8cef8747-9d06-4d3a-82cc63a91c21e735.jpg\" alt=\"H\u00f4tel Sea Blue\" title=\"\">\n            <\/div>\n            <div class=\"stakeholder-card__stk-info\">\n                <div class=\"stakeholder-card__stk-name\">H\u00f4tel Sea Blue<\/div>\n                <div class=\"stakeholder-card__stk-cat\">Boutique<\/div>\n            <\/div>\n        <\/a>\n    <\/li>\n        <li class=\"swiper-slide stakeholder-card --theme3\">\n        <a class=\"stakeholder-card__link\" href=\"https:\/\/www.santamonica.com\/fr\/hotels\/shore-hotel\/\">\n            <div class=\"stakeholder-card__image\">\n                <img decoding=\"async\" src=\"https:\/\/assets.simpleviewinc.com\/simpleview\/image\/upload\/crm\/santamonica\/Shore-Hotel_c03e4672-5056-b365-abb9adcea4348630.jpg\" alt=\"H\u00f4tel Shore\" title=\"\">\n            <\/div>\n            <div class=\"stakeholder-card__stk-info\">\n                <div class=\"stakeholder-card__stk-name\">H\u00f4tel Shore<\/div>\n                <div class=\"stakeholder-card__stk-cat\">H\u00e9bergement<\/div>\n            <\/div>\n        <\/a>\n    <\/li>\n        <li class=\"swiper-slide stakeholder-card --theme3\">\n        <a class=\"stakeholder-card__link\" href=\"https:\/\/www.santamonica.com\/fr\/hotels\/shutters-on-the-beach\/\">\n            <div class=\"stakeholder-card__image\">\n                <img decoding=\"async\" src=\"https:\/\/assets.simpleviewinc.com\/simpleview\/image\/upload\/crm\/santamonica\/2015-05-19-Shutters0166_revisedEXteriorPREFERRED_crop_bf613795-5056-b365-ab938a1743b3a878.jpg\" alt=\"Volets sur la plage\" title=\"\">\n            <\/div>\n            <div class=\"stakeholder-card__stk-info\">\n                <div class=\"stakeholder-card__stk-name\">Volets sur la plage<\/div>\n                <div class=\"stakeholder-card__stk-cat\">H\u00f4tel<\/div>\n            <\/div>\n        <\/a>\n    <\/li>\n        <li class=\"swiper-slide stakeholder-card --theme3\">\n        <a class=\"stakeholder-card__link\" href=\"https:\/\/www.santamonica.com\/fr\/hotels\/viceroy-santa-monica\/\">\n            <div class=\"stakeholder-card__image\">\n                <img decoding=\"async\" src=\"https:\/\/assets.simpleviewinc.com\/simpleview\/image\/upload\/crm\/santamonica\/vsm_pool_deck_day_EC7A9647-CE70-45FF-9B8CC6B6FFDB2E5F_fefae56e-8ad5-4f50-bd740feb178bb13a.jpg\" alt=\"Viceroy Santa Monica\" title=\"\">\n            <\/div>\n            <div class=\"stakeholder-card__stk-info\">\n                <div class=\"stakeholder-card__stk-name\">Viceroy Santa Monica<\/div>\n                <div class=\"stakeholder-card__stk-cat\">\u00c0 un p\u00e2t\u00e9 de maisons de la plage<\/div>\n            <\/div>\n        <\/a>\n    <\/li>\n                <\/ul>\n        <\/div>\n    <\/div>\n<\/section>\n\n\n<section class=\"travel-tips --theme7 sm-block base-block\">\n    <div class=\"travel-tips__inner\">\n        <div class=\"travel-tips__body-col\">\n                            <img decoding=\"async\" src=\"https:\/\/www.santamonica.com\/wp-content\/uploads\/2022\/06\/responsible-badge-1.svg\" alt=\"Voyager de mani\u00e8re responsable \u00e0 Santa Monica\" title=\"\">\n                                        <p class=\"travel-tips__intro\">Voyagez en toute s\u00e9curit\u00e9 et de mani\u00e8re durable pour contribuer \u00e0 pr\u00e9server la beaut\u00e9 de Santa Monica tout en restant en bonne sant\u00e9 gr\u00e2ce \u00e0 ces conseils.<\/p>\n                    <\/div>\n        <div class=\"travel-tips__links-col\">\n                        <div class=\"travel-tips__link-row\">\n                                    <img decoding=\"async\" src=\"https:\/\/www.santamonica.com\/wp-content\/uploads\/2022\/06\/Parking-Information.svg\" alt=\"Stationnement \u00e0 Santa Monica\" title=\"\">\n                                                    <a class=\"travel-tips__link\" href=\"https:\/\/www.santamonica.com\/fr\/le-transport\/stationnement\/\">\n                        Informations sur le stationnement                    <\/a>\n                            <\/div>\n                        <div class=\"travel-tips__link-row\">\n                                    <img decoding=\"async\" src=\"https:\/\/www.santamonica.com\/wp-content\/uploads\/2022\/06\/What-to-Pack.svg\" alt=\"Pr\u00e9parer sa valise pour un voyage \u00e0 Santa Monica\" title=\"\">\n                                                    <a class=\"travel-tips__link\" href=\"https:\/\/www.santamonica.com\/fr\/experience-santa-monica\/ce-quil-faut-emballer\/\">\n                        Ce qu'il faut emporter                    <\/a>\n                            <\/div>\n                        <div class=\"travel-tips__link-row\">\n                                    <img decoding=\"async\" src=\"https:\/\/www.santamonica.com\/wp-content\/uploads\/2022\/06\/Health-and-Safety.svg\" alt=\"Conseils de s\u00e9curit\u00e9 pour les voyages \u00e0 Santa Monica\" title=\"\">\n                                                    <a class=\"travel-tips__link\" href=\"https:\/\/www.santamonica.com\/fr\/experience-santa-monica\/la-securite\/\">\n                        Sant\u00e9 et s\u00e9curit\u00e9                    <\/a>\n                            <\/div>\n                        <div class=\"travel-tips__link-row\">\n                                    <img decoding=\"async\" src=\"https:\/\/www.santamonica.com\/wp-content\/uploads\/2022\/06\/The-Essentials.svg\" alt=\"Les essentiels du voyage \u00e0 Santa Monica\" title=\"\">\n                                                    <a class=\"travel-tips__link\" href=\"https:\/\/www.santamonica.com\/fr\/experience-santa-monica\/essentiels\/\">\n                        L'essentiel                    <\/a>\n                            <\/div>\n                    <\/div>\n\n    <\/div>\n<\/section>","protected":false},"excerpt":{"rendered":"","protected":false},"author":1421,"featured_media":386645,"parent":0,"menu_order":0,"comment_status":"closed","ping_status":"closed","template":"template-editorial.php","meta":{"_acf_changed":false,"inline_featured_image":false,"footnotes":""},"silos":[],"class_list":["post-361938","page","type-page","status-publish","has-post-thumbnail","hentry"],"acf":[],"_links":{"self":[{"href":"https:\/\/www.santamonica.com\/fr\/wp-json\/wp\/v2\/pages\/361938","targetHints":{"allow":["GET"]}}],"collection":[{"href":"https:\/\/www.santamonica.com\/fr\/wp-json\/wp\/v2\/pages"}],"about":[{"href":"https:\/\/www.santamonica.com\/fr\/wp-json\/wp\/v2\/types\/page"}],"author":[{"embeddable":true,"href":"https:\/\/www.santamonica.com\/fr\/wp-json\/wp\/v2\/users\/1421"}],"replies":[{"embeddable":true,"href":"https:\/\/www.santamonica.com\/fr\/wp-json\/wp\/v2\/comments?post=361938"}],"version-history":[{"count":43,"href":"https:\/\/www.santamonica.com\/fr\/wp-json\/wp\/v2\/pages\/361938\/revisions"}],"predecessor-version":[{"id":386668,"href":"https:\/\/www.santamonica.com\/fr\/wp-json\/wp\/v2\/pages\/361938\/revisions\/386668"}],"wp:featuredmedia":[{"embeddable":true,"href":"https:\/\/www.santamonica.com\/fr\/wp-json\/wp\/v2\/media\/386645"}],"wp:attachment":[{"href":"https:\/\/www.santamonica.com\/fr\/wp-json\/wp\/v2\/media?parent=361938"}],"wp:term":[{"taxonomy":"silos","embeddable":true,"href":"https:\/\/www.santamonica.com\/fr\/wp-json\/wp\/v2\/silos?post=361938"}],"curies":[{"name":"wp","href":"https:\/\/api.w.org\/{rel}","templated":true}]}}